{"id":1609923,"date":"2026-04-12T13:21:02","date_gmt":"2026-04-12T11:21:02","guid":{"rendered":"https:\/\/dev6.erresse-shop.it\/shop\/non%20class\u00e9\/mullex-poubelle-x60-m17-basic\/"},"modified":"2025-09-14T06:41:20","modified_gmt":"2025-09-14T04:41:20","slug":"mullex-poubelle-x60-m17-basic","status":"publish","type":"product","link":"https:\/\/dev6.erresse-shop.it\/fr\/shop\/ameublement-maison\/poubelles\/mullex-poubelle-x60-m17-basic\/","title":{"rendered":"MULLEX Poubelle X60 M17 Basic"},"content":{"rendered":"<p>Cette version du syst\u00e8me X-LINE est con\u00e7ue pour ceux qui pr\u00e9f\u00e8rent une solution de collecte des d\u00e9chets avec des sacs de 17 litres.<\/p>\n<p>Le bac principal de 20 litres permet aux c\u00e9libataires, aux petites familles, aux personnes soucieuses de ne pas produire trop de d\u00e9chets et aux entreprises disposant de salles de r\u00e9union d\u2019effectuer une collecte ordonn\u00e9e de plus petits volumes de d\u00e9chets.<\/p>\n<p>De plus, les deux conteneurs suppl\u00e9mentaires de 10 litres peuvent \u00eatre utilis\u00e9s pour stocker des mat\u00e9riaux de recyclage ou des outils de nettoyage. Ce mod\u00e8le est con\u00e7u pour des meubles de 60 cm de large avec une faible hauteur d\u2019installation.<\/p>\n<p>L\u2019ensemble est compl\u00e9t\u00e9 par un tiroir coulissant Basic qui fournit une \u00e9tag\u00e8re suppl\u00e9mentaire au-dessus du conteneur pour la collecte s\u00e9par\u00e9e des d\u00e9chets.<\/p>\n<p>Le produit contient :<\/p>\n<p>Tiroir 60 Basic<br \/>\nConteneur de collecte des d\u00e9chets X55 M17<\/p>\n<p>Dimensions : 36,8 x 56,8 x H. 39,3 cm<\/p>\n<p>Profondeur r\u00e9glable : Gr\u00e2ce au syst\u00e8me de cr\u00e9maill\u00e8re r\u00e9glable, il s\u2019adapte \u00e0 tous les tiroirs d\u2019une profondeur comprise entre 40 et 50 cm<\/p>\n","protected":false},"excerpt":{"rendered":"<p>Cette version du syst\u00e8me X-LINE est con\u00e7ue pour ceux qui pr\u00e9f\u00e8rent une solution de collecte des d\u00e9chets avec des sacs de 17 litres. Le bac principal de 20 litres permet aux c\u00e9libataires, aux petites familles, aux personnes soucieuses de ne pas produire trop de d\u00e9chets et aux entreprises disposant de salles de r\u00e9union d\u2019effectuer une [&hellip;]<\/p>\n","protected":false},"featured_media":6376820,"template":"","meta":{"_acf_changed":false},"product_cat":[11990,12029],"product_tag":[],"class_list":{"0":"post-1609923","1":"product","2":"type-product","3":"status-publish","4":"has-post-thumbnail","6":"product_cat-ameublement-maison","7":"product_cat-poubelles","9":"first","10":"instock","11":"sale","12":"taxable","13":"shipping-taxable","14":"purchasable","15":"product-type-simple","swatches":"rey-swatches","show_selected":"","stretch_labels":"rey-swatches--stretch-labels"},"acf":[],"yoast_head":"<!-- This site is optimized with the Yoast SEO plugin v25.4 - https:\/\/yoast.com\/wordpress\/plugins\/seo\/ -->\n<title>MULLEX Poubelle X60 M17 Basic - dev6 Erresse<\/title>\n<meta name=\"description\" content=\"Cette version du syst\u00e8me X-LINE est con\u00e7ue pour ceux qui pr\u00e9f\u00e8rent une solution de collecte des d\u00e9chets avec des sacs de 17 litres. Le bac principal de 20\" \/>\n<meta name=\"robots\" content=\"noindex, follow, max-snippet:-1, max-image-preview:large, max-video-preview:-1\" \/>\n<meta property=\"og:locale\" content=\"fr_FR\" \/>\n<meta property=\"og:type\" content=\"article\" \/>\n<meta property=\"og:title\" content=\"MULLEX Poubelle X60 M17 Basic - dev6 Erresse\" \/>\n<meta property=\"og:description\" content=\"Cette version du syst\u00e8me X-LINE est con\u00e7ue pour ceux qui pr\u00e9f\u00e8rent une solution de collecte des d\u00e9chets avec des sacs de 17 litres. Le bac principal de 20\" \/>\n<meta property=\"og:url\" content=\"https:\/\/dev6.erresse-shop.it\/fr\/shop\/ameublement-maison\/poubelles\/mullex-poubelle-x60-m17-basic\/\" \/>\n<meta property=\"og:site_name\" content=\"dev6 Erresse\" \/>\n<meta property=\"og:image\" content=\"https:\/\/interpim.erresse-shop.it\/Import\/Prodotti\/mullex-pattumiera-x60-m17-basic.jpg\" \/><meta property=\"og:image\" content=\"https:\/\/interpim.erresse-shop.it\/Import\/Prodotti\/mullex-pattumiera-x60-m17-basic.jpg\" \/>\n\t<meta property=\"og:image:width\" content=\"1024\" \/>\n\t<meta property=\"og:image:height\" content=\"1024\" \/>\n\t<meta property=\"og:image:type\" content=\"image\/jpeg\" \/>\n<meta name=\"twitter:card\" content=\"summary_large_image\" \/>\n<meta name=\"twitter:image\" content=\"https:\/\/interpim.erresse-shop.it\/Import\/Prodotti\/mullex-pattumiera-x60-m17-basic.jpg\" \/>\n<script type=\"application\/ld+json\" class=\"yoast-schema-graph\">{\"@context\":\"https:\/\/schema.org\",\"@graph\":[{\"@type\":\"WebPage\",\"@id\":\"https:\/\/dev6.erresse-shop.it\/fr\/shop\/ameublement-maison\/poubelles\/mullex-poubelle-x60-m17-basic\/\",\"url\":\"https:\/\/dev6.erresse-shop.it\/fr\/shop\/ameublement-maison\/poubelles\/mullex-poubelle-x60-m17-basic\/\",\"name\":\"MULLEX Poubelle X60 M17 Basic - dev6 Erresse\",\"isPartOf\":{\"@id\":\"https:\/\/dev6.erresse-shop.it\/#website\"},\"primaryImageOfPage\":{\"@id\":\"https:\/\/dev6.erresse-shop.it\/fr\/shop\/ameublement-maison\/poubelles\/mullex-poubelle-x60-m17-basic\/#primaryimage\"},\"image\":{\"@id\":\"https:\/\/dev6.erresse-shop.it\/fr\/shop\/ameublement-maison\/poubelles\/mullex-poubelle-x60-m17-basic\/#primaryimage\"},\"thumbnailUrl\":\"https:\/\/i3.wp.com\/interpim.erresse-shop.it\/Import\/Prodotti\/mullex-pattumiera-x60-m17-basic.jpg?ssl=1\",\"datePublished\":\"2026-04-12T11:21:02+00:00\",\"description\":\"Cette version du syst\u00e8me X-LINE est con\u00e7ue pour ceux qui pr\u00e9f\u00e8rent une solution de collecte des d\u00e9chets avec des sacs de 17 litres. Le bac principal de 20\",\"breadcrumb\":{\"@id\":\"https:\/\/dev6.erresse-shop.it\/fr\/shop\/ameublement-maison\/poubelles\/mullex-poubelle-x60-m17-basic\/#breadcrumb\"},\"inLanguage\":\"fr-FR\",\"potentialAction\":[{\"@type\":\"ReadAction\",\"target\":[\"https:\/\/dev6.erresse-shop.it\/fr\/shop\/ameublement-maison\/poubelles\/mullex-poubelle-x60-m17-basic\/\"]}]},{\"@type\":\"ImageObject\",\"inLanguage\":\"fr-FR\",\"@id\":\"https:\/\/dev6.erresse-shop.it\/fr\/shop\/ameublement-maison\/poubelles\/mullex-poubelle-x60-m17-basic\/#primaryimage\",\"url\":\"https:\/\/i3.wp.com\/interpim.erresse-shop.it\/Import\/Prodotti\/mullex-pattumiera-x60-m17-basic.jpg?ssl=1\",\"contentUrl\":\"https:\/\/i3.wp.com\/interpim.erresse-shop.it\/Import\/Prodotti\/mullex-pattumiera-x60-m17-basic.jpg?ssl=1\"},{\"@type\":\"BreadcrumbList\",\"@id\":\"https:\/\/dev6.erresse-shop.it\/fr\/shop\/ameublement-maison\/poubelles\/mullex-poubelle-x60-m17-basic\/#breadcrumb\",\"itemListElement\":[{\"@type\":\"ListItem\",\"position\":1,\"name\":\"Home\",\"item\":\"https:\/\/dev6.erresse-shop.it\/\"},{\"@type\":\"ListItem\",\"position\":2,\"name\":\"Boutique\",\"item\":\"https:\/\/dev6.erresse-shop.it\/shop\/\"},{\"@type\":\"ListItem\",\"position\":3,\"name\":\"MULLEX Poubelle X60 M17 Basic\"}]},{\"@type\":\"WebSite\",\"@id\":\"https:\/\/dev6.erresse-shop.it\/#website\",\"url\":\"https:\/\/dev6.erresse-shop.it\/\",\"name\":\"Erresse Shop\",\"description\":\"\",\"publisher\":{\"@id\":\"https:\/\/dev6.erresse-shop.it\/#organization\"},\"potentialAction\":[{\"@type\":\"SearchAction\",\"target\":{\"@type\":\"EntryPoint\",\"urlTemplate\":\"https:\/\/dev6.erresse-shop.it\/?s={search_term_string}\"},\"query-input\":{\"@type\":\"PropertyValueSpecification\",\"valueRequired\":true,\"valueName\":\"search_term_string\"}}],\"inLanguage\":\"fr-FR\"},{\"@type\":\"Organization\",\"@id\":\"https:\/\/dev6.erresse-shop.it\/#organization\",\"name\":\"Erresse Shop\",\"url\":\"https:\/\/dev6.erresse-shop.it\/\",\"logo\":{\"@type\":\"ImageObject\",\"inLanguage\":\"fr-FR\",\"@id\":\"https:\/\/dev6.erresse-shop.it\/#\/schema\/logo\/image\/\",\"url\":\"https:\/\/dev6.erresse-shop.it\/wp-content\/uploads\/2025\/01\/LOGO-ERRESSE-CLASSICO.svg\",\"contentUrl\":\"https:\/\/dev6.erresse-shop.it\/wp-content\/uploads\/2025\/01\/LOGO-ERRESSE-CLASSICO.svg\",\"caption\":\"Erresse Shop\"},\"image\":{\"@id\":\"https:\/\/dev6.erresse-shop.it\/#\/schema\/logo\/image\/\"}}]}<\/script>\n<!-- \/ Yoast SEO plugin. -->","yoast_head_json":{"title":"MULLEX Poubelle X60 M17 Basic - dev6 Erresse","description":"Cette version du syst\u00e8me X-LINE est con\u00e7ue pour ceux qui pr\u00e9f\u00e8rent une solution de collecte des d\u00e9chets avec des sacs de 17 litres. Le bac principal de 20","robots":{"index":"noindex","follow":"follow","max-snippet":"max-snippet:-1","max-image-preview":"max-image-preview:large","max-video-preview":"max-video-preview:-1"},"og_locale":"fr_FR","og_type":"article","og_title":"MULLEX Poubelle X60 M17 Basic - dev6 Erresse","og_description":"Cette version du syst\u00e8me X-LINE est con\u00e7ue pour ceux qui pr\u00e9f\u00e8rent une solution de collecte des d\u00e9chets avec des sacs de 17 litres. Le bac principal de 20","og_url":"https:\/\/dev6.erresse-shop.it\/fr\/shop\/ameublement-maison\/poubelles\/mullex-poubelle-x60-m17-basic\/","og_site_name":"dev6 Erresse","og_image":[{"url":"https:\/\/interpim.erresse-shop.it\/Import\/Prodotti\/mullex-pattumiera-x60-m17-basic.jpg","type":"","width":"","height":""},{"url":"https:\/\/interpim.erresse-shop.it\/Import\/Prodotti\/mullex-pattumiera-x60-m17-basic.jpg","width":1024,"height":1024,"type":"image\/jpeg"}],"twitter_card":"summary_large_image","twitter_image":"https:\/\/interpim.erresse-shop.it\/Import\/Prodotti\/mullex-pattumiera-x60-m17-basic.jpg","schema":{"@context":"https:\/\/schema.org","@graph":[{"@type":"WebPage","@id":"https:\/\/dev6.erresse-shop.it\/fr\/shop\/ameublement-maison\/poubelles\/mullex-poubelle-x60-m17-basic\/","url":"https:\/\/dev6.erresse-shop.it\/fr\/shop\/ameublement-maison\/poubelles\/mullex-poubelle-x60-m17-basic\/","name":"MULLEX Poubelle X60 M17 Basic - dev6 Erresse","isPartOf":{"@id":"https:\/\/dev6.erresse-shop.it\/#website"},"primaryImageOfPage":{"@id":"https:\/\/dev6.erresse-shop.it\/fr\/shop\/ameublement-maison\/poubelles\/mullex-poubelle-x60-m17-basic\/#primaryimage"},"image":{"@id":"https:\/\/dev6.erresse-shop.it\/fr\/shop\/ameublement-maison\/poubelles\/mullex-poubelle-x60-m17-basic\/#primaryimage"},"thumbnailUrl":"https:\/\/i3.wp.com\/interpim.erresse-shop.it\/Import\/Prodotti\/mullex-pattumiera-x60-m17-basic.jpg?ssl=1","datePublished":"2026-04-12T11:21:02+00:00","description":"Cette version du syst\u00e8me X-LINE est con\u00e7ue pour ceux qui pr\u00e9f\u00e8rent une solution de collecte des d\u00e9chets avec des sacs de 17 litres. Le bac principal de 20","breadcrumb":{"@id":"https:\/\/dev6.erresse-shop.it\/fr\/shop\/ameublement-maison\/poubelles\/mullex-poubelle-x60-m17-basic\/#breadcrumb"},"inLanguage":"fr-FR","potentialAction":[{"@type":"ReadAction","target":["https:\/\/dev6.erresse-shop.it\/fr\/shop\/ameublement-maison\/poubelles\/mullex-poubelle-x60-m17-basic\/"]}]},{"@type":"ImageObject","inLanguage":"fr-FR","@id":"https:\/\/dev6.erresse-shop.it\/fr\/shop\/ameublement-maison\/poubelles\/mullex-poubelle-x60-m17-basic\/#primaryimage","url":"https:\/\/i3.wp.com\/interpim.erresse-shop.it\/Import\/Prodotti\/mullex-pattumiera-x60-m17-basic.jpg?ssl=1","contentUrl":"https:\/\/i3.wp.com\/interpim.erresse-shop.it\/Import\/Prodotti\/mullex-pattumiera-x60-m17-basic.jpg?ssl=1"},{"@type":"BreadcrumbList","@id":"https:\/\/dev6.erresse-shop.it\/fr\/shop\/ameublement-maison\/poubelles\/mullex-poubelle-x60-m17-basic\/#breadcrumb","itemListElement":[{"@type":"ListItem","position":1,"name":"Home","item":"https:\/\/dev6.erresse-shop.it\/"},{"@type":"ListItem","position":2,"name":"Boutique","item":"https:\/\/dev6.erresse-shop.it\/shop\/"},{"@type":"ListItem","position":3,"name":"MULLEX Poubelle X60 M17 Basic"}]},{"@type":"WebSite","@id":"https:\/\/dev6.erresse-shop.it\/#website","url":"https:\/\/dev6.erresse-shop.it\/","name":"Erresse Shop","description":"","publisher":{"@id":"https:\/\/dev6.erresse-shop.it\/#organization"},"potentialAction":[{"@type":"SearchAction","target":{"@type":"EntryPoint","urlTemplate":"https:\/\/dev6.erresse-shop.it\/?s={search_term_string}"},"query-input":{"@type":"PropertyValueSpecification","valueRequired":true,"valueName":"search_term_string"}}],"inLanguage":"fr-FR"},{"@type":"Organization","@id":"https:\/\/dev6.erresse-shop.it\/#organization","name":"Erresse Shop","url":"https:\/\/dev6.erresse-shop.it\/","logo":{"@type":"ImageObject","inLanguage":"fr-FR","@id":"https:\/\/dev6.erresse-shop.it\/#\/schema\/logo\/image\/","url":"https:\/\/dev6.erresse-shop.it\/wp-content\/uploads\/2025\/01\/LOGO-ERRESSE-CLASSICO.svg","contentUrl":"https:\/\/dev6.erresse-shop.it\/wp-content\/uploads\/2025\/01\/LOGO-ERRESSE-CLASSICO.svg","caption":"Erresse Shop"},"image":{"@id":"https:\/\/dev6.erresse-shop.it\/#\/schema\/logo\/image\/"}}]}},"df_price":249,"df_sale_price":249,"df_regular_price":259,"df_image_link":"https:\/\/i3.wp.com\/interpim.erresse-shop.it\/Import\/Prodotti\/mullex-pattumiera-x60-m17-basic.jpg?resize=300,300&ssl=1","fifu_image_url":"https:\/\/interpim.erresse-shop.it\/Import\/Prodotti\/mullex-pattumiera-x60-m17-basic.jpg","_links":{"self":[{"href":"https:\/\/dev6.erresse-shop.it\/fr\/wp-json\/wp\/v2\/product\/1609923","targetHints":{"allow":["GET"]}}],"collection":[{"href":"https:\/\/dev6.erresse-shop.it\/fr\/wp-json\/wp\/v2\/product"}],"about":[{"href":"https:\/\/dev6.erresse-shop.it\/fr\/wp-json\/wp\/v2\/types\/product"}],"wp:featuredmedia":[{"embeddable":true,"href":"https:\/\/dev6.erresse-shop.it\/fr\/wp-json\/wp\/v2\/media\/6376820"}],"wp:attachment":[{"href":"https:\/\/dev6.erresse-shop.it\/fr\/wp-json\/wp\/v2\/media?parent=1609923"}],"wp:term":[{"taxonomy":"product_cat","embeddable":true,"href":"https:\/\/dev6.erresse-shop.it\/fr\/wp-json\/wp\/v2\/product_cat?post=1609923"},{"taxonomy":"product_tag","embeddable":true,"href":"https:\/\/dev6.erresse-shop.it\/fr\/wp-json\/wp\/v2\/product_tag?post=1609923"}],"curies":[{"name":"wp","href":"https:\/\/api.w.org\/{rel}","templated":true}]}}