{"id":1609917,"date":"2026-04-12T13:21:02","date_gmt":"2026-04-12T11:21:02","guid":{"rendered":"https:\/\/dev6.erresse-shop.it\/shop\/non%20class\u00e9\/mullex-poubelle-x80-l6-basic\/"},"modified":"2025-09-14T06:41:02","modified_gmt":"2025-09-14T04:41:02","slug":"mullex-poubelle-x80-l6-basic","status":"publish","type":"product","link":"https:\/\/dev6.erresse-shop.it\/fr\/shop\/ameublement-maison\/poubelles\/mullex-poubelle-x80-l6-basic\/","title":{"rendered":"MULLEX Poubelle X80 L6 Basic"},"content":{"rendered":"<p>Pour les grands \u00e9l\u00e9ments de cuisine d\u2019une largeur de 80 cm, le syst\u00e8me de collecte des d\u00e9chets X80 L6 Basic assure l\u2019ordre dans l\u2019\u00e9l\u00e9ment de cuisine bas. Le conteneur de 40 litres est compl\u00e9t\u00e9 par cinq conteneurs suppl\u00e9mentaires.<\/p>\n<p>Gr\u00e2ce \u00e0 son volume allant jusqu\u2019\u00e0 18 litres, il convient aux d\u00e9chets organiques et aux petits mat\u00e9riaux recyclables, ainsi qu\u2019au stockage des ustensiles de cuisine. Pour plus de stabilit\u00e9, ce mod\u00e8le plus grand poss\u00e8de un couvercle en acier qui sert de couvercle aux contenants.<\/p>\n<p>Le produit contient :<\/p>\n<p>80 Couvercle de base<br \/>\nConteneur de collecte des d\u00e9chets X80 L6<br \/>\nS\u00e9parateur X<\/p>\n<p>S\u00e9parateur en X : peut \u00eatre utilis\u00e9 pour diviser le conteneur principal afin de pouvoir verrouiller ensemble deux sacs \u00e0 d\u00e9chets de 17 litres.<\/p>\n<p>Dimensions : 36,8 x 76,8 x H. 43,5 cm<\/p>\n<p>Profondeur r\u00e9glable : Gr\u00e2ce au syst\u00e8me de cr\u00e9maill\u00e8re r\u00e9glable, il s\u2019adapte \u00e0 tous les tiroirs d\u2019une profondeur comprise entre 40 et 50 cm<\/p>\n","protected":false},"excerpt":{"rendered":"<p>Pour les grands \u00e9l\u00e9ments de cuisine d\u2019une largeur de 80 cm, le syst\u00e8me de collecte des d\u00e9chets X80 L6 Basic assure l\u2019ordre dans l\u2019\u00e9l\u00e9ment de cuisine bas. Le conteneur de 40 litres est compl\u00e9t\u00e9 par cinq conteneurs suppl\u00e9mentaires. Gr\u00e2ce \u00e0 son volume allant jusqu\u2019\u00e0 18 litres, il convient aux d\u00e9chets organiques et aux petits mat\u00e9riaux [&hellip;]<\/p>\n","protected":false},"featured_media":6376790,"template":"","meta":{"_acf_changed":false},"product_cat":[11990,12029],"product_tag":[],"class_list":{"0":"post-1609917","1":"product","2":"type-product","3":"status-publish","4":"has-post-thumbnail","6":"product_cat-ameublement-maison","7":"product_cat-poubelles","9":"first","10":"instock","11":"sale","12":"taxable","13":"shipping-taxable","14":"purchasable","15":"product-type-simple","swatches":"rey-swatches","show_selected":"","stretch_labels":"rey-swatches--stretch-labels"},"acf":[],"yoast_head":"<!-- This site is optimized with the Yoast SEO plugin v25.4 - https:\/\/yoast.com\/wordpress\/plugins\/seo\/ -->\n<title>MULLEX Poubelle X80 L6 Basic - dev6 Erresse<\/title>\n<meta name=\"description\" content=\"Pour les grands \u00e9l\u00e9ments de cuisine d\u2019une largeur de 80 cm, le syst\u00e8me de collecte des d\u00e9chets X80 L6 Basic assure l\u2019ordre dans l\u2019\u00e9l\u00e9ment de cuisine bas.\" \/>\n<meta name=\"robots\" content=\"noindex, follow, max-snippet:-1, max-image-preview:large, max-video-preview:-1\" \/>\n<meta property=\"og:locale\" content=\"fr_FR\" \/>\n<meta property=\"og:type\" content=\"article\" \/>\n<meta property=\"og:title\" content=\"MULLEX Poubelle X80 L6 Basic - dev6 Erresse\" \/>\n<meta property=\"og:description\" content=\"Pour les grands \u00e9l\u00e9ments de cuisine d\u2019une largeur de 80 cm, le syst\u00e8me de collecte des d\u00e9chets X80 L6 Basic assure l\u2019ordre dans l\u2019\u00e9l\u00e9ment de cuisine bas.\" \/>\n<meta property=\"og:url\" content=\"https:\/\/dev6.erresse-shop.it\/fr\/shop\/ameublement-maison\/poubelles\/mullex-poubelle-x80-l6-basic\/\" \/>\n<meta property=\"og:site_name\" content=\"dev6 Erresse\" \/>\n<meta property=\"og:image\" content=\"https:\/\/interpim.erresse-shop.it\/Import\/Prodotti\/mullex-pattumiera-x80-l6-basic.jpg\" \/><meta property=\"og:image\" content=\"https:\/\/interpim.erresse-shop.it\/Import\/Prodotti\/mullex-pattumiera-x80-l6-basic.jpg\" \/>\n\t<meta property=\"og:image:width\" content=\"1024\" \/>\n\t<meta property=\"og:image:height\" content=\"1024\" \/>\n\t<meta property=\"og:image:type\" content=\"image\/jpeg\" \/>\n<meta name=\"twitter:card\" content=\"summary_large_image\" \/>\n<meta name=\"twitter:image\" content=\"https:\/\/interpim.erresse-shop.it\/Import\/Prodotti\/mullex-pattumiera-x80-l6-basic.jpg\" \/>\n<script type=\"application\/ld+json\" class=\"yoast-schema-graph\">{\"@context\":\"https:\/\/schema.org\",\"@graph\":[{\"@type\":\"WebPage\",\"@id\":\"https:\/\/dev6.erresse-shop.it\/fr\/shop\/ameublement-maison\/poubelles\/mullex-poubelle-x80-l6-basic\/\",\"url\":\"https:\/\/dev6.erresse-shop.it\/fr\/shop\/ameublement-maison\/poubelles\/mullex-poubelle-x80-l6-basic\/\",\"name\":\"MULLEX Poubelle X80 L6 Basic - dev6 Erresse\",\"isPartOf\":{\"@id\":\"https:\/\/dev6.erresse-shop.it\/#website\"},\"primaryImageOfPage\":{\"@id\":\"https:\/\/dev6.erresse-shop.it\/fr\/shop\/ameublement-maison\/poubelles\/mullex-poubelle-x80-l6-basic\/#primaryimage\"},\"image\":{\"@id\":\"https:\/\/dev6.erresse-shop.it\/fr\/shop\/ameublement-maison\/poubelles\/mullex-poubelle-x80-l6-basic\/#primaryimage\"},\"thumbnailUrl\":\"https:\/\/i3.wp.com\/interpim.erresse-shop.it\/Import\/Prodotti\/mullex-pattumiera-x80-l6-basic.jpg?ssl=1\",\"datePublished\":\"2026-04-12T11:21:02+00:00\",\"description\":\"Pour les grands \u00e9l\u00e9ments de cuisine d\u2019une largeur de 80 cm, le syst\u00e8me de collecte des d\u00e9chets X80 L6 Basic assure l\u2019ordre dans l\u2019\u00e9l\u00e9ment de cuisine bas.\",\"breadcrumb\":{\"@id\":\"https:\/\/dev6.erresse-shop.it\/fr\/shop\/ameublement-maison\/poubelles\/mullex-poubelle-x80-l6-basic\/#breadcrumb\"},\"inLanguage\":\"fr-FR\",\"potentialAction\":[{\"@type\":\"ReadAction\",\"target\":[\"https:\/\/dev6.erresse-shop.it\/fr\/shop\/ameublement-maison\/poubelles\/mullex-poubelle-x80-l6-basic\/\"]}]},{\"@type\":\"ImageObject\",\"inLanguage\":\"fr-FR\",\"@id\":\"https:\/\/dev6.erresse-shop.it\/fr\/shop\/ameublement-maison\/poubelles\/mullex-poubelle-x80-l6-basic\/#primaryimage\",\"url\":\"https:\/\/i3.wp.com\/interpim.erresse-shop.it\/Import\/Prodotti\/mullex-pattumiera-x80-l6-basic.jpg?ssl=1\",\"contentUrl\":\"https:\/\/i3.wp.com\/interpim.erresse-shop.it\/Import\/Prodotti\/mullex-pattumiera-x80-l6-basic.jpg?ssl=1\"},{\"@type\":\"BreadcrumbList\",\"@id\":\"https:\/\/dev6.erresse-shop.it\/fr\/shop\/ameublement-maison\/poubelles\/mullex-poubelle-x80-l6-basic\/#breadcrumb\",\"itemListElement\":[{\"@type\":\"ListItem\",\"position\":1,\"name\":\"Home\",\"item\":\"https:\/\/dev6.erresse-shop.it\/\"},{\"@type\":\"ListItem\",\"position\":2,\"name\":\"Boutique\",\"item\":\"https:\/\/dev6.erresse-shop.it\/shop\/\"},{\"@type\":\"ListItem\",\"position\":3,\"name\":\"MULLEX Poubelle X80 L6 Basic\"}]},{\"@type\":\"WebSite\",\"@id\":\"https:\/\/dev6.erresse-shop.it\/#website\",\"url\":\"https:\/\/dev6.erresse-shop.it\/\",\"name\":\"Erresse Shop\",\"description\":\"\",\"publisher\":{\"@id\":\"https:\/\/dev6.erresse-shop.it\/#organization\"},\"potentialAction\":[{\"@type\":\"SearchAction\",\"target\":{\"@type\":\"EntryPoint\",\"urlTemplate\":\"https:\/\/dev6.erresse-shop.it\/?s={search_term_string}\"},\"query-input\":{\"@type\":\"PropertyValueSpecification\",\"valueRequired\":true,\"valueName\":\"search_term_string\"}}],\"inLanguage\":\"fr-FR\"},{\"@type\":\"Organization\",\"@id\":\"https:\/\/dev6.erresse-shop.it\/#organization\",\"name\":\"Erresse Shop\",\"url\":\"https:\/\/dev6.erresse-shop.it\/\",\"logo\":{\"@type\":\"ImageObject\",\"inLanguage\":\"fr-FR\",\"@id\":\"https:\/\/dev6.erresse-shop.it\/#\/schema\/logo\/image\/\",\"url\":\"https:\/\/dev6.erresse-shop.it\/wp-content\/uploads\/2025\/01\/LOGO-ERRESSE-CLASSICO.svg\",\"contentUrl\":\"https:\/\/dev6.erresse-shop.it\/wp-content\/uploads\/2025\/01\/LOGO-ERRESSE-CLASSICO.svg\",\"caption\":\"Erresse Shop\"},\"image\":{\"@id\":\"https:\/\/dev6.erresse-shop.it\/#\/schema\/logo\/image\/\"}}]}<\/script>\n<!-- \/ Yoast SEO plugin. -->","yoast_head_json":{"title":"MULLEX Poubelle X80 L6 Basic - dev6 Erresse","description":"Pour les grands \u00e9l\u00e9ments de cuisine d\u2019une largeur de 80 cm, le syst\u00e8me de collecte des d\u00e9chets X80 L6 Basic assure l\u2019ordre dans l\u2019\u00e9l\u00e9ment de cuisine bas.","robots":{"index":"noindex","follow":"follow","max-snippet":"max-snippet:-1","max-image-preview":"max-image-preview:large","max-video-preview":"max-video-preview:-1"},"og_locale":"fr_FR","og_type":"article","og_title":"MULLEX Poubelle X80 L6 Basic - dev6 Erresse","og_description":"Pour les grands \u00e9l\u00e9ments de cuisine d\u2019une largeur de 80 cm, le syst\u00e8me de collecte des d\u00e9chets X80 L6 Basic assure l\u2019ordre dans l\u2019\u00e9l\u00e9ment de cuisine bas.","og_url":"https:\/\/dev6.erresse-shop.it\/fr\/shop\/ameublement-maison\/poubelles\/mullex-poubelle-x80-l6-basic\/","og_site_name":"dev6 Erresse","og_image":[{"url":"https:\/\/interpim.erresse-shop.it\/Import\/Prodotti\/mullex-pattumiera-x80-l6-basic.jpg","type":"","width":"","height":""},{"url":"https:\/\/interpim.erresse-shop.it\/Import\/Prodotti\/mullex-pattumiera-x80-l6-basic.jpg","width":1024,"height":1024,"type":"image\/jpeg"}],"twitter_card":"summary_large_image","twitter_image":"https:\/\/interpim.erresse-shop.it\/Import\/Prodotti\/mullex-pattumiera-x80-l6-basic.jpg","schema":{"@context":"https:\/\/schema.org","@graph":[{"@type":"WebPage","@id":"https:\/\/dev6.erresse-shop.it\/fr\/shop\/ameublement-maison\/poubelles\/mullex-poubelle-x80-l6-basic\/","url":"https:\/\/dev6.erresse-shop.it\/fr\/shop\/ameublement-maison\/poubelles\/mullex-poubelle-x80-l6-basic\/","name":"MULLEX Poubelle X80 L6 Basic - dev6 Erresse","isPartOf":{"@id":"https:\/\/dev6.erresse-shop.it\/#website"},"primaryImageOfPage":{"@id":"https:\/\/dev6.erresse-shop.it\/fr\/shop\/ameublement-maison\/poubelles\/mullex-poubelle-x80-l6-basic\/#primaryimage"},"image":{"@id":"https:\/\/dev6.erresse-shop.it\/fr\/shop\/ameublement-maison\/poubelles\/mullex-poubelle-x80-l6-basic\/#primaryimage"},"thumbnailUrl":"https:\/\/i3.wp.com\/interpim.erresse-shop.it\/Import\/Prodotti\/mullex-pattumiera-x80-l6-basic.jpg?ssl=1","datePublished":"2026-04-12T11:21:02+00:00","description":"Pour les grands \u00e9l\u00e9ments de cuisine d\u2019une largeur de 80 cm, le syst\u00e8me de collecte des d\u00e9chets X80 L6 Basic assure l\u2019ordre dans l\u2019\u00e9l\u00e9ment de cuisine bas.","breadcrumb":{"@id":"https:\/\/dev6.erresse-shop.it\/fr\/shop\/ameublement-maison\/poubelles\/mullex-poubelle-x80-l6-basic\/#breadcrumb"},"inLanguage":"fr-FR","potentialAction":[{"@type":"ReadAction","target":["https:\/\/dev6.erresse-shop.it\/fr\/shop\/ameublement-maison\/poubelles\/mullex-poubelle-x80-l6-basic\/"]}]},{"@type":"ImageObject","inLanguage":"fr-FR","@id":"https:\/\/dev6.erresse-shop.it\/fr\/shop\/ameublement-maison\/poubelles\/mullex-poubelle-x80-l6-basic\/#primaryimage","url":"https:\/\/i3.wp.com\/interpim.erresse-shop.it\/Import\/Prodotti\/mullex-pattumiera-x80-l6-basic.jpg?ssl=1","contentUrl":"https:\/\/i3.wp.com\/interpim.erresse-shop.it\/Import\/Prodotti\/mullex-pattumiera-x80-l6-basic.jpg?ssl=1"},{"@type":"BreadcrumbList","@id":"https:\/\/dev6.erresse-shop.it\/fr\/shop\/ameublement-maison\/poubelles\/mullex-poubelle-x80-l6-basic\/#breadcrumb","itemListElement":[{"@type":"ListItem","position":1,"name":"Home","item":"https:\/\/dev6.erresse-shop.it\/"},{"@type":"ListItem","position":2,"name":"Boutique","item":"https:\/\/dev6.erresse-shop.it\/shop\/"},{"@type":"ListItem","position":3,"name":"MULLEX Poubelle X80 L6 Basic"}]},{"@type":"WebSite","@id":"https:\/\/dev6.erresse-shop.it\/#website","url":"https:\/\/dev6.erresse-shop.it\/","name":"Erresse Shop","description":"","publisher":{"@id":"https:\/\/dev6.erresse-shop.it\/#organization"},"potentialAction":[{"@type":"SearchAction","target":{"@type":"EntryPoint","urlTemplate":"https:\/\/dev6.erresse-shop.it\/?s={search_term_string}"},"query-input":{"@type":"PropertyValueSpecification","valueRequired":true,"valueName":"search_term_string"}}],"inLanguage":"fr-FR"},{"@type":"Organization","@id":"https:\/\/dev6.erresse-shop.it\/#organization","name":"Erresse Shop","url":"https:\/\/dev6.erresse-shop.it\/","logo":{"@type":"ImageObject","inLanguage":"fr-FR","@id":"https:\/\/dev6.erresse-shop.it\/#\/schema\/logo\/image\/","url":"https:\/\/dev6.erresse-shop.it\/wp-content\/uploads\/2025\/01\/LOGO-ERRESSE-CLASSICO.svg","contentUrl":"https:\/\/dev6.erresse-shop.it\/wp-content\/uploads\/2025\/01\/LOGO-ERRESSE-CLASSICO.svg","caption":"Erresse Shop"},"image":{"@id":"https:\/\/dev6.erresse-shop.it\/#\/schema\/logo\/image\/"}}]}},"df_price":359,"df_sale_price":359,"df_regular_price":409,"df_image_link":"https:\/\/i3.wp.com\/interpim.erresse-shop.it\/Import\/Prodotti\/mullex-pattumiera-x80-l6-basic.jpg?resize=300,300&ssl=1","fifu_image_url":"https:\/\/interpim.erresse-shop.it\/Import\/Prodotti\/mullex-pattumiera-x80-l6-basic.jpg","_links":{"self":[{"href":"https:\/\/dev6.erresse-shop.it\/fr\/wp-json\/wp\/v2\/product\/1609917","targetHints":{"allow":["GET"]}}],"collection":[{"href":"https:\/\/dev6.erresse-shop.it\/fr\/wp-json\/wp\/v2\/product"}],"about":[{"href":"https:\/\/dev6.erresse-shop.it\/fr\/wp-json\/wp\/v2\/types\/product"}],"wp:featuredmedia":[{"embeddable":true,"href":"https:\/\/dev6.erresse-shop.it\/fr\/wp-json\/wp\/v2\/media\/6376790"}],"wp:attachment":[{"href":"https:\/\/dev6.erresse-shop.it\/fr\/wp-json\/wp\/v2\/media?parent=1609917"}],"wp:term":[{"taxonomy":"product_cat","embeddable":true,"href":"https:\/\/dev6.erresse-shop.it\/fr\/wp-json\/wp\/v2\/product_cat?post=1609917"},{"taxonomy":"product_tag","embeddable":true,"href":"https:\/\/dev6.erresse-shop.it\/fr\/wp-json\/wp\/v2\/product_tag?post=1609917"}],"curies":[{"name":"wp","href":"https:\/\/api.w.org\/{rel}","templated":true}]}}