{"id":1609907,"date":"2026-04-12T13:21:02","date_gmt":"2026-04-12T11:21:02","guid":{"rendered":"https:\/\/dev6.erresse-shop.it\/shop\/non%20class\u00e9\/seletti-fauteuil-botanical-diva-noir\/"},"modified":"2025-07-04T19:40:59","modified_gmt":"2025-07-04T17:40:59","slug":"seletti-fauteuil-botanical-diva-noir","status":"publish","type":"product","link":"https:\/\/dev6.erresse-shop.it\/fr\/shop\/ameublement-maison\/chaises-et-fauteuils\/seletti-fauteuil-botanical-diva-noir\/","title":{"rendered":"SELETTI Fauteuil Botanical Diva Noir"},"content":{"rendered":"<p>Un c\u00e2lin fleuri. Botanical Diva est la nouvelle s\u00e9rie de meubles rembourr\u00e9s, con\u00e7ue par Marcantonio. Le canap\u00e9 et le fauteuil, aux lignes sensuelles et confortables, sont recouverts d\u2019un motif floral et ironique, qui m\u00e9lange le go\u00fbt des ann\u00e9es 50 avec une touche de frivolit\u00e9.<\/p>\n<p>Fauteuil<\/p>\n<p>Conception : Marcantonio<\/p>\n<p>Mat\u00e9riau\u00a0: tissu en polyester et cadre en bois, polyur\u00e9thane<\/p>\n<p>Dimensions : cm. 98 x 86 h. 84<\/p>\n","protected":false},"excerpt":{"rendered":"<p>Un c\u00e2lin fleuri. Botanical Diva est la nouvelle s\u00e9rie de meubles rembourr\u00e9s, con\u00e7ue par Marcantonio. Le canap\u00e9 et le fauteuil, aux lignes sensuelles et confortables, sont recouverts d\u2019un motif floral et ironique, qui m\u00e9lange le go\u00fbt des ann\u00e9es 50 avec une touche de frivolit\u00e9. Fauteuil Conception : Marcantonio Mat\u00e9riau\u00a0: tissu en polyester et cadre en [&hellip;]<\/p>\n","protected":false},"featured_media":6376754,"template":"","meta":{"_acf_changed":false},"product_cat":[11990,12026],"product_tag":[],"class_list":{"0":"post-1609907","1":"product","2":"type-product","3":"status-publish","4":"has-post-thumbnail","6":"product_cat-ameublement-maison","7":"product_cat-chaises-et-fauteuils","9":"first","10":"instock","11":"taxable","12":"shipping-taxable","13":"product-type-simple","swatches":"rey-swatches","show_selected":"","stretch_labels":"rey-swatches--stretch-labels"},"acf":[],"yoast_head":"<!-- This site is optimized with the Yoast SEO plugin v25.4 - https:\/\/yoast.com\/wordpress\/plugins\/seo\/ -->\n<title>SELETTI Fauteuil Botanical Diva Noir - dev6 Erresse<\/title>\n<meta name=\"description\" content=\"Un c\u00e2lin fleuri. Botanical Diva est la nouvelle s\u00e9rie de meubles rembourr\u00e9s, con\u00e7ue par Marcantonio. Le canap\u00e9 et le fauteuil, aux lignes sensuelles et\" \/>\n<meta name=\"robots\" content=\"noindex, follow, max-snippet:-1, max-image-preview:large, max-video-preview:-1\" \/>\n<meta property=\"og:locale\" content=\"fr_FR\" \/>\n<meta property=\"og:type\" content=\"article\" \/>\n<meta property=\"og:title\" content=\"SELETTI Fauteuil Botanical Diva Noir - dev6 Erresse\" \/>\n<meta property=\"og:description\" content=\"Un c\u00e2lin fleuri. Botanical Diva est la nouvelle s\u00e9rie de meubles rembourr\u00e9s, con\u00e7ue par Marcantonio. Le canap\u00e9 et le fauteuil, aux lignes sensuelles et\" \/>\n<meta property=\"og:url\" content=\"https:\/\/dev6.erresse-shop.it\/fr\/shop\/ameublement-maison\/chaises-et-fauteuils\/seletti-fauteuil-botanical-diva-noir\/\" \/>\n<meta property=\"og:site_name\" content=\"dev6 Erresse\" \/>\n<meta property=\"og:image\" content=\"https:\/\/interpim.erresse-shop.it\/Import\/Prodotti\/seletti-poltrona-botanica-diva-nera.jpg\" \/><meta property=\"og:image\" content=\"https:\/\/interpim.erresse-shop.it\/Import\/Prodotti\/seletti-poltrona-botanica-diva-nera.jpg\" \/>\n\t<meta property=\"og:image:width\" content=\"1024\" \/>\n\t<meta property=\"og:image:height\" content=\"1024\" \/>\n\t<meta property=\"og:image:type\" content=\"image\/jpeg\" \/>\n<meta name=\"twitter:card\" content=\"summary_large_image\" \/>\n<meta name=\"twitter:image\" content=\"https:\/\/interpim.erresse-shop.it\/Import\/Prodotti\/seletti-poltrona-botanica-diva-nera.jpg\" \/>\n<script type=\"application\/ld+json\" class=\"yoast-schema-graph\">{\"@context\":\"https:\/\/schema.org\",\"@graph\":[{\"@type\":\"WebPage\",\"@id\":\"https:\/\/dev6.erresse-shop.it\/fr\/shop\/ameublement-maison\/chaises-et-fauteuils\/seletti-fauteuil-botanical-diva-noir\/\",\"url\":\"https:\/\/dev6.erresse-shop.it\/fr\/shop\/ameublement-maison\/chaises-et-fauteuils\/seletti-fauteuil-botanical-diva-noir\/\",\"name\":\"SELETTI Fauteuil Botanical Diva Noir - dev6 Erresse\",\"isPartOf\":{\"@id\":\"https:\/\/dev6.erresse-shop.it\/#website\"},\"primaryImageOfPage\":{\"@id\":\"https:\/\/dev6.erresse-shop.it\/fr\/shop\/ameublement-maison\/chaises-et-fauteuils\/seletti-fauteuil-botanical-diva-noir\/#primaryimage\"},\"image\":{\"@id\":\"https:\/\/dev6.erresse-shop.it\/fr\/shop\/ameublement-maison\/chaises-et-fauteuils\/seletti-fauteuil-botanical-diva-noir\/#primaryimage\"},\"thumbnailUrl\":\"https:\/\/i1.wp.com\/interpim.erresse-shop.it\/Import\/Prodotti\/seletti-poltrona-botanica-diva-nera.jpg?ssl=1\",\"datePublished\":\"2026-04-12T11:21:02+00:00\",\"description\":\"Un c\u00e2lin fleuri. Botanical Diva est la nouvelle s\u00e9rie de meubles rembourr\u00e9s, con\u00e7ue par Marcantonio. Le canap\u00e9 et le fauteuil, aux lignes sensuelles et\",\"breadcrumb\":{\"@id\":\"https:\/\/dev6.erresse-shop.it\/fr\/shop\/ameublement-maison\/chaises-et-fauteuils\/seletti-fauteuil-botanical-diva-noir\/#breadcrumb\"},\"inLanguage\":\"fr-FR\",\"potentialAction\":[{\"@type\":\"ReadAction\",\"target\":[\"https:\/\/dev6.erresse-shop.it\/fr\/shop\/ameublement-maison\/chaises-et-fauteuils\/seletti-fauteuil-botanical-diva-noir\/\"]}]},{\"@type\":\"ImageObject\",\"inLanguage\":\"fr-FR\",\"@id\":\"https:\/\/dev6.erresse-shop.it\/fr\/shop\/ameublement-maison\/chaises-et-fauteuils\/seletti-fauteuil-botanical-diva-noir\/#primaryimage\",\"url\":\"https:\/\/i1.wp.com\/interpim.erresse-shop.it\/Import\/Prodotti\/seletti-poltrona-botanica-diva-nera.jpg?ssl=1\",\"contentUrl\":\"https:\/\/i1.wp.com\/interpim.erresse-shop.it\/Import\/Prodotti\/seletti-poltrona-botanica-diva-nera.jpg?ssl=1\"},{\"@type\":\"BreadcrumbList\",\"@id\":\"https:\/\/dev6.erresse-shop.it\/fr\/shop\/ameublement-maison\/chaises-et-fauteuils\/seletti-fauteuil-botanical-diva-noir\/#breadcrumb\",\"itemListElement\":[{\"@type\":\"ListItem\",\"position\":1,\"name\":\"Home\",\"item\":\"https:\/\/dev6.erresse-shop.it\/\"},{\"@type\":\"ListItem\",\"position\":2,\"name\":\"Boutique\",\"item\":\"https:\/\/dev6.erresse-shop.it\/shop\/\"},{\"@type\":\"ListItem\",\"position\":3,\"name\":\"SELETTI Fauteuil Botanical Diva Noir\"}]},{\"@type\":\"WebSite\",\"@id\":\"https:\/\/dev6.erresse-shop.it\/#website\",\"url\":\"https:\/\/dev6.erresse-shop.it\/\",\"name\":\"Erresse Shop\",\"description\":\"\",\"publisher\":{\"@id\":\"https:\/\/dev6.erresse-shop.it\/#organization\"},\"potentialAction\":[{\"@type\":\"SearchAction\",\"target\":{\"@type\":\"EntryPoint\",\"urlTemplate\":\"https:\/\/dev6.erresse-shop.it\/?s={search_term_string}\"},\"query-input\":{\"@type\":\"PropertyValueSpecification\",\"valueRequired\":true,\"valueName\":\"search_term_string\"}}],\"inLanguage\":\"fr-FR\"},{\"@type\":\"Organization\",\"@id\":\"https:\/\/dev6.erresse-shop.it\/#organization\",\"name\":\"Erresse Shop\",\"url\":\"https:\/\/dev6.erresse-shop.it\/\",\"logo\":{\"@type\":\"ImageObject\",\"inLanguage\":\"fr-FR\",\"@id\":\"https:\/\/dev6.erresse-shop.it\/#\/schema\/logo\/image\/\",\"url\":\"https:\/\/dev6.erresse-shop.it\/wp-content\/uploads\/2025\/01\/LOGO-ERRESSE-CLASSICO.svg\",\"contentUrl\":\"https:\/\/dev6.erresse-shop.it\/wp-content\/uploads\/2025\/01\/LOGO-ERRESSE-CLASSICO.svg\",\"caption\":\"Erresse Shop\"},\"image\":{\"@id\":\"https:\/\/dev6.erresse-shop.it\/#\/schema\/logo\/image\/\"}}]}<\/script>\n<!-- \/ Yoast SEO plugin. -->","yoast_head_json":{"title":"SELETTI Fauteuil Botanical Diva Noir - dev6 Erresse","description":"Un c\u00e2lin fleuri. Botanical Diva est la nouvelle s\u00e9rie de meubles rembourr\u00e9s, con\u00e7ue par Marcantonio. Le canap\u00e9 et le fauteuil, aux lignes sensuelles et","robots":{"index":"noindex","follow":"follow","max-snippet":"max-snippet:-1","max-image-preview":"max-image-preview:large","max-video-preview":"max-video-preview:-1"},"og_locale":"fr_FR","og_type":"article","og_title":"SELETTI Fauteuil Botanical Diva Noir - dev6 Erresse","og_description":"Un c\u00e2lin fleuri. Botanical Diva est la nouvelle s\u00e9rie de meubles rembourr\u00e9s, con\u00e7ue par Marcantonio. Le canap\u00e9 et le fauteuil, aux lignes sensuelles et","og_url":"https:\/\/dev6.erresse-shop.it\/fr\/shop\/ameublement-maison\/chaises-et-fauteuils\/seletti-fauteuil-botanical-diva-noir\/","og_site_name":"dev6 Erresse","og_image":[{"url":"https:\/\/interpim.erresse-shop.it\/Import\/Prodotti\/seletti-poltrona-botanica-diva-nera.jpg","type":"","width":"","height":""},{"url":"https:\/\/interpim.erresse-shop.it\/Import\/Prodotti\/seletti-poltrona-botanica-diva-nera.jpg","width":1024,"height":1024,"type":"image\/jpeg"}],"twitter_card":"summary_large_image","twitter_image":"https:\/\/interpim.erresse-shop.it\/Import\/Prodotti\/seletti-poltrona-botanica-diva-nera.jpg","schema":{"@context":"https:\/\/schema.org","@graph":[{"@type":"WebPage","@id":"https:\/\/dev6.erresse-shop.it\/fr\/shop\/ameublement-maison\/chaises-et-fauteuils\/seletti-fauteuil-botanical-diva-noir\/","url":"https:\/\/dev6.erresse-shop.it\/fr\/shop\/ameublement-maison\/chaises-et-fauteuils\/seletti-fauteuil-botanical-diva-noir\/","name":"SELETTI Fauteuil Botanical Diva Noir - dev6 Erresse","isPartOf":{"@id":"https:\/\/dev6.erresse-shop.it\/#website"},"primaryImageOfPage":{"@id":"https:\/\/dev6.erresse-shop.it\/fr\/shop\/ameublement-maison\/chaises-et-fauteuils\/seletti-fauteuil-botanical-diva-noir\/#primaryimage"},"image":{"@id":"https:\/\/dev6.erresse-shop.it\/fr\/shop\/ameublement-maison\/chaises-et-fauteuils\/seletti-fauteuil-botanical-diva-noir\/#primaryimage"},"thumbnailUrl":"https:\/\/i1.wp.com\/interpim.erresse-shop.it\/Import\/Prodotti\/seletti-poltrona-botanica-diva-nera.jpg?ssl=1","datePublished":"2026-04-12T11:21:02+00:00","description":"Un c\u00e2lin fleuri. Botanical Diva est la nouvelle s\u00e9rie de meubles rembourr\u00e9s, con\u00e7ue par Marcantonio. Le canap\u00e9 et le fauteuil, aux lignes sensuelles et","breadcrumb":{"@id":"https:\/\/dev6.erresse-shop.it\/fr\/shop\/ameublement-maison\/chaises-et-fauteuils\/seletti-fauteuil-botanical-diva-noir\/#breadcrumb"},"inLanguage":"fr-FR","potentialAction":[{"@type":"ReadAction","target":["https:\/\/dev6.erresse-shop.it\/fr\/shop\/ameublement-maison\/chaises-et-fauteuils\/seletti-fauteuil-botanical-diva-noir\/"]}]},{"@type":"ImageObject","inLanguage":"fr-FR","@id":"https:\/\/dev6.erresse-shop.it\/fr\/shop\/ameublement-maison\/chaises-et-fauteuils\/seletti-fauteuil-botanical-diva-noir\/#primaryimage","url":"https:\/\/i1.wp.com\/interpim.erresse-shop.it\/Import\/Prodotti\/seletti-poltrona-botanica-diva-nera.jpg?ssl=1","contentUrl":"https:\/\/i1.wp.com\/interpim.erresse-shop.it\/Import\/Prodotti\/seletti-poltrona-botanica-diva-nera.jpg?ssl=1"},{"@type":"BreadcrumbList","@id":"https:\/\/dev6.erresse-shop.it\/fr\/shop\/ameublement-maison\/chaises-et-fauteuils\/seletti-fauteuil-botanical-diva-noir\/#breadcrumb","itemListElement":[{"@type":"ListItem","position":1,"name":"Home","item":"https:\/\/dev6.erresse-shop.it\/"},{"@type":"ListItem","position":2,"name":"Boutique","item":"https:\/\/dev6.erresse-shop.it\/shop\/"},{"@type":"ListItem","position":3,"name":"SELETTI Fauteuil Botanical Diva Noir"}]},{"@type":"WebSite","@id":"https:\/\/dev6.erresse-shop.it\/#website","url":"https:\/\/dev6.erresse-shop.it\/","name":"Erresse Shop","description":"","publisher":{"@id":"https:\/\/dev6.erresse-shop.it\/#organization"},"potentialAction":[{"@type":"SearchAction","target":{"@type":"EntryPoint","urlTemplate":"https:\/\/dev6.erresse-shop.it\/?s={search_term_string}"},"query-input":{"@type":"PropertyValueSpecification","valueRequired":true,"valueName":"search_term_string"}}],"inLanguage":"fr-FR"},{"@type":"Organization","@id":"https:\/\/dev6.erresse-shop.it\/#organization","name":"Erresse Shop","url":"https:\/\/dev6.erresse-shop.it\/","logo":{"@type":"ImageObject","inLanguage":"fr-FR","@id":"https:\/\/dev6.erresse-shop.it\/#\/schema\/logo\/image\/","url":"https:\/\/dev6.erresse-shop.it\/wp-content\/uploads\/2025\/01\/LOGO-ERRESSE-CLASSICO.svg","contentUrl":"https:\/\/dev6.erresse-shop.it\/wp-content\/uploads\/2025\/01\/LOGO-ERRESSE-CLASSICO.svg","caption":"Erresse Shop"},"image":{"@id":"https:\/\/dev6.erresse-shop.it\/#\/schema\/logo\/image\/"}}]}},"df_price":"","df_sale_price":"","df_regular_price":"","df_image_link":"https:\/\/i1.wp.com\/interpim.erresse-shop.it\/Import\/Prodotti\/seletti-poltrona-botanica-diva-nera.jpg?resize=300,300&ssl=1","fifu_image_url":"https:\/\/interpim.erresse-shop.it\/Import\/Prodotti\/seletti-poltrona-botanica-diva-nera.jpg","_links":{"self":[{"href":"https:\/\/dev6.erresse-shop.it\/fr\/wp-json\/wp\/v2\/product\/1609907","targetHints":{"allow":["GET"]}}],"collection":[{"href":"https:\/\/dev6.erresse-shop.it\/fr\/wp-json\/wp\/v2\/product"}],"about":[{"href":"https:\/\/dev6.erresse-shop.it\/fr\/wp-json\/wp\/v2\/types\/product"}],"wp:featuredmedia":[{"embeddable":true,"href":"https:\/\/dev6.erresse-shop.it\/fr\/wp-json\/wp\/v2\/media\/6376754"}],"wp:attachment":[{"href":"https:\/\/dev6.erresse-shop.it\/fr\/wp-json\/wp\/v2\/media?parent=1609907"}],"wp:term":[{"taxonomy":"product_cat","embeddable":true,"href":"https:\/\/dev6.erresse-shop.it\/fr\/wp-json\/wp\/v2\/product_cat?post=1609907"},{"taxonomy":"product_tag","embeddable":true,"href":"https:\/\/dev6.erresse-shop.it\/fr\/wp-json\/wp\/v2\/product_tag?post=1609907"}],"curies":[{"name":"wp","href":"https:\/\/api.w.org\/{rel}","templated":true}]}}