{"id":1609891,"date":"2026-04-12T13:18:22","date_gmt":"2026-04-12T11:18:22","guid":{"rendered":"https:\/\/dev6.erresse-shop.it\/shop\/non%20class\u00e9\/wd-lifestyle-lot-de-4-tasses-a-the-en-verre\/"},"modified":"2025-09-14T06:40:19","modified_gmt":"2025-09-14T04:40:19","slug":"wd-lifestyle-lot-de-4-tasses-a-the-en-verre","status":"publish","type":"product","link":"https:\/\/dev6.erresse-shop.it\/fr\/shop\/table-fr-2\/tasses\/wd-lifestyle-lot-de-4-tasses-a-the-en-verre\/","title":{"rendered":"WD LIFESTYLE Lot de 4 tasses \u00e0 th\u00e9 en verre"},"content":{"rendered":"<p>Ajoutez une touche de style \u00e0 votre pause th\u00e9 avec l\u2019ensemble de 4 tasses en verre borosilicat\u00e9 transparent. L\u00e9g\u00e8res et durables, ces tasses sont dot\u00e9es d\u2019une poign\u00e9e color\u00e9e et d\u2019un lettrage d\u00e9coratif qui rend chaque gorg\u00e9e encore plus sp\u00e9ciale. Parfaits pour tout moment de d\u00e9tente, ils allient fonctionnalit\u00e9 et \u00e9l\u00e9gance pour une exp\u00e9rience unique.<\/p>\n<p>Capacit\u00e9 : 250 ml<br \/>\nDimensions : \u00d8 5,5 x 5,5 cm<\/p>\n","protected":false},"excerpt":{"rendered":"<p>Ajoutez une touche de style \u00e0 votre pause th\u00e9 avec l\u2019ensemble de 4 tasses en verre borosilicat\u00e9 transparent. L\u00e9g\u00e8res et durables, ces tasses sont dot\u00e9es d\u2019une poign\u00e9e color\u00e9e et d\u2019un lettrage d\u00e9coratif qui rend chaque gorg\u00e9e encore plus sp\u00e9ciale. Parfaits pour tout moment de d\u00e9tente, ils allient fonctionnalit\u00e9 et \u00e9l\u00e9gance pour une exp\u00e9rience unique. Capacit\u00e9 [&hellip;]<\/p>\n","protected":false},"featured_media":6376706,"template":"","meta":{"_acf_changed":false},"product_cat":[11995,12013],"product_tag":[],"class_list":{"0":"post-1609891","1":"product","2":"type-product","3":"status-publish","4":"has-post-thumbnail","6":"product_cat-table-fr-2","7":"product_cat-tasses","9":"first","10":"instock","11":"taxable","12":"shipping-taxable","13":"purchasable","14":"product-type-simple","swatches":"rey-swatches","show_selected":"","stretch_labels":"rey-swatches--stretch-labels"},"acf":[],"yoast_head":"<!-- This site is optimized with the Yoast SEO plugin v25.4 - https:\/\/yoast.com\/wordpress\/plugins\/seo\/ -->\n<title>WD LIFESTYLE Lot de 4 tasses \u00e0 th\u00e9 en verre - dev6 Erresse<\/title>\n<meta name=\"description\" content=\"Ajoutez une touche de style \u00e0 votre pause th\u00e9 avec l\u2019ensemble de 4 tasses en verre borosilicat\u00e9 transparent. L\u00e9g\u00e8res et durables, ces tasses sont dot\u00e9es\" \/>\n<meta name=\"robots\" content=\"noindex, follow, max-snippet:-1, max-image-preview:large, max-video-preview:-1\" \/>\n<meta property=\"og:locale\" content=\"fr_FR\" \/>\n<meta property=\"og:type\" content=\"article\" \/>\n<meta property=\"og:title\" content=\"WD LIFESTYLE Lot de 4 tasses \u00e0 th\u00e9 en verre - dev6 Erresse\" \/>\n<meta property=\"og:description\" content=\"Ajoutez une touche de style \u00e0 votre pause th\u00e9 avec l\u2019ensemble de 4 tasses en verre borosilicat\u00e9 transparent. L\u00e9g\u00e8res et durables, ces tasses sont dot\u00e9es\" \/>\n<meta property=\"og:url\" content=\"https:\/\/dev6.erresse-shop.it\/fr\/shop\/table-fr-2\/tasses\/wd-lifestyle-lot-de-4-tasses-a-the-en-verre\/\" \/>\n<meta property=\"og:site_name\" content=\"dev6 Erresse\" \/>\n<meta property=\"og:image\" content=\"https:\/\/interpim.erresse-shop.it\/Import\/Prodotti\/wd-lifestyle-set-4-tazze-da-te-in-vetro.jpg\" \/><meta property=\"og:image\" content=\"https:\/\/interpim.erresse-shop.it\/Import\/Prodotti\/wd-lifestyle-set-4-tazze-da-te-in-vetro.jpg\" \/>\n\t<meta property=\"og:image:width\" content=\"1024\" \/>\n\t<meta property=\"og:image:height\" content=\"1024\" \/>\n\t<meta property=\"og:image:type\" content=\"image\/jpeg\" \/>\n<meta name=\"twitter:card\" content=\"summary_large_image\" \/>\n<meta name=\"twitter:image\" content=\"https:\/\/interpim.erresse-shop.it\/Import\/Prodotti\/wd-lifestyle-set-4-tazze-da-te-in-vetro.jpg\" \/>\n<script type=\"application\/ld+json\" class=\"yoast-schema-graph\">{\"@context\":\"https:\/\/schema.org\",\"@graph\":[{\"@type\":\"WebPage\",\"@id\":\"https:\/\/dev6.erresse-shop.it\/fr\/shop\/table-fr-2\/tasses\/wd-lifestyle-lot-de-4-tasses-a-the-en-verre\/\",\"url\":\"https:\/\/dev6.erresse-shop.it\/fr\/shop\/table-fr-2\/tasses\/wd-lifestyle-lot-de-4-tasses-a-the-en-verre\/\",\"name\":\"WD LIFESTYLE Lot de 4 tasses \u00e0 th\u00e9 en verre - dev6 Erresse\",\"isPartOf\":{\"@id\":\"https:\/\/dev6.erresse-shop.it\/#website\"},\"primaryImageOfPage\":{\"@id\":\"https:\/\/dev6.erresse-shop.it\/fr\/shop\/table-fr-2\/tasses\/wd-lifestyle-lot-de-4-tasses-a-the-en-verre\/#primaryimage\"},\"image\":{\"@id\":\"https:\/\/dev6.erresse-shop.it\/fr\/shop\/table-fr-2\/tasses\/wd-lifestyle-lot-de-4-tasses-a-the-en-verre\/#primaryimage\"},\"thumbnailUrl\":\"https:\/\/i3.wp.com\/interpim.erresse-shop.it\/Import\/Prodotti\/wd-lifestyle-set-4-tazze-da-te-in-vetro.jpg?ssl=1\",\"datePublished\":\"2026-04-12T11:18:22+00:00\",\"description\":\"Ajoutez une touche de style \u00e0 votre pause th\u00e9 avec l\u2019ensemble de 4 tasses en verre borosilicat\u00e9 transparent. L\u00e9g\u00e8res et durables, ces tasses sont dot\u00e9es\",\"breadcrumb\":{\"@id\":\"https:\/\/dev6.erresse-shop.it\/fr\/shop\/table-fr-2\/tasses\/wd-lifestyle-lot-de-4-tasses-a-the-en-verre\/#breadcrumb\"},\"inLanguage\":\"fr-FR\",\"potentialAction\":[{\"@type\":\"ReadAction\",\"target\":[\"https:\/\/dev6.erresse-shop.it\/fr\/shop\/table-fr-2\/tasses\/wd-lifestyle-lot-de-4-tasses-a-the-en-verre\/\"]}]},{\"@type\":\"ImageObject\",\"inLanguage\":\"fr-FR\",\"@id\":\"https:\/\/dev6.erresse-shop.it\/fr\/shop\/table-fr-2\/tasses\/wd-lifestyle-lot-de-4-tasses-a-the-en-verre\/#primaryimage\",\"url\":\"https:\/\/i3.wp.com\/interpim.erresse-shop.it\/Import\/Prodotti\/wd-lifestyle-set-4-tazze-da-te-in-vetro.jpg?ssl=1\",\"contentUrl\":\"https:\/\/i3.wp.com\/interpim.erresse-shop.it\/Import\/Prodotti\/wd-lifestyle-set-4-tazze-da-te-in-vetro.jpg?ssl=1\"},{\"@type\":\"BreadcrumbList\",\"@id\":\"https:\/\/dev6.erresse-shop.it\/fr\/shop\/table-fr-2\/tasses\/wd-lifestyle-lot-de-4-tasses-a-the-en-verre\/#breadcrumb\",\"itemListElement\":[{\"@type\":\"ListItem\",\"position\":1,\"name\":\"Home\",\"item\":\"https:\/\/dev6.erresse-shop.it\/\"},{\"@type\":\"ListItem\",\"position\":2,\"name\":\"Boutique\",\"item\":\"https:\/\/dev6.erresse-shop.it\/shop\/\"},{\"@type\":\"ListItem\",\"position\":3,\"name\":\"WD LIFESTYLE Lot de 4 tasses \u00e0 th\u00e9 en verre\"}]},{\"@type\":\"WebSite\",\"@id\":\"https:\/\/dev6.erresse-shop.it\/#website\",\"url\":\"https:\/\/dev6.erresse-shop.it\/\",\"name\":\"Erresse Shop\",\"description\":\"\",\"publisher\":{\"@id\":\"https:\/\/dev6.erresse-shop.it\/#organization\"},\"potentialAction\":[{\"@type\":\"SearchAction\",\"target\":{\"@type\":\"EntryPoint\",\"urlTemplate\":\"https:\/\/dev6.erresse-shop.it\/?s={search_term_string}\"},\"query-input\":{\"@type\":\"PropertyValueSpecification\",\"valueRequired\":true,\"valueName\":\"search_term_string\"}}],\"inLanguage\":\"fr-FR\"},{\"@type\":\"Organization\",\"@id\":\"https:\/\/dev6.erresse-shop.it\/#organization\",\"name\":\"Erresse Shop\",\"url\":\"https:\/\/dev6.erresse-shop.it\/\",\"logo\":{\"@type\":\"ImageObject\",\"inLanguage\":\"fr-FR\",\"@id\":\"https:\/\/dev6.erresse-shop.it\/#\/schema\/logo\/image\/\",\"url\":\"https:\/\/dev6.erresse-shop.it\/wp-content\/uploads\/2025\/01\/LOGO-ERRESSE-CLASSICO.svg\",\"contentUrl\":\"https:\/\/dev6.erresse-shop.it\/wp-content\/uploads\/2025\/01\/LOGO-ERRESSE-CLASSICO.svg\",\"caption\":\"Erresse Shop\"},\"image\":{\"@id\":\"https:\/\/dev6.erresse-shop.it\/#\/schema\/logo\/image\/\"}}]}<\/script>\n<!-- \/ Yoast SEO plugin. -->","yoast_head_json":{"title":"WD LIFESTYLE Lot de 4 tasses \u00e0 th\u00e9 en verre - dev6 Erresse","description":"Ajoutez une touche de style \u00e0 votre pause th\u00e9 avec l\u2019ensemble de 4 tasses en verre borosilicat\u00e9 transparent. L\u00e9g\u00e8res et durables, ces tasses sont dot\u00e9es","robots":{"index":"noindex","follow":"follow","max-snippet":"max-snippet:-1","max-image-preview":"max-image-preview:large","max-video-preview":"max-video-preview:-1"},"og_locale":"fr_FR","og_type":"article","og_title":"WD LIFESTYLE Lot de 4 tasses \u00e0 th\u00e9 en verre - dev6 Erresse","og_description":"Ajoutez une touche de style \u00e0 votre pause th\u00e9 avec l\u2019ensemble de 4 tasses en verre borosilicat\u00e9 transparent. L\u00e9g\u00e8res et durables, ces tasses sont dot\u00e9es","og_url":"https:\/\/dev6.erresse-shop.it\/fr\/shop\/table-fr-2\/tasses\/wd-lifestyle-lot-de-4-tasses-a-the-en-verre\/","og_site_name":"dev6 Erresse","og_image":[{"url":"https:\/\/interpim.erresse-shop.it\/Import\/Prodotti\/wd-lifestyle-set-4-tazze-da-te-in-vetro.jpg","type":"","width":"","height":""},{"url":"https:\/\/interpim.erresse-shop.it\/Import\/Prodotti\/wd-lifestyle-set-4-tazze-da-te-in-vetro.jpg","width":1024,"height":1024,"type":"image\/jpeg"}],"twitter_card":"summary_large_image","twitter_image":"https:\/\/interpim.erresse-shop.it\/Import\/Prodotti\/wd-lifestyle-set-4-tazze-da-te-in-vetro.jpg","schema":{"@context":"https:\/\/schema.org","@graph":[{"@type":"WebPage","@id":"https:\/\/dev6.erresse-shop.it\/fr\/shop\/table-fr-2\/tasses\/wd-lifestyle-lot-de-4-tasses-a-the-en-verre\/","url":"https:\/\/dev6.erresse-shop.it\/fr\/shop\/table-fr-2\/tasses\/wd-lifestyle-lot-de-4-tasses-a-the-en-verre\/","name":"WD LIFESTYLE Lot de 4 tasses \u00e0 th\u00e9 en verre - dev6 Erresse","isPartOf":{"@id":"https:\/\/dev6.erresse-shop.it\/#website"},"primaryImageOfPage":{"@id":"https:\/\/dev6.erresse-shop.it\/fr\/shop\/table-fr-2\/tasses\/wd-lifestyle-lot-de-4-tasses-a-the-en-verre\/#primaryimage"},"image":{"@id":"https:\/\/dev6.erresse-shop.it\/fr\/shop\/table-fr-2\/tasses\/wd-lifestyle-lot-de-4-tasses-a-the-en-verre\/#primaryimage"},"thumbnailUrl":"https:\/\/i3.wp.com\/interpim.erresse-shop.it\/Import\/Prodotti\/wd-lifestyle-set-4-tazze-da-te-in-vetro.jpg?ssl=1","datePublished":"2026-04-12T11:18:22+00:00","description":"Ajoutez une touche de style \u00e0 votre pause th\u00e9 avec l\u2019ensemble de 4 tasses en verre borosilicat\u00e9 transparent. L\u00e9g\u00e8res et durables, ces tasses sont dot\u00e9es","breadcrumb":{"@id":"https:\/\/dev6.erresse-shop.it\/fr\/shop\/table-fr-2\/tasses\/wd-lifestyle-lot-de-4-tasses-a-the-en-verre\/#breadcrumb"},"inLanguage":"fr-FR","potentialAction":[{"@type":"ReadAction","target":["https:\/\/dev6.erresse-shop.it\/fr\/shop\/table-fr-2\/tasses\/wd-lifestyle-lot-de-4-tasses-a-the-en-verre\/"]}]},{"@type":"ImageObject","inLanguage":"fr-FR","@id":"https:\/\/dev6.erresse-shop.it\/fr\/shop\/table-fr-2\/tasses\/wd-lifestyle-lot-de-4-tasses-a-the-en-verre\/#primaryimage","url":"https:\/\/i3.wp.com\/interpim.erresse-shop.it\/Import\/Prodotti\/wd-lifestyle-set-4-tazze-da-te-in-vetro.jpg?ssl=1","contentUrl":"https:\/\/i3.wp.com\/interpim.erresse-shop.it\/Import\/Prodotti\/wd-lifestyle-set-4-tazze-da-te-in-vetro.jpg?ssl=1"},{"@type":"BreadcrumbList","@id":"https:\/\/dev6.erresse-shop.it\/fr\/shop\/table-fr-2\/tasses\/wd-lifestyle-lot-de-4-tasses-a-the-en-verre\/#breadcrumb","itemListElement":[{"@type":"ListItem","position":1,"name":"Home","item":"https:\/\/dev6.erresse-shop.it\/"},{"@type":"ListItem","position":2,"name":"Boutique","item":"https:\/\/dev6.erresse-shop.it\/shop\/"},{"@type":"ListItem","position":3,"name":"WD LIFESTYLE Lot de 4 tasses \u00e0 th\u00e9 en verre"}]},{"@type":"WebSite","@id":"https:\/\/dev6.erresse-shop.it\/#website","url":"https:\/\/dev6.erresse-shop.it\/","name":"Erresse Shop","description":"","publisher":{"@id":"https:\/\/dev6.erresse-shop.it\/#organization"},"potentialAction":[{"@type":"SearchAction","target":{"@type":"EntryPoint","urlTemplate":"https:\/\/dev6.erresse-shop.it\/?s={search_term_string}"},"query-input":{"@type":"PropertyValueSpecification","valueRequired":true,"valueName":"search_term_string"}}],"inLanguage":"fr-FR"},{"@type":"Organization","@id":"https:\/\/dev6.erresse-shop.it\/#organization","name":"Erresse Shop","url":"https:\/\/dev6.erresse-shop.it\/","logo":{"@type":"ImageObject","inLanguage":"fr-FR","@id":"https:\/\/dev6.erresse-shop.it\/#\/schema\/logo\/image\/","url":"https:\/\/dev6.erresse-shop.it\/wp-content\/uploads\/2025\/01\/LOGO-ERRESSE-CLASSICO.svg","contentUrl":"https:\/\/dev6.erresse-shop.it\/wp-content\/uploads\/2025\/01\/LOGO-ERRESSE-CLASSICO.svg","caption":"Erresse Shop"},"image":{"@id":"https:\/\/dev6.erresse-shop.it\/#\/schema\/logo\/image\/"}}]}},"df_price":22.9,"df_sale_price":"","df_regular_price":22.9,"df_image_link":"https:\/\/i3.wp.com\/interpim.erresse-shop.it\/Import\/Prodotti\/wd-lifestyle-set-4-tazze-da-te-in-vetro.jpg?resize=300,300&ssl=1","fifu_image_url":"https:\/\/interpim.erresse-shop.it\/Import\/Prodotti\/wd-lifestyle-set-4-tazze-da-te-in-vetro.jpg","_links":{"self":[{"href":"https:\/\/dev6.erresse-shop.it\/fr\/wp-json\/wp\/v2\/product\/1609891","targetHints":{"allow":["GET"]}}],"collection":[{"href":"https:\/\/dev6.erresse-shop.it\/fr\/wp-json\/wp\/v2\/product"}],"about":[{"href":"https:\/\/dev6.erresse-shop.it\/fr\/wp-json\/wp\/v2\/types\/product"}],"wp:featuredmedia":[{"embeddable":true,"href":"https:\/\/dev6.erresse-shop.it\/fr\/wp-json\/wp\/v2\/media\/6376706"}],"wp:attachment":[{"href":"https:\/\/dev6.erresse-shop.it\/fr\/wp-json\/wp\/v2\/media?parent=1609891"}],"wp:term":[{"taxonomy":"product_cat","embeddable":true,"href":"https:\/\/dev6.erresse-shop.it\/fr\/wp-json\/wp\/v2\/product_cat?post=1609891"},{"taxonomy":"product_tag","embeddable":true,"href":"https:\/\/dev6.erresse-shop.it\/fr\/wp-json\/wp\/v2\/product_tag?post=1609891"}],"curies":[{"name":"wp","href":"https:\/\/api.w.org\/{rel}","templated":true}]}}