{"id":1609889,"date":"2026-04-04T13:15:53","date_gmt":"2026-04-04T11:15:53","guid":{"rendered":"https:\/\/dev6.erresse-shop.it\/shop\/non%20class\u00e9\/wd-lifestyle-theiere-a-tisane-avec-filtre-en-verre-et-poignee-grise\/"},"modified":"2025-09-14T06:40:15","modified_gmt":"2025-09-14T04:40:15","slug":"wd-lifestyle-theiere-a-tisane-avec-filtre-en-verre-et-poignee-grise","status":"publish","type":"product","link":"https:\/\/dev6.erresse-shop.it\/fr\/shop\/table-fr-2\/theieres-sucriers-pots-a-lait\/wd-lifestyle-theiere-a-tisane-avec-filtre-en-verre-et-poignee-grise\/","title":{"rendered":"WD LIFESTYLE Th\u00e9i\u00e8re \u00e0 tisane avec filtre en verre et poign\u00e9e grise"},"content":{"rendered":"<p>D\u00e9couvrez la th\u00e9i\u00e8re en verre borosilicat\u00e9, \u00e9l\u00e9gante et fonctionnelle, parfaite pour pr\u00e9parer vos tisanes pr\u00e9f\u00e9r\u00e9es. Equip\u00e9 d\u2019un filtre en acier inoxydable de haute qualit\u00e9, il assure une filtration optimale. La poign\u00e9e color\u00e9e ajoute une touche de vivacit\u00e9, tandis que le lettrage d\u00e9coratif \u00ab Keep Calm\u00bb vous invite \u00e0 profiter de chaque instant de d\u00e9tente. Un accessoire indispensable pour tout amateur de tisane !<\/p>\n<p>Capacit\u00e9 : 420 ml<\/p>\n<p>Le filtre ne convient pas au micro-ondes<\/p>\n","protected":false},"excerpt":{"rendered":"<p>D\u00e9couvrez la th\u00e9i\u00e8re en verre borosilicat\u00e9, \u00e9l\u00e9gante et fonctionnelle, parfaite pour pr\u00e9parer vos tisanes pr\u00e9f\u00e9r\u00e9es. Equip\u00e9 d\u2019un filtre en acier inoxydable de haute qualit\u00e9, il assure une filtration optimale. La poign\u00e9e color\u00e9e ajoute une touche de vivacit\u00e9, tandis que le lettrage d\u00e9coratif \u00ab Keep Calm\u00bb vous invite \u00e0 profiter de chaque instant de d\u00e9tente. Un [&hellip;]<\/p>\n","protected":false},"featured_media":6293432,"template":"","meta":{"_acf_changed":false},"product_cat":[11995,12006],"product_tag":[],"class_list":{"0":"post-1609889","1":"product","2":"type-product","3":"status-publish","4":"has-post-thumbnail","6":"product_cat-table-fr-2","7":"product_cat-theieres-sucriers-pots-a-lait","9":"first","10":"instock","11":"taxable","12":"shipping-taxable","13":"purchasable","14":"product-type-simple","swatches":"rey-swatches","show_selected":"","stretch_labels":"rey-swatches--stretch-labels"},"acf":[],"yoast_head":"<!-- This site is optimized with the Yoast SEO plugin v25.4 - https:\/\/yoast.com\/wordpress\/plugins\/seo\/ -->\n<title>WD LIFESTYLE Th\u00e9i\u00e8re \u00e0 tisane avec filtre en verre et poign\u00e9e grise - dev6 Erresse<\/title>\n<meta name=\"description\" content=\"D\u00e9couvrez la th\u00e9i\u00e8re en verre borosilicat\u00e9, \u00e9l\u00e9gante et fonctionnelle, parfaite pour pr\u00e9parer vos tisanes pr\u00e9f\u00e9r\u00e9es. Equip\u00e9 d\u2019un filtre en acier\" \/>\n<meta name=\"robots\" content=\"noindex, follow, max-snippet:-1, max-image-preview:large, max-video-preview:-1\" \/>\n<meta property=\"og:locale\" content=\"fr_FR\" \/>\n<meta property=\"og:type\" content=\"article\" \/>\n<meta property=\"og:title\" content=\"WD LIFESTYLE Th\u00e9i\u00e8re \u00e0 tisane avec filtre en verre et poign\u00e9e grise - dev6 Erresse\" \/>\n<meta property=\"og:description\" content=\"D\u00e9couvrez la th\u00e9i\u00e8re en verre borosilicat\u00e9, \u00e9l\u00e9gante et fonctionnelle, parfaite pour pr\u00e9parer vos tisanes pr\u00e9f\u00e9r\u00e9es. Equip\u00e9 d\u2019un filtre en acier\" \/>\n<meta property=\"og:url\" content=\"https:\/\/dev6.erresse-shop.it\/fr\/shop\/table-fr-2\/theieres-sucriers-pots-a-lait\/wd-lifestyle-theiere-a-tisane-avec-filtre-en-verre-et-poignee-grise\/\" \/>\n<meta property=\"og:site_name\" content=\"dev6 Erresse\" \/>\n<meta property=\"og:image\" content=\"https:\/\/interpim.erresse-shop.it\/Import\/Prodotti\/wd-lifestyle-tisaniera-con-filtro-in-vetro-manico-grigio.jpg\" \/><meta property=\"og:image\" content=\"https:\/\/interpim.erresse-shop.it\/Import\/Prodotti\/wd-lifestyle-tisaniera-con-filtro-in-vetro-manico-grigio.jpg\" \/>\n\t<meta property=\"og:image:width\" content=\"1024\" \/>\n\t<meta property=\"og:image:height\" content=\"1024\" \/>\n\t<meta property=\"og:image:type\" content=\"image\/jpeg\" \/>\n<meta name=\"twitter:card\" content=\"summary_large_image\" \/>\n<meta name=\"twitter:image\" content=\"https:\/\/interpim.erresse-shop.it\/Import\/Prodotti\/wd-lifestyle-tisaniera-con-filtro-in-vetro-manico-grigio.jpg\" \/>\n<script type=\"application\/ld+json\" class=\"yoast-schema-graph\">{\"@context\":\"https:\/\/schema.org\",\"@graph\":[{\"@type\":\"WebPage\",\"@id\":\"https:\/\/dev6.erresse-shop.it\/fr\/shop\/table-fr-2\/theieres-sucriers-pots-a-lait\/wd-lifestyle-theiere-a-tisane-avec-filtre-en-verre-et-poignee-grise\/\",\"url\":\"https:\/\/dev6.erresse-shop.it\/fr\/shop\/table-fr-2\/theieres-sucriers-pots-a-lait\/wd-lifestyle-theiere-a-tisane-avec-filtre-en-verre-et-poignee-grise\/\",\"name\":\"WD LIFESTYLE Th\u00e9i\u00e8re \u00e0 tisane avec filtre en verre et poign\u00e9e grise - dev6 Erresse\",\"isPartOf\":{\"@id\":\"https:\/\/dev6.erresse-shop.it\/#website\"},\"primaryImageOfPage\":{\"@id\":\"https:\/\/dev6.erresse-shop.it\/fr\/shop\/table-fr-2\/theieres-sucriers-pots-a-lait\/wd-lifestyle-theiere-a-tisane-avec-filtre-en-verre-et-poignee-grise\/#primaryimage\"},\"image\":{\"@id\":\"https:\/\/dev6.erresse-shop.it\/fr\/shop\/table-fr-2\/theieres-sucriers-pots-a-lait\/wd-lifestyle-theiere-a-tisane-avec-filtre-en-verre-et-poignee-grise\/#primaryimage\"},\"thumbnailUrl\":\"https:\/\/i0.wp.com\/interpim.erresse-shop.it\/Import\/Prodotti\/wd-lifestyle-tisaniera-con-filtro-in-vetro-manico-grigio.jpg?ssl=1\",\"datePublished\":\"2026-04-04T11:15:53+00:00\",\"description\":\"D\u00e9couvrez la th\u00e9i\u00e8re en verre borosilicat\u00e9, \u00e9l\u00e9gante et fonctionnelle, parfaite pour pr\u00e9parer vos tisanes pr\u00e9f\u00e9r\u00e9es. Equip\u00e9 d\u2019un filtre en acier\",\"breadcrumb\":{\"@id\":\"https:\/\/dev6.erresse-shop.it\/fr\/shop\/table-fr-2\/theieres-sucriers-pots-a-lait\/wd-lifestyle-theiere-a-tisane-avec-filtre-en-verre-et-poignee-grise\/#breadcrumb\"},\"inLanguage\":\"fr-FR\",\"potentialAction\":[{\"@type\":\"ReadAction\",\"target\":[\"https:\/\/dev6.erresse-shop.it\/fr\/shop\/table-fr-2\/theieres-sucriers-pots-a-lait\/wd-lifestyle-theiere-a-tisane-avec-filtre-en-verre-et-poignee-grise\/\"]}]},{\"@type\":\"ImageObject\",\"inLanguage\":\"fr-FR\",\"@id\":\"https:\/\/dev6.erresse-shop.it\/fr\/shop\/table-fr-2\/theieres-sucriers-pots-a-lait\/wd-lifestyle-theiere-a-tisane-avec-filtre-en-verre-et-poignee-grise\/#primaryimage\",\"url\":\"https:\/\/i0.wp.com\/interpim.erresse-shop.it\/Import\/Prodotti\/wd-lifestyle-tisaniera-con-filtro-in-vetro-manico-grigio.jpg?ssl=1\",\"contentUrl\":\"https:\/\/i0.wp.com\/interpim.erresse-shop.it\/Import\/Prodotti\/wd-lifestyle-tisaniera-con-filtro-in-vetro-manico-grigio.jpg?ssl=1\"},{\"@type\":\"BreadcrumbList\",\"@id\":\"https:\/\/dev6.erresse-shop.it\/fr\/shop\/table-fr-2\/theieres-sucriers-pots-a-lait\/wd-lifestyle-theiere-a-tisane-avec-filtre-en-verre-et-poignee-grise\/#breadcrumb\",\"itemListElement\":[{\"@type\":\"ListItem\",\"position\":1,\"name\":\"Home\",\"item\":\"https:\/\/dev6.erresse-shop.it\/\"},{\"@type\":\"ListItem\",\"position\":2,\"name\":\"Boutique\",\"item\":\"https:\/\/dev6.erresse-shop.it\/shop\/\"},{\"@type\":\"ListItem\",\"position\":3,\"name\":\"WD LIFESTYLE Th\u00e9i\u00e8re \u00e0 tisane avec filtre en verre et poign\u00e9e grise\"}]},{\"@type\":\"WebSite\",\"@id\":\"https:\/\/dev6.erresse-shop.it\/#website\",\"url\":\"https:\/\/dev6.erresse-shop.it\/\",\"name\":\"Erresse Shop\",\"description\":\"\",\"publisher\":{\"@id\":\"https:\/\/dev6.erresse-shop.it\/#organization\"},\"potentialAction\":[{\"@type\":\"SearchAction\",\"target\":{\"@type\":\"EntryPoint\",\"urlTemplate\":\"https:\/\/dev6.erresse-shop.it\/?s={search_term_string}\"},\"query-input\":{\"@type\":\"PropertyValueSpecification\",\"valueRequired\":true,\"valueName\":\"search_term_string\"}}],\"inLanguage\":\"fr-FR\"},{\"@type\":\"Organization\",\"@id\":\"https:\/\/dev6.erresse-shop.it\/#organization\",\"name\":\"Erresse Shop\",\"url\":\"https:\/\/dev6.erresse-shop.it\/\",\"logo\":{\"@type\":\"ImageObject\",\"inLanguage\":\"fr-FR\",\"@id\":\"https:\/\/dev6.erresse-shop.it\/#\/schema\/logo\/image\/\",\"url\":\"https:\/\/dev6.erresse-shop.it\/wp-content\/uploads\/2025\/01\/LOGO-ERRESSE-CLASSICO.svg\",\"contentUrl\":\"https:\/\/dev6.erresse-shop.it\/wp-content\/uploads\/2025\/01\/LOGO-ERRESSE-CLASSICO.svg\",\"caption\":\"Erresse Shop\"},\"image\":{\"@id\":\"https:\/\/dev6.erresse-shop.it\/#\/schema\/logo\/image\/\"}}]}<\/script>\n<!-- \/ Yoast SEO plugin. -->","yoast_head_json":{"title":"WD LIFESTYLE Th\u00e9i\u00e8re \u00e0 tisane avec filtre en verre et poign\u00e9e grise - dev6 Erresse","description":"D\u00e9couvrez la th\u00e9i\u00e8re en verre borosilicat\u00e9, \u00e9l\u00e9gante et fonctionnelle, parfaite pour pr\u00e9parer vos tisanes pr\u00e9f\u00e9r\u00e9es. Equip\u00e9 d\u2019un filtre en acier","robots":{"index":"noindex","follow":"follow","max-snippet":"max-snippet:-1","max-image-preview":"max-image-preview:large","max-video-preview":"max-video-preview:-1"},"og_locale":"fr_FR","og_type":"article","og_title":"WD LIFESTYLE Th\u00e9i\u00e8re \u00e0 tisane avec filtre en verre et poign\u00e9e grise - dev6 Erresse","og_description":"D\u00e9couvrez la th\u00e9i\u00e8re en verre borosilicat\u00e9, \u00e9l\u00e9gante et fonctionnelle, parfaite pour pr\u00e9parer vos tisanes pr\u00e9f\u00e9r\u00e9es. Equip\u00e9 d\u2019un filtre en acier","og_url":"https:\/\/dev6.erresse-shop.it\/fr\/shop\/table-fr-2\/theieres-sucriers-pots-a-lait\/wd-lifestyle-theiere-a-tisane-avec-filtre-en-verre-et-poignee-grise\/","og_site_name":"dev6 Erresse","og_image":[{"url":"https:\/\/interpim.erresse-shop.it\/Import\/Prodotti\/wd-lifestyle-tisaniera-con-filtro-in-vetro-manico-grigio.jpg","type":"","width":"","height":""},{"url":"https:\/\/interpim.erresse-shop.it\/Import\/Prodotti\/wd-lifestyle-tisaniera-con-filtro-in-vetro-manico-grigio.jpg","width":1024,"height":1024,"type":"image\/jpeg"}],"twitter_card":"summary_large_image","twitter_image":"https:\/\/interpim.erresse-shop.it\/Import\/Prodotti\/wd-lifestyle-tisaniera-con-filtro-in-vetro-manico-grigio.jpg","schema":{"@context":"https:\/\/schema.org","@graph":[{"@type":"WebPage","@id":"https:\/\/dev6.erresse-shop.it\/fr\/shop\/table-fr-2\/theieres-sucriers-pots-a-lait\/wd-lifestyle-theiere-a-tisane-avec-filtre-en-verre-et-poignee-grise\/","url":"https:\/\/dev6.erresse-shop.it\/fr\/shop\/table-fr-2\/theieres-sucriers-pots-a-lait\/wd-lifestyle-theiere-a-tisane-avec-filtre-en-verre-et-poignee-grise\/","name":"WD LIFESTYLE Th\u00e9i\u00e8re \u00e0 tisane avec filtre en verre et poign\u00e9e grise - dev6 Erresse","isPartOf":{"@id":"https:\/\/dev6.erresse-shop.it\/#website"},"primaryImageOfPage":{"@id":"https:\/\/dev6.erresse-shop.it\/fr\/shop\/table-fr-2\/theieres-sucriers-pots-a-lait\/wd-lifestyle-theiere-a-tisane-avec-filtre-en-verre-et-poignee-grise\/#primaryimage"},"image":{"@id":"https:\/\/dev6.erresse-shop.it\/fr\/shop\/table-fr-2\/theieres-sucriers-pots-a-lait\/wd-lifestyle-theiere-a-tisane-avec-filtre-en-verre-et-poignee-grise\/#primaryimage"},"thumbnailUrl":"https:\/\/i0.wp.com\/interpim.erresse-shop.it\/Import\/Prodotti\/wd-lifestyle-tisaniera-con-filtro-in-vetro-manico-grigio.jpg?ssl=1","datePublished":"2026-04-04T11:15:53+00:00","description":"D\u00e9couvrez la th\u00e9i\u00e8re en verre borosilicat\u00e9, \u00e9l\u00e9gante et fonctionnelle, parfaite pour pr\u00e9parer vos tisanes pr\u00e9f\u00e9r\u00e9es. Equip\u00e9 d\u2019un filtre en acier","breadcrumb":{"@id":"https:\/\/dev6.erresse-shop.it\/fr\/shop\/table-fr-2\/theieres-sucriers-pots-a-lait\/wd-lifestyle-theiere-a-tisane-avec-filtre-en-verre-et-poignee-grise\/#breadcrumb"},"inLanguage":"fr-FR","potentialAction":[{"@type":"ReadAction","target":["https:\/\/dev6.erresse-shop.it\/fr\/shop\/table-fr-2\/theieres-sucriers-pots-a-lait\/wd-lifestyle-theiere-a-tisane-avec-filtre-en-verre-et-poignee-grise\/"]}]},{"@type":"ImageObject","inLanguage":"fr-FR","@id":"https:\/\/dev6.erresse-shop.it\/fr\/shop\/table-fr-2\/theieres-sucriers-pots-a-lait\/wd-lifestyle-theiere-a-tisane-avec-filtre-en-verre-et-poignee-grise\/#primaryimage","url":"https:\/\/i0.wp.com\/interpim.erresse-shop.it\/Import\/Prodotti\/wd-lifestyle-tisaniera-con-filtro-in-vetro-manico-grigio.jpg?ssl=1","contentUrl":"https:\/\/i0.wp.com\/interpim.erresse-shop.it\/Import\/Prodotti\/wd-lifestyle-tisaniera-con-filtro-in-vetro-manico-grigio.jpg?ssl=1"},{"@type":"BreadcrumbList","@id":"https:\/\/dev6.erresse-shop.it\/fr\/shop\/table-fr-2\/theieres-sucriers-pots-a-lait\/wd-lifestyle-theiere-a-tisane-avec-filtre-en-verre-et-poignee-grise\/#breadcrumb","itemListElement":[{"@type":"ListItem","position":1,"name":"Home","item":"https:\/\/dev6.erresse-shop.it\/"},{"@type":"ListItem","position":2,"name":"Boutique","item":"https:\/\/dev6.erresse-shop.it\/shop\/"},{"@type":"ListItem","position":3,"name":"WD LIFESTYLE Th\u00e9i\u00e8re \u00e0 tisane avec filtre en verre et poign\u00e9e grise"}]},{"@type":"WebSite","@id":"https:\/\/dev6.erresse-shop.it\/#website","url":"https:\/\/dev6.erresse-shop.it\/","name":"Erresse Shop","description":"","publisher":{"@id":"https:\/\/dev6.erresse-shop.it\/#organization"},"potentialAction":[{"@type":"SearchAction","target":{"@type":"EntryPoint","urlTemplate":"https:\/\/dev6.erresse-shop.it\/?s={search_term_string}"},"query-input":{"@type":"PropertyValueSpecification","valueRequired":true,"valueName":"search_term_string"}}],"inLanguage":"fr-FR"},{"@type":"Organization","@id":"https:\/\/dev6.erresse-shop.it\/#organization","name":"Erresse Shop","url":"https:\/\/dev6.erresse-shop.it\/","logo":{"@type":"ImageObject","inLanguage":"fr-FR","@id":"https:\/\/dev6.erresse-shop.it\/#\/schema\/logo\/image\/","url":"https:\/\/dev6.erresse-shop.it\/wp-content\/uploads\/2025\/01\/LOGO-ERRESSE-CLASSICO.svg","contentUrl":"https:\/\/dev6.erresse-shop.it\/wp-content\/uploads\/2025\/01\/LOGO-ERRESSE-CLASSICO.svg","caption":"Erresse Shop"},"image":{"@id":"https:\/\/dev6.erresse-shop.it\/#\/schema\/logo\/image\/"}}]}},"df_price":14.9,"df_sale_price":"","df_regular_price":14.9,"df_image_link":"https:\/\/i0.wp.com\/interpim.erresse-shop.it\/Import\/Prodotti\/wd-lifestyle-tisaniera-con-filtro-in-vetro-manico-grigio.jpg?resize=300,300&ssl=1","fifu_image_url":"https:\/\/interpim.erresse-shop.it\/Import\/Prodotti\/wd-lifestyle-tisaniera-con-filtro-in-vetro-manico-grigio.jpg","_links":{"self":[{"href":"https:\/\/dev6.erresse-shop.it\/fr\/wp-json\/wp\/v2\/product\/1609889","targetHints":{"allow":["GET"]}}],"collection":[{"href":"https:\/\/dev6.erresse-shop.it\/fr\/wp-json\/wp\/v2\/product"}],"about":[{"href":"https:\/\/dev6.erresse-shop.it\/fr\/wp-json\/wp\/v2\/types\/product"}],"wp:featuredmedia":[{"embeddable":true,"href":"https:\/\/dev6.erresse-shop.it\/fr\/wp-json\/wp\/v2\/media\/6293432"}],"wp:attachment":[{"href":"https:\/\/dev6.erresse-shop.it\/fr\/wp-json\/wp\/v2\/media?parent=1609889"}],"wp:term":[{"taxonomy":"product_cat","embeddable":true,"href":"https:\/\/dev6.erresse-shop.it\/fr\/wp-json\/wp\/v2\/product_cat?post=1609889"},{"taxonomy":"product_tag","embeddable":true,"href":"https:\/\/dev6.erresse-shop.it\/fr\/wp-json\/wp\/v2\/product_tag?post=1609889"}],"curies":[{"name":"wp","href":"https:\/\/api.w.org\/{rel}","templated":true}]}}