{"id":1609881,"date":"2026-04-12T13:18:22","date_gmt":"2026-04-12T11:18:22","guid":{"rendered":"https:\/\/dev6.erresse-shop.it\/shop\/non%20class\u00e9\/nio-cocktails-pairing-tasting-box\/"},"modified":"2025-07-04T19:39:28","modified_gmt":"2025-07-04T17:39:28","slug":"nio-cocktails-pairing-tasting-box","status":"publish","type":"product","link":"https:\/\/dev6.erresse-shop.it\/fr\/shop\/table-fr-2\/cocktail-fr\/nio-cocktails-pairing-tasting-box\/","title":{"rendered":"NIO COCKTAILS Pairing Tasting Box"},"content":{"rendered":"<p>D\u00e9couvrez le cadeau parfait pour les amateurs de cocktails avec cet \u00e9l\u00e9gant coffret contenant 2 verres et 4 cocktails. Chaque cocktail est con\u00e7u pour offrir une exp\u00e9rience unique, id\u00e9ale pour siroter des moments de plaisir avec style. Un ensemble raffin\u00e9 pour ceux qui souhaitent d\u00e9guster des cocktails artisanaux directement \u00e0 la maison, sans sacrifier la qualit\u00e9. Parfait comme id\u00e9e cadeau ou pour une occasion sp\u00e9ciale.<\/p>\n<p>Cocktails dans la bo\u00eete\u00a0:<\/p>\n<p>Tommy\u2019s Margarita\u00a0: Tequila Exotico Blanco 100\u00a0% agave bleu \/ SIROP D\u2019AGAVE 1883 \/ ACIDE CITRIQUE \/ Eau \/ 100\u00a0ML \/ 20\u00a0% VOL.<\/p>\n<p>Negroni : Tanqueray London Dry Gin \/ Cocchi Storico Vermouth \/ Campari Bitter \/ ANGOSTURA AROMATIQUE BITTER \/ Eau \/ 100 ML \/ 22% VOL<\/p>\n<p>Daiquiri : SANTIAGO DE CUBA\u2122 RON CARTA BLANCA \/ SIROP DE SUCRE DE CANNE TOSCHI \/ SIROP DE CITRON VERT 1883 \/ ACIDE CITRIQUE \/ Eau \/ 100 ML \/ 23,2% VOL.<\/p>\n<p>Cosmopolitan\u00a0: VODKA FAMILIALE KETEL ONE \/ SIROP DE MYRTILLES TOSCHI \/ COINTREAU \/ ACIDIFIANT\u00a0: ACIDE CITRIQUE \/ Eau \/ 100\u00a0ML \/ 22\u00a0% VOL.<\/p>\n<p>Nous vous apportons chez vous ou l\u00e0 o\u00f9 vous le souhaitez, une exp\u00e9rience de d\u00e9gustation pleine de qualit\u00e9 et d\u2019\u00e9motion. Faites-vous plaisir ou offrez un agr\u00e9able moment sensoriel : nos cocktails sont \u00e9labor\u00e9s selon la recette de Patrick Pistolesi et exp\u00e9di\u00e9s dans un packaging design, enti\u00e8rement recyclable.<\/p>\n<p>\u00a0<\/p>\n","protected":false},"excerpt":{"rendered":"<p>D\u00e9couvrez le cadeau parfait pour les amateurs de cocktails avec cet \u00e9l\u00e9gant coffret contenant 2 verres et 4 cocktails. Chaque cocktail est con\u00e7u pour offrir une exp\u00e9rience unique, id\u00e9ale pour siroter des moments de plaisir avec style. Un ensemble raffin\u00e9 pour ceux qui souhaitent d\u00e9guster des cocktails artisanaux directement \u00e0 la maison, sans sacrifier la [&hellip;]<\/p>\n","protected":false},"featured_media":6376670,"template":"","meta":{"_acf_changed":false},"product_cat":[12046,11995],"product_tag":[],"class_list":{"0":"post-1609881","1":"product","2":"type-product","3":"status-publish","4":"has-post-thumbnail","6":"product_cat-cocktail-fr","7":"product_cat-table-fr-2","9":"first","10":"instock","11":"sale","12":"taxable","13":"shipping-taxable","14":"purchasable","15":"product-type-simple","swatches":"rey-swatches","show_selected":"","stretch_labels":"rey-swatches--stretch-labels"},"acf":[],"yoast_head":"<!-- This site is optimized with the Yoast SEO plugin v25.4 - https:\/\/yoast.com\/wordpress\/plugins\/seo\/ -->\n<title>NIO COCKTAILS Pairing Tasting Box - dev6 Erresse<\/title>\n<meta name=\"description\" content=\"D\u00e9couvrez le cadeau parfait pour les amateurs de cocktails avec cet \u00e9l\u00e9gant coffret contenant 2 verres et 4 cocktails. Chaque cocktail est con\u00e7u pour\" \/>\n<meta name=\"robots\" content=\"noindex, follow, max-snippet:-1, max-image-preview:large, max-video-preview:-1\" \/>\n<meta property=\"og:locale\" content=\"fr_FR\" \/>\n<meta property=\"og:type\" content=\"article\" \/>\n<meta property=\"og:title\" content=\"NIO COCKTAILS Pairing Tasting Box - dev6 Erresse\" \/>\n<meta property=\"og:description\" content=\"D\u00e9couvrez le cadeau parfait pour les amateurs de cocktails avec cet \u00e9l\u00e9gant coffret contenant 2 verres et 4 cocktails. Chaque cocktail est con\u00e7u pour\" \/>\n<meta property=\"og:url\" content=\"https:\/\/dev6.erresse-shop.it\/fr\/shop\/table-fr-2\/cocktail-fr\/nio-cocktails-pairing-tasting-box\/\" \/>\n<meta property=\"og:site_name\" content=\"dev6 Erresse\" \/>\n<meta property=\"og:image\" content=\"https:\/\/interpim.erresse-shop.it\/Import\/Prodotti\/nio-cocktails-pairing-tasting-box.jpg\" \/><meta property=\"og:image\" content=\"https:\/\/interpim.erresse-shop.it\/Import\/Prodotti\/nio-cocktails-pairing-tasting-box.jpg\" \/>\n\t<meta property=\"og:image:width\" content=\"1024\" \/>\n\t<meta property=\"og:image:height\" content=\"1024\" \/>\n\t<meta property=\"og:image:type\" content=\"image\/jpeg\" \/>\n<meta name=\"twitter:card\" content=\"summary_large_image\" \/>\n<meta name=\"twitter:image\" content=\"https:\/\/interpim.erresse-shop.it\/Import\/Prodotti\/nio-cocktails-pairing-tasting-box.jpg\" \/>\n<script type=\"application\/ld+json\" class=\"yoast-schema-graph\">{\"@context\":\"https:\/\/schema.org\",\"@graph\":[{\"@type\":\"WebPage\",\"@id\":\"https:\/\/dev6.erresse-shop.it\/fr\/shop\/table-fr-2\/cocktail-fr\/nio-cocktails-pairing-tasting-box\/\",\"url\":\"https:\/\/dev6.erresse-shop.it\/fr\/shop\/table-fr-2\/cocktail-fr\/nio-cocktails-pairing-tasting-box\/\",\"name\":\"NIO COCKTAILS Pairing Tasting Box - dev6 Erresse\",\"isPartOf\":{\"@id\":\"https:\/\/dev6.erresse-shop.it\/#website\"},\"primaryImageOfPage\":{\"@id\":\"https:\/\/dev6.erresse-shop.it\/fr\/shop\/table-fr-2\/cocktail-fr\/nio-cocktails-pairing-tasting-box\/#primaryimage\"},\"image\":{\"@id\":\"https:\/\/dev6.erresse-shop.it\/fr\/shop\/table-fr-2\/cocktail-fr\/nio-cocktails-pairing-tasting-box\/#primaryimage\"},\"thumbnailUrl\":\"https:\/\/i3.wp.com\/interpim.erresse-shop.it\/Import\/Prodotti\/nio-cocktails-pairing-tasting-box.jpg?ssl=1\",\"datePublished\":\"2026-04-12T11:18:22+00:00\",\"description\":\"D\u00e9couvrez le cadeau parfait pour les amateurs de cocktails avec cet \u00e9l\u00e9gant coffret contenant 2 verres et 4 cocktails. Chaque cocktail est con\u00e7u pour\",\"breadcrumb\":{\"@id\":\"https:\/\/dev6.erresse-shop.it\/fr\/shop\/table-fr-2\/cocktail-fr\/nio-cocktails-pairing-tasting-box\/#breadcrumb\"},\"inLanguage\":\"fr-FR\",\"potentialAction\":[{\"@type\":\"ReadAction\",\"target\":[\"https:\/\/dev6.erresse-shop.it\/fr\/shop\/table-fr-2\/cocktail-fr\/nio-cocktails-pairing-tasting-box\/\"]}]},{\"@type\":\"ImageObject\",\"inLanguage\":\"fr-FR\",\"@id\":\"https:\/\/dev6.erresse-shop.it\/fr\/shop\/table-fr-2\/cocktail-fr\/nio-cocktails-pairing-tasting-box\/#primaryimage\",\"url\":\"https:\/\/i3.wp.com\/interpim.erresse-shop.it\/Import\/Prodotti\/nio-cocktails-pairing-tasting-box.jpg?ssl=1\",\"contentUrl\":\"https:\/\/i3.wp.com\/interpim.erresse-shop.it\/Import\/Prodotti\/nio-cocktails-pairing-tasting-box.jpg?ssl=1\"},{\"@type\":\"BreadcrumbList\",\"@id\":\"https:\/\/dev6.erresse-shop.it\/fr\/shop\/table-fr-2\/cocktail-fr\/nio-cocktails-pairing-tasting-box\/#breadcrumb\",\"itemListElement\":[{\"@type\":\"ListItem\",\"position\":1,\"name\":\"Home\",\"item\":\"https:\/\/dev6.erresse-shop.it\/\"},{\"@type\":\"ListItem\",\"position\":2,\"name\":\"Boutique\",\"item\":\"https:\/\/dev6.erresse-shop.it\/shop\/\"},{\"@type\":\"ListItem\",\"position\":3,\"name\":\"NIO COCKTAILS Pairing Tasting Box\"}]},{\"@type\":\"WebSite\",\"@id\":\"https:\/\/dev6.erresse-shop.it\/#website\",\"url\":\"https:\/\/dev6.erresse-shop.it\/\",\"name\":\"Erresse Shop\",\"description\":\"\",\"publisher\":{\"@id\":\"https:\/\/dev6.erresse-shop.it\/#organization\"},\"potentialAction\":[{\"@type\":\"SearchAction\",\"target\":{\"@type\":\"EntryPoint\",\"urlTemplate\":\"https:\/\/dev6.erresse-shop.it\/?s={search_term_string}\"},\"query-input\":{\"@type\":\"PropertyValueSpecification\",\"valueRequired\":true,\"valueName\":\"search_term_string\"}}],\"inLanguage\":\"fr-FR\"},{\"@type\":\"Organization\",\"@id\":\"https:\/\/dev6.erresse-shop.it\/#organization\",\"name\":\"Erresse Shop\",\"url\":\"https:\/\/dev6.erresse-shop.it\/\",\"logo\":{\"@type\":\"ImageObject\",\"inLanguage\":\"fr-FR\",\"@id\":\"https:\/\/dev6.erresse-shop.it\/#\/schema\/logo\/image\/\",\"url\":\"https:\/\/dev6.erresse-shop.it\/wp-content\/uploads\/2025\/01\/LOGO-ERRESSE-CLASSICO.svg\",\"contentUrl\":\"https:\/\/dev6.erresse-shop.it\/wp-content\/uploads\/2025\/01\/LOGO-ERRESSE-CLASSICO.svg\",\"caption\":\"Erresse Shop\"},\"image\":{\"@id\":\"https:\/\/dev6.erresse-shop.it\/#\/schema\/logo\/image\/\"}}]}<\/script>\n<!-- \/ Yoast SEO plugin. -->","yoast_head_json":{"title":"NIO COCKTAILS Pairing Tasting Box - dev6 Erresse","description":"D\u00e9couvrez le cadeau parfait pour les amateurs de cocktails avec cet \u00e9l\u00e9gant coffret contenant 2 verres et 4 cocktails. Chaque cocktail est con\u00e7u pour","robots":{"index":"noindex","follow":"follow","max-snippet":"max-snippet:-1","max-image-preview":"max-image-preview:large","max-video-preview":"max-video-preview:-1"},"og_locale":"fr_FR","og_type":"article","og_title":"NIO COCKTAILS Pairing Tasting Box - dev6 Erresse","og_description":"D\u00e9couvrez le cadeau parfait pour les amateurs de cocktails avec cet \u00e9l\u00e9gant coffret contenant 2 verres et 4 cocktails. Chaque cocktail est con\u00e7u pour","og_url":"https:\/\/dev6.erresse-shop.it\/fr\/shop\/table-fr-2\/cocktail-fr\/nio-cocktails-pairing-tasting-box\/","og_site_name":"dev6 Erresse","og_image":[{"url":"https:\/\/interpim.erresse-shop.it\/Import\/Prodotti\/nio-cocktails-pairing-tasting-box.jpg","type":"","width":"","height":""},{"url":"https:\/\/interpim.erresse-shop.it\/Import\/Prodotti\/nio-cocktails-pairing-tasting-box.jpg","width":1024,"height":1024,"type":"image\/jpeg"}],"twitter_card":"summary_large_image","twitter_image":"https:\/\/interpim.erresse-shop.it\/Import\/Prodotti\/nio-cocktails-pairing-tasting-box.jpg","schema":{"@context":"https:\/\/schema.org","@graph":[{"@type":"WebPage","@id":"https:\/\/dev6.erresse-shop.it\/fr\/shop\/table-fr-2\/cocktail-fr\/nio-cocktails-pairing-tasting-box\/","url":"https:\/\/dev6.erresse-shop.it\/fr\/shop\/table-fr-2\/cocktail-fr\/nio-cocktails-pairing-tasting-box\/","name":"NIO COCKTAILS Pairing Tasting Box - dev6 Erresse","isPartOf":{"@id":"https:\/\/dev6.erresse-shop.it\/#website"},"primaryImageOfPage":{"@id":"https:\/\/dev6.erresse-shop.it\/fr\/shop\/table-fr-2\/cocktail-fr\/nio-cocktails-pairing-tasting-box\/#primaryimage"},"image":{"@id":"https:\/\/dev6.erresse-shop.it\/fr\/shop\/table-fr-2\/cocktail-fr\/nio-cocktails-pairing-tasting-box\/#primaryimage"},"thumbnailUrl":"https:\/\/i3.wp.com\/interpim.erresse-shop.it\/Import\/Prodotti\/nio-cocktails-pairing-tasting-box.jpg?ssl=1","datePublished":"2026-04-12T11:18:22+00:00","description":"D\u00e9couvrez le cadeau parfait pour les amateurs de cocktails avec cet \u00e9l\u00e9gant coffret contenant 2 verres et 4 cocktails. Chaque cocktail est con\u00e7u pour","breadcrumb":{"@id":"https:\/\/dev6.erresse-shop.it\/fr\/shop\/table-fr-2\/cocktail-fr\/nio-cocktails-pairing-tasting-box\/#breadcrumb"},"inLanguage":"fr-FR","potentialAction":[{"@type":"ReadAction","target":["https:\/\/dev6.erresse-shop.it\/fr\/shop\/table-fr-2\/cocktail-fr\/nio-cocktails-pairing-tasting-box\/"]}]},{"@type":"ImageObject","inLanguage":"fr-FR","@id":"https:\/\/dev6.erresse-shop.it\/fr\/shop\/table-fr-2\/cocktail-fr\/nio-cocktails-pairing-tasting-box\/#primaryimage","url":"https:\/\/i3.wp.com\/interpim.erresse-shop.it\/Import\/Prodotti\/nio-cocktails-pairing-tasting-box.jpg?ssl=1","contentUrl":"https:\/\/i3.wp.com\/interpim.erresse-shop.it\/Import\/Prodotti\/nio-cocktails-pairing-tasting-box.jpg?ssl=1"},{"@type":"BreadcrumbList","@id":"https:\/\/dev6.erresse-shop.it\/fr\/shop\/table-fr-2\/cocktail-fr\/nio-cocktails-pairing-tasting-box\/#breadcrumb","itemListElement":[{"@type":"ListItem","position":1,"name":"Home","item":"https:\/\/dev6.erresse-shop.it\/"},{"@type":"ListItem","position":2,"name":"Boutique","item":"https:\/\/dev6.erresse-shop.it\/shop\/"},{"@type":"ListItem","position":3,"name":"NIO COCKTAILS Pairing Tasting Box"}]},{"@type":"WebSite","@id":"https:\/\/dev6.erresse-shop.it\/#website","url":"https:\/\/dev6.erresse-shop.it\/","name":"Erresse Shop","description":"","publisher":{"@id":"https:\/\/dev6.erresse-shop.it\/#organization"},"potentialAction":[{"@type":"SearchAction","target":{"@type":"EntryPoint","urlTemplate":"https:\/\/dev6.erresse-shop.it\/?s={search_term_string}"},"query-input":{"@type":"PropertyValueSpecification","valueRequired":true,"valueName":"search_term_string"}}],"inLanguage":"fr-FR"},{"@type":"Organization","@id":"https:\/\/dev6.erresse-shop.it\/#organization","name":"Erresse Shop","url":"https:\/\/dev6.erresse-shop.it\/","logo":{"@type":"ImageObject","inLanguage":"fr-FR","@id":"https:\/\/dev6.erresse-shop.it\/#\/schema\/logo\/image\/","url":"https:\/\/dev6.erresse-shop.it\/wp-content\/uploads\/2025\/01\/LOGO-ERRESSE-CLASSICO.svg","contentUrl":"https:\/\/dev6.erresse-shop.it\/wp-content\/uploads\/2025\/01\/LOGO-ERRESSE-CLASSICO.svg","caption":"Erresse Shop"},"image":{"@id":"https:\/\/dev6.erresse-shop.it\/#\/schema\/logo\/image\/"}}]}},"df_price":50,"df_sale_price":50,"df_regular_price":60,"df_image_link":"https:\/\/i3.wp.com\/interpim.erresse-shop.it\/Import\/Prodotti\/nio-cocktails-pairing-tasting-box.jpg?resize=300,300&ssl=1","fifu_image_url":"https:\/\/interpim.erresse-shop.it\/Import\/Prodotti\/nio-cocktails-pairing-tasting-box.jpg","_links":{"self":[{"href":"https:\/\/dev6.erresse-shop.it\/fr\/wp-json\/wp\/v2\/product\/1609881","targetHints":{"allow":["GET"]}}],"collection":[{"href":"https:\/\/dev6.erresse-shop.it\/fr\/wp-json\/wp\/v2\/product"}],"about":[{"href":"https:\/\/dev6.erresse-shop.it\/fr\/wp-json\/wp\/v2\/types\/product"}],"wp:featuredmedia":[{"embeddable":true,"href":"https:\/\/dev6.erresse-shop.it\/fr\/wp-json\/wp\/v2\/media\/6376670"}],"wp:attachment":[{"href":"https:\/\/dev6.erresse-shop.it\/fr\/wp-json\/wp\/v2\/media?parent=1609881"}],"wp:term":[{"taxonomy":"product_cat","embeddable":true,"href":"https:\/\/dev6.erresse-shop.it\/fr\/wp-json\/wp\/v2\/product_cat?post=1609881"},{"taxonomy":"product_tag","embeddable":true,"href":"https:\/\/dev6.erresse-shop.it\/fr\/wp-json\/wp\/v2\/product_tag?post=1609881"}],"curies":[{"name":"wp","href":"https:\/\/api.w.org\/{rel}","templated":true}]}}