{"id":1609863,"date":"2026-04-12T13:15:45","date_gmt":"2026-04-12T11:15:45","guid":{"rendered":"https:\/\/dev6.erresse-shop.it\/shop\/non%20class\u00e9\/wd-lifestyle-coffret-theiere-et-4-verres-en-fonte-rouge\/"},"modified":"2025-09-14T06:39:24","modified_gmt":"2025-09-14T04:39:24","slug":"wd-lifestyle-coffret-theiere-et-4-verres-en-fonte-rouge","status":"publish","type":"product","link":"https:\/\/dev6.erresse-shop.it\/fr\/shop\/table-fr-2\/theieres-sucriers-pots-a-lait\/wd-lifestyle-coffret-theiere-et-4-verres-en-fonte-rouge\/","title":{"rendered":"WD LIFESTYLE Coffret Th\u00e9i\u00e8re et 4 Verres en Fonte Rouge"},"content":{"rendered":"<p>Ce service \u00e0 th\u00e9 en fonte, compos\u00e9 d\u2019une th\u00e9i\u00e8re avec filtre et de quatre verres, se caract\u00e9rise par une texture en relief raffin\u00e9e qui donne un effet visuel et tactile de grand impact. La robustesse de la fonte garantit une excellente r\u00e9tention de la chaleur, id\u00e9ale pour une infusion parfaite. Les verres, \u00e9galement en fonte, s\u2019accordent \u00e9l\u00e9gamment \u00e0 la th\u00e9i\u00e8re, offrant une prise en main confortable et une exp\u00e9rience de d\u00e9gustation unique.<\/p>\n<p>Un excellent choix pour ceux qui veulent un service \u00e0 th\u00e9 alliant fonctionnalit\u00e9 et style.<\/p>\n<p>Capacit\u00e9 : 600 ml<\/p>\n<p>Ne convient pas aux lave-vaisselle et aux micro-ondes<\/p>\n","protected":false},"excerpt":{"rendered":"<p>Ce service \u00e0 th\u00e9 en fonte, compos\u00e9 d\u2019une th\u00e9i\u00e8re avec filtre et de quatre verres, se caract\u00e9rise par une texture en relief raffin\u00e9e qui donne un effet visuel et tactile de grand impact. La robustesse de la fonte garantit une excellente r\u00e9tention de la chaleur, id\u00e9ale pour une infusion parfaite. Les verres, \u00e9galement en fonte, [&hellip;]<\/p>\n","protected":false},"featured_media":6376626,"template":"","meta":{"_acf_changed":false},"product_cat":[11995,12006],"product_tag":[],"class_list":{"0":"post-1609863","1":"product","2":"type-product","3":"status-publish","4":"has-post-thumbnail","6":"product_cat-table-fr-2","7":"product_cat-theieres-sucriers-pots-a-lait","9":"first","10":"instock","11":"taxable","12":"shipping-taxable","13":"purchasable","14":"product-type-simple","swatches":"rey-swatches","show_selected":"","stretch_labels":"rey-swatches--stretch-labels"},"acf":[],"yoast_head":"<!-- This site is optimized with the Yoast SEO plugin v25.4 - https:\/\/yoast.com\/wordpress\/plugins\/seo\/ -->\n<title>WD LIFESTYLE Coffret Th\u00e9i\u00e8re et 4 Verres en Fonte Rouge - dev6 Erresse<\/title>\n<meta name=\"description\" content=\"Ce service \u00e0 th\u00e9 en fonte, compos\u00e9 d\u2019une th\u00e9i\u00e8re avec filtre et de quatre verres, se caract\u00e9rise par une texture en relief raffin\u00e9e qui donne un effet\" \/>\n<meta name=\"robots\" content=\"noindex, follow, max-snippet:-1, max-image-preview:large, max-video-preview:-1\" \/>\n<meta property=\"og:locale\" content=\"fr_FR\" \/>\n<meta property=\"og:type\" content=\"article\" \/>\n<meta property=\"og:title\" content=\"WD LIFESTYLE Coffret Th\u00e9i\u00e8re et 4 Verres en Fonte Rouge - dev6 Erresse\" \/>\n<meta property=\"og:description\" content=\"Ce service \u00e0 th\u00e9 en fonte, compos\u00e9 d\u2019une th\u00e9i\u00e8re avec filtre et de quatre verres, se caract\u00e9rise par une texture en relief raffin\u00e9e qui donne un effet\" \/>\n<meta property=\"og:url\" content=\"https:\/\/dev6.erresse-shop.it\/fr\/shop\/table-fr-2\/theieres-sucriers-pots-a-lait\/wd-lifestyle-coffret-theiere-et-4-verres-en-fonte-rouge\/\" \/>\n<meta property=\"og:site_name\" content=\"dev6 Erresse\" \/>\n<meta property=\"og:image\" content=\"https:\/\/interpim.erresse-shop.it\/Import\/Prodotti\/wd-lifestyle-set-teiera-e-4-bicchieri-in-ghisa-rosso.jpg\" \/><meta property=\"og:image\" content=\"https:\/\/interpim.erresse-shop.it\/Import\/Prodotti\/wd-lifestyle-set-teiera-e-4-bicchieri-in-ghisa-rosso.jpg\" \/>\n\t<meta property=\"og:image:width\" content=\"1024\" \/>\n\t<meta property=\"og:image:height\" content=\"1024\" \/>\n\t<meta property=\"og:image:type\" content=\"image\/jpeg\" \/>\n<meta name=\"twitter:card\" content=\"summary_large_image\" \/>\n<meta name=\"twitter:image\" content=\"https:\/\/interpim.erresse-shop.it\/Import\/Prodotti\/wd-lifestyle-set-teiera-e-4-bicchieri-in-ghisa-rosso.jpg\" \/>\n<script type=\"application\/ld+json\" class=\"yoast-schema-graph\">{\"@context\":\"https:\/\/schema.org\",\"@graph\":[{\"@type\":\"WebPage\",\"@id\":\"https:\/\/dev6.erresse-shop.it\/fr\/shop\/table-fr-2\/theieres-sucriers-pots-a-lait\/wd-lifestyle-coffret-theiere-et-4-verres-en-fonte-rouge\/\",\"url\":\"https:\/\/dev6.erresse-shop.it\/fr\/shop\/table-fr-2\/theieres-sucriers-pots-a-lait\/wd-lifestyle-coffret-theiere-et-4-verres-en-fonte-rouge\/\",\"name\":\"WD LIFESTYLE Coffret Th\u00e9i\u00e8re et 4 Verres en Fonte Rouge - dev6 Erresse\",\"isPartOf\":{\"@id\":\"https:\/\/dev6.erresse-shop.it\/#website\"},\"primaryImageOfPage\":{\"@id\":\"https:\/\/dev6.erresse-shop.it\/fr\/shop\/table-fr-2\/theieres-sucriers-pots-a-lait\/wd-lifestyle-coffret-theiere-et-4-verres-en-fonte-rouge\/#primaryimage\"},\"image\":{\"@id\":\"https:\/\/dev6.erresse-shop.it\/fr\/shop\/table-fr-2\/theieres-sucriers-pots-a-lait\/wd-lifestyle-coffret-theiere-et-4-verres-en-fonte-rouge\/#primaryimage\"},\"thumbnailUrl\":\"https:\/\/i1.wp.com\/interpim.erresse-shop.it\/Import\/Prodotti\/wd-lifestyle-set-teiera-e-4-bicchieri-in-ghisa-rosso.jpg?ssl=1\",\"datePublished\":\"2026-04-12T11:15:45+00:00\",\"description\":\"Ce service \u00e0 th\u00e9 en fonte, compos\u00e9 d\u2019une th\u00e9i\u00e8re avec filtre et de quatre verres, se caract\u00e9rise par une texture en relief raffin\u00e9e qui donne un effet\",\"breadcrumb\":{\"@id\":\"https:\/\/dev6.erresse-shop.it\/fr\/shop\/table-fr-2\/theieres-sucriers-pots-a-lait\/wd-lifestyle-coffret-theiere-et-4-verres-en-fonte-rouge\/#breadcrumb\"},\"inLanguage\":\"fr-FR\",\"potentialAction\":[{\"@type\":\"ReadAction\",\"target\":[\"https:\/\/dev6.erresse-shop.it\/fr\/shop\/table-fr-2\/theieres-sucriers-pots-a-lait\/wd-lifestyle-coffret-theiere-et-4-verres-en-fonte-rouge\/\"]}]},{\"@type\":\"ImageObject\",\"inLanguage\":\"fr-FR\",\"@id\":\"https:\/\/dev6.erresse-shop.it\/fr\/shop\/table-fr-2\/theieres-sucriers-pots-a-lait\/wd-lifestyle-coffret-theiere-et-4-verres-en-fonte-rouge\/#primaryimage\",\"url\":\"https:\/\/i1.wp.com\/interpim.erresse-shop.it\/Import\/Prodotti\/wd-lifestyle-set-teiera-e-4-bicchieri-in-ghisa-rosso.jpg?ssl=1\",\"contentUrl\":\"https:\/\/i1.wp.com\/interpim.erresse-shop.it\/Import\/Prodotti\/wd-lifestyle-set-teiera-e-4-bicchieri-in-ghisa-rosso.jpg?ssl=1\"},{\"@type\":\"BreadcrumbList\",\"@id\":\"https:\/\/dev6.erresse-shop.it\/fr\/shop\/table-fr-2\/theieres-sucriers-pots-a-lait\/wd-lifestyle-coffret-theiere-et-4-verres-en-fonte-rouge\/#breadcrumb\",\"itemListElement\":[{\"@type\":\"ListItem\",\"position\":1,\"name\":\"Home\",\"item\":\"https:\/\/dev6.erresse-shop.it\/\"},{\"@type\":\"ListItem\",\"position\":2,\"name\":\"Boutique\",\"item\":\"https:\/\/dev6.erresse-shop.it\/shop\/\"},{\"@type\":\"ListItem\",\"position\":3,\"name\":\"WD LIFESTYLE Coffret Th\u00e9i\u00e8re et 4 Verres en Fonte Rouge\"}]},{\"@type\":\"WebSite\",\"@id\":\"https:\/\/dev6.erresse-shop.it\/#website\",\"url\":\"https:\/\/dev6.erresse-shop.it\/\",\"name\":\"Erresse Shop\",\"description\":\"\",\"publisher\":{\"@id\":\"https:\/\/dev6.erresse-shop.it\/#organization\"},\"potentialAction\":[{\"@type\":\"SearchAction\",\"target\":{\"@type\":\"EntryPoint\",\"urlTemplate\":\"https:\/\/dev6.erresse-shop.it\/?s={search_term_string}\"},\"query-input\":{\"@type\":\"PropertyValueSpecification\",\"valueRequired\":true,\"valueName\":\"search_term_string\"}}],\"inLanguage\":\"fr-FR\"},{\"@type\":\"Organization\",\"@id\":\"https:\/\/dev6.erresse-shop.it\/#organization\",\"name\":\"Erresse Shop\",\"url\":\"https:\/\/dev6.erresse-shop.it\/\",\"logo\":{\"@type\":\"ImageObject\",\"inLanguage\":\"fr-FR\",\"@id\":\"https:\/\/dev6.erresse-shop.it\/#\/schema\/logo\/image\/\",\"url\":\"https:\/\/dev6.erresse-shop.it\/wp-content\/uploads\/2025\/01\/LOGO-ERRESSE-CLASSICO.svg\",\"contentUrl\":\"https:\/\/dev6.erresse-shop.it\/wp-content\/uploads\/2025\/01\/LOGO-ERRESSE-CLASSICO.svg\",\"caption\":\"Erresse Shop\"},\"image\":{\"@id\":\"https:\/\/dev6.erresse-shop.it\/#\/schema\/logo\/image\/\"}}]}<\/script>\n<!-- \/ Yoast SEO plugin. -->","yoast_head_json":{"title":"WD LIFESTYLE Coffret Th\u00e9i\u00e8re et 4 Verres en Fonte Rouge - dev6 Erresse","description":"Ce service \u00e0 th\u00e9 en fonte, compos\u00e9 d\u2019une th\u00e9i\u00e8re avec filtre et de quatre verres, se caract\u00e9rise par une texture en relief raffin\u00e9e qui donne un effet","robots":{"index":"noindex","follow":"follow","max-snippet":"max-snippet:-1","max-image-preview":"max-image-preview:large","max-video-preview":"max-video-preview:-1"},"og_locale":"fr_FR","og_type":"article","og_title":"WD LIFESTYLE Coffret Th\u00e9i\u00e8re et 4 Verres en Fonte Rouge - dev6 Erresse","og_description":"Ce service \u00e0 th\u00e9 en fonte, compos\u00e9 d\u2019une th\u00e9i\u00e8re avec filtre et de quatre verres, se caract\u00e9rise par une texture en relief raffin\u00e9e qui donne un effet","og_url":"https:\/\/dev6.erresse-shop.it\/fr\/shop\/table-fr-2\/theieres-sucriers-pots-a-lait\/wd-lifestyle-coffret-theiere-et-4-verres-en-fonte-rouge\/","og_site_name":"dev6 Erresse","og_image":[{"url":"https:\/\/interpim.erresse-shop.it\/Import\/Prodotti\/wd-lifestyle-set-teiera-e-4-bicchieri-in-ghisa-rosso.jpg","type":"","width":"","height":""},{"url":"https:\/\/interpim.erresse-shop.it\/Import\/Prodotti\/wd-lifestyle-set-teiera-e-4-bicchieri-in-ghisa-rosso.jpg","width":1024,"height":1024,"type":"image\/jpeg"}],"twitter_card":"summary_large_image","twitter_image":"https:\/\/interpim.erresse-shop.it\/Import\/Prodotti\/wd-lifestyle-set-teiera-e-4-bicchieri-in-ghisa-rosso.jpg","schema":{"@context":"https:\/\/schema.org","@graph":[{"@type":"WebPage","@id":"https:\/\/dev6.erresse-shop.it\/fr\/shop\/table-fr-2\/theieres-sucriers-pots-a-lait\/wd-lifestyle-coffret-theiere-et-4-verres-en-fonte-rouge\/","url":"https:\/\/dev6.erresse-shop.it\/fr\/shop\/table-fr-2\/theieres-sucriers-pots-a-lait\/wd-lifestyle-coffret-theiere-et-4-verres-en-fonte-rouge\/","name":"WD LIFESTYLE Coffret Th\u00e9i\u00e8re et 4 Verres en Fonte Rouge - dev6 Erresse","isPartOf":{"@id":"https:\/\/dev6.erresse-shop.it\/#website"},"primaryImageOfPage":{"@id":"https:\/\/dev6.erresse-shop.it\/fr\/shop\/table-fr-2\/theieres-sucriers-pots-a-lait\/wd-lifestyle-coffret-theiere-et-4-verres-en-fonte-rouge\/#primaryimage"},"image":{"@id":"https:\/\/dev6.erresse-shop.it\/fr\/shop\/table-fr-2\/theieres-sucriers-pots-a-lait\/wd-lifestyle-coffret-theiere-et-4-verres-en-fonte-rouge\/#primaryimage"},"thumbnailUrl":"https:\/\/i1.wp.com\/interpim.erresse-shop.it\/Import\/Prodotti\/wd-lifestyle-set-teiera-e-4-bicchieri-in-ghisa-rosso.jpg?ssl=1","datePublished":"2026-04-12T11:15:45+00:00","description":"Ce service \u00e0 th\u00e9 en fonte, compos\u00e9 d\u2019une th\u00e9i\u00e8re avec filtre et de quatre verres, se caract\u00e9rise par une texture en relief raffin\u00e9e qui donne un effet","breadcrumb":{"@id":"https:\/\/dev6.erresse-shop.it\/fr\/shop\/table-fr-2\/theieres-sucriers-pots-a-lait\/wd-lifestyle-coffret-theiere-et-4-verres-en-fonte-rouge\/#breadcrumb"},"inLanguage":"fr-FR","potentialAction":[{"@type":"ReadAction","target":["https:\/\/dev6.erresse-shop.it\/fr\/shop\/table-fr-2\/theieres-sucriers-pots-a-lait\/wd-lifestyle-coffret-theiere-et-4-verres-en-fonte-rouge\/"]}]},{"@type":"ImageObject","inLanguage":"fr-FR","@id":"https:\/\/dev6.erresse-shop.it\/fr\/shop\/table-fr-2\/theieres-sucriers-pots-a-lait\/wd-lifestyle-coffret-theiere-et-4-verres-en-fonte-rouge\/#primaryimage","url":"https:\/\/i1.wp.com\/interpim.erresse-shop.it\/Import\/Prodotti\/wd-lifestyle-set-teiera-e-4-bicchieri-in-ghisa-rosso.jpg?ssl=1","contentUrl":"https:\/\/i1.wp.com\/interpim.erresse-shop.it\/Import\/Prodotti\/wd-lifestyle-set-teiera-e-4-bicchieri-in-ghisa-rosso.jpg?ssl=1"},{"@type":"BreadcrumbList","@id":"https:\/\/dev6.erresse-shop.it\/fr\/shop\/table-fr-2\/theieres-sucriers-pots-a-lait\/wd-lifestyle-coffret-theiere-et-4-verres-en-fonte-rouge\/#breadcrumb","itemListElement":[{"@type":"ListItem","position":1,"name":"Home","item":"https:\/\/dev6.erresse-shop.it\/"},{"@type":"ListItem","position":2,"name":"Boutique","item":"https:\/\/dev6.erresse-shop.it\/shop\/"},{"@type":"ListItem","position":3,"name":"WD LIFESTYLE Coffret Th\u00e9i\u00e8re et 4 Verres en Fonte Rouge"}]},{"@type":"WebSite","@id":"https:\/\/dev6.erresse-shop.it\/#website","url":"https:\/\/dev6.erresse-shop.it\/","name":"Erresse Shop","description":"","publisher":{"@id":"https:\/\/dev6.erresse-shop.it\/#organization"},"potentialAction":[{"@type":"SearchAction","target":{"@type":"EntryPoint","urlTemplate":"https:\/\/dev6.erresse-shop.it\/?s={search_term_string}"},"query-input":{"@type":"PropertyValueSpecification","valueRequired":true,"valueName":"search_term_string"}}],"inLanguage":"fr-FR"},{"@type":"Organization","@id":"https:\/\/dev6.erresse-shop.it\/#organization","name":"Erresse Shop","url":"https:\/\/dev6.erresse-shop.it\/","logo":{"@type":"ImageObject","inLanguage":"fr-FR","@id":"https:\/\/dev6.erresse-shop.it\/#\/schema\/logo\/image\/","url":"https:\/\/dev6.erresse-shop.it\/wp-content\/uploads\/2025\/01\/LOGO-ERRESSE-CLASSICO.svg","contentUrl":"https:\/\/dev6.erresse-shop.it\/wp-content\/uploads\/2025\/01\/LOGO-ERRESSE-CLASSICO.svg","caption":"Erresse Shop"},"image":{"@id":"https:\/\/dev6.erresse-shop.it\/#\/schema\/logo\/image\/"}}]}},"df_price":49,"df_sale_price":"","df_regular_price":49,"df_image_link":"https:\/\/i1.wp.com\/interpim.erresse-shop.it\/Import\/Prodotti\/wd-lifestyle-set-teiera-e-4-bicchieri-in-ghisa-rosso.jpg?resize=300,300&ssl=1","fifu_image_url":"https:\/\/interpim.erresse-shop.it\/Import\/Prodotti\/wd-lifestyle-set-teiera-e-4-bicchieri-in-ghisa-rosso.jpg","_links":{"self":[{"href":"https:\/\/dev6.erresse-shop.it\/fr\/wp-json\/wp\/v2\/product\/1609863","targetHints":{"allow":["GET"]}}],"collection":[{"href":"https:\/\/dev6.erresse-shop.it\/fr\/wp-json\/wp\/v2\/product"}],"about":[{"href":"https:\/\/dev6.erresse-shop.it\/fr\/wp-json\/wp\/v2\/types\/product"}],"wp:featuredmedia":[{"embeddable":true,"href":"https:\/\/dev6.erresse-shop.it\/fr\/wp-json\/wp\/v2\/media\/6376626"}],"wp:attachment":[{"href":"https:\/\/dev6.erresse-shop.it\/fr\/wp-json\/wp\/v2\/media?parent=1609863"}],"wp:term":[{"taxonomy":"product_cat","embeddable":true,"href":"https:\/\/dev6.erresse-shop.it\/fr\/wp-json\/wp\/v2\/product_cat?post=1609863"},{"taxonomy":"product_tag","embeddable":true,"href":"https:\/\/dev6.erresse-shop.it\/fr\/wp-json\/wp\/v2\/product_tag?post=1609863"}],"curies":[{"name":"wp","href":"https:\/\/api.w.org\/{rel}","templated":true}]}}