{"id":1609861,"date":"2026-04-04T13:13:15","date_gmt":"2026-04-04T11:13:15","guid":{"rendered":"https:\/\/dev6.erresse-shop.it\/shop\/non%20class\u00e9\/nio-cocktails-postcards-from-france\/"},"modified":"2025-09-14T06:39:20","modified_gmt":"2025-09-14T04:39:20","slug":"nio-cocktails-postcards-from-france","status":"publish","type":"product","link":"https:\/\/dev6.erresse-shop.it\/fr\/shop\/table-fr-2\/cocktail-fr\/nio-cocktails-postcards-from-france\/","title":{"rendered":"NIO COCKTAILS Postcards from France"},"content":{"rendered":"<p>D\u00e9couvrez Postcards from France, la nouvelle collection de cocktails exclusifs de NIO Cocktails : un avant-go\u00fbt de l\u2019histoire, du patrimoine et de l\u2019art de vivre de la France, du nord au sud.<\/p>\n<p>Inspir\u00e9 par les traditions viticoles et de distillation de quatre r\u00e9gions fran\u00e7aises \u00e9vocatrices, Patrick Pistolesi a cr\u00e9\u00e9 4 cocktails exclusifs qui capturent l\u2019esprit unique d\u2019une terre riche en tradition, en histoire et en beaut\u00e9.<\/p>\n<p>Rejoignez-le dans ce voyage gustatif \u00e0 la d\u00e9couverte d\u2019un territoire extraordinaire, plein de d\u00e9lices pour tous les sens : d\u00e9gustez ces nouvelles cr\u00e9ations qui rendent hommage aux terroirs de Cognac, aux c\u00f4tes escarp\u00e9es de la Normandie, au bleu du Sud et \u00e0 l\u2019\u00e9l\u00e9gant boulevard de Paris et revivez la magie de la France \u00e0 chaque gorg\u00e9e.<\/p>\n<p>Cocktails dans la bo\u00eete\u00a0:<\/p>\n<p>Chant de la Mer : Citadelle Original Dry Gin | Liqueur d\u2019Ananas des Cara\u00efbes Giffard | Liqueur de Cura\u00e7ao Bleu Giffard | Sirop de sucre de canne Maison Routin 1883 | 100 ml | 22,9% ABV<\/p>\n<p>Normandie Rouge : Coquerel Calvados VSOP | Noilly Prat Vermouth de France Rouge | Liqueur de pomme verte Monin | Campari amer | Bi\u00e8re Picon | 100 ml | 25,6% ABV<\/p>\n<p>Le Parisien : Brandy St. Remy XO | Cointreau | Gingembre des Indes Giffard | 100 ml | 29% VOL Brandy St. Remy XO | Cointreau | Gingembre des Indes Giffard | 100 ml | 29% ABV<\/p>\n<p>\u00c9toile\u00a0du\u00a0Sud\u00a0: Gin G\u2019vine Floraison | Liqueur de fleur de sureau St. Germain | Sirop de sucre de canne Maison Routin 1883 | Cr\u00e8me \u00e0 la violette Monin | 100 ml | 20,8% ABV<\/p>\n<p>\u00a0<\/p>\n<p>Fabriqu\u00e9 \u00e0 la main en Italie avec les meilleurs spiritueux du monde<br \/>\nNous vous apportons chez vous ou l\u00e0 o\u00f9 vous le souhaitez, une exp\u00e9rience de d\u00e9gustation pleine de qualit\u00e9 et d\u2019\u00e9motion. Faites-vous plaisir ou offrez un agr\u00e9able moment sensoriel : nos cocktails sont \u00e9labor\u00e9s selon la recette de Patrick Pistolesi et exp\u00e9di\u00e9s dans un packaging design, enti\u00e8rement recyclable.<\/p>\n","protected":false},"excerpt":{"rendered":"<p>D\u00e9couvrez Postcards from France, la nouvelle collection de cocktails exclusifs de NIO Cocktails : un avant-go\u00fbt de l\u2019histoire, du patrimoine et de l\u2019art de vivre de la France, du nord au sud. Inspir\u00e9 par les traditions viticoles et de distillation de quatre r\u00e9gions fran\u00e7aises \u00e9vocatrices, Patrick Pistolesi a cr\u00e9\u00e9 4 cocktails exclusifs qui capturent l\u2019esprit [&hellip;]<\/p>\n","protected":false},"featured_media":6293344,"template":"","meta":{"_acf_changed":false},"product_cat":[12046,11995],"product_tag":[],"class_list":{"0":"post-1609861","1":"product","2":"type-product","3":"status-publish","4":"has-post-thumbnail","6":"product_cat-cocktail-fr","7":"product_cat-table-fr-2","9":"first","10":"instock","11":"taxable","12":"shipping-taxable","13":"purchasable","14":"product-type-simple","swatches":"rey-swatches","show_selected":"","stretch_labels":"rey-swatches--stretch-labels"},"acf":[],"yoast_head":"<!-- This site is optimized with the Yoast SEO plugin v25.4 - https:\/\/yoast.com\/wordpress\/plugins\/seo\/ -->\n<title>NIO COCKTAILS Postcards from France - dev6 Erresse<\/title>\n<meta name=\"description\" content=\"D\u00e9couvrez Postcards from France, la nouvelle collection de cocktails exclusifs de NIO Cocktails : un avant-go\u00fbt de l\u2019histoire, du patrimoine et de l\u2019art\" \/>\n<meta name=\"robots\" content=\"noindex, follow, max-snippet:-1, max-image-preview:large, max-video-preview:-1\" \/>\n<meta property=\"og:locale\" content=\"fr_FR\" \/>\n<meta property=\"og:type\" content=\"article\" \/>\n<meta property=\"og:title\" content=\"NIO COCKTAILS Postcards from France - dev6 Erresse\" \/>\n<meta property=\"og:description\" content=\"D\u00e9couvrez Postcards from France, la nouvelle collection de cocktails exclusifs de NIO Cocktails : un avant-go\u00fbt de l\u2019histoire, du patrimoine et de l\u2019art\" \/>\n<meta property=\"og:url\" content=\"https:\/\/dev6.erresse-shop.it\/fr\/shop\/table-fr-2\/cocktail-fr\/nio-cocktails-postcards-from-france\/\" \/>\n<meta property=\"og:site_name\" content=\"dev6 Erresse\" \/>\n<meta property=\"og:image\" content=\"https:\/\/interpim.erresse-shop.it\/Import\/Prodotti\/nio-cocktails-postcards-from-france.jpg\" \/><meta property=\"og:image\" content=\"https:\/\/interpim.erresse-shop.it\/Import\/Prodotti\/nio-cocktails-postcards-from-france.jpg\" \/>\n\t<meta property=\"og:image:width\" content=\"1024\" \/>\n\t<meta property=\"og:image:height\" content=\"1024\" \/>\n\t<meta property=\"og:image:type\" content=\"image\/jpeg\" \/>\n<meta name=\"twitter:card\" content=\"summary_large_image\" \/>\n<meta name=\"twitter:image\" content=\"https:\/\/interpim.erresse-shop.it\/Import\/Prodotti\/nio-cocktails-postcards-from-france.jpg\" \/>\n<script type=\"application\/ld+json\" class=\"yoast-schema-graph\">{\"@context\":\"https:\/\/schema.org\",\"@graph\":[{\"@type\":\"WebPage\",\"@id\":\"https:\/\/dev6.erresse-shop.it\/fr\/shop\/table-fr-2\/cocktail-fr\/nio-cocktails-postcards-from-france\/\",\"url\":\"https:\/\/dev6.erresse-shop.it\/fr\/shop\/table-fr-2\/cocktail-fr\/nio-cocktails-postcards-from-france\/\",\"name\":\"NIO COCKTAILS Postcards from France - dev6 Erresse\",\"isPartOf\":{\"@id\":\"https:\/\/dev6.erresse-shop.it\/#website\"},\"primaryImageOfPage\":{\"@id\":\"https:\/\/dev6.erresse-shop.it\/fr\/shop\/table-fr-2\/cocktail-fr\/nio-cocktails-postcards-from-france\/#primaryimage\"},\"image\":{\"@id\":\"https:\/\/dev6.erresse-shop.it\/fr\/shop\/table-fr-2\/cocktail-fr\/nio-cocktails-postcards-from-france\/#primaryimage\"},\"thumbnailUrl\":\"https:\/\/i1.wp.com\/interpim.erresse-shop.it\/Import\/Prodotti\/nio-cocktails-postcards-from-france.jpg?ssl=1\",\"datePublished\":\"2026-04-04T11:13:15+00:00\",\"description\":\"D\u00e9couvrez Postcards from France, la nouvelle collection de cocktails exclusifs de NIO Cocktails : un avant-go\u00fbt de l\u2019histoire, du patrimoine et de l\u2019art\",\"breadcrumb\":{\"@id\":\"https:\/\/dev6.erresse-shop.it\/fr\/shop\/table-fr-2\/cocktail-fr\/nio-cocktails-postcards-from-france\/#breadcrumb\"},\"inLanguage\":\"fr-FR\",\"potentialAction\":[{\"@type\":\"ReadAction\",\"target\":[\"https:\/\/dev6.erresse-shop.it\/fr\/shop\/table-fr-2\/cocktail-fr\/nio-cocktails-postcards-from-france\/\"]}]},{\"@type\":\"ImageObject\",\"inLanguage\":\"fr-FR\",\"@id\":\"https:\/\/dev6.erresse-shop.it\/fr\/shop\/table-fr-2\/cocktail-fr\/nio-cocktails-postcards-from-france\/#primaryimage\",\"url\":\"https:\/\/i1.wp.com\/interpim.erresse-shop.it\/Import\/Prodotti\/nio-cocktails-postcards-from-france.jpg?ssl=1\",\"contentUrl\":\"https:\/\/i1.wp.com\/interpim.erresse-shop.it\/Import\/Prodotti\/nio-cocktails-postcards-from-france.jpg?ssl=1\"},{\"@type\":\"BreadcrumbList\",\"@id\":\"https:\/\/dev6.erresse-shop.it\/fr\/shop\/table-fr-2\/cocktail-fr\/nio-cocktails-postcards-from-france\/#breadcrumb\",\"itemListElement\":[{\"@type\":\"ListItem\",\"position\":1,\"name\":\"Home\",\"item\":\"https:\/\/dev6.erresse-shop.it\/\"},{\"@type\":\"ListItem\",\"position\":2,\"name\":\"Boutique\",\"item\":\"https:\/\/dev6.erresse-shop.it\/shop\/\"},{\"@type\":\"ListItem\",\"position\":3,\"name\":\"NIO COCKTAILS Postcards from France\"}]},{\"@type\":\"WebSite\",\"@id\":\"https:\/\/dev6.erresse-shop.it\/#website\",\"url\":\"https:\/\/dev6.erresse-shop.it\/\",\"name\":\"Erresse Shop\",\"description\":\"\",\"publisher\":{\"@id\":\"https:\/\/dev6.erresse-shop.it\/#organization\"},\"potentialAction\":[{\"@type\":\"SearchAction\",\"target\":{\"@type\":\"EntryPoint\",\"urlTemplate\":\"https:\/\/dev6.erresse-shop.it\/?s={search_term_string}\"},\"query-input\":{\"@type\":\"PropertyValueSpecification\",\"valueRequired\":true,\"valueName\":\"search_term_string\"}}],\"inLanguage\":\"fr-FR\"},{\"@type\":\"Organization\",\"@id\":\"https:\/\/dev6.erresse-shop.it\/#organization\",\"name\":\"Erresse Shop\",\"url\":\"https:\/\/dev6.erresse-shop.it\/\",\"logo\":{\"@type\":\"ImageObject\",\"inLanguage\":\"fr-FR\",\"@id\":\"https:\/\/dev6.erresse-shop.it\/#\/schema\/logo\/image\/\",\"url\":\"https:\/\/dev6.erresse-shop.it\/wp-content\/uploads\/2025\/01\/LOGO-ERRESSE-CLASSICO.svg\",\"contentUrl\":\"https:\/\/dev6.erresse-shop.it\/wp-content\/uploads\/2025\/01\/LOGO-ERRESSE-CLASSICO.svg\",\"caption\":\"Erresse Shop\"},\"image\":{\"@id\":\"https:\/\/dev6.erresse-shop.it\/#\/schema\/logo\/image\/\"}}]}<\/script>\n<!-- \/ Yoast SEO plugin. -->","yoast_head_json":{"title":"NIO COCKTAILS Postcards from France - dev6 Erresse","description":"D\u00e9couvrez Postcards from France, la nouvelle collection de cocktails exclusifs de NIO Cocktails : un avant-go\u00fbt de l\u2019histoire, du patrimoine et de l\u2019art","robots":{"index":"noindex","follow":"follow","max-snippet":"max-snippet:-1","max-image-preview":"max-image-preview:large","max-video-preview":"max-video-preview:-1"},"og_locale":"fr_FR","og_type":"article","og_title":"NIO COCKTAILS Postcards from France - dev6 Erresse","og_description":"D\u00e9couvrez Postcards from France, la nouvelle collection de cocktails exclusifs de NIO Cocktails : un avant-go\u00fbt de l\u2019histoire, du patrimoine et de l\u2019art","og_url":"https:\/\/dev6.erresse-shop.it\/fr\/shop\/table-fr-2\/cocktail-fr\/nio-cocktails-postcards-from-france\/","og_site_name":"dev6 Erresse","og_image":[{"url":"https:\/\/interpim.erresse-shop.it\/Import\/Prodotti\/nio-cocktails-postcards-from-france.jpg","type":"","width":"","height":""},{"url":"https:\/\/interpim.erresse-shop.it\/Import\/Prodotti\/nio-cocktails-postcards-from-france.jpg","width":1024,"height":1024,"type":"image\/jpeg"}],"twitter_card":"summary_large_image","twitter_image":"https:\/\/interpim.erresse-shop.it\/Import\/Prodotti\/nio-cocktails-postcards-from-france.jpg","schema":{"@context":"https:\/\/schema.org","@graph":[{"@type":"WebPage","@id":"https:\/\/dev6.erresse-shop.it\/fr\/shop\/table-fr-2\/cocktail-fr\/nio-cocktails-postcards-from-france\/","url":"https:\/\/dev6.erresse-shop.it\/fr\/shop\/table-fr-2\/cocktail-fr\/nio-cocktails-postcards-from-france\/","name":"NIO COCKTAILS Postcards from France - dev6 Erresse","isPartOf":{"@id":"https:\/\/dev6.erresse-shop.it\/#website"},"primaryImageOfPage":{"@id":"https:\/\/dev6.erresse-shop.it\/fr\/shop\/table-fr-2\/cocktail-fr\/nio-cocktails-postcards-from-france\/#primaryimage"},"image":{"@id":"https:\/\/dev6.erresse-shop.it\/fr\/shop\/table-fr-2\/cocktail-fr\/nio-cocktails-postcards-from-france\/#primaryimage"},"thumbnailUrl":"https:\/\/i1.wp.com\/interpim.erresse-shop.it\/Import\/Prodotti\/nio-cocktails-postcards-from-france.jpg?ssl=1","datePublished":"2026-04-04T11:13:15+00:00","description":"D\u00e9couvrez Postcards from France, la nouvelle collection de cocktails exclusifs de NIO Cocktails : un avant-go\u00fbt de l\u2019histoire, du patrimoine et de l\u2019art","breadcrumb":{"@id":"https:\/\/dev6.erresse-shop.it\/fr\/shop\/table-fr-2\/cocktail-fr\/nio-cocktails-postcards-from-france\/#breadcrumb"},"inLanguage":"fr-FR","potentialAction":[{"@type":"ReadAction","target":["https:\/\/dev6.erresse-shop.it\/fr\/shop\/table-fr-2\/cocktail-fr\/nio-cocktails-postcards-from-france\/"]}]},{"@type":"ImageObject","inLanguage":"fr-FR","@id":"https:\/\/dev6.erresse-shop.it\/fr\/shop\/table-fr-2\/cocktail-fr\/nio-cocktails-postcards-from-france\/#primaryimage","url":"https:\/\/i1.wp.com\/interpim.erresse-shop.it\/Import\/Prodotti\/nio-cocktails-postcards-from-france.jpg?ssl=1","contentUrl":"https:\/\/i1.wp.com\/interpim.erresse-shop.it\/Import\/Prodotti\/nio-cocktails-postcards-from-france.jpg?ssl=1"},{"@type":"BreadcrumbList","@id":"https:\/\/dev6.erresse-shop.it\/fr\/shop\/table-fr-2\/cocktail-fr\/nio-cocktails-postcards-from-france\/#breadcrumb","itemListElement":[{"@type":"ListItem","position":1,"name":"Home","item":"https:\/\/dev6.erresse-shop.it\/"},{"@type":"ListItem","position":2,"name":"Boutique","item":"https:\/\/dev6.erresse-shop.it\/shop\/"},{"@type":"ListItem","position":3,"name":"NIO COCKTAILS Postcards from France"}]},{"@type":"WebSite","@id":"https:\/\/dev6.erresse-shop.it\/#website","url":"https:\/\/dev6.erresse-shop.it\/","name":"Erresse Shop","description":"","publisher":{"@id":"https:\/\/dev6.erresse-shop.it\/#organization"},"potentialAction":[{"@type":"SearchAction","target":{"@type":"EntryPoint","urlTemplate":"https:\/\/dev6.erresse-shop.it\/?s={search_term_string}"},"query-input":{"@type":"PropertyValueSpecification","valueRequired":true,"valueName":"search_term_string"}}],"inLanguage":"fr-FR"},{"@type":"Organization","@id":"https:\/\/dev6.erresse-shop.it\/#organization","name":"Erresse Shop","url":"https:\/\/dev6.erresse-shop.it\/","logo":{"@type":"ImageObject","inLanguage":"fr-FR","@id":"https:\/\/dev6.erresse-shop.it\/#\/schema\/logo\/image\/","url":"https:\/\/dev6.erresse-shop.it\/wp-content\/uploads\/2025\/01\/LOGO-ERRESSE-CLASSICO.svg","contentUrl":"https:\/\/dev6.erresse-shop.it\/wp-content\/uploads\/2025\/01\/LOGO-ERRESSE-CLASSICO.svg","caption":"Erresse Shop"},"image":{"@id":"https:\/\/dev6.erresse-shop.it\/#\/schema\/logo\/image\/"}}]}},"df_price":30,"df_sale_price":"","df_regular_price":30,"df_image_link":"https:\/\/i1.wp.com\/interpim.erresse-shop.it\/Import\/Prodotti\/nio-cocktails-postcards-from-france.jpg?resize=300,300&ssl=1","fifu_image_url":"https:\/\/interpim.erresse-shop.it\/Import\/Prodotti\/nio-cocktails-postcards-from-france.jpg","_links":{"self":[{"href":"https:\/\/dev6.erresse-shop.it\/fr\/wp-json\/wp\/v2\/product\/1609861","targetHints":{"allow":["GET"]}}],"collection":[{"href":"https:\/\/dev6.erresse-shop.it\/fr\/wp-json\/wp\/v2\/product"}],"about":[{"href":"https:\/\/dev6.erresse-shop.it\/fr\/wp-json\/wp\/v2\/types\/product"}],"wp:featuredmedia":[{"embeddable":true,"href":"https:\/\/dev6.erresse-shop.it\/fr\/wp-json\/wp\/v2\/media\/6293344"}],"wp:attachment":[{"href":"https:\/\/dev6.erresse-shop.it\/fr\/wp-json\/wp\/v2\/media?parent=1609861"}],"wp:term":[{"taxonomy":"product_cat","embeddable":true,"href":"https:\/\/dev6.erresse-shop.it\/fr\/wp-json\/wp\/v2\/product_cat?post=1609861"},{"taxonomy":"product_tag","embeddable":true,"href":"https:\/\/dev6.erresse-shop.it\/fr\/wp-json\/wp\/v2\/product_tag?post=1609861"}],"curies":[{"name":"wp","href":"https:\/\/api.w.org\/{rel}","templated":true}]}}