{"id":1609855,"date":"2026-04-12T13:15:45","date_gmt":"2026-04-12T11:15:45","guid":{"rendered":"https:\/\/dev6.erresse-shop.it\/shop\/non%20class\u00e9\/nio-cocktails-experience-box\/"},"modified":"2025-09-14T06:39:12","modified_gmt":"2025-09-14T04:39:12","slug":"nio-cocktails-experience-box","status":"publish","type":"product","link":"https:\/\/dev6.erresse-shop.it\/fr\/shop\/table-fr-2\/cocktail-fr\/nio-cocktails-experience-box\/","title":{"rendered":"NIO COCKTAILS Experience Box"},"content":{"rendered":"<p>Notre bo\u00eete d\u2019exp\u00e9rience vous offre une exp\u00e9rience de bar \u00e0 domicile sans tracas. Pas de bouteilles, pas de verres, pas de pr\u00e9sentations suppl\u00e9mentaires, juste tout ce dont vous avez besoin pour partager des profils de saveurs premium avec vos amis.<\/p>\n<p>Qu\u2019y a-t-il dans la bo\u00eete<\/p>\n<p>Le coffret cocktail NIO Experience comprend 6 boissons pr\u00e9-m\u00e9lang\u00e9es, 2 verres en cristal, notre moule \u00e0 gla\u00e7ons XL, le tout dans un magnifique emballage.<\/p>\n<p>Cocktails dans la bo\u00eete\u00a0:<\/p>\n<p>Cosmopolitan\u00a0: go\u00fbtez \u00e0 la ville avec ce fabuleux cocktail rose classique compos\u00e9 de vodka Ketel One Family Made Premium, d\u2019une touche de Cointreau et de cette myrtille si importante.<\/p>\n<p>Negroni\u00a0: un classique Made in Italy avec du Tanqueray London Dry Gin, des notes d\u2019\u00e9corce d\u2019orange, de clou de girofle et une touche d\u2019amertume.<\/p>\n<p>Margarita\u00a0: un classique mexicain acidul\u00e9 et aromatique avec de la Tequila Exotico Blanco 100\u00a0% agave bleu, du Cointreau et une pinc\u00e9e de sel.<\/p>\n<p>Old Fashioned\u00a0: avec du Bourbon Bulleit et une touche d\u2019amers \u00e0 l\u2019orange et d\u2019amers aromatiques.<\/p>\n<p>Mai Tai\u00a0: un cocktail fruit\u00e9 qui apporte l\u2019esprit de la culture Tiki \u00e0 votre bar. Fabriqu\u00e9 avec du Ron Santiago de Cuba.<\/p>\n<p>Jardin de Russie\u00a0: une version inhabituelle, fra\u00eeche et parfum\u00e9e de la Vodka Sour, avec la Vodka Ketel One de fabrication familiale et une touche de fleur de sureau. Entreprise de spiritueux pr\u00e9-m\u00e9lang\u00e9s et RTD Masters \u2013 Gagnant de la m\u00e9daille Masters.<\/p>\n<p>\u00a0<\/p>\n<p>Nous vous apportons chez vous ou l\u00e0 o\u00f9 vous le souhaitez, une exp\u00e9rience de d\u00e9gustation pleine de qualit\u00e9 et d\u2019\u00e9motion. Faites-vous plaisir ou offrez un agr\u00e9able moment sensoriel : nos cocktails sont \u00e9labor\u00e9s selon la recette de Patrick Pistolesi et exp\u00e9di\u00e9s dans un packaging design, enti\u00e8rement recyclable.<\/p>\n<p>\u00a0<\/p>\n","protected":false},"excerpt":{"rendered":"<p>Notre bo\u00eete d\u2019exp\u00e9rience vous offre une exp\u00e9rience de bar \u00e0 domicile sans tracas. Pas de bouteilles, pas de verres, pas de pr\u00e9sentations suppl\u00e9mentaires, juste tout ce dont vous avez besoin pour partager des profils de saveurs premium avec vos amis. Qu\u2019y a-t-il dans la bo\u00eete Le coffret cocktail NIO Experience comprend 6 boissons pr\u00e9-m\u00e9lang\u00e9es, 2 [&hellip;]<\/p>\n","protected":false},"featured_media":6376559,"template":"","meta":{"_acf_changed":false},"product_cat":[12046,11995],"product_tag":[],"class_list":{"0":"post-1609855","1":"product","2":"type-product","3":"status-publish","4":"has-post-thumbnail","6":"product_cat-cocktail-fr","7":"product_cat-table-fr-2","9":"first","10":"instock","11":"sale","12":"taxable","13":"shipping-taxable","14":"purchasable","15":"product-type-simple","swatches":"rey-swatches","show_selected":"","stretch_labels":"rey-swatches--stretch-labels"},"acf":[],"yoast_head":"<!-- This site is optimized with the Yoast SEO plugin v25.4 - https:\/\/yoast.com\/wordpress\/plugins\/seo\/ -->\n<title>NIO COCKTAILS Experience Box - dev6 Erresse<\/title>\n<meta name=\"description\" content=\"Notre bo\u00eete d\u2019exp\u00e9rience vous offre une exp\u00e9rience de bar \u00e0 domicile sans tracas. Pas de bouteilles, pas de verres, pas de pr\u00e9sentations suppl\u00e9mentaires,\" \/>\n<meta name=\"robots\" content=\"noindex, follow, max-snippet:-1, max-image-preview:large, max-video-preview:-1\" \/>\n<meta property=\"og:locale\" content=\"fr_FR\" \/>\n<meta property=\"og:type\" content=\"article\" \/>\n<meta property=\"og:title\" content=\"NIO COCKTAILS Experience Box - dev6 Erresse\" \/>\n<meta property=\"og:description\" content=\"Notre bo\u00eete d\u2019exp\u00e9rience vous offre une exp\u00e9rience de bar \u00e0 domicile sans tracas. Pas de bouteilles, pas de verres, pas de pr\u00e9sentations suppl\u00e9mentaires,\" \/>\n<meta property=\"og:url\" content=\"https:\/\/dev6.erresse-shop.it\/fr\/shop\/table-fr-2\/cocktail-fr\/nio-cocktails-experience-box\/\" \/>\n<meta property=\"og:site_name\" content=\"dev6 Erresse\" \/>\n<meta property=\"og:image\" content=\"https:\/\/interpim.erresse-shop.it\/Import\/Prodotti\/nio-cocktails-experience-box.jpg\" \/><meta property=\"og:image\" content=\"https:\/\/interpim.erresse-shop.it\/Import\/Prodotti\/nio-cocktails-experience-box.jpg\" \/>\n\t<meta property=\"og:image:width\" content=\"1024\" \/>\n\t<meta property=\"og:image:height\" content=\"1024\" \/>\n\t<meta property=\"og:image:type\" content=\"image\/jpeg\" \/>\n<meta name=\"twitter:card\" content=\"summary_large_image\" \/>\n<meta name=\"twitter:image\" content=\"https:\/\/interpim.erresse-shop.it\/Import\/Prodotti\/nio-cocktails-experience-box.jpg\" \/>\n<script type=\"application\/ld+json\" class=\"yoast-schema-graph\">{\"@context\":\"https:\/\/schema.org\",\"@graph\":[{\"@type\":\"WebPage\",\"@id\":\"https:\/\/dev6.erresse-shop.it\/fr\/shop\/table-fr-2\/cocktail-fr\/nio-cocktails-experience-box\/\",\"url\":\"https:\/\/dev6.erresse-shop.it\/fr\/shop\/table-fr-2\/cocktail-fr\/nio-cocktails-experience-box\/\",\"name\":\"NIO COCKTAILS Experience Box - dev6 Erresse\",\"isPartOf\":{\"@id\":\"https:\/\/dev6.erresse-shop.it\/#website\"},\"primaryImageOfPage\":{\"@id\":\"https:\/\/dev6.erresse-shop.it\/fr\/shop\/table-fr-2\/cocktail-fr\/nio-cocktails-experience-box\/#primaryimage\"},\"image\":{\"@id\":\"https:\/\/dev6.erresse-shop.it\/fr\/shop\/table-fr-2\/cocktail-fr\/nio-cocktails-experience-box\/#primaryimage\"},\"thumbnailUrl\":\"https:\/\/i1.wp.com\/interpim.erresse-shop.it\/Import\/Prodotti\/nio-cocktails-experience-box.jpg?ssl=1\",\"datePublished\":\"2026-04-12T11:15:45+00:00\",\"description\":\"Notre bo\u00eete d\u2019exp\u00e9rience vous offre une exp\u00e9rience de bar \u00e0 domicile sans tracas. Pas de bouteilles, pas de verres, pas de pr\u00e9sentations suppl\u00e9mentaires,\",\"breadcrumb\":{\"@id\":\"https:\/\/dev6.erresse-shop.it\/fr\/shop\/table-fr-2\/cocktail-fr\/nio-cocktails-experience-box\/#breadcrumb\"},\"inLanguage\":\"fr-FR\",\"potentialAction\":[{\"@type\":\"ReadAction\",\"target\":[\"https:\/\/dev6.erresse-shop.it\/fr\/shop\/table-fr-2\/cocktail-fr\/nio-cocktails-experience-box\/\"]}]},{\"@type\":\"ImageObject\",\"inLanguage\":\"fr-FR\",\"@id\":\"https:\/\/dev6.erresse-shop.it\/fr\/shop\/table-fr-2\/cocktail-fr\/nio-cocktails-experience-box\/#primaryimage\",\"url\":\"https:\/\/i1.wp.com\/interpim.erresse-shop.it\/Import\/Prodotti\/nio-cocktails-experience-box.jpg?ssl=1\",\"contentUrl\":\"https:\/\/i1.wp.com\/interpim.erresse-shop.it\/Import\/Prodotti\/nio-cocktails-experience-box.jpg?ssl=1\"},{\"@type\":\"BreadcrumbList\",\"@id\":\"https:\/\/dev6.erresse-shop.it\/fr\/shop\/table-fr-2\/cocktail-fr\/nio-cocktails-experience-box\/#breadcrumb\",\"itemListElement\":[{\"@type\":\"ListItem\",\"position\":1,\"name\":\"Home\",\"item\":\"https:\/\/dev6.erresse-shop.it\/\"},{\"@type\":\"ListItem\",\"position\":2,\"name\":\"Boutique\",\"item\":\"https:\/\/dev6.erresse-shop.it\/shop\/\"},{\"@type\":\"ListItem\",\"position\":3,\"name\":\"NIO COCKTAILS Experience Box\"}]},{\"@type\":\"WebSite\",\"@id\":\"https:\/\/dev6.erresse-shop.it\/#website\",\"url\":\"https:\/\/dev6.erresse-shop.it\/\",\"name\":\"Erresse Shop\",\"description\":\"\",\"publisher\":{\"@id\":\"https:\/\/dev6.erresse-shop.it\/#organization\"},\"potentialAction\":[{\"@type\":\"SearchAction\",\"target\":{\"@type\":\"EntryPoint\",\"urlTemplate\":\"https:\/\/dev6.erresse-shop.it\/?s={search_term_string}\"},\"query-input\":{\"@type\":\"PropertyValueSpecification\",\"valueRequired\":true,\"valueName\":\"search_term_string\"}}],\"inLanguage\":\"fr-FR\"},{\"@type\":\"Organization\",\"@id\":\"https:\/\/dev6.erresse-shop.it\/#organization\",\"name\":\"Erresse Shop\",\"url\":\"https:\/\/dev6.erresse-shop.it\/\",\"logo\":{\"@type\":\"ImageObject\",\"inLanguage\":\"fr-FR\",\"@id\":\"https:\/\/dev6.erresse-shop.it\/#\/schema\/logo\/image\/\",\"url\":\"https:\/\/dev6.erresse-shop.it\/wp-content\/uploads\/2025\/01\/LOGO-ERRESSE-CLASSICO.svg\",\"contentUrl\":\"https:\/\/dev6.erresse-shop.it\/wp-content\/uploads\/2025\/01\/LOGO-ERRESSE-CLASSICO.svg\",\"caption\":\"Erresse Shop\"},\"image\":{\"@id\":\"https:\/\/dev6.erresse-shop.it\/#\/schema\/logo\/image\/\"}}]}<\/script>\n<!-- \/ Yoast SEO plugin. -->","yoast_head_json":{"title":"NIO COCKTAILS Experience Box - dev6 Erresse","description":"Notre bo\u00eete d\u2019exp\u00e9rience vous offre une exp\u00e9rience de bar \u00e0 domicile sans tracas. Pas de bouteilles, pas de verres, pas de pr\u00e9sentations suppl\u00e9mentaires,","robots":{"index":"noindex","follow":"follow","max-snippet":"max-snippet:-1","max-image-preview":"max-image-preview:large","max-video-preview":"max-video-preview:-1"},"og_locale":"fr_FR","og_type":"article","og_title":"NIO COCKTAILS Experience Box - dev6 Erresse","og_description":"Notre bo\u00eete d\u2019exp\u00e9rience vous offre une exp\u00e9rience de bar \u00e0 domicile sans tracas. Pas de bouteilles, pas de verres, pas de pr\u00e9sentations suppl\u00e9mentaires,","og_url":"https:\/\/dev6.erresse-shop.it\/fr\/shop\/table-fr-2\/cocktail-fr\/nio-cocktails-experience-box\/","og_site_name":"dev6 Erresse","og_image":[{"url":"https:\/\/interpim.erresse-shop.it\/Import\/Prodotti\/nio-cocktails-experience-box.jpg","type":"","width":"","height":""},{"url":"https:\/\/interpim.erresse-shop.it\/Import\/Prodotti\/nio-cocktails-experience-box.jpg","width":1024,"height":1024,"type":"image\/jpeg"}],"twitter_card":"summary_large_image","twitter_image":"https:\/\/interpim.erresse-shop.it\/Import\/Prodotti\/nio-cocktails-experience-box.jpg","schema":{"@context":"https:\/\/schema.org","@graph":[{"@type":"WebPage","@id":"https:\/\/dev6.erresse-shop.it\/fr\/shop\/table-fr-2\/cocktail-fr\/nio-cocktails-experience-box\/","url":"https:\/\/dev6.erresse-shop.it\/fr\/shop\/table-fr-2\/cocktail-fr\/nio-cocktails-experience-box\/","name":"NIO COCKTAILS Experience Box - dev6 Erresse","isPartOf":{"@id":"https:\/\/dev6.erresse-shop.it\/#website"},"primaryImageOfPage":{"@id":"https:\/\/dev6.erresse-shop.it\/fr\/shop\/table-fr-2\/cocktail-fr\/nio-cocktails-experience-box\/#primaryimage"},"image":{"@id":"https:\/\/dev6.erresse-shop.it\/fr\/shop\/table-fr-2\/cocktail-fr\/nio-cocktails-experience-box\/#primaryimage"},"thumbnailUrl":"https:\/\/i1.wp.com\/interpim.erresse-shop.it\/Import\/Prodotti\/nio-cocktails-experience-box.jpg?ssl=1","datePublished":"2026-04-12T11:15:45+00:00","description":"Notre bo\u00eete d\u2019exp\u00e9rience vous offre une exp\u00e9rience de bar \u00e0 domicile sans tracas. Pas de bouteilles, pas de verres, pas de pr\u00e9sentations suppl\u00e9mentaires,","breadcrumb":{"@id":"https:\/\/dev6.erresse-shop.it\/fr\/shop\/table-fr-2\/cocktail-fr\/nio-cocktails-experience-box\/#breadcrumb"},"inLanguage":"fr-FR","potentialAction":[{"@type":"ReadAction","target":["https:\/\/dev6.erresse-shop.it\/fr\/shop\/table-fr-2\/cocktail-fr\/nio-cocktails-experience-box\/"]}]},{"@type":"ImageObject","inLanguage":"fr-FR","@id":"https:\/\/dev6.erresse-shop.it\/fr\/shop\/table-fr-2\/cocktail-fr\/nio-cocktails-experience-box\/#primaryimage","url":"https:\/\/i1.wp.com\/interpim.erresse-shop.it\/Import\/Prodotti\/nio-cocktails-experience-box.jpg?ssl=1","contentUrl":"https:\/\/i1.wp.com\/interpim.erresse-shop.it\/Import\/Prodotti\/nio-cocktails-experience-box.jpg?ssl=1"},{"@type":"BreadcrumbList","@id":"https:\/\/dev6.erresse-shop.it\/fr\/shop\/table-fr-2\/cocktail-fr\/nio-cocktails-experience-box\/#breadcrumb","itemListElement":[{"@type":"ListItem","position":1,"name":"Home","item":"https:\/\/dev6.erresse-shop.it\/"},{"@type":"ListItem","position":2,"name":"Boutique","item":"https:\/\/dev6.erresse-shop.it\/shop\/"},{"@type":"ListItem","position":3,"name":"NIO COCKTAILS Experience Box"}]},{"@type":"WebSite","@id":"https:\/\/dev6.erresse-shop.it\/#website","url":"https:\/\/dev6.erresse-shop.it\/","name":"Erresse Shop","description":"","publisher":{"@id":"https:\/\/dev6.erresse-shop.it\/#organization"},"potentialAction":[{"@type":"SearchAction","target":{"@type":"EntryPoint","urlTemplate":"https:\/\/dev6.erresse-shop.it\/?s={search_term_string}"},"query-input":{"@type":"PropertyValueSpecification","valueRequired":true,"valueName":"search_term_string"}}],"inLanguage":"fr-FR"},{"@type":"Organization","@id":"https:\/\/dev6.erresse-shop.it\/#organization","name":"Erresse Shop","url":"https:\/\/dev6.erresse-shop.it\/","logo":{"@type":"ImageObject","inLanguage":"fr-FR","@id":"https:\/\/dev6.erresse-shop.it\/#\/schema\/logo\/image\/","url":"https:\/\/dev6.erresse-shop.it\/wp-content\/uploads\/2025\/01\/LOGO-ERRESSE-CLASSICO.svg","contentUrl":"https:\/\/dev6.erresse-shop.it\/wp-content\/uploads\/2025\/01\/LOGO-ERRESSE-CLASSICO.svg","caption":"Erresse Shop"},"image":{"@id":"https:\/\/dev6.erresse-shop.it\/#\/schema\/logo\/image\/"}}]}},"df_price":69,"df_sale_price":69,"df_regular_price":75,"df_image_link":"https:\/\/i1.wp.com\/interpim.erresse-shop.it\/Import\/Prodotti\/nio-cocktails-experience-box.jpg?resize=300,300&ssl=1","fifu_image_url":"https:\/\/interpim.erresse-shop.it\/Import\/Prodotti\/nio-cocktails-experience-box.jpg","_links":{"self":[{"href":"https:\/\/dev6.erresse-shop.it\/fr\/wp-json\/wp\/v2\/product\/1609855","targetHints":{"allow":["GET"]}}],"collection":[{"href":"https:\/\/dev6.erresse-shop.it\/fr\/wp-json\/wp\/v2\/product"}],"about":[{"href":"https:\/\/dev6.erresse-shop.it\/fr\/wp-json\/wp\/v2\/types\/product"}],"wp:featuredmedia":[{"embeddable":true,"href":"https:\/\/dev6.erresse-shop.it\/fr\/wp-json\/wp\/v2\/media\/6376559"}],"wp:attachment":[{"href":"https:\/\/dev6.erresse-shop.it\/fr\/wp-json\/wp\/v2\/media?parent=1609855"}],"wp:term":[{"taxonomy":"product_cat","embeddable":true,"href":"https:\/\/dev6.erresse-shop.it\/fr\/wp-json\/wp\/v2\/product_cat?post=1609855"},{"taxonomy":"product_tag","embeddable":true,"href":"https:\/\/dev6.erresse-shop.it\/fr\/wp-json\/wp\/v2\/product_tag?post=1609855"}],"curies":[{"name":"wp","href":"https:\/\/api.w.org\/{rel}","templated":true}]}}