{"id":1609849,"date":"2026-04-12T13:15:45","date_gmt":"2026-04-12T11:15:45","guid":{"rendered":"https:\/\/dev6.erresse-shop.it\/shop\/non%20class\u00e9\/nio-cocktails-postcards-from-japan\/"},"modified":"2025-09-14T06:38:59","modified_gmt":"2025-09-14T04:38:59","slug":"nio-cocktails-postcards-from-japan","status":"publish","type":"product","link":"https:\/\/dev6.erresse-shop.it\/fr\/shop\/table-fr-2\/cocktail-fr\/nio-cocktails-postcards-from-japan\/","title":{"rendered":"NIO COCKTAILS Postcards from Japan"},"content":{"rendered":"<p>NIO Cocktails vous transporte dans le Japon le plus traditionnel avec un coffret sp\u00e9cial de 4 cocktails exclusifs, dans lequel une culture ancienne rencontre les saveurs de son territoire. Tout chez vous. Voici pour vous 4 cartes postales de d\u00e9gustation venues directement du Japon et de la ma\u00eetrise de Patrick Pistolesi, class\u00e9 parmi les meilleurs barmen du monde par le World\u2019s 50 Best Bars<\/p>\n<p>Cocktails dans le paquet:<\/p>\n<p>HOKKAIDO GLORY<\/p>\n<p>Vodka japonaise Eiko de l\u2019\u00eele luxuriante d\u2019Hokkaido.<\/p>\n<p>Une recette proche d\u2019un Bloody Mary, avec un ingr\u00e9dient secret : une liqueur de tomate japonaise, qui donne \u00e0 ce cocktail une personnalit\u00e9 disruptive et une saveur formidable. L\u2019esprit principal est la Vodka Eiko : claire, cristalline, d\u2019une puret\u00e9 presque unique dont la classe parvient \u00e0 se marier divinement avec la liqueur \u00e9pic\u00e9e et l\u2019acide citrique.<\/p>\n<p>HOKKAIDO PLEASURE<\/p>\n<p>Gin Etsu \u00e0 d\u00e9guster \u00e0 la maison, vient d\u2019Hokkaido.<\/p>\n<p>Une version japonaise d\u2019un classique de la mixologie comme le Gin Sour, r\u00e9invent\u00e9 autour d\u2019une liqueur de pomme verte rare, aux notes rondes et acides. Une exp\u00e9rience de d\u00e9gustation avec une base botanique forte et parfum\u00e9e qui frappe le palais et le nez, transportant les sens dans un jardin japonais parfum\u00e9. Le tout avec du Gin Etsu, \u00e9labor\u00e9 \u00e0 partir d\u2019une recette traditionnelle secr\u00e8te avec la note jaune caract\u00e9ristique du yuzu.<\/p>\n<p>OKINAWA PURE BEAUTY<\/p>\n<p>Rhum Blanc Kiyomi : entre plages et traditions d\u2019Okinawa.<\/p>\n<p>Des Cara\u00efbes au Japon, un Daiquiri oriental, caract\u00e9ris\u00e9 par la liqueur de yuzu. Ce fruit a une \u00e9corce semblable \u00e0 celle des citrons typiques des plantations d\u2019agrumes siciliennes, mais ses notes aromatiques sont plus proches de la fra\u00eecheur du pamplemousse. L\u2019esprit cl\u00e9 est le rhum blanc Kiyomi \u00e9labor\u00e9 \u00e0 partir de jus de canne \u00e0 sucre. Le Kiyomi est ferment\u00e9 pendant 1 mois et laiss\u00e9 reposer 6 mois dans des cuves en acier, pour une puret\u00e9 maximale.<\/p>\n<p>KURYOSHI HERITAGE<\/p>\n<p>Voici le whisky Tottori pour vous.<\/p>\n<p>Une version d\u2019un Whiskey Sour d\u2019un raffinement et d\u2019une qualit\u00e9 extr\u00eames. La touche de classe de ce cocktail est une liqueur de gingembre aux tons exotiques typiques du Pays du Soleil Levant. L\u2019esprit principal est un whisky m\u00e9lang\u00e9 qui, comme dans les meilleures traditions et coutumes japonaises, se fait magistralement doux. L\u2019association des diff\u00e9rents malts donne un unicum \u00e9quilibr\u00e9, moins invasif et doux.<\/p>\n<p>\u00a0<\/p>\n<p>Les cocktails NIO sont pr\u00e9par\u00e9s \u00e0 partir des meilleures liqueurs et spiritueux sans ajout de conservateurs, d\u2019additifs ou d\u2019agents chimiques.<\/p>\n<p>\u00a0<\/p>\n","protected":false},"excerpt":{"rendered":"<p>NIO Cocktails vous transporte dans le Japon le plus traditionnel avec un coffret sp\u00e9cial de 4 cocktails exclusifs, dans lequel une culture ancienne rencontre les saveurs de son territoire. Tout chez vous. Voici pour vous 4 cartes postales de d\u00e9gustation venues directement du Japon et de la ma\u00eetrise de Patrick Pistolesi, class\u00e9 parmi les meilleurs [&hellip;]<\/p>\n","protected":false},"featured_media":6376509,"template":"","meta":{"_acf_changed":false},"product_cat":[12046,11995],"product_tag":[],"class_list":{"0":"post-1609849","1":"product","2":"type-product","3":"status-publish","4":"has-post-thumbnail","6":"product_cat-cocktail-fr","7":"product_cat-table-fr-2","9":"first","10":"instock","11":"taxable","12":"shipping-taxable","13":"purchasable","14":"product-type-simple","swatches":"rey-swatches","show_selected":"","stretch_labels":"rey-swatches--stretch-labels"},"acf":[],"yoast_head":"<!-- This site is optimized with the Yoast SEO plugin v25.4 - https:\/\/yoast.com\/wordpress\/plugins\/seo\/ -->\n<title>NIO COCKTAILS Postcards from Japan - dev6 Erresse<\/title>\n<meta name=\"description\" content=\"NIO Cocktails vous transporte dans le Japon le plus traditionnel avec un coffret sp\u00e9cial de 4 cocktails exclusifs, dans lequel une culture ancienne\" \/>\n<meta name=\"robots\" content=\"noindex, follow, max-snippet:-1, max-image-preview:large, max-video-preview:-1\" \/>\n<meta property=\"og:locale\" content=\"fr_FR\" \/>\n<meta property=\"og:type\" content=\"article\" \/>\n<meta property=\"og:title\" content=\"NIO COCKTAILS Postcards from Japan - dev6 Erresse\" \/>\n<meta property=\"og:description\" content=\"NIO Cocktails vous transporte dans le Japon le plus traditionnel avec un coffret sp\u00e9cial de 4 cocktails exclusifs, dans lequel une culture ancienne\" \/>\n<meta property=\"og:url\" content=\"https:\/\/dev6.erresse-shop.it\/fr\/shop\/table-fr-2\/cocktail-fr\/nio-cocktails-postcards-from-japan\/\" \/>\n<meta property=\"og:site_name\" content=\"dev6 Erresse\" \/>\n<meta property=\"og:image\" content=\"https:\/\/interpim.erresse-shop.it\/Import\/Prodotti\/nio-cocktails-postcards-from-japan.jpg\" \/><meta property=\"og:image\" content=\"https:\/\/interpim.erresse-shop.it\/Import\/Prodotti\/nio-cocktails-postcards-from-japan.jpg\" \/>\n\t<meta property=\"og:image:width\" content=\"1024\" \/>\n\t<meta property=\"og:image:height\" content=\"1024\" \/>\n\t<meta property=\"og:image:type\" content=\"image\/jpeg\" \/>\n<meta name=\"twitter:card\" content=\"summary_large_image\" \/>\n<meta name=\"twitter:image\" content=\"https:\/\/interpim.erresse-shop.it\/Import\/Prodotti\/nio-cocktails-postcards-from-japan.jpg\" \/>\n<script type=\"application\/ld+json\" class=\"yoast-schema-graph\">{\"@context\":\"https:\/\/schema.org\",\"@graph\":[{\"@type\":\"WebPage\",\"@id\":\"https:\/\/dev6.erresse-shop.it\/fr\/shop\/table-fr-2\/cocktail-fr\/nio-cocktails-postcards-from-japan\/\",\"url\":\"https:\/\/dev6.erresse-shop.it\/fr\/shop\/table-fr-2\/cocktail-fr\/nio-cocktails-postcards-from-japan\/\",\"name\":\"NIO COCKTAILS Postcards from Japan - dev6 Erresse\",\"isPartOf\":{\"@id\":\"https:\/\/dev6.erresse-shop.it\/#website\"},\"primaryImageOfPage\":{\"@id\":\"https:\/\/dev6.erresse-shop.it\/fr\/shop\/table-fr-2\/cocktail-fr\/nio-cocktails-postcards-from-japan\/#primaryimage\"},\"image\":{\"@id\":\"https:\/\/dev6.erresse-shop.it\/fr\/shop\/table-fr-2\/cocktail-fr\/nio-cocktails-postcards-from-japan\/#primaryimage\"},\"thumbnailUrl\":\"https:\/\/i3.wp.com\/interpim.erresse-shop.it\/Import\/Prodotti\/nio-cocktails-postcards-from-japan.jpg?ssl=1\",\"datePublished\":\"2026-04-12T11:15:45+00:00\",\"description\":\"NIO Cocktails vous transporte dans le Japon le plus traditionnel avec un coffret sp\u00e9cial de 4 cocktails exclusifs, dans lequel une culture ancienne\",\"breadcrumb\":{\"@id\":\"https:\/\/dev6.erresse-shop.it\/fr\/shop\/table-fr-2\/cocktail-fr\/nio-cocktails-postcards-from-japan\/#breadcrumb\"},\"inLanguage\":\"fr-FR\",\"potentialAction\":[{\"@type\":\"ReadAction\",\"target\":[\"https:\/\/dev6.erresse-shop.it\/fr\/shop\/table-fr-2\/cocktail-fr\/nio-cocktails-postcards-from-japan\/\"]}]},{\"@type\":\"ImageObject\",\"inLanguage\":\"fr-FR\",\"@id\":\"https:\/\/dev6.erresse-shop.it\/fr\/shop\/table-fr-2\/cocktail-fr\/nio-cocktails-postcards-from-japan\/#primaryimage\",\"url\":\"https:\/\/i3.wp.com\/interpim.erresse-shop.it\/Import\/Prodotti\/nio-cocktails-postcards-from-japan.jpg?ssl=1\",\"contentUrl\":\"https:\/\/i3.wp.com\/interpim.erresse-shop.it\/Import\/Prodotti\/nio-cocktails-postcards-from-japan.jpg?ssl=1\"},{\"@type\":\"BreadcrumbList\",\"@id\":\"https:\/\/dev6.erresse-shop.it\/fr\/shop\/table-fr-2\/cocktail-fr\/nio-cocktails-postcards-from-japan\/#breadcrumb\",\"itemListElement\":[{\"@type\":\"ListItem\",\"position\":1,\"name\":\"Home\",\"item\":\"https:\/\/dev6.erresse-shop.it\/\"},{\"@type\":\"ListItem\",\"position\":2,\"name\":\"Boutique\",\"item\":\"https:\/\/dev6.erresse-shop.it\/shop\/\"},{\"@type\":\"ListItem\",\"position\":3,\"name\":\"NIO COCKTAILS Postcards from Japan\"}]},{\"@type\":\"WebSite\",\"@id\":\"https:\/\/dev6.erresse-shop.it\/#website\",\"url\":\"https:\/\/dev6.erresse-shop.it\/\",\"name\":\"Erresse Shop\",\"description\":\"\",\"publisher\":{\"@id\":\"https:\/\/dev6.erresse-shop.it\/#organization\"},\"potentialAction\":[{\"@type\":\"SearchAction\",\"target\":{\"@type\":\"EntryPoint\",\"urlTemplate\":\"https:\/\/dev6.erresse-shop.it\/?s={search_term_string}\"},\"query-input\":{\"@type\":\"PropertyValueSpecification\",\"valueRequired\":true,\"valueName\":\"search_term_string\"}}],\"inLanguage\":\"fr-FR\"},{\"@type\":\"Organization\",\"@id\":\"https:\/\/dev6.erresse-shop.it\/#organization\",\"name\":\"Erresse Shop\",\"url\":\"https:\/\/dev6.erresse-shop.it\/\",\"logo\":{\"@type\":\"ImageObject\",\"inLanguage\":\"fr-FR\",\"@id\":\"https:\/\/dev6.erresse-shop.it\/#\/schema\/logo\/image\/\",\"url\":\"https:\/\/dev6.erresse-shop.it\/wp-content\/uploads\/2025\/01\/LOGO-ERRESSE-CLASSICO.svg\",\"contentUrl\":\"https:\/\/dev6.erresse-shop.it\/wp-content\/uploads\/2025\/01\/LOGO-ERRESSE-CLASSICO.svg\",\"caption\":\"Erresse Shop\"},\"image\":{\"@id\":\"https:\/\/dev6.erresse-shop.it\/#\/schema\/logo\/image\/\"}}]}<\/script>\n<!-- \/ Yoast SEO plugin. -->","yoast_head_json":{"title":"NIO COCKTAILS Postcards from Japan - dev6 Erresse","description":"NIO Cocktails vous transporte dans le Japon le plus traditionnel avec un coffret sp\u00e9cial de 4 cocktails exclusifs, dans lequel une culture ancienne","robots":{"index":"noindex","follow":"follow","max-snippet":"max-snippet:-1","max-image-preview":"max-image-preview:large","max-video-preview":"max-video-preview:-1"},"og_locale":"fr_FR","og_type":"article","og_title":"NIO COCKTAILS Postcards from Japan - dev6 Erresse","og_description":"NIO Cocktails vous transporte dans le Japon le plus traditionnel avec un coffret sp\u00e9cial de 4 cocktails exclusifs, dans lequel une culture ancienne","og_url":"https:\/\/dev6.erresse-shop.it\/fr\/shop\/table-fr-2\/cocktail-fr\/nio-cocktails-postcards-from-japan\/","og_site_name":"dev6 Erresse","og_image":[{"url":"https:\/\/interpim.erresse-shop.it\/Import\/Prodotti\/nio-cocktails-postcards-from-japan.jpg","type":"","width":"","height":""},{"url":"https:\/\/interpim.erresse-shop.it\/Import\/Prodotti\/nio-cocktails-postcards-from-japan.jpg","width":1024,"height":1024,"type":"image\/jpeg"}],"twitter_card":"summary_large_image","twitter_image":"https:\/\/interpim.erresse-shop.it\/Import\/Prodotti\/nio-cocktails-postcards-from-japan.jpg","schema":{"@context":"https:\/\/schema.org","@graph":[{"@type":"WebPage","@id":"https:\/\/dev6.erresse-shop.it\/fr\/shop\/table-fr-2\/cocktail-fr\/nio-cocktails-postcards-from-japan\/","url":"https:\/\/dev6.erresse-shop.it\/fr\/shop\/table-fr-2\/cocktail-fr\/nio-cocktails-postcards-from-japan\/","name":"NIO COCKTAILS Postcards from Japan - dev6 Erresse","isPartOf":{"@id":"https:\/\/dev6.erresse-shop.it\/#website"},"primaryImageOfPage":{"@id":"https:\/\/dev6.erresse-shop.it\/fr\/shop\/table-fr-2\/cocktail-fr\/nio-cocktails-postcards-from-japan\/#primaryimage"},"image":{"@id":"https:\/\/dev6.erresse-shop.it\/fr\/shop\/table-fr-2\/cocktail-fr\/nio-cocktails-postcards-from-japan\/#primaryimage"},"thumbnailUrl":"https:\/\/i3.wp.com\/interpim.erresse-shop.it\/Import\/Prodotti\/nio-cocktails-postcards-from-japan.jpg?ssl=1","datePublished":"2026-04-12T11:15:45+00:00","description":"NIO Cocktails vous transporte dans le Japon le plus traditionnel avec un coffret sp\u00e9cial de 4 cocktails exclusifs, dans lequel une culture ancienne","breadcrumb":{"@id":"https:\/\/dev6.erresse-shop.it\/fr\/shop\/table-fr-2\/cocktail-fr\/nio-cocktails-postcards-from-japan\/#breadcrumb"},"inLanguage":"fr-FR","potentialAction":[{"@type":"ReadAction","target":["https:\/\/dev6.erresse-shop.it\/fr\/shop\/table-fr-2\/cocktail-fr\/nio-cocktails-postcards-from-japan\/"]}]},{"@type":"ImageObject","inLanguage":"fr-FR","@id":"https:\/\/dev6.erresse-shop.it\/fr\/shop\/table-fr-2\/cocktail-fr\/nio-cocktails-postcards-from-japan\/#primaryimage","url":"https:\/\/i3.wp.com\/interpim.erresse-shop.it\/Import\/Prodotti\/nio-cocktails-postcards-from-japan.jpg?ssl=1","contentUrl":"https:\/\/i3.wp.com\/interpim.erresse-shop.it\/Import\/Prodotti\/nio-cocktails-postcards-from-japan.jpg?ssl=1"},{"@type":"BreadcrumbList","@id":"https:\/\/dev6.erresse-shop.it\/fr\/shop\/table-fr-2\/cocktail-fr\/nio-cocktails-postcards-from-japan\/#breadcrumb","itemListElement":[{"@type":"ListItem","position":1,"name":"Home","item":"https:\/\/dev6.erresse-shop.it\/"},{"@type":"ListItem","position":2,"name":"Boutique","item":"https:\/\/dev6.erresse-shop.it\/shop\/"},{"@type":"ListItem","position":3,"name":"NIO COCKTAILS Postcards from Japan"}]},{"@type":"WebSite","@id":"https:\/\/dev6.erresse-shop.it\/#website","url":"https:\/\/dev6.erresse-shop.it\/","name":"Erresse Shop","description":"","publisher":{"@id":"https:\/\/dev6.erresse-shop.it\/#organization"},"potentialAction":[{"@type":"SearchAction","target":{"@type":"EntryPoint","urlTemplate":"https:\/\/dev6.erresse-shop.it\/?s={search_term_string}"},"query-input":{"@type":"PropertyValueSpecification","valueRequired":true,"valueName":"search_term_string"}}],"inLanguage":"fr-FR"},{"@type":"Organization","@id":"https:\/\/dev6.erresse-shop.it\/#organization","name":"Erresse Shop","url":"https:\/\/dev6.erresse-shop.it\/","logo":{"@type":"ImageObject","inLanguage":"fr-FR","@id":"https:\/\/dev6.erresse-shop.it\/#\/schema\/logo\/image\/","url":"https:\/\/dev6.erresse-shop.it\/wp-content\/uploads\/2025\/01\/LOGO-ERRESSE-CLASSICO.svg","contentUrl":"https:\/\/dev6.erresse-shop.it\/wp-content\/uploads\/2025\/01\/LOGO-ERRESSE-CLASSICO.svg","caption":"Erresse Shop"},"image":{"@id":"https:\/\/dev6.erresse-shop.it\/#\/schema\/logo\/image\/"}}]}},"df_price":30,"df_sale_price":"","df_regular_price":30,"df_image_link":"https:\/\/i3.wp.com\/interpim.erresse-shop.it\/Import\/Prodotti\/nio-cocktails-postcards-from-japan.jpg?resize=300,300&ssl=1","fifu_image_url":"https:\/\/interpim.erresse-shop.it\/Import\/Prodotti\/nio-cocktails-postcards-from-japan.jpg","_links":{"self":[{"href":"https:\/\/dev6.erresse-shop.it\/fr\/wp-json\/wp\/v2\/product\/1609849","targetHints":{"allow":["GET"]}}],"collection":[{"href":"https:\/\/dev6.erresse-shop.it\/fr\/wp-json\/wp\/v2\/product"}],"about":[{"href":"https:\/\/dev6.erresse-shop.it\/fr\/wp-json\/wp\/v2\/types\/product"}],"wp:featuredmedia":[{"embeddable":true,"href":"https:\/\/dev6.erresse-shop.it\/fr\/wp-json\/wp\/v2\/media\/6376509"}],"wp:attachment":[{"href":"https:\/\/dev6.erresse-shop.it\/fr\/wp-json\/wp\/v2\/media?parent=1609849"}],"wp:term":[{"taxonomy":"product_cat","embeddable":true,"href":"https:\/\/dev6.erresse-shop.it\/fr\/wp-json\/wp\/v2\/product_cat?post=1609849"},{"taxonomy":"product_tag","embeddable":true,"href":"https:\/\/dev6.erresse-shop.it\/fr\/wp-json\/wp\/v2\/product_tag?post=1609849"}],"curies":[{"name":"wp","href":"https:\/\/api.w.org\/{rel}","templated":true}]}}