{"id":1609845,"date":"2026-04-12T13:15:45","date_gmt":"2026-04-12T11:15:45","guid":{"rendered":"https:\/\/dev6.erresse-shop.it\/shop\/non%20class\u00e9\/staub-cocotte-buster-punch-24-cm-noir\/"},"modified":"2026-01-30T20:56:24","modified_gmt":"2026-01-30T19:56:24","slug":"staub-cocotte-buster-punch-24-cm-noir","status":"publish","type":"product","link":"https:\/\/dev6.erresse-shop.it\/fr\/shop\/poeles-pots\/marmites-et-cocottes-poeles-pots\/staub-cocotte-buster-punch-24-cm-noir\/","title":{"rendered":"STAUB Cocotte Buster + Punch 24 cm Noir"},"content":{"rendered":"<p>La cocotte classique en fonte de STAUB est rehauss\u00e9e du design exclusif Buster &#43; Punch. La fonte robuste et la poign\u00e9e molet\u00e9e capturent l\u2019\u00e9nergie et l\u2019atmosph\u00e8re de Londres, transformant chaque repas et occasion sociale, et apportant l\u2019essence des rencontres culinaires des deux marques \u00e0 votre table. D\u00e9couvrez la cr\u00e9ativit\u00e9 qui transforme chaque repas en une c\u00e9l\u00e9bration du go\u00fbt et du style.<\/p>\n<p>Gr\u00e2ce \u00e0 la combinaison de proc\u00e9d\u00e9s de production classiques et de technologies modernes, la cocotte est une garantie indispensable pour chaque recette : son design parfait met en valeur chaque table. Avec la robuste marmite en fonte noire, vous pouvez pr\u00e9parer de d\u00e9licieux plats toute l\u2019ann\u00e9e : des petits-d\u00e9jeuners anglais classiques aux plats tout-en-un, en passant par les salades de riz, les soupes de l\u00e9gumes, les pains et les desserts. La fonte \u00e9maill\u00e9e robuste offre de nombreux avantages en cuisine : Pr\u00e9paration pauvre en mati\u00e8res grasses et aromatique, avec une conservation optimale des nutriments et des saveurs intenses.<\/p>\n<p>24 cm taille classique pour 3-4 personnes<br \/>\nFonte \u00e9maill\u00e9e pour une longue dur\u00e9e de vie<br \/>\nBouton en acier inoxydable avec surface en laiton et surface molet\u00e9e en croix<br \/>\nCapacit\u00e9 de 3,7 l<br \/>\nConvient \u00e0 tous les types de plaques de cuisson, y compris \u00e0 induction et au four<\/p>\n<p>Caract\u00e9ristiques\u00a0:<\/p>\n<p>Mat\u00e9riau : Fonte<br \/>\nCouleur\u00a0:\u00a0Noir<br \/>\nDimensions : 30,30 x 24 x H 15,30 cm<br \/>\nPoids\u00a0: 4,85 kg<\/p>\n","protected":false},"excerpt":{"rendered":"<p>La cocotte classique en fonte de STAUB est rehauss\u00e9e du design exclusif Buster &#43; Punch. La fonte robuste et la poign\u00e9e molet\u00e9e capturent l\u2019\u00e9nergie et l\u2019atmosph\u00e8re de Londres, transformant chaque repas et occasion sociale, et apportant l\u2019essence des rencontres culinaires des deux marques \u00e0 votre table. D\u00e9couvrez la cr\u00e9ativit\u00e9 qui transforme chaque repas en une [&hellip;]<\/p>\n","protected":false},"featured_media":6376484,"template":"","meta":{"_acf_changed":false},"product_cat":[12000,11991],"product_tag":[],"class_list":{"0":"post-1609845","1":"product","2":"type-product","3":"status-publish","4":"has-post-thumbnail","6":"product_cat-marmites-et-cocottes-poeles-pots","7":"product_cat-poeles-pots","9":"first","10":"instock","11":"sale","12":"taxable","13":"shipping-taxable","14":"purchasable","15":"product-type-simple","swatches":"rey-swatches","show_selected":"","stretch_labels":"rey-swatches--stretch-labels"},"acf":[],"yoast_head":"<!-- This site is optimized with the Yoast SEO plugin v25.4 - https:\/\/yoast.com\/wordpress\/plugins\/seo\/ -->\n<title>STAUB Cocotte Buster + Punch 24 cm Noir - dev6 Erresse<\/title>\n<meta name=\"description\" content=\"La cocotte classique en fonte de STAUB est rehauss\u00e9e du design exclusif Buster &#043; Punch. La fonte robuste et la poign\u00e9e molet\u00e9e capturent l\u2019\u00e9nergie et\" \/>\n<meta name=\"robots\" content=\"noindex, follow, max-snippet:-1, max-image-preview:large, max-video-preview:-1\" \/>\n<meta property=\"og:locale\" content=\"fr_FR\" \/>\n<meta property=\"og:type\" content=\"article\" \/>\n<meta property=\"og:title\" content=\"STAUB Cocotte Buster + Punch 24 cm Noir - dev6 Erresse\" \/>\n<meta property=\"og:description\" content=\"La cocotte classique en fonte de STAUB est rehauss\u00e9e du design exclusif Buster &#043; Punch. La fonte robuste et la poign\u00e9e molet\u00e9e capturent l\u2019\u00e9nergie et\" \/>\n<meta property=\"og:url\" content=\"https:\/\/dev6.erresse-shop.it\/fr\/shop\/poeles-pots\/marmites-et-cocottes-poeles-pots\/staub-cocotte-buster-punch-24-cm-noir\/\" \/>\n<meta property=\"og:site_name\" content=\"dev6 Erresse\" \/>\n<meta property=\"og:image\" content=\"https:\/\/interpim.erresse-shop.it\/Import\/Prodotti\/staub-cocotte-buster-punch-24-cm-nero.jpg\" \/><meta property=\"og:image\" content=\"https:\/\/interpim.erresse-shop.it\/Import\/Prodotti\/staub-cocotte-buster-punch-24-cm-nero.jpg\" \/>\n\t<meta property=\"og:image:width\" content=\"1024\" \/>\n\t<meta property=\"og:image:height\" content=\"1024\" \/>\n\t<meta property=\"og:image:type\" content=\"image\/jpeg\" \/>\n<meta name=\"twitter:card\" content=\"summary_large_image\" \/>\n<meta name=\"twitter:image\" content=\"https:\/\/interpim.erresse-shop.it\/Import\/Prodotti\/staub-cocotte-buster-punch-24-cm-nero.jpg\" \/>\n<script type=\"application\/ld+json\" class=\"yoast-schema-graph\">{\"@context\":\"https:\/\/schema.org\",\"@graph\":[{\"@type\":\"WebPage\",\"@id\":\"https:\/\/dev6.erresse-shop.it\/fr\/shop\/poeles-pots\/marmites-et-cocottes-poeles-pots\/staub-cocotte-buster-punch-24-cm-noir\/\",\"url\":\"https:\/\/dev6.erresse-shop.it\/fr\/shop\/poeles-pots\/marmites-et-cocottes-poeles-pots\/staub-cocotte-buster-punch-24-cm-noir\/\",\"name\":\"STAUB Cocotte Buster + Punch 24 cm Noir - dev6 Erresse\",\"isPartOf\":{\"@id\":\"https:\/\/dev6.erresse-shop.it\/#website\"},\"primaryImageOfPage\":{\"@id\":\"https:\/\/dev6.erresse-shop.it\/fr\/shop\/poeles-pots\/marmites-et-cocottes-poeles-pots\/staub-cocotte-buster-punch-24-cm-noir\/#primaryimage\"},\"image\":{\"@id\":\"https:\/\/dev6.erresse-shop.it\/fr\/shop\/poeles-pots\/marmites-et-cocottes-poeles-pots\/staub-cocotte-buster-punch-24-cm-noir\/#primaryimage\"},\"thumbnailUrl\":\"https:\/\/i3.wp.com\/interpim.erresse-shop.it\/Import\/Prodotti\/staub-cocotte-buster-punch-24-cm-nero.jpg?ssl=1\",\"datePublished\":\"2026-04-12T11:15:45+00:00\",\"description\":\"La cocotte classique en fonte de STAUB est rehauss\u00e9e du design exclusif Buster &#43; Punch. La fonte robuste et la poign\u00e9e molet\u00e9e capturent l\u2019\u00e9nergie et\",\"breadcrumb\":{\"@id\":\"https:\/\/dev6.erresse-shop.it\/fr\/shop\/poeles-pots\/marmites-et-cocottes-poeles-pots\/staub-cocotte-buster-punch-24-cm-noir\/#breadcrumb\"},\"inLanguage\":\"fr-FR\",\"potentialAction\":[{\"@type\":\"ReadAction\",\"target\":[\"https:\/\/dev6.erresse-shop.it\/fr\/shop\/poeles-pots\/marmites-et-cocottes-poeles-pots\/staub-cocotte-buster-punch-24-cm-noir\/\"]}]},{\"@type\":\"ImageObject\",\"inLanguage\":\"fr-FR\",\"@id\":\"https:\/\/dev6.erresse-shop.it\/fr\/shop\/poeles-pots\/marmites-et-cocottes-poeles-pots\/staub-cocotte-buster-punch-24-cm-noir\/#primaryimage\",\"url\":\"https:\/\/i3.wp.com\/interpim.erresse-shop.it\/Import\/Prodotti\/staub-cocotte-buster-punch-24-cm-nero.jpg?ssl=1\",\"contentUrl\":\"https:\/\/i3.wp.com\/interpim.erresse-shop.it\/Import\/Prodotti\/staub-cocotte-buster-punch-24-cm-nero.jpg?ssl=1\"},{\"@type\":\"BreadcrumbList\",\"@id\":\"https:\/\/dev6.erresse-shop.it\/fr\/shop\/poeles-pots\/marmites-et-cocottes-poeles-pots\/staub-cocotte-buster-punch-24-cm-noir\/#breadcrumb\",\"itemListElement\":[{\"@type\":\"ListItem\",\"position\":1,\"name\":\"Home\",\"item\":\"https:\/\/dev6.erresse-shop.it\/\"},{\"@type\":\"ListItem\",\"position\":2,\"name\":\"Boutique\",\"item\":\"https:\/\/dev6.erresse-shop.it\/shop\/\"},{\"@type\":\"ListItem\",\"position\":3,\"name\":\"STAUB Cocotte Buster + Punch 24 cm Noir\"}]},{\"@type\":\"WebSite\",\"@id\":\"https:\/\/dev6.erresse-shop.it\/#website\",\"url\":\"https:\/\/dev6.erresse-shop.it\/\",\"name\":\"Erresse Shop\",\"description\":\"\",\"publisher\":{\"@id\":\"https:\/\/dev6.erresse-shop.it\/#organization\"},\"potentialAction\":[{\"@type\":\"SearchAction\",\"target\":{\"@type\":\"EntryPoint\",\"urlTemplate\":\"https:\/\/dev6.erresse-shop.it\/?s={search_term_string}\"},\"query-input\":{\"@type\":\"PropertyValueSpecification\",\"valueRequired\":true,\"valueName\":\"search_term_string\"}}],\"inLanguage\":\"fr-FR\"},{\"@type\":\"Organization\",\"@id\":\"https:\/\/dev6.erresse-shop.it\/#organization\",\"name\":\"Erresse Shop\",\"url\":\"https:\/\/dev6.erresse-shop.it\/\",\"logo\":{\"@type\":\"ImageObject\",\"inLanguage\":\"fr-FR\",\"@id\":\"https:\/\/dev6.erresse-shop.it\/#\/schema\/logo\/image\/\",\"url\":\"https:\/\/dev6.erresse-shop.it\/wp-content\/uploads\/2025\/01\/LOGO-ERRESSE-CLASSICO.svg\",\"contentUrl\":\"https:\/\/dev6.erresse-shop.it\/wp-content\/uploads\/2025\/01\/LOGO-ERRESSE-CLASSICO.svg\",\"caption\":\"Erresse Shop\"},\"image\":{\"@id\":\"https:\/\/dev6.erresse-shop.it\/#\/schema\/logo\/image\/\"}}]}<\/script>\n<!-- \/ Yoast SEO plugin. -->","yoast_head_json":{"title":"STAUB Cocotte Buster + Punch 24 cm Noir - dev6 Erresse","description":"La cocotte classique en fonte de STAUB est rehauss\u00e9e du design exclusif Buster &#43; Punch. La fonte robuste et la poign\u00e9e molet\u00e9e capturent l\u2019\u00e9nergie et","robots":{"index":"noindex","follow":"follow","max-snippet":"max-snippet:-1","max-image-preview":"max-image-preview:large","max-video-preview":"max-video-preview:-1"},"og_locale":"fr_FR","og_type":"article","og_title":"STAUB Cocotte Buster + Punch 24 cm Noir - dev6 Erresse","og_description":"La cocotte classique en fonte de STAUB est rehauss\u00e9e du design exclusif Buster &#43; Punch. La fonte robuste et la poign\u00e9e molet\u00e9e capturent l\u2019\u00e9nergie et","og_url":"https:\/\/dev6.erresse-shop.it\/fr\/shop\/poeles-pots\/marmites-et-cocottes-poeles-pots\/staub-cocotte-buster-punch-24-cm-noir\/","og_site_name":"dev6 Erresse","og_image":[{"url":"https:\/\/interpim.erresse-shop.it\/Import\/Prodotti\/staub-cocotte-buster-punch-24-cm-nero.jpg","type":"","width":"","height":""},{"url":"https:\/\/interpim.erresse-shop.it\/Import\/Prodotti\/staub-cocotte-buster-punch-24-cm-nero.jpg","width":1024,"height":1024,"type":"image\/jpeg"}],"twitter_card":"summary_large_image","twitter_image":"https:\/\/interpim.erresse-shop.it\/Import\/Prodotti\/staub-cocotte-buster-punch-24-cm-nero.jpg","schema":{"@context":"https:\/\/schema.org","@graph":[{"@type":"WebPage","@id":"https:\/\/dev6.erresse-shop.it\/fr\/shop\/poeles-pots\/marmites-et-cocottes-poeles-pots\/staub-cocotte-buster-punch-24-cm-noir\/","url":"https:\/\/dev6.erresse-shop.it\/fr\/shop\/poeles-pots\/marmites-et-cocottes-poeles-pots\/staub-cocotte-buster-punch-24-cm-noir\/","name":"STAUB Cocotte Buster + Punch 24 cm Noir - dev6 Erresse","isPartOf":{"@id":"https:\/\/dev6.erresse-shop.it\/#website"},"primaryImageOfPage":{"@id":"https:\/\/dev6.erresse-shop.it\/fr\/shop\/poeles-pots\/marmites-et-cocottes-poeles-pots\/staub-cocotte-buster-punch-24-cm-noir\/#primaryimage"},"image":{"@id":"https:\/\/dev6.erresse-shop.it\/fr\/shop\/poeles-pots\/marmites-et-cocottes-poeles-pots\/staub-cocotte-buster-punch-24-cm-noir\/#primaryimage"},"thumbnailUrl":"https:\/\/i3.wp.com\/interpim.erresse-shop.it\/Import\/Prodotti\/staub-cocotte-buster-punch-24-cm-nero.jpg?ssl=1","datePublished":"2026-04-12T11:15:45+00:00","description":"La cocotte classique en fonte de STAUB est rehauss\u00e9e du design exclusif Buster &#43; Punch. La fonte robuste et la poign\u00e9e molet\u00e9e capturent l\u2019\u00e9nergie et","breadcrumb":{"@id":"https:\/\/dev6.erresse-shop.it\/fr\/shop\/poeles-pots\/marmites-et-cocottes-poeles-pots\/staub-cocotte-buster-punch-24-cm-noir\/#breadcrumb"},"inLanguage":"fr-FR","potentialAction":[{"@type":"ReadAction","target":["https:\/\/dev6.erresse-shop.it\/fr\/shop\/poeles-pots\/marmites-et-cocottes-poeles-pots\/staub-cocotte-buster-punch-24-cm-noir\/"]}]},{"@type":"ImageObject","inLanguage":"fr-FR","@id":"https:\/\/dev6.erresse-shop.it\/fr\/shop\/poeles-pots\/marmites-et-cocottes-poeles-pots\/staub-cocotte-buster-punch-24-cm-noir\/#primaryimage","url":"https:\/\/i3.wp.com\/interpim.erresse-shop.it\/Import\/Prodotti\/staub-cocotte-buster-punch-24-cm-nero.jpg?ssl=1","contentUrl":"https:\/\/i3.wp.com\/interpim.erresse-shop.it\/Import\/Prodotti\/staub-cocotte-buster-punch-24-cm-nero.jpg?ssl=1"},{"@type":"BreadcrumbList","@id":"https:\/\/dev6.erresse-shop.it\/fr\/shop\/poeles-pots\/marmites-et-cocottes-poeles-pots\/staub-cocotte-buster-punch-24-cm-noir\/#breadcrumb","itemListElement":[{"@type":"ListItem","position":1,"name":"Home","item":"https:\/\/dev6.erresse-shop.it\/"},{"@type":"ListItem","position":2,"name":"Boutique","item":"https:\/\/dev6.erresse-shop.it\/shop\/"},{"@type":"ListItem","position":3,"name":"STAUB Cocotte Buster + Punch 24 cm Noir"}]},{"@type":"WebSite","@id":"https:\/\/dev6.erresse-shop.it\/#website","url":"https:\/\/dev6.erresse-shop.it\/","name":"Erresse Shop","description":"","publisher":{"@id":"https:\/\/dev6.erresse-shop.it\/#organization"},"potentialAction":[{"@type":"SearchAction","target":{"@type":"EntryPoint","urlTemplate":"https:\/\/dev6.erresse-shop.it\/?s={search_term_string}"},"query-input":{"@type":"PropertyValueSpecification","valueRequired":true,"valueName":"search_term_string"}}],"inLanguage":"fr-FR"},{"@type":"Organization","@id":"https:\/\/dev6.erresse-shop.it\/#organization","name":"Erresse Shop","url":"https:\/\/dev6.erresse-shop.it\/","logo":{"@type":"ImageObject","inLanguage":"fr-FR","@id":"https:\/\/dev6.erresse-shop.it\/#\/schema\/logo\/image\/","url":"https:\/\/dev6.erresse-shop.it\/wp-content\/uploads\/2025\/01\/LOGO-ERRESSE-CLASSICO.svg","contentUrl":"https:\/\/dev6.erresse-shop.it\/wp-content\/uploads\/2025\/01\/LOGO-ERRESSE-CLASSICO.svg","caption":"Erresse Shop"},"image":{"@id":"https:\/\/dev6.erresse-shop.it\/#\/schema\/logo\/image\/"}}]}},"df_price":189.95,"df_sale_price":189.95,"df_regular_price":299,"df_image_link":"https:\/\/i3.wp.com\/interpim.erresse-shop.it\/Import\/Prodotti\/staub-cocotte-buster-punch-24-cm-nero.jpg?resize=300,300&ssl=1","fifu_image_url":"https:\/\/interpim.erresse-shop.it\/Import\/Prodotti\/staub-cocotte-buster-punch-24-cm-nero.jpg","_links":{"self":[{"href":"https:\/\/dev6.erresse-shop.it\/fr\/wp-json\/wp\/v2\/product\/1609845","targetHints":{"allow":["GET"]}}],"collection":[{"href":"https:\/\/dev6.erresse-shop.it\/fr\/wp-json\/wp\/v2\/product"}],"about":[{"href":"https:\/\/dev6.erresse-shop.it\/fr\/wp-json\/wp\/v2\/types\/product"}],"wp:featuredmedia":[{"embeddable":true,"href":"https:\/\/dev6.erresse-shop.it\/fr\/wp-json\/wp\/v2\/media\/6376484"}],"wp:attachment":[{"href":"https:\/\/dev6.erresse-shop.it\/fr\/wp-json\/wp\/v2\/media?parent=1609845"}],"wp:term":[{"taxonomy":"product_cat","embeddable":true,"href":"https:\/\/dev6.erresse-shop.it\/fr\/wp-json\/wp\/v2\/product_cat?post=1609845"},{"taxonomy":"product_tag","embeddable":true,"href":"https:\/\/dev6.erresse-shop.it\/fr\/wp-json\/wp\/v2\/product_tag?post=1609845"}],"curies":[{"name":"wp","href":"https:\/\/api.w.org\/{rel}","templated":true}]}}