{"id":1609843,"date":"2026-04-12T13:15:45","date_gmt":"2026-04-12T11:15:45","guid":{"rendered":"https:\/\/dev6.erresse-shop.it\/shop\/non%20class\u00e9\/staub-theiere-ronde-bleu-fonce\/"},"modified":"2025-11-22T18:04:09","modified_gmt":"2025-11-22T17:04:09","slug":"staub-theiere-ronde-bleu-fonce","status":"publish","type":"product","link":"https:\/\/dev6.erresse-shop.it\/fr\/shop\/table-fr-2\/theieres-sucriers-pots-a-lait\/staub-theiere-ronde-bleu-fonce\/","title":{"rendered":"STAUB Th\u00e9i\u00e8re ronde bleu fonc\u00e9"},"content":{"rendered":"<p>Malgr\u00e9 les progr\u00e8s technologiques, les m\u00e9thodes traditionnelles restent souvent les meilleures. La th\u00e9i\u00e8re en fonte Staub conserve la chaleur et maintient la temp\u00e9rature, id\u00e9ale pour les th\u00e9s noirs, verts ou aux herbes. Il est dot\u00e9 d\u2019un couvercle avec un crochet pour l\u2019infuseur et d\u2019une poign\u00e9e en acier qui facilite le versement. De couleur bleu fonc\u00e9, il convient aux cuisines modernes ou rustiques. Il a une capacit\u00e9 de 1,15 L et est compatible avec tous les feux, y compris l\u2019induction. \u00c9l\u00e9gant et fonctionnel, c\u2019est un ajout sp\u00e9cial \u00e0 la collection Staub.<\/p>\n<p>Convient pour faire bouillir de l\u2019eau et infuser du th\u00e9<br \/>\nLe th\u00e9 reste chaud longtemps<br \/>\nL\u2019infuseur \u00e0 th\u00e9 est accroch\u00e9 sous le bouton<br \/>\nConvient \u00e0 tous les types de plaques de cuisson, y compris \u00e0 induction<br \/>\nIl convient \u00e9galement pour servir des soupes de mani\u00e8re originale<\/p>\n<p>Marque : Staub<br \/>\nMat\u00e9riau : Fonte<br \/>\nCouleur : Bleu fonc\u00e9<br \/>\nDimensions : cm 16,6, 12, H 18<br \/>\nCapacit\u00e9 : 1,15 L<br \/>\nPoids : 2,10 kg<\/p>\n","protected":false},"excerpt":{"rendered":"<p>Malgr\u00e9 les progr\u00e8s technologiques, les m\u00e9thodes traditionnelles restent souvent les meilleures. La th\u00e9i\u00e8re en fonte Staub conserve la chaleur et maintient la temp\u00e9rature, id\u00e9ale pour les th\u00e9s noirs, verts ou aux herbes. Il est dot\u00e9 d\u2019un couvercle avec un crochet pour l\u2019infuseur et d\u2019une poign\u00e9e en acier qui facilite le versement. De couleur bleu fonc\u00e9, [&hellip;]<\/p>\n","protected":false},"featured_media":6376472,"template":"","meta":{"_acf_changed":false},"product_cat":[11995,12006],"product_tag":[],"class_list":{"0":"post-1609843","1":"product","2":"type-product","3":"status-publish","4":"has-post-thumbnail","6":"product_cat-table-fr-2","7":"product_cat-theieres-sucriers-pots-a-lait","9":"first","10":"instock","11":"sale","12":"taxable","13":"shipping-taxable","14":"purchasable","15":"product-type-simple","swatches":"rey-swatches","show_selected":"","stretch_labels":"rey-swatches--stretch-labels"},"acf":[],"yoast_head":"<!-- This site is optimized with the Yoast SEO plugin v25.4 - https:\/\/yoast.com\/wordpress\/plugins\/seo\/ -->\n<title>STAUB Th\u00e9i\u00e8re ronde bleu fonc\u00e9 - dev6 Erresse<\/title>\n<meta name=\"description\" content=\"Malgr\u00e9 les progr\u00e8s technologiques, les m\u00e9thodes traditionnelles restent souvent les meilleures. La th\u00e9i\u00e8re en fonte Staub conserve la chaleur et maintient\" \/>\n<meta name=\"robots\" content=\"noindex, follow, max-snippet:-1, max-image-preview:large, max-video-preview:-1\" \/>\n<meta property=\"og:locale\" content=\"fr_FR\" \/>\n<meta property=\"og:type\" content=\"article\" \/>\n<meta property=\"og:title\" content=\"STAUB Th\u00e9i\u00e8re ronde bleu fonc\u00e9 - dev6 Erresse\" \/>\n<meta property=\"og:description\" content=\"Malgr\u00e9 les progr\u00e8s technologiques, les m\u00e9thodes traditionnelles restent souvent les meilleures. La th\u00e9i\u00e8re en fonte Staub conserve la chaleur et maintient\" \/>\n<meta property=\"og:url\" content=\"https:\/\/dev6.erresse-shop.it\/fr\/shop\/table-fr-2\/theieres-sucriers-pots-a-lait\/staub-theiere-ronde-bleu-fonce\/\" \/>\n<meta property=\"og:site_name\" content=\"dev6 Erresse\" \/>\n<meta property=\"og:image\" content=\"https:\/\/interpim.erresse-shop.it\/Import\/Prodotti\/staub-teiera-tonda-blue-scuro.jpg\" \/><meta property=\"og:image\" content=\"https:\/\/interpim.erresse-shop.it\/Import\/Prodotti\/staub-teiera-tonda-blue-scuro.jpg\" \/>\n\t<meta property=\"og:image:width\" content=\"1024\" \/>\n\t<meta property=\"og:image:height\" content=\"1024\" \/>\n\t<meta property=\"og:image:type\" content=\"image\/jpeg\" \/>\n<meta name=\"twitter:card\" content=\"summary_large_image\" \/>\n<meta name=\"twitter:image\" content=\"https:\/\/interpim.erresse-shop.it\/Import\/Prodotti\/staub-teiera-tonda-blue-scuro.jpg\" \/>\n<script type=\"application\/ld+json\" class=\"yoast-schema-graph\">{\"@context\":\"https:\/\/schema.org\",\"@graph\":[{\"@type\":\"WebPage\",\"@id\":\"https:\/\/dev6.erresse-shop.it\/fr\/shop\/table-fr-2\/theieres-sucriers-pots-a-lait\/staub-theiere-ronde-bleu-fonce\/\",\"url\":\"https:\/\/dev6.erresse-shop.it\/fr\/shop\/table-fr-2\/theieres-sucriers-pots-a-lait\/staub-theiere-ronde-bleu-fonce\/\",\"name\":\"STAUB Th\u00e9i\u00e8re ronde bleu fonc\u00e9 - dev6 Erresse\",\"isPartOf\":{\"@id\":\"https:\/\/dev6.erresse-shop.it\/#website\"},\"primaryImageOfPage\":{\"@id\":\"https:\/\/dev6.erresse-shop.it\/fr\/shop\/table-fr-2\/theieres-sucriers-pots-a-lait\/staub-theiere-ronde-bleu-fonce\/#primaryimage\"},\"image\":{\"@id\":\"https:\/\/dev6.erresse-shop.it\/fr\/shop\/table-fr-2\/theieres-sucriers-pots-a-lait\/staub-theiere-ronde-bleu-fonce\/#primaryimage\"},\"thumbnailUrl\":\"https:\/\/i3.wp.com\/interpim.erresse-shop.it\/Import\/Prodotti\/staub-teiera-tonda-blue-scuro.jpg?ssl=1\",\"datePublished\":\"2026-04-12T11:15:45+00:00\",\"description\":\"Malgr\u00e9 les progr\u00e8s technologiques, les m\u00e9thodes traditionnelles restent souvent les meilleures. La th\u00e9i\u00e8re en fonte Staub conserve la chaleur et maintient\",\"breadcrumb\":{\"@id\":\"https:\/\/dev6.erresse-shop.it\/fr\/shop\/table-fr-2\/theieres-sucriers-pots-a-lait\/staub-theiere-ronde-bleu-fonce\/#breadcrumb\"},\"inLanguage\":\"fr-FR\",\"potentialAction\":[{\"@type\":\"ReadAction\",\"target\":[\"https:\/\/dev6.erresse-shop.it\/fr\/shop\/table-fr-2\/theieres-sucriers-pots-a-lait\/staub-theiere-ronde-bleu-fonce\/\"]}]},{\"@type\":\"ImageObject\",\"inLanguage\":\"fr-FR\",\"@id\":\"https:\/\/dev6.erresse-shop.it\/fr\/shop\/table-fr-2\/theieres-sucriers-pots-a-lait\/staub-theiere-ronde-bleu-fonce\/#primaryimage\",\"url\":\"https:\/\/i3.wp.com\/interpim.erresse-shop.it\/Import\/Prodotti\/staub-teiera-tonda-blue-scuro.jpg?ssl=1\",\"contentUrl\":\"https:\/\/i3.wp.com\/interpim.erresse-shop.it\/Import\/Prodotti\/staub-teiera-tonda-blue-scuro.jpg?ssl=1\"},{\"@type\":\"BreadcrumbList\",\"@id\":\"https:\/\/dev6.erresse-shop.it\/fr\/shop\/table-fr-2\/theieres-sucriers-pots-a-lait\/staub-theiere-ronde-bleu-fonce\/#breadcrumb\",\"itemListElement\":[{\"@type\":\"ListItem\",\"position\":1,\"name\":\"Home\",\"item\":\"https:\/\/dev6.erresse-shop.it\/\"},{\"@type\":\"ListItem\",\"position\":2,\"name\":\"Boutique\",\"item\":\"https:\/\/dev6.erresse-shop.it\/shop\/\"},{\"@type\":\"ListItem\",\"position\":3,\"name\":\"STAUB Th\u00e9i\u00e8re ronde bleu fonc\u00e9\"}]},{\"@type\":\"WebSite\",\"@id\":\"https:\/\/dev6.erresse-shop.it\/#website\",\"url\":\"https:\/\/dev6.erresse-shop.it\/\",\"name\":\"Erresse Shop\",\"description\":\"\",\"publisher\":{\"@id\":\"https:\/\/dev6.erresse-shop.it\/#organization\"},\"potentialAction\":[{\"@type\":\"SearchAction\",\"target\":{\"@type\":\"EntryPoint\",\"urlTemplate\":\"https:\/\/dev6.erresse-shop.it\/?s={search_term_string}\"},\"query-input\":{\"@type\":\"PropertyValueSpecification\",\"valueRequired\":true,\"valueName\":\"search_term_string\"}}],\"inLanguage\":\"fr-FR\"},{\"@type\":\"Organization\",\"@id\":\"https:\/\/dev6.erresse-shop.it\/#organization\",\"name\":\"Erresse Shop\",\"url\":\"https:\/\/dev6.erresse-shop.it\/\",\"logo\":{\"@type\":\"ImageObject\",\"inLanguage\":\"fr-FR\",\"@id\":\"https:\/\/dev6.erresse-shop.it\/#\/schema\/logo\/image\/\",\"url\":\"https:\/\/dev6.erresse-shop.it\/wp-content\/uploads\/2025\/01\/LOGO-ERRESSE-CLASSICO.svg\",\"contentUrl\":\"https:\/\/dev6.erresse-shop.it\/wp-content\/uploads\/2025\/01\/LOGO-ERRESSE-CLASSICO.svg\",\"caption\":\"Erresse Shop\"},\"image\":{\"@id\":\"https:\/\/dev6.erresse-shop.it\/#\/schema\/logo\/image\/\"}}]}<\/script>\n<!-- \/ Yoast SEO plugin. -->","yoast_head_json":{"title":"STAUB Th\u00e9i\u00e8re ronde bleu fonc\u00e9 - dev6 Erresse","description":"Malgr\u00e9 les progr\u00e8s technologiques, les m\u00e9thodes traditionnelles restent souvent les meilleures. La th\u00e9i\u00e8re en fonte Staub conserve la chaleur et maintient","robots":{"index":"noindex","follow":"follow","max-snippet":"max-snippet:-1","max-image-preview":"max-image-preview:large","max-video-preview":"max-video-preview:-1"},"og_locale":"fr_FR","og_type":"article","og_title":"STAUB Th\u00e9i\u00e8re ronde bleu fonc\u00e9 - dev6 Erresse","og_description":"Malgr\u00e9 les progr\u00e8s technologiques, les m\u00e9thodes traditionnelles restent souvent les meilleures. La th\u00e9i\u00e8re en fonte Staub conserve la chaleur et maintient","og_url":"https:\/\/dev6.erresse-shop.it\/fr\/shop\/table-fr-2\/theieres-sucriers-pots-a-lait\/staub-theiere-ronde-bleu-fonce\/","og_site_name":"dev6 Erresse","og_image":[{"url":"https:\/\/interpim.erresse-shop.it\/Import\/Prodotti\/staub-teiera-tonda-blue-scuro.jpg","type":"","width":"","height":""},{"url":"https:\/\/interpim.erresse-shop.it\/Import\/Prodotti\/staub-teiera-tonda-blue-scuro.jpg","width":1024,"height":1024,"type":"image\/jpeg"}],"twitter_card":"summary_large_image","twitter_image":"https:\/\/interpim.erresse-shop.it\/Import\/Prodotti\/staub-teiera-tonda-blue-scuro.jpg","schema":{"@context":"https:\/\/schema.org","@graph":[{"@type":"WebPage","@id":"https:\/\/dev6.erresse-shop.it\/fr\/shop\/table-fr-2\/theieres-sucriers-pots-a-lait\/staub-theiere-ronde-bleu-fonce\/","url":"https:\/\/dev6.erresse-shop.it\/fr\/shop\/table-fr-2\/theieres-sucriers-pots-a-lait\/staub-theiere-ronde-bleu-fonce\/","name":"STAUB Th\u00e9i\u00e8re ronde bleu fonc\u00e9 - dev6 Erresse","isPartOf":{"@id":"https:\/\/dev6.erresse-shop.it\/#website"},"primaryImageOfPage":{"@id":"https:\/\/dev6.erresse-shop.it\/fr\/shop\/table-fr-2\/theieres-sucriers-pots-a-lait\/staub-theiere-ronde-bleu-fonce\/#primaryimage"},"image":{"@id":"https:\/\/dev6.erresse-shop.it\/fr\/shop\/table-fr-2\/theieres-sucriers-pots-a-lait\/staub-theiere-ronde-bleu-fonce\/#primaryimage"},"thumbnailUrl":"https:\/\/i3.wp.com\/interpim.erresse-shop.it\/Import\/Prodotti\/staub-teiera-tonda-blue-scuro.jpg?ssl=1","datePublished":"2026-04-12T11:15:45+00:00","description":"Malgr\u00e9 les progr\u00e8s technologiques, les m\u00e9thodes traditionnelles restent souvent les meilleures. La th\u00e9i\u00e8re en fonte Staub conserve la chaleur et maintient","breadcrumb":{"@id":"https:\/\/dev6.erresse-shop.it\/fr\/shop\/table-fr-2\/theieres-sucriers-pots-a-lait\/staub-theiere-ronde-bleu-fonce\/#breadcrumb"},"inLanguage":"fr-FR","potentialAction":[{"@type":"ReadAction","target":["https:\/\/dev6.erresse-shop.it\/fr\/shop\/table-fr-2\/theieres-sucriers-pots-a-lait\/staub-theiere-ronde-bleu-fonce\/"]}]},{"@type":"ImageObject","inLanguage":"fr-FR","@id":"https:\/\/dev6.erresse-shop.it\/fr\/shop\/table-fr-2\/theieres-sucriers-pots-a-lait\/staub-theiere-ronde-bleu-fonce\/#primaryimage","url":"https:\/\/i3.wp.com\/interpim.erresse-shop.it\/Import\/Prodotti\/staub-teiera-tonda-blue-scuro.jpg?ssl=1","contentUrl":"https:\/\/i3.wp.com\/interpim.erresse-shop.it\/Import\/Prodotti\/staub-teiera-tonda-blue-scuro.jpg?ssl=1"},{"@type":"BreadcrumbList","@id":"https:\/\/dev6.erresse-shop.it\/fr\/shop\/table-fr-2\/theieres-sucriers-pots-a-lait\/staub-theiere-ronde-bleu-fonce\/#breadcrumb","itemListElement":[{"@type":"ListItem","position":1,"name":"Home","item":"https:\/\/dev6.erresse-shop.it\/"},{"@type":"ListItem","position":2,"name":"Boutique","item":"https:\/\/dev6.erresse-shop.it\/shop\/"},{"@type":"ListItem","position":3,"name":"STAUB Th\u00e9i\u00e8re ronde bleu fonc\u00e9"}]},{"@type":"WebSite","@id":"https:\/\/dev6.erresse-shop.it\/#website","url":"https:\/\/dev6.erresse-shop.it\/","name":"Erresse Shop","description":"","publisher":{"@id":"https:\/\/dev6.erresse-shop.it\/#organization"},"potentialAction":[{"@type":"SearchAction","target":{"@type":"EntryPoint","urlTemplate":"https:\/\/dev6.erresse-shop.it\/?s={search_term_string}"},"query-input":{"@type":"PropertyValueSpecification","valueRequired":true,"valueName":"search_term_string"}}],"inLanguage":"fr-FR"},{"@type":"Organization","@id":"https:\/\/dev6.erresse-shop.it\/#organization","name":"Erresse Shop","url":"https:\/\/dev6.erresse-shop.it\/","logo":{"@type":"ImageObject","inLanguage":"fr-FR","@id":"https:\/\/dev6.erresse-shop.it\/#\/schema\/logo\/image\/","url":"https:\/\/dev6.erresse-shop.it\/wp-content\/uploads\/2025\/01\/LOGO-ERRESSE-CLASSICO.svg","contentUrl":"https:\/\/dev6.erresse-shop.it\/wp-content\/uploads\/2025\/01\/LOGO-ERRESSE-CLASSICO.svg","caption":"Erresse Shop"},"image":{"@id":"https:\/\/dev6.erresse-shop.it\/#\/schema\/logo\/image\/"}}]}},"df_price":149,"df_sale_price":149,"df_regular_price":219,"df_image_link":"https:\/\/i3.wp.com\/interpim.erresse-shop.it\/Import\/Prodotti\/staub-teiera-tonda-blue-scuro.jpg?resize=300,300&ssl=1","fifu_image_url":"https:\/\/interpim.erresse-shop.it\/Import\/Prodotti\/staub-teiera-tonda-blue-scuro.jpg","_links":{"self":[{"href":"https:\/\/dev6.erresse-shop.it\/fr\/wp-json\/wp\/v2\/product\/1609843","targetHints":{"allow":["GET"]}}],"collection":[{"href":"https:\/\/dev6.erresse-shop.it\/fr\/wp-json\/wp\/v2\/product"}],"about":[{"href":"https:\/\/dev6.erresse-shop.it\/fr\/wp-json\/wp\/v2\/types\/product"}],"wp:featuredmedia":[{"embeddable":true,"href":"https:\/\/dev6.erresse-shop.it\/fr\/wp-json\/wp\/v2\/media\/6376472"}],"wp:attachment":[{"href":"https:\/\/dev6.erresse-shop.it\/fr\/wp-json\/wp\/v2\/media?parent=1609843"}],"wp:term":[{"taxonomy":"product_cat","embeddable":true,"href":"https:\/\/dev6.erresse-shop.it\/fr\/wp-json\/wp\/v2\/product_cat?post=1609843"},{"taxonomy":"product_tag","embeddable":true,"href":"https:\/\/dev6.erresse-shop.it\/fr\/wp-json\/wp\/v2\/product_tag?post=1609843"}],"curies":[{"name":"wp","href":"https:\/\/api.w.org\/{rel}","templated":true}]}}