{"id":1609825,"date":"2026-04-04T13:10:36","date_gmt":"2026-04-04T11:10:36","guid":{"rendered":"https:\/\/dev6.erresse-shop.it\/shop\/non%20class\u00e9\/seletti-hybrid-plat-a-pain-zemrude\/"},"modified":"2025-07-04T19:36:50","modified_gmt":"2025-07-04T17:36:50","slug":"seletti-hybrid-plat-a-pain-zemrude","status":"publish","type":"product","link":"https:\/\/dev6.erresse-shop.it\/fr\/shop\/table-fr-2\/plats\/seletti-hybrid-plat-a-pain-zemrude\/","title":{"rendered":"SELETTI Hybrid Plat \u00e0 pain Zemrude"},"content":{"rendered":"<p>Quand l\u2019Orient et l\u2019Occident se rencontrent, na\u00eet une collection unique qui c\u00e9l\u00e8bre les anciennes traditions c\u00e9ramiques \u00e0 travers des d\u00e9cors hybrides qui m\u00e9langent un pass\u00e9 complexe \u00e0 des formes contemporaines. L\u2019assiette \u00e0 pain Zobeide est un d\u00e9tail \u00e9l\u00e9gant pour enrichir votre table.<\/p>\n<p>Le design : CTRLZAK<br \/>\nMati\u00e8re : Porcelaine<br \/>\nDimensions: \u00f8 15 cm<\/p>\n","protected":false},"excerpt":{"rendered":"<p>Quand l\u2019Orient et l\u2019Occident se rencontrent, na\u00eet une collection unique qui c\u00e9l\u00e8bre les anciennes traditions c\u00e9ramiques \u00e0 travers des d\u00e9cors hybrides qui m\u00e9langent un pass\u00e9 complexe \u00e0 des formes contemporaines. L\u2019assiette \u00e0 pain Zobeide est un d\u00e9tail \u00e9l\u00e9gant pour enrichir votre table. Le design : CTRLZAK Mati\u00e8re : Porcelaine Dimensions: \u00f8 15 cm<\/p>\n","protected":false},"featured_media":6293105,"template":"","meta":{"_acf_changed":false},"product_cat":[12014,11995],"product_tag":[],"class_list":{"0":"post-1609825","1":"product","2":"type-product","3":"status-publish","4":"has-post-thumbnail","6":"product_cat-plats","7":"product_cat-table-fr-2","9":"first","10":"instock","11":"taxable","12":"shipping-taxable","13":"product-type-simple","swatches":"rey-swatches","show_selected":"","stretch_labels":"rey-swatches--stretch-labels"},"acf":[],"yoast_head":"<!-- This site is optimized with the Yoast SEO plugin v25.4 - https:\/\/yoast.com\/wordpress\/plugins\/seo\/ -->\n<title>SELETTI Hybrid Plat \u00e0 pain Zemrude - dev6 Erresse<\/title>\n<meta name=\"description\" content=\"Quand l\u2019Orient et l\u2019Occident se rencontrent, na\u00eet une collection unique qui c\u00e9l\u00e8bre les anciennes traditions c\u00e9ramiques \u00e0 travers des d\u00e9cors hybrides qui\" \/>\n<meta name=\"robots\" content=\"noindex, follow, max-snippet:-1, max-image-preview:large, max-video-preview:-1\" \/>\n<meta property=\"og:locale\" content=\"fr_FR\" \/>\n<meta property=\"og:type\" content=\"article\" \/>\n<meta property=\"og:title\" content=\"SELETTI Hybrid Plat \u00e0 pain Zemrude - dev6 Erresse\" \/>\n<meta property=\"og:description\" content=\"Quand l\u2019Orient et l\u2019Occident se rencontrent, na\u00eet une collection unique qui c\u00e9l\u00e8bre les anciennes traditions c\u00e9ramiques \u00e0 travers des d\u00e9cors hybrides qui\" \/>\n<meta property=\"og:url\" content=\"https:\/\/dev6.erresse-shop.it\/fr\/shop\/table-fr-2\/plats\/seletti-hybrid-plat-a-pain-zemrude\/\" \/>\n<meta property=\"og:site_name\" content=\"dev6 Erresse\" \/>\n<meta property=\"og:image\" content=\"https:\/\/interpim.erresse-shop.it\/Import\/Prodotti\/seletti-hybrid-piatto-pane-zemrude-1.jpg\" \/><meta property=\"og:image\" content=\"https:\/\/interpim.erresse-shop.it\/Import\/Prodotti\/seletti-hybrid-piatto-pane-zemrude-1.jpg\" \/>\n\t<meta property=\"og:image:width\" content=\"1024\" \/>\n\t<meta property=\"og:image:height\" content=\"1024\" \/>\n\t<meta property=\"og:image:type\" content=\"image\/jpeg\" \/>\n<meta name=\"twitter:card\" content=\"summary_large_image\" \/>\n<meta name=\"twitter:image\" content=\"https:\/\/interpim.erresse-shop.it\/Import\/Prodotti\/seletti-hybrid-piatto-pane-zemrude-1.jpg\" \/>\n<script type=\"application\/ld+json\" class=\"yoast-schema-graph\">{\"@context\":\"https:\/\/schema.org\",\"@graph\":[{\"@type\":\"WebPage\",\"@id\":\"https:\/\/dev6.erresse-shop.it\/fr\/shop\/table-fr-2\/plats\/seletti-hybrid-plat-a-pain-zemrude\/\",\"url\":\"https:\/\/dev6.erresse-shop.it\/fr\/shop\/table-fr-2\/plats\/seletti-hybrid-plat-a-pain-zemrude\/\",\"name\":\"SELETTI Hybrid Plat \u00e0 pain Zemrude - dev6 Erresse\",\"isPartOf\":{\"@id\":\"https:\/\/dev6.erresse-shop.it\/#website\"},\"primaryImageOfPage\":{\"@id\":\"https:\/\/dev6.erresse-shop.it\/fr\/shop\/table-fr-2\/plats\/seletti-hybrid-plat-a-pain-zemrude\/#primaryimage\"},\"image\":{\"@id\":\"https:\/\/dev6.erresse-shop.it\/fr\/shop\/table-fr-2\/plats\/seletti-hybrid-plat-a-pain-zemrude\/#primaryimage\"},\"thumbnailUrl\":\"https:\/\/i2.wp.com\/interpim.erresse-shop.it\/Import\/Prodotti\/seletti-hybrid-piatto-pane-zemrude-1.jpg?ssl=1\",\"datePublished\":\"2026-04-04T11:10:36+00:00\",\"description\":\"Quand l\u2019Orient et l\u2019Occident se rencontrent, na\u00eet une collection unique qui c\u00e9l\u00e8bre les anciennes traditions c\u00e9ramiques \u00e0 travers des d\u00e9cors hybrides qui\",\"breadcrumb\":{\"@id\":\"https:\/\/dev6.erresse-shop.it\/fr\/shop\/table-fr-2\/plats\/seletti-hybrid-plat-a-pain-zemrude\/#breadcrumb\"},\"inLanguage\":\"fr-FR\",\"potentialAction\":[{\"@type\":\"ReadAction\",\"target\":[\"https:\/\/dev6.erresse-shop.it\/fr\/shop\/table-fr-2\/plats\/seletti-hybrid-plat-a-pain-zemrude\/\"]}]},{\"@type\":\"ImageObject\",\"inLanguage\":\"fr-FR\",\"@id\":\"https:\/\/dev6.erresse-shop.it\/fr\/shop\/table-fr-2\/plats\/seletti-hybrid-plat-a-pain-zemrude\/#primaryimage\",\"url\":\"https:\/\/i2.wp.com\/interpim.erresse-shop.it\/Import\/Prodotti\/seletti-hybrid-piatto-pane-zemrude-1.jpg?ssl=1\",\"contentUrl\":\"https:\/\/i2.wp.com\/interpim.erresse-shop.it\/Import\/Prodotti\/seletti-hybrid-piatto-pane-zemrude-1.jpg?ssl=1\"},{\"@type\":\"BreadcrumbList\",\"@id\":\"https:\/\/dev6.erresse-shop.it\/fr\/shop\/table-fr-2\/plats\/seletti-hybrid-plat-a-pain-zemrude\/#breadcrumb\",\"itemListElement\":[{\"@type\":\"ListItem\",\"position\":1,\"name\":\"Home\",\"item\":\"https:\/\/dev6.erresse-shop.it\/\"},{\"@type\":\"ListItem\",\"position\":2,\"name\":\"Boutique\",\"item\":\"https:\/\/dev6.erresse-shop.it\/shop\/\"},{\"@type\":\"ListItem\",\"position\":3,\"name\":\"SELETTI Hybrid Plat \u00e0 pain Zemrude\"}]},{\"@type\":\"WebSite\",\"@id\":\"https:\/\/dev6.erresse-shop.it\/#website\",\"url\":\"https:\/\/dev6.erresse-shop.it\/\",\"name\":\"Erresse Shop\",\"description\":\"\",\"publisher\":{\"@id\":\"https:\/\/dev6.erresse-shop.it\/#organization\"},\"potentialAction\":[{\"@type\":\"SearchAction\",\"target\":{\"@type\":\"EntryPoint\",\"urlTemplate\":\"https:\/\/dev6.erresse-shop.it\/?s={search_term_string}\"},\"query-input\":{\"@type\":\"PropertyValueSpecification\",\"valueRequired\":true,\"valueName\":\"search_term_string\"}}],\"inLanguage\":\"fr-FR\"},{\"@type\":\"Organization\",\"@id\":\"https:\/\/dev6.erresse-shop.it\/#organization\",\"name\":\"Erresse Shop\",\"url\":\"https:\/\/dev6.erresse-shop.it\/\",\"logo\":{\"@type\":\"ImageObject\",\"inLanguage\":\"fr-FR\",\"@id\":\"https:\/\/dev6.erresse-shop.it\/#\/schema\/logo\/image\/\",\"url\":\"https:\/\/dev6.erresse-shop.it\/wp-content\/uploads\/2025\/01\/LOGO-ERRESSE-CLASSICO.svg\",\"contentUrl\":\"https:\/\/dev6.erresse-shop.it\/wp-content\/uploads\/2025\/01\/LOGO-ERRESSE-CLASSICO.svg\",\"caption\":\"Erresse Shop\"},\"image\":{\"@id\":\"https:\/\/dev6.erresse-shop.it\/#\/schema\/logo\/image\/\"}}]}<\/script>\n<!-- \/ Yoast SEO plugin. -->","yoast_head_json":{"title":"SELETTI Hybrid Plat \u00e0 pain Zemrude - dev6 Erresse","description":"Quand l\u2019Orient et l\u2019Occident se rencontrent, na\u00eet une collection unique qui c\u00e9l\u00e8bre les anciennes traditions c\u00e9ramiques \u00e0 travers des d\u00e9cors hybrides qui","robots":{"index":"noindex","follow":"follow","max-snippet":"max-snippet:-1","max-image-preview":"max-image-preview:large","max-video-preview":"max-video-preview:-1"},"og_locale":"fr_FR","og_type":"article","og_title":"SELETTI Hybrid Plat \u00e0 pain Zemrude - dev6 Erresse","og_description":"Quand l\u2019Orient et l\u2019Occident se rencontrent, na\u00eet une collection unique qui c\u00e9l\u00e8bre les anciennes traditions c\u00e9ramiques \u00e0 travers des d\u00e9cors hybrides qui","og_url":"https:\/\/dev6.erresse-shop.it\/fr\/shop\/table-fr-2\/plats\/seletti-hybrid-plat-a-pain-zemrude\/","og_site_name":"dev6 Erresse","og_image":[{"url":"https:\/\/interpim.erresse-shop.it\/Import\/Prodotti\/seletti-hybrid-piatto-pane-zemrude-1.jpg","type":"","width":"","height":""},{"url":"https:\/\/interpim.erresse-shop.it\/Import\/Prodotti\/seletti-hybrid-piatto-pane-zemrude-1.jpg","width":1024,"height":1024,"type":"image\/jpeg"}],"twitter_card":"summary_large_image","twitter_image":"https:\/\/interpim.erresse-shop.it\/Import\/Prodotti\/seletti-hybrid-piatto-pane-zemrude-1.jpg","schema":{"@context":"https:\/\/schema.org","@graph":[{"@type":"WebPage","@id":"https:\/\/dev6.erresse-shop.it\/fr\/shop\/table-fr-2\/plats\/seletti-hybrid-plat-a-pain-zemrude\/","url":"https:\/\/dev6.erresse-shop.it\/fr\/shop\/table-fr-2\/plats\/seletti-hybrid-plat-a-pain-zemrude\/","name":"SELETTI Hybrid Plat \u00e0 pain Zemrude - dev6 Erresse","isPartOf":{"@id":"https:\/\/dev6.erresse-shop.it\/#website"},"primaryImageOfPage":{"@id":"https:\/\/dev6.erresse-shop.it\/fr\/shop\/table-fr-2\/plats\/seletti-hybrid-plat-a-pain-zemrude\/#primaryimage"},"image":{"@id":"https:\/\/dev6.erresse-shop.it\/fr\/shop\/table-fr-2\/plats\/seletti-hybrid-plat-a-pain-zemrude\/#primaryimage"},"thumbnailUrl":"https:\/\/i2.wp.com\/interpim.erresse-shop.it\/Import\/Prodotti\/seletti-hybrid-piatto-pane-zemrude-1.jpg?ssl=1","datePublished":"2026-04-04T11:10:36+00:00","description":"Quand l\u2019Orient et l\u2019Occident se rencontrent, na\u00eet une collection unique qui c\u00e9l\u00e8bre les anciennes traditions c\u00e9ramiques \u00e0 travers des d\u00e9cors hybrides qui","breadcrumb":{"@id":"https:\/\/dev6.erresse-shop.it\/fr\/shop\/table-fr-2\/plats\/seletti-hybrid-plat-a-pain-zemrude\/#breadcrumb"},"inLanguage":"fr-FR","potentialAction":[{"@type":"ReadAction","target":["https:\/\/dev6.erresse-shop.it\/fr\/shop\/table-fr-2\/plats\/seletti-hybrid-plat-a-pain-zemrude\/"]}]},{"@type":"ImageObject","inLanguage":"fr-FR","@id":"https:\/\/dev6.erresse-shop.it\/fr\/shop\/table-fr-2\/plats\/seletti-hybrid-plat-a-pain-zemrude\/#primaryimage","url":"https:\/\/i2.wp.com\/interpim.erresse-shop.it\/Import\/Prodotti\/seletti-hybrid-piatto-pane-zemrude-1.jpg?ssl=1","contentUrl":"https:\/\/i2.wp.com\/interpim.erresse-shop.it\/Import\/Prodotti\/seletti-hybrid-piatto-pane-zemrude-1.jpg?ssl=1"},{"@type":"BreadcrumbList","@id":"https:\/\/dev6.erresse-shop.it\/fr\/shop\/table-fr-2\/plats\/seletti-hybrid-plat-a-pain-zemrude\/#breadcrumb","itemListElement":[{"@type":"ListItem","position":1,"name":"Home","item":"https:\/\/dev6.erresse-shop.it\/"},{"@type":"ListItem","position":2,"name":"Boutique","item":"https:\/\/dev6.erresse-shop.it\/shop\/"},{"@type":"ListItem","position":3,"name":"SELETTI Hybrid Plat \u00e0 pain Zemrude"}]},{"@type":"WebSite","@id":"https:\/\/dev6.erresse-shop.it\/#website","url":"https:\/\/dev6.erresse-shop.it\/","name":"Erresse Shop","description":"","publisher":{"@id":"https:\/\/dev6.erresse-shop.it\/#organization"},"potentialAction":[{"@type":"SearchAction","target":{"@type":"EntryPoint","urlTemplate":"https:\/\/dev6.erresse-shop.it\/?s={search_term_string}"},"query-input":{"@type":"PropertyValueSpecification","valueRequired":true,"valueName":"search_term_string"}}],"inLanguage":"fr-FR"},{"@type":"Organization","@id":"https:\/\/dev6.erresse-shop.it\/#organization","name":"Erresse Shop","url":"https:\/\/dev6.erresse-shop.it\/","logo":{"@type":"ImageObject","inLanguage":"fr-FR","@id":"https:\/\/dev6.erresse-shop.it\/#\/schema\/logo\/image\/","url":"https:\/\/dev6.erresse-shop.it\/wp-content\/uploads\/2025\/01\/LOGO-ERRESSE-CLASSICO.svg","contentUrl":"https:\/\/dev6.erresse-shop.it\/wp-content\/uploads\/2025\/01\/LOGO-ERRESSE-CLASSICO.svg","caption":"Erresse Shop"},"image":{"@id":"https:\/\/dev6.erresse-shop.it\/#\/schema\/logo\/image\/"}}]}},"df_price":"","df_sale_price":"","df_regular_price":"","df_image_link":"https:\/\/i2.wp.com\/interpim.erresse-shop.it\/Import\/Prodotti\/seletti-hybrid-piatto-pane-zemrude-1.jpg?resize=300,300&ssl=1","fifu_image_url":"https:\/\/interpim.erresse-shop.it\/Import\/Prodotti\/seletti-hybrid-piatto-pane-zemrude-1.jpg","_links":{"self":[{"href":"https:\/\/dev6.erresse-shop.it\/fr\/wp-json\/wp\/v2\/product\/1609825","targetHints":{"allow":["GET"]}}],"collection":[{"href":"https:\/\/dev6.erresse-shop.it\/fr\/wp-json\/wp\/v2\/product"}],"about":[{"href":"https:\/\/dev6.erresse-shop.it\/fr\/wp-json\/wp\/v2\/types\/product"}],"wp:featuredmedia":[{"embeddable":true,"href":"https:\/\/dev6.erresse-shop.it\/fr\/wp-json\/wp\/v2\/media\/6293105"}],"wp:attachment":[{"href":"https:\/\/dev6.erresse-shop.it\/fr\/wp-json\/wp\/v2\/media?parent=1609825"}],"wp:term":[{"taxonomy":"product_cat","embeddable":true,"href":"https:\/\/dev6.erresse-shop.it\/fr\/wp-json\/wp\/v2\/product_cat?post=1609825"},{"taxonomy":"product_tag","embeddable":true,"href":"https:\/\/dev6.erresse-shop.it\/fr\/wp-json\/wp\/v2\/product_tag?post=1609825"}],"curies":[{"name":"wp","href":"https:\/\/api.w.org\/{rel}","templated":true}]}}