{"id":1609817,"date":"2026-04-12T13:13:04","date_gmt":"2026-04-12T11:13:04","guid":{"rendered":"https:\/\/dev6.erresse-shop.it\/shop\/non%20class\u00e9\/seletti-hybrid-thelme-set-huile-et-vinaigre\/"},"modified":"2025-07-04T19:36:31","modified_gmt":"2025-07-04T17:36:31","slug":"seletti-hybrid-thelme-set-huile-et-vinaigre","status":"publish","type":"product","link":"https:\/\/dev6.erresse-shop.it\/fr\/shop\/table-fr-2\/huile-vinaigre-sel\/seletti-hybrid-thelme-set-huile-et-vinaigre\/","title":{"rendered":"SELETTI Hybrid Thelme Set huile et vinaigre"},"content":{"rendered":"<p>La rencontre de l\u2019Orient et de l\u2019Occident donne naissance \u00e0 une collection unique qui c\u00e9l\u00e8bre les anciennes traditions c\u00e9ramiques des deux cultures. Hybrid Thelme combine des d\u00e9corations hybrides issues d\u2019un pass\u00e9 complexe, en les r\u00e9interpr\u00e9tant sous des formes contemporaines. Un set de condiments qui apporte \u00e9l\u00e9gance et originalit\u00e9 \u00e0 votre table.<\/p>\n<p>Set d\u2019huile et de vinaigre<\/p>\n<p>Mat\u00e9riau : Porcelaine<\/p>\n<p>Dimensions : 18,4 x 9,2 x 16 cm<\/p>\n","protected":false},"excerpt":{"rendered":"<p>La rencontre de l\u2019Orient et de l\u2019Occident donne naissance \u00e0 une collection unique qui c\u00e9l\u00e8bre les anciennes traditions c\u00e9ramiques des deux cultures. Hybrid Thelme combine des d\u00e9corations hybrides issues d\u2019un pass\u00e9 complexe, en les r\u00e9interpr\u00e9tant sous des formes contemporaines. Un set de condiments qui apporte \u00e9l\u00e9gance et originalit\u00e9 \u00e0 votre table. Set d\u2019huile et de [&hellip;]<\/p>\n","protected":false},"featured_media":6376367,"template":"","meta":{"_acf_changed":false},"product_cat":[12044,11995],"product_tag":[],"class_list":{"0":"post-1609817","1":"product","2":"type-product","3":"status-publish","4":"has-post-thumbnail","6":"product_cat-huile-vinaigre-sel","7":"product_cat-table-fr-2","9":"first","10":"instock","11":"taxable","12":"shipping-taxable","13":"product-type-simple","swatches":"rey-swatches","show_selected":"","stretch_labels":"rey-swatches--stretch-labels"},"acf":[],"yoast_head":"<!-- This site is optimized with the Yoast SEO plugin v25.4 - https:\/\/yoast.com\/wordpress\/plugins\/seo\/ -->\n<title>SELETTI Hybrid Thelme Set huile et vinaigre - dev6 Erresse<\/title>\n<meta name=\"description\" content=\"La rencontre de l\u2019Orient et de l\u2019Occident donne naissance \u00e0 une collection unique qui c\u00e9l\u00e8bre les anciennes traditions c\u00e9ramiques des deux cultures.\" \/>\n<meta name=\"robots\" content=\"noindex, follow, max-snippet:-1, max-image-preview:large, max-video-preview:-1\" \/>\n<meta property=\"og:locale\" content=\"fr_FR\" \/>\n<meta property=\"og:type\" content=\"article\" \/>\n<meta property=\"og:title\" content=\"SELETTI Hybrid Thelme Set huile et vinaigre - dev6 Erresse\" \/>\n<meta property=\"og:description\" content=\"La rencontre de l\u2019Orient et de l\u2019Occident donne naissance \u00e0 une collection unique qui c\u00e9l\u00e8bre les anciennes traditions c\u00e9ramiques des deux cultures.\" \/>\n<meta property=\"og:url\" content=\"https:\/\/dev6.erresse-shop.it\/fr\/shop\/table-fr-2\/huile-vinaigre-sel\/seletti-hybrid-thelme-set-huile-et-vinaigre\/\" \/>\n<meta property=\"og:site_name\" content=\"dev6 Erresse\" \/>\n<meta property=\"og:image\" content=\"https:\/\/interpim.erresse-shop.it\/Import\/Prodotti\/seletti-hybrid-thelme-set-olio-e-aceto.jpg\" \/><meta property=\"og:image\" content=\"https:\/\/interpim.erresse-shop.it\/Import\/Prodotti\/seletti-hybrid-thelme-set-olio-e-aceto.jpg\" \/>\n\t<meta property=\"og:image:width\" content=\"1024\" \/>\n\t<meta property=\"og:image:height\" content=\"1024\" \/>\n\t<meta property=\"og:image:type\" content=\"image\/jpeg\" \/>\n<meta name=\"twitter:card\" content=\"summary_large_image\" \/>\n<meta name=\"twitter:image\" content=\"https:\/\/interpim.erresse-shop.it\/Import\/Prodotti\/seletti-hybrid-thelme-set-olio-e-aceto.jpg\" \/>\n<script type=\"application\/ld+json\" class=\"yoast-schema-graph\">{\"@context\":\"https:\/\/schema.org\",\"@graph\":[{\"@type\":\"WebPage\",\"@id\":\"https:\/\/dev6.erresse-shop.it\/fr\/shop\/table-fr-2\/huile-vinaigre-sel\/seletti-hybrid-thelme-set-huile-et-vinaigre\/\",\"url\":\"https:\/\/dev6.erresse-shop.it\/fr\/shop\/table-fr-2\/huile-vinaigre-sel\/seletti-hybrid-thelme-set-huile-et-vinaigre\/\",\"name\":\"SELETTI Hybrid Thelme Set huile et vinaigre - dev6 Erresse\",\"isPartOf\":{\"@id\":\"https:\/\/dev6.erresse-shop.it\/#website\"},\"primaryImageOfPage\":{\"@id\":\"https:\/\/dev6.erresse-shop.it\/fr\/shop\/table-fr-2\/huile-vinaigre-sel\/seletti-hybrid-thelme-set-huile-et-vinaigre\/#primaryimage\"},\"image\":{\"@id\":\"https:\/\/dev6.erresse-shop.it\/fr\/shop\/table-fr-2\/huile-vinaigre-sel\/seletti-hybrid-thelme-set-huile-et-vinaigre\/#primaryimage\"},\"thumbnailUrl\":\"https:\/\/i3.wp.com\/interpim.erresse-shop.it\/Import\/Prodotti\/seletti-hybrid-thelme-set-olio-e-aceto.jpg?ssl=1\",\"datePublished\":\"2026-04-12T11:13:04+00:00\",\"description\":\"La rencontre de l\u2019Orient et de l\u2019Occident donne naissance \u00e0 une collection unique qui c\u00e9l\u00e8bre les anciennes traditions c\u00e9ramiques des deux cultures.\",\"breadcrumb\":{\"@id\":\"https:\/\/dev6.erresse-shop.it\/fr\/shop\/table-fr-2\/huile-vinaigre-sel\/seletti-hybrid-thelme-set-huile-et-vinaigre\/#breadcrumb\"},\"inLanguage\":\"fr-FR\",\"potentialAction\":[{\"@type\":\"ReadAction\",\"target\":[\"https:\/\/dev6.erresse-shop.it\/fr\/shop\/table-fr-2\/huile-vinaigre-sel\/seletti-hybrid-thelme-set-huile-et-vinaigre\/\"]}]},{\"@type\":\"ImageObject\",\"inLanguage\":\"fr-FR\",\"@id\":\"https:\/\/dev6.erresse-shop.it\/fr\/shop\/table-fr-2\/huile-vinaigre-sel\/seletti-hybrid-thelme-set-huile-et-vinaigre\/#primaryimage\",\"url\":\"https:\/\/i3.wp.com\/interpim.erresse-shop.it\/Import\/Prodotti\/seletti-hybrid-thelme-set-olio-e-aceto.jpg?ssl=1\",\"contentUrl\":\"https:\/\/i3.wp.com\/interpim.erresse-shop.it\/Import\/Prodotti\/seletti-hybrid-thelme-set-olio-e-aceto.jpg?ssl=1\"},{\"@type\":\"BreadcrumbList\",\"@id\":\"https:\/\/dev6.erresse-shop.it\/fr\/shop\/table-fr-2\/huile-vinaigre-sel\/seletti-hybrid-thelme-set-huile-et-vinaigre\/#breadcrumb\",\"itemListElement\":[{\"@type\":\"ListItem\",\"position\":1,\"name\":\"Home\",\"item\":\"https:\/\/dev6.erresse-shop.it\/\"},{\"@type\":\"ListItem\",\"position\":2,\"name\":\"Boutique\",\"item\":\"https:\/\/dev6.erresse-shop.it\/shop\/\"},{\"@type\":\"ListItem\",\"position\":3,\"name\":\"SELETTI Hybrid Thelme Set huile et vinaigre\"}]},{\"@type\":\"WebSite\",\"@id\":\"https:\/\/dev6.erresse-shop.it\/#website\",\"url\":\"https:\/\/dev6.erresse-shop.it\/\",\"name\":\"Erresse Shop\",\"description\":\"\",\"publisher\":{\"@id\":\"https:\/\/dev6.erresse-shop.it\/#organization\"},\"potentialAction\":[{\"@type\":\"SearchAction\",\"target\":{\"@type\":\"EntryPoint\",\"urlTemplate\":\"https:\/\/dev6.erresse-shop.it\/?s={search_term_string}\"},\"query-input\":{\"@type\":\"PropertyValueSpecification\",\"valueRequired\":true,\"valueName\":\"search_term_string\"}}],\"inLanguage\":\"fr-FR\"},{\"@type\":\"Organization\",\"@id\":\"https:\/\/dev6.erresse-shop.it\/#organization\",\"name\":\"Erresse Shop\",\"url\":\"https:\/\/dev6.erresse-shop.it\/\",\"logo\":{\"@type\":\"ImageObject\",\"inLanguage\":\"fr-FR\",\"@id\":\"https:\/\/dev6.erresse-shop.it\/#\/schema\/logo\/image\/\",\"url\":\"https:\/\/dev6.erresse-shop.it\/wp-content\/uploads\/2025\/01\/LOGO-ERRESSE-CLASSICO.svg\",\"contentUrl\":\"https:\/\/dev6.erresse-shop.it\/wp-content\/uploads\/2025\/01\/LOGO-ERRESSE-CLASSICO.svg\",\"caption\":\"Erresse Shop\"},\"image\":{\"@id\":\"https:\/\/dev6.erresse-shop.it\/#\/schema\/logo\/image\/\"}}]}<\/script>\n<!-- \/ Yoast SEO plugin. -->","yoast_head_json":{"title":"SELETTI Hybrid Thelme Set huile et vinaigre - dev6 Erresse","description":"La rencontre de l\u2019Orient et de l\u2019Occident donne naissance \u00e0 une collection unique qui c\u00e9l\u00e8bre les anciennes traditions c\u00e9ramiques des deux cultures.","robots":{"index":"noindex","follow":"follow","max-snippet":"max-snippet:-1","max-image-preview":"max-image-preview:large","max-video-preview":"max-video-preview:-1"},"og_locale":"fr_FR","og_type":"article","og_title":"SELETTI Hybrid Thelme Set huile et vinaigre - dev6 Erresse","og_description":"La rencontre de l\u2019Orient et de l\u2019Occident donne naissance \u00e0 une collection unique qui c\u00e9l\u00e8bre les anciennes traditions c\u00e9ramiques des deux cultures.","og_url":"https:\/\/dev6.erresse-shop.it\/fr\/shop\/table-fr-2\/huile-vinaigre-sel\/seletti-hybrid-thelme-set-huile-et-vinaigre\/","og_site_name":"dev6 Erresse","og_image":[{"url":"https:\/\/interpim.erresse-shop.it\/Import\/Prodotti\/seletti-hybrid-thelme-set-olio-e-aceto.jpg","type":"","width":"","height":""},{"url":"https:\/\/interpim.erresse-shop.it\/Import\/Prodotti\/seletti-hybrid-thelme-set-olio-e-aceto.jpg","width":1024,"height":1024,"type":"image\/jpeg"}],"twitter_card":"summary_large_image","twitter_image":"https:\/\/interpim.erresse-shop.it\/Import\/Prodotti\/seletti-hybrid-thelme-set-olio-e-aceto.jpg","schema":{"@context":"https:\/\/schema.org","@graph":[{"@type":"WebPage","@id":"https:\/\/dev6.erresse-shop.it\/fr\/shop\/table-fr-2\/huile-vinaigre-sel\/seletti-hybrid-thelme-set-huile-et-vinaigre\/","url":"https:\/\/dev6.erresse-shop.it\/fr\/shop\/table-fr-2\/huile-vinaigre-sel\/seletti-hybrid-thelme-set-huile-et-vinaigre\/","name":"SELETTI Hybrid Thelme Set huile et vinaigre - dev6 Erresse","isPartOf":{"@id":"https:\/\/dev6.erresse-shop.it\/#website"},"primaryImageOfPage":{"@id":"https:\/\/dev6.erresse-shop.it\/fr\/shop\/table-fr-2\/huile-vinaigre-sel\/seletti-hybrid-thelme-set-huile-et-vinaigre\/#primaryimage"},"image":{"@id":"https:\/\/dev6.erresse-shop.it\/fr\/shop\/table-fr-2\/huile-vinaigre-sel\/seletti-hybrid-thelme-set-huile-et-vinaigre\/#primaryimage"},"thumbnailUrl":"https:\/\/i3.wp.com\/interpim.erresse-shop.it\/Import\/Prodotti\/seletti-hybrid-thelme-set-olio-e-aceto.jpg?ssl=1","datePublished":"2026-04-12T11:13:04+00:00","description":"La rencontre de l\u2019Orient et de l\u2019Occident donne naissance \u00e0 une collection unique qui c\u00e9l\u00e8bre les anciennes traditions c\u00e9ramiques des deux cultures.","breadcrumb":{"@id":"https:\/\/dev6.erresse-shop.it\/fr\/shop\/table-fr-2\/huile-vinaigre-sel\/seletti-hybrid-thelme-set-huile-et-vinaigre\/#breadcrumb"},"inLanguage":"fr-FR","potentialAction":[{"@type":"ReadAction","target":["https:\/\/dev6.erresse-shop.it\/fr\/shop\/table-fr-2\/huile-vinaigre-sel\/seletti-hybrid-thelme-set-huile-et-vinaigre\/"]}]},{"@type":"ImageObject","inLanguage":"fr-FR","@id":"https:\/\/dev6.erresse-shop.it\/fr\/shop\/table-fr-2\/huile-vinaigre-sel\/seletti-hybrid-thelme-set-huile-et-vinaigre\/#primaryimage","url":"https:\/\/i3.wp.com\/interpim.erresse-shop.it\/Import\/Prodotti\/seletti-hybrid-thelme-set-olio-e-aceto.jpg?ssl=1","contentUrl":"https:\/\/i3.wp.com\/interpim.erresse-shop.it\/Import\/Prodotti\/seletti-hybrid-thelme-set-olio-e-aceto.jpg?ssl=1"},{"@type":"BreadcrumbList","@id":"https:\/\/dev6.erresse-shop.it\/fr\/shop\/table-fr-2\/huile-vinaigre-sel\/seletti-hybrid-thelme-set-huile-et-vinaigre\/#breadcrumb","itemListElement":[{"@type":"ListItem","position":1,"name":"Home","item":"https:\/\/dev6.erresse-shop.it\/"},{"@type":"ListItem","position":2,"name":"Boutique","item":"https:\/\/dev6.erresse-shop.it\/shop\/"},{"@type":"ListItem","position":3,"name":"SELETTI Hybrid Thelme Set huile et vinaigre"}]},{"@type":"WebSite","@id":"https:\/\/dev6.erresse-shop.it\/#website","url":"https:\/\/dev6.erresse-shop.it\/","name":"Erresse Shop","description":"","publisher":{"@id":"https:\/\/dev6.erresse-shop.it\/#organization"},"potentialAction":[{"@type":"SearchAction","target":{"@type":"EntryPoint","urlTemplate":"https:\/\/dev6.erresse-shop.it\/?s={search_term_string}"},"query-input":{"@type":"PropertyValueSpecification","valueRequired":true,"valueName":"search_term_string"}}],"inLanguage":"fr-FR"},{"@type":"Organization","@id":"https:\/\/dev6.erresse-shop.it\/#organization","name":"Erresse Shop","url":"https:\/\/dev6.erresse-shop.it\/","logo":{"@type":"ImageObject","inLanguage":"fr-FR","@id":"https:\/\/dev6.erresse-shop.it\/#\/schema\/logo\/image\/","url":"https:\/\/dev6.erresse-shop.it\/wp-content\/uploads\/2025\/01\/LOGO-ERRESSE-CLASSICO.svg","contentUrl":"https:\/\/dev6.erresse-shop.it\/wp-content\/uploads\/2025\/01\/LOGO-ERRESSE-CLASSICO.svg","caption":"Erresse Shop"},"image":{"@id":"https:\/\/dev6.erresse-shop.it\/#\/schema\/logo\/image\/"}}]}},"df_price":"","df_sale_price":"","df_regular_price":"","df_image_link":"https:\/\/i3.wp.com\/interpim.erresse-shop.it\/Import\/Prodotti\/seletti-hybrid-thelme-set-olio-e-aceto.jpg?resize=300,300&ssl=1","fifu_image_url":"https:\/\/interpim.erresse-shop.it\/Import\/Prodotti\/seletti-hybrid-thelme-set-olio-e-aceto.jpg","_links":{"self":[{"href":"https:\/\/dev6.erresse-shop.it\/fr\/wp-json\/wp\/v2\/product\/1609817","targetHints":{"allow":["GET"]}}],"collection":[{"href":"https:\/\/dev6.erresse-shop.it\/fr\/wp-json\/wp\/v2\/product"}],"about":[{"href":"https:\/\/dev6.erresse-shop.it\/fr\/wp-json\/wp\/v2\/types\/product"}],"wp:featuredmedia":[{"embeddable":true,"href":"https:\/\/dev6.erresse-shop.it\/fr\/wp-json\/wp\/v2\/media\/6376367"}],"wp:attachment":[{"href":"https:\/\/dev6.erresse-shop.it\/fr\/wp-json\/wp\/v2\/media?parent=1609817"}],"wp:term":[{"taxonomy":"product_cat","embeddable":true,"href":"https:\/\/dev6.erresse-shop.it\/fr\/wp-json\/wp\/v2\/product_cat?post=1609817"},{"taxonomy":"product_tag","embeddable":true,"href":"https:\/\/dev6.erresse-shop.it\/fr\/wp-json\/wp\/v2\/product_tag?post=1609817"}],"curies":[{"name":"wp","href":"https:\/\/api.w.org\/{rel}","templated":true}]}}