{"id":1609813,"date":"2026-04-04T13:10:36","date_gmt":"2026-04-04T11:10:36","guid":{"rendered":"https:\/\/dev6.erresse-shop.it\/shop\/non%20class\u00e9\/mario-luca-giusti-gobelet-a-vin-panza-6-pieces-vert\/"},"modified":"2026-03-03T17:04:34","modified_gmt":"2026-03-03T16:04:34","slug":"mario-luca-giusti-gobelet-a-vin-panza-6-pieces-vert","status":"publish","type":"product","link":"https:\/\/dev6.erresse-shop.it\/fr\/shop\/table-fr-2\/verres\/mario-luca-giusti-gobelet-a-vin-panza-6-pieces-vert\/","title":{"rendered":"MARIO LUCA GIUSTI Gobelet \u00e0 vin Panza 6 pi\u00e8ces Vert"},"content":{"rendered":"<p>Dimensions<br \/>\nHauteur 16,5 cm<br \/>\nDiam\u00e8tre 9 cm<br \/>\nCapacit\u00e9 200 ml<br \/>\npoids 198 gr<\/p>\n<p>Instructions pour ce produit<\/p>\n<p>test\u00e9 par T\u00dcV, SGS, Intertek<br \/>\nabsolument sans go\u00fbt et sans odeur<br \/>\nSans BPA<br \/>\nPas indestructible<br \/>\nR\u00e9sistant de -10\u00b0C \u00e0 50\u00b0C<br \/>\ncongelable<br \/>\nLavage \u00e0 la main recommand\u00e9 pour augmenter la dur\u00e9e de vie du produit<br \/>\nne pas utiliser au lave-vaisselle<br \/>\nne convient pas au micro-ondes<br \/>\nutilisez uniquement des d\u00e9tergents neutres et des mat\u00e9riaux non abrasifs<\/p>\n<p>Les \u00e9l\u00e9ments suivants peuvent\u00a0d\u00e9colorer le produit ou le rendre terne \u00e0 long terme\u00a0:<\/p>\n<p>Laisser les produits pendant une longue p\u00e9riode \u00e0 des temp\u00e9ratures \u00e9lev\u00e9es et \u00e0 une humidit\u00e9 \u00e9lev\u00e9e<br \/>\nDosage de d\u00e9tergent incorrect<br \/>\nUtiliser un nettoyant contenant une protection pour l\u2019aluminium ou le m\u00e9tal.<br \/>\nLes produits laitiers, le caf\u00e9, le cacao, le th\u00e9 ou l\u2019alcool peuvent laisser une trace sur le verre s\u2019ils sont laiss\u00e9s toute la nuit. Lavez le verre \u00e0 l\u2019eau ti\u00e8de savonneuse imm\u00e9diatement apr\u00e8s utilisation, lavez-le \u00e0 la main ou utilisez notre produit nettoyant. D\u00e9poussi\u00e9rez r\u00e9guli\u00e8rement.<\/p>\n","protected":false},"excerpt":{"rendered":"<p>Dimensions Hauteur 16,5 cm Diam\u00e8tre 9 cm Capacit\u00e9 200 ml poids 198 gr Instructions pour ce produit test\u00e9 par T\u00dcV, SGS, Intertek absolument sans go\u00fbt et sans odeur Sans BPA Pas indestructible R\u00e9sistant de -10\u00b0C \u00e0 50\u00b0C congelable Lavage \u00e0 la main recommand\u00e9 pour augmenter la dur\u00e9e de vie du produit ne pas utiliser au [&hellip;]<\/p>\n","protected":false},"featured_media":6293085,"template":"","meta":{"_acf_changed":false},"product_cat":[11995,12009],"product_tag":[],"class_list":{"0":"post-1609813","1":"product","2":"type-product","3":"status-publish","4":"has-post-thumbnail","6":"product_cat-table-fr-2","7":"product_cat-verres","9":"first","10":"instock","11":"taxable","12":"shipping-taxable","13":"purchasable","14":"product-type-simple","swatches":"rey-swatches","show_selected":"","stretch_labels":"rey-swatches--stretch-labels"},"acf":[],"yoast_head":"<!-- This site is optimized with the Yoast SEO plugin v25.4 - https:\/\/yoast.com\/wordpress\/plugins\/seo\/ -->\n<title>MARIO LUCA GIUSTI Gobelet \u00e0 vin Panza 6 pi\u00e8ces Vert - dev6 Erresse<\/title>\n<meta name=\"description\" content=\"Dimensions Hauteur 16,5 cm Diam\u00e8tre 9 cm Capacit\u00e9 200 ml poids 198 gr Instructions pour ce produit test\u00e9 par T\u00dcV, SGS, Intertek absolument sans go\u00fbt et\" \/>\n<meta name=\"robots\" content=\"noindex, follow, max-snippet:-1, max-image-preview:large, max-video-preview:-1\" \/>\n<meta property=\"og:locale\" content=\"fr_FR\" \/>\n<meta property=\"og:type\" content=\"article\" \/>\n<meta property=\"og:title\" content=\"MARIO LUCA GIUSTI Gobelet \u00e0 vin Panza 6 pi\u00e8ces Vert - dev6 Erresse\" \/>\n<meta property=\"og:description\" content=\"Dimensions Hauteur 16,5 cm Diam\u00e8tre 9 cm Capacit\u00e9 200 ml poids 198 gr Instructions pour ce produit test\u00e9 par T\u00dcV, SGS, Intertek absolument sans go\u00fbt et\" \/>\n<meta property=\"og:url\" content=\"https:\/\/dev6.erresse-shop.it\/fr\/shop\/table-fr-2\/verres\/mario-luca-giusti-gobelet-a-vin-panza-6-pieces-vert\/\" \/>\n<meta property=\"og:site_name\" content=\"dev6 Erresse\" \/>\n<meta property=\"og:image\" content=\"https:\/\/interpim.erresse-shop.it\/Import\/Prodotti\/mario-luca-giusti-panza-calice-vino-6-pezzi-verde.jpg\" \/><meta property=\"og:image\" content=\"https:\/\/interpim.erresse-shop.it\/Import\/Prodotti\/mario-luca-giusti-panza-calice-vino-6-pezzi-verde.jpg\" \/>\n\t<meta property=\"og:image:width\" content=\"1024\" \/>\n\t<meta property=\"og:image:height\" content=\"1024\" \/>\n\t<meta property=\"og:image:type\" content=\"image\/jpeg\" \/>\n<meta name=\"twitter:card\" content=\"summary_large_image\" \/>\n<meta name=\"twitter:image\" content=\"https:\/\/interpim.erresse-shop.it\/Import\/Prodotti\/mario-luca-giusti-panza-calice-vino-6-pezzi-verde.jpg\" \/>\n<script type=\"application\/ld+json\" class=\"yoast-schema-graph\">{\"@context\":\"https:\/\/schema.org\",\"@graph\":[{\"@type\":\"WebPage\",\"@id\":\"https:\/\/dev6.erresse-shop.it\/fr\/shop\/table-fr-2\/verres\/mario-luca-giusti-gobelet-a-vin-panza-6-pieces-vert\/\",\"url\":\"https:\/\/dev6.erresse-shop.it\/fr\/shop\/table-fr-2\/verres\/mario-luca-giusti-gobelet-a-vin-panza-6-pieces-vert\/\",\"name\":\"MARIO LUCA GIUSTI Gobelet \u00e0 vin Panza 6 pi\u00e8ces Vert - dev6 Erresse\",\"isPartOf\":{\"@id\":\"https:\/\/dev6.erresse-shop.it\/#website\"},\"primaryImageOfPage\":{\"@id\":\"https:\/\/dev6.erresse-shop.it\/fr\/shop\/table-fr-2\/verres\/mario-luca-giusti-gobelet-a-vin-panza-6-pieces-vert\/#primaryimage\"},\"image\":{\"@id\":\"https:\/\/dev6.erresse-shop.it\/fr\/shop\/table-fr-2\/verres\/mario-luca-giusti-gobelet-a-vin-panza-6-pieces-vert\/#primaryimage\"},\"thumbnailUrl\":\"https:\/\/i3.wp.com\/interpim.erresse-shop.it\/Import\/Prodotti\/mario-luca-giusti-panza-calice-vino-6-pezzi-verde.jpg?ssl=1\",\"datePublished\":\"2026-04-04T11:10:36+00:00\",\"description\":\"Dimensions Hauteur 16,5 cm Diam\u00e8tre 9 cm Capacit\u00e9 200 ml poids 198 gr Instructions pour ce produit test\u00e9 par T\u00dcV, SGS, Intertek absolument sans go\u00fbt et\",\"breadcrumb\":{\"@id\":\"https:\/\/dev6.erresse-shop.it\/fr\/shop\/table-fr-2\/verres\/mario-luca-giusti-gobelet-a-vin-panza-6-pieces-vert\/#breadcrumb\"},\"inLanguage\":\"fr-FR\",\"potentialAction\":[{\"@type\":\"ReadAction\",\"target\":[\"https:\/\/dev6.erresse-shop.it\/fr\/shop\/table-fr-2\/verres\/mario-luca-giusti-gobelet-a-vin-panza-6-pieces-vert\/\"]}]},{\"@type\":\"ImageObject\",\"inLanguage\":\"fr-FR\",\"@id\":\"https:\/\/dev6.erresse-shop.it\/fr\/shop\/table-fr-2\/verres\/mario-luca-giusti-gobelet-a-vin-panza-6-pieces-vert\/#primaryimage\",\"url\":\"https:\/\/i3.wp.com\/interpim.erresse-shop.it\/Import\/Prodotti\/mario-luca-giusti-panza-calice-vino-6-pezzi-verde.jpg?ssl=1\",\"contentUrl\":\"https:\/\/i3.wp.com\/interpim.erresse-shop.it\/Import\/Prodotti\/mario-luca-giusti-panza-calice-vino-6-pezzi-verde.jpg?ssl=1\"},{\"@type\":\"BreadcrumbList\",\"@id\":\"https:\/\/dev6.erresse-shop.it\/fr\/shop\/table-fr-2\/verres\/mario-luca-giusti-gobelet-a-vin-panza-6-pieces-vert\/#breadcrumb\",\"itemListElement\":[{\"@type\":\"ListItem\",\"position\":1,\"name\":\"Home\",\"item\":\"https:\/\/dev6.erresse-shop.it\/\"},{\"@type\":\"ListItem\",\"position\":2,\"name\":\"Boutique\",\"item\":\"https:\/\/dev6.erresse-shop.it\/shop\/\"},{\"@type\":\"ListItem\",\"position\":3,\"name\":\"MARIO LUCA GIUSTI Gobelet \u00e0 vin Panza 6 pi\u00e8ces Vert\"}]},{\"@type\":\"WebSite\",\"@id\":\"https:\/\/dev6.erresse-shop.it\/#website\",\"url\":\"https:\/\/dev6.erresse-shop.it\/\",\"name\":\"Erresse Shop\",\"description\":\"\",\"publisher\":{\"@id\":\"https:\/\/dev6.erresse-shop.it\/#organization\"},\"potentialAction\":[{\"@type\":\"SearchAction\",\"target\":{\"@type\":\"EntryPoint\",\"urlTemplate\":\"https:\/\/dev6.erresse-shop.it\/?s={search_term_string}\"},\"query-input\":{\"@type\":\"PropertyValueSpecification\",\"valueRequired\":true,\"valueName\":\"search_term_string\"}}],\"inLanguage\":\"fr-FR\"},{\"@type\":\"Organization\",\"@id\":\"https:\/\/dev6.erresse-shop.it\/#organization\",\"name\":\"Erresse Shop\",\"url\":\"https:\/\/dev6.erresse-shop.it\/\",\"logo\":{\"@type\":\"ImageObject\",\"inLanguage\":\"fr-FR\",\"@id\":\"https:\/\/dev6.erresse-shop.it\/#\/schema\/logo\/image\/\",\"url\":\"https:\/\/dev6.erresse-shop.it\/wp-content\/uploads\/2025\/01\/LOGO-ERRESSE-CLASSICO.svg\",\"contentUrl\":\"https:\/\/dev6.erresse-shop.it\/wp-content\/uploads\/2025\/01\/LOGO-ERRESSE-CLASSICO.svg\",\"caption\":\"Erresse Shop\"},\"image\":{\"@id\":\"https:\/\/dev6.erresse-shop.it\/#\/schema\/logo\/image\/\"}}]}<\/script>\n<!-- \/ Yoast SEO plugin. -->","yoast_head_json":{"title":"MARIO LUCA GIUSTI Gobelet \u00e0 vin Panza 6 pi\u00e8ces Vert - dev6 Erresse","description":"Dimensions Hauteur 16,5 cm Diam\u00e8tre 9 cm Capacit\u00e9 200 ml poids 198 gr Instructions pour ce produit test\u00e9 par T\u00dcV, SGS, Intertek absolument sans go\u00fbt et","robots":{"index":"noindex","follow":"follow","max-snippet":"max-snippet:-1","max-image-preview":"max-image-preview:large","max-video-preview":"max-video-preview:-1"},"og_locale":"fr_FR","og_type":"article","og_title":"MARIO LUCA GIUSTI Gobelet \u00e0 vin Panza 6 pi\u00e8ces Vert - dev6 Erresse","og_description":"Dimensions Hauteur 16,5 cm Diam\u00e8tre 9 cm Capacit\u00e9 200 ml poids 198 gr Instructions pour ce produit test\u00e9 par T\u00dcV, SGS, Intertek absolument sans go\u00fbt et","og_url":"https:\/\/dev6.erresse-shop.it\/fr\/shop\/table-fr-2\/verres\/mario-luca-giusti-gobelet-a-vin-panza-6-pieces-vert\/","og_site_name":"dev6 Erresse","og_image":[{"url":"https:\/\/interpim.erresse-shop.it\/Import\/Prodotti\/mario-luca-giusti-panza-calice-vino-6-pezzi-verde.jpg","type":"","width":"","height":""},{"url":"https:\/\/interpim.erresse-shop.it\/Import\/Prodotti\/mario-luca-giusti-panza-calice-vino-6-pezzi-verde.jpg","width":1024,"height":1024,"type":"image\/jpeg"}],"twitter_card":"summary_large_image","twitter_image":"https:\/\/interpim.erresse-shop.it\/Import\/Prodotti\/mario-luca-giusti-panza-calice-vino-6-pezzi-verde.jpg","schema":{"@context":"https:\/\/schema.org","@graph":[{"@type":"WebPage","@id":"https:\/\/dev6.erresse-shop.it\/fr\/shop\/table-fr-2\/verres\/mario-luca-giusti-gobelet-a-vin-panza-6-pieces-vert\/","url":"https:\/\/dev6.erresse-shop.it\/fr\/shop\/table-fr-2\/verres\/mario-luca-giusti-gobelet-a-vin-panza-6-pieces-vert\/","name":"MARIO LUCA GIUSTI Gobelet \u00e0 vin Panza 6 pi\u00e8ces Vert - dev6 Erresse","isPartOf":{"@id":"https:\/\/dev6.erresse-shop.it\/#website"},"primaryImageOfPage":{"@id":"https:\/\/dev6.erresse-shop.it\/fr\/shop\/table-fr-2\/verres\/mario-luca-giusti-gobelet-a-vin-panza-6-pieces-vert\/#primaryimage"},"image":{"@id":"https:\/\/dev6.erresse-shop.it\/fr\/shop\/table-fr-2\/verres\/mario-luca-giusti-gobelet-a-vin-panza-6-pieces-vert\/#primaryimage"},"thumbnailUrl":"https:\/\/i3.wp.com\/interpim.erresse-shop.it\/Import\/Prodotti\/mario-luca-giusti-panza-calice-vino-6-pezzi-verde.jpg?ssl=1","datePublished":"2026-04-04T11:10:36+00:00","description":"Dimensions Hauteur 16,5 cm Diam\u00e8tre 9 cm Capacit\u00e9 200 ml poids 198 gr Instructions pour ce produit test\u00e9 par T\u00dcV, SGS, Intertek absolument sans go\u00fbt et","breadcrumb":{"@id":"https:\/\/dev6.erresse-shop.it\/fr\/shop\/table-fr-2\/verres\/mario-luca-giusti-gobelet-a-vin-panza-6-pieces-vert\/#breadcrumb"},"inLanguage":"fr-FR","potentialAction":[{"@type":"ReadAction","target":["https:\/\/dev6.erresse-shop.it\/fr\/shop\/table-fr-2\/verres\/mario-luca-giusti-gobelet-a-vin-panza-6-pieces-vert\/"]}]},{"@type":"ImageObject","inLanguage":"fr-FR","@id":"https:\/\/dev6.erresse-shop.it\/fr\/shop\/table-fr-2\/verres\/mario-luca-giusti-gobelet-a-vin-panza-6-pieces-vert\/#primaryimage","url":"https:\/\/i3.wp.com\/interpim.erresse-shop.it\/Import\/Prodotti\/mario-luca-giusti-panza-calice-vino-6-pezzi-verde.jpg?ssl=1","contentUrl":"https:\/\/i3.wp.com\/interpim.erresse-shop.it\/Import\/Prodotti\/mario-luca-giusti-panza-calice-vino-6-pezzi-verde.jpg?ssl=1"},{"@type":"BreadcrumbList","@id":"https:\/\/dev6.erresse-shop.it\/fr\/shop\/table-fr-2\/verres\/mario-luca-giusti-gobelet-a-vin-panza-6-pieces-vert\/#breadcrumb","itemListElement":[{"@type":"ListItem","position":1,"name":"Home","item":"https:\/\/dev6.erresse-shop.it\/"},{"@type":"ListItem","position":2,"name":"Boutique","item":"https:\/\/dev6.erresse-shop.it\/shop\/"},{"@type":"ListItem","position":3,"name":"MARIO LUCA GIUSTI Gobelet \u00e0 vin Panza 6 pi\u00e8ces Vert"}]},{"@type":"WebSite","@id":"https:\/\/dev6.erresse-shop.it\/#website","url":"https:\/\/dev6.erresse-shop.it\/","name":"Erresse Shop","description":"","publisher":{"@id":"https:\/\/dev6.erresse-shop.it\/#organization"},"potentialAction":[{"@type":"SearchAction","target":{"@type":"EntryPoint","urlTemplate":"https:\/\/dev6.erresse-shop.it\/?s={search_term_string}"},"query-input":{"@type":"PropertyValueSpecification","valueRequired":true,"valueName":"search_term_string"}}],"inLanguage":"fr-FR"},{"@type":"Organization","@id":"https:\/\/dev6.erresse-shop.it\/#organization","name":"Erresse Shop","url":"https:\/\/dev6.erresse-shop.it\/","logo":{"@type":"ImageObject","inLanguage":"fr-FR","@id":"https:\/\/dev6.erresse-shop.it\/#\/schema\/logo\/image\/","url":"https:\/\/dev6.erresse-shop.it\/wp-content\/uploads\/2025\/01\/LOGO-ERRESSE-CLASSICO.svg","contentUrl":"https:\/\/dev6.erresse-shop.it\/wp-content\/uploads\/2025\/01\/LOGO-ERRESSE-CLASSICO.svg","caption":"Erresse Shop"},"image":{"@id":"https:\/\/dev6.erresse-shop.it\/#\/schema\/logo\/image\/"}}]}},"df_price":78,"df_sale_price":"","df_regular_price":78,"df_image_link":"https:\/\/i3.wp.com\/interpim.erresse-shop.it\/Import\/Prodotti\/mario-luca-giusti-panza-calice-vino-6-pezzi-verde.jpg?resize=300,300&ssl=1","fifu_image_url":"https:\/\/interpim.erresse-shop.it\/Import\/Prodotti\/mario-luca-giusti-panza-calice-vino-6-pezzi-verde.jpg","_links":{"self":[{"href":"https:\/\/dev6.erresse-shop.it\/fr\/wp-json\/wp\/v2\/product\/1609813","targetHints":{"allow":["GET"]}}],"collection":[{"href":"https:\/\/dev6.erresse-shop.it\/fr\/wp-json\/wp\/v2\/product"}],"about":[{"href":"https:\/\/dev6.erresse-shop.it\/fr\/wp-json\/wp\/v2\/types\/product"}],"wp:featuredmedia":[{"embeddable":true,"href":"https:\/\/dev6.erresse-shop.it\/fr\/wp-json\/wp\/v2\/media\/6293085"}],"wp:attachment":[{"href":"https:\/\/dev6.erresse-shop.it\/fr\/wp-json\/wp\/v2\/media?parent=1609813"}],"wp:term":[{"taxonomy":"product_cat","embeddable":true,"href":"https:\/\/dev6.erresse-shop.it\/fr\/wp-json\/wp\/v2\/product_cat?post=1609813"},{"taxonomy":"product_tag","embeddable":true,"href":"https:\/\/dev6.erresse-shop.it\/fr\/wp-json\/wp\/v2\/product_tag?post=1609813"}],"curies":[{"name":"wp","href":"https:\/\/api.w.org\/{rel}","templated":true}]}}