{"id":1609797,"date":"2026-04-12T13:13:04","date_gmt":"2026-04-12T11:13:04","guid":{"rendered":"https:\/\/dev6.erresse-shop.it\/shop\/non%20class\u00e9\/ooni-poele-a-frire-en-fonte\/"},"modified":"2025-09-14T06:38:32","modified_gmt":"2025-09-14T04:38:32","slug":"ooni-poele-a-frire-en-fonte","status":"publish","type":"product","link":"https:\/\/dev6.erresse-shop.it\/fr\/shop\/petits-electromenagers\/fours\/ooni-poele-a-frire-en-fonte\/","title":{"rendered":"OONI Po\u00eale \u00e0 frire en fonte"},"content":{"rendered":"<p>D\u00e9couvrez la plaque chauffante pratique Ooni et pr\u00e9sentez vos recettes d\u2019une toute nouvelle fa\u00e7on<\/p>\n<p>La po\u00eale ronde lisse Ooni est l\u2019accessoire id\u00e9al pour cuire de la viande, du poisson, des l\u00e9gumes et bien d\u2019autres plats. Sa surface lisse permet une cuisson uniforme et vous permet de profiter au maximum de la capacit\u00e9 thermique des fours Ooni. Que vous cuisiniez un gros repas ou pr\u00e9pariez un d\u00eener l\u00e9ger, cette po\u00eale est la solution parfaite pour obtenir des r\u00e9sultats professionnels \u00e0 la maison.<\/p>\n<p>Poign\u00e9e amovible pour un confort in\u00e9gal\u00e9<br \/>\nLa po\u00eale Ooni est dot\u00e9e d\u2019une poign\u00e9e amovible au design unique qui la rend tr\u00e8s pratique \u00e0 utiliser. La poign\u00e9e permet de d\u00e9placer la po\u00eale facilement et en toute s\u00e9curit\u00e9, et est parfaite pour apporter des plats chauds directement \u00e0 table. Non seulement fonctionnelle, mais aussi \u00e9l\u00e9gante, cette po\u00eale ajoute une touche de style \u00e0 votre cuisine.<\/p>\n<p>Base en bois pour servir avec style<br \/>\nChaque po\u00eale est livr\u00e9e avec une base en bois de h\u00eatre qui peut \u00e9galement \u00eatre utilis\u00e9e comme planche \u00e0 d\u00e9couper. Cette base est parfaite pour servir vos plats de mani\u00e8re \u00e9l\u00e9gante et s\u00fbre, en prot\u00e9geant les surfaces des \u00e9ventuels dommages caus\u00e9s par la chaleur. L\u2019association de la fonte et du bois fait de cette po\u00eale un accessoire indispensable pour chaque cuisine.<\/p>\n<p>Compatibilit\u00e9 avec tous les fours Ooni<br \/>\nLa po\u00eale ronde lisse Ooni est compatible avec tous les fours \u00e0 pizza Ooni, ce qui la rend parfaite pour toutes les occasions. La fonte conserve la chaleur longtemps, assurant ainsi une cuisson optimale, que vous utilisiez un four \u00e0 bois, un four \u00e0 gaz ou un four \u00e0 charbon Ooni. Les performances sont excellentes dans toutes les conditions, pour des plats parfaits \u00e0 chaque fois.<\/p>\n<p>Caract\u00e9ristiques techniques et praticit\u00e9<br \/>\nLa po\u00eale Ooni dispose d\u2019une surface de cuisson de 23 cm de diam\u00e8tre, id\u00e9ale pour pr\u00e9parer des portions individuelles ou cuire plusieurs ingr\u00e9dients \u00e0 la fois. Mesurant 42 x 25 x 4 cm et pesant 2,9 kg, il est suffisamment robuste pour une utilisation intensive, mais suffisamment l\u00e9ger pour \u00eatre manipul\u00e9 sans fatigue. Parfaite pour une large gamme de plats, cette po\u00eale est un incontournable pour tout amateur de cuisine.<\/p>\n","protected":false},"excerpt":{"rendered":"<p>D\u00e9couvrez la plaque chauffante pratique Ooni et pr\u00e9sentez vos recettes d\u2019une toute nouvelle fa\u00e7on La po\u00eale ronde lisse Ooni est l\u2019accessoire id\u00e9al pour cuire de la viande, du poisson, des l\u00e9gumes et bien d\u2019autres plats. Sa surface lisse permet une cuisson uniforme et vous permet de profiter au maximum de la capacit\u00e9 thermique des fours [&hellip;]<\/p>\n","protected":false},"featured_media":6376312,"template":"","meta":{"_acf_changed":false},"product_cat":[12085,11991],"product_tag":[],"class_list":{"0":"post-1609797","1":"product","2":"type-product","3":"status-publish","4":"has-post-thumbnail","6":"product_cat-fours","7":"product_cat-poeles-pots","9":"first","10":"instock","11":"taxable","12":"shipping-taxable","13":"purchasable","14":"product-type-simple","swatches":"rey-swatches","show_selected":"","stretch_labels":"rey-swatches--stretch-labels"},"acf":[],"yoast_head":"<!-- This site is optimized with the Yoast SEO plugin v25.4 - https:\/\/yoast.com\/wordpress\/plugins\/seo\/ -->\n<title>OONI Po\u00eale \u00e0 frire en fonte - dev6 Erresse<\/title>\n<meta name=\"description\" content=\"D\u00e9couvrez la plaque chauffante pratique Ooni et pr\u00e9sentez vos recettes d\u2019une toute nouvelle fa\u00e7on La po\u00eale ronde lisse Ooni est l\u2019accessoire id\u00e9al pour\" \/>\n<meta name=\"robots\" content=\"noindex, follow, max-snippet:-1, max-image-preview:large, max-video-preview:-1\" \/>\n<meta property=\"og:locale\" content=\"fr_FR\" \/>\n<meta property=\"og:type\" content=\"article\" \/>\n<meta property=\"og:title\" content=\"OONI Po\u00eale \u00e0 frire en fonte - dev6 Erresse\" \/>\n<meta property=\"og:description\" content=\"D\u00e9couvrez la plaque chauffante pratique Ooni et pr\u00e9sentez vos recettes d\u2019une toute nouvelle fa\u00e7on La po\u00eale ronde lisse Ooni est l\u2019accessoire id\u00e9al pour\" \/>\n<meta property=\"og:url\" content=\"https:\/\/dev6.erresse-shop.it\/fr\/shop\/petits-electromenagers\/fours\/ooni-poele-a-frire-en-fonte\/\" \/>\n<meta property=\"og:site_name\" content=\"dev6 Erresse\" \/>\n<meta property=\"og:image\" content=\"https:\/\/interpim.erresse-shop.it\/Import\/Prodotti\/ooni-padella-in-ghisa.jpg\" \/><meta property=\"og:image\" content=\"https:\/\/interpim.erresse-shop.it\/Import\/Prodotti\/ooni-padella-in-ghisa.jpg\" \/>\n\t<meta property=\"og:image:width\" content=\"1024\" \/>\n\t<meta property=\"og:image:height\" content=\"1024\" \/>\n\t<meta property=\"og:image:type\" content=\"image\/jpeg\" \/>\n<meta name=\"twitter:card\" content=\"summary_large_image\" \/>\n<meta name=\"twitter:image\" content=\"https:\/\/interpim.erresse-shop.it\/Import\/Prodotti\/ooni-padella-in-ghisa.jpg\" \/>\n<script type=\"application\/ld+json\" class=\"yoast-schema-graph\">{\"@context\":\"https:\/\/schema.org\",\"@graph\":[{\"@type\":\"WebPage\",\"@id\":\"https:\/\/dev6.erresse-shop.it\/fr\/shop\/petits-electromenagers\/fours\/ooni-poele-a-frire-en-fonte\/\",\"url\":\"https:\/\/dev6.erresse-shop.it\/fr\/shop\/petits-electromenagers\/fours\/ooni-poele-a-frire-en-fonte\/\",\"name\":\"OONI Po\u00eale \u00e0 frire en fonte - dev6 Erresse\",\"isPartOf\":{\"@id\":\"https:\/\/dev6.erresse-shop.it\/#website\"},\"primaryImageOfPage\":{\"@id\":\"https:\/\/dev6.erresse-shop.it\/fr\/shop\/petits-electromenagers\/fours\/ooni-poele-a-frire-en-fonte\/#primaryimage\"},\"image\":{\"@id\":\"https:\/\/dev6.erresse-shop.it\/fr\/shop\/petits-electromenagers\/fours\/ooni-poele-a-frire-en-fonte\/#primaryimage\"},\"thumbnailUrl\":\"https:\/\/i3.wp.com\/interpim.erresse-shop.it\/Import\/Prodotti\/ooni-padella-in-ghisa.jpg?ssl=1\",\"datePublished\":\"2026-04-12T11:13:04+00:00\",\"description\":\"D\u00e9couvrez la plaque chauffante pratique Ooni et pr\u00e9sentez vos recettes d\u2019une toute nouvelle fa\u00e7on La po\u00eale ronde lisse Ooni est l\u2019accessoire id\u00e9al pour\",\"breadcrumb\":{\"@id\":\"https:\/\/dev6.erresse-shop.it\/fr\/shop\/petits-electromenagers\/fours\/ooni-poele-a-frire-en-fonte\/#breadcrumb\"},\"inLanguage\":\"fr-FR\",\"potentialAction\":[{\"@type\":\"ReadAction\",\"target\":[\"https:\/\/dev6.erresse-shop.it\/fr\/shop\/petits-electromenagers\/fours\/ooni-poele-a-frire-en-fonte\/\"]}]},{\"@type\":\"ImageObject\",\"inLanguage\":\"fr-FR\",\"@id\":\"https:\/\/dev6.erresse-shop.it\/fr\/shop\/petits-electromenagers\/fours\/ooni-poele-a-frire-en-fonte\/#primaryimage\",\"url\":\"https:\/\/i3.wp.com\/interpim.erresse-shop.it\/Import\/Prodotti\/ooni-padella-in-ghisa.jpg?ssl=1\",\"contentUrl\":\"https:\/\/i3.wp.com\/interpim.erresse-shop.it\/Import\/Prodotti\/ooni-padella-in-ghisa.jpg?ssl=1\"},{\"@type\":\"BreadcrumbList\",\"@id\":\"https:\/\/dev6.erresse-shop.it\/fr\/shop\/petits-electromenagers\/fours\/ooni-poele-a-frire-en-fonte\/#breadcrumb\",\"itemListElement\":[{\"@type\":\"ListItem\",\"position\":1,\"name\":\"Home\",\"item\":\"https:\/\/dev6.erresse-shop.it\/\"},{\"@type\":\"ListItem\",\"position\":2,\"name\":\"Boutique\",\"item\":\"https:\/\/dev6.erresse-shop.it\/shop\/\"},{\"@type\":\"ListItem\",\"position\":3,\"name\":\"OONI Po\u00eale \u00e0 frire en fonte\"}]},{\"@type\":\"WebSite\",\"@id\":\"https:\/\/dev6.erresse-shop.it\/#website\",\"url\":\"https:\/\/dev6.erresse-shop.it\/\",\"name\":\"Erresse Shop\",\"description\":\"\",\"publisher\":{\"@id\":\"https:\/\/dev6.erresse-shop.it\/#organization\"},\"potentialAction\":[{\"@type\":\"SearchAction\",\"target\":{\"@type\":\"EntryPoint\",\"urlTemplate\":\"https:\/\/dev6.erresse-shop.it\/?s={search_term_string}\"},\"query-input\":{\"@type\":\"PropertyValueSpecification\",\"valueRequired\":true,\"valueName\":\"search_term_string\"}}],\"inLanguage\":\"fr-FR\"},{\"@type\":\"Organization\",\"@id\":\"https:\/\/dev6.erresse-shop.it\/#organization\",\"name\":\"Erresse Shop\",\"url\":\"https:\/\/dev6.erresse-shop.it\/\",\"logo\":{\"@type\":\"ImageObject\",\"inLanguage\":\"fr-FR\",\"@id\":\"https:\/\/dev6.erresse-shop.it\/#\/schema\/logo\/image\/\",\"url\":\"https:\/\/dev6.erresse-shop.it\/wp-content\/uploads\/2025\/01\/LOGO-ERRESSE-CLASSICO.svg\",\"contentUrl\":\"https:\/\/dev6.erresse-shop.it\/wp-content\/uploads\/2025\/01\/LOGO-ERRESSE-CLASSICO.svg\",\"caption\":\"Erresse Shop\"},\"image\":{\"@id\":\"https:\/\/dev6.erresse-shop.it\/#\/schema\/logo\/image\/\"}}]}<\/script>\n<!-- \/ Yoast SEO plugin. -->","yoast_head_json":{"title":"OONI Po\u00eale \u00e0 frire en fonte - dev6 Erresse","description":"D\u00e9couvrez la plaque chauffante pratique Ooni et pr\u00e9sentez vos recettes d\u2019une toute nouvelle fa\u00e7on La po\u00eale ronde lisse Ooni est l\u2019accessoire id\u00e9al pour","robots":{"index":"noindex","follow":"follow","max-snippet":"max-snippet:-1","max-image-preview":"max-image-preview:large","max-video-preview":"max-video-preview:-1"},"og_locale":"fr_FR","og_type":"article","og_title":"OONI Po\u00eale \u00e0 frire en fonte - dev6 Erresse","og_description":"D\u00e9couvrez la plaque chauffante pratique Ooni et pr\u00e9sentez vos recettes d\u2019une toute nouvelle fa\u00e7on La po\u00eale ronde lisse Ooni est l\u2019accessoire id\u00e9al pour","og_url":"https:\/\/dev6.erresse-shop.it\/fr\/shop\/petits-electromenagers\/fours\/ooni-poele-a-frire-en-fonte\/","og_site_name":"dev6 Erresse","og_image":[{"url":"https:\/\/interpim.erresse-shop.it\/Import\/Prodotti\/ooni-padella-in-ghisa.jpg","type":"","width":"","height":""},{"url":"https:\/\/interpim.erresse-shop.it\/Import\/Prodotti\/ooni-padella-in-ghisa.jpg","width":1024,"height":1024,"type":"image\/jpeg"}],"twitter_card":"summary_large_image","twitter_image":"https:\/\/interpim.erresse-shop.it\/Import\/Prodotti\/ooni-padella-in-ghisa.jpg","schema":{"@context":"https:\/\/schema.org","@graph":[{"@type":"WebPage","@id":"https:\/\/dev6.erresse-shop.it\/fr\/shop\/petits-electromenagers\/fours\/ooni-poele-a-frire-en-fonte\/","url":"https:\/\/dev6.erresse-shop.it\/fr\/shop\/petits-electromenagers\/fours\/ooni-poele-a-frire-en-fonte\/","name":"OONI Po\u00eale \u00e0 frire en fonte - dev6 Erresse","isPartOf":{"@id":"https:\/\/dev6.erresse-shop.it\/#website"},"primaryImageOfPage":{"@id":"https:\/\/dev6.erresse-shop.it\/fr\/shop\/petits-electromenagers\/fours\/ooni-poele-a-frire-en-fonte\/#primaryimage"},"image":{"@id":"https:\/\/dev6.erresse-shop.it\/fr\/shop\/petits-electromenagers\/fours\/ooni-poele-a-frire-en-fonte\/#primaryimage"},"thumbnailUrl":"https:\/\/i3.wp.com\/interpim.erresse-shop.it\/Import\/Prodotti\/ooni-padella-in-ghisa.jpg?ssl=1","datePublished":"2026-04-12T11:13:04+00:00","description":"D\u00e9couvrez la plaque chauffante pratique Ooni et pr\u00e9sentez vos recettes d\u2019une toute nouvelle fa\u00e7on La po\u00eale ronde lisse Ooni est l\u2019accessoire id\u00e9al pour","breadcrumb":{"@id":"https:\/\/dev6.erresse-shop.it\/fr\/shop\/petits-electromenagers\/fours\/ooni-poele-a-frire-en-fonte\/#breadcrumb"},"inLanguage":"fr-FR","potentialAction":[{"@type":"ReadAction","target":["https:\/\/dev6.erresse-shop.it\/fr\/shop\/petits-electromenagers\/fours\/ooni-poele-a-frire-en-fonte\/"]}]},{"@type":"ImageObject","inLanguage":"fr-FR","@id":"https:\/\/dev6.erresse-shop.it\/fr\/shop\/petits-electromenagers\/fours\/ooni-poele-a-frire-en-fonte\/#primaryimage","url":"https:\/\/i3.wp.com\/interpim.erresse-shop.it\/Import\/Prodotti\/ooni-padella-in-ghisa.jpg?ssl=1","contentUrl":"https:\/\/i3.wp.com\/interpim.erresse-shop.it\/Import\/Prodotti\/ooni-padella-in-ghisa.jpg?ssl=1"},{"@type":"BreadcrumbList","@id":"https:\/\/dev6.erresse-shop.it\/fr\/shop\/petits-electromenagers\/fours\/ooni-poele-a-frire-en-fonte\/#breadcrumb","itemListElement":[{"@type":"ListItem","position":1,"name":"Home","item":"https:\/\/dev6.erresse-shop.it\/"},{"@type":"ListItem","position":2,"name":"Boutique","item":"https:\/\/dev6.erresse-shop.it\/shop\/"},{"@type":"ListItem","position":3,"name":"OONI Po\u00eale \u00e0 frire en fonte"}]},{"@type":"WebSite","@id":"https:\/\/dev6.erresse-shop.it\/#website","url":"https:\/\/dev6.erresse-shop.it\/","name":"Erresse Shop","description":"","publisher":{"@id":"https:\/\/dev6.erresse-shop.it\/#organization"},"potentialAction":[{"@type":"SearchAction","target":{"@type":"EntryPoint","urlTemplate":"https:\/\/dev6.erresse-shop.it\/?s={search_term_string}"},"query-input":{"@type":"PropertyValueSpecification","valueRequired":true,"valueName":"search_term_string"}}],"inLanguage":"fr-FR"},{"@type":"Organization","@id":"https:\/\/dev6.erresse-shop.it\/#organization","name":"Erresse Shop","url":"https:\/\/dev6.erresse-shop.it\/","logo":{"@type":"ImageObject","inLanguage":"fr-FR","@id":"https:\/\/dev6.erresse-shop.it\/#\/schema\/logo\/image\/","url":"https:\/\/dev6.erresse-shop.it\/wp-content\/uploads\/2025\/01\/LOGO-ERRESSE-CLASSICO.svg","contentUrl":"https:\/\/dev6.erresse-shop.it\/wp-content\/uploads\/2025\/01\/LOGO-ERRESSE-CLASSICO.svg","caption":"Erresse Shop"},"image":{"@id":"https:\/\/dev6.erresse-shop.it\/#\/schema\/logo\/image\/"}}]}},"df_price":54.99,"df_sale_price":"","df_regular_price":54.99,"df_image_link":"https:\/\/i3.wp.com\/interpim.erresse-shop.it\/Import\/Prodotti\/ooni-padella-in-ghisa.jpg?resize=300,300&ssl=1","fifu_image_url":"https:\/\/interpim.erresse-shop.it\/Import\/Prodotti\/ooni-padella-in-ghisa.jpg","_links":{"self":[{"href":"https:\/\/dev6.erresse-shop.it\/fr\/wp-json\/wp\/v2\/product\/1609797","targetHints":{"allow":["GET"]}}],"collection":[{"href":"https:\/\/dev6.erresse-shop.it\/fr\/wp-json\/wp\/v2\/product"}],"about":[{"href":"https:\/\/dev6.erresse-shop.it\/fr\/wp-json\/wp\/v2\/types\/product"}],"wp:featuredmedia":[{"embeddable":true,"href":"https:\/\/dev6.erresse-shop.it\/fr\/wp-json\/wp\/v2\/media\/6376312"}],"wp:attachment":[{"href":"https:\/\/dev6.erresse-shop.it\/fr\/wp-json\/wp\/v2\/media?parent=1609797"}],"wp:term":[{"taxonomy":"product_cat","embeddable":true,"href":"https:\/\/dev6.erresse-shop.it\/fr\/wp-json\/wp\/v2\/product_cat?post=1609797"},{"taxonomy":"product_tag","embeddable":true,"href":"https:\/\/dev6.erresse-shop.it\/fr\/wp-json\/wp\/v2\/product_tag?post=1609797"}],"curies":[{"name":"wp","href":"https:\/\/api.w.org\/{rel}","templated":true}]}}