{"id":1609789,"date":"2026-04-04T13:10:36","date_gmt":"2026-04-04T11:10:36","guid":{"rendered":"https:\/\/dev6.erresse-shop.it\/shop\/non%20class\u00e9\/le-creuset-poele-a-frire-evolution-double-bec-26-cm-bleu-caraibes\/"},"modified":"2025-11-30T17:52:47","modified_gmt":"2025-11-30T16:52:47","slug":"le-creuset-poele-a-frire-evolution-double-bec-26-cm-bleu-caraibes","status":"publish","type":"product","link":"https:\/\/dev6.erresse-shop.it\/fr\/shop\/poeles-pots\/le-creuset-poele-a-frire-evolution-double-bec-26-cm-bleu-caraibes\/","title":{"rendered":"LE CREUSET Po\u00eale \u00e0 frire Evolution Double Bec 26 cm Bleu Cara\u00efbes"},"content":{"rendered":"<p>Cette po\u00eale est fabriqu\u00e9e \u00e0 partir de notre l\u00e9gendaire fonte \u00e9maill\u00e9e, elle peut donc \u00eatre utilis\u00e9e au four ou sur la cuisini\u00e8re. V\u00e9ritable alli\u00e9 indispensable en cuisine, il est dot\u00e9 d\u2019une poign\u00e9e ergonomique, facilitant son d\u00e9placement. Le double bec verseur permet de verser et de servir sans couler. \u00cates-vous pr\u00eat \u00e0 servir ? Apportez la nourriture directement \u00e0 la table.<\/p>\n<p>Polyvalence : Ce produit convient au four, \u00e0 la cuisini\u00e8re et au four en mode grill.<br \/>\nDes aliments savoureux : la fonte \u00e9maill\u00e9e retient la chaleur pour une cuisson et un brunissement uniformes. Vos d\u00e9licieuses cr\u00e9ations resteront \u00e9galement chaudes plus longtemps \u00e0 table.<br \/>\nFacile \u00e0 saisir : les poign\u00e9es \u00e9l\u00e9gantes et confortables vous permettent de soulever le produit en toute s\u00e9curit\u00e9.<br \/>\nUne aide pr\u00e9cieuse : la poign\u00e9e pratique permet de soulever facilement le produit et de le d\u00e9placer entre la plaque de cuisson, le four et la table.<br \/>\nVersez sans h\u00e9siter : les becs lat\u00e9raux facilitent le versement (sans goutter).<br \/>\nUn arc-en-ciel de couleurs : Disponible dans un large choix de couleurs, notre gamme ajoutera une touche de couleur \u00e0 votre cuisine.<br \/>\nPas trop chaud : cuisinez \u00e0 feu doux ou moyen constant pour prendre soin de votre produit en fonte et obtenir des r\u00e9sultats d\u00e9licieux.<br \/>\nS\u2019am\u00e9liore avec le temps : l\u2019int\u00e9rieur \u00e9maill\u00e9 d\u00e9veloppe une patine naturelle qui agit presque comme une surface antiadh\u00e9sive. Sa finition poss\u00e8de des propri\u00e9t\u00e9s qui emp\u00eachent les aliments de coller m\u00eame avec de petites quantit\u00e9s d\u2019huile. Laver le produit uniquement avec de l\u2019eau pour permettre \u00e0 la patine de se d\u00e9velopper.<br \/>\nLe meilleur de sa cat\u00e9gorie\u00a0: nos produits sont fabriqu\u00e9s \u00e0 partir des meilleurs mat\u00e9riaux dans des usines du monde entier pour offrir la qualit\u00e9 que vous attendez de Le Creuset.<\/p>\n<p>Mati\u00e8re : fonte vitrifi\u00e9e<br \/>\nFabriqu\u00e9 en: France<br \/>\nGarantie : \u00c0 vie<\/p>\n<p>Source de chaleur\u00a0:<\/p>\n<p>Four<br \/>\nFour en mode grill<br \/>\nPlaque de cuisson \u00e9lectrique<br \/>\nVerre c\u00e9ramique<br \/>\nPlan Gaz<br \/>\nPlaque \u00e0 induction<\/p>\n<p>Nettoyage et entretien\u00a0:<\/p>\n<p>Attendez que le produit refroidisse avant de commencer \u00e0 le nettoyer.<br \/>\nNettoyez tous les d\u00e9bris de la base et des c\u00f4t\u00e9s du produit. Si des aliments sont coll\u00e9s, remplissez le produit d\u2019eau chaude savonneuse et laissez-le tremper pendant 15 \u00e0 20 minutes avant de le laver comme d\u2019habitude.<br \/>\nN\u2019utilisez pas de nettoyants abrasifs ni d\u2019\u00e9ponges ou de brosses m\u00e9talliques, abrasives ou tr\u00e8s dures sur aucune des surfaces.<br \/>\nS\u00e9chez soigneusement apr\u00e8s le lavage et rangez-le dans un endroit sec.<\/p>\n","protected":false},"excerpt":{"rendered":"<p>Cette po\u00eale est fabriqu\u00e9e \u00e0 partir de notre l\u00e9gendaire fonte \u00e9maill\u00e9e, elle peut donc \u00eatre utilis\u00e9e au four ou sur la cuisini\u00e8re. V\u00e9ritable alli\u00e9 indispensable en cuisine, il est dot\u00e9 d\u2019une poign\u00e9e ergonomique, facilitant son d\u00e9placement. Le double bec verseur permet de verser et de servir sans couler. \u00cates-vous pr\u00eat \u00e0 servir ? Apportez la [&hellip;]<\/p>\n","protected":false},"featured_media":6293009,"template":"","meta":{"_acf_changed":false},"product_cat":[11991],"product_tag":[],"class_list":{"0":"post-1609789","1":"product","2":"type-product","3":"status-publish","4":"has-post-thumbnail","6":"product_cat-poeles-pots","8":"first","9":"instock","10":"sale","11":"taxable","12":"shipping-taxable","13":"purchasable","14":"product-type-simple","swatches":"rey-swatches","show_selected":"","stretch_labels":"rey-swatches--stretch-labels"},"acf":[],"yoast_head":"<!-- This site is optimized with the Yoast SEO plugin v25.4 - https:\/\/yoast.com\/wordpress\/plugins\/seo\/ -->\n<title>LE CREUSET Po\u00eale \u00e0 frire Evolution Double Bec 26 cm Bleu Cara\u00efbes - dev6 Erresse<\/title>\n<meta name=\"description\" content=\"Cette po\u00eale est fabriqu\u00e9e \u00e0 partir de notre l\u00e9gendaire fonte \u00e9maill\u00e9e, elle peut donc \u00eatre utilis\u00e9e au four ou sur la cuisini\u00e8re. V\u00e9ritable alli\u00e9\" \/>\n<meta name=\"robots\" content=\"noindex, follow, max-snippet:-1, max-image-preview:large, max-video-preview:-1\" \/>\n<meta property=\"og:locale\" content=\"fr_FR\" \/>\n<meta property=\"og:type\" content=\"article\" \/>\n<meta property=\"og:title\" content=\"LE CREUSET Po\u00eale \u00e0 frire Evolution Double Bec 26 cm Bleu Cara\u00efbes - dev6 Erresse\" \/>\n<meta property=\"og:description\" content=\"Cette po\u00eale est fabriqu\u00e9e \u00e0 partir de notre l\u00e9gendaire fonte \u00e9maill\u00e9e, elle peut donc \u00eatre utilis\u00e9e au four ou sur la cuisini\u00e8re. V\u00e9ritable alli\u00e9\" \/>\n<meta property=\"og:url\" content=\"https:\/\/dev6.erresse-shop.it\/fr\/shop\/poeles-pots\/le-creuset-poele-a-frire-evolution-double-bec-26-cm-bleu-caraibes\/\" \/>\n<meta property=\"og:site_name\" content=\"dev6 Erresse\" \/>\n<meta property=\"og:image\" content=\"https:\/\/interpim.erresse-shop.it\/Import\/Prodotti\/le-creuset-padella-profonda-evolution-doppio-becco-26-cm-blu-caribe.jpg\" \/><meta property=\"og:image\" content=\"https:\/\/interpim.erresse-shop.it\/Import\/Prodotti\/le-creuset-padella-profonda-evolution-doppio-becco-26-cm-blu-caribe.jpg\" \/>\n\t<meta property=\"og:image:width\" content=\"1024\" \/>\n\t<meta property=\"og:image:height\" content=\"1024\" \/>\n\t<meta property=\"og:image:type\" content=\"image\/jpeg\" \/>\n<meta name=\"twitter:card\" content=\"summary_large_image\" \/>\n<meta name=\"twitter:image\" content=\"https:\/\/interpim.erresse-shop.it\/Import\/Prodotti\/le-creuset-padella-profonda-evolution-doppio-becco-26-cm-blu-caribe.jpg\" \/>\n<script type=\"application\/ld+json\" class=\"yoast-schema-graph\">{\"@context\":\"https:\/\/schema.org\",\"@graph\":[{\"@type\":\"WebPage\",\"@id\":\"https:\/\/dev6.erresse-shop.it\/fr\/shop\/poeles-pots\/le-creuset-poele-a-frire-evolution-double-bec-26-cm-bleu-caraibes\/\",\"url\":\"https:\/\/dev6.erresse-shop.it\/fr\/shop\/poeles-pots\/le-creuset-poele-a-frire-evolution-double-bec-26-cm-bleu-caraibes\/\",\"name\":\"LE CREUSET Po\u00eale \u00e0 frire Evolution Double Bec 26 cm Bleu Cara\u00efbes - dev6 Erresse\",\"isPartOf\":{\"@id\":\"https:\/\/dev6.erresse-shop.it\/#website\"},\"primaryImageOfPage\":{\"@id\":\"https:\/\/dev6.erresse-shop.it\/fr\/shop\/poeles-pots\/le-creuset-poele-a-frire-evolution-double-bec-26-cm-bleu-caraibes\/#primaryimage\"},\"image\":{\"@id\":\"https:\/\/dev6.erresse-shop.it\/fr\/shop\/poeles-pots\/le-creuset-poele-a-frire-evolution-double-bec-26-cm-bleu-caraibes\/#primaryimage\"},\"thumbnailUrl\":\"https:\/\/i3.wp.com\/interpim.erresse-shop.it\/Import\/Prodotti\/le-creuset-padella-profonda-evolution-doppio-becco-26-cm-blu-caribe.jpg?ssl=1\",\"datePublished\":\"2026-04-04T11:10:36+00:00\",\"description\":\"Cette po\u00eale est fabriqu\u00e9e \u00e0 partir de notre l\u00e9gendaire fonte \u00e9maill\u00e9e, elle peut donc \u00eatre utilis\u00e9e au four ou sur la cuisini\u00e8re. V\u00e9ritable alli\u00e9\",\"breadcrumb\":{\"@id\":\"https:\/\/dev6.erresse-shop.it\/fr\/shop\/poeles-pots\/le-creuset-poele-a-frire-evolution-double-bec-26-cm-bleu-caraibes\/#breadcrumb\"},\"inLanguage\":\"fr-FR\",\"potentialAction\":[{\"@type\":\"ReadAction\",\"target\":[\"https:\/\/dev6.erresse-shop.it\/fr\/shop\/poeles-pots\/le-creuset-poele-a-frire-evolution-double-bec-26-cm-bleu-caraibes\/\"]}]},{\"@type\":\"ImageObject\",\"inLanguage\":\"fr-FR\",\"@id\":\"https:\/\/dev6.erresse-shop.it\/fr\/shop\/poeles-pots\/le-creuset-poele-a-frire-evolution-double-bec-26-cm-bleu-caraibes\/#primaryimage\",\"url\":\"https:\/\/i3.wp.com\/interpim.erresse-shop.it\/Import\/Prodotti\/le-creuset-padella-profonda-evolution-doppio-becco-26-cm-blu-caribe.jpg?ssl=1\",\"contentUrl\":\"https:\/\/i3.wp.com\/interpim.erresse-shop.it\/Import\/Prodotti\/le-creuset-padella-profonda-evolution-doppio-becco-26-cm-blu-caribe.jpg?ssl=1\"},{\"@type\":\"BreadcrumbList\",\"@id\":\"https:\/\/dev6.erresse-shop.it\/fr\/shop\/poeles-pots\/le-creuset-poele-a-frire-evolution-double-bec-26-cm-bleu-caraibes\/#breadcrumb\",\"itemListElement\":[{\"@type\":\"ListItem\",\"position\":1,\"name\":\"Home\",\"item\":\"https:\/\/dev6.erresse-shop.it\/\"},{\"@type\":\"ListItem\",\"position\":2,\"name\":\"Boutique\",\"item\":\"https:\/\/dev6.erresse-shop.it\/shop\/\"},{\"@type\":\"ListItem\",\"position\":3,\"name\":\"LE CREUSET Po\u00eale \u00e0 frire Evolution Double Bec 26 cm Bleu Cara\u00efbes\"}]},{\"@type\":\"WebSite\",\"@id\":\"https:\/\/dev6.erresse-shop.it\/#website\",\"url\":\"https:\/\/dev6.erresse-shop.it\/\",\"name\":\"Erresse Shop\",\"description\":\"\",\"publisher\":{\"@id\":\"https:\/\/dev6.erresse-shop.it\/#organization\"},\"potentialAction\":[{\"@type\":\"SearchAction\",\"target\":{\"@type\":\"EntryPoint\",\"urlTemplate\":\"https:\/\/dev6.erresse-shop.it\/?s={search_term_string}\"},\"query-input\":{\"@type\":\"PropertyValueSpecification\",\"valueRequired\":true,\"valueName\":\"search_term_string\"}}],\"inLanguage\":\"fr-FR\"},{\"@type\":\"Organization\",\"@id\":\"https:\/\/dev6.erresse-shop.it\/#organization\",\"name\":\"Erresse Shop\",\"url\":\"https:\/\/dev6.erresse-shop.it\/\",\"logo\":{\"@type\":\"ImageObject\",\"inLanguage\":\"fr-FR\",\"@id\":\"https:\/\/dev6.erresse-shop.it\/#\/schema\/logo\/image\/\",\"url\":\"https:\/\/dev6.erresse-shop.it\/wp-content\/uploads\/2025\/01\/LOGO-ERRESSE-CLASSICO.svg\",\"contentUrl\":\"https:\/\/dev6.erresse-shop.it\/wp-content\/uploads\/2025\/01\/LOGO-ERRESSE-CLASSICO.svg\",\"caption\":\"Erresse Shop\"},\"image\":{\"@id\":\"https:\/\/dev6.erresse-shop.it\/#\/schema\/logo\/image\/\"}}]}<\/script>\n<!-- \/ Yoast SEO plugin. -->","yoast_head_json":{"title":"LE CREUSET Po\u00eale \u00e0 frire Evolution Double Bec 26 cm Bleu Cara\u00efbes - dev6 Erresse","description":"Cette po\u00eale est fabriqu\u00e9e \u00e0 partir de notre l\u00e9gendaire fonte \u00e9maill\u00e9e, elle peut donc \u00eatre utilis\u00e9e au four ou sur la cuisini\u00e8re. V\u00e9ritable alli\u00e9","robots":{"index":"noindex","follow":"follow","max-snippet":"max-snippet:-1","max-image-preview":"max-image-preview:large","max-video-preview":"max-video-preview:-1"},"og_locale":"fr_FR","og_type":"article","og_title":"LE CREUSET Po\u00eale \u00e0 frire Evolution Double Bec 26 cm Bleu Cara\u00efbes - dev6 Erresse","og_description":"Cette po\u00eale est fabriqu\u00e9e \u00e0 partir de notre l\u00e9gendaire fonte \u00e9maill\u00e9e, elle peut donc \u00eatre utilis\u00e9e au four ou sur la cuisini\u00e8re. V\u00e9ritable alli\u00e9","og_url":"https:\/\/dev6.erresse-shop.it\/fr\/shop\/poeles-pots\/le-creuset-poele-a-frire-evolution-double-bec-26-cm-bleu-caraibes\/","og_site_name":"dev6 Erresse","og_image":[{"url":"https:\/\/interpim.erresse-shop.it\/Import\/Prodotti\/le-creuset-padella-profonda-evolution-doppio-becco-26-cm-blu-caribe.jpg","type":"","width":"","height":""},{"url":"https:\/\/interpim.erresse-shop.it\/Import\/Prodotti\/le-creuset-padella-profonda-evolution-doppio-becco-26-cm-blu-caribe.jpg","width":1024,"height":1024,"type":"image\/jpeg"}],"twitter_card":"summary_large_image","twitter_image":"https:\/\/interpim.erresse-shop.it\/Import\/Prodotti\/le-creuset-padella-profonda-evolution-doppio-becco-26-cm-blu-caribe.jpg","schema":{"@context":"https:\/\/schema.org","@graph":[{"@type":"WebPage","@id":"https:\/\/dev6.erresse-shop.it\/fr\/shop\/poeles-pots\/le-creuset-poele-a-frire-evolution-double-bec-26-cm-bleu-caraibes\/","url":"https:\/\/dev6.erresse-shop.it\/fr\/shop\/poeles-pots\/le-creuset-poele-a-frire-evolution-double-bec-26-cm-bleu-caraibes\/","name":"LE CREUSET Po\u00eale \u00e0 frire Evolution Double Bec 26 cm Bleu Cara\u00efbes - dev6 Erresse","isPartOf":{"@id":"https:\/\/dev6.erresse-shop.it\/#website"},"primaryImageOfPage":{"@id":"https:\/\/dev6.erresse-shop.it\/fr\/shop\/poeles-pots\/le-creuset-poele-a-frire-evolution-double-bec-26-cm-bleu-caraibes\/#primaryimage"},"image":{"@id":"https:\/\/dev6.erresse-shop.it\/fr\/shop\/poeles-pots\/le-creuset-poele-a-frire-evolution-double-bec-26-cm-bleu-caraibes\/#primaryimage"},"thumbnailUrl":"https:\/\/i3.wp.com\/interpim.erresse-shop.it\/Import\/Prodotti\/le-creuset-padella-profonda-evolution-doppio-becco-26-cm-blu-caribe.jpg?ssl=1","datePublished":"2026-04-04T11:10:36+00:00","description":"Cette po\u00eale est fabriqu\u00e9e \u00e0 partir de notre l\u00e9gendaire fonte \u00e9maill\u00e9e, elle peut donc \u00eatre utilis\u00e9e au four ou sur la cuisini\u00e8re. V\u00e9ritable alli\u00e9","breadcrumb":{"@id":"https:\/\/dev6.erresse-shop.it\/fr\/shop\/poeles-pots\/le-creuset-poele-a-frire-evolution-double-bec-26-cm-bleu-caraibes\/#breadcrumb"},"inLanguage":"fr-FR","potentialAction":[{"@type":"ReadAction","target":["https:\/\/dev6.erresse-shop.it\/fr\/shop\/poeles-pots\/le-creuset-poele-a-frire-evolution-double-bec-26-cm-bleu-caraibes\/"]}]},{"@type":"ImageObject","inLanguage":"fr-FR","@id":"https:\/\/dev6.erresse-shop.it\/fr\/shop\/poeles-pots\/le-creuset-poele-a-frire-evolution-double-bec-26-cm-bleu-caraibes\/#primaryimage","url":"https:\/\/i3.wp.com\/interpim.erresse-shop.it\/Import\/Prodotti\/le-creuset-padella-profonda-evolution-doppio-becco-26-cm-blu-caribe.jpg?ssl=1","contentUrl":"https:\/\/i3.wp.com\/interpim.erresse-shop.it\/Import\/Prodotti\/le-creuset-padella-profonda-evolution-doppio-becco-26-cm-blu-caribe.jpg?ssl=1"},{"@type":"BreadcrumbList","@id":"https:\/\/dev6.erresse-shop.it\/fr\/shop\/poeles-pots\/le-creuset-poele-a-frire-evolution-double-bec-26-cm-bleu-caraibes\/#breadcrumb","itemListElement":[{"@type":"ListItem","position":1,"name":"Home","item":"https:\/\/dev6.erresse-shop.it\/"},{"@type":"ListItem","position":2,"name":"Boutique","item":"https:\/\/dev6.erresse-shop.it\/shop\/"},{"@type":"ListItem","position":3,"name":"LE CREUSET Po\u00eale \u00e0 frire Evolution Double Bec 26 cm Bleu Cara\u00efbes"}]},{"@type":"WebSite","@id":"https:\/\/dev6.erresse-shop.it\/#website","url":"https:\/\/dev6.erresse-shop.it\/","name":"Erresse Shop","description":"","publisher":{"@id":"https:\/\/dev6.erresse-shop.it\/#organization"},"potentialAction":[{"@type":"SearchAction","target":{"@type":"EntryPoint","urlTemplate":"https:\/\/dev6.erresse-shop.it\/?s={search_term_string}"},"query-input":{"@type":"PropertyValueSpecification","valueRequired":true,"valueName":"search_term_string"}}],"inLanguage":"fr-FR"},{"@type":"Organization","@id":"https:\/\/dev6.erresse-shop.it\/#organization","name":"Erresse Shop","url":"https:\/\/dev6.erresse-shop.it\/","logo":{"@type":"ImageObject","inLanguage":"fr-FR","@id":"https:\/\/dev6.erresse-shop.it\/#\/schema\/logo\/image\/","url":"https:\/\/dev6.erresse-shop.it\/wp-content\/uploads\/2025\/01\/LOGO-ERRESSE-CLASSICO.svg","contentUrl":"https:\/\/dev6.erresse-shop.it\/wp-content\/uploads\/2025\/01\/LOGO-ERRESSE-CLASSICO.svg","caption":"Erresse Shop"},"image":{"@id":"https:\/\/dev6.erresse-shop.it\/#\/schema\/logo\/image\/"}}]}},"df_price":159.95,"df_sale_price":159.95,"df_regular_price":225,"df_image_link":"https:\/\/i3.wp.com\/interpim.erresse-shop.it\/Import\/Prodotti\/le-creuset-padella-profonda-evolution-doppio-becco-26-cm-blu-caribe.jpg?resize=300,300&ssl=1","fifu_image_url":"https:\/\/interpim.erresse-shop.it\/Import\/Prodotti\/le-creuset-padella-profonda-evolution-doppio-becco-26-cm-blu-caribe.jpg","_links":{"self":[{"href":"https:\/\/dev6.erresse-shop.it\/fr\/wp-json\/wp\/v2\/product\/1609789","targetHints":{"allow":["GET"]}}],"collection":[{"href":"https:\/\/dev6.erresse-shop.it\/fr\/wp-json\/wp\/v2\/product"}],"about":[{"href":"https:\/\/dev6.erresse-shop.it\/fr\/wp-json\/wp\/v2\/types\/product"}],"wp:featuredmedia":[{"embeddable":true,"href":"https:\/\/dev6.erresse-shop.it\/fr\/wp-json\/wp\/v2\/media\/6293009"}],"wp:attachment":[{"href":"https:\/\/dev6.erresse-shop.it\/fr\/wp-json\/wp\/v2\/media?parent=1609789"}],"wp:term":[{"taxonomy":"product_cat","embeddable":true,"href":"https:\/\/dev6.erresse-shop.it\/fr\/wp-json\/wp\/v2\/product_cat?post=1609789"},{"taxonomy":"product_tag","embeddable":true,"href":"https:\/\/dev6.erresse-shop.it\/fr\/wp-json\/wp\/v2\/product_tag?post=1609789"}],"curies":[{"name":"wp","href":"https:\/\/api.w.org\/{rel}","templated":true}]}}