{"id":1609783,"date":"2026-04-12T13:10:25","date_gmt":"2026-04-12T11:10:25","guid":{"rendered":"https:\/\/dev6.erresse-shop.it\/shop\/non%20class\u00e9\/le-creuset-haut-pan-en-fonte-emaillee-28-cm-azure\/"},"modified":"2025-09-14T06:38:01","modified_gmt":"2025-09-14T04:38:01","slug":"le-creuset-haut-pan-en-fonte-emaillee-28-cm-azure","status":"publish","type":"product","link":"https:\/\/dev6.erresse-shop.it\/fr\/shop\/poeles-pots\/le-creuset-haut-pan-en-fonte-emaillee-28-cm-azure\/","title":{"rendered":"LE CREUSET Haut Pan en fonte \u00e9maill\u00e9e 28 cm Azur\u00e9"},"content":{"rendered":"<p>Frire et sauter deviennent un plaisir avec notre po\u00eale haute Evolution en fonte \u00e9maill\u00e9e, parfaite pour cr\u00e9er une vari\u00e9t\u00e9 de plats d\u00e9licieux. Dot\u00e9e de parois lat\u00e9rales plus hautes pour cuire tous les aliments, son look \u00e9l\u00e9gant et moderne comprend une poign\u00e9e en bois qui ne chauffe pas et une grande poign\u00e9e pour rendre la casserole facile \u00e0 saisir et \u00e0 d\u00e9placer. Utilisez cette po\u00eale sur n\u2019importe quelle source de chaleur sauf le four. Ne pas mettre au lave-vaisselle, afin de prot\u00e9ger \u00e9galement la poign\u00e9e.<\/p>\n<p>Des aliments savoureux : la fonte \u00e9maill\u00e9e retient la chaleur pour une cuisson et un brunissement uniformes. Vos d\u00e9licieuses cr\u00e9ations resteront \u00e9galement chaudes plus longtemps \u00e0 table.<br \/>\nUne aide pr\u00e9cieuse : la poign\u00e9e pratique permet de soulever facilement le produit et de le d\u00e9placer de la plaque de cuisson, au four et \u00e0 la table.<br \/>\nPas trop chaud : faites cuire \u00e0 feu doux ou moyen constant pour prendre soin de votre produit en fonte et obtenir des r\u00e9sultats d\u00e9licieux.<br \/>\nS\u2019am\u00e9liore avec le temps : l\u2019int\u00e9rieur \u00e9maill\u00e9 d\u00e9veloppe une patine naturelle qui agit presque comme une surface antiadh\u00e9sive. Sa finition poss\u00e8de des propri\u00e9t\u00e9s qui emp\u00eachent les aliments de coller m\u00eame avec de petites quantit\u00e9s d\u2019huile. Laver le produit uniquement avec de l\u2019eau pour permettre \u00e0 la patine de se d\u00e9velopper.<br \/>\nNos produits sont fabriqu\u00e9s \u00e0 partir des meilleurs mat\u00e9riaux dans des usines du monde entier pour offrir la qualit\u00e9 que vous attendez de Le Creuset.<br \/>\nLook moderne : le manche en bois a un design \u00e9l\u00e9gant et ne chauffe pas.<\/p>\n<p>Mati\u00e8re : fonte vitrifi\u00e9e<br \/>\nFabriqu\u00e9 en: France<br \/>\nGarantie : \u00c0 vie<\/p>\n<p>Source de chaleur\u00a0:<\/p>\n<p>Plaque de cuisson \u00e9lectrique<br \/>\nVerre c\u00e9ramique<br \/>\nPlan Gaz<br \/>\nPlaque \u00e0 induction<\/p>\n<p>Nettoyage et entretien\u00a0:<\/p>\n<p>Attendez que le produit refroidisse avant de commencer \u00e0 le nettoyer.<br \/>\nNettoyez tous les d\u00e9bris de la base et des c\u00f4t\u00e9s du produit. Si des aliments sont coll\u00e9s, remplissez le produit d\u2019eau chaude savonneuse et laissez-le tremper pendant 15 \u00e0 20 minutes avant de le laver comme d\u2019habitude.<br \/>\nN\u2019utilisez pas de nettoyants abrasifs ni d\u2019\u00e9ponges ou de brosses m\u00e9talliques, abrasives ou tr\u00e8s dures sur aucune des surfaces.<br \/>\nS\u00e9chez soigneusement apr\u00e8s le lavage et rangez-le dans un endroit sec.<\/p>\n","protected":false},"excerpt":{"rendered":"<p>Frire et sauter deviennent un plaisir avec notre po\u00eale haute Evolution en fonte \u00e9maill\u00e9e, parfaite pour cr\u00e9er une vari\u00e9t\u00e9 de plats d\u00e9licieux. Dot\u00e9e de parois lat\u00e9rales plus hautes pour cuire tous les aliments, son look \u00e9l\u00e9gant et moderne comprend une poign\u00e9e en bois qui ne chauffe pas et une grande poign\u00e9e pour rendre la casserole [&hellip;]<\/p>\n","protected":false},"featured_media":6376249,"template":"","meta":{"_acf_changed":false},"product_cat":[11991],"product_tag":[],"class_list":{"0":"post-1609783","1":"product","2":"type-product","3":"status-publish","4":"has-post-thumbnail","6":"product_cat-poeles-pots","8":"first","9":"instock","10":"sale","11":"taxable","12":"shipping-taxable","13":"purchasable","14":"product-type-simple","swatches":"rey-swatches","show_selected":"","stretch_labels":"rey-swatches--stretch-labels"},"acf":[],"yoast_head":"<!-- This site is optimized with the Yoast SEO plugin v25.4 - https:\/\/yoast.com\/wordpress\/plugins\/seo\/ -->\n<title>LE CREUSET Haut Pan en fonte \u00e9maill\u00e9e 28 cm Azur\u00e9 - dev6 Erresse<\/title>\n<meta name=\"description\" content=\"Frire et sauter deviennent un plaisir avec notre po\u00eale haute Evolution en fonte \u00e9maill\u00e9e, parfaite pour cr\u00e9er une vari\u00e9t\u00e9 de plats d\u00e9licieux. Dot\u00e9e de\" \/>\n<meta name=\"robots\" content=\"noindex, follow, max-snippet:-1, max-image-preview:large, max-video-preview:-1\" \/>\n<meta property=\"og:locale\" content=\"fr_FR\" \/>\n<meta property=\"og:type\" content=\"article\" \/>\n<meta property=\"og:title\" content=\"LE CREUSET Haut Pan en fonte \u00e9maill\u00e9e 28 cm Azur\u00e9 - dev6 Erresse\" \/>\n<meta property=\"og:description\" content=\"Frire et sauter deviennent un plaisir avec notre po\u00eale haute Evolution en fonte \u00e9maill\u00e9e, parfaite pour cr\u00e9er une vari\u00e9t\u00e9 de plats d\u00e9licieux. Dot\u00e9e de\" \/>\n<meta property=\"og:url\" content=\"https:\/\/dev6.erresse-shop.it\/fr\/shop\/poeles-pots\/le-creuset-haut-pan-en-fonte-emaillee-28-cm-azure\/\" \/>\n<meta property=\"og:site_name\" content=\"dev6 Erresse\" \/>\n<meta property=\"og:image\" content=\"https:\/\/interpim.erresse-shop.it\/Import\/Prodotti\/le-creuset-padella-alta-in-ghisa-28-cm-azure.jpg\" \/><meta property=\"og:image\" content=\"https:\/\/interpim.erresse-shop.it\/Import\/Prodotti\/le-creuset-padella-alta-in-ghisa-28-cm-azure.jpg\" \/>\n\t<meta property=\"og:image:width\" content=\"1024\" \/>\n\t<meta property=\"og:image:height\" content=\"1024\" \/>\n\t<meta property=\"og:image:type\" content=\"image\/jpeg\" \/>\n<meta name=\"twitter:card\" content=\"summary_large_image\" \/>\n<meta name=\"twitter:image\" content=\"https:\/\/interpim.erresse-shop.it\/Import\/Prodotti\/le-creuset-padella-alta-in-ghisa-28-cm-azure.jpg\" \/>\n<script type=\"application\/ld+json\" class=\"yoast-schema-graph\">{\"@context\":\"https:\/\/schema.org\",\"@graph\":[{\"@type\":\"WebPage\",\"@id\":\"https:\/\/dev6.erresse-shop.it\/fr\/shop\/poeles-pots\/le-creuset-haut-pan-en-fonte-emaillee-28-cm-azure\/\",\"url\":\"https:\/\/dev6.erresse-shop.it\/fr\/shop\/poeles-pots\/le-creuset-haut-pan-en-fonte-emaillee-28-cm-azure\/\",\"name\":\"LE CREUSET Haut Pan en fonte \u00e9maill\u00e9e 28 cm Azur\u00e9 - dev6 Erresse\",\"isPartOf\":{\"@id\":\"https:\/\/dev6.erresse-shop.it\/#website\"},\"primaryImageOfPage\":{\"@id\":\"https:\/\/dev6.erresse-shop.it\/fr\/shop\/poeles-pots\/le-creuset-haut-pan-en-fonte-emaillee-28-cm-azure\/#primaryimage\"},\"image\":{\"@id\":\"https:\/\/dev6.erresse-shop.it\/fr\/shop\/poeles-pots\/le-creuset-haut-pan-en-fonte-emaillee-28-cm-azure\/#primaryimage\"},\"thumbnailUrl\":\"https:\/\/i1.wp.com\/interpim.erresse-shop.it\/Import\/Prodotti\/le-creuset-padella-alta-in-ghisa-28-cm-azure.jpg?ssl=1\",\"datePublished\":\"2026-04-12T11:10:25+00:00\",\"description\":\"Frire et sauter deviennent un plaisir avec notre po\u00eale haute Evolution en fonte \u00e9maill\u00e9e, parfaite pour cr\u00e9er une vari\u00e9t\u00e9 de plats d\u00e9licieux. Dot\u00e9e de\",\"breadcrumb\":{\"@id\":\"https:\/\/dev6.erresse-shop.it\/fr\/shop\/poeles-pots\/le-creuset-haut-pan-en-fonte-emaillee-28-cm-azure\/#breadcrumb\"},\"inLanguage\":\"fr-FR\",\"potentialAction\":[{\"@type\":\"ReadAction\",\"target\":[\"https:\/\/dev6.erresse-shop.it\/fr\/shop\/poeles-pots\/le-creuset-haut-pan-en-fonte-emaillee-28-cm-azure\/\"]}]},{\"@type\":\"ImageObject\",\"inLanguage\":\"fr-FR\",\"@id\":\"https:\/\/dev6.erresse-shop.it\/fr\/shop\/poeles-pots\/le-creuset-haut-pan-en-fonte-emaillee-28-cm-azure\/#primaryimage\",\"url\":\"https:\/\/i1.wp.com\/interpim.erresse-shop.it\/Import\/Prodotti\/le-creuset-padella-alta-in-ghisa-28-cm-azure.jpg?ssl=1\",\"contentUrl\":\"https:\/\/i1.wp.com\/interpim.erresse-shop.it\/Import\/Prodotti\/le-creuset-padella-alta-in-ghisa-28-cm-azure.jpg?ssl=1\"},{\"@type\":\"BreadcrumbList\",\"@id\":\"https:\/\/dev6.erresse-shop.it\/fr\/shop\/poeles-pots\/le-creuset-haut-pan-en-fonte-emaillee-28-cm-azure\/#breadcrumb\",\"itemListElement\":[{\"@type\":\"ListItem\",\"position\":1,\"name\":\"Home\",\"item\":\"https:\/\/dev6.erresse-shop.it\/\"},{\"@type\":\"ListItem\",\"position\":2,\"name\":\"Boutique\",\"item\":\"https:\/\/dev6.erresse-shop.it\/shop\/\"},{\"@type\":\"ListItem\",\"position\":3,\"name\":\"LE CREUSET Haut Pan en fonte \u00e9maill\u00e9e 28 cm Azur\u00e9\"}]},{\"@type\":\"WebSite\",\"@id\":\"https:\/\/dev6.erresse-shop.it\/#website\",\"url\":\"https:\/\/dev6.erresse-shop.it\/\",\"name\":\"Erresse Shop\",\"description\":\"\",\"publisher\":{\"@id\":\"https:\/\/dev6.erresse-shop.it\/#organization\"},\"potentialAction\":[{\"@type\":\"SearchAction\",\"target\":{\"@type\":\"EntryPoint\",\"urlTemplate\":\"https:\/\/dev6.erresse-shop.it\/?s={search_term_string}\"},\"query-input\":{\"@type\":\"PropertyValueSpecification\",\"valueRequired\":true,\"valueName\":\"search_term_string\"}}],\"inLanguage\":\"fr-FR\"},{\"@type\":\"Organization\",\"@id\":\"https:\/\/dev6.erresse-shop.it\/#organization\",\"name\":\"Erresse Shop\",\"url\":\"https:\/\/dev6.erresse-shop.it\/\",\"logo\":{\"@type\":\"ImageObject\",\"inLanguage\":\"fr-FR\",\"@id\":\"https:\/\/dev6.erresse-shop.it\/#\/schema\/logo\/image\/\",\"url\":\"https:\/\/dev6.erresse-shop.it\/wp-content\/uploads\/2025\/01\/LOGO-ERRESSE-CLASSICO.svg\",\"contentUrl\":\"https:\/\/dev6.erresse-shop.it\/wp-content\/uploads\/2025\/01\/LOGO-ERRESSE-CLASSICO.svg\",\"caption\":\"Erresse Shop\"},\"image\":{\"@id\":\"https:\/\/dev6.erresse-shop.it\/#\/schema\/logo\/image\/\"}}]}<\/script>\n<!-- \/ Yoast SEO plugin. -->","yoast_head_json":{"title":"LE CREUSET Haut Pan en fonte \u00e9maill\u00e9e 28 cm Azur\u00e9 - dev6 Erresse","description":"Frire et sauter deviennent un plaisir avec notre po\u00eale haute Evolution en fonte \u00e9maill\u00e9e, parfaite pour cr\u00e9er une vari\u00e9t\u00e9 de plats d\u00e9licieux. Dot\u00e9e de","robots":{"index":"noindex","follow":"follow","max-snippet":"max-snippet:-1","max-image-preview":"max-image-preview:large","max-video-preview":"max-video-preview:-1"},"og_locale":"fr_FR","og_type":"article","og_title":"LE CREUSET Haut Pan en fonte \u00e9maill\u00e9e 28 cm Azur\u00e9 - dev6 Erresse","og_description":"Frire et sauter deviennent un plaisir avec notre po\u00eale haute Evolution en fonte \u00e9maill\u00e9e, parfaite pour cr\u00e9er une vari\u00e9t\u00e9 de plats d\u00e9licieux. Dot\u00e9e de","og_url":"https:\/\/dev6.erresse-shop.it\/fr\/shop\/poeles-pots\/le-creuset-haut-pan-en-fonte-emaillee-28-cm-azure\/","og_site_name":"dev6 Erresse","og_image":[{"url":"https:\/\/interpim.erresse-shop.it\/Import\/Prodotti\/le-creuset-padella-alta-in-ghisa-28-cm-azure.jpg","type":"","width":"","height":""},{"url":"https:\/\/interpim.erresse-shop.it\/Import\/Prodotti\/le-creuset-padella-alta-in-ghisa-28-cm-azure.jpg","width":1024,"height":1024,"type":"image\/jpeg"}],"twitter_card":"summary_large_image","twitter_image":"https:\/\/interpim.erresse-shop.it\/Import\/Prodotti\/le-creuset-padella-alta-in-ghisa-28-cm-azure.jpg","schema":{"@context":"https:\/\/schema.org","@graph":[{"@type":"WebPage","@id":"https:\/\/dev6.erresse-shop.it\/fr\/shop\/poeles-pots\/le-creuset-haut-pan-en-fonte-emaillee-28-cm-azure\/","url":"https:\/\/dev6.erresse-shop.it\/fr\/shop\/poeles-pots\/le-creuset-haut-pan-en-fonte-emaillee-28-cm-azure\/","name":"LE CREUSET Haut Pan en fonte \u00e9maill\u00e9e 28 cm Azur\u00e9 - dev6 Erresse","isPartOf":{"@id":"https:\/\/dev6.erresse-shop.it\/#website"},"primaryImageOfPage":{"@id":"https:\/\/dev6.erresse-shop.it\/fr\/shop\/poeles-pots\/le-creuset-haut-pan-en-fonte-emaillee-28-cm-azure\/#primaryimage"},"image":{"@id":"https:\/\/dev6.erresse-shop.it\/fr\/shop\/poeles-pots\/le-creuset-haut-pan-en-fonte-emaillee-28-cm-azure\/#primaryimage"},"thumbnailUrl":"https:\/\/i1.wp.com\/interpim.erresse-shop.it\/Import\/Prodotti\/le-creuset-padella-alta-in-ghisa-28-cm-azure.jpg?ssl=1","datePublished":"2026-04-12T11:10:25+00:00","description":"Frire et sauter deviennent un plaisir avec notre po\u00eale haute Evolution en fonte \u00e9maill\u00e9e, parfaite pour cr\u00e9er une vari\u00e9t\u00e9 de plats d\u00e9licieux. Dot\u00e9e de","breadcrumb":{"@id":"https:\/\/dev6.erresse-shop.it\/fr\/shop\/poeles-pots\/le-creuset-haut-pan-en-fonte-emaillee-28-cm-azure\/#breadcrumb"},"inLanguage":"fr-FR","potentialAction":[{"@type":"ReadAction","target":["https:\/\/dev6.erresse-shop.it\/fr\/shop\/poeles-pots\/le-creuset-haut-pan-en-fonte-emaillee-28-cm-azure\/"]}]},{"@type":"ImageObject","inLanguage":"fr-FR","@id":"https:\/\/dev6.erresse-shop.it\/fr\/shop\/poeles-pots\/le-creuset-haut-pan-en-fonte-emaillee-28-cm-azure\/#primaryimage","url":"https:\/\/i1.wp.com\/interpim.erresse-shop.it\/Import\/Prodotti\/le-creuset-padella-alta-in-ghisa-28-cm-azure.jpg?ssl=1","contentUrl":"https:\/\/i1.wp.com\/interpim.erresse-shop.it\/Import\/Prodotti\/le-creuset-padella-alta-in-ghisa-28-cm-azure.jpg?ssl=1"},{"@type":"BreadcrumbList","@id":"https:\/\/dev6.erresse-shop.it\/fr\/shop\/poeles-pots\/le-creuset-haut-pan-en-fonte-emaillee-28-cm-azure\/#breadcrumb","itemListElement":[{"@type":"ListItem","position":1,"name":"Home","item":"https:\/\/dev6.erresse-shop.it\/"},{"@type":"ListItem","position":2,"name":"Boutique","item":"https:\/\/dev6.erresse-shop.it\/shop\/"},{"@type":"ListItem","position":3,"name":"LE CREUSET Haut Pan en fonte \u00e9maill\u00e9e 28 cm Azur\u00e9"}]},{"@type":"WebSite","@id":"https:\/\/dev6.erresse-shop.it\/#website","url":"https:\/\/dev6.erresse-shop.it\/","name":"Erresse Shop","description":"","publisher":{"@id":"https:\/\/dev6.erresse-shop.it\/#organization"},"potentialAction":[{"@type":"SearchAction","target":{"@type":"EntryPoint","urlTemplate":"https:\/\/dev6.erresse-shop.it\/?s={search_term_string}"},"query-input":{"@type":"PropertyValueSpecification","valueRequired":true,"valueName":"search_term_string"}}],"inLanguage":"fr-FR"},{"@type":"Organization","@id":"https:\/\/dev6.erresse-shop.it\/#organization","name":"Erresse Shop","url":"https:\/\/dev6.erresse-shop.it\/","logo":{"@type":"ImageObject","inLanguage":"fr-FR","@id":"https:\/\/dev6.erresse-shop.it\/#\/schema\/logo\/image\/","url":"https:\/\/dev6.erresse-shop.it\/wp-content\/uploads\/2025\/01\/LOGO-ERRESSE-CLASSICO.svg","contentUrl":"https:\/\/dev6.erresse-shop.it\/wp-content\/uploads\/2025\/01\/LOGO-ERRESSE-CLASSICO.svg","caption":"Erresse Shop"},"image":{"@id":"https:\/\/dev6.erresse-shop.it\/#\/schema\/logo\/image\/"}}]}},"df_price":179.95,"df_sale_price":179.95,"df_regular_price":265,"df_image_link":"https:\/\/i1.wp.com\/interpim.erresse-shop.it\/Import\/Prodotti\/le-creuset-padella-alta-in-ghisa-28-cm-azure.jpg?resize=300,300&ssl=1","fifu_image_url":"https:\/\/interpim.erresse-shop.it\/Import\/Prodotti\/le-creuset-padella-alta-in-ghisa-28-cm-azure.jpg","_links":{"self":[{"href":"https:\/\/dev6.erresse-shop.it\/fr\/wp-json\/wp\/v2\/product\/1609783","targetHints":{"allow":["GET"]}}],"collection":[{"href":"https:\/\/dev6.erresse-shop.it\/fr\/wp-json\/wp\/v2\/product"}],"about":[{"href":"https:\/\/dev6.erresse-shop.it\/fr\/wp-json\/wp\/v2\/types\/product"}],"wp:featuredmedia":[{"embeddable":true,"href":"https:\/\/dev6.erresse-shop.it\/fr\/wp-json\/wp\/v2\/media\/6376249"}],"wp:attachment":[{"href":"https:\/\/dev6.erresse-shop.it\/fr\/wp-json\/wp\/v2\/media?parent=1609783"}],"wp:term":[{"taxonomy":"product_cat","embeddable":true,"href":"https:\/\/dev6.erresse-shop.it\/fr\/wp-json\/wp\/v2\/product_cat?post=1609783"},{"taxonomy":"product_tag","embeddable":true,"href":"https:\/\/dev6.erresse-shop.it\/fr\/wp-json\/wp\/v2\/product_tag?post=1609783"}],"curies":[{"name":"wp","href":"https:\/\/api.w.org\/{rel}","templated":true}]}}