{"id":1609779,"date":"2026-04-12T13:10:25","date_gmt":"2026-04-12T11:10:25","guid":{"rendered":"https:\/\/dev6.erresse-shop.it\/shop\/non%20class\u00e9\/le-creuset-bouilloire-tradition-azure\/"},"modified":"2025-11-27T16:58:08","modified_gmt":"2025-11-27T15:58:08","slug":"le-creuset-bouilloire-tradition-azure","status":"publish","type":"product","link":"https:\/\/dev6.erresse-shop.it\/fr\/shop\/cuisine\/bouilloires\/le-creuset-bouilloire-tradition-azure\/","title":{"rendered":"LE CREUSET Bouilloire Tradition Azur\u00e9"},"content":{"rendered":"<p>Voulez-vous une tasse de th\u00e9\u00a0?<br \/>\nAjoutez une touche de style vintage \u00e0 votre cuisine avec cette bouilloire classique qui siffle lorsque l\u2019eau est pr\u00eate. Le fond robuste compatible avec l\u2019induction chauffe l\u2019eau rapidement, tandis que la poign\u00e9e ergonomique r\u00e9sistante \u00e0 la chaleur rend le versement facile et s\u00fbr. Fabriqu\u00e9 en acier \u00e9maill\u00e9, il ajoute une touche de couleur \u00e0 votre int\u00e9rieur.<\/p>\n<p>D\u00e9tails du produit<br \/>\nD\u00e9tails<br \/>\nUn arc-en-ciel de couleurs : Disponible dans un large choix de couleurs, notre gamme ajoutera une touche de couleur \u00e0 votre cuisine.<br \/>\nEfficacit\u00e9 avanc\u00e9e : Nos bouilloires ont une base large pour un chauffage plus efficace.<br \/>\nMeilleur de sa cat\u00e9gorie : nos produits sont fabriqu\u00e9s \u00e0 partir des meilleurs mat\u00e9riaux dans des usines du monde entier pour offrir la qualit\u00e9 que vous attendez de Le Creuset.<\/p>\n<p>Mat\u00e9riau\u00a0: acier au carbone \u00e9maill\u00e9<br \/>\nFabriqu\u00e9 en\u00a0: Tha\u00eflande<br \/>\nGarantie\u00a0: 5 ans<\/p>\n<p>Source de chaleur<br \/>\nPlaque de cuisson \u00e9lectrique<br \/>\nVerre c\u00e9ramique<br \/>\nPlaque de cuisson \u00e0 gaz<br \/>\nPlaque \u00e0 induction<\/p>\n<p>Dimensions<br \/>\nCapacit\u00e9 : 2,1 L<br \/>\nLongueur : 27,6 cm<br \/>\nLargeur : 20,9 cm<br \/>\nHauteur : 25,2 cm<\/p>\n<p>Conseils d\u2019utilisation<br \/>\nAvant la premi\u00e8re utilisation<br \/>\nProfitez du moment de d\u00e9baller votre nouvel achat ! Et assurez-vous de retirer toutes les \u00e9tiquettes et tous les emballages.<br \/>\nLavez votre produit Le Creuset \u00e0 l\u2019eau ti\u00e8de savonneuse, puis rincez et s\u00e9chez soigneusement.<br \/>\nAvant d\u2019utiliser la bouilloire pour la premi\u00e8re fois, retirez le couvercle, remplissez-la d\u2019eau propre, portez \u00e0 \u00e9bullition et jetez l\u2019eau.<br \/>\nNe pas remplir au-del\u00e0 de l\u2019indicateur.<\/p>\n<p>Cuisine<br \/>\nPour les plaques \u00e0 induction, \u00e9vitez d\u2019utiliser la fonction \u00ab booster \u00bb car elle ne doit \u00eatre utilis\u00e9e que pour chauffer rapidement de grands volumes d\u2019eau.<br \/>\nSoulevez la bouilloire lorsque vous la d\u00e9placez, ne la faites pas glisser sur la surface pour \u00e9viter d\u2019endommager la base de la bouilloire ou la surface.<br \/>\nNe faites pas glisser le produit sur une plaque de cuisson en verre car cela pourrait endommager la base du produit et le verre. Soulevez toujours le produit lorsque vous le posez, le d\u00e9placez ou le retirez de la surface.<br \/>\nLorsqu\u2019il est chaud, placez-le sur une surface r\u00e9sistante \u00e0 la chaleur.<\/p>\n<p>Propre<br \/>\nNettoyez la bouilloire apr\u00e8s chaque utilisation en la lavant \u00e0 la main avec un d\u00e9tergent neutre. N\u2019utilisez jamais de produits abrasifs ou de d\u00e9tergents agressifs, car ils pourraient endommager la surface. Fait? S\u00e9chez soigneusement la bouilloire pour \u00e9viter les d\u00e9p\u00f4ts min\u00e9raux.<br \/>\nNe laissez pas d\u2019eau dans la bouilloire lorsqu\u2019elle n\u2019est pas utilis\u00e9e.<br \/>\nPour \u00e9liminer les d\u00e9p\u00f4ts min\u00e9raux, remplissez la bouilloire jusqu\u2019au niveau maximum avec un m\u00e9lange de 50 % d\u2019eau et 50 % de vinaigre blanc et laissez mijoter pendant 20 minutes. Si le d\u00e9p\u00f4t persiste, utilisez un d\u00e9tartrant doux.<br \/>\nApr\u00e8s le lavage, s\u00e9chez soigneusement le produit et rangez-le dans un endroit sec.<\/p>\n<p>Utilisation<br \/>\nUtilisez le produit sur la plaque de cuisson la plus adapt\u00e9e pour \u00e9viter tout dommage ou surchauffe.<br \/>\nSur les tables de cuisson \u00e0 induction, ne vous fiez pas \u00e0 la fonction d\u2019arr\u00eat automatique. En cas de dysfonctionnement, toute l\u2019eau de la bouilloire peut s\u2019\u00e9vaporer, provoquant des dommages par surchauffe.<br \/>\nPour les bouilloires avec une poign\u00e9e rabattable, pour \u00e9viter de surchauffer la poign\u00e9e, assurez-vous qu\u2019elle est solidement fix\u00e9e en position verticale avant de placer la bouilloire sur la source de chaleur.<br \/>\nFermez herm\u00e9tiquement le couvercle pour prot\u00e9ger la poign\u00e9e de la vapeur.<br \/>\nAssurez-vous toujours que les encoches du bec verseur et du couvercle sont orient\u00e9es vers l\u2019ext\u00e9rieur, \u00e0 l\u2019oppos\u00e9 de vous et des autres.<br \/>\nNe laissez pas la bouilloire sur la source de chaleur jusqu\u2019\u00e0 ce que l\u2019eau soit \u00e9puis\u00e9e, car cela provoquerait une surchauffe rapide.<br \/>\nN\u2019oubliez pas d\u2019\u00e9teindre la source de chaleur lorsque l\u2019eau commence \u00e0 bouillir et de retirer la bouilloire de la source de chaleur.<br \/>\nL\u2019eau bout-elle ? Attendez 10 \u00e0 15 secondes avant de retirer la bouilloire de la source de chaleur, puis versez. Ne jamais retourner la bouilloire. Assurez-vous de fermer le couvercle en appuyant fermement sur le bouton.<br \/>\nLaissez la bouilloire refroidir compl\u00e8tement avant de la remplir d\u2019eau froide.<\/p>\n","protected":false},"excerpt":{"rendered":"<p>Voulez-vous une tasse de th\u00e9\u00a0? Ajoutez une touche de style vintage \u00e0 votre cuisine avec cette bouilloire classique qui siffle lorsque l\u2019eau est pr\u00eate. Le fond robuste compatible avec l\u2019induction chauffe l\u2019eau rapidement, tandis que la poign\u00e9e ergonomique r\u00e9sistante \u00e0 la chaleur rend le versement facile et s\u00fbr. Fabriqu\u00e9 en acier \u00e9maill\u00e9, il ajoute une [&hellip;]<\/p>\n","protected":false},"featured_media":6376229,"template":"","meta":{"_acf_changed":false},"product_cat":[12005,11992],"product_tag":[],"class_list":{"0":"post-1609779","1":"product","2":"type-product","3":"status-publish","4":"has-post-thumbnail","6":"product_cat-bouilloires","7":"product_cat-cuisine","9":"first","10":"instock","11":"sale","12":"taxable","13":"shipping-taxable","14":"purchasable","15":"product-type-simple","swatches":"rey-swatches","show_selected":"","stretch_labels":"rey-swatches--stretch-labels"},"acf":[],"yoast_head":"<!-- This site is optimized with the Yoast SEO plugin v25.4 - https:\/\/yoast.com\/wordpress\/plugins\/seo\/ -->\n<title>LE CREUSET Bouilloire Tradition Azur\u00e9 - dev6 Erresse<\/title>\n<meta name=\"description\" content=\"Voulez-vous une tasse de th\u00e9\u00a0? Ajoutez une touche de style vintage \u00e0 votre cuisine avec cette bouilloire classique qui siffle lorsque l\u2019eau est pr\u00eate. Le\" \/>\n<meta name=\"robots\" content=\"noindex, follow, max-snippet:-1, max-image-preview:large, max-video-preview:-1\" \/>\n<meta property=\"og:locale\" content=\"fr_FR\" \/>\n<meta property=\"og:type\" content=\"article\" \/>\n<meta property=\"og:title\" content=\"LE CREUSET Bouilloire Tradition Azur\u00e9 - dev6 Erresse\" \/>\n<meta property=\"og:description\" content=\"Voulez-vous une tasse de th\u00e9\u00a0? Ajoutez une touche de style vintage \u00e0 votre cuisine avec cette bouilloire classique qui siffle lorsque l\u2019eau est pr\u00eate. Le\" \/>\n<meta property=\"og:url\" content=\"https:\/\/dev6.erresse-shop.it\/fr\/shop\/cuisine\/bouilloires\/le-creuset-bouilloire-tradition-azure\/\" \/>\n<meta property=\"og:site_name\" content=\"dev6 Erresse\" \/>\n<meta property=\"og:image\" content=\"https:\/\/interpim.erresse-shop.it\/Import\/Prodotti\/le-creuset-bollitore-tradition-azure.jpg\" \/><meta property=\"og:image\" content=\"https:\/\/interpim.erresse-shop.it\/Import\/Prodotti\/le-creuset-bollitore-tradition-azure.jpg\" \/>\n\t<meta property=\"og:image:width\" content=\"1024\" \/>\n\t<meta property=\"og:image:height\" content=\"1024\" \/>\n\t<meta property=\"og:image:type\" content=\"image\/jpeg\" \/>\n<meta name=\"twitter:card\" content=\"summary_large_image\" \/>\n<meta name=\"twitter:image\" content=\"https:\/\/interpim.erresse-shop.it\/Import\/Prodotti\/le-creuset-bollitore-tradition-azure.jpg\" \/>\n<script type=\"application\/ld+json\" class=\"yoast-schema-graph\">{\"@context\":\"https:\/\/schema.org\",\"@graph\":[{\"@type\":\"WebPage\",\"@id\":\"https:\/\/dev6.erresse-shop.it\/fr\/shop\/cuisine\/bouilloires\/le-creuset-bouilloire-tradition-azure\/\",\"url\":\"https:\/\/dev6.erresse-shop.it\/fr\/shop\/cuisine\/bouilloires\/le-creuset-bouilloire-tradition-azure\/\",\"name\":\"LE CREUSET Bouilloire Tradition Azur\u00e9 - dev6 Erresse\",\"isPartOf\":{\"@id\":\"https:\/\/dev6.erresse-shop.it\/#website\"},\"primaryImageOfPage\":{\"@id\":\"https:\/\/dev6.erresse-shop.it\/fr\/shop\/cuisine\/bouilloires\/le-creuset-bouilloire-tradition-azure\/#primaryimage\"},\"image\":{\"@id\":\"https:\/\/dev6.erresse-shop.it\/fr\/shop\/cuisine\/bouilloires\/le-creuset-bouilloire-tradition-azure\/#primaryimage\"},\"thumbnailUrl\":\"https:\/\/i0.wp.com\/interpim.erresse-shop.it\/Import\/Prodotti\/le-creuset-bollitore-tradition-azure.jpg?ssl=1\",\"datePublished\":\"2026-04-12T11:10:25+00:00\",\"description\":\"Voulez-vous une tasse de th\u00e9\u00a0? Ajoutez une touche de style vintage \u00e0 votre cuisine avec cette bouilloire classique qui siffle lorsque l\u2019eau est pr\u00eate. Le\",\"breadcrumb\":{\"@id\":\"https:\/\/dev6.erresse-shop.it\/fr\/shop\/cuisine\/bouilloires\/le-creuset-bouilloire-tradition-azure\/#breadcrumb\"},\"inLanguage\":\"fr-FR\",\"potentialAction\":[{\"@type\":\"ReadAction\",\"target\":[\"https:\/\/dev6.erresse-shop.it\/fr\/shop\/cuisine\/bouilloires\/le-creuset-bouilloire-tradition-azure\/\"]}]},{\"@type\":\"ImageObject\",\"inLanguage\":\"fr-FR\",\"@id\":\"https:\/\/dev6.erresse-shop.it\/fr\/shop\/cuisine\/bouilloires\/le-creuset-bouilloire-tradition-azure\/#primaryimage\",\"url\":\"https:\/\/i0.wp.com\/interpim.erresse-shop.it\/Import\/Prodotti\/le-creuset-bollitore-tradition-azure.jpg?ssl=1\",\"contentUrl\":\"https:\/\/i0.wp.com\/interpim.erresse-shop.it\/Import\/Prodotti\/le-creuset-bollitore-tradition-azure.jpg?ssl=1\"},{\"@type\":\"BreadcrumbList\",\"@id\":\"https:\/\/dev6.erresse-shop.it\/fr\/shop\/cuisine\/bouilloires\/le-creuset-bouilloire-tradition-azure\/#breadcrumb\",\"itemListElement\":[{\"@type\":\"ListItem\",\"position\":1,\"name\":\"Home\",\"item\":\"https:\/\/dev6.erresse-shop.it\/\"},{\"@type\":\"ListItem\",\"position\":2,\"name\":\"Boutique\",\"item\":\"https:\/\/dev6.erresse-shop.it\/shop\/\"},{\"@type\":\"ListItem\",\"position\":3,\"name\":\"LE CREUSET Bouilloire Tradition Azur\u00e9\"}]},{\"@type\":\"WebSite\",\"@id\":\"https:\/\/dev6.erresse-shop.it\/#website\",\"url\":\"https:\/\/dev6.erresse-shop.it\/\",\"name\":\"Erresse Shop\",\"description\":\"\",\"publisher\":{\"@id\":\"https:\/\/dev6.erresse-shop.it\/#organization\"},\"potentialAction\":[{\"@type\":\"SearchAction\",\"target\":{\"@type\":\"EntryPoint\",\"urlTemplate\":\"https:\/\/dev6.erresse-shop.it\/?s={search_term_string}\"},\"query-input\":{\"@type\":\"PropertyValueSpecification\",\"valueRequired\":true,\"valueName\":\"search_term_string\"}}],\"inLanguage\":\"fr-FR\"},{\"@type\":\"Organization\",\"@id\":\"https:\/\/dev6.erresse-shop.it\/#organization\",\"name\":\"Erresse Shop\",\"url\":\"https:\/\/dev6.erresse-shop.it\/\",\"logo\":{\"@type\":\"ImageObject\",\"inLanguage\":\"fr-FR\",\"@id\":\"https:\/\/dev6.erresse-shop.it\/#\/schema\/logo\/image\/\",\"url\":\"https:\/\/dev6.erresse-shop.it\/wp-content\/uploads\/2025\/01\/LOGO-ERRESSE-CLASSICO.svg\",\"contentUrl\":\"https:\/\/dev6.erresse-shop.it\/wp-content\/uploads\/2025\/01\/LOGO-ERRESSE-CLASSICO.svg\",\"caption\":\"Erresse Shop\"},\"image\":{\"@id\":\"https:\/\/dev6.erresse-shop.it\/#\/schema\/logo\/image\/\"}}]}<\/script>\n<!-- \/ Yoast SEO plugin. -->","yoast_head_json":{"title":"LE CREUSET Bouilloire Tradition Azur\u00e9 - dev6 Erresse","description":"Voulez-vous une tasse de th\u00e9\u00a0? Ajoutez une touche de style vintage \u00e0 votre cuisine avec cette bouilloire classique qui siffle lorsque l\u2019eau est pr\u00eate. Le","robots":{"index":"noindex","follow":"follow","max-snippet":"max-snippet:-1","max-image-preview":"max-image-preview:large","max-video-preview":"max-video-preview:-1"},"og_locale":"fr_FR","og_type":"article","og_title":"LE CREUSET Bouilloire Tradition Azur\u00e9 - dev6 Erresse","og_description":"Voulez-vous une tasse de th\u00e9\u00a0? Ajoutez une touche de style vintage \u00e0 votre cuisine avec cette bouilloire classique qui siffle lorsque l\u2019eau est pr\u00eate. Le","og_url":"https:\/\/dev6.erresse-shop.it\/fr\/shop\/cuisine\/bouilloires\/le-creuset-bouilloire-tradition-azure\/","og_site_name":"dev6 Erresse","og_image":[{"url":"https:\/\/interpim.erresse-shop.it\/Import\/Prodotti\/le-creuset-bollitore-tradition-azure.jpg","type":"","width":"","height":""},{"url":"https:\/\/interpim.erresse-shop.it\/Import\/Prodotti\/le-creuset-bollitore-tradition-azure.jpg","width":1024,"height":1024,"type":"image\/jpeg"}],"twitter_card":"summary_large_image","twitter_image":"https:\/\/interpim.erresse-shop.it\/Import\/Prodotti\/le-creuset-bollitore-tradition-azure.jpg","schema":{"@context":"https:\/\/schema.org","@graph":[{"@type":"WebPage","@id":"https:\/\/dev6.erresse-shop.it\/fr\/shop\/cuisine\/bouilloires\/le-creuset-bouilloire-tradition-azure\/","url":"https:\/\/dev6.erresse-shop.it\/fr\/shop\/cuisine\/bouilloires\/le-creuset-bouilloire-tradition-azure\/","name":"LE CREUSET Bouilloire Tradition Azur\u00e9 - dev6 Erresse","isPartOf":{"@id":"https:\/\/dev6.erresse-shop.it\/#website"},"primaryImageOfPage":{"@id":"https:\/\/dev6.erresse-shop.it\/fr\/shop\/cuisine\/bouilloires\/le-creuset-bouilloire-tradition-azure\/#primaryimage"},"image":{"@id":"https:\/\/dev6.erresse-shop.it\/fr\/shop\/cuisine\/bouilloires\/le-creuset-bouilloire-tradition-azure\/#primaryimage"},"thumbnailUrl":"https:\/\/i0.wp.com\/interpim.erresse-shop.it\/Import\/Prodotti\/le-creuset-bollitore-tradition-azure.jpg?ssl=1","datePublished":"2026-04-12T11:10:25+00:00","description":"Voulez-vous une tasse de th\u00e9\u00a0? Ajoutez une touche de style vintage \u00e0 votre cuisine avec cette bouilloire classique qui siffle lorsque l\u2019eau est pr\u00eate. Le","breadcrumb":{"@id":"https:\/\/dev6.erresse-shop.it\/fr\/shop\/cuisine\/bouilloires\/le-creuset-bouilloire-tradition-azure\/#breadcrumb"},"inLanguage":"fr-FR","potentialAction":[{"@type":"ReadAction","target":["https:\/\/dev6.erresse-shop.it\/fr\/shop\/cuisine\/bouilloires\/le-creuset-bouilloire-tradition-azure\/"]}]},{"@type":"ImageObject","inLanguage":"fr-FR","@id":"https:\/\/dev6.erresse-shop.it\/fr\/shop\/cuisine\/bouilloires\/le-creuset-bouilloire-tradition-azure\/#primaryimage","url":"https:\/\/i0.wp.com\/interpim.erresse-shop.it\/Import\/Prodotti\/le-creuset-bollitore-tradition-azure.jpg?ssl=1","contentUrl":"https:\/\/i0.wp.com\/interpim.erresse-shop.it\/Import\/Prodotti\/le-creuset-bollitore-tradition-azure.jpg?ssl=1"},{"@type":"BreadcrumbList","@id":"https:\/\/dev6.erresse-shop.it\/fr\/shop\/cuisine\/bouilloires\/le-creuset-bouilloire-tradition-azure\/#breadcrumb","itemListElement":[{"@type":"ListItem","position":1,"name":"Home","item":"https:\/\/dev6.erresse-shop.it\/"},{"@type":"ListItem","position":2,"name":"Boutique","item":"https:\/\/dev6.erresse-shop.it\/shop\/"},{"@type":"ListItem","position":3,"name":"LE CREUSET Bouilloire Tradition Azur\u00e9"}]},{"@type":"WebSite","@id":"https:\/\/dev6.erresse-shop.it\/#website","url":"https:\/\/dev6.erresse-shop.it\/","name":"Erresse Shop","description":"","publisher":{"@id":"https:\/\/dev6.erresse-shop.it\/#organization"},"potentialAction":[{"@type":"SearchAction","target":{"@type":"EntryPoint","urlTemplate":"https:\/\/dev6.erresse-shop.it\/?s={search_term_string}"},"query-input":{"@type":"PropertyValueSpecification","valueRequired":true,"valueName":"search_term_string"}}],"inLanguage":"fr-FR"},{"@type":"Organization","@id":"https:\/\/dev6.erresse-shop.it\/#organization","name":"Erresse Shop","url":"https:\/\/dev6.erresse-shop.it\/","logo":{"@type":"ImageObject","inLanguage":"fr-FR","@id":"https:\/\/dev6.erresse-shop.it\/#\/schema\/logo\/image\/","url":"https:\/\/dev6.erresse-shop.it\/wp-content\/uploads\/2025\/01\/LOGO-ERRESSE-CLASSICO.svg","contentUrl":"https:\/\/dev6.erresse-shop.it\/wp-content\/uploads\/2025\/01\/LOGO-ERRESSE-CLASSICO.svg","caption":"Erresse Shop"},"image":{"@id":"https:\/\/dev6.erresse-shop.it\/#\/schema\/logo\/image\/"}}]}},"df_price":106,"df_sale_price":106,"df_regular_price":135,"df_image_link":"https:\/\/i0.wp.com\/interpim.erresse-shop.it\/Import\/Prodotti\/le-creuset-bollitore-tradition-azure.jpg?resize=300,300&ssl=1","fifu_image_url":"https:\/\/interpim.erresse-shop.it\/Import\/Prodotti\/le-creuset-bollitore-tradition-azure.jpg","_links":{"self":[{"href":"https:\/\/dev6.erresse-shop.it\/fr\/wp-json\/wp\/v2\/product\/1609779","targetHints":{"allow":["GET"]}}],"collection":[{"href":"https:\/\/dev6.erresse-shop.it\/fr\/wp-json\/wp\/v2\/product"}],"about":[{"href":"https:\/\/dev6.erresse-shop.it\/fr\/wp-json\/wp\/v2\/types\/product"}],"wp:featuredmedia":[{"embeddable":true,"href":"https:\/\/dev6.erresse-shop.it\/fr\/wp-json\/wp\/v2\/media\/6376229"}],"wp:attachment":[{"href":"https:\/\/dev6.erresse-shop.it\/fr\/wp-json\/wp\/v2\/media?parent=1609779"}],"wp:term":[{"taxonomy":"product_cat","embeddable":true,"href":"https:\/\/dev6.erresse-shop.it\/fr\/wp-json\/wp\/v2\/product_cat?post=1609779"},{"taxonomy":"product_tag","embeddable":true,"href":"https:\/\/dev6.erresse-shop.it\/fr\/wp-json\/wp\/v2\/product_tag?post=1609779"}],"curies":[{"name":"wp","href":"https:\/\/api.w.org\/{rel}","templated":true}]}}