{"id":1609755,"date":"2026-04-10T13:48:55","date_gmt":"2026-04-10T11:48:55","guid":{"rendered":"https:\/\/dev6.erresse-shop.it\/shop\/non%20class\u00e9\/illy-1-paquets-de-30-capsules-compatibles-nespresso-classic\/"},"modified":"2025-07-04T19:33:43","modified_gmt":"2025-07-04T17:33:43","slug":"illy-1-paquets-de-30-capsules-compatibles-nespresso-classic","status":"publish","type":"product","link":"https:\/\/dev6.erresse-shop.it\/fr\/shop\/cafe\/dosettes-et-capsules-de-cafe\/illy-1-paquets-de-30-capsules-compatibles-nespresso-classic\/","title":{"rendered":"ILLY 1 paquets de 30 capsules compatibles Nespresso\u00ae Classic"},"content":{"rendered":"<p>Compatible avec:<\/p>\n<p class=\"p1\">*avec la classe\u00a0machines \u00e0 caf\u00e9\u00a0Nespresso\u00ae** Original.<br \/>\n**marque tierce sans lien avec illycaff\u00e8 S.p.A.<\/p>\n<p class=\"p1\">NOTES AROMATIQUES\n<\/p>\n<p class=\"p1\">La nuance de saveur CLASSIQUE du m\u00e9lange unique 100% arabica illy exprime une note sucr\u00e9e et fleurie qui se combine avec des notes de pain grill\u00e9, de caramel et de chocolat. Pour ceux qui pr\u00e9f\u00e8rent une tasse de caf\u00e9 au go\u00fbt doux et velout\u00e9. Pour en profiter au mieux, nous recommandons un volume dans la tasse compris entre 25 et 40 ml pour la variante Espresso.<\/p>\n","protected":false},"excerpt":{"rendered":"<p>Compatible avec: *avec la classe\u00a0machines \u00e0 caf\u00e9\u00a0Nespresso\u00ae** Original. **marque tierce sans lien avec illycaff\u00e8 S.p.A. NOTES AROMATIQUES La nuance de saveur CLASSIQUE du m\u00e9lange unique 100% arabica illy exprime une note sucr\u00e9e et fleurie qui se combine avec des notes de pain grill\u00e9, de caramel et de chocolat. Pour ceux qui pr\u00e9f\u00e8rent une tasse de [&hellip;]<\/p>\n","protected":false},"featured_media":6334529,"template":"","meta":{"_acf_changed":false},"product_cat":[12039],"product_tag":[],"class_list":{"0":"post-1609755","1":"product","2":"type-product","3":"status-publish","4":"has-post-thumbnail","6":"product_cat-dosettes-et-capsules-de-cafe","8":"first","9":"instock","10":"taxable","11":"shipping-taxable","12":"purchasable","13":"product-type-simple","swatches":"rey-swatches","show_selected":"","stretch_labels":"rey-swatches--stretch-labels"},"acf":[],"yoast_head":"<!-- This site is optimized with the Yoast SEO plugin v25.4 - https:\/\/yoast.com\/wordpress\/plugins\/seo\/ -->\n<title>ILLY 1 paquets de 30 capsules compatibles Nespresso\u00ae Classic - dev6 Erresse<\/title>\n<meta name=\"description\" content=\"Compatible avec: *avec la classe\u00a0machines \u00e0 caf\u00e9\u00a0Nespresso\u00ae** Original. **marque tierce sans lien avec illycaff\u00e8 S.p.A. NOTES AROMATIQUES La nuance de\" \/>\n<meta name=\"robots\" content=\"noindex, follow, max-snippet:-1, max-image-preview:large, max-video-preview:-1\" \/>\n<meta property=\"og:locale\" content=\"fr_FR\" \/>\n<meta property=\"og:type\" content=\"article\" \/>\n<meta property=\"og:title\" content=\"ILLY 1 paquets de 30 capsules compatibles Nespresso\u00ae Classic - dev6 Erresse\" \/>\n<meta property=\"og:description\" content=\"Compatible avec: *avec la classe\u00a0machines \u00e0 caf\u00e9\u00a0Nespresso\u00ae** Original. **marque tierce sans lien avec illycaff\u00e8 S.p.A. NOTES AROMATIQUES La nuance de\" \/>\n<meta property=\"og:url\" content=\"https:\/\/dev6.erresse-shop.it\/fr\/shop\/cafe\/dosettes-et-capsules-de-cafe\/illy-1-paquets-de-30-capsules-compatibles-nespresso-classic\/\" \/>\n<meta property=\"og:site_name\" content=\"dev6 Erresse\" \/>\n<meta property=\"og:image\" content=\"https:\/\/interpim.erresse-shop.it\/wp-content\/uploads\/2024\/10\/ILLY-8-Confezioni-da-30-Capsule-Compatibili-Nespresso\u00ae-Classico.jpg\/illy-8-confezioni-da-30-capsule-compatibili-nespresso-c2-ae-classico.jpg\" \/><meta property=\"og:image\" content=\"https:\/\/interpim.erresse-shop.it\/wp-content\/uploads\/2024\/10\/ILLY-8-Confezioni-da-30-Capsule-Compatibili-Nespresso\u00ae-Classico.jpg\/illy-8-confezioni-da-30-capsule-compatibili-nespresso-c2-ae-classico.jpg\" \/>\n\t<meta property=\"og:image:width\" content=\"1024\" \/>\n\t<meta property=\"og:image:height\" content=\"1024\" \/>\n\t<meta property=\"og:image:type\" content=\"image\/jpeg\" \/>\n<meta name=\"twitter:card\" content=\"summary_large_image\" \/>\n<meta name=\"twitter:image\" content=\"https:\/\/interpim.erresse-shop.it\/wp-content\/uploads\/2024\/10\/ILLY-8-Confezioni-da-30-Capsule-Compatibili-Nespresso\u00ae-Classico.jpg\/illy-8-confezioni-da-30-capsule-compatibili-nespresso-c2-ae-classico.jpg\" \/>\n<script type=\"application\/ld+json\" class=\"yoast-schema-graph\">{\"@context\":\"https:\/\/schema.org\",\"@graph\":[{\"@type\":\"WebPage\",\"@id\":\"https:\/\/dev6.erresse-shop.it\/fr\/shop\/cafe\/dosettes-et-capsules-de-cafe\/illy-1-paquets-de-30-capsules-compatibles-nespresso-classic\/\",\"url\":\"https:\/\/dev6.erresse-shop.it\/fr\/shop\/cafe\/dosettes-et-capsules-de-cafe\/illy-1-paquets-de-30-capsules-compatibles-nespresso-classic\/\",\"name\":\"ILLY 1 paquets de 30 capsules compatibles Nespresso\u00ae Classic - dev6 Erresse\",\"isPartOf\":{\"@id\":\"https:\/\/dev6.erresse-shop.it\/#website\"},\"primaryImageOfPage\":{\"@id\":\"https:\/\/dev6.erresse-shop.it\/fr\/shop\/cafe\/dosettes-et-capsules-de-cafe\/illy-1-paquets-de-30-capsules-compatibles-nespresso-classic\/#primaryimage\"},\"image\":{\"@id\":\"https:\/\/dev6.erresse-shop.it\/fr\/shop\/cafe\/dosettes-et-capsules-de-cafe\/illy-1-paquets-de-30-capsules-compatibles-nespresso-classic\/#primaryimage\"},\"thumbnailUrl\":\"https:\/\/i0.wp.com\/interpim.erresse-shop.it\/wp-content\/uploads\/2024\/10\/ILLY-8-Confezioni-da-30-Capsule-Compatibili-Nespresso\u00ae-Classico.jpg\/illy-8-confezioni-da-30-capsule-compatibili-nespresso-c2-ae-classico.jpg?ssl=1\",\"datePublished\":\"2026-04-10T11:48:55+00:00\",\"description\":\"Compatible avec: *avec la classe\u00a0machines \u00e0 caf\u00e9\u00a0Nespresso\u00ae** Original. **marque tierce sans lien avec illycaff\u00e8 S.p.A. NOTES AROMATIQUES La nuance de\",\"breadcrumb\":{\"@id\":\"https:\/\/dev6.erresse-shop.it\/fr\/shop\/cafe\/dosettes-et-capsules-de-cafe\/illy-1-paquets-de-30-capsules-compatibles-nespresso-classic\/#breadcrumb\"},\"inLanguage\":\"fr-FR\",\"potentialAction\":[{\"@type\":\"ReadAction\",\"target\":[\"https:\/\/dev6.erresse-shop.it\/fr\/shop\/cafe\/dosettes-et-capsules-de-cafe\/illy-1-paquets-de-30-capsules-compatibles-nespresso-classic\/\"]}]},{\"@type\":\"ImageObject\",\"inLanguage\":\"fr-FR\",\"@id\":\"https:\/\/dev6.erresse-shop.it\/fr\/shop\/cafe\/dosettes-et-capsules-de-cafe\/illy-1-paquets-de-30-capsules-compatibles-nespresso-classic\/#primaryimage\",\"url\":\"https:\/\/i0.wp.com\/interpim.erresse-shop.it\/wp-content\/uploads\/2024\/10\/ILLY-8-Confezioni-da-30-Capsule-Compatibili-Nespresso\u00ae-Classico.jpg\/illy-8-confezioni-da-30-capsule-compatibili-nespresso-c2-ae-classico.jpg?ssl=1\",\"contentUrl\":\"https:\/\/i0.wp.com\/interpim.erresse-shop.it\/wp-content\/uploads\/2024\/10\/ILLY-8-Confezioni-da-30-Capsule-Compatibili-Nespresso\u00ae-Classico.jpg\/illy-8-confezioni-da-30-capsule-compatibili-nespresso-c2-ae-classico.jpg?ssl=1\"},{\"@type\":\"BreadcrumbList\",\"@id\":\"https:\/\/dev6.erresse-shop.it\/fr\/shop\/cafe\/dosettes-et-capsules-de-cafe\/illy-1-paquets-de-30-capsules-compatibles-nespresso-classic\/#breadcrumb\",\"itemListElement\":[{\"@type\":\"ListItem\",\"position\":1,\"name\":\"Home\",\"item\":\"https:\/\/dev6.erresse-shop.it\/\"},{\"@type\":\"ListItem\",\"position\":2,\"name\":\"Boutique\",\"item\":\"https:\/\/dev6.erresse-shop.it\/shop\/\"},{\"@type\":\"ListItem\",\"position\":3,\"name\":\"ILLY 1 paquets de 30 capsules compatibles Nespresso\u00ae Classic\"}]},{\"@type\":\"WebSite\",\"@id\":\"https:\/\/dev6.erresse-shop.it\/#website\",\"url\":\"https:\/\/dev6.erresse-shop.it\/\",\"name\":\"Erresse Shop\",\"description\":\"\",\"publisher\":{\"@id\":\"https:\/\/dev6.erresse-shop.it\/#organization\"},\"potentialAction\":[{\"@type\":\"SearchAction\",\"target\":{\"@type\":\"EntryPoint\",\"urlTemplate\":\"https:\/\/dev6.erresse-shop.it\/?s={search_term_string}\"},\"query-input\":{\"@type\":\"PropertyValueSpecification\",\"valueRequired\":true,\"valueName\":\"search_term_string\"}}],\"inLanguage\":\"fr-FR\"},{\"@type\":\"Organization\",\"@id\":\"https:\/\/dev6.erresse-shop.it\/#organization\",\"name\":\"Erresse Shop\",\"url\":\"https:\/\/dev6.erresse-shop.it\/\",\"logo\":{\"@type\":\"ImageObject\",\"inLanguage\":\"fr-FR\",\"@id\":\"https:\/\/dev6.erresse-shop.it\/#\/schema\/logo\/image\/\",\"url\":\"https:\/\/dev6.erresse-shop.it\/wp-content\/uploads\/2025\/01\/LOGO-ERRESSE-CLASSICO.svg\",\"contentUrl\":\"https:\/\/dev6.erresse-shop.it\/wp-content\/uploads\/2025\/01\/LOGO-ERRESSE-CLASSICO.svg\",\"caption\":\"Erresse Shop\"},\"image\":{\"@id\":\"https:\/\/dev6.erresse-shop.it\/#\/schema\/logo\/image\/\"}}]}<\/script>\n<!-- \/ Yoast SEO plugin. -->","yoast_head_json":{"title":"ILLY 1 paquets de 30 capsules compatibles Nespresso\u00ae Classic - dev6 Erresse","description":"Compatible avec: *avec la classe\u00a0machines \u00e0 caf\u00e9\u00a0Nespresso\u00ae** Original. **marque tierce sans lien avec illycaff\u00e8 S.p.A. NOTES AROMATIQUES La nuance de","robots":{"index":"noindex","follow":"follow","max-snippet":"max-snippet:-1","max-image-preview":"max-image-preview:large","max-video-preview":"max-video-preview:-1"},"og_locale":"fr_FR","og_type":"article","og_title":"ILLY 1 paquets de 30 capsules compatibles Nespresso\u00ae Classic - dev6 Erresse","og_description":"Compatible avec: *avec la classe\u00a0machines \u00e0 caf\u00e9\u00a0Nespresso\u00ae** Original. **marque tierce sans lien avec illycaff\u00e8 S.p.A. NOTES AROMATIQUES La nuance de","og_url":"https:\/\/dev6.erresse-shop.it\/fr\/shop\/cafe\/dosettes-et-capsules-de-cafe\/illy-1-paquets-de-30-capsules-compatibles-nespresso-classic\/","og_site_name":"dev6 Erresse","og_image":[{"url":"https:\/\/interpim.erresse-shop.it\/wp-content\/uploads\/2024\/10\/ILLY-8-Confezioni-da-30-Capsule-Compatibili-Nespresso\u00ae-Classico.jpg\/illy-8-confezioni-da-30-capsule-compatibili-nespresso-c2-ae-classico.jpg","type":"","width":"","height":""},{"url":"https:\/\/interpim.erresse-shop.it\/wp-content\/uploads\/2024\/10\/ILLY-8-Confezioni-da-30-Capsule-Compatibili-Nespresso\u00ae-Classico.jpg\/illy-8-confezioni-da-30-capsule-compatibili-nespresso-c2-ae-classico.jpg","width":1024,"height":1024,"type":"image\/jpeg"}],"twitter_card":"summary_large_image","twitter_image":"https:\/\/interpim.erresse-shop.it\/wp-content\/uploads\/2024\/10\/ILLY-8-Confezioni-da-30-Capsule-Compatibili-Nespresso\u00ae-Classico.jpg\/illy-8-confezioni-da-30-capsule-compatibili-nespresso-c2-ae-classico.jpg","schema":{"@context":"https:\/\/schema.org","@graph":[{"@type":"WebPage","@id":"https:\/\/dev6.erresse-shop.it\/fr\/shop\/cafe\/dosettes-et-capsules-de-cafe\/illy-1-paquets-de-30-capsules-compatibles-nespresso-classic\/","url":"https:\/\/dev6.erresse-shop.it\/fr\/shop\/cafe\/dosettes-et-capsules-de-cafe\/illy-1-paquets-de-30-capsules-compatibles-nespresso-classic\/","name":"ILLY 1 paquets de 30 capsules compatibles Nespresso\u00ae Classic - dev6 Erresse","isPartOf":{"@id":"https:\/\/dev6.erresse-shop.it\/#website"},"primaryImageOfPage":{"@id":"https:\/\/dev6.erresse-shop.it\/fr\/shop\/cafe\/dosettes-et-capsules-de-cafe\/illy-1-paquets-de-30-capsules-compatibles-nespresso-classic\/#primaryimage"},"image":{"@id":"https:\/\/dev6.erresse-shop.it\/fr\/shop\/cafe\/dosettes-et-capsules-de-cafe\/illy-1-paquets-de-30-capsules-compatibles-nespresso-classic\/#primaryimage"},"thumbnailUrl":"https:\/\/i0.wp.com\/interpim.erresse-shop.it\/wp-content\/uploads\/2024\/10\/ILLY-8-Confezioni-da-30-Capsule-Compatibili-Nespresso\u00ae-Classico.jpg\/illy-8-confezioni-da-30-capsule-compatibili-nespresso-c2-ae-classico.jpg?ssl=1","datePublished":"2026-04-10T11:48:55+00:00","description":"Compatible avec: *avec la classe\u00a0machines \u00e0 caf\u00e9\u00a0Nespresso\u00ae** Original. **marque tierce sans lien avec illycaff\u00e8 S.p.A. NOTES AROMATIQUES La nuance de","breadcrumb":{"@id":"https:\/\/dev6.erresse-shop.it\/fr\/shop\/cafe\/dosettes-et-capsules-de-cafe\/illy-1-paquets-de-30-capsules-compatibles-nespresso-classic\/#breadcrumb"},"inLanguage":"fr-FR","potentialAction":[{"@type":"ReadAction","target":["https:\/\/dev6.erresse-shop.it\/fr\/shop\/cafe\/dosettes-et-capsules-de-cafe\/illy-1-paquets-de-30-capsules-compatibles-nespresso-classic\/"]}]},{"@type":"ImageObject","inLanguage":"fr-FR","@id":"https:\/\/dev6.erresse-shop.it\/fr\/shop\/cafe\/dosettes-et-capsules-de-cafe\/illy-1-paquets-de-30-capsules-compatibles-nespresso-classic\/#primaryimage","url":"https:\/\/i0.wp.com\/interpim.erresse-shop.it\/wp-content\/uploads\/2024\/10\/ILLY-8-Confezioni-da-30-Capsule-Compatibili-Nespresso\u00ae-Classico.jpg\/illy-8-confezioni-da-30-capsule-compatibili-nespresso-c2-ae-classico.jpg?ssl=1","contentUrl":"https:\/\/i0.wp.com\/interpim.erresse-shop.it\/wp-content\/uploads\/2024\/10\/ILLY-8-Confezioni-da-30-Capsule-Compatibili-Nespresso\u00ae-Classico.jpg\/illy-8-confezioni-da-30-capsule-compatibili-nespresso-c2-ae-classico.jpg?ssl=1"},{"@type":"BreadcrumbList","@id":"https:\/\/dev6.erresse-shop.it\/fr\/shop\/cafe\/dosettes-et-capsules-de-cafe\/illy-1-paquets-de-30-capsules-compatibles-nespresso-classic\/#breadcrumb","itemListElement":[{"@type":"ListItem","position":1,"name":"Home","item":"https:\/\/dev6.erresse-shop.it\/"},{"@type":"ListItem","position":2,"name":"Boutique","item":"https:\/\/dev6.erresse-shop.it\/shop\/"},{"@type":"ListItem","position":3,"name":"ILLY 1 paquets de 30 capsules compatibles Nespresso\u00ae Classic"}]},{"@type":"WebSite","@id":"https:\/\/dev6.erresse-shop.it\/#website","url":"https:\/\/dev6.erresse-shop.it\/","name":"Erresse Shop","description":"","publisher":{"@id":"https:\/\/dev6.erresse-shop.it\/#organization"},"potentialAction":[{"@type":"SearchAction","target":{"@type":"EntryPoint","urlTemplate":"https:\/\/dev6.erresse-shop.it\/?s={search_term_string}"},"query-input":{"@type":"PropertyValueSpecification","valueRequired":true,"valueName":"search_term_string"}}],"inLanguage":"fr-FR"},{"@type":"Organization","@id":"https:\/\/dev6.erresse-shop.it\/#organization","name":"Erresse Shop","url":"https:\/\/dev6.erresse-shop.it\/","logo":{"@type":"ImageObject","inLanguage":"fr-FR","@id":"https:\/\/dev6.erresse-shop.it\/#\/schema\/logo\/image\/","url":"https:\/\/dev6.erresse-shop.it\/wp-content\/uploads\/2025\/01\/LOGO-ERRESSE-CLASSICO.svg","contentUrl":"https:\/\/dev6.erresse-shop.it\/wp-content\/uploads\/2025\/01\/LOGO-ERRESSE-CLASSICO.svg","caption":"Erresse Shop"},"image":{"@id":"https:\/\/dev6.erresse-shop.it\/#\/schema\/logo\/image\/"}}]}},"df_price":11,"df_sale_price":"","df_regular_price":11,"df_image_link":"https:\/\/i0.wp.com\/interpim.erresse-shop.it\/wp-content\/uploads\/2024\/10\/ILLY-8-Confezioni-da-30-Capsule-Compatibili-Nespresso\u00ae-Classico.jpg\/illy-8-confezioni-da-30-capsule-compatibili-nespresso-c2-ae-classico.jpg?resize=300,300&ssl=1","fifu_image_url":"https:\/\/interpim.erresse-shop.it\/wp-content\/uploads\/2024\/10\/ILLY-8-Confezioni-da-30-Capsule-Compatibili-Nespresso\u00ae-Classico.jpg\/illy-8-confezioni-da-30-capsule-compatibili-nespresso-c2-ae-classico.jpg","_links":{"self":[{"href":"https:\/\/dev6.erresse-shop.it\/fr\/wp-json\/wp\/v2\/product\/1609755","targetHints":{"allow":["GET"]}}],"collection":[{"href":"https:\/\/dev6.erresse-shop.it\/fr\/wp-json\/wp\/v2\/product"}],"about":[{"href":"https:\/\/dev6.erresse-shop.it\/fr\/wp-json\/wp\/v2\/types\/product"}],"wp:featuredmedia":[{"embeddable":true,"href":"https:\/\/dev6.erresse-shop.it\/fr\/wp-json\/wp\/v2\/media\/6334529"}],"wp:attachment":[{"href":"https:\/\/dev6.erresse-shop.it\/fr\/wp-json\/wp\/v2\/media?parent=1609755"}],"wp:term":[{"taxonomy":"product_cat","embeddable":true,"href":"https:\/\/dev6.erresse-shop.it\/fr\/wp-json\/wp\/v2\/product_cat?post=1609755"},{"taxonomy":"product_tag","embeddable":true,"href":"https:\/\/dev6.erresse-shop.it\/fr\/wp-json\/wp\/v2\/product_tag?post=1609755"}],"curies":[{"name":"wp","href":"https:\/\/api.w.org\/{rel}","templated":true}]}}