{"id":1609753,"date":"2026-04-04T13:07:56","date_gmt":"2026-04-04T11:07:56","guid":{"rendered":"https:\/\/dev6.erresse-shop.it\/shop\/non%20class\u00e9\/riedel-set-de-4-spritz-drink\/"},"modified":"2025-07-04T19:33:38","modified_gmt":"2025-07-04T17:33:38","slug":"riedel-set-de-4-spritz-drink","status":"publish","type":"product","link":"https:\/\/dev6.erresse-shop.it\/fr\/shop\/table-fr-2\/verres\/riedel-set-de-4-spritz-drink\/","title":{"rendered":"RIEDEL Set de 4 Spritz Drink"},"content":{"rendered":"<p>Le set Spritz Drinks est le choix id\u00e9al pour l\u2019heure de l\u2019ap\u00e9ritif.<br \/>\nSans d\u00e9coration et avec une tige \u00e9l\u00e9gante, ce produit \u00e9l\u00e9gant est id\u00e9al pour toutes les boissons, de l\u2019Aperol Spritz au Lillet. Chaque paquet comprend des recettes pour 4 variations de spritz pour les longs d\u00e9jeuners d\u2019\u00e9t\u00e9 ou les chauds apr\u00e8s-midi de printemps.<\/p>\n<p>Donnez une nouvelle dimension \u00e0 vos boissons maison avec nos sets de m\u00e9lange, nos spiritueux pour spiritueux et nos cocktails. Nous avons le verre qu\u2019il vous faut pour toutes vos boissons pr\u00e9f\u00e9r\u00e9es, qu\u2019il s\u2019agisse d\u2019un gin tonic classique, d\u2019un distillat doux ou de cocktails plus \u00e9labor\u00e9s. Avec une gamme de styles qui convient \u00e0 tous les amateurs de cocktails et de spiritueux, ces ensembles fantastiques sont le bon choix pour votre maison ou pour un cadeau parfait.<\/p>\n<p>Ce produit est fabriqu\u00e9 en machine.<br \/>\nCet article peut \u00eatre lav\u00e9 au lave-vaisselle.<br \/>\nL\u2019emballage contient 4 pi\u00e8ces.<\/p>\n<p>Ann\u00e9e de conception 2021<br \/>\nCapacit\u00e9 560.0 ccm<br \/>\nHauteur 224,0 mm<br \/>\nQuantit\u00e9 de bo\u00eetes 4<br \/>\nType de fabrication Fabriqu\u00e9 \u00e0 la machine<br \/>\nMat\u00e9riau Cristal<\/p>\n","protected":false},"excerpt":{"rendered":"<p>Le set Spritz Drinks est le choix id\u00e9al pour l\u2019heure de l\u2019ap\u00e9ritif. Sans d\u00e9coration et avec une tige \u00e9l\u00e9gante, ce produit \u00e9l\u00e9gant est id\u00e9al pour toutes les boissons, de l\u2019Aperol Spritz au Lillet. Chaque paquet comprend des recettes pour 4 variations de spritz pour les longs d\u00e9jeuners d\u2019\u00e9t\u00e9 ou les chauds apr\u00e8s-midi de printemps. Donnez [&hellip;]<\/p>\n","protected":false},"featured_media":6292887,"template":"","meta":{"_acf_changed":false},"product_cat":[11995,12009],"product_tag":[],"class_list":{"0":"post-1609753","1":"product","2":"type-product","3":"status-publish","4":"has-post-thumbnail","6":"product_cat-table-fr-2","7":"product_cat-verres","9":"first","10":"instock","11":"taxable","12":"shipping-taxable","13":"purchasable","14":"product-type-simple","swatches":"rey-swatches","show_selected":"","stretch_labels":"rey-swatches--stretch-labels"},"acf":[],"yoast_head":"<!-- This site is optimized with the Yoast SEO plugin v25.4 - https:\/\/yoast.com\/wordpress\/plugins\/seo\/ -->\n<title>RIEDEL Set de 4 Spritz Drink - dev6 Erresse<\/title>\n<meta name=\"description\" content=\"Le set Spritz Drinks est le choix id\u00e9al pour l\u2019heure de l\u2019ap\u00e9ritif. Sans d\u00e9coration et avec une tige \u00e9l\u00e9gante, ce produit \u00e9l\u00e9gant est id\u00e9al pour toutes\" \/>\n<meta name=\"robots\" content=\"noindex, follow, max-snippet:-1, max-image-preview:large, max-video-preview:-1\" \/>\n<meta property=\"og:locale\" content=\"fr_FR\" \/>\n<meta property=\"og:type\" content=\"article\" \/>\n<meta property=\"og:title\" content=\"RIEDEL Set de 4 Spritz Drink - dev6 Erresse\" \/>\n<meta property=\"og:description\" content=\"Le set Spritz Drinks est le choix id\u00e9al pour l\u2019heure de l\u2019ap\u00e9ritif. Sans d\u00e9coration et avec une tige \u00e9l\u00e9gante, ce produit \u00e9l\u00e9gant est id\u00e9al pour toutes\" \/>\n<meta property=\"og:url\" content=\"https:\/\/dev6.erresse-shop.it\/fr\/shop\/table-fr-2\/verres\/riedel-set-de-4-spritz-drink\/\" \/>\n<meta property=\"og:site_name\" content=\"dev6 Erresse\" \/>\n<meta property=\"og:image\" content=\"https:\/\/interpim.erresse-shop.it\/wp-content\/uploads\/2024\/12\/RIEDEL-Set-da-4-Spritz-Drink.jpg\/riedel-set-da-4-spritz-drink.jpg\" \/><meta property=\"og:image\" content=\"https:\/\/interpim.erresse-shop.it\/wp-content\/uploads\/2024\/12\/RIEDEL-Set-da-4-Spritz-Drink.jpg\/riedel-set-da-4-spritz-drink.jpg\" \/>\n\t<meta property=\"og:image:width\" content=\"1024\" \/>\n\t<meta property=\"og:image:height\" content=\"1024\" \/>\n\t<meta property=\"og:image:type\" content=\"image\/jpeg\" \/>\n<meta name=\"twitter:card\" content=\"summary_large_image\" \/>\n<meta name=\"twitter:image\" content=\"https:\/\/interpim.erresse-shop.it\/wp-content\/uploads\/2024\/12\/RIEDEL-Set-da-4-Spritz-Drink.jpg\/riedel-set-da-4-spritz-drink.jpg\" \/>\n<script type=\"application\/ld+json\" class=\"yoast-schema-graph\">{\"@context\":\"https:\/\/schema.org\",\"@graph\":[{\"@type\":\"WebPage\",\"@id\":\"https:\/\/dev6.erresse-shop.it\/fr\/shop\/table-fr-2\/verres\/riedel-set-de-4-spritz-drink\/\",\"url\":\"https:\/\/dev6.erresse-shop.it\/fr\/shop\/table-fr-2\/verres\/riedel-set-de-4-spritz-drink\/\",\"name\":\"RIEDEL Set de 4 Spritz Drink - dev6 Erresse\",\"isPartOf\":{\"@id\":\"https:\/\/dev6.erresse-shop.it\/#website\"},\"primaryImageOfPage\":{\"@id\":\"https:\/\/dev6.erresse-shop.it\/fr\/shop\/table-fr-2\/verres\/riedel-set-de-4-spritz-drink\/#primaryimage\"},\"image\":{\"@id\":\"https:\/\/dev6.erresse-shop.it\/fr\/shop\/table-fr-2\/verres\/riedel-set-de-4-spritz-drink\/#primaryimage\"},\"thumbnailUrl\":\"https:\/\/i0.wp.com\/interpim.erresse-shop.it\/wp-content\/uploads\/2024\/12\/RIEDEL-Set-da-4-Spritz-Drink.jpg\/riedel-set-da-4-spritz-drink.jpg?ssl=1\",\"datePublished\":\"2026-04-04T11:07:56+00:00\",\"description\":\"Le set Spritz Drinks est le choix id\u00e9al pour l\u2019heure de l\u2019ap\u00e9ritif. Sans d\u00e9coration et avec une tige \u00e9l\u00e9gante, ce produit \u00e9l\u00e9gant est id\u00e9al pour toutes\",\"breadcrumb\":{\"@id\":\"https:\/\/dev6.erresse-shop.it\/fr\/shop\/table-fr-2\/verres\/riedel-set-de-4-spritz-drink\/#breadcrumb\"},\"inLanguage\":\"fr-FR\",\"potentialAction\":[{\"@type\":\"ReadAction\",\"target\":[\"https:\/\/dev6.erresse-shop.it\/fr\/shop\/table-fr-2\/verres\/riedel-set-de-4-spritz-drink\/\"]}]},{\"@type\":\"ImageObject\",\"inLanguage\":\"fr-FR\",\"@id\":\"https:\/\/dev6.erresse-shop.it\/fr\/shop\/table-fr-2\/verres\/riedel-set-de-4-spritz-drink\/#primaryimage\",\"url\":\"https:\/\/i0.wp.com\/interpim.erresse-shop.it\/wp-content\/uploads\/2024\/12\/RIEDEL-Set-da-4-Spritz-Drink.jpg\/riedel-set-da-4-spritz-drink.jpg?ssl=1\",\"contentUrl\":\"https:\/\/i0.wp.com\/interpim.erresse-shop.it\/wp-content\/uploads\/2024\/12\/RIEDEL-Set-da-4-Spritz-Drink.jpg\/riedel-set-da-4-spritz-drink.jpg?ssl=1\"},{\"@type\":\"BreadcrumbList\",\"@id\":\"https:\/\/dev6.erresse-shop.it\/fr\/shop\/table-fr-2\/verres\/riedel-set-de-4-spritz-drink\/#breadcrumb\",\"itemListElement\":[{\"@type\":\"ListItem\",\"position\":1,\"name\":\"Home\",\"item\":\"https:\/\/dev6.erresse-shop.it\/\"},{\"@type\":\"ListItem\",\"position\":2,\"name\":\"Boutique\",\"item\":\"https:\/\/dev6.erresse-shop.it\/shop\/\"},{\"@type\":\"ListItem\",\"position\":3,\"name\":\"RIEDEL Set de 4 Spritz Drink\"}]},{\"@type\":\"WebSite\",\"@id\":\"https:\/\/dev6.erresse-shop.it\/#website\",\"url\":\"https:\/\/dev6.erresse-shop.it\/\",\"name\":\"Erresse Shop\",\"description\":\"\",\"publisher\":{\"@id\":\"https:\/\/dev6.erresse-shop.it\/#organization\"},\"potentialAction\":[{\"@type\":\"SearchAction\",\"target\":{\"@type\":\"EntryPoint\",\"urlTemplate\":\"https:\/\/dev6.erresse-shop.it\/?s={search_term_string}\"},\"query-input\":{\"@type\":\"PropertyValueSpecification\",\"valueRequired\":true,\"valueName\":\"search_term_string\"}}],\"inLanguage\":\"fr-FR\"},{\"@type\":\"Organization\",\"@id\":\"https:\/\/dev6.erresse-shop.it\/#organization\",\"name\":\"Erresse Shop\",\"url\":\"https:\/\/dev6.erresse-shop.it\/\",\"logo\":{\"@type\":\"ImageObject\",\"inLanguage\":\"fr-FR\",\"@id\":\"https:\/\/dev6.erresse-shop.it\/#\/schema\/logo\/image\/\",\"url\":\"https:\/\/dev6.erresse-shop.it\/wp-content\/uploads\/2025\/01\/LOGO-ERRESSE-CLASSICO.svg\",\"contentUrl\":\"https:\/\/dev6.erresse-shop.it\/wp-content\/uploads\/2025\/01\/LOGO-ERRESSE-CLASSICO.svg\",\"caption\":\"Erresse Shop\"},\"image\":{\"@id\":\"https:\/\/dev6.erresse-shop.it\/#\/schema\/logo\/image\/\"}}]}<\/script>\n<!-- \/ Yoast SEO plugin. -->","yoast_head_json":{"title":"RIEDEL Set de 4 Spritz Drink - dev6 Erresse","description":"Le set Spritz Drinks est le choix id\u00e9al pour l\u2019heure de l\u2019ap\u00e9ritif. Sans d\u00e9coration et avec une tige \u00e9l\u00e9gante, ce produit \u00e9l\u00e9gant est id\u00e9al pour toutes","robots":{"index":"noindex","follow":"follow","max-snippet":"max-snippet:-1","max-image-preview":"max-image-preview:large","max-video-preview":"max-video-preview:-1"},"og_locale":"fr_FR","og_type":"article","og_title":"RIEDEL Set de 4 Spritz Drink - dev6 Erresse","og_description":"Le set Spritz Drinks est le choix id\u00e9al pour l\u2019heure de l\u2019ap\u00e9ritif. Sans d\u00e9coration et avec une tige \u00e9l\u00e9gante, ce produit \u00e9l\u00e9gant est id\u00e9al pour toutes","og_url":"https:\/\/dev6.erresse-shop.it\/fr\/shop\/table-fr-2\/verres\/riedel-set-de-4-spritz-drink\/","og_site_name":"dev6 Erresse","og_image":[{"url":"https:\/\/interpim.erresse-shop.it\/wp-content\/uploads\/2024\/12\/RIEDEL-Set-da-4-Spritz-Drink.jpg\/riedel-set-da-4-spritz-drink.jpg","type":"","width":"","height":""},{"url":"https:\/\/interpim.erresse-shop.it\/wp-content\/uploads\/2024\/12\/RIEDEL-Set-da-4-Spritz-Drink.jpg\/riedel-set-da-4-spritz-drink.jpg","width":1024,"height":1024,"type":"image\/jpeg"}],"twitter_card":"summary_large_image","twitter_image":"https:\/\/interpim.erresse-shop.it\/wp-content\/uploads\/2024\/12\/RIEDEL-Set-da-4-Spritz-Drink.jpg\/riedel-set-da-4-spritz-drink.jpg","schema":{"@context":"https:\/\/schema.org","@graph":[{"@type":"WebPage","@id":"https:\/\/dev6.erresse-shop.it\/fr\/shop\/table-fr-2\/verres\/riedel-set-de-4-spritz-drink\/","url":"https:\/\/dev6.erresse-shop.it\/fr\/shop\/table-fr-2\/verres\/riedel-set-de-4-spritz-drink\/","name":"RIEDEL Set de 4 Spritz Drink - dev6 Erresse","isPartOf":{"@id":"https:\/\/dev6.erresse-shop.it\/#website"},"primaryImageOfPage":{"@id":"https:\/\/dev6.erresse-shop.it\/fr\/shop\/table-fr-2\/verres\/riedel-set-de-4-spritz-drink\/#primaryimage"},"image":{"@id":"https:\/\/dev6.erresse-shop.it\/fr\/shop\/table-fr-2\/verres\/riedel-set-de-4-spritz-drink\/#primaryimage"},"thumbnailUrl":"https:\/\/i0.wp.com\/interpim.erresse-shop.it\/wp-content\/uploads\/2024\/12\/RIEDEL-Set-da-4-Spritz-Drink.jpg\/riedel-set-da-4-spritz-drink.jpg?ssl=1","datePublished":"2026-04-04T11:07:56+00:00","description":"Le set Spritz Drinks est le choix id\u00e9al pour l\u2019heure de l\u2019ap\u00e9ritif. Sans d\u00e9coration et avec une tige \u00e9l\u00e9gante, ce produit \u00e9l\u00e9gant est id\u00e9al pour toutes","breadcrumb":{"@id":"https:\/\/dev6.erresse-shop.it\/fr\/shop\/table-fr-2\/verres\/riedel-set-de-4-spritz-drink\/#breadcrumb"},"inLanguage":"fr-FR","potentialAction":[{"@type":"ReadAction","target":["https:\/\/dev6.erresse-shop.it\/fr\/shop\/table-fr-2\/verres\/riedel-set-de-4-spritz-drink\/"]}]},{"@type":"ImageObject","inLanguage":"fr-FR","@id":"https:\/\/dev6.erresse-shop.it\/fr\/shop\/table-fr-2\/verres\/riedel-set-de-4-spritz-drink\/#primaryimage","url":"https:\/\/i0.wp.com\/interpim.erresse-shop.it\/wp-content\/uploads\/2024\/12\/RIEDEL-Set-da-4-Spritz-Drink.jpg\/riedel-set-da-4-spritz-drink.jpg?ssl=1","contentUrl":"https:\/\/i0.wp.com\/interpim.erresse-shop.it\/wp-content\/uploads\/2024\/12\/RIEDEL-Set-da-4-Spritz-Drink.jpg\/riedel-set-da-4-spritz-drink.jpg?ssl=1"},{"@type":"BreadcrumbList","@id":"https:\/\/dev6.erresse-shop.it\/fr\/shop\/table-fr-2\/verres\/riedel-set-de-4-spritz-drink\/#breadcrumb","itemListElement":[{"@type":"ListItem","position":1,"name":"Home","item":"https:\/\/dev6.erresse-shop.it\/"},{"@type":"ListItem","position":2,"name":"Boutique","item":"https:\/\/dev6.erresse-shop.it\/shop\/"},{"@type":"ListItem","position":3,"name":"RIEDEL Set de 4 Spritz Drink"}]},{"@type":"WebSite","@id":"https:\/\/dev6.erresse-shop.it\/#website","url":"https:\/\/dev6.erresse-shop.it\/","name":"Erresse Shop","description":"","publisher":{"@id":"https:\/\/dev6.erresse-shop.it\/#organization"},"potentialAction":[{"@type":"SearchAction","target":{"@type":"EntryPoint","urlTemplate":"https:\/\/dev6.erresse-shop.it\/?s={search_term_string}"},"query-input":{"@type":"PropertyValueSpecification","valueRequired":true,"valueName":"search_term_string"}}],"inLanguage":"fr-FR"},{"@type":"Organization","@id":"https:\/\/dev6.erresse-shop.it\/#organization","name":"Erresse Shop","url":"https:\/\/dev6.erresse-shop.it\/","logo":{"@type":"ImageObject","inLanguage":"fr-FR","@id":"https:\/\/dev6.erresse-shop.it\/#\/schema\/logo\/image\/","url":"https:\/\/dev6.erresse-shop.it\/wp-content\/uploads\/2025\/01\/LOGO-ERRESSE-CLASSICO.svg","contentUrl":"https:\/\/dev6.erresse-shop.it\/wp-content\/uploads\/2025\/01\/LOGO-ERRESSE-CLASSICO.svg","caption":"Erresse Shop"},"image":{"@id":"https:\/\/dev6.erresse-shop.it\/#\/schema\/logo\/image\/"}}]}},"df_price":21.5,"df_sale_price":"","df_regular_price":21.5,"df_image_link":"https:\/\/i0.wp.com\/interpim.erresse-shop.it\/wp-content\/uploads\/2024\/12\/RIEDEL-Set-da-4-Spritz-Drink.jpg\/riedel-set-da-4-spritz-drink.jpg?resize=300,300&ssl=1","fifu_image_url":"https:\/\/interpim.erresse-shop.it\/wp-content\/uploads\/2024\/12\/RIEDEL-Set-da-4-Spritz-Drink.jpg\/riedel-set-da-4-spritz-drink.jpg","_links":{"self":[{"href":"https:\/\/dev6.erresse-shop.it\/fr\/wp-json\/wp\/v2\/product\/1609753","targetHints":{"allow":["GET"]}}],"collection":[{"href":"https:\/\/dev6.erresse-shop.it\/fr\/wp-json\/wp\/v2\/product"}],"about":[{"href":"https:\/\/dev6.erresse-shop.it\/fr\/wp-json\/wp\/v2\/types\/product"}],"wp:featuredmedia":[{"embeddable":true,"href":"https:\/\/dev6.erresse-shop.it\/fr\/wp-json\/wp\/v2\/media\/6292887"}],"wp:attachment":[{"href":"https:\/\/dev6.erresse-shop.it\/fr\/wp-json\/wp\/v2\/media?parent=1609753"}],"wp:term":[{"taxonomy":"product_cat","embeddable":true,"href":"https:\/\/dev6.erresse-shop.it\/fr\/wp-json\/wp\/v2\/product_cat?post=1609753"},{"taxonomy":"product_tag","embeddable":true,"href":"https:\/\/dev6.erresse-shop.it\/fr\/wp-json\/wp\/v2\/product_tag?post=1609753"}],"curies":[{"name":"wp","href":"https:\/\/api.w.org\/{rel}","templated":true}]}}