{"id":1609751,"date":"2026-04-04T13:07:56","date_gmt":"2026-04-04T11:07:56","guid":{"rendered":"https:\/\/dev6.erresse-shop.it\/shop\/non%20class\u00e9\/toms-drag-boite-a-mouchoirs\/"},"modified":"2026-01-09T02:13:58","modified_gmt":"2026-01-09T01:13:58","slug":"toms-drag-boite-a-mouchoirs","status":"publish","type":"product","link":"https:\/\/dev6.erresse-shop.it\/fr\/shop\/ameublement-maison\/objets-de-decoration\/toms-drag-boite-a-mouchoirs\/","title":{"rendered":"TOM&#8217;S DRAG Bo\u00eete \u00e0 Mouchoirs"},"content":{"rendered":"<p>Pour tenir les mouchoirs avec style, il y a la bo\u00eete con\u00e7ue par Tom\u2019s Drag, enti\u00e8rement d\u00e9cor\u00e9e \u00e0 la main dans des couleurs vives. L\u2019univers de Tom\u2019s Drag est n\u00e9 d\u2019une n\u00e9cessit\u00e9 : offrir \u00e0 ses proches des objets qu\u2019il a fabriqu\u00e9s pour insuffler de la positivit\u00e9, apr\u00e8s l\u2019attentat contre les tours jumelles en 2001. C\u2019est ainsi que Tom Hoffmann a fond\u00e9 sa marque, aujourd\u2019hui appr\u00e9ci\u00e9e dans le monde entier.<\/p>\n<p>Dimensions : L : 28 cm x H 13 cm x P 20 cm<\/p>\n<p>Poids Kg 1.08<\/p>\n","protected":false},"excerpt":{"rendered":"<p>Pour tenir les mouchoirs avec style, il y a la bo\u00eete con\u00e7ue par Tom\u2019s Drag, enti\u00e8rement d\u00e9cor\u00e9e \u00e0 la main dans des couleurs vives. L\u2019univers de Tom\u2019s Drag est n\u00e9 d\u2019une n\u00e9cessit\u00e9 : offrir \u00e0 ses proches des objets qu\u2019il a fabriqu\u00e9s pour insuffler de la positivit\u00e9, apr\u00e8s l\u2019attentat contre les tours jumelles en 2001. [&hellip;]<\/p>\n","protected":false},"featured_media":6292883,"template":"","meta":{"_acf_changed":false},"product_cat":[11990,12021],"product_tag":[],"class_list":{"0":"post-1609751","1":"product","2":"type-product","3":"status-publish","4":"has-post-thumbnail","6":"product_cat-ameublement-maison","7":"product_cat-objets-de-decoration","9":"first","10":"instock","11":"sale","12":"taxable","13":"shipping-taxable","14":"purchasable","15":"product-type-simple","swatches":"rey-swatches","show_selected":"","stretch_labels":"rey-swatches--stretch-labels"},"acf":[],"yoast_head":"<!-- This site is optimized with the Yoast SEO plugin v25.4 - https:\/\/yoast.com\/wordpress\/plugins\/seo\/ -->\n<title>TOM&#8217;S DRAG Bo\u00eete \u00e0 Mouchoirs - dev6 Erresse<\/title>\n<meta name=\"description\" content=\"Pour tenir les mouchoirs avec style, il y a la bo\u00eete con\u00e7ue par Tom\u2019s Drag, enti\u00e8rement d\u00e9cor\u00e9e \u00e0 la main dans des couleurs vives. L\u2019univers de Tom\u2019s Drag\" \/>\n<meta name=\"robots\" content=\"noindex, follow, max-snippet:-1, max-image-preview:large, max-video-preview:-1\" \/>\n<meta property=\"og:locale\" content=\"fr_FR\" \/>\n<meta property=\"og:type\" content=\"article\" \/>\n<meta property=\"og:title\" content=\"TOM&#8217;S DRAG Bo\u00eete \u00e0 Mouchoirs - dev6 Erresse\" \/>\n<meta property=\"og:description\" content=\"Pour tenir les mouchoirs avec style, il y a la bo\u00eete con\u00e7ue par Tom\u2019s Drag, enti\u00e8rement d\u00e9cor\u00e9e \u00e0 la main dans des couleurs vives. L\u2019univers de Tom\u2019s Drag\" \/>\n<meta property=\"og:url\" content=\"https:\/\/dev6.erresse-shop.it\/fr\/shop\/ameublement-maison\/objets-de-decoration\/toms-drag-boite-a-mouchoirs\/\" \/>\n<meta property=\"og:site_name\" content=\"dev6 Erresse\" \/>\n<meta property=\"og:image\" content=\"https:\/\/interpim.erresse-shop.it\/Import\/Prodotti\/toms-drag-box-porta-fazzoletti.jpg\" \/><meta property=\"og:image\" content=\"https:\/\/interpim.erresse-shop.it\/Import\/Prodotti\/toms-drag-box-porta-fazzoletti.jpg\" \/>\n\t<meta property=\"og:image:width\" content=\"1024\" \/>\n\t<meta property=\"og:image:height\" content=\"1024\" \/>\n\t<meta property=\"og:image:type\" content=\"image\/jpeg\" \/>\n<meta name=\"twitter:card\" content=\"summary_large_image\" \/>\n<meta name=\"twitter:image\" content=\"https:\/\/interpim.erresse-shop.it\/Import\/Prodotti\/toms-drag-box-porta-fazzoletti.jpg\" \/>\n<script type=\"application\/ld+json\" class=\"yoast-schema-graph\">{\"@context\":\"https:\/\/schema.org\",\"@graph\":[{\"@type\":\"WebPage\",\"@id\":\"https:\/\/dev6.erresse-shop.it\/fr\/shop\/ameublement-maison\/objets-de-decoration\/toms-drag-boite-a-mouchoirs\/\",\"url\":\"https:\/\/dev6.erresse-shop.it\/fr\/shop\/ameublement-maison\/objets-de-decoration\/toms-drag-boite-a-mouchoirs\/\",\"name\":\"TOM&#8217;S DRAG Bo\u00eete \u00e0 Mouchoirs - dev6 Erresse\",\"isPartOf\":{\"@id\":\"https:\/\/dev6.erresse-shop.it\/#website\"},\"primaryImageOfPage\":{\"@id\":\"https:\/\/dev6.erresse-shop.it\/fr\/shop\/ameublement-maison\/objets-de-decoration\/toms-drag-boite-a-mouchoirs\/#primaryimage\"},\"image\":{\"@id\":\"https:\/\/dev6.erresse-shop.it\/fr\/shop\/ameublement-maison\/objets-de-decoration\/toms-drag-boite-a-mouchoirs\/#primaryimage\"},\"thumbnailUrl\":\"https:\/\/i1.wp.com\/interpim.erresse-shop.it\/Import\/Prodotti\/toms-drag-box-porta-fazzoletti.jpg?ssl=1\",\"datePublished\":\"2026-04-04T11:07:56+00:00\",\"description\":\"Pour tenir les mouchoirs avec style, il y a la bo\u00eete con\u00e7ue par Tom\u2019s Drag, enti\u00e8rement d\u00e9cor\u00e9e \u00e0 la main dans des couleurs vives. L\u2019univers de Tom\u2019s Drag\",\"breadcrumb\":{\"@id\":\"https:\/\/dev6.erresse-shop.it\/fr\/shop\/ameublement-maison\/objets-de-decoration\/toms-drag-boite-a-mouchoirs\/#breadcrumb\"},\"inLanguage\":\"fr-FR\",\"potentialAction\":[{\"@type\":\"ReadAction\",\"target\":[\"https:\/\/dev6.erresse-shop.it\/fr\/shop\/ameublement-maison\/objets-de-decoration\/toms-drag-boite-a-mouchoirs\/\"]}]},{\"@type\":\"ImageObject\",\"inLanguage\":\"fr-FR\",\"@id\":\"https:\/\/dev6.erresse-shop.it\/fr\/shop\/ameublement-maison\/objets-de-decoration\/toms-drag-boite-a-mouchoirs\/#primaryimage\",\"url\":\"https:\/\/i1.wp.com\/interpim.erresse-shop.it\/Import\/Prodotti\/toms-drag-box-porta-fazzoletti.jpg?ssl=1\",\"contentUrl\":\"https:\/\/i1.wp.com\/interpim.erresse-shop.it\/Import\/Prodotti\/toms-drag-box-porta-fazzoletti.jpg?ssl=1\"},{\"@type\":\"BreadcrumbList\",\"@id\":\"https:\/\/dev6.erresse-shop.it\/fr\/shop\/ameublement-maison\/objets-de-decoration\/toms-drag-boite-a-mouchoirs\/#breadcrumb\",\"itemListElement\":[{\"@type\":\"ListItem\",\"position\":1,\"name\":\"Home\",\"item\":\"https:\/\/dev6.erresse-shop.it\/\"},{\"@type\":\"ListItem\",\"position\":2,\"name\":\"Boutique\",\"item\":\"https:\/\/dev6.erresse-shop.it\/shop\/\"},{\"@type\":\"ListItem\",\"position\":3,\"name\":\"TOM&#8217;S DRAG Bo\u00eete \u00e0 Mouchoirs\"}]},{\"@type\":\"WebSite\",\"@id\":\"https:\/\/dev6.erresse-shop.it\/#website\",\"url\":\"https:\/\/dev6.erresse-shop.it\/\",\"name\":\"Erresse Shop\",\"description\":\"\",\"publisher\":{\"@id\":\"https:\/\/dev6.erresse-shop.it\/#organization\"},\"potentialAction\":[{\"@type\":\"SearchAction\",\"target\":{\"@type\":\"EntryPoint\",\"urlTemplate\":\"https:\/\/dev6.erresse-shop.it\/?s={search_term_string}\"},\"query-input\":{\"@type\":\"PropertyValueSpecification\",\"valueRequired\":true,\"valueName\":\"search_term_string\"}}],\"inLanguage\":\"fr-FR\"},{\"@type\":\"Organization\",\"@id\":\"https:\/\/dev6.erresse-shop.it\/#organization\",\"name\":\"Erresse Shop\",\"url\":\"https:\/\/dev6.erresse-shop.it\/\",\"logo\":{\"@type\":\"ImageObject\",\"inLanguage\":\"fr-FR\",\"@id\":\"https:\/\/dev6.erresse-shop.it\/#\/schema\/logo\/image\/\",\"url\":\"https:\/\/dev6.erresse-shop.it\/wp-content\/uploads\/2025\/01\/LOGO-ERRESSE-CLASSICO.svg\",\"contentUrl\":\"https:\/\/dev6.erresse-shop.it\/wp-content\/uploads\/2025\/01\/LOGO-ERRESSE-CLASSICO.svg\",\"caption\":\"Erresse Shop\"},\"image\":{\"@id\":\"https:\/\/dev6.erresse-shop.it\/#\/schema\/logo\/image\/\"}}]}<\/script>\n<!-- \/ Yoast SEO plugin. -->","yoast_head_json":{"title":"TOM&#8217;S DRAG Bo\u00eete \u00e0 Mouchoirs - dev6 Erresse","description":"Pour tenir les mouchoirs avec style, il y a la bo\u00eete con\u00e7ue par Tom\u2019s Drag, enti\u00e8rement d\u00e9cor\u00e9e \u00e0 la main dans des couleurs vives. L\u2019univers de Tom\u2019s Drag","robots":{"index":"noindex","follow":"follow","max-snippet":"max-snippet:-1","max-image-preview":"max-image-preview:large","max-video-preview":"max-video-preview:-1"},"og_locale":"fr_FR","og_type":"article","og_title":"TOM&#8217;S DRAG Bo\u00eete \u00e0 Mouchoirs - dev6 Erresse","og_description":"Pour tenir les mouchoirs avec style, il y a la bo\u00eete con\u00e7ue par Tom\u2019s Drag, enti\u00e8rement d\u00e9cor\u00e9e \u00e0 la main dans des couleurs vives. L\u2019univers de Tom\u2019s Drag","og_url":"https:\/\/dev6.erresse-shop.it\/fr\/shop\/ameublement-maison\/objets-de-decoration\/toms-drag-boite-a-mouchoirs\/","og_site_name":"dev6 Erresse","og_image":[{"url":"https:\/\/interpim.erresse-shop.it\/Import\/Prodotti\/toms-drag-box-porta-fazzoletti.jpg","type":"","width":"","height":""},{"url":"https:\/\/interpim.erresse-shop.it\/Import\/Prodotti\/toms-drag-box-porta-fazzoletti.jpg","width":1024,"height":1024,"type":"image\/jpeg"}],"twitter_card":"summary_large_image","twitter_image":"https:\/\/interpim.erresse-shop.it\/Import\/Prodotti\/toms-drag-box-porta-fazzoletti.jpg","schema":{"@context":"https:\/\/schema.org","@graph":[{"@type":"WebPage","@id":"https:\/\/dev6.erresse-shop.it\/fr\/shop\/ameublement-maison\/objets-de-decoration\/toms-drag-boite-a-mouchoirs\/","url":"https:\/\/dev6.erresse-shop.it\/fr\/shop\/ameublement-maison\/objets-de-decoration\/toms-drag-boite-a-mouchoirs\/","name":"TOM&#8217;S DRAG Bo\u00eete \u00e0 Mouchoirs - dev6 Erresse","isPartOf":{"@id":"https:\/\/dev6.erresse-shop.it\/#website"},"primaryImageOfPage":{"@id":"https:\/\/dev6.erresse-shop.it\/fr\/shop\/ameublement-maison\/objets-de-decoration\/toms-drag-boite-a-mouchoirs\/#primaryimage"},"image":{"@id":"https:\/\/dev6.erresse-shop.it\/fr\/shop\/ameublement-maison\/objets-de-decoration\/toms-drag-boite-a-mouchoirs\/#primaryimage"},"thumbnailUrl":"https:\/\/i1.wp.com\/interpim.erresse-shop.it\/Import\/Prodotti\/toms-drag-box-porta-fazzoletti.jpg?ssl=1","datePublished":"2026-04-04T11:07:56+00:00","description":"Pour tenir les mouchoirs avec style, il y a la bo\u00eete con\u00e7ue par Tom\u2019s Drag, enti\u00e8rement d\u00e9cor\u00e9e \u00e0 la main dans des couleurs vives. L\u2019univers de Tom\u2019s Drag","breadcrumb":{"@id":"https:\/\/dev6.erresse-shop.it\/fr\/shop\/ameublement-maison\/objets-de-decoration\/toms-drag-boite-a-mouchoirs\/#breadcrumb"},"inLanguage":"fr-FR","potentialAction":[{"@type":"ReadAction","target":["https:\/\/dev6.erresse-shop.it\/fr\/shop\/ameublement-maison\/objets-de-decoration\/toms-drag-boite-a-mouchoirs\/"]}]},{"@type":"ImageObject","inLanguage":"fr-FR","@id":"https:\/\/dev6.erresse-shop.it\/fr\/shop\/ameublement-maison\/objets-de-decoration\/toms-drag-boite-a-mouchoirs\/#primaryimage","url":"https:\/\/i1.wp.com\/interpim.erresse-shop.it\/Import\/Prodotti\/toms-drag-box-porta-fazzoletti.jpg?ssl=1","contentUrl":"https:\/\/i1.wp.com\/interpim.erresse-shop.it\/Import\/Prodotti\/toms-drag-box-porta-fazzoletti.jpg?ssl=1"},{"@type":"BreadcrumbList","@id":"https:\/\/dev6.erresse-shop.it\/fr\/shop\/ameublement-maison\/objets-de-decoration\/toms-drag-boite-a-mouchoirs\/#breadcrumb","itemListElement":[{"@type":"ListItem","position":1,"name":"Home","item":"https:\/\/dev6.erresse-shop.it\/"},{"@type":"ListItem","position":2,"name":"Boutique","item":"https:\/\/dev6.erresse-shop.it\/shop\/"},{"@type":"ListItem","position":3,"name":"TOM&#8217;S DRAG Bo\u00eete \u00e0 Mouchoirs"}]},{"@type":"WebSite","@id":"https:\/\/dev6.erresse-shop.it\/#website","url":"https:\/\/dev6.erresse-shop.it\/","name":"Erresse Shop","description":"","publisher":{"@id":"https:\/\/dev6.erresse-shop.it\/#organization"},"potentialAction":[{"@type":"SearchAction","target":{"@type":"EntryPoint","urlTemplate":"https:\/\/dev6.erresse-shop.it\/?s={search_term_string}"},"query-input":{"@type":"PropertyValueSpecification","valueRequired":true,"valueName":"search_term_string"}}],"inLanguage":"fr-FR"},{"@type":"Organization","@id":"https:\/\/dev6.erresse-shop.it\/#organization","name":"Erresse Shop","url":"https:\/\/dev6.erresse-shop.it\/","logo":{"@type":"ImageObject","inLanguage":"fr-FR","@id":"https:\/\/dev6.erresse-shop.it\/#\/schema\/logo\/image\/","url":"https:\/\/dev6.erresse-shop.it\/wp-content\/uploads\/2025\/01\/LOGO-ERRESSE-CLASSICO.svg","contentUrl":"https:\/\/dev6.erresse-shop.it\/wp-content\/uploads\/2025\/01\/LOGO-ERRESSE-CLASSICO.svg","caption":"Erresse Shop"},"image":{"@id":"https:\/\/dev6.erresse-shop.it\/#\/schema\/logo\/image\/"}}]}},"df_price":159,"df_sale_price":159,"df_regular_price":186,"df_image_link":"https:\/\/i1.wp.com\/interpim.erresse-shop.it\/Import\/Prodotti\/toms-drag-box-porta-fazzoletti.jpg?resize=300,300&ssl=1","fifu_image_url":"https:\/\/interpim.erresse-shop.it\/Import\/Prodotti\/toms-drag-box-porta-fazzoletti.jpg","_links":{"self":[{"href":"https:\/\/dev6.erresse-shop.it\/fr\/wp-json\/wp\/v2\/product\/1609751","targetHints":{"allow":["GET"]}}],"collection":[{"href":"https:\/\/dev6.erresse-shop.it\/fr\/wp-json\/wp\/v2\/product"}],"about":[{"href":"https:\/\/dev6.erresse-shop.it\/fr\/wp-json\/wp\/v2\/types\/product"}],"wp:featuredmedia":[{"embeddable":true,"href":"https:\/\/dev6.erresse-shop.it\/fr\/wp-json\/wp\/v2\/media\/6292883"}],"wp:attachment":[{"href":"https:\/\/dev6.erresse-shop.it\/fr\/wp-json\/wp\/v2\/media?parent=1609751"}],"wp:term":[{"taxonomy":"product_cat","embeddable":true,"href":"https:\/\/dev6.erresse-shop.it\/fr\/wp-json\/wp\/v2\/product_cat?post=1609751"},{"taxonomy":"product_tag","embeddable":true,"href":"https:\/\/dev6.erresse-shop.it\/fr\/wp-json\/wp\/v2\/product_tag?post=1609751"}],"curies":[{"name":"wp","href":"https:\/\/api.w.org\/{rel}","templated":true}]}}