{"id":1609747,"date":"2026-04-12T13:10:25","date_gmt":"2026-04-12T11:10:25","guid":{"rendered":"https:\/\/dev6.erresse-shop.it\/shop\/non%20class\u00e9\/cookvision-mega-nesto-batterie-de-cuisine-14-pieces-noir-2\/"},"modified":"2025-09-14T06:36:55","modified_gmt":"2025-09-14T04:36:55","slug":"cookvision-mega-nesto-batterie-de-cuisine-14-pieces-noir","status":"publish","type":"product","link":"https:\/\/dev6.erresse-shop.it\/fr\/shop\/poeles-pots\/batteries-de-cuisine\/cookvision-mega-nesto-batterie-de-cuisine-14-pieces-noir\/","title":{"rendered":"COOKVISION Mega Nesto Batterie de Cuisine 14 Pi\u00e8ces Noir"},"content":{"rendered":"<p>ESPACE ET ORDRE M\u00caME DANS LA PLUS PETITE CUISINE<\/p>\n<p>Nesto est con\u00e7u de mani\u00e8re \u00e0 ce que toutes les casseroles et po\u00eales puissent \u00eatre empil\u00e9es les unes dans les autres sans augmenter consid\u00e9rablement la hauteur. M\u00eame la plus grande po\u00eale rentre dans la plus petite po\u00eale et les articles de m\u00eame taille ne posent aucun probl\u00e8me. Nesto \u00e9conomise un maximum d\u2019espace dans tous les aspects\u00a0!<\/p>\n<p>SERVIR ET SERVIR<\/p>\n<p>Les ustensiles de cuisine Nesto en acier inoxydable sont si \u00e9l\u00e9gants et de si haute qualit\u00e9<br \/>\ndes qualit\u00e9s que vous pouvez \u00e9galement les utiliser directement pour servir.<\/p>\n<p>Les pots sans poign\u00e9e se transforment en bols \u00e9l\u00e9gants et accrocheurs pour les salades, les l\u00e9gumes et les accompagnements !<\/p>\n<p>CUISINE AU NIVEAU PROFESSIONNEL<\/p>\n<p>Qu\u2019est-ce qui distingue l\u2019\u00e9quipement professionnel des outils de loisirs ? Le mat\u00e9riau et la fabrication : Pour Nesto, nous avons utilis\u00e9 de l\u2019acier inoxydable 18\/10 chrome-nickel extra r\u00e9sistant. Nesto est \u00e9quip\u00e9 d\u2019une base thermique encapsul\u00e9e de 6 mm d\u2019\u00e9paisseur avec un noyau en aluminium. Cela garantit que les sols ne s\u2019affaissent pas m\u00eame en cas de chaleur extr\u00eame et assurent ainsi une r\u00e9partition optimale de la chaleur.<\/p>\n<p>F\u00eate de l\u2019Offensive<\/p>\n<p>Nos casseroles et po\u00eales Nesto en acier inoxydable sont non seulement robustes et faciles \u00e0 nettoyer, mais \u00e9galement polyvalentes. Ils peuvent \u00eatre d\u00e9plac\u00e9s de la cuisini\u00e8re au four d\u2019un simple geste et de l\u00e0 servis directement sur la table.<\/p>\n<p>Gr\u00e2ce \u00e0 la r\u00e9sistance du four il n\u2019y a pas de limites \u00e0 votre cr\u00e9ativit\u00e9 en cuisine : d\u00e9couvrez les diff\u00e9rentes utilisations de la vaisselle en inox Nesto !<\/p>\n<p>Couvercle avec sortie vapeur<\/p>\n<p>Les couvercles Nesto disposent d\u2019une sortie de vapeur lat\u00e9rale et dirigent donc parfaitement la vapeur qui s\u2019\u00e9chappe vers les ventilateurs Downdraft et les hottes aspirantes.<\/p>\n<p>Les odeurs, vapeurs et graisses de cuisine sont \u00e9limin\u00e9es en permanence et la zone de cuisson reste propre !<\/p>\n<p>La batterie de cuisine contient\u00a0:<\/p>\n<p>5 Pots\u00a0:<\/p>\n<p>\u00f8 16 x 8,5 cm, 1,3 l<br \/>\n\u00f8 18 x 10,0 cm, 2,0 l<br \/>\n\u00f8 20 x 11,4 cm, 2,8 l<br \/>\n\u00f8 22 x 12,7 cm, 3,8 l<br \/>\n\u00f8 24 x 14,0 cm, 5,1 l<\/p>\n<p>5 couvercles en verre\u00a0:<\/p>\n<p>\u00f8 16 cm<br \/>\n\u00f8 18 cm<br \/>\n\u00f8 20 cm<br \/>\n\u00f8 22 cm<br \/>\n\u00f8 24 cm<\/p>\n<p>2 longues poign\u00e9es<br \/>\n2 poign\u00e9es en silicone<\/p>\n","protected":false},"excerpt":{"rendered":"<p>ESPACE ET ORDRE M\u00caME DANS LA PLUS PETITE CUISINE Nesto est con\u00e7u de mani\u00e8re \u00e0 ce que toutes les casseroles et po\u00eales puissent \u00eatre empil\u00e9es les unes dans les autres sans augmenter consid\u00e9rablement la hauteur. M\u00eame la plus grande po\u00eale rentre dans la plus petite po\u00eale et les articles de m\u00eame taille ne posent aucun [&hellip;]<\/p>\n","protected":false},"featured_media":6376130,"template":"","meta":{"_acf_changed":false},"product_cat":[12024,11991],"product_tag":[],"class_list":{"0":"post-1609747","1":"product","2":"type-product","3":"status-publish","4":"has-post-thumbnail","6":"product_cat-batteries-de-cuisine","7":"product_cat-poeles-pots","9":"first","10":"instock","11":"sale","12":"taxable","13":"shipping-taxable","14":"purchasable","15":"product-type-simple","swatches":"rey-swatches","show_selected":"","stretch_labels":"rey-swatches--stretch-labels"},"acf":[],"yoast_head":"<!-- This site is optimized with the Yoast SEO plugin v25.4 - https:\/\/yoast.com\/wordpress\/plugins\/seo\/ -->\n<title>COOKVISION Mega Nesto Batterie de Cuisine 14 Pi\u00e8ces Noir - dev6 Erresse<\/title>\n<meta name=\"description\" content=\"ESPACE ET ORDRE M\u00caME DANS LA PLUS PETITE CUISINE Nesto est con\u00e7u de mani\u00e8re \u00e0 ce que toutes les casseroles et po\u00eales puissent \u00eatre empil\u00e9es les unes dans\" \/>\n<meta name=\"robots\" content=\"noindex, follow, max-snippet:-1, max-image-preview:large, max-video-preview:-1\" \/>\n<meta property=\"og:locale\" content=\"fr_FR\" \/>\n<meta property=\"og:type\" content=\"article\" \/>\n<meta property=\"og:title\" content=\"COOKVISION Mega Nesto Batterie de Cuisine 14 Pi\u00e8ces Noir - dev6 Erresse\" \/>\n<meta property=\"og:description\" content=\"ESPACE ET ORDRE M\u00caME DANS LA PLUS PETITE CUISINE Nesto est con\u00e7u de mani\u00e8re \u00e0 ce que toutes les casseroles et po\u00eales puissent \u00eatre empil\u00e9es les unes dans\" \/>\n<meta property=\"og:url\" content=\"https:\/\/dev6.erresse-shop.it\/fr\/shop\/poeles-pots\/batteries-de-cuisine\/cookvision-mega-nesto-batterie-de-cuisine-14-pieces-noir\/\" \/>\n<meta property=\"og:site_name\" content=\"dev6 Erresse\" \/>\n<meta property=\"og:image\" content=\"https:\/\/interpim.erresse-shop.it\/Import\/Prodotti\/cookvision-set-pentole-mega-nesto-14-pezzi-nero.jpg\" \/><meta property=\"og:image\" content=\"https:\/\/interpim.erresse-shop.it\/Import\/Prodotti\/cookvision-set-pentole-mega-nesto-14-pezzi-nero.jpg\" \/>\n\t<meta property=\"og:image:width\" content=\"1024\" \/>\n\t<meta property=\"og:image:height\" content=\"1024\" \/>\n\t<meta property=\"og:image:type\" content=\"image\/jpeg\" \/>\n<meta name=\"twitter:card\" content=\"summary_large_image\" \/>\n<meta name=\"twitter:image\" content=\"https:\/\/interpim.erresse-shop.it\/Import\/Prodotti\/cookvision-set-pentole-mega-nesto-14-pezzi-nero.jpg\" \/>\n<script type=\"application\/ld+json\" class=\"yoast-schema-graph\">{\"@context\":\"https:\/\/schema.org\",\"@graph\":[{\"@type\":\"WebPage\",\"@id\":\"https:\/\/dev6.erresse-shop.it\/fr\/shop\/poeles-pots\/batteries-de-cuisine\/cookvision-mega-nesto-batterie-de-cuisine-14-pieces-noir\/\",\"url\":\"https:\/\/dev6.erresse-shop.it\/fr\/shop\/poeles-pots\/batteries-de-cuisine\/cookvision-mega-nesto-batterie-de-cuisine-14-pieces-noir\/\",\"name\":\"COOKVISION Mega Nesto Batterie de Cuisine 14 Pi\u00e8ces Noir - dev6 Erresse\",\"isPartOf\":{\"@id\":\"https:\/\/dev6.erresse-shop.it\/#website\"},\"primaryImageOfPage\":{\"@id\":\"https:\/\/dev6.erresse-shop.it\/fr\/shop\/poeles-pots\/batteries-de-cuisine\/cookvision-mega-nesto-batterie-de-cuisine-14-pieces-noir\/#primaryimage\"},\"image\":{\"@id\":\"https:\/\/dev6.erresse-shop.it\/fr\/shop\/poeles-pots\/batteries-de-cuisine\/cookvision-mega-nesto-batterie-de-cuisine-14-pieces-noir\/#primaryimage\"},\"thumbnailUrl\":\"https:\/\/i0.wp.com\/interpim.erresse-shop.it\/Import\/Prodotti\/cookvision-set-pentole-mega-nesto-14-pezzi-nero.jpg?ssl=1\",\"datePublished\":\"2026-04-12T11:10:25+00:00\",\"description\":\"ESPACE ET ORDRE M\u00caME DANS LA PLUS PETITE CUISINE Nesto est con\u00e7u de mani\u00e8re \u00e0 ce que toutes les casseroles et po\u00eales puissent \u00eatre empil\u00e9es les unes dans\",\"breadcrumb\":{\"@id\":\"https:\/\/dev6.erresse-shop.it\/fr\/shop\/poeles-pots\/batteries-de-cuisine\/cookvision-mega-nesto-batterie-de-cuisine-14-pieces-noir\/#breadcrumb\"},\"inLanguage\":\"fr-FR\",\"potentialAction\":[{\"@type\":\"ReadAction\",\"target\":[\"https:\/\/dev6.erresse-shop.it\/fr\/shop\/poeles-pots\/batteries-de-cuisine\/cookvision-mega-nesto-batterie-de-cuisine-14-pieces-noir\/\"]}]},{\"@type\":\"ImageObject\",\"inLanguage\":\"fr-FR\",\"@id\":\"https:\/\/dev6.erresse-shop.it\/fr\/shop\/poeles-pots\/batteries-de-cuisine\/cookvision-mega-nesto-batterie-de-cuisine-14-pieces-noir\/#primaryimage\",\"url\":\"https:\/\/i0.wp.com\/interpim.erresse-shop.it\/Import\/Prodotti\/cookvision-set-pentole-mega-nesto-14-pezzi-nero.jpg?ssl=1\",\"contentUrl\":\"https:\/\/i0.wp.com\/interpim.erresse-shop.it\/Import\/Prodotti\/cookvision-set-pentole-mega-nesto-14-pezzi-nero.jpg?ssl=1\"},{\"@type\":\"BreadcrumbList\",\"@id\":\"https:\/\/dev6.erresse-shop.it\/fr\/shop\/poeles-pots\/batteries-de-cuisine\/cookvision-mega-nesto-batterie-de-cuisine-14-pieces-noir\/#breadcrumb\",\"itemListElement\":[{\"@type\":\"ListItem\",\"position\":1,\"name\":\"Home\",\"item\":\"https:\/\/dev6.erresse-shop.it\/\"},{\"@type\":\"ListItem\",\"position\":2,\"name\":\"Boutique\",\"item\":\"https:\/\/dev6.erresse-shop.it\/shop\/\"},{\"@type\":\"ListItem\",\"position\":3,\"name\":\"COOKVISION Mega Nesto Batterie de Cuisine 14 Pi\u00e8ces Noir\"}]},{\"@type\":\"WebSite\",\"@id\":\"https:\/\/dev6.erresse-shop.it\/#website\",\"url\":\"https:\/\/dev6.erresse-shop.it\/\",\"name\":\"Erresse Shop\",\"description\":\"\",\"publisher\":{\"@id\":\"https:\/\/dev6.erresse-shop.it\/#organization\"},\"potentialAction\":[{\"@type\":\"SearchAction\",\"target\":{\"@type\":\"EntryPoint\",\"urlTemplate\":\"https:\/\/dev6.erresse-shop.it\/?s={search_term_string}\"},\"query-input\":{\"@type\":\"PropertyValueSpecification\",\"valueRequired\":true,\"valueName\":\"search_term_string\"}}],\"inLanguage\":\"fr-FR\"},{\"@type\":\"Organization\",\"@id\":\"https:\/\/dev6.erresse-shop.it\/#organization\",\"name\":\"Erresse Shop\",\"url\":\"https:\/\/dev6.erresse-shop.it\/\",\"logo\":{\"@type\":\"ImageObject\",\"inLanguage\":\"fr-FR\",\"@id\":\"https:\/\/dev6.erresse-shop.it\/#\/schema\/logo\/image\/\",\"url\":\"https:\/\/dev6.erresse-shop.it\/wp-content\/uploads\/2025\/01\/LOGO-ERRESSE-CLASSICO.svg\",\"contentUrl\":\"https:\/\/dev6.erresse-shop.it\/wp-content\/uploads\/2025\/01\/LOGO-ERRESSE-CLASSICO.svg\",\"caption\":\"Erresse Shop\"},\"image\":{\"@id\":\"https:\/\/dev6.erresse-shop.it\/#\/schema\/logo\/image\/\"}}]}<\/script>\n<!-- \/ Yoast SEO plugin. -->","yoast_head_json":{"title":"COOKVISION Mega Nesto Batterie de Cuisine 14 Pi\u00e8ces Noir - dev6 Erresse","description":"ESPACE ET ORDRE M\u00caME DANS LA PLUS PETITE CUISINE Nesto est con\u00e7u de mani\u00e8re \u00e0 ce que toutes les casseroles et po\u00eales puissent \u00eatre empil\u00e9es les unes dans","robots":{"index":"noindex","follow":"follow","max-snippet":"max-snippet:-1","max-image-preview":"max-image-preview:large","max-video-preview":"max-video-preview:-1"},"og_locale":"fr_FR","og_type":"article","og_title":"COOKVISION Mega Nesto Batterie de Cuisine 14 Pi\u00e8ces Noir - dev6 Erresse","og_description":"ESPACE ET ORDRE M\u00caME DANS LA PLUS PETITE CUISINE Nesto est con\u00e7u de mani\u00e8re \u00e0 ce que toutes les casseroles et po\u00eales puissent \u00eatre empil\u00e9es les unes dans","og_url":"https:\/\/dev6.erresse-shop.it\/fr\/shop\/poeles-pots\/batteries-de-cuisine\/cookvision-mega-nesto-batterie-de-cuisine-14-pieces-noir\/","og_site_name":"dev6 Erresse","og_image":[{"url":"https:\/\/interpim.erresse-shop.it\/Import\/Prodotti\/cookvision-set-pentole-mega-nesto-14-pezzi-nero.jpg","type":"","width":"","height":""},{"url":"https:\/\/interpim.erresse-shop.it\/Import\/Prodotti\/cookvision-set-pentole-mega-nesto-14-pezzi-nero.jpg","width":1024,"height":1024,"type":"image\/jpeg"}],"twitter_card":"summary_large_image","twitter_image":"https:\/\/interpim.erresse-shop.it\/Import\/Prodotti\/cookvision-set-pentole-mega-nesto-14-pezzi-nero.jpg","schema":{"@context":"https:\/\/schema.org","@graph":[{"@type":"WebPage","@id":"https:\/\/dev6.erresse-shop.it\/fr\/shop\/poeles-pots\/batteries-de-cuisine\/cookvision-mega-nesto-batterie-de-cuisine-14-pieces-noir\/","url":"https:\/\/dev6.erresse-shop.it\/fr\/shop\/poeles-pots\/batteries-de-cuisine\/cookvision-mega-nesto-batterie-de-cuisine-14-pieces-noir\/","name":"COOKVISION Mega Nesto Batterie de Cuisine 14 Pi\u00e8ces Noir - dev6 Erresse","isPartOf":{"@id":"https:\/\/dev6.erresse-shop.it\/#website"},"primaryImageOfPage":{"@id":"https:\/\/dev6.erresse-shop.it\/fr\/shop\/poeles-pots\/batteries-de-cuisine\/cookvision-mega-nesto-batterie-de-cuisine-14-pieces-noir\/#primaryimage"},"image":{"@id":"https:\/\/dev6.erresse-shop.it\/fr\/shop\/poeles-pots\/batteries-de-cuisine\/cookvision-mega-nesto-batterie-de-cuisine-14-pieces-noir\/#primaryimage"},"thumbnailUrl":"https:\/\/i0.wp.com\/interpim.erresse-shop.it\/Import\/Prodotti\/cookvision-set-pentole-mega-nesto-14-pezzi-nero.jpg?ssl=1","datePublished":"2026-04-12T11:10:25+00:00","description":"ESPACE ET ORDRE M\u00caME DANS LA PLUS PETITE CUISINE Nesto est con\u00e7u de mani\u00e8re \u00e0 ce que toutes les casseroles et po\u00eales puissent \u00eatre empil\u00e9es les unes dans","breadcrumb":{"@id":"https:\/\/dev6.erresse-shop.it\/fr\/shop\/poeles-pots\/batteries-de-cuisine\/cookvision-mega-nesto-batterie-de-cuisine-14-pieces-noir\/#breadcrumb"},"inLanguage":"fr-FR","potentialAction":[{"@type":"ReadAction","target":["https:\/\/dev6.erresse-shop.it\/fr\/shop\/poeles-pots\/batteries-de-cuisine\/cookvision-mega-nesto-batterie-de-cuisine-14-pieces-noir\/"]}]},{"@type":"ImageObject","inLanguage":"fr-FR","@id":"https:\/\/dev6.erresse-shop.it\/fr\/shop\/poeles-pots\/batteries-de-cuisine\/cookvision-mega-nesto-batterie-de-cuisine-14-pieces-noir\/#primaryimage","url":"https:\/\/i0.wp.com\/interpim.erresse-shop.it\/Import\/Prodotti\/cookvision-set-pentole-mega-nesto-14-pezzi-nero.jpg?ssl=1","contentUrl":"https:\/\/i0.wp.com\/interpim.erresse-shop.it\/Import\/Prodotti\/cookvision-set-pentole-mega-nesto-14-pezzi-nero.jpg?ssl=1"},{"@type":"BreadcrumbList","@id":"https:\/\/dev6.erresse-shop.it\/fr\/shop\/poeles-pots\/batteries-de-cuisine\/cookvision-mega-nesto-batterie-de-cuisine-14-pieces-noir\/#breadcrumb","itemListElement":[{"@type":"ListItem","position":1,"name":"Home","item":"https:\/\/dev6.erresse-shop.it\/"},{"@type":"ListItem","position":2,"name":"Boutique","item":"https:\/\/dev6.erresse-shop.it\/shop\/"},{"@type":"ListItem","position":3,"name":"COOKVISION Mega Nesto Batterie de Cuisine 14 Pi\u00e8ces Noir"}]},{"@type":"WebSite","@id":"https:\/\/dev6.erresse-shop.it\/#website","url":"https:\/\/dev6.erresse-shop.it\/","name":"Erresse Shop","description":"","publisher":{"@id":"https:\/\/dev6.erresse-shop.it\/#organization"},"potentialAction":[{"@type":"SearchAction","target":{"@type":"EntryPoint","urlTemplate":"https:\/\/dev6.erresse-shop.it\/?s={search_term_string}"},"query-input":{"@type":"PropertyValueSpecification","valueRequired":true,"valueName":"search_term_string"}}],"inLanguage":"fr-FR"},{"@type":"Organization","@id":"https:\/\/dev6.erresse-shop.it\/#organization","name":"Erresse Shop","url":"https:\/\/dev6.erresse-shop.it\/","logo":{"@type":"ImageObject","inLanguage":"fr-FR","@id":"https:\/\/dev6.erresse-shop.it\/#\/schema\/logo\/image\/","url":"https:\/\/dev6.erresse-shop.it\/wp-content\/uploads\/2025\/01\/LOGO-ERRESSE-CLASSICO.svg","contentUrl":"https:\/\/dev6.erresse-shop.it\/wp-content\/uploads\/2025\/01\/LOGO-ERRESSE-CLASSICO.svg","caption":"Erresse Shop"},"image":{"@id":"https:\/\/dev6.erresse-shop.it\/#\/schema\/logo\/image\/"}}]}},"df_price":299.95,"df_sale_price":299.95,"df_regular_price":418,"df_image_link":"https:\/\/i0.wp.com\/interpim.erresse-shop.it\/Import\/Prodotti\/cookvision-set-pentole-mega-nesto-14-pezzi-nero.jpg?resize=300,300&ssl=1","fifu_image_url":"https:\/\/interpim.erresse-shop.it\/Import\/Prodotti\/cookvision-set-pentole-mega-nesto-14-pezzi-nero.jpg","_links":{"self":[{"href":"https:\/\/dev6.erresse-shop.it\/fr\/wp-json\/wp\/v2\/product\/1609747","targetHints":{"allow":["GET"]}}],"collection":[{"href":"https:\/\/dev6.erresse-shop.it\/fr\/wp-json\/wp\/v2\/product"}],"about":[{"href":"https:\/\/dev6.erresse-shop.it\/fr\/wp-json\/wp\/v2\/types\/product"}],"wp:featuredmedia":[{"embeddable":true,"href":"https:\/\/dev6.erresse-shop.it\/fr\/wp-json\/wp\/v2\/media\/6376130"}],"wp:attachment":[{"href":"https:\/\/dev6.erresse-shop.it\/fr\/wp-json\/wp\/v2\/media?parent=1609747"}],"wp:term":[{"taxonomy":"product_cat","embeddable":true,"href":"https:\/\/dev6.erresse-shop.it\/fr\/wp-json\/wp\/v2\/product_cat?post=1609747"},{"taxonomy":"product_tag","embeddable":true,"href":"https:\/\/dev6.erresse-shop.it\/fr\/wp-json\/wp\/v2\/product_tag?post=1609747"}],"curies":[{"name":"wp","href":"https:\/\/api.w.org\/{rel}","templated":true}]}}