{"id":1609745,"date":"2026-04-12T13:10:25","date_gmt":"2026-04-12T11:10:25","guid":{"rendered":"https:\/\/dev6.erresse-shop.it\/shop\/non%20class\u00e9\/cookvision-basic-nesto-batterie-de-cuisine-11-pieces-noir-2\/"},"modified":"2025-09-14T06:36:50","modified_gmt":"2025-09-14T04:36:50","slug":"cookvision-basic-nesto-batterie-de-cuisine-11-pieces-noir","status":"publish","type":"product","link":"https:\/\/dev6.erresse-shop.it\/fr\/shop\/poeles-pots\/batteries-de-cuisine\/cookvision-basic-nesto-batterie-de-cuisine-11-pieces-noir\/","title":{"rendered":"COOKVISION Basic Nesto Batterie de Cuisine 11 Pi\u00e8ces Noir"},"content":{"rendered":"<p>ESPACE ET ORDRE M\u00caME DANS LA PLUS PETITE CUISINE<\/p>\n<p>Nesto est con\u00e7u de telle mani\u00e8re que toutes les casseroles et po\u00eales peuvent \u00eatre empil\u00e9es les unes dans les autres sans augmenter consid\u00e9rablement la hauteur. M\u00eame la plus grande casserole s\u2019int\u00e8gre dans la plus petite po\u00eale et les \u00e9l\u00e9ments de la m\u00eame taille ne posent aucun probl\u00e8me. Nesto \u00e9conomise un maximum d\u2019espace \u00e0 tous \u00e9gards\u00a0!<\/p>\n<p>SERVIR ET SERVIR<\/p>\n<p>Les casseroles en acier inoxydable Nesto sont si \u00e9l\u00e9gantes et d\u2019une telle<br \/>\nhaute qualit\u00e9 que vous pouvez \u00e9galement les utiliser directement pour servir.<\/p>\n<p>Les casseroles sans poign\u00e9es se transforment en bols \u00e9l\u00e9gants qui attirent l\u2019attention dans les bols pour salades, l\u00e9gumes et accompagnements\u00a0!<\/p>\n<p>CUISINE PROFESSIONNELLE<\/p>\n<p>Qu\u2019est-ce qui distingue les \u00e9quipements professionnels des outils de loisirs\u00a0? Le mat\u00e9riau et la finition\u00a0: pour Nesto, nous avons utilis\u00e9 de l\u2019acier inoxydable chrome-nickel 18\/10 extra-r\u00e9sistant. Nesto dispose d\u2019un fond thermique encapsul\u00e9 de 6 mm d\u2019\u00e9paisseur avec un noyau en aluminium. Cela garantit que les fonds ne se d\u00e9forment pas m\u00eame dans des conditions de chaleur extr\u00eame et garantit ainsi une r\u00e9partition optimale de la chaleur.<\/p>\n<p>Une f\u00eate offensive<\/p>\n<p>Nos casseroles et po\u00eales en acier inoxydable Nesto sont non seulement robustes et faciles \u00e0 nettoyer, mais aussi polyvalentes. Elles peuvent \u00eatre d\u00e9plac\u00e9es de la cuisini\u00e8re au four en une seule \u00e9tape et de l\u00e0 servies directement \u00e0 table.<\/p>\n<p>Gr\u00e2ce \u00e0 la r\u00e9sistance du four, votre cr\u00e9ativit\u00e9 en cuisine n\u2019a plus de limites : d\u00e9couvrez les diff\u00e9rentes utilisations des ustensiles de cuisine en acier inoxydable Nesto !<\/p>\n<p>Couvercles avec sortie de vapeur<\/p>\n<p>Les couvercles Nesto disposent d\u2019une sortie de vapeur lat\u00e9rale et dirigent donc parfaitement la vapeur qui s\u2019\u00e9chappe vers les ventilateurs et les hottes aspirantes Downdraft.<\/p>\n<p>Les odeurs de cuisine, la vapeur et la graisse sont \u00e9limin\u00e9es en continu et la zone de cuisson reste propre !<\/p>\n<p>Le set de casseroles contient\u00a0:<\/p>\n<p>3 casseroles\u00a0:<\/p>\n<p>\u00f8 16 x 8,5 cm 1,3 l<br \/>\n\u00f8 20 x 11,4 cm 2,8 l<br \/>\n\u00f8 24 x 14,0 cm 5,1 l<\/p>\n<p>3 couvercles en verre\u00a0:<\/p>\n<p>\u00f8 16 cm<br \/>\n\u00f8 20 cm<br \/>\n\u00f8 24 cm<\/p>\n<p>1 po\u00eale \u00e0 frire avec rev\u00eatement antiadh\u00e9sif \u00f8 24 x 5,0 cm<br \/>\n1 manche long<br \/>\n2 poign\u00e9es en silicone<br \/>\n1 dessous de plat<\/p>\n","protected":false},"excerpt":{"rendered":"<p>ESPACE ET ORDRE M\u00caME DANS LA PLUS PETITE CUISINE Nesto est con\u00e7u de telle mani\u00e8re que toutes les casseroles et po\u00eales peuvent \u00eatre empil\u00e9es les unes dans les autres sans augmenter consid\u00e9rablement la hauteur. M\u00eame la plus grande casserole s\u2019int\u00e8gre dans la plus petite po\u00eale et les \u00e9l\u00e9ments de la m\u00eame taille ne posent aucun [&hellip;]<\/p>\n","protected":false},"featured_media":6376113,"template":"","meta":{"_acf_changed":false},"product_cat":[12024,11991],"product_tag":[],"class_list":{"0":"post-1609745","1":"product","2":"type-product","3":"status-publish","4":"has-post-thumbnail","6":"product_cat-batteries-de-cuisine","7":"product_cat-poeles-pots","9":"first","10":"instock","11":"sale","12":"taxable","13":"shipping-taxable","14":"purchasable","15":"product-type-simple","swatches":"rey-swatches","show_selected":"","stretch_labels":"rey-swatches--stretch-labels"},"acf":[],"yoast_head":"<!-- This site is optimized with the Yoast SEO plugin v25.4 - https:\/\/yoast.com\/wordpress\/plugins\/seo\/ -->\n<title>COOKVISION Basic Nesto Batterie de Cuisine 11 Pi\u00e8ces Noir - dev6 Erresse<\/title>\n<meta name=\"description\" content=\"ESPACE ET ORDRE M\u00caME DANS LA PLUS PETITE CUISINE Nesto est con\u00e7u de telle mani\u00e8re que toutes les casseroles et po\u00eales peuvent \u00eatre empil\u00e9es les unes dans\" \/>\n<meta name=\"robots\" content=\"noindex, follow, max-snippet:-1, max-image-preview:large, max-video-preview:-1\" \/>\n<meta property=\"og:locale\" content=\"fr_FR\" \/>\n<meta property=\"og:type\" content=\"article\" \/>\n<meta property=\"og:title\" content=\"COOKVISION Basic Nesto Batterie de Cuisine 11 Pi\u00e8ces Noir - dev6 Erresse\" \/>\n<meta property=\"og:description\" content=\"ESPACE ET ORDRE M\u00caME DANS LA PLUS PETITE CUISINE Nesto est con\u00e7u de telle mani\u00e8re que toutes les casseroles et po\u00eales peuvent \u00eatre empil\u00e9es les unes dans\" \/>\n<meta property=\"og:url\" content=\"https:\/\/dev6.erresse-shop.it\/fr\/shop\/poeles-pots\/batteries-de-cuisine\/cookvision-basic-nesto-batterie-de-cuisine-11-pieces-noir\/\" \/>\n<meta property=\"og:site_name\" content=\"dev6 Erresse\" \/>\n<meta property=\"og:image\" content=\"https:\/\/interpim.erresse-shop.it\/Import\/Prodotti\/cookvision-set-pentole-smart-nesto-11-pezzi-nero.jpg\" \/><meta property=\"og:image\" content=\"https:\/\/interpim.erresse-shop.it\/Import\/Prodotti\/cookvision-set-pentole-smart-nesto-11-pezzi-nero.jpg\" \/>\n\t<meta property=\"og:image:width\" content=\"1024\" \/>\n\t<meta property=\"og:image:height\" content=\"1024\" \/>\n\t<meta property=\"og:image:type\" content=\"image\/jpeg\" \/>\n<meta name=\"twitter:card\" content=\"summary_large_image\" \/>\n<meta name=\"twitter:image\" content=\"https:\/\/interpim.erresse-shop.it\/Import\/Prodotti\/cookvision-set-pentole-smart-nesto-11-pezzi-nero.jpg\" \/>\n<script type=\"application\/ld+json\" class=\"yoast-schema-graph\">{\"@context\":\"https:\/\/schema.org\",\"@graph\":[{\"@type\":\"WebPage\",\"@id\":\"https:\/\/dev6.erresse-shop.it\/fr\/shop\/poeles-pots\/batteries-de-cuisine\/cookvision-basic-nesto-batterie-de-cuisine-11-pieces-noir\/\",\"url\":\"https:\/\/dev6.erresse-shop.it\/fr\/shop\/poeles-pots\/batteries-de-cuisine\/cookvision-basic-nesto-batterie-de-cuisine-11-pieces-noir\/\",\"name\":\"COOKVISION Basic Nesto Batterie de Cuisine 11 Pi\u00e8ces Noir - dev6 Erresse\",\"isPartOf\":{\"@id\":\"https:\/\/dev6.erresse-shop.it\/#website\"},\"primaryImageOfPage\":{\"@id\":\"https:\/\/dev6.erresse-shop.it\/fr\/shop\/poeles-pots\/batteries-de-cuisine\/cookvision-basic-nesto-batterie-de-cuisine-11-pieces-noir\/#primaryimage\"},\"image\":{\"@id\":\"https:\/\/dev6.erresse-shop.it\/fr\/shop\/poeles-pots\/batteries-de-cuisine\/cookvision-basic-nesto-batterie-de-cuisine-11-pieces-noir\/#primaryimage\"},\"thumbnailUrl\":\"https:\/\/i0.wp.com\/interpim.erresse-shop.it\/Import\/Prodotti\/cookvision-set-pentole-smart-nesto-11-pezzi-nero.jpg?ssl=1\",\"datePublished\":\"2026-04-12T11:10:25+00:00\",\"description\":\"ESPACE ET ORDRE M\u00caME DANS LA PLUS PETITE CUISINE Nesto est con\u00e7u de telle mani\u00e8re que toutes les casseroles et po\u00eales peuvent \u00eatre empil\u00e9es les unes dans\",\"breadcrumb\":{\"@id\":\"https:\/\/dev6.erresse-shop.it\/fr\/shop\/poeles-pots\/batteries-de-cuisine\/cookvision-basic-nesto-batterie-de-cuisine-11-pieces-noir\/#breadcrumb\"},\"inLanguage\":\"fr-FR\",\"potentialAction\":[{\"@type\":\"ReadAction\",\"target\":[\"https:\/\/dev6.erresse-shop.it\/fr\/shop\/poeles-pots\/batteries-de-cuisine\/cookvision-basic-nesto-batterie-de-cuisine-11-pieces-noir\/\"]}]},{\"@type\":\"ImageObject\",\"inLanguage\":\"fr-FR\",\"@id\":\"https:\/\/dev6.erresse-shop.it\/fr\/shop\/poeles-pots\/batteries-de-cuisine\/cookvision-basic-nesto-batterie-de-cuisine-11-pieces-noir\/#primaryimage\",\"url\":\"https:\/\/i0.wp.com\/interpim.erresse-shop.it\/Import\/Prodotti\/cookvision-set-pentole-smart-nesto-11-pezzi-nero.jpg?ssl=1\",\"contentUrl\":\"https:\/\/i0.wp.com\/interpim.erresse-shop.it\/Import\/Prodotti\/cookvision-set-pentole-smart-nesto-11-pezzi-nero.jpg?ssl=1\"},{\"@type\":\"BreadcrumbList\",\"@id\":\"https:\/\/dev6.erresse-shop.it\/fr\/shop\/poeles-pots\/batteries-de-cuisine\/cookvision-basic-nesto-batterie-de-cuisine-11-pieces-noir\/#breadcrumb\",\"itemListElement\":[{\"@type\":\"ListItem\",\"position\":1,\"name\":\"Home\",\"item\":\"https:\/\/dev6.erresse-shop.it\/\"},{\"@type\":\"ListItem\",\"position\":2,\"name\":\"Boutique\",\"item\":\"https:\/\/dev6.erresse-shop.it\/shop\/\"},{\"@type\":\"ListItem\",\"position\":3,\"name\":\"COOKVISION Basic Nesto Batterie de Cuisine 11 Pi\u00e8ces Noir\"}]},{\"@type\":\"WebSite\",\"@id\":\"https:\/\/dev6.erresse-shop.it\/#website\",\"url\":\"https:\/\/dev6.erresse-shop.it\/\",\"name\":\"Erresse Shop\",\"description\":\"\",\"publisher\":{\"@id\":\"https:\/\/dev6.erresse-shop.it\/#organization\"},\"potentialAction\":[{\"@type\":\"SearchAction\",\"target\":{\"@type\":\"EntryPoint\",\"urlTemplate\":\"https:\/\/dev6.erresse-shop.it\/?s={search_term_string}\"},\"query-input\":{\"@type\":\"PropertyValueSpecification\",\"valueRequired\":true,\"valueName\":\"search_term_string\"}}],\"inLanguage\":\"fr-FR\"},{\"@type\":\"Organization\",\"@id\":\"https:\/\/dev6.erresse-shop.it\/#organization\",\"name\":\"Erresse Shop\",\"url\":\"https:\/\/dev6.erresse-shop.it\/\",\"logo\":{\"@type\":\"ImageObject\",\"inLanguage\":\"fr-FR\",\"@id\":\"https:\/\/dev6.erresse-shop.it\/#\/schema\/logo\/image\/\",\"url\":\"https:\/\/dev6.erresse-shop.it\/wp-content\/uploads\/2025\/01\/LOGO-ERRESSE-CLASSICO.svg\",\"contentUrl\":\"https:\/\/dev6.erresse-shop.it\/wp-content\/uploads\/2025\/01\/LOGO-ERRESSE-CLASSICO.svg\",\"caption\":\"Erresse Shop\"},\"image\":{\"@id\":\"https:\/\/dev6.erresse-shop.it\/#\/schema\/logo\/image\/\"}}]}<\/script>\n<!-- \/ Yoast SEO plugin. -->","yoast_head_json":{"title":"COOKVISION Basic Nesto Batterie de Cuisine 11 Pi\u00e8ces Noir - dev6 Erresse","description":"ESPACE ET ORDRE M\u00caME DANS LA PLUS PETITE CUISINE Nesto est con\u00e7u de telle mani\u00e8re que toutes les casseroles et po\u00eales peuvent \u00eatre empil\u00e9es les unes dans","robots":{"index":"noindex","follow":"follow","max-snippet":"max-snippet:-1","max-image-preview":"max-image-preview:large","max-video-preview":"max-video-preview:-1"},"og_locale":"fr_FR","og_type":"article","og_title":"COOKVISION Basic Nesto Batterie de Cuisine 11 Pi\u00e8ces Noir - dev6 Erresse","og_description":"ESPACE ET ORDRE M\u00caME DANS LA PLUS PETITE CUISINE Nesto est con\u00e7u de telle mani\u00e8re que toutes les casseroles et po\u00eales peuvent \u00eatre empil\u00e9es les unes dans","og_url":"https:\/\/dev6.erresse-shop.it\/fr\/shop\/poeles-pots\/batteries-de-cuisine\/cookvision-basic-nesto-batterie-de-cuisine-11-pieces-noir\/","og_site_name":"dev6 Erresse","og_image":[{"url":"https:\/\/interpim.erresse-shop.it\/Import\/Prodotti\/cookvision-set-pentole-smart-nesto-11-pezzi-nero.jpg","type":"","width":"","height":""},{"url":"https:\/\/interpim.erresse-shop.it\/Import\/Prodotti\/cookvision-set-pentole-smart-nesto-11-pezzi-nero.jpg","width":1024,"height":1024,"type":"image\/jpeg"}],"twitter_card":"summary_large_image","twitter_image":"https:\/\/interpim.erresse-shop.it\/Import\/Prodotti\/cookvision-set-pentole-smart-nesto-11-pezzi-nero.jpg","schema":{"@context":"https:\/\/schema.org","@graph":[{"@type":"WebPage","@id":"https:\/\/dev6.erresse-shop.it\/fr\/shop\/poeles-pots\/batteries-de-cuisine\/cookvision-basic-nesto-batterie-de-cuisine-11-pieces-noir\/","url":"https:\/\/dev6.erresse-shop.it\/fr\/shop\/poeles-pots\/batteries-de-cuisine\/cookvision-basic-nesto-batterie-de-cuisine-11-pieces-noir\/","name":"COOKVISION Basic Nesto Batterie de Cuisine 11 Pi\u00e8ces Noir - dev6 Erresse","isPartOf":{"@id":"https:\/\/dev6.erresse-shop.it\/#website"},"primaryImageOfPage":{"@id":"https:\/\/dev6.erresse-shop.it\/fr\/shop\/poeles-pots\/batteries-de-cuisine\/cookvision-basic-nesto-batterie-de-cuisine-11-pieces-noir\/#primaryimage"},"image":{"@id":"https:\/\/dev6.erresse-shop.it\/fr\/shop\/poeles-pots\/batteries-de-cuisine\/cookvision-basic-nesto-batterie-de-cuisine-11-pieces-noir\/#primaryimage"},"thumbnailUrl":"https:\/\/i0.wp.com\/interpim.erresse-shop.it\/Import\/Prodotti\/cookvision-set-pentole-smart-nesto-11-pezzi-nero.jpg?ssl=1","datePublished":"2026-04-12T11:10:25+00:00","description":"ESPACE ET ORDRE M\u00caME DANS LA PLUS PETITE CUISINE Nesto est con\u00e7u de telle mani\u00e8re que toutes les casseroles et po\u00eales peuvent \u00eatre empil\u00e9es les unes dans","breadcrumb":{"@id":"https:\/\/dev6.erresse-shop.it\/fr\/shop\/poeles-pots\/batteries-de-cuisine\/cookvision-basic-nesto-batterie-de-cuisine-11-pieces-noir\/#breadcrumb"},"inLanguage":"fr-FR","potentialAction":[{"@type":"ReadAction","target":["https:\/\/dev6.erresse-shop.it\/fr\/shop\/poeles-pots\/batteries-de-cuisine\/cookvision-basic-nesto-batterie-de-cuisine-11-pieces-noir\/"]}]},{"@type":"ImageObject","inLanguage":"fr-FR","@id":"https:\/\/dev6.erresse-shop.it\/fr\/shop\/poeles-pots\/batteries-de-cuisine\/cookvision-basic-nesto-batterie-de-cuisine-11-pieces-noir\/#primaryimage","url":"https:\/\/i0.wp.com\/interpim.erresse-shop.it\/Import\/Prodotti\/cookvision-set-pentole-smart-nesto-11-pezzi-nero.jpg?ssl=1","contentUrl":"https:\/\/i0.wp.com\/interpim.erresse-shop.it\/Import\/Prodotti\/cookvision-set-pentole-smart-nesto-11-pezzi-nero.jpg?ssl=1"},{"@type":"BreadcrumbList","@id":"https:\/\/dev6.erresse-shop.it\/fr\/shop\/poeles-pots\/batteries-de-cuisine\/cookvision-basic-nesto-batterie-de-cuisine-11-pieces-noir\/#breadcrumb","itemListElement":[{"@type":"ListItem","position":1,"name":"Home","item":"https:\/\/dev6.erresse-shop.it\/"},{"@type":"ListItem","position":2,"name":"Boutique","item":"https:\/\/dev6.erresse-shop.it\/shop\/"},{"@type":"ListItem","position":3,"name":"COOKVISION Basic Nesto Batterie de Cuisine 11 Pi\u00e8ces Noir"}]},{"@type":"WebSite","@id":"https:\/\/dev6.erresse-shop.it\/#website","url":"https:\/\/dev6.erresse-shop.it\/","name":"Erresse Shop","description":"","publisher":{"@id":"https:\/\/dev6.erresse-shop.it\/#organization"},"potentialAction":[{"@type":"SearchAction","target":{"@type":"EntryPoint","urlTemplate":"https:\/\/dev6.erresse-shop.it\/?s={search_term_string}"},"query-input":{"@type":"PropertyValueSpecification","valueRequired":true,"valueName":"search_term_string"}}],"inLanguage":"fr-FR"},{"@type":"Organization","@id":"https:\/\/dev6.erresse-shop.it\/#organization","name":"Erresse Shop","url":"https:\/\/dev6.erresse-shop.it\/","logo":{"@type":"ImageObject","inLanguage":"fr-FR","@id":"https:\/\/dev6.erresse-shop.it\/#\/schema\/logo\/image\/","url":"https:\/\/dev6.erresse-shop.it\/wp-content\/uploads\/2025\/01\/LOGO-ERRESSE-CLASSICO.svg","contentUrl":"https:\/\/dev6.erresse-shop.it\/wp-content\/uploads\/2025\/01\/LOGO-ERRESSE-CLASSICO.svg","caption":"Erresse Shop"},"image":{"@id":"https:\/\/dev6.erresse-shop.it\/#\/schema\/logo\/image\/"}}]}},"df_price":249.95,"df_sale_price":249.95,"df_regular_price":327,"df_image_link":"https:\/\/i0.wp.com\/interpim.erresse-shop.it\/Import\/Prodotti\/cookvision-set-pentole-smart-nesto-11-pezzi-nero.jpg?resize=300,300&ssl=1","fifu_image_url":"https:\/\/interpim.erresse-shop.it\/Import\/Prodotti\/cookvision-set-pentole-smart-nesto-11-pezzi-nero.jpg","_links":{"self":[{"href":"https:\/\/dev6.erresse-shop.it\/fr\/wp-json\/wp\/v2\/product\/1609745","targetHints":{"allow":["GET"]}}],"collection":[{"href":"https:\/\/dev6.erresse-shop.it\/fr\/wp-json\/wp\/v2\/product"}],"about":[{"href":"https:\/\/dev6.erresse-shop.it\/fr\/wp-json\/wp\/v2\/types\/product"}],"wp:featuredmedia":[{"embeddable":true,"href":"https:\/\/dev6.erresse-shop.it\/fr\/wp-json\/wp\/v2\/media\/6376113"}],"wp:attachment":[{"href":"https:\/\/dev6.erresse-shop.it\/fr\/wp-json\/wp\/v2\/media?parent=1609745"}],"wp:term":[{"taxonomy":"product_cat","embeddable":true,"href":"https:\/\/dev6.erresse-shop.it\/fr\/wp-json\/wp\/v2\/product_cat?post=1609745"},{"taxonomy":"product_tag","embeddable":true,"href":"https:\/\/dev6.erresse-shop.it\/fr\/wp-json\/wp\/v2\/product_tag?post=1609745"}],"curies":[{"name":"wp","href":"https:\/\/api.w.org\/{rel}","templated":true}]}}