{"id":1609711,"date":"2026-04-04T13:05:19","date_gmt":"2026-04-04T11:05:19","guid":{"rendered":"https:\/\/dev6.erresse-shop.it\/shop\/non%20class\u00e9\/gastrolux-poele-a-frire-basse-induction-squality-28-cm-rouge\/"},"modified":"2026-01-16T22:16:45","modified_gmt":"2026-01-16T21:16:45","slug":"gastrolux-poele-a-frire-basse-induction-squality-28-cm-rouge","status":"publish","type":"product","link":"https:\/\/dev6.erresse-shop.it\/fr\/shop\/poeles-pots\/gastrolux-poele-a-frire-basse-induction-squality-28-cm-rouge\/","title":{"rendered":"GASTROLUX Po\u00eale \u00e0 Frire Basse Induction Squality 28 cm Rouge"},"content":{"rendered":"<p>La batterie de cuisine antiadh\u00e9sive \u00e0 l\u2019\u00e9preuve des chefs ! Gastrolux est la premi\u00e8re batterie de cuisine produite gr\u00e2ce \u00e0 l\u2019application de la nanotechnologie, d\u00e9j\u00e0 utilis\u00e9e en astrophysique et, depuis peu, en chirurgie. Le tout nouveau syst\u00e8me consiste \u00e0 projeter des microparticules sur la surface \u00e0 traiter \u00e0 deux fois la vitesse du son et \u00e0 des temp\u00e9ratures extr\u00eamement \u00e9lev\u00e9es. Cette technologie mol\u00e9culaire est enrichie par BIOTAN : un traitement de surface antiadh\u00e9sif \u00e0 base de bioorganismes naturels qui garantit une duret\u00e9 extraordinaire et une r\u00e9sistance \u00e9lev\u00e9e \u00e0 l\u2019absorption d\u2019huile, cr\u00e9ant ainsi un syst\u00e8me de cuisson pratique et sain pour une cuisine nutritive et savoureuse. Po\u00eale antiadh\u00e9sive avec fond thermique ind\u00e9formable pour la distribution de la chaleur et l\u2019\u00e9conomie d\u2019\u00e9nergie. Corps en fonte d\u2019aluminium avec bord renforc\u00e9 antichoc et poign\u00e9e suppl\u00e9mentaire confortable. La po\u00eale Squality, dot\u00e9e de notre rev\u00eatement antiadh\u00e9sif unique BIOTAN Plus, chauffe tr\u00e8s rapidement.<\/p>\n<p>Technologie du rev\u00eatement antiadh\u00e9sif BIOTAN de Gastrolux<br \/>\nBase antiadh\u00e9sive de 8 mm d\u2019\u00e9paisseur<br \/>\nDistribution et r\u00e9tention optimales de la chaleur<br \/>\nFixation brevet\u00e9e de la poign\u00e9e selon DIN<br \/>\nBord verseur stable<br \/>\nPoign\u00e9e de soutien<br \/>\nPoign\u00e9es et boutons ergonomiques Peut \u00eatre utilis\u00e9 dans des fours jusqu\u2019\u00e0 500 \u00b0F<br \/>\nChaque produit a un num\u00e9ro de contr\u00f4le de qualit\u00e9 unique<br \/>\nSans PFOA ni PFOS<br \/>\nFacile \u00e0 nettoyer<br \/>\nLavable au lave-vaisselle<\/p>\n","protected":false},"excerpt":{"rendered":"<p>La batterie de cuisine antiadh\u00e9sive \u00e0 l\u2019\u00e9preuve des chefs ! Gastrolux est la premi\u00e8re batterie de cuisine produite gr\u00e2ce \u00e0 l\u2019application de la nanotechnologie, d\u00e9j\u00e0 utilis\u00e9e en astrophysique et, depuis peu, en chirurgie. Le tout nouveau syst\u00e8me consiste \u00e0 projeter des microparticules sur la surface \u00e0 traiter \u00e0 deux fois la vitesse du son et [&hellip;]<\/p>\n","protected":false},"featured_media":6292767,"template":"","meta":{"_acf_changed":false},"product_cat":[11991],"product_tag":[],"class_list":{"0":"post-1609711","1":"product","2":"type-product","3":"status-publish","4":"has-post-thumbnail","6":"product_cat-poeles-pots","8":"first","9":"instock","10":"sale","11":"taxable","12":"shipping-taxable","13":"purchasable","14":"product-type-simple","swatches":"rey-swatches","show_selected":"","stretch_labels":"rey-swatches--stretch-labels"},"acf":[],"yoast_head":"<!-- This site is optimized with the Yoast SEO plugin v25.4 - https:\/\/yoast.com\/wordpress\/plugins\/seo\/ -->\n<title>GASTROLUX Po\u00eale \u00e0 Frire Basse Induction Squality 28 cm Rouge - dev6 Erresse<\/title>\n<meta name=\"description\" content=\"La batterie de cuisine antiadh\u00e9sive \u00e0 l\u2019\u00e9preuve des chefs ! Gastrolux est la premi\u00e8re batterie de cuisine produite gr\u00e2ce \u00e0 l\u2019application de la\" \/>\n<meta name=\"robots\" content=\"noindex, follow, max-snippet:-1, max-image-preview:large, max-video-preview:-1\" \/>\n<meta property=\"og:locale\" content=\"fr_FR\" \/>\n<meta property=\"og:type\" content=\"article\" \/>\n<meta property=\"og:title\" content=\"GASTROLUX Po\u00eale \u00e0 Frire Basse Induction Squality 28 cm Rouge - dev6 Erresse\" \/>\n<meta property=\"og:description\" content=\"La batterie de cuisine antiadh\u00e9sive \u00e0 l\u2019\u00e9preuve des chefs ! Gastrolux est la premi\u00e8re batterie de cuisine produite gr\u00e2ce \u00e0 l\u2019application de la\" \/>\n<meta property=\"og:url\" content=\"https:\/\/dev6.erresse-shop.it\/fr\/shop\/poeles-pots\/gastrolux-poele-a-frire-basse-induction-squality-28-cm-rouge\/\" \/>\n<meta property=\"og:site_name\" content=\"dev6 Erresse\" \/>\n<meta property=\"og:image\" content=\"https:\/\/interpim.erresse-shop.it\/Import\/Prodotti\/gastrolux-squality-padella-bassa-induzione-28-cm-rosso.jpg\" \/><meta property=\"og:image\" content=\"https:\/\/interpim.erresse-shop.it\/Import\/Prodotti\/gastrolux-squality-padella-bassa-induzione-28-cm-rosso.jpg\" \/>\n\t<meta property=\"og:image:width\" content=\"1024\" \/>\n\t<meta property=\"og:image:height\" content=\"1024\" \/>\n\t<meta property=\"og:image:type\" content=\"image\/jpeg\" \/>\n<meta name=\"twitter:card\" content=\"summary_large_image\" \/>\n<meta name=\"twitter:image\" content=\"https:\/\/interpim.erresse-shop.it\/Import\/Prodotti\/gastrolux-squality-padella-bassa-induzione-28-cm-rosso.jpg\" \/>\n<script type=\"application\/ld+json\" class=\"yoast-schema-graph\">{\"@context\":\"https:\/\/schema.org\",\"@graph\":[{\"@type\":\"WebPage\",\"@id\":\"https:\/\/dev6.erresse-shop.it\/fr\/shop\/poeles-pots\/gastrolux-poele-a-frire-basse-induction-squality-28-cm-rouge\/\",\"url\":\"https:\/\/dev6.erresse-shop.it\/fr\/shop\/poeles-pots\/gastrolux-poele-a-frire-basse-induction-squality-28-cm-rouge\/\",\"name\":\"GASTROLUX Po\u00eale \u00e0 Frire Basse Induction Squality 28 cm Rouge - dev6 Erresse\",\"isPartOf\":{\"@id\":\"https:\/\/dev6.erresse-shop.it\/#website\"},\"primaryImageOfPage\":{\"@id\":\"https:\/\/dev6.erresse-shop.it\/fr\/shop\/poeles-pots\/gastrolux-poele-a-frire-basse-induction-squality-28-cm-rouge\/#primaryimage\"},\"image\":{\"@id\":\"https:\/\/dev6.erresse-shop.it\/fr\/shop\/poeles-pots\/gastrolux-poele-a-frire-basse-induction-squality-28-cm-rouge\/#primaryimage\"},\"thumbnailUrl\":\"https:\/\/i3.wp.com\/interpim.erresse-shop.it\/Import\/Prodotti\/gastrolux-squality-padella-bassa-induzione-28-cm-rosso.jpg?ssl=1\",\"datePublished\":\"2026-04-04T11:05:19+00:00\",\"description\":\"La batterie de cuisine antiadh\u00e9sive \u00e0 l\u2019\u00e9preuve des chefs ! Gastrolux est la premi\u00e8re batterie de cuisine produite gr\u00e2ce \u00e0 l\u2019application de la\",\"breadcrumb\":{\"@id\":\"https:\/\/dev6.erresse-shop.it\/fr\/shop\/poeles-pots\/gastrolux-poele-a-frire-basse-induction-squality-28-cm-rouge\/#breadcrumb\"},\"inLanguage\":\"fr-FR\",\"potentialAction\":[{\"@type\":\"ReadAction\",\"target\":[\"https:\/\/dev6.erresse-shop.it\/fr\/shop\/poeles-pots\/gastrolux-poele-a-frire-basse-induction-squality-28-cm-rouge\/\"]}]},{\"@type\":\"ImageObject\",\"inLanguage\":\"fr-FR\",\"@id\":\"https:\/\/dev6.erresse-shop.it\/fr\/shop\/poeles-pots\/gastrolux-poele-a-frire-basse-induction-squality-28-cm-rouge\/#primaryimage\",\"url\":\"https:\/\/i3.wp.com\/interpim.erresse-shop.it\/Import\/Prodotti\/gastrolux-squality-padella-bassa-induzione-28-cm-rosso.jpg?ssl=1\",\"contentUrl\":\"https:\/\/i3.wp.com\/interpim.erresse-shop.it\/Import\/Prodotti\/gastrolux-squality-padella-bassa-induzione-28-cm-rosso.jpg?ssl=1\"},{\"@type\":\"BreadcrumbList\",\"@id\":\"https:\/\/dev6.erresse-shop.it\/fr\/shop\/poeles-pots\/gastrolux-poele-a-frire-basse-induction-squality-28-cm-rouge\/#breadcrumb\",\"itemListElement\":[{\"@type\":\"ListItem\",\"position\":1,\"name\":\"Home\",\"item\":\"https:\/\/dev6.erresse-shop.it\/\"},{\"@type\":\"ListItem\",\"position\":2,\"name\":\"Boutique\",\"item\":\"https:\/\/dev6.erresse-shop.it\/shop\/\"},{\"@type\":\"ListItem\",\"position\":3,\"name\":\"GASTROLUX Po\u00eale \u00e0 Frire Basse Induction Squality 28 cm Rouge\"}]},{\"@type\":\"WebSite\",\"@id\":\"https:\/\/dev6.erresse-shop.it\/#website\",\"url\":\"https:\/\/dev6.erresse-shop.it\/\",\"name\":\"Erresse Shop\",\"description\":\"\",\"publisher\":{\"@id\":\"https:\/\/dev6.erresse-shop.it\/#organization\"},\"potentialAction\":[{\"@type\":\"SearchAction\",\"target\":{\"@type\":\"EntryPoint\",\"urlTemplate\":\"https:\/\/dev6.erresse-shop.it\/?s={search_term_string}\"},\"query-input\":{\"@type\":\"PropertyValueSpecification\",\"valueRequired\":true,\"valueName\":\"search_term_string\"}}],\"inLanguage\":\"fr-FR\"},{\"@type\":\"Organization\",\"@id\":\"https:\/\/dev6.erresse-shop.it\/#organization\",\"name\":\"Erresse Shop\",\"url\":\"https:\/\/dev6.erresse-shop.it\/\",\"logo\":{\"@type\":\"ImageObject\",\"inLanguage\":\"fr-FR\",\"@id\":\"https:\/\/dev6.erresse-shop.it\/#\/schema\/logo\/image\/\",\"url\":\"https:\/\/dev6.erresse-shop.it\/wp-content\/uploads\/2025\/01\/LOGO-ERRESSE-CLASSICO.svg\",\"contentUrl\":\"https:\/\/dev6.erresse-shop.it\/wp-content\/uploads\/2025\/01\/LOGO-ERRESSE-CLASSICO.svg\",\"caption\":\"Erresse Shop\"},\"image\":{\"@id\":\"https:\/\/dev6.erresse-shop.it\/#\/schema\/logo\/image\/\"}}]}<\/script>\n<!-- \/ Yoast SEO plugin. -->","yoast_head_json":{"title":"GASTROLUX Po\u00eale \u00e0 Frire Basse Induction Squality 28 cm Rouge - dev6 Erresse","description":"La batterie de cuisine antiadh\u00e9sive \u00e0 l\u2019\u00e9preuve des chefs ! Gastrolux est la premi\u00e8re batterie de cuisine produite gr\u00e2ce \u00e0 l\u2019application de la","robots":{"index":"noindex","follow":"follow","max-snippet":"max-snippet:-1","max-image-preview":"max-image-preview:large","max-video-preview":"max-video-preview:-1"},"og_locale":"fr_FR","og_type":"article","og_title":"GASTROLUX Po\u00eale \u00e0 Frire Basse Induction Squality 28 cm Rouge - dev6 Erresse","og_description":"La batterie de cuisine antiadh\u00e9sive \u00e0 l\u2019\u00e9preuve des chefs ! Gastrolux est la premi\u00e8re batterie de cuisine produite gr\u00e2ce \u00e0 l\u2019application de la","og_url":"https:\/\/dev6.erresse-shop.it\/fr\/shop\/poeles-pots\/gastrolux-poele-a-frire-basse-induction-squality-28-cm-rouge\/","og_site_name":"dev6 Erresse","og_image":[{"url":"https:\/\/interpim.erresse-shop.it\/Import\/Prodotti\/gastrolux-squality-padella-bassa-induzione-28-cm-rosso.jpg","type":"","width":"","height":""},{"url":"https:\/\/interpim.erresse-shop.it\/Import\/Prodotti\/gastrolux-squality-padella-bassa-induzione-28-cm-rosso.jpg","width":1024,"height":1024,"type":"image\/jpeg"}],"twitter_card":"summary_large_image","twitter_image":"https:\/\/interpim.erresse-shop.it\/Import\/Prodotti\/gastrolux-squality-padella-bassa-induzione-28-cm-rosso.jpg","schema":{"@context":"https:\/\/schema.org","@graph":[{"@type":"WebPage","@id":"https:\/\/dev6.erresse-shop.it\/fr\/shop\/poeles-pots\/gastrolux-poele-a-frire-basse-induction-squality-28-cm-rouge\/","url":"https:\/\/dev6.erresse-shop.it\/fr\/shop\/poeles-pots\/gastrolux-poele-a-frire-basse-induction-squality-28-cm-rouge\/","name":"GASTROLUX Po\u00eale \u00e0 Frire Basse Induction Squality 28 cm Rouge - dev6 Erresse","isPartOf":{"@id":"https:\/\/dev6.erresse-shop.it\/#website"},"primaryImageOfPage":{"@id":"https:\/\/dev6.erresse-shop.it\/fr\/shop\/poeles-pots\/gastrolux-poele-a-frire-basse-induction-squality-28-cm-rouge\/#primaryimage"},"image":{"@id":"https:\/\/dev6.erresse-shop.it\/fr\/shop\/poeles-pots\/gastrolux-poele-a-frire-basse-induction-squality-28-cm-rouge\/#primaryimage"},"thumbnailUrl":"https:\/\/i3.wp.com\/interpim.erresse-shop.it\/Import\/Prodotti\/gastrolux-squality-padella-bassa-induzione-28-cm-rosso.jpg?ssl=1","datePublished":"2026-04-04T11:05:19+00:00","description":"La batterie de cuisine antiadh\u00e9sive \u00e0 l\u2019\u00e9preuve des chefs ! Gastrolux est la premi\u00e8re batterie de cuisine produite gr\u00e2ce \u00e0 l\u2019application de la","breadcrumb":{"@id":"https:\/\/dev6.erresse-shop.it\/fr\/shop\/poeles-pots\/gastrolux-poele-a-frire-basse-induction-squality-28-cm-rouge\/#breadcrumb"},"inLanguage":"fr-FR","potentialAction":[{"@type":"ReadAction","target":["https:\/\/dev6.erresse-shop.it\/fr\/shop\/poeles-pots\/gastrolux-poele-a-frire-basse-induction-squality-28-cm-rouge\/"]}]},{"@type":"ImageObject","inLanguage":"fr-FR","@id":"https:\/\/dev6.erresse-shop.it\/fr\/shop\/poeles-pots\/gastrolux-poele-a-frire-basse-induction-squality-28-cm-rouge\/#primaryimage","url":"https:\/\/i3.wp.com\/interpim.erresse-shop.it\/Import\/Prodotti\/gastrolux-squality-padella-bassa-induzione-28-cm-rosso.jpg?ssl=1","contentUrl":"https:\/\/i3.wp.com\/interpim.erresse-shop.it\/Import\/Prodotti\/gastrolux-squality-padella-bassa-induzione-28-cm-rosso.jpg?ssl=1"},{"@type":"BreadcrumbList","@id":"https:\/\/dev6.erresse-shop.it\/fr\/shop\/poeles-pots\/gastrolux-poele-a-frire-basse-induction-squality-28-cm-rouge\/#breadcrumb","itemListElement":[{"@type":"ListItem","position":1,"name":"Home","item":"https:\/\/dev6.erresse-shop.it\/"},{"@type":"ListItem","position":2,"name":"Boutique","item":"https:\/\/dev6.erresse-shop.it\/shop\/"},{"@type":"ListItem","position":3,"name":"GASTROLUX Po\u00eale \u00e0 Frire Basse Induction Squality 28 cm Rouge"}]},{"@type":"WebSite","@id":"https:\/\/dev6.erresse-shop.it\/#website","url":"https:\/\/dev6.erresse-shop.it\/","name":"Erresse Shop","description":"","publisher":{"@id":"https:\/\/dev6.erresse-shop.it\/#organization"},"potentialAction":[{"@type":"SearchAction","target":{"@type":"EntryPoint","urlTemplate":"https:\/\/dev6.erresse-shop.it\/?s={search_term_string}"},"query-input":{"@type":"PropertyValueSpecification","valueRequired":true,"valueName":"search_term_string"}}],"inLanguage":"fr-FR"},{"@type":"Organization","@id":"https:\/\/dev6.erresse-shop.it\/#organization","name":"Erresse Shop","url":"https:\/\/dev6.erresse-shop.it\/","logo":{"@type":"ImageObject","inLanguage":"fr-FR","@id":"https:\/\/dev6.erresse-shop.it\/#\/schema\/logo\/image\/","url":"https:\/\/dev6.erresse-shop.it\/wp-content\/uploads\/2025\/01\/LOGO-ERRESSE-CLASSICO.svg","contentUrl":"https:\/\/dev6.erresse-shop.it\/wp-content\/uploads\/2025\/01\/LOGO-ERRESSE-CLASSICO.svg","caption":"Erresse Shop"},"image":{"@id":"https:\/\/dev6.erresse-shop.it\/#\/schema\/logo\/image\/"}}]}},"df_price":109.95,"df_sale_price":109.95,"df_regular_price":164,"df_image_link":"https:\/\/i3.wp.com\/interpim.erresse-shop.it\/Import\/Prodotti\/gastrolux-squality-padella-bassa-induzione-28-cm-rosso.jpg?resize=300,300&ssl=1","fifu_image_url":"https:\/\/interpim.erresse-shop.it\/Import\/Prodotti\/gastrolux-squality-padella-bassa-induzione-28-cm-rosso.jpg","_links":{"self":[{"href":"https:\/\/dev6.erresse-shop.it\/fr\/wp-json\/wp\/v2\/product\/1609711","targetHints":{"allow":["GET"]}}],"collection":[{"href":"https:\/\/dev6.erresse-shop.it\/fr\/wp-json\/wp\/v2\/product"}],"about":[{"href":"https:\/\/dev6.erresse-shop.it\/fr\/wp-json\/wp\/v2\/types\/product"}],"wp:featuredmedia":[{"embeddable":true,"href":"https:\/\/dev6.erresse-shop.it\/fr\/wp-json\/wp\/v2\/media\/6292767"}],"wp:attachment":[{"href":"https:\/\/dev6.erresse-shop.it\/fr\/wp-json\/wp\/v2\/media?parent=1609711"}],"wp:term":[{"taxonomy":"product_cat","embeddable":true,"href":"https:\/\/dev6.erresse-shop.it\/fr\/wp-json\/wp\/v2\/product_cat?post=1609711"},{"taxonomy":"product_tag","embeddable":true,"href":"https:\/\/dev6.erresse-shop.it\/fr\/wp-json\/wp\/v2\/product_tag?post=1609711"}],"curies":[{"name":"wp","href":"https:\/\/api.w.org\/{rel}","templated":true}]}}