{"id":1609709,"date":"2026-04-04T13:05:19","date_gmt":"2026-04-04T11:05:19","guid":{"rendered":"https:\/\/dev6.erresse-shop.it\/shop\/non%20class\u00e9\/wd-lifestyle-becher-en-verre-lane-2\/"},"modified":"2025-09-14T06:35:32","modified_gmt":"2025-09-14T04:35:32","slug":"wd-lifestyle-becher-en-verre-lane","status":"publish","type":"product","link":"https:\/\/dev6.erresse-shop.it\/fr\/shop\/table-fr-2\/verres\/wd-lifestyle-becher-en-verre-lane\/","title":{"rendered":"WD LIFESTYLE B\u00e9cher en verre L&#8217;\u00e2ne"},"content":{"rendered":"<p>Chaque sujet est fabriqu\u00e9 \u00e0 la main en verre souffl\u00e9 borosilicate faisant de chaque verre une pi\u00e8ce unique.<\/p>\n<p>Choisissez votre humeur \u00e0 boire et exp\u00e9rimentez les diff\u00e9rentes combinaisons en obtenant une table joyeuse et raffin\u00e9e.<\/p>\n<p>Capacit\u00e9\u00a0: 250 ml<br \/>\nTaille\u00a0: 8 x 8 cm<\/p>\n","protected":false},"excerpt":{"rendered":"<p>Chaque sujet est fabriqu\u00e9 \u00e0 la main en verre souffl\u00e9 borosilicate faisant de chaque verre une pi\u00e8ce unique. Choisissez votre humeur \u00e0 boire et exp\u00e9rimentez les diff\u00e9rentes combinaisons en obtenant une table joyeuse et raffin\u00e9e. Capacit\u00e9\u00a0: 250 ml Taille\u00a0: 8 x 8 cm<\/p>\n","protected":false},"featured_media":6292764,"template":"","meta":{"_acf_changed":false},"product_cat":[11995,12009],"product_tag":[],"class_list":{"0":"post-1609709","1":"product","2":"type-product","3":"status-publish","4":"has-post-thumbnail","6":"product_cat-table-fr-2","7":"product_cat-verres","9":"first","10":"instock","11":"taxable","12":"shipping-taxable","13":"purchasable","14":"product-type-simple","swatches":"rey-swatches","show_selected":"","stretch_labels":"rey-swatches--stretch-labels"},"acf":[],"yoast_head":"<!-- This site is optimized with the Yoast SEO plugin v25.4 - https:\/\/yoast.com\/wordpress\/plugins\/seo\/ -->\n<title>WD LIFESTYLE B\u00e9cher en verre L&#8217;\u00e2ne - dev6 Erresse<\/title>\n<meta name=\"description\" content=\"Chaque sujet est fabriqu\u00e9 \u00e0 la main en verre souffl\u00e9 borosilicate faisant de chaque verre une pi\u00e8ce unique. Choisissez votre humeur \u00e0 boire et\" \/>\n<meta name=\"robots\" content=\"noindex, follow, max-snippet:-1, max-image-preview:large, max-video-preview:-1\" \/>\n<meta property=\"og:locale\" content=\"fr_FR\" \/>\n<meta property=\"og:type\" content=\"article\" \/>\n<meta property=\"og:title\" content=\"WD LIFESTYLE B\u00e9cher en verre L&#8217;\u00e2ne - dev6 Erresse\" \/>\n<meta property=\"og:description\" content=\"Chaque sujet est fabriqu\u00e9 \u00e0 la main en verre souffl\u00e9 borosilicate faisant de chaque verre une pi\u00e8ce unique. Choisissez votre humeur \u00e0 boire et\" \/>\n<meta property=\"og:url\" content=\"https:\/\/dev6.erresse-shop.it\/fr\/shop\/table-fr-2\/verres\/wd-lifestyle-becher-en-verre-lane\/\" \/>\n<meta property=\"og:site_name\" content=\"dev6 Erresse\" \/>\n<meta property=\"og:image\" content=\"https:\/\/interpim.erresse-shop.it\/img-catalogo\/wd-lifestyle\/wd-lifestyle-bicchiere-in-vetro-asino.jpg\" \/><meta property=\"og:image\" content=\"https:\/\/interpim.erresse-shop.it\/img-catalogo\/wd-lifestyle\/wd-lifestyle-bicchiere-in-vetro-asino.jpg\" \/>\n\t<meta property=\"og:image:width\" content=\"1024\" \/>\n\t<meta property=\"og:image:height\" content=\"1024\" \/>\n\t<meta property=\"og:image:type\" content=\"image\/jpeg\" \/>\n<meta name=\"twitter:card\" content=\"summary_large_image\" \/>\n<meta name=\"twitter:image\" content=\"https:\/\/interpim.erresse-shop.it\/img-catalogo\/wd-lifestyle\/wd-lifestyle-bicchiere-in-vetro-asino.jpg\" \/>\n<script type=\"application\/ld+json\" class=\"yoast-schema-graph\">{\"@context\":\"https:\/\/schema.org\",\"@graph\":[{\"@type\":\"WebPage\",\"@id\":\"https:\/\/dev6.erresse-shop.it\/fr\/shop\/table-fr-2\/verres\/wd-lifestyle-becher-en-verre-lane\/\",\"url\":\"https:\/\/dev6.erresse-shop.it\/fr\/shop\/table-fr-2\/verres\/wd-lifestyle-becher-en-verre-lane\/\",\"name\":\"WD LIFESTYLE B\u00e9cher en verre L&#8217;\u00e2ne - dev6 Erresse\",\"isPartOf\":{\"@id\":\"https:\/\/dev6.erresse-shop.it\/#website\"},\"primaryImageOfPage\":{\"@id\":\"https:\/\/dev6.erresse-shop.it\/fr\/shop\/table-fr-2\/verres\/wd-lifestyle-becher-en-verre-lane\/#primaryimage\"},\"image\":{\"@id\":\"https:\/\/dev6.erresse-shop.it\/fr\/shop\/table-fr-2\/verres\/wd-lifestyle-becher-en-verre-lane\/#primaryimage\"},\"thumbnailUrl\":\"https:\/\/i1.wp.com\/interpim.erresse-shop.it\/img-catalogo\/wd-lifestyle\/wd-lifestyle-bicchiere-in-vetro-asino.jpg?ssl=1\",\"datePublished\":\"2026-04-04T11:05:19+00:00\",\"description\":\"Chaque sujet est fabriqu\u00e9 \u00e0 la main en verre souffl\u00e9 borosilicate faisant de chaque verre une pi\u00e8ce unique. Choisissez votre humeur \u00e0 boire et\",\"breadcrumb\":{\"@id\":\"https:\/\/dev6.erresse-shop.it\/fr\/shop\/table-fr-2\/verres\/wd-lifestyle-becher-en-verre-lane\/#breadcrumb\"},\"inLanguage\":\"fr-FR\",\"potentialAction\":[{\"@type\":\"ReadAction\",\"target\":[\"https:\/\/dev6.erresse-shop.it\/fr\/shop\/table-fr-2\/verres\/wd-lifestyle-becher-en-verre-lane\/\"]}]},{\"@type\":\"ImageObject\",\"inLanguage\":\"fr-FR\",\"@id\":\"https:\/\/dev6.erresse-shop.it\/fr\/shop\/table-fr-2\/verres\/wd-lifestyle-becher-en-verre-lane\/#primaryimage\",\"url\":\"https:\/\/i1.wp.com\/interpim.erresse-shop.it\/img-catalogo\/wd-lifestyle\/wd-lifestyle-bicchiere-in-vetro-asino.jpg?ssl=1\",\"contentUrl\":\"https:\/\/i1.wp.com\/interpim.erresse-shop.it\/img-catalogo\/wd-lifestyle\/wd-lifestyle-bicchiere-in-vetro-asino.jpg?ssl=1\"},{\"@type\":\"BreadcrumbList\",\"@id\":\"https:\/\/dev6.erresse-shop.it\/fr\/shop\/table-fr-2\/verres\/wd-lifestyle-becher-en-verre-lane\/#breadcrumb\",\"itemListElement\":[{\"@type\":\"ListItem\",\"position\":1,\"name\":\"Home\",\"item\":\"https:\/\/dev6.erresse-shop.it\/\"},{\"@type\":\"ListItem\",\"position\":2,\"name\":\"Boutique\",\"item\":\"https:\/\/dev6.erresse-shop.it\/shop\/\"},{\"@type\":\"ListItem\",\"position\":3,\"name\":\"WD LIFESTYLE B\u00e9cher en verre L&#8217;\u00e2ne\"}]},{\"@type\":\"WebSite\",\"@id\":\"https:\/\/dev6.erresse-shop.it\/#website\",\"url\":\"https:\/\/dev6.erresse-shop.it\/\",\"name\":\"Erresse Shop\",\"description\":\"\",\"publisher\":{\"@id\":\"https:\/\/dev6.erresse-shop.it\/#organization\"},\"potentialAction\":[{\"@type\":\"SearchAction\",\"target\":{\"@type\":\"EntryPoint\",\"urlTemplate\":\"https:\/\/dev6.erresse-shop.it\/?s={search_term_string}\"},\"query-input\":{\"@type\":\"PropertyValueSpecification\",\"valueRequired\":true,\"valueName\":\"search_term_string\"}}],\"inLanguage\":\"fr-FR\"},{\"@type\":\"Organization\",\"@id\":\"https:\/\/dev6.erresse-shop.it\/#organization\",\"name\":\"Erresse Shop\",\"url\":\"https:\/\/dev6.erresse-shop.it\/\",\"logo\":{\"@type\":\"ImageObject\",\"inLanguage\":\"fr-FR\",\"@id\":\"https:\/\/dev6.erresse-shop.it\/#\/schema\/logo\/image\/\",\"url\":\"https:\/\/dev6.erresse-shop.it\/wp-content\/uploads\/2025\/01\/LOGO-ERRESSE-CLASSICO.svg\",\"contentUrl\":\"https:\/\/dev6.erresse-shop.it\/wp-content\/uploads\/2025\/01\/LOGO-ERRESSE-CLASSICO.svg\",\"caption\":\"Erresse Shop\"},\"image\":{\"@id\":\"https:\/\/dev6.erresse-shop.it\/#\/schema\/logo\/image\/\"}}]}<\/script>\n<!-- \/ Yoast SEO plugin. -->","yoast_head_json":{"title":"WD LIFESTYLE B\u00e9cher en verre L&#8217;\u00e2ne - dev6 Erresse","description":"Chaque sujet est fabriqu\u00e9 \u00e0 la main en verre souffl\u00e9 borosilicate faisant de chaque verre une pi\u00e8ce unique. Choisissez votre humeur \u00e0 boire et","robots":{"index":"noindex","follow":"follow","max-snippet":"max-snippet:-1","max-image-preview":"max-image-preview:large","max-video-preview":"max-video-preview:-1"},"og_locale":"fr_FR","og_type":"article","og_title":"WD LIFESTYLE B\u00e9cher en verre L&#8217;\u00e2ne - dev6 Erresse","og_description":"Chaque sujet est fabriqu\u00e9 \u00e0 la main en verre souffl\u00e9 borosilicate faisant de chaque verre une pi\u00e8ce unique. Choisissez votre humeur \u00e0 boire et","og_url":"https:\/\/dev6.erresse-shop.it\/fr\/shop\/table-fr-2\/verres\/wd-lifestyle-becher-en-verre-lane\/","og_site_name":"dev6 Erresse","og_image":[{"url":"https:\/\/interpim.erresse-shop.it\/img-catalogo\/wd-lifestyle\/wd-lifestyle-bicchiere-in-vetro-asino.jpg","type":"","width":"","height":""},{"url":"https:\/\/interpim.erresse-shop.it\/img-catalogo\/wd-lifestyle\/wd-lifestyle-bicchiere-in-vetro-asino.jpg","width":1024,"height":1024,"type":"image\/jpeg"}],"twitter_card":"summary_large_image","twitter_image":"https:\/\/interpim.erresse-shop.it\/img-catalogo\/wd-lifestyle\/wd-lifestyle-bicchiere-in-vetro-asino.jpg","schema":{"@context":"https:\/\/schema.org","@graph":[{"@type":"WebPage","@id":"https:\/\/dev6.erresse-shop.it\/fr\/shop\/table-fr-2\/verres\/wd-lifestyle-becher-en-verre-lane\/","url":"https:\/\/dev6.erresse-shop.it\/fr\/shop\/table-fr-2\/verres\/wd-lifestyle-becher-en-verre-lane\/","name":"WD LIFESTYLE B\u00e9cher en verre L&#8217;\u00e2ne - dev6 Erresse","isPartOf":{"@id":"https:\/\/dev6.erresse-shop.it\/#website"},"primaryImageOfPage":{"@id":"https:\/\/dev6.erresse-shop.it\/fr\/shop\/table-fr-2\/verres\/wd-lifestyle-becher-en-verre-lane\/#primaryimage"},"image":{"@id":"https:\/\/dev6.erresse-shop.it\/fr\/shop\/table-fr-2\/verres\/wd-lifestyle-becher-en-verre-lane\/#primaryimage"},"thumbnailUrl":"https:\/\/i1.wp.com\/interpim.erresse-shop.it\/img-catalogo\/wd-lifestyle\/wd-lifestyle-bicchiere-in-vetro-asino.jpg?ssl=1","datePublished":"2026-04-04T11:05:19+00:00","description":"Chaque sujet est fabriqu\u00e9 \u00e0 la main en verre souffl\u00e9 borosilicate faisant de chaque verre une pi\u00e8ce unique. Choisissez votre humeur \u00e0 boire et","breadcrumb":{"@id":"https:\/\/dev6.erresse-shop.it\/fr\/shop\/table-fr-2\/verres\/wd-lifestyle-becher-en-verre-lane\/#breadcrumb"},"inLanguage":"fr-FR","potentialAction":[{"@type":"ReadAction","target":["https:\/\/dev6.erresse-shop.it\/fr\/shop\/table-fr-2\/verres\/wd-lifestyle-becher-en-verre-lane\/"]}]},{"@type":"ImageObject","inLanguage":"fr-FR","@id":"https:\/\/dev6.erresse-shop.it\/fr\/shop\/table-fr-2\/verres\/wd-lifestyle-becher-en-verre-lane\/#primaryimage","url":"https:\/\/i1.wp.com\/interpim.erresse-shop.it\/img-catalogo\/wd-lifestyle\/wd-lifestyle-bicchiere-in-vetro-asino.jpg?ssl=1","contentUrl":"https:\/\/i1.wp.com\/interpim.erresse-shop.it\/img-catalogo\/wd-lifestyle\/wd-lifestyle-bicchiere-in-vetro-asino.jpg?ssl=1"},{"@type":"BreadcrumbList","@id":"https:\/\/dev6.erresse-shop.it\/fr\/shop\/table-fr-2\/verres\/wd-lifestyle-becher-en-verre-lane\/#breadcrumb","itemListElement":[{"@type":"ListItem","position":1,"name":"Home","item":"https:\/\/dev6.erresse-shop.it\/"},{"@type":"ListItem","position":2,"name":"Boutique","item":"https:\/\/dev6.erresse-shop.it\/shop\/"},{"@type":"ListItem","position":3,"name":"WD LIFESTYLE B\u00e9cher en verre L&#8217;\u00e2ne"}]},{"@type":"WebSite","@id":"https:\/\/dev6.erresse-shop.it\/#website","url":"https:\/\/dev6.erresse-shop.it\/","name":"Erresse Shop","description":"","publisher":{"@id":"https:\/\/dev6.erresse-shop.it\/#organization"},"potentialAction":[{"@type":"SearchAction","target":{"@type":"EntryPoint","urlTemplate":"https:\/\/dev6.erresse-shop.it\/?s={search_term_string}"},"query-input":{"@type":"PropertyValueSpecification","valueRequired":true,"valueName":"search_term_string"}}],"inLanguage":"fr-FR"},{"@type":"Organization","@id":"https:\/\/dev6.erresse-shop.it\/#organization","name":"Erresse Shop","url":"https:\/\/dev6.erresse-shop.it\/","logo":{"@type":"ImageObject","inLanguage":"fr-FR","@id":"https:\/\/dev6.erresse-shop.it\/#\/schema\/logo\/image\/","url":"https:\/\/dev6.erresse-shop.it\/wp-content\/uploads\/2025\/01\/LOGO-ERRESSE-CLASSICO.svg","contentUrl":"https:\/\/dev6.erresse-shop.it\/wp-content\/uploads\/2025\/01\/LOGO-ERRESSE-CLASSICO.svg","caption":"Erresse Shop"},"image":{"@id":"https:\/\/dev6.erresse-shop.it\/#\/schema\/logo\/image\/"}}]}},"df_price":11.9,"df_sale_price":"","df_regular_price":11.9,"df_image_link":"https:\/\/i1.wp.com\/interpim.erresse-shop.it\/img-catalogo\/wd-lifestyle\/wd-lifestyle-bicchiere-in-vetro-asino.jpg?resize=300,300&ssl=1","fifu_image_url":"https:\/\/interpim.erresse-shop.it\/img-catalogo\/wd-lifestyle\/wd-lifestyle-bicchiere-in-vetro-asino.jpg","_links":{"self":[{"href":"https:\/\/dev6.erresse-shop.it\/fr\/wp-json\/wp\/v2\/product\/1609709","targetHints":{"allow":["GET"]}}],"collection":[{"href":"https:\/\/dev6.erresse-shop.it\/fr\/wp-json\/wp\/v2\/product"}],"about":[{"href":"https:\/\/dev6.erresse-shop.it\/fr\/wp-json\/wp\/v2\/types\/product"}],"wp:featuredmedia":[{"embeddable":true,"href":"https:\/\/dev6.erresse-shop.it\/fr\/wp-json\/wp\/v2\/media\/6292764"}],"wp:attachment":[{"href":"https:\/\/dev6.erresse-shop.it\/fr\/wp-json\/wp\/v2\/media?parent=1609709"}],"wp:term":[{"taxonomy":"product_cat","embeddable":true,"href":"https:\/\/dev6.erresse-shop.it\/fr\/wp-json\/wp\/v2\/product_cat?post=1609709"},{"taxonomy":"product_tag","embeddable":true,"href":"https:\/\/dev6.erresse-shop.it\/fr\/wp-json\/wp\/v2\/product_tag?post=1609709"}],"curies":[{"name":"wp","href":"https:\/\/api.w.org\/{rel}","templated":true}]}}