{"id":1609707,"date":"2026-04-12T13:07:48","date_gmt":"2026-04-12T11:07:48","guid":{"rendered":"https:\/\/dev6.erresse-shop.it\/shop\/non%20class\u00e9\/cilio-tire-bouchon-chablis-avec-coupe-feuille-2\/"},"modified":"2025-09-14T06:35:28","modified_gmt":"2025-09-14T04:35:28","slug":"cilio-tire-bouchon-chablis-avec-coupe-feuille","status":"publish","type":"product","link":"https:\/\/dev6.erresse-shop.it\/fr\/shop\/table-fr-2\/vin\/tire-bouchons\/cilio-tire-bouchon-chablis-avec-coupe-feuille\/","title":{"rendered":"CILIO Tire-bouchon Chablis avec coupe-feuille"},"content":{"rendered":"<p>Tire-bouchon Chablis avec coupe-feuille Cilio, m\u00e9canisme \u00e0 spirale chrom\u00e9, manche noir. Comprend un coupe-feuilles int\u00e9gr\u00e9 et une spirale de rechange.<\/p>\n<p>Mat\u00e9riau : r\u00e9sine, m\u00e9tal<br \/>\nDimensions : 12\u00d716 cm<\/p>\n<p>La soci\u00e9t\u00e9 Cilio a \u00e9t\u00e9 fond\u00e9e en 1993 \u00e0 Solingen, o\u00f9 elle est toujours \u00e9tablie aujourd\u2019hui. Depuis le d\u00e9but, Cilio attache une grande importance \u00e0 la combinaison de mat\u00e9riaux de haute qualit\u00e9, d\u2019un design distinctif, d\u2019un excellent savoir-faire artisanal et industriel et d\u2019une utilit\u00e9 parfaite. Cette philosophie s\u2019applique \u00e0 tous les secteurs.<\/p>\n","protected":false},"excerpt":{"rendered":"<p>Tire-bouchon Chablis avec coupe-feuille Cilio, m\u00e9canisme \u00e0 spirale chrom\u00e9, manche noir. Comprend un coupe-feuilles int\u00e9gr\u00e9 et une spirale de rechange. Mat\u00e9riau : r\u00e9sine, m\u00e9tal Dimensions : 12\u00d716 cm La soci\u00e9t\u00e9 Cilio a \u00e9t\u00e9 fond\u00e9e en 1993 \u00e0 Solingen, o\u00f9 elle est toujours \u00e9tablie aujourd\u2019hui. Depuis le d\u00e9but, Cilio attache une grande importance \u00e0 la combinaison [&hellip;]<\/p>\n","protected":false},"featured_media":6376032,"template":"","meta":{"_acf_changed":false},"product_cat":[11995,12080,12069],"product_tag":[],"class_list":{"0":"post-1609707","1":"product","2":"type-product","3":"status-publish","4":"has-post-thumbnail","6":"product_cat-table-fr-2","7":"product_cat-tire-bouchons","8":"product_cat-vin","10":"first","11":"instock","12":"taxable","13":"shipping-taxable","14":"purchasable","15":"product-type-simple","swatches":"rey-swatches","show_selected":"","stretch_labels":"rey-swatches--stretch-labels"},"acf":[],"yoast_head":"<!-- This site is optimized with the Yoast SEO plugin v25.4 - https:\/\/yoast.com\/wordpress\/plugins\/seo\/ -->\n<title>CILIO Tire-bouchon Chablis avec coupe-feuille - dev6 Erresse<\/title>\n<meta name=\"description\" content=\"Tire-bouchon Chablis avec coupe-feuille Cilio, m\u00e9canisme \u00e0 spirale chrom\u00e9, manche noir. Comprend un coupe-feuilles int\u00e9gr\u00e9 et une spirale de rechange.\" \/>\n<meta name=\"robots\" content=\"noindex, follow, max-snippet:-1, max-image-preview:large, max-video-preview:-1\" \/>\n<meta property=\"og:locale\" content=\"fr_FR\" \/>\n<meta property=\"og:type\" content=\"article\" \/>\n<meta property=\"og:title\" content=\"CILIO Tire-bouchon Chablis avec coupe-feuille - dev6 Erresse\" \/>\n<meta property=\"og:description\" content=\"Tire-bouchon Chablis avec coupe-feuille Cilio, m\u00e9canisme \u00e0 spirale chrom\u00e9, manche noir. Comprend un coupe-feuilles int\u00e9gr\u00e9 et une spirale de rechange.\" \/>\n<meta property=\"og:url\" content=\"https:\/\/dev6.erresse-shop.it\/fr\/shop\/table-fr-2\/vin\/tire-bouchons\/cilio-tire-bouchon-chablis-avec-coupe-feuille\/\" \/>\n<meta property=\"og:site_name\" content=\"dev6 Erresse\" \/>\n<meta property=\"og:image\" content=\"https:\/\/interpim.erresse-shop.it\/Import\/Prodotti\/cilio-cavatappi-chablis-con-tagliacapsule.jpg\" \/><meta property=\"og:image\" content=\"https:\/\/interpim.erresse-shop.it\/Import\/Prodotti\/cilio-cavatappi-chablis-con-tagliacapsule.jpg\" \/>\n\t<meta property=\"og:image:width\" content=\"1024\" \/>\n\t<meta property=\"og:image:height\" content=\"1024\" \/>\n\t<meta property=\"og:image:type\" content=\"image\/jpeg\" \/>\n<meta name=\"twitter:card\" content=\"summary_large_image\" \/>\n<meta name=\"twitter:image\" content=\"https:\/\/interpim.erresse-shop.it\/Import\/Prodotti\/cilio-cavatappi-chablis-con-tagliacapsule.jpg\" \/>\n<script type=\"application\/ld+json\" class=\"yoast-schema-graph\">{\"@context\":\"https:\/\/schema.org\",\"@graph\":[{\"@type\":\"WebPage\",\"@id\":\"https:\/\/dev6.erresse-shop.it\/fr\/shop\/table-fr-2\/vin\/tire-bouchons\/cilio-tire-bouchon-chablis-avec-coupe-feuille\/\",\"url\":\"https:\/\/dev6.erresse-shop.it\/fr\/shop\/table-fr-2\/vin\/tire-bouchons\/cilio-tire-bouchon-chablis-avec-coupe-feuille\/\",\"name\":\"CILIO Tire-bouchon Chablis avec coupe-feuille - dev6 Erresse\",\"isPartOf\":{\"@id\":\"https:\/\/dev6.erresse-shop.it\/#website\"},\"primaryImageOfPage\":{\"@id\":\"https:\/\/dev6.erresse-shop.it\/fr\/shop\/table-fr-2\/vin\/tire-bouchons\/cilio-tire-bouchon-chablis-avec-coupe-feuille\/#primaryimage\"},\"image\":{\"@id\":\"https:\/\/dev6.erresse-shop.it\/fr\/shop\/table-fr-2\/vin\/tire-bouchons\/cilio-tire-bouchon-chablis-avec-coupe-feuille\/#primaryimage\"},\"thumbnailUrl\":\"https:\/\/i0.wp.com\/interpim.erresse-shop.it\/Import\/Prodotti\/cilio-cavatappi-chablis-con-tagliacapsule.jpg?ssl=1\",\"datePublished\":\"2026-04-12T11:07:48+00:00\",\"description\":\"Tire-bouchon Chablis avec coupe-feuille Cilio, m\u00e9canisme \u00e0 spirale chrom\u00e9, manche noir. Comprend un coupe-feuilles int\u00e9gr\u00e9 et une spirale de rechange.\",\"breadcrumb\":{\"@id\":\"https:\/\/dev6.erresse-shop.it\/fr\/shop\/table-fr-2\/vin\/tire-bouchons\/cilio-tire-bouchon-chablis-avec-coupe-feuille\/#breadcrumb\"},\"inLanguage\":\"fr-FR\",\"potentialAction\":[{\"@type\":\"ReadAction\",\"target\":[\"https:\/\/dev6.erresse-shop.it\/fr\/shop\/table-fr-2\/vin\/tire-bouchons\/cilio-tire-bouchon-chablis-avec-coupe-feuille\/\"]}]},{\"@type\":\"ImageObject\",\"inLanguage\":\"fr-FR\",\"@id\":\"https:\/\/dev6.erresse-shop.it\/fr\/shop\/table-fr-2\/vin\/tire-bouchons\/cilio-tire-bouchon-chablis-avec-coupe-feuille\/#primaryimage\",\"url\":\"https:\/\/i0.wp.com\/interpim.erresse-shop.it\/Import\/Prodotti\/cilio-cavatappi-chablis-con-tagliacapsule.jpg?ssl=1\",\"contentUrl\":\"https:\/\/i0.wp.com\/interpim.erresse-shop.it\/Import\/Prodotti\/cilio-cavatappi-chablis-con-tagliacapsule.jpg?ssl=1\"},{\"@type\":\"BreadcrumbList\",\"@id\":\"https:\/\/dev6.erresse-shop.it\/fr\/shop\/table-fr-2\/vin\/tire-bouchons\/cilio-tire-bouchon-chablis-avec-coupe-feuille\/#breadcrumb\",\"itemListElement\":[{\"@type\":\"ListItem\",\"position\":1,\"name\":\"Home\",\"item\":\"https:\/\/dev6.erresse-shop.it\/\"},{\"@type\":\"ListItem\",\"position\":2,\"name\":\"Boutique\",\"item\":\"https:\/\/dev6.erresse-shop.it\/shop\/\"},{\"@type\":\"ListItem\",\"position\":3,\"name\":\"CILIO Tire-bouchon Chablis avec coupe-feuille\"}]},{\"@type\":\"WebSite\",\"@id\":\"https:\/\/dev6.erresse-shop.it\/#website\",\"url\":\"https:\/\/dev6.erresse-shop.it\/\",\"name\":\"Erresse Shop\",\"description\":\"\",\"publisher\":{\"@id\":\"https:\/\/dev6.erresse-shop.it\/#organization\"},\"potentialAction\":[{\"@type\":\"SearchAction\",\"target\":{\"@type\":\"EntryPoint\",\"urlTemplate\":\"https:\/\/dev6.erresse-shop.it\/?s={search_term_string}\"},\"query-input\":{\"@type\":\"PropertyValueSpecification\",\"valueRequired\":true,\"valueName\":\"search_term_string\"}}],\"inLanguage\":\"fr-FR\"},{\"@type\":\"Organization\",\"@id\":\"https:\/\/dev6.erresse-shop.it\/#organization\",\"name\":\"Erresse Shop\",\"url\":\"https:\/\/dev6.erresse-shop.it\/\",\"logo\":{\"@type\":\"ImageObject\",\"inLanguage\":\"fr-FR\",\"@id\":\"https:\/\/dev6.erresse-shop.it\/#\/schema\/logo\/image\/\",\"url\":\"https:\/\/dev6.erresse-shop.it\/wp-content\/uploads\/2025\/01\/LOGO-ERRESSE-CLASSICO.svg\",\"contentUrl\":\"https:\/\/dev6.erresse-shop.it\/wp-content\/uploads\/2025\/01\/LOGO-ERRESSE-CLASSICO.svg\",\"caption\":\"Erresse Shop\"},\"image\":{\"@id\":\"https:\/\/dev6.erresse-shop.it\/#\/schema\/logo\/image\/\"}}]}<\/script>\n<!-- \/ Yoast SEO plugin. -->","yoast_head_json":{"title":"CILIO Tire-bouchon Chablis avec coupe-feuille - dev6 Erresse","description":"Tire-bouchon Chablis avec coupe-feuille Cilio, m\u00e9canisme \u00e0 spirale chrom\u00e9, manche noir. Comprend un coupe-feuilles int\u00e9gr\u00e9 et une spirale de rechange.","robots":{"index":"noindex","follow":"follow","max-snippet":"max-snippet:-1","max-image-preview":"max-image-preview:large","max-video-preview":"max-video-preview:-1"},"og_locale":"fr_FR","og_type":"article","og_title":"CILIO Tire-bouchon Chablis avec coupe-feuille - dev6 Erresse","og_description":"Tire-bouchon Chablis avec coupe-feuille Cilio, m\u00e9canisme \u00e0 spirale chrom\u00e9, manche noir. Comprend un coupe-feuilles int\u00e9gr\u00e9 et une spirale de rechange.","og_url":"https:\/\/dev6.erresse-shop.it\/fr\/shop\/table-fr-2\/vin\/tire-bouchons\/cilio-tire-bouchon-chablis-avec-coupe-feuille\/","og_site_name":"dev6 Erresse","og_image":[{"url":"https:\/\/interpim.erresse-shop.it\/Import\/Prodotti\/cilio-cavatappi-chablis-con-tagliacapsule.jpg","type":"","width":"","height":""},{"url":"https:\/\/interpim.erresse-shop.it\/Import\/Prodotti\/cilio-cavatappi-chablis-con-tagliacapsule.jpg","width":1024,"height":1024,"type":"image\/jpeg"}],"twitter_card":"summary_large_image","twitter_image":"https:\/\/interpim.erresse-shop.it\/Import\/Prodotti\/cilio-cavatappi-chablis-con-tagliacapsule.jpg","schema":{"@context":"https:\/\/schema.org","@graph":[{"@type":"WebPage","@id":"https:\/\/dev6.erresse-shop.it\/fr\/shop\/table-fr-2\/vin\/tire-bouchons\/cilio-tire-bouchon-chablis-avec-coupe-feuille\/","url":"https:\/\/dev6.erresse-shop.it\/fr\/shop\/table-fr-2\/vin\/tire-bouchons\/cilio-tire-bouchon-chablis-avec-coupe-feuille\/","name":"CILIO Tire-bouchon Chablis avec coupe-feuille - dev6 Erresse","isPartOf":{"@id":"https:\/\/dev6.erresse-shop.it\/#website"},"primaryImageOfPage":{"@id":"https:\/\/dev6.erresse-shop.it\/fr\/shop\/table-fr-2\/vin\/tire-bouchons\/cilio-tire-bouchon-chablis-avec-coupe-feuille\/#primaryimage"},"image":{"@id":"https:\/\/dev6.erresse-shop.it\/fr\/shop\/table-fr-2\/vin\/tire-bouchons\/cilio-tire-bouchon-chablis-avec-coupe-feuille\/#primaryimage"},"thumbnailUrl":"https:\/\/i0.wp.com\/interpim.erresse-shop.it\/Import\/Prodotti\/cilio-cavatappi-chablis-con-tagliacapsule.jpg?ssl=1","datePublished":"2026-04-12T11:07:48+00:00","description":"Tire-bouchon Chablis avec coupe-feuille Cilio, m\u00e9canisme \u00e0 spirale chrom\u00e9, manche noir. Comprend un coupe-feuilles int\u00e9gr\u00e9 et une spirale de rechange.","breadcrumb":{"@id":"https:\/\/dev6.erresse-shop.it\/fr\/shop\/table-fr-2\/vin\/tire-bouchons\/cilio-tire-bouchon-chablis-avec-coupe-feuille\/#breadcrumb"},"inLanguage":"fr-FR","potentialAction":[{"@type":"ReadAction","target":["https:\/\/dev6.erresse-shop.it\/fr\/shop\/table-fr-2\/vin\/tire-bouchons\/cilio-tire-bouchon-chablis-avec-coupe-feuille\/"]}]},{"@type":"ImageObject","inLanguage":"fr-FR","@id":"https:\/\/dev6.erresse-shop.it\/fr\/shop\/table-fr-2\/vin\/tire-bouchons\/cilio-tire-bouchon-chablis-avec-coupe-feuille\/#primaryimage","url":"https:\/\/i0.wp.com\/interpim.erresse-shop.it\/Import\/Prodotti\/cilio-cavatappi-chablis-con-tagliacapsule.jpg?ssl=1","contentUrl":"https:\/\/i0.wp.com\/interpim.erresse-shop.it\/Import\/Prodotti\/cilio-cavatappi-chablis-con-tagliacapsule.jpg?ssl=1"},{"@type":"BreadcrumbList","@id":"https:\/\/dev6.erresse-shop.it\/fr\/shop\/table-fr-2\/vin\/tire-bouchons\/cilio-tire-bouchon-chablis-avec-coupe-feuille\/#breadcrumb","itemListElement":[{"@type":"ListItem","position":1,"name":"Home","item":"https:\/\/dev6.erresse-shop.it\/"},{"@type":"ListItem","position":2,"name":"Boutique","item":"https:\/\/dev6.erresse-shop.it\/shop\/"},{"@type":"ListItem","position":3,"name":"CILIO Tire-bouchon Chablis avec coupe-feuille"}]},{"@type":"WebSite","@id":"https:\/\/dev6.erresse-shop.it\/#website","url":"https:\/\/dev6.erresse-shop.it\/","name":"Erresse Shop","description":"","publisher":{"@id":"https:\/\/dev6.erresse-shop.it\/#organization"},"potentialAction":[{"@type":"SearchAction","target":{"@type":"EntryPoint","urlTemplate":"https:\/\/dev6.erresse-shop.it\/?s={search_term_string}"},"query-input":{"@type":"PropertyValueSpecification","valueRequired":true,"valueName":"search_term_string"}}],"inLanguage":"fr-FR"},{"@type":"Organization","@id":"https:\/\/dev6.erresse-shop.it\/#organization","name":"Erresse Shop","url":"https:\/\/dev6.erresse-shop.it\/","logo":{"@type":"ImageObject","inLanguage":"fr-FR","@id":"https:\/\/dev6.erresse-shop.it\/#\/schema\/logo\/image\/","url":"https:\/\/dev6.erresse-shop.it\/wp-content\/uploads\/2025\/01\/LOGO-ERRESSE-CLASSICO.svg","contentUrl":"https:\/\/dev6.erresse-shop.it\/wp-content\/uploads\/2025\/01\/LOGO-ERRESSE-CLASSICO.svg","caption":"Erresse Shop"},"image":{"@id":"https:\/\/dev6.erresse-shop.it\/#\/schema\/logo\/image\/"}}]}},"df_price":45.99,"df_sale_price":"","df_regular_price":45.99,"df_image_link":"https:\/\/i0.wp.com\/interpim.erresse-shop.it\/Import\/Prodotti\/cilio-cavatappi-chablis-con-tagliacapsule.jpg?resize=300,300&ssl=1","fifu_image_url":"https:\/\/interpim.erresse-shop.it\/Import\/Prodotti\/cilio-cavatappi-chablis-con-tagliacapsule.jpg","_links":{"self":[{"href":"https:\/\/dev6.erresse-shop.it\/fr\/wp-json\/wp\/v2\/product\/1609707","targetHints":{"allow":["GET"]}}],"collection":[{"href":"https:\/\/dev6.erresse-shop.it\/fr\/wp-json\/wp\/v2\/product"}],"about":[{"href":"https:\/\/dev6.erresse-shop.it\/fr\/wp-json\/wp\/v2\/types\/product"}],"wp:featuredmedia":[{"embeddable":true,"href":"https:\/\/dev6.erresse-shop.it\/fr\/wp-json\/wp\/v2\/media\/6376032"}],"wp:attachment":[{"href":"https:\/\/dev6.erresse-shop.it\/fr\/wp-json\/wp\/v2\/media?parent=1609707"}],"wp:term":[{"taxonomy":"product_cat","embeddable":true,"href":"https:\/\/dev6.erresse-shop.it\/fr\/wp-json\/wp\/v2\/product_cat?post=1609707"},{"taxonomy":"product_tag","embeddable":true,"href":"https:\/\/dev6.erresse-shop.it\/fr\/wp-json\/wp\/v2\/product_tag?post=1609707"}],"curies":[{"name":"wp","href":"https:\/\/api.w.org\/{rel}","templated":true}]}}