{"id":1609681,"date":"2026-04-12T13:05:20","date_gmt":"2026-04-12T11:05:20","guid":{"rendered":"https:\/\/dev6.erresse-shop.it\/shop\/non%20class\u00e9\/mario-luca-giusti-pichet-sister-rosetta-email-jaune-2\/"},"modified":"2026-01-09T02:13:54","modified_gmt":"2026-01-09T01:13:54","slug":"mario-luca-giusti-pichet-sister-rosetta-email-jaune","status":"publish","type":"product","link":"https:\/\/dev6.erresse-shop.it\/fr\/shop\/table-fr-2\/carafes-bouteilles\/mario-luca-giusti-pichet-sister-rosetta-email-jaune\/","title":{"rendered":"MARIO LUCA GIUSTI Pichet Sister Rosetta \u00c9mail Jaune"},"content":{"rendered":"<p>Hauteur 22 cm<br \/>\nDiam\u00e8tre 19 cm<br \/>\nCapacit\u00e9 2400 ml<br \/>\nPoids 745 gr<\/p>\n<p>Utilisation de l\u2019acrylique instructions du produit<br \/>\n\u2013 test\u00e9 par T\u00dcV, SGS, Intertek<br \/>\n\u2013 absolument insipide et inodore<br \/>\n\u2013 Sans BPA<br \/>\n\u2013 Non indestructible<br \/>\n\u2013 R\u00e9sistant de -10\u00b0C \u00e0 50\u00b0C<br \/>\n\u2013 congelable<br \/>\n\u2013 lavage \u00e0 la main recommand\u00e9 pour prolonger la dur\u00e9e de vie du produit<br \/>\n\u2013 ne pas utiliser de s\u00e8che-linge<br \/>\n\u2013 pas pour les micro-ondes<br \/>\n\u2013 r\u00e9sistant \u00e0 l\u2019alcool, &lt; 2 heures<br \/>\n\u2013 pas pour les boissons anis\u00e9es<br \/>\n\u2013 pas pour les alcools forts, tels que le whisky \u2026 .etc.<br \/>\n\u2013 utiliser uniquement un d\u00e9tergent avec un pH 3 &lt; pH &lt; 7, pas de d\u00e9tergent alcalin fort<br \/>\n\u2013 Ne pas utiliser de benz\u00e8ne, d\u2019alcool, d\u2019ester ou de solvants organiques pour les produits de nettoyage.<br \/>\n\u2013 Ne pas utiliser de mat\u00e9riaux abrasifs pour le nettoyage<\/p>\n<p>Les \u00e9l\u00e9ments suivants peuvent d\u00e9colorer le produit ou le rendre opaque \u00e0 long terme :<br \/>\n\u2013 Laisser les verres pendant une p\u00e9riode prolong\u00e9e \u00e0 des temp\u00e9ratures \u00e9lev\u00e9es et \u00e0 une forte humidit\u00e9<br \/>\n\u2013 Mauvais dosage du d\u00e9tergent<br \/>\n\u2013 Utilisation d\u2019un d\u00e9tergent contenant de l\u2019aluminium ou une protection m\u00e9tallique.<br \/>\n\u2013 Les produits laitiers, le caf\u00e9, le cacao, le th\u00e9 et d\u2019autres boissons peuvent laisser un bord sur le verre s\u2019ils sont laiss\u00e9s pendant la nuit. Lavez le verre \u00e0 l\u2019eau chaude savonneuse imm\u00e9diatement apr\u00e8s usage, lavez-le \u00e0 la main ou utilisez notre produit de nettoyage. D\u00e9poussi\u00e9rez r\u00e9guli\u00e8rement.<br \/>\n\u2013 L\u2019utilisation de boissons \u00e0 base d\u2019anis (telles que le Pernod, le Ricard, le Raki ou l\u2019Ouzo).<br \/>\n\u2013 L\u2019utilisation de boissons \u00e0 forte teneur en esters. Les esters sont des produits naturels que l\u2019on trouve souvent dans les tisanes, par exemple.<\/p>\n","protected":false},"excerpt":{"rendered":"<p>Hauteur 22 cm Diam\u00e8tre 19 cm Capacit\u00e9 2400 ml Poids 745 gr Utilisation de l\u2019acrylique instructions du produit \u2013 test\u00e9 par T\u00dcV, SGS, Intertek \u2013 absolument insipide et inodore \u2013 Sans BPA \u2013 Non indestructible \u2013 R\u00e9sistant de -10\u00b0C \u00e0 50\u00b0C \u2013 congelable \u2013 lavage \u00e0 la main recommand\u00e9 pour prolonger la dur\u00e9e de vie [&hellip;]<\/p>\n","protected":false},"featured_media":6375959,"template":"","meta":{"_acf_changed":false},"product_cat":[12007,11995],"product_tag":[],"class_list":{"0":"post-1609681","1":"product","2":"type-product","3":"status-publish","4":"has-post-thumbnail","6":"product_cat-carafes-bouteilles","7":"product_cat-table-fr-2","9":"first","10":"instock","11":"sale","12":"taxable","13":"shipping-taxable","14":"purchasable","15":"product-type-simple","swatches":"rey-swatches","show_selected":"","stretch_labels":"rey-swatches--stretch-labels"},"acf":[],"yoast_head":"<!-- This site is optimized with the Yoast SEO plugin v25.4 - https:\/\/yoast.com\/wordpress\/plugins\/seo\/ -->\n<title>MARIO LUCA GIUSTI Pichet Sister Rosetta \u00c9mail Jaune - dev6 Erresse<\/title>\n<meta name=\"description\" content=\"Hauteur 22 cm Diam\u00e8tre 19 cm Capacit\u00e9 2400 ml Poids 745 gr Utilisation de l\u2019acrylique instructions du produit \u2013 test\u00e9 par T\u00dcV, SGS, Intertek \u2013 absolument\" \/>\n<meta name=\"robots\" content=\"noindex, follow, max-snippet:-1, max-image-preview:large, max-video-preview:-1\" \/>\n<meta property=\"og:locale\" content=\"fr_FR\" \/>\n<meta property=\"og:type\" content=\"article\" \/>\n<meta property=\"og:title\" content=\"MARIO LUCA GIUSTI Pichet Sister Rosetta \u00c9mail Jaune - dev6 Erresse\" \/>\n<meta property=\"og:description\" content=\"Hauteur 22 cm Diam\u00e8tre 19 cm Capacit\u00e9 2400 ml Poids 745 gr Utilisation de l\u2019acrylique instructions du produit \u2013 test\u00e9 par T\u00dcV, SGS, Intertek \u2013 absolument\" \/>\n<meta property=\"og:url\" content=\"https:\/\/dev6.erresse-shop.it\/fr\/shop\/table-fr-2\/carafes-bouteilles\/mario-luca-giusti-pichet-sister-rosetta-email-jaune\/\" \/>\n<meta property=\"og:site_name\" content=\"dev6 Erresse\" \/>\n<meta property=\"og:image\" content=\"https:\/\/interpim.erresse-shop.it\/Import\/Prodotti\/mario-luca-giusti-brocca-sister-rosetta-smalto-giallo.jpg\" \/><meta property=\"og:image\" content=\"https:\/\/interpim.erresse-shop.it\/Import\/Prodotti\/mario-luca-giusti-brocca-sister-rosetta-smalto-giallo.jpg\" \/>\n\t<meta property=\"og:image:width\" content=\"1024\" \/>\n\t<meta property=\"og:image:height\" content=\"1024\" \/>\n\t<meta property=\"og:image:type\" content=\"image\/jpeg\" \/>\n<meta name=\"twitter:card\" content=\"summary_large_image\" \/>\n<meta name=\"twitter:image\" content=\"https:\/\/interpim.erresse-shop.it\/Import\/Prodotti\/mario-luca-giusti-brocca-sister-rosetta-smalto-giallo.jpg\" \/>\n<script type=\"application\/ld+json\" class=\"yoast-schema-graph\">{\"@context\":\"https:\/\/schema.org\",\"@graph\":[{\"@type\":\"WebPage\",\"@id\":\"https:\/\/dev6.erresse-shop.it\/fr\/shop\/table-fr-2\/carafes-bouteilles\/mario-luca-giusti-pichet-sister-rosetta-email-jaune\/\",\"url\":\"https:\/\/dev6.erresse-shop.it\/fr\/shop\/table-fr-2\/carafes-bouteilles\/mario-luca-giusti-pichet-sister-rosetta-email-jaune\/\",\"name\":\"MARIO LUCA GIUSTI Pichet Sister Rosetta \u00c9mail Jaune - dev6 Erresse\",\"isPartOf\":{\"@id\":\"https:\/\/dev6.erresse-shop.it\/#website\"},\"primaryImageOfPage\":{\"@id\":\"https:\/\/dev6.erresse-shop.it\/fr\/shop\/table-fr-2\/carafes-bouteilles\/mario-luca-giusti-pichet-sister-rosetta-email-jaune\/#primaryimage\"},\"image\":{\"@id\":\"https:\/\/dev6.erresse-shop.it\/fr\/shop\/table-fr-2\/carafes-bouteilles\/mario-luca-giusti-pichet-sister-rosetta-email-jaune\/#primaryimage\"},\"thumbnailUrl\":\"https:\/\/i3.wp.com\/interpim.erresse-shop.it\/Import\/Prodotti\/mario-luca-giusti-brocca-sister-rosetta-smalto-giallo.jpg?ssl=1\",\"datePublished\":\"2026-04-12T11:05:20+00:00\",\"description\":\"Hauteur 22 cm Diam\u00e8tre 19 cm Capacit\u00e9 2400 ml Poids 745 gr Utilisation de l\u2019acrylique instructions du produit \u2013 test\u00e9 par T\u00dcV, SGS, Intertek \u2013 absolument\",\"breadcrumb\":{\"@id\":\"https:\/\/dev6.erresse-shop.it\/fr\/shop\/table-fr-2\/carafes-bouteilles\/mario-luca-giusti-pichet-sister-rosetta-email-jaune\/#breadcrumb\"},\"inLanguage\":\"fr-FR\",\"potentialAction\":[{\"@type\":\"ReadAction\",\"target\":[\"https:\/\/dev6.erresse-shop.it\/fr\/shop\/table-fr-2\/carafes-bouteilles\/mario-luca-giusti-pichet-sister-rosetta-email-jaune\/\"]}]},{\"@type\":\"ImageObject\",\"inLanguage\":\"fr-FR\",\"@id\":\"https:\/\/dev6.erresse-shop.it\/fr\/shop\/table-fr-2\/carafes-bouteilles\/mario-luca-giusti-pichet-sister-rosetta-email-jaune\/#primaryimage\",\"url\":\"https:\/\/i3.wp.com\/interpim.erresse-shop.it\/Import\/Prodotti\/mario-luca-giusti-brocca-sister-rosetta-smalto-giallo.jpg?ssl=1\",\"contentUrl\":\"https:\/\/i3.wp.com\/interpim.erresse-shop.it\/Import\/Prodotti\/mario-luca-giusti-brocca-sister-rosetta-smalto-giallo.jpg?ssl=1\"},{\"@type\":\"BreadcrumbList\",\"@id\":\"https:\/\/dev6.erresse-shop.it\/fr\/shop\/table-fr-2\/carafes-bouteilles\/mario-luca-giusti-pichet-sister-rosetta-email-jaune\/#breadcrumb\",\"itemListElement\":[{\"@type\":\"ListItem\",\"position\":1,\"name\":\"Home\",\"item\":\"https:\/\/dev6.erresse-shop.it\/\"},{\"@type\":\"ListItem\",\"position\":2,\"name\":\"Boutique\",\"item\":\"https:\/\/dev6.erresse-shop.it\/shop\/\"},{\"@type\":\"ListItem\",\"position\":3,\"name\":\"MARIO LUCA GIUSTI Pichet Sister Rosetta \u00c9mail Jaune\"}]},{\"@type\":\"WebSite\",\"@id\":\"https:\/\/dev6.erresse-shop.it\/#website\",\"url\":\"https:\/\/dev6.erresse-shop.it\/\",\"name\":\"Erresse Shop\",\"description\":\"\",\"publisher\":{\"@id\":\"https:\/\/dev6.erresse-shop.it\/#organization\"},\"potentialAction\":[{\"@type\":\"SearchAction\",\"target\":{\"@type\":\"EntryPoint\",\"urlTemplate\":\"https:\/\/dev6.erresse-shop.it\/?s={search_term_string}\"},\"query-input\":{\"@type\":\"PropertyValueSpecification\",\"valueRequired\":true,\"valueName\":\"search_term_string\"}}],\"inLanguage\":\"fr-FR\"},{\"@type\":\"Organization\",\"@id\":\"https:\/\/dev6.erresse-shop.it\/#organization\",\"name\":\"Erresse Shop\",\"url\":\"https:\/\/dev6.erresse-shop.it\/\",\"logo\":{\"@type\":\"ImageObject\",\"inLanguage\":\"fr-FR\",\"@id\":\"https:\/\/dev6.erresse-shop.it\/#\/schema\/logo\/image\/\",\"url\":\"https:\/\/dev6.erresse-shop.it\/wp-content\/uploads\/2025\/01\/LOGO-ERRESSE-CLASSICO.svg\",\"contentUrl\":\"https:\/\/dev6.erresse-shop.it\/wp-content\/uploads\/2025\/01\/LOGO-ERRESSE-CLASSICO.svg\",\"caption\":\"Erresse Shop\"},\"image\":{\"@id\":\"https:\/\/dev6.erresse-shop.it\/#\/schema\/logo\/image\/\"}}]}<\/script>\n<!-- \/ Yoast SEO plugin. -->","yoast_head_json":{"title":"MARIO LUCA GIUSTI Pichet Sister Rosetta \u00c9mail Jaune - dev6 Erresse","description":"Hauteur 22 cm Diam\u00e8tre 19 cm Capacit\u00e9 2400 ml Poids 745 gr Utilisation de l\u2019acrylique instructions du produit \u2013 test\u00e9 par T\u00dcV, SGS, Intertek \u2013 absolument","robots":{"index":"noindex","follow":"follow","max-snippet":"max-snippet:-1","max-image-preview":"max-image-preview:large","max-video-preview":"max-video-preview:-1"},"og_locale":"fr_FR","og_type":"article","og_title":"MARIO LUCA GIUSTI Pichet Sister Rosetta \u00c9mail Jaune - dev6 Erresse","og_description":"Hauteur 22 cm Diam\u00e8tre 19 cm Capacit\u00e9 2400 ml Poids 745 gr Utilisation de l\u2019acrylique instructions du produit \u2013 test\u00e9 par T\u00dcV, SGS, Intertek \u2013 absolument","og_url":"https:\/\/dev6.erresse-shop.it\/fr\/shop\/table-fr-2\/carafes-bouteilles\/mario-luca-giusti-pichet-sister-rosetta-email-jaune\/","og_site_name":"dev6 Erresse","og_image":[{"url":"https:\/\/interpim.erresse-shop.it\/Import\/Prodotti\/mario-luca-giusti-brocca-sister-rosetta-smalto-giallo.jpg","type":"","width":"","height":""},{"url":"https:\/\/interpim.erresse-shop.it\/Import\/Prodotti\/mario-luca-giusti-brocca-sister-rosetta-smalto-giallo.jpg","width":1024,"height":1024,"type":"image\/jpeg"}],"twitter_card":"summary_large_image","twitter_image":"https:\/\/interpim.erresse-shop.it\/Import\/Prodotti\/mario-luca-giusti-brocca-sister-rosetta-smalto-giallo.jpg","schema":{"@context":"https:\/\/schema.org","@graph":[{"@type":"WebPage","@id":"https:\/\/dev6.erresse-shop.it\/fr\/shop\/table-fr-2\/carafes-bouteilles\/mario-luca-giusti-pichet-sister-rosetta-email-jaune\/","url":"https:\/\/dev6.erresse-shop.it\/fr\/shop\/table-fr-2\/carafes-bouteilles\/mario-luca-giusti-pichet-sister-rosetta-email-jaune\/","name":"MARIO LUCA GIUSTI Pichet Sister Rosetta \u00c9mail Jaune - dev6 Erresse","isPartOf":{"@id":"https:\/\/dev6.erresse-shop.it\/#website"},"primaryImageOfPage":{"@id":"https:\/\/dev6.erresse-shop.it\/fr\/shop\/table-fr-2\/carafes-bouteilles\/mario-luca-giusti-pichet-sister-rosetta-email-jaune\/#primaryimage"},"image":{"@id":"https:\/\/dev6.erresse-shop.it\/fr\/shop\/table-fr-2\/carafes-bouteilles\/mario-luca-giusti-pichet-sister-rosetta-email-jaune\/#primaryimage"},"thumbnailUrl":"https:\/\/i3.wp.com\/interpim.erresse-shop.it\/Import\/Prodotti\/mario-luca-giusti-brocca-sister-rosetta-smalto-giallo.jpg?ssl=1","datePublished":"2026-04-12T11:05:20+00:00","description":"Hauteur 22 cm Diam\u00e8tre 19 cm Capacit\u00e9 2400 ml Poids 745 gr Utilisation de l\u2019acrylique instructions du produit \u2013 test\u00e9 par T\u00dcV, SGS, Intertek \u2013 absolument","breadcrumb":{"@id":"https:\/\/dev6.erresse-shop.it\/fr\/shop\/table-fr-2\/carafes-bouteilles\/mario-luca-giusti-pichet-sister-rosetta-email-jaune\/#breadcrumb"},"inLanguage":"fr-FR","potentialAction":[{"@type":"ReadAction","target":["https:\/\/dev6.erresse-shop.it\/fr\/shop\/table-fr-2\/carafes-bouteilles\/mario-luca-giusti-pichet-sister-rosetta-email-jaune\/"]}]},{"@type":"ImageObject","inLanguage":"fr-FR","@id":"https:\/\/dev6.erresse-shop.it\/fr\/shop\/table-fr-2\/carafes-bouteilles\/mario-luca-giusti-pichet-sister-rosetta-email-jaune\/#primaryimage","url":"https:\/\/i3.wp.com\/interpim.erresse-shop.it\/Import\/Prodotti\/mario-luca-giusti-brocca-sister-rosetta-smalto-giallo.jpg?ssl=1","contentUrl":"https:\/\/i3.wp.com\/interpim.erresse-shop.it\/Import\/Prodotti\/mario-luca-giusti-brocca-sister-rosetta-smalto-giallo.jpg?ssl=1"},{"@type":"BreadcrumbList","@id":"https:\/\/dev6.erresse-shop.it\/fr\/shop\/table-fr-2\/carafes-bouteilles\/mario-luca-giusti-pichet-sister-rosetta-email-jaune\/#breadcrumb","itemListElement":[{"@type":"ListItem","position":1,"name":"Home","item":"https:\/\/dev6.erresse-shop.it\/"},{"@type":"ListItem","position":2,"name":"Boutique","item":"https:\/\/dev6.erresse-shop.it\/shop\/"},{"@type":"ListItem","position":3,"name":"MARIO LUCA GIUSTI Pichet Sister Rosetta \u00c9mail Jaune"}]},{"@type":"WebSite","@id":"https:\/\/dev6.erresse-shop.it\/#website","url":"https:\/\/dev6.erresse-shop.it\/","name":"Erresse Shop","description":"","publisher":{"@id":"https:\/\/dev6.erresse-shop.it\/#organization"},"potentialAction":[{"@type":"SearchAction","target":{"@type":"EntryPoint","urlTemplate":"https:\/\/dev6.erresse-shop.it\/?s={search_term_string}"},"query-input":{"@type":"PropertyValueSpecification","valueRequired":true,"valueName":"search_term_string"}}],"inLanguage":"fr-FR"},{"@type":"Organization","@id":"https:\/\/dev6.erresse-shop.it\/#organization","name":"Erresse Shop","url":"https:\/\/dev6.erresse-shop.it\/","logo":{"@type":"ImageObject","inLanguage":"fr-FR","@id":"https:\/\/dev6.erresse-shop.it\/#\/schema\/logo\/image\/","url":"https:\/\/dev6.erresse-shop.it\/wp-content\/uploads\/2025\/01\/LOGO-ERRESSE-CLASSICO.svg","contentUrl":"https:\/\/dev6.erresse-shop.it\/wp-content\/uploads\/2025\/01\/LOGO-ERRESSE-CLASSICO.svg","caption":"Erresse Shop"},"image":{"@id":"https:\/\/dev6.erresse-shop.it\/#\/schema\/logo\/image\/"}}]}},"df_price":108,"df_sale_price":108,"df_regular_price":120,"df_image_link":"https:\/\/i3.wp.com\/interpim.erresse-shop.it\/Import\/Prodotti\/mario-luca-giusti-brocca-sister-rosetta-smalto-giallo.jpg?resize=300,300&ssl=1","fifu_image_url":"https:\/\/interpim.erresse-shop.it\/Import\/Prodotti\/mario-luca-giusti-brocca-sister-rosetta-smalto-giallo.jpg","_links":{"self":[{"href":"https:\/\/dev6.erresse-shop.it\/fr\/wp-json\/wp\/v2\/product\/1609681","targetHints":{"allow":["GET"]}}],"collection":[{"href":"https:\/\/dev6.erresse-shop.it\/fr\/wp-json\/wp\/v2\/product"}],"about":[{"href":"https:\/\/dev6.erresse-shop.it\/fr\/wp-json\/wp\/v2\/types\/product"}],"wp:featuredmedia":[{"embeddable":true,"href":"https:\/\/dev6.erresse-shop.it\/fr\/wp-json\/wp\/v2\/media\/6375959"}],"wp:attachment":[{"href":"https:\/\/dev6.erresse-shop.it\/fr\/wp-json\/wp\/v2\/media?parent=1609681"}],"wp:term":[{"taxonomy":"product_cat","embeddable":true,"href":"https:\/\/dev6.erresse-shop.it\/fr\/wp-json\/wp\/v2\/product_cat?post=1609681"},{"taxonomy":"product_tag","embeddable":true,"href":"https:\/\/dev6.erresse-shop.it\/fr\/wp-json\/wp\/v2\/product_tag?post=1609681"}],"curies":[{"name":"wp","href":"https:\/\/api.w.org\/{rel}","templated":true}]}}