{"id":1609591,"date":"2026-04-12T13:00:11","date_gmt":"2026-04-12T11:00:11","guid":{"rendered":"https:\/\/dev6.erresse-shop.it\/shop\/non%20class\u00e9\/berkel-tribute-red-trancheur-de-volant-dinertie\/"},"modified":"2025-09-14T06:32:01","modified_gmt":"2025-09-14T04:32:01","slug":"berkel-tribute-red-trancheur-de-volant-dinertie","status":"publish","type":"product","link":"https:\/\/dev6.erresse-shop.it\/fr\/shop\/petits-electromenagers\/trancheuses\/berkel-tribute-red-trancheur-de-volant-dinertie\/","title":{"rendered":"BERKEL Tribute Red trancheur de volant d&#8217;inertie"},"content":{"rendered":"<p>Le Berkel Tribute est un trancheur manuel \u00e0 volant d\u2019inertie, une r\u00e9\u00e9dition de l\u2019historique Berkel mod\u00e8le B des ann\u00e9es 1920, autrefois fabriqu\u00e9 en Indiana (USA). Ce trancheur \u00e0 volant, \u00e9quip\u00e9 de d\u00e9tails en acier inoxydable chrom\u00e9 et d\u2019une \u00e9tiquette NFC pour le certificat d\u2019authenticit\u00e9, est disponible en rouge et est un hommage \u00e0 la tradition et \u00e0 l\u2019\u00e9l\u00e9gance qui rencontrent les derni\u00e8res technologies. Id\u00e9al pour ceux qui ont besoin d\u2019un produit adapt\u00e9 \u00e0 un usage intensif, aussi bien pour la restauration que pour la maison, ce mod\u00e8le de trancheuse avec une lame de 300 mm de diam\u00e8tre et un aiguiseur int\u00e9gr\u00e9 permet d\u2019obtenir une coupe uniforme et professionnelle de la charcuterie, sans sacrifier un design pr\u00e9cieux.<\/p>\n<p>PERFORMANCE<\/p>\n<p>Structure du bo\u00eetier en alliage sp\u00e9cial d\u2019aluminium et acier inoxydable et pieds en caoutchouc pour une stabilit\u00e9 maximale pendant l\u2019utilisation.<br \/>\nLes pieds peuvent \u00eatre mont\u00e9s dans diff\u00e9rentes configurations<br \/>\nLame de 300 mm en acier chrom\u00e9 100cr6 avec profil professionnel : r\u00e9duit les d\u00e9chets et assure des tranches r\u00e9guli\u00e8res.<br \/>\nSyst\u00e8me d\u2019alimentation rapide et bouton de r\u00e9glage millim\u00e9trique de la plaque pour un positionnement parfait du produit.<br \/>\nConception classique de la tour Berkel, construction solide et \u00e9l\u00e9gance combin\u00e9es.<br \/>\nD\u00e9corations de couleur or sur toutes les parties peintes<br \/>\nVolant d\u2019inertie Berkel classique \u00e0 profil carr\u00e9 et \u00e9quilibr\u00e9 int\u00e9rieurement pour bloquer la rotation dans n\u2019importe quelle position.<br \/>\nAff\u00fbteur amovible d\u00e9j\u00e0 inclus avec syst\u00e8me d\u2019aff\u00fbtage en deux \u00e9tapes pour une pr\u00e9cision maximale<br \/>\nBouton de r\u00e9glage de l\u2019\u00e9paisseur de la tranche avec 11 positions qui permettent de r\u00e9gler l\u2019\u00e9paisseur de la tranche entre 0 mm et 1,5 mm<br \/>\n\u00c9paisseur minimale de la derni\u00e8re tranche pour minimiser le gaspillage de produit<br \/>\nGrand protecteur de tranches en acier avec crochet facile pour faciliter le d\u00e9tachement des tranches<br \/>\nTAG NFC non amovible dans le bo\u00eetier pour garantir l\u2019originalit\u00e9<\/p>\n<p>NETTOYAGE ET HYGI\u00c8NE<\/p>\n<p>Plaque et sous-plaque en acier inoxydable professionnel avec syst\u00e8me de d\u00e9verrouillage pour un nettoyage maximal<br \/>\nPoussoir assist\u00e9 en acier chrom\u00e9 pour un blocage optimal du produit<br \/>\nEspace de nettoyage g\u00e9n\u00e9reux et r\u00e9ceptacle \u00e0 d\u00e9chets arri\u00e8re<br \/>\nSyst\u00e8me de retrait rapide du rabat pour un nettoyage facile<br \/>\nGants en acier inoxydable amovibles et lavables au lave-vaisselle<\/p>\n<p>S\u00c9CURIT\u00c9<\/p>\n<p>Anneau de protection totale de la lame en acier chrom\u00e9<br \/>\nSyst\u00e8me de d\u00e9verrouillage manuel de l\u2019anneau de protection de la lame pour un fonctionnement s\u00fbr<br \/>\nCommandes ergonomiques en aluminium anodis\u00e9 noir pour faciliter la prise en main et minimiser l\u2019effort de l\u2019op\u00e9rateur.<\/p>\n<p>SP\u00c9CIFICATIONS TECHNIQUES<br \/>\nPoids 52 kg<br \/>\nHauteur [B] 700 mm<br \/>\nProfondeur [C] 805 mm<br \/>\nLargeur [A] 670 mm<br \/>\nDiam\u00e8tre de la lame 300 mm<br \/>\nMat\u00e9riau de la lame de tranchage 100Cr6<br \/>\n\u00c9paisseur de coupe 0 \u2013 1,5 mm<br \/>\nCapacit\u00e9 de coupe (circulaire) 210 mm<br \/>\nCapacit\u00e9 de coupe (rectangulaire) 270\u00d7210 mm<br \/>\nD\u00e9tails : M\u00e9canisme \u00e0 vis pour le mouvement de la garde de la lame ; D\u00e9coration et signature en berkel peint.<br \/>\nPi\u00e8ces amovibles : prot\u00e8ge-lame, bo\u00eete \u00e0 gants, plaque de recouvrement.<br \/>\nAiguisoir : inclus, deux mouvements<\/p>\n<p>Ne peut \u00eatre vendu en dehors de l\u2019Europe<\/p>\n","protected":false},"excerpt":{"rendered":"<p>Le Berkel Tribute est un trancheur manuel \u00e0 volant d\u2019inertie, une r\u00e9\u00e9dition de l\u2019historique Berkel mod\u00e8le B des ann\u00e9es 1920, autrefois fabriqu\u00e9 en Indiana (USA). Ce trancheur \u00e0 volant, \u00e9quip\u00e9 de d\u00e9tails en acier inoxydable chrom\u00e9 et d\u2019une \u00e9tiquette NFC pour le certificat d\u2019authenticit\u00e9, est disponible en rouge et est un hommage \u00e0 la tradition [&hellip;]<\/p>\n","protected":false},"featured_media":6375365,"template":"","meta":{"_acf_changed":false},"product_cat":[12055,12073],"product_tag":[],"class_list":{"0":"post-1609591","1":"product","2":"type-product","3":"status-publish","4":"has-post-thumbnail","6":"product_cat-petits-electromenagers","7":"product_cat-trancheuses","9":"first","10":"instock","11":"sale","12":"taxable","13":"shipping-taxable","14":"purchasable","15":"product-type-simple","swatches":"rey-swatches","show_selected":"","stretch_labels":"rey-swatches--stretch-labels"},"acf":[],"yoast_head":"<!-- This site is optimized with the Yoast SEO plugin v25.4 - https:\/\/yoast.com\/wordpress\/plugins\/seo\/ -->\n<title>BERKEL Tribute Red trancheur de volant d&#8217;inertie - dev6 Erresse<\/title>\n<meta name=\"description\" content=\"Le Berkel Tribute est un trancheur manuel \u00e0 volant d\u2019inertie, une r\u00e9\u00e9dition de l\u2019historique Berkel mod\u00e8le B des ann\u00e9es 1920, autrefois fabriqu\u00e9 en Indiana\" \/>\n<meta name=\"robots\" content=\"noindex, follow, max-snippet:-1, max-image-preview:large, max-video-preview:-1\" \/>\n<meta property=\"og:locale\" content=\"fr_FR\" \/>\n<meta property=\"og:type\" content=\"article\" \/>\n<meta property=\"og:title\" content=\"BERKEL Tribute Red trancheur de volant d&#8217;inertie - dev6 Erresse\" \/>\n<meta property=\"og:description\" content=\"Le Berkel Tribute est un trancheur manuel \u00e0 volant d\u2019inertie, une r\u00e9\u00e9dition de l\u2019historique Berkel mod\u00e8le B des ann\u00e9es 1920, autrefois fabriqu\u00e9 en Indiana\" \/>\n<meta property=\"og:url\" content=\"https:\/\/dev6.erresse-shop.it\/fr\/shop\/petits-electromenagers\/trancheuses\/berkel-tribute-red-trancheur-de-volant-dinertie\/\" \/>\n<meta property=\"og:site_name\" content=\"dev6 Erresse\" \/>\n<meta property=\"og:image\" content=\"https:\/\/interpim.erresse-shop.it\/Import\/Prodotti\/berkel-affettatrice-volano-tribute-rosso-1.jpg\" \/><meta property=\"og:image\" content=\"https:\/\/interpim.erresse-shop.it\/Import\/Prodotti\/berkel-affettatrice-volano-tribute-rosso-1.jpg\" \/>\n\t<meta property=\"og:image:width\" content=\"1024\" \/>\n\t<meta property=\"og:image:height\" content=\"1024\" \/>\n\t<meta property=\"og:image:type\" content=\"image\/jpeg\" \/>\n<meta name=\"twitter:card\" content=\"summary_large_image\" \/>\n<meta name=\"twitter:image\" content=\"https:\/\/interpim.erresse-shop.it\/Import\/Prodotti\/berkel-affettatrice-volano-tribute-rosso-1.jpg\" \/>\n<script type=\"application\/ld+json\" class=\"yoast-schema-graph\">{\"@context\":\"https:\/\/schema.org\",\"@graph\":[{\"@type\":\"WebPage\",\"@id\":\"https:\/\/dev6.erresse-shop.it\/fr\/shop\/petits-electromenagers\/trancheuses\/berkel-tribute-red-trancheur-de-volant-dinertie\/\",\"url\":\"https:\/\/dev6.erresse-shop.it\/fr\/shop\/petits-electromenagers\/trancheuses\/berkel-tribute-red-trancheur-de-volant-dinertie\/\",\"name\":\"BERKEL Tribute Red trancheur de volant d&#8217;inertie - dev6 Erresse\",\"isPartOf\":{\"@id\":\"https:\/\/dev6.erresse-shop.it\/#website\"},\"primaryImageOfPage\":{\"@id\":\"https:\/\/dev6.erresse-shop.it\/fr\/shop\/petits-electromenagers\/trancheuses\/berkel-tribute-red-trancheur-de-volant-dinertie\/#primaryimage\"},\"image\":{\"@id\":\"https:\/\/dev6.erresse-shop.it\/fr\/shop\/petits-electromenagers\/trancheuses\/berkel-tribute-red-trancheur-de-volant-dinertie\/#primaryimage\"},\"thumbnailUrl\":\"https:\/\/i1.wp.com\/interpim.erresse-shop.it\/Import\/Prodotti\/berkel-affettatrice-volano-tribute-rosso-1.jpg?ssl=1\",\"datePublished\":\"2026-04-12T11:00:11+00:00\",\"description\":\"Le Berkel Tribute est un trancheur manuel \u00e0 volant d\u2019inertie, une r\u00e9\u00e9dition de l\u2019historique Berkel mod\u00e8le B des ann\u00e9es 1920, autrefois fabriqu\u00e9 en Indiana\",\"breadcrumb\":{\"@id\":\"https:\/\/dev6.erresse-shop.it\/fr\/shop\/petits-electromenagers\/trancheuses\/berkel-tribute-red-trancheur-de-volant-dinertie\/#breadcrumb\"},\"inLanguage\":\"fr-FR\",\"potentialAction\":[{\"@type\":\"ReadAction\",\"target\":[\"https:\/\/dev6.erresse-shop.it\/fr\/shop\/petits-electromenagers\/trancheuses\/berkel-tribute-red-trancheur-de-volant-dinertie\/\"]}]},{\"@type\":\"ImageObject\",\"inLanguage\":\"fr-FR\",\"@id\":\"https:\/\/dev6.erresse-shop.it\/fr\/shop\/petits-electromenagers\/trancheuses\/berkel-tribute-red-trancheur-de-volant-dinertie\/#primaryimage\",\"url\":\"https:\/\/i1.wp.com\/interpim.erresse-shop.it\/Import\/Prodotti\/berkel-affettatrice-volano-tribute-rosso-1.jpg?ssl=1\",\"contentUrl\":\"https:\/\/i1.wp.com\/interpim.erresse-shop.it\/Import\/Prodotti\/berkel-affettatrice-volano-tribute-rosso-1.jpg?ssl=1\"},{\"@type\":\"BreadcrumbList\",\"@id\":\"https:\/\/dev6.erresse-shop.it\/fr\/shop\/petits-electromenagers\/trancheuses\/berkel-tribute-red-trancheur-de-volant-dinertie\/#breadcrumb\",\"itemListElement\":[{\"@type\":\"ListItem\",\"position\":1,\"name\":\"Home\",\"item\":\"https:\/\/dev6.erresse-shop.it\/\"},{\"@type\":\"ListItem\",\"position\":2,\"name\":\"Boutique\",\"item\":\"https:\/\/dev6.erresse-shop.it\/shop\/\"},{\"@type\":\"ListItem\",\"position\":3,\"name\":\"BERKEL Tribute Red trancheur de volant d&#8217;inertie\"}]},{\"@type\":\"WebSite\",\"@id\":\"https:\/\/dev6.erresse-shop.it\/#website\",\"url\":\"https:\/\/dev6.erresse-shop.it\/\",\"name\":\"Erresse Shop\",\"description\":\"\",\"publisher\":{\"@id\":\"https:\/\/dev6.erresse-shop.it\/#organization\"},\"potentialAction\":[{\"@type\":\"SearchAction\",\"target\":{\"@type\":\"EntryPoint\",\"urlTemplate\":\"https:\/\/dev6.erresse-shop.it\/?s={search_term_string}\"},\"query-input\":{\"@type\":\"PropertyValueSpecification\",\"valueRequired\":true,\"valueName\":\"search_term_string\"}}],\"inLanguage\":\"fr-FR\"},{\"@type\":\"Organization\",\"@id\":\"https:\/\/dev6.erresse-shop.it\/#organization\",\"name\":\"Erresse Shop\",\"url\":\"https:\/\/dev6.erresse-shop.it\/\",\"logo\":{\"@type\":\"ImageObject\",\"inLanguage\":\"fr-FR\",\"@id\":\"https:\/\/dev6.erresse-shop.it\/#\/schema\/logo\/image\/\",\"url\":\"https:\/\/dev6.erresse-shop.it\/wp-content\/uploads\/2025\/01\/LOGO-ERRESSE-CLASSICO.svg\",\"contentUrl\":\"https:\/\/dev6.erresse-shop.it\/wp-content\/uploads\/2025\/01\/LOGO-ERRESSE-CLASSICO.svg\",\"caption\":\"Erresse Shop\"},\"image\":{\"@id\":\"https:\/\/dev6.erresse-shop.it\/#\/schema\/logo\/image\/\"}}]}<\/script>\n<!-- \/ Yoast SEO plugin. -->","yoast_head_json":{"title":"BERKEL Tribute Red trancheur de volant d&#8217;inertie - dev6 Erresse","description":"Le Berkel Tribute est un trancheur manuel \u00e0 volant d\u2019inertie, une r\u00e9\u00e9dition de l\u2019historique Berkel mod\u00e8le B des ann\u00e9es 1920, autrefois fabriqu\u00e9 en Indiana","robots":{"index":"noindex","follow":"follow","max-snippet":"max-snippet:-1","max-image-preview":"max-image-preview:large","max-video-preview":"max-video-preview:-1"},"og_locale":"fr_FR","og_type":"article","og_title":"BERKEL Tribute Red trancheur de volant d&#8217;inertie - dev6 Erresse","og_description":"Le Berkel Tribute est un trancheur manuel \u00e0 volant d\u2019inertie, une r\u00e9\u00e9dition de l\u2019historique Berkel mod\u00e8le B des ann\u00e9es 1920, autrefois fabriqu\u00e9 en Indiana","og_url":"https:\/\/dev6.erresse-shop.it\/fr\/shop\/petits-electromenagers\/trancheuses\/berkel-tribute-red-trancheur-de-volant-dinertie\/","og_site_name":"dev6 Erresse","og_image":[{"url":"https:\/\/interpim.erresse-shop.it\/Import\/Prodotti\/berkel-affettatrice-volano-tribute-rosso-1.jpg","type":"","width":"","height":""},{"url":"https:\/\/interpim.erresse-shop.it\/Import\/Prodotti\/berkel-affettatrice-volano-tribute-rosso-1.jpg","width":1024,"height":1024,"type":"image\/jpeg"}],"twitter_card":"summary_large_image","twitter_image":"https:\/\/interpim.erresse-shop.it\/Import\/Prodotti\/berkel-affettatrice-volano-tribute-rosso-1.jpg","schema":{"@context":"https:\/\/schema.org","@graph":[{"@type":"WebPage","@id":"https:\/\/dev6.erresse-shop.it\/fr\/shop\/petits-electromenagers\/trancheuses\/berkel-tribute-red-trancheur-de-volant-dinertie\/","url":"https:\/\/dev6.erresse-shop.it\/fr\/shop\/petits-electromenagers\/trancheuses\/berkel-tribute-red-trancheur-de-volant-dinertie\/","name":"BERKEL Tribute Red trancheur de volant d&#8217;inertie - dev6 Erresse","isPartOf":{"@id":"https:\/\/dev6.erresse-shop.it\/#website"},"primaryImageOfPage":{"@id":"https:\/\/dev6.erresse-shop.it\/fr\/shop\/petits-electromenagers\/trancheuses\/berkel-tribute-red-trancheur-de-volant-dinertie\/#primaryimage"},"image":{"@id":"https:\/\/dev6.erresse-shop.it\/fr\/shop\/petits-electromenagers\/trancheuses\/berkel-tribute-red-trancheur-de-volant-dinertie\/#primaryimage"},"thumbnailUrl":"https:\/\/i1.wp.com\/interpim.erresse-shop.it\/Import\/Prodotti\/berkel-affettatrice-volano-tribute-rosso-1.jpg?ssl=1","datePublished":"2026-04-12T11:00:11+00:00","description":"Le Berkel Tribute est un trancheur manuel \u00e0 volant d\u2019inertie, une r\u00e9\u00e9dition de l\u2019historique Berkel mod\u00e8le B des ann\u00e9es 1920, autrefois fabriqu\u00e9 en Indiana","breadcrumb":{"@id":"https:\/\/dev6.erresse-shop.it\/fr\/shop\/petits-electromenagers\/trancheuses\/berkel-tribute-red-trancheur-de-volant-dinertie\/#breadcrumb"},"inLanguage":"fr-FR","potentialAction":[{"@type":"ReadAction","target":["https:\/\/dev6.erresse-shop.it\/fr\/shop\/petits-electromenagers\/trancheuses\/berkel-tribute-red-trancheur-de-volant-dinertie\/"]}]},{"@type":"ImageObject","inLanguage":"fr-FR","@id":"https:\/\/dev6.erresse-shop.it\/fr\/shop\/petits-electromenagers\/trancheuses\/berkel-tribute-red-trancheur-de-volant-dinertie\/#primaryimage","url":"https:\/\/i1.wp.com\/interpim.erresse-shop.it\/Import\/Prodotti\/berkel-affettatrice-volano-tribute-rosso-1.jpg?ssl=1","contentUrl":"https:\/\/i1.wp.com\/interpim.erresse-shop.it\/Import\/Prodotti\/berkel-affettatrice-volano-tribute-rosso-1.jpg?ssl=1"},{"@type":"BreadcrumbList","@id":"https:\/\/dev6.erresse-shop.it\/fr\/shop\/petits-electromenagers\/trancheuses\/berkel-tribute-red-trancheur-de-volant-dinertie\/#breadcrumb","itemListElement":[{"@type":"ListItem","position":1,"name":"Home","item":"https:\/\/dev6.erresse-shop.it\/"},{"@type":"ListItem","position":2,"name":"Boutique","item":"https:\/\/dev6.erresse-shop.it\/shop\/"},{"@type":"ListItem","position":3,"name":"BERKEL Tribute Red trancheur de volant d&#8217;inertie"}]},{"@type":"WebSite","@id":"https:\/\/dev6.erresse-shop.it\/#website","url":"https:\/\/dev6.erresse-shop.it\/","name":"Erresse Shop","description":"","publisher":{"@id":"https:\/\/dev6.erresse-shop.it\/#organization"},"potentialAction":[{"@type":"SearchAction","target":{"@type":"EntryPoint","urlTemplate":"https:\/\/dev6.erresse-shop.it\/?s={search_term_string}"},"query-input":{"@type":"PropertyValueSpecification","valueRequired":true,"valueName":"search_term_string"}}],"inLanguage":"fr-FR"},{"@type":"Organization","@id":"https:\/\/dev6.erresse-shop.it\/#organization","name":"Erresse Shop","url":"https:\/\/dev6.erresse-shop.it\/","logo":{"@type":"ImageObject","inLanguage":"fr-FR","@id":"https:\/\/dev6.erresse-shop.it\/#\/schema\/logo\/image\/","url":"https:\/\/dev6.erresse-shop.it\/wp-content\/uploads\/2025\/01\/LOGO-ERRESSE-CLASSICO.svg","contentUrl":"https:\/\/dev6.erresse-shop.it\/wp-content\/uploads\/2025\/01\/LOGO-ERRESSE-CLASSICO.svg","caption":"Erresse Shop"},"image":{"@id":"https:\/\/dev6.erresse-shop.it\/#\/schema\/logo\/image\/"}}]}},"df_price":6799,"df_sale_price":6799,"df_regular_price":8819,"df_image_link":"https:\/\/i1.wp.com\/interpim.erresse-shop.it\/Import\/Prodotti\/berkel-affettatrice-volano-tribute-rosso-1.jpg?resize=300,300&ssl=1","fifu_image_url":"https:\/\/interpim.erresse-shop.it\/Import\/Prodotti\/berkel-affettatrice-volano-tribute-rosso-1.jpg","_links":{"self":[{"href":"https:\/\/dev6.erresse-shop.it\/fr\/wp-json\/wp\/v2\/product\/1609591","targetHints":{"allow":["GET"]}}],"collection":[{"href":"https:\/\/dev6.erresse-shop.it\/fr\/wp-json\/wp\/v2\/product"}],"about":[{"href":"https:\/\/dev6.erresse-shop.it\/fr\/wp-json\/wp\/v2\/types\/product"}],"wp:featuredmedia":[{"embeddable":true,"href":"https:\/\/dev6.erresse-shop.it\/fr\/wp-json\/wp\/v2\/media\/6375365"}],"wp:attachment":[{"href":"https:\/\/dev6.erresse-shop.it\/fr\/wp-json\/wp\/v2\/media?parent=1609591"}],"wp:term":[{"taxonomy":"product_cat","embeddable":true,"href":"https:\/\/dev6.erresse-shop.it\/fr\/wp-json\/wp\/v2\/product_cat?post=1609591"},{"taxonomy":"product_tag","embeddable":true,"href":"https:\/\/dev6.erresse-shop.it\/fr\/wp-json\/wp\/v2\/product_tag?post=1609591"}],"curies":[{"name":"wp","href":"https:\/\/api.w.org\/{rel}","templated":true}]}}