{"id":1609571,"date":"2026-04-12T12:57:42","date_gmt":"2026-04-12T10:57:42","guid":{"rendered":"https:\/\/dev6.erresse-shop.it\/shop\/non%20class\u00e9\/berkel-jeu-de-6-couteaux-dentes-a-steak-adhoc-noir\/"},"modified":"2025-09-14T06:31:16","modified_gmt":"2025-09-14T04:31:16","slug":"berkel-jeu-de-6-couteaux-dentes-a-steak-adhoc-noir","status":"publish","type":"product","link":"https:\/\/dev6.erresse-shop.it\/fr\/shop\/cuisine\/couteaux\/couteaux-de-table\/berkel-jeu-de-6-couteaux-dentes-a-steak-adhoc-noir\/","title":{"rendered":"BERKEL Jeu de 6 Couteaux Dent\u00e9s \u00e0 Steak Adhoc Noir"},"content":{"rendered":"<p>JEU DE 6 COUTEAUX DE TABLE POUR PLATS DE VIANDE<br \/>\nCe couteau \u00e0 steak court est facile \u00e0 manier avec une lame dentel\u00e9e qui glisse en acier inoxydable sur la viande donnant une coupe nette et pr\u00e9cise gr\u00e2ce \u00e0 son tranchant. Cet ensemble de couteaux \u00e0 viande est con\u00e7u pour r\u00e9sister \u00e0 la corrosion et au frottement avec la c\u00e9ramique de la plaque, ce qui les rend parfaits pour une utilisation quotidienne.<\/p>\n<p>Lame en acier 1.4116-X50 Cr Mo V15 de haute qualit\u00e9<br \/>\nLame en acier d\u00e9coup\u00e9e au laser<br \/>\nManche en r\u00e9sine compos\u00e9 de deux \u00e9chelles assembl\u00e9es avec des rivets en acier inoxydable AISI 304<br \/>\nBol en acier garantissant une stabilit\u00e9 maximale et un \u00e9quilibre parfait lors de l\u2019utilisation<br \/>\nLogo Berkel grav\u00e9 sur la lame<\/p>\n<p>CARACT\u00c9RISTIQUES<br \/>\nPoids : 390 gr<br \/>\nTaille de la lame : 11 cm<br \/>\nLongueur totale : 22 cm<br \/>\nMat\u00e9riau de la lame : Forg\u00e9e en acier inoxydable 1.4116-X50 Cr Mo V15 ; Duret\u00e9 apr\u00e8s T.T. : 59 HRC ; Certificat Catra : Tr\u00e8s bon<br \/>\nPoign\u00e9e : Plaquettes en polym\u00e8re technique assembl\u00e9es avec des rivets<br \/>\nUtilisation et entretien : Nous recommandons vivement le lavage manuel \u00e0 l\u2019eau chaude pour garantir l\u2019int\u00e9grit\u00e9 et la durabilit\u00e9 du produit. Dans tous les cas, nous vous conseillons de s\u00e9cher le couteau apr\u00e8s chaque lavage. N\u2019utilisez pas de tissus ou d\u2019\u00e9ponges abrasives.<\/p>\n","protected":false},"excerpt":{"rendered":"<p>JEU DE 6 COUTEAUX DE TABLE POUR PLATS DE VIANDE Ce couteau \u00e0 steak court est facile \u00e0 manier avec une lame dentel\u00e9e qui glisse en acier inoxydable sur la viande donnant une coupe nette et pr\u00e9cise gr\u00e2ce \u00e0 son tranchant. Cet ensemble de couteaux \u00e0 viande est con\u00e7u pour r\u00e9sister \u00e0 la corrosion et [&hellip;]<\/p>\n","protected":false},"featured_media":6375069,"template":"","meta":{"_acf_changed":false},"product_cat":[11994,11992],"product_tag":[],"class_list":{"0":"post-1609571","1":"product","2":"type-product","3":"status-publish","4":"has-post-thumbnail","6":"product_cat-couteaux-de-table","7":"product_cat-cuisine","9":"first","10":"instock","11":"sale","12":"taxable","13":"shipping-taxable","14":"purchasable","15":"product-type-simple","swatches":"rey-swatches","show_selected":"","stretch_labels":"rey-swatches--stretch-labels"},"acf":[],"yoast_head":"<!-- This site is optimized with the Yoast SEO plugin v25.4 - https:\/\/yoast.com\/wordpress\/plugins\/seo\/ -->\n<title>BERKEL Jeu de 6 Couteaux Dent\u00e9s \u00e0 Steak Adhoc Noir - dev6 Erresse<\/title>\n<meta name=\"description\" content=\"JEU DE 6 COUTEAUX DE TABLE POUR PLATS DE VIANDE Ce couteau \u00e0 steak court est facile \u00e0 manier avec une lame dentel\u00e9e qui glisse en acier inoxydable sur la\" \/>\n<meta name=\"robots\" content=\"noindex, follow, max-snippet:-1, max-image-preview:large, max-video-preview:-1\" \/>\n<meta property=\"og:locale\" content=\"fr_FR\" \/>\n<meta property=\"og:type\" content=\"article\" \/>\n<meta property=\"og:title\" content=\"BERKEL Jeu de 6 Couteaux Dent\u00e9s \u00e0 Steak Adhoc Noir - dev6 Erresse\" \/>\n<meta property=\"og:description\" content=\"JEU DE 6 COUTEAUX DE TABLE POUR PLATS DE VIANDE Ce couteau \u00e0 steak court est facile \u00e0 manier avec une lame dentel\u00e9e qui glisse en acier inoxydable sur la\" \/>\n<meta property=\"og:url\" content=\"https:\/\/dev6.erresse-shop.it\/fr\/shop\/cuisine\/couteaux\/couteaux-de-table\/berkel-jeu-de-6-couteaux-dentes-a-steak-adhoc-noir\/\" \/>\n<meta property=\"og:site_name\" content=\"dev6 Erresse\" \/>\n<meta property=\"og:image\" content=\"https:\/\/interpim.erresse-shop.it\/Import\/Prodotti\/berkel-set-6-coltelli-bistecca-seghettati-nero.jpg\" \/><meta property=\"og:image\" content=\"https:\/\/interpim.erresse-shop.it\/Import\/Prodotti\/berkel-set-6-coltelli-bistecca-seghettati-nero.jpg\" \/>\n\t<meta property=\"og:image:width\" content=\"1024\" \/>\n\t<meta property=\"og:image:height\" content=\"1024\" \/>\n\t<meta property=\"og:image:type\" content=\"image\/jpeg\" \/>\n<meta name=\"twitter:card\" content=\"summary_large_image\" \/>\n<meta name=\"twitter:image\" content=\"https:\/\/interpim.erresse-shop.it\/Import\/Prodotti\/berkel-set-6-coltelli-bistecca-seghettati-nero.jpg\" \/>\n<script type=\"application\/ld+json\" class=\"yoast-schema-graph\">{\"@context\":\"https:\/\/schema.org\",\"@graph\":[{\"@type\":\"WebPage\",\"@id\":\"https:\/\/dev6.erresse-shop.it\/fr\/shop\/cuisine\/couteaux\/couteaux-de-table\/berkel-jeu-de-6-couteaux-dentes-a-steak-adhoc-noir\/\",\"url\":\"https:\/\/dev6.erresse-shop.it\/fr\/shop\/cuisine\/couteaux\/couteaux-de-table\/berkel-jeu-de-6-couteaux-dentes-a-steak-adhoc-noir\/\",\"name\":\"BERKEL Jeu de 6 Couteaux Dent\u00e9s \u00e0 Steak Adhoc Noir - dev6 Erresse\",\"isPartOf\":{\"@id\":\"https:\/\/dev6.erresse-shop.it\/#website\"},\"primaryImageOfPage\":{\"@id\":\"https:\/\/dev6.erresse-shop.it\/fr\/shop\/cuisine\/couteaux\/couteaux-de-table\/berkel-jeu-de-6-couteaux-dentes-a-steak-adhoc-noir\/#primaryimage\"},\"image\":{\"@id\":\"https:\/\/dev6.erresse-shop.it\/fr\/shop\/cuisine\/couteaux\/couteaux-de-table\/berkel-jeu-de-6-couteaux-dentes-a-steak-adhoc-noir\/#primaryimage\"},\"thumbnailUrl\":\"https:\/\/i2.wp.com\/interpim.erresse-shop.it\/Import\/Prodotti\/berkel-set-6-coltelli-bistecca-seghettati-nero.jpg?ssl=1\",\"datePublished\":\"2026-04-12T10:57:42+00:00\",\"description\":\"JEU DE 6 COUTEAUX DE TABLE POUR PLATS DE VIANDE Ce couteau \u00e0 steak court est facile \u00e0 manier avec une lame dentel\u00e9e qui glisse en acier inoxydable sur la\",\"breadcrumb\":{\"@id\":\"https:\/\/dev6.erresse-shop.it\/fr\/shop\/cuisine\/couteaux\/couteaux-de-table\/berkel-jeu-de-6-couteaux-dentes-a-steak-adhoc-noir\/#breadcrumb\"},\"inLanguage\":\"fr-FR\",\"potentialAction\":[{\"@type\":\"ReadAction\",\"target\":[\"https:\/\/dev6.erresse-shop.it\/fr\/shop\/cuisine\/couteaux\/couteaux-de-table\/berkel-jeu-de-6-couteaux-dentes-a-steak-adhoc-noir\/\"]}]},{\"@type\":\"ImageObject\",\"inLanguage\":\"fr-FR\",\"@id\":\"https:\/\/dev6.erresse-shop.it\/fr\/shop\/cuisine\/couteaux\/couteaux-de-table\/berkel-jeu-de-6-couteaux-dentes-a-steak-adhoc-noir\/#primaryimage\",\"url\":\"https:\/\/i2.wp.com\/interpim.erresse-shop.it\/Import\/Prodotti\/berkel-set-6-coltelli-bistecca-seghettati-nero.jpg?ssl=1\",\"contentUrl\":\"https:\/\/i2.wp.com\/interpim.erresse-shop.it\/Import\/Prodotti\/berkel-set-6-coltelli-bistecca-seghettati-nero.jpg?ssl=1\"},{\"@type\":\"BreadcrumbList\",\"@id\":\"https:\/\/dev6.erresse-shop.it\/fr\/shop\/cuisine\/couteaux\/couteaux-de-table\/berkel-jeu-de-6-couteaux-dentes-a-steak-adhoc-noir\/#breadcrumb\",\"itemListElement\":[{\"@type\":\"ListItem\",\"position\":1,\"name\":\"Home\",\"item\":\"https:\/\/dev6.erresse-shop.it\/\"},{\"@type\":\"ListItem\",\"position\":2,\"name\":\"Boutique\",\"item\":\"https:\/\/dev6.erresse-shop.it\/shop\/\"},{\"@type\":\"ListItem\",\"position\":3,\"name\":\"BERKEL Jeu de 6 Couteaux Dent\u00e9s \u00e0 Steak Adhoc Noir\"}]},{\"@type\":\"WebSite\",\"@id\":\"https:\/\/dev6.erresse-shop.it\/#website\",\"url\":\"https:\/\/dev6.erresse-shop.it\/\",\"name\":\"Erresse Shop\",\"description\":\"\",\"publisher\":{\"@id\":\"https:\/\/dev6.erresse-shop.it\/#organization\"},\"potentialAction\":[{\"@type\":\"SearchAction\",\"target\":{\"@type\":\"EntryPoint\",\"urlTemplate\":\"https:\/\/dev6.erresse-shop.it\/?s={search_term_string}\"},\"query-input\":{\"@type\":\"PropertyValueSpecification\",\"valueRequired\":true,\"valueName\":\"search_term_string\"}}],\"inLanguage\":\"fr-FR\"},{\"@type\":\"Organization\",\"@id\":\"https:\/\/dev6.erresse-shop.it\/#organization\",\"name\":\"Erresse Shop\",\"url\":\"https:\/\/dev6.erresse-shop.it\/\",\"logo\":{\"@type\":\"ImageObject\",\"inLanguage\":\"fr-FR\",\"@id\":\"https:\/\/dev6.erresse-shop.it\/#\/schema\/logo\/image\/\",\"url\":\"https:\/\/dev6.erresse-shop.it\/wp-content\/uploads\/2025\/01\/LOGO-ERRESSE-CLASSICO.svg\",\"contentUrl\":\"https:\/\/dev6.erresse-shop.it\/wp-content\/uploads\/2025\/01\/LOGO-ERRESSE-CLASSICO.svg\",\"caption\":\"Erresse Shop\"},\"image\":{\"@id\":\"https:\/\/dev6.erresse-shop.it\/#\/schema\/logo\/image\/\"}}]}<\/script>\n<!-- \/ Yoast SEO plugin. -->","yoast_head_json":{"title":"BERKEL Jeu de 6 Couteaux Dent\u00e9s \u00e0 Steak Adhoc Noir - dev6 Erresse","description":"JEU DE 6 COUTEAUX DE TABLE POUR PLATS DE VIANDE Ce couteau \u00e0 steak court est facile \u00e0 manier avec une lame dentel\u00e9e qui glisse en acier inoxydable sur la","robots":{"index":"noindex","follow":"follow","max-snippet":"max-snippet:-1","max-image-preview":"max-image-preview:large","max-video-preview":"max-video-preview:-1"},"og_locale":"fr_FR","og_type":"article","og_title":"BERKEL Jeu de 6 Couteaux Dent\u00e9s \u00e0 Steak Adhoc Noir - dev6 Erresse","og_description":"JEU DE 6 COUTEAUX DE TABLE POUR PLATS DE VIANDE Ce couteau \u00e0 steak court est facile \u00e0 manier avec une lame dentel\u00e9e qui glisse en acier inoxydable sur la","og_url":"https:\/\/dev6.erresse-shop.it\/fr\/shop\/cuisine\/couteaux\/couteaux-de-table\/berkel-jeu-de-6-couteaux-dentes-a-steak-adhoc-noir\/","og_site_name":"dev6 Erresse","og_image":[{"url":"https:\/\/interpim.erresse-shop.it\/Import\/Prodotti\/berkel-set-6-coltelli-bistecca-seghettati-nero.jpg","type":"","width":"","height":""},{"url":"https:\/\/interpim.erresse-shop.it\/Import\/Prodotti\/berkel-set-6-coltelli-bistecca-seghettati-nero.jpg","width":1024,"height":1024,"type":"image\/jpeg"}],"twitter_card":"summary_large_image","twitter_image":"https:\/\/interpim.erresse-shop.it\/Import\/Prodotti\/berkel-set-6-coltelli-bistecca-seghettati-nero.jpg","schema":{"@context":"https:\/\/schema.org","@graph":[{"@type":"WebPage","@id":"https:\/\/dev6.erresse-shop.it\/fr\/shop\/cuisine\/couteaux\/couteaux-de-table\/berkel-jeu-de-6-couteaux-dentes-a-steak-adhoc-noir\/","url":"https:\/\/dev6.erresse-shop.it\/fr\/shop\/cuisine\/couteaux\/couteaux-de-table\/berkel-jeu-de-6-couteaux-dentes-a-steak-adhoc-noir\/","name":"BERKEL Jeu de 6 Couteaux Dent\u00e9s \u00e0 Steak Adhoc Noir - dev6 Erresse","isPartOf":{"@id":"https:\/\/dev6.erresse-shop.it\/#website"},"primaryImageOfPage":{"@id":"https:\/\/dev6.erresse-shop.it\/fr\/shop\/cuisine\/couteaux\/couteaux-de-table\/berkel-jeu-de-6-couteaux-dentes-a-steak-adhoc-noir\/#primaryimage"},"image":{"@id":"https:\/\/dev6.erresse-shop.it\/fr\/shop\/cuisine\/couteaux\/couteaux-de-table\/berkel-jeu-de-6-couteaux-dentes-a-steak-adhoc-noir\/#primaryimage"},"thumbnailUrl":"https:\/\/i2.wp.com\/interpim.erresse-shop.it\/Import\/Prodotti\/berkel-set-6-coltelli-bistecca-seghettati-nero.jpg?ssl=1","datePublished":"2026-04-12T10:57:42+00:00","description":"JEU DE 6 COUTEAUX DE TABLE POUR PLATS DE VIANDE Ce couteau \u00e0 steak court est facile \u00e0 manier avec une lame dentel\u00e9e qui glisse en acier inoxydable sur la","breadcrumb":{"@id":"https:\/\/dev6.erresse-shop.it\/fr\/shop\/cuisine\/couteaux\/couteaux-de-table\/berkel-jeu-de-6-couteaux-dentes-a-steak-adhoc-noir\/#breadcrumb"},"inLanguage":"fr-FR","potentialAction":[{"@type":"ReadAction","target":["https:\/\/dev6.erresse-shop.it\/fr\/shop\/cuisine\/couteaux\/couteaux-de-table\/berkel-jeu-de-6-couteaux-dentes-a-steak-adhoc-noir\/"]}]},{"@type":"ImageObject","inLanguage":"fr-FR","@id":"https:\/\/dev6.erresse-shop.it\/fr\/shop\/cuisine\/couteaux\/couteaux-de-table\/berkel-jeu-de-6-couteaux-dentes-a-steak-adhoc-noir\/#primaryimage","url":"https:\/\/i2.wp.com\/interpim.erresse-shop.it\/Import\/Prodotti\/berkel-set-6-coltelli-bistecca-seghettati-nero.jpg?ssl=1","contentUrl":"https:\/\/i2.wp.com\/interpim.erresse-shop.it\/Import\/Prodotti\/berkel-set-6-coltelli-bistecca-seghettati-nero.jpg?ssl=1"},{"@type":"BreadcrumbList","@id":"https:\/\/dev6.erresse-shop.it\/fr\/shop\/cuisine\/couteaux\/couteaux-de-table\/berkel-jeu-de-6-couteaux-dentes-a-steak-adhoc-noir\/#breadcrumb","itemListElement":[{"@type":"ListItem","position":1,"name":"Home","item":"https:\/\/dev6.erresse-shop.it\/"},{"@type":"ListItem","position":2,"name":"Boutique","item":"https:\/\/dev6.erresse-shop.it\/shop\/"},{"@type":"ListItem","position":3,"name":"BERKEL Jeu de 6 Couteaux Dent\u00e9s \u00e0 Steak Adhoc Noir"}]},{"@type":"WebSite","@id":"https:\/\/dev6.erresse-shop.it\/#website","url":"https:\/\/dev6.erresse-shop.it\/","name":"Erresse Shop","description":"","publisher":{"@id":"https:\/\/dev6.erresse-shop.it\/#organization"},"potentialAction":[{"@type":"SearchAction","target":{"@type":"EntryPoint","urlTemplate":"https:\/\/dev6.erresse-shop.it\/?s={search_term_string}"},"query-input":{"@type":"PropertyValueSpecification","valueRequired":true,"valueName":"search_term_string"}}],"inLanguage":"fr-FR"},{"@type":"Organization","@id":"https:\/\/dev6.erresse-shop.it\/#organization","name":"Erresse Shop","url":"https:\/\/dev6.erresse-shop.it\/","logo":{"@type":"ImageObject","inLanguage":"fr-FR","@id":"https:\/\/dev6.erresse-shop.it\/#\/schema\/logo\/image\/","url":"https:\/\/dev6.erresse-shop.it\/wp-content\/uploads\/2025\/01\/LOGO-ERRESSE-CLASSICO.svg","contentUrl":"https:\/\/dev6.erresse-shop.it\/wp-content\/uploads\/2025\/01\/LOGO-ERRESSE-CLASSICO.svg","caption":"Erresse Shop"},"image":{"@id":"https:\/\/dev6.erresse-shop.it\/#\/schema\/logo\/image\/"}}]}},"df_price":92,"df_sale_price":92,"df_regular_price":130,"df_image_link":"https:\/\/i2.wp.com\/interpim.erresse-shop.it\/Import\/Prodotti\/berkel-set-6-coltelli-bistecca-seghettati-nero.jpg?resize=300,300&ssl=1","fifu_image_url":"https:\/\/interpim.erresse-shop.it\/Import\/Prodotti\/berkel-set-6-coltelli-bistecca-seghettati-nero.jpg","_links":{"self":[{"href":"https:\/\/dev6.erresse-shop.it\/fr\/wp-json\/wp\/v2\/product\/1609571","targetHints":{"allow":["GET"]}}],"collection":[{"href":"https:\/\/dev6.erresse-shop.it\/fr\/wp-json\/wp\/v2\/product"}],"about":[{"href":"https:\/\/dev6.erresse-shop.it\/fr\/wp-json\/wp\/v2\/types\/product"}],"wp:featuredmedia":[{"embeddable":true,"href":"https:\/\/dev6.erresse-shop.it\/fr\/wp-json\/wp\/v2\/media\/6375069"}],"wp:attachment":[{"href":"https:\/\/dev6.erresse-shop.it\/fr\/wp-json\/wp\/v2\/media?parent=1609571"}],"wp:term":[{"taxonomy":"product_cat","embeddable":true,"href":"https:\/\/dev6.erresse-shop.it\/fr\/wp-json\/wp\/v2\/product_cat?post=1609571"},{"taxonomy":"product_tag","embeddable":true,"href":"https:\/\/dev6.erresse-shop.it\/fr\/wp-json\/wp\/v2\/product_tag?post=1609571"}],"curies":[{"name":"wp","href":"https:\/\/api.w.org\/{rel}","templated":true}]}}