{"id":1609561,"date":"2026-04-12T12:57:42","date_gmt":"2026-04-12T10:57:42","guid":{"rendered":"https:\/\/dev6.erresse-shop.it\/shop\/non%20class\u00e9\/bordallo-pinheiro-jeu-de-4-assiettes-a-fruits-tomate-21-cm\/"},"modified":"2026-01-09T02:13:26","modified_gmt":"2026-01-09T01:13:26","slug":"bordallo-pinheiro-jeu-de-4-assiettes-a-fruits-tomate-21-cm","status":"publish","type":"product","link":"https:\/\/dev6.erresse-shop.it\/fr\/shop\/table-fr-2\/plats\/bordallo-pinheiro-jeu-de-4-assiettes-a-fruits-tomate-21-cm\/","title":{"rendered":"BORDALLO PINHEIRO Jeu de 4 Assiettes \u00e0 Fruits Tomate 21 cm"},"content":{"rendered":"<p>Riches en couleurs, ces plats en terre cuite peints \u00e0 la main apportent nature, humour et joie \u00e0 votre table. Tomato est un parfait exemple de la mani\u00e8re dont la non-conformit\u00e9 cr\u00e9ative et la fonctionnalit\u00e9 ne s\u2019excluent pas mutuellement.<\/p>\n<p>Mat\u00e9riau : terre cuite<\/p>\n","protected":false},"excerpt":{"rendered":"<p>Riches en couleurs, ces plats en terre cuite peints \u00e0 la main apportent nature, humour et joie \u00e0 votre table. Tomato est un parfait exemple de la mani\u00e8re dont la non-conformit\u00e9 cr\u00e9ative et la fonctionnalit\u00e9 ne s\u2019excluent pas mutuellement. Mat\u00e9riau : terre cuite<\/p>\n","protected":false},"featured_media":6375026,"template":"","meta":{"_acf_changed":false},"product_cat":[12014,11995],"product_tag":[],"class_list":{"0":"post-1609561","1":"product","2":"type-product","3":"status-publish","4":"has-post-thumbnail","6":"product_cat-plats","7":"product_cat-table-fr-2","9":"first","10":"instock","11":"sale","12":"taxable","13":"shipping-taxable","14":"purchasable","15":"product-type-simple","swatches":"rey-swatches","show_selected":"","stretch_labels":"rey-swatches--stretch-labels"},"acf":[],"yoast_head":"<!-- This site is optimized with the Yoast SEO plugin v25.4 - https:\/\/yoast.com\/wordpress\/plugins\/seo\/ -->\n<title>BORDALLO PINHEIRO Jeu de 4 Assiettes \u00e0 Fruits Tomate 21 cm - dev6 Erresse<\/title>\n<meta name=\"description\" content=\"Riches en couleurs, ces plats en terre cuite peints \u00e0 la main apportent nature, humour et joie \u00e0 votre table. Tomato est un parfait exemple de la mani\u00e8re\" \/>\n<meta name=\"robots\" content=\"noindex, follow, max-snippet:-1, max-image-preview:large, max-video-preview:-1\" \/>\n<meta property=\"og:locale\" content=\"fr_FR\" \/>\n<meta property=\"og:type\" content=\"article\" \/>\n<meta property=\"og:title\" content=\"BORDALLO PINHEIRO Jeu de 4 Assiettes \u00e0 Fruits Tomate 21 cm - dev6 Erresse\" \/>\n<meta property=\"og:description\" content=\"Riches en couleurs, ces plats en terre cuite peints \u00e0 la main apportent nature, humour et joie \u00e0 votre table. Tomato est un parfait exemple de la mani\u00e8re\" \/>\n<meta property=\"og:url\" content=\"https:\/\/dev6.erresse-shop.it\/fr\/shop\/table-fr-2\/plats\/bordallo-pinheiro-jeu-de-4-assiettes-a-fruits-tomate-21-cm\/\" \/>\n<meta property=\"og:site_name\" content=\"dev6 Erresse\" \/>\n<meta property=\"og:image\" content=\"https:\/\/interpim.erresse-shop.it\/Import\/Prodotti\/bordallo-pinheiro-piatto-frutta-pomodoro.jpg\" \/><meta property=\"og:image\" content=\"https:\/\/interpim.erresse-shop.it\/Import\/Prodotti\/bordallo-pinheiro-piatto-frutta-pomodoro.jpg\" \/>\n\t<meta property=\"og:image:width\" content=\"1024\" \/>\n\t<meta property=\"og:image:height\" content=\"1024\" \/>\n\t<meta property=\"og:image:type\" content=\"image\/jpeg\" \/>\n<meta name=\"twitter:card\" content=\"summary_large_image\" \/>\n<meta name=\"twitter:image\" content=\"https:\/\/interpim.erresse-shop.it\/Import\/Prodotti\/bordallo-pinheiro-piatto-frutta-pomodoro.jpg\" \/>\n<script type=\"application\/ld+json\" class=\"yoast-schema-graph\">{\"@context\":\"https:\/\/schema.org\",\"@graph\":[{\"@type\":\"WebPage\",\"@id\":\"https:\/\/dev6.erresse-shop.it\/fr\/shop\/table-fr-2\/plats\/bordallo-pinheiro-jeu-de-4-assiettes-a-fruits-tomate-21-cm\/\",\"url\":\"https:\/\/dev6.erresse-shop.it\/fr\/shop\/table-fr-2\/plats\/bordallo-pinheiro-jeu-de-4-assiettes-a-fruits-tomate-21-cm\/\",\"name\":\"BORDALLO PINHEIRO Jeu de 4 Assiettes \u00e0 Fruits Tomate 21 cm - dev6 Erresse\",\"isPartOf\":{\"@id\":\"https:\/\/dev6.erresse-shop.it\/#website\"},\"primaryImageOfPage\":{\"@id\":\"https:\/\/dev6.erresse-shop.it\/fr\/shop\/table-fr-2\/plats\/bordallo-pinheiro-jeu-de-4-assiettes-a-fruits-tomate-21-cm\/#primaryimage\"},\"image\":{\"@id\":\"https:\/\/dev6.erresse-shop.it\/fr\/shop\/table-fr-2\/plats\/bordallo-pinheiro-jeu-de-4-assiettes-a-fruits-tomate-21-cm\/#primaryimage\"},\"thumbnailUrl\":\"https:\/\/i0.wp.com\/interpim.erresse-shop.it\/Import\/Prodotti\/bordallo-pinheiro-piatto-frutta-pomodoro.jpg?ssl=1\",\"datePublished\":\"2026-04-12T10:57:42+00:00\",\"description\":\"Riches en couleurs, ces plats en terre cuite peints \u00e0 la main apportent nature, humour et joie \u00e0 votre table. Tomato est un parfait exemple de la mani\u00e8re\",\"breadcrumb\":{\"@id\":\"https:\/\/dev6.erresse-shop.it\/fr\/shop\/table-fr-2\/plats\/bordallo-pinheiro-jeu-de-4-assiettes-a-fruits-tomate-21-cm\/#breadcrumb\"},\"inLanguage\":\"fr-FR\",\"potentialAction\":[{\"@type\":\"ReadAction\",\"target\":[\"https:\/\/dev6.erresse-shop.it\/fr\/shop\/table-fr-2\/plats\/bordallo-pinheiro-jeu-de-4-assiettes-a-fruits-tomate-21-cm\/\"]}]},{\"@type\":\"ImageObject\",\"inLanguage\":\"fr-FR\",\"@id\":\"https:\/\/dev6.erresse-shop.it\/fr\/shop\/table-fr-2\/plats\/bordallo-pinheiro-jeu-de-4-assiettes-a-fruits-tomate-21-cm\/#primaryimage\",\"url\":\"https:\/\/i0.wp.com\/interpim.erresse-shop.it\/Import\/Prodotti\/bordallo-pinheiro-piatto-frutta-pomodoro.jpg?ssl=1\",\"contentUrl\":\"https:\/\/i0.wp.com\/interpim.erresse-shop.it\/Import\/Prodotti\/bordallo-pinheiro-piatto-frutta-pomodoro.jpg?ssl=1\"},{\"@type\":\"BreadcrumbList\",\"@id\":\"https:\/\/dev6.erresse-shop.it\/fr\/shop\/table-fr-2\/plats\/bordallo-pinheiro-jeu-de-4-assiettes-a-fruits-tomate-21-cm\/#breadcrumb\",\"itemListElement\":[{\"@type\":\"ListItem\",\"position\":1,\"name\":\"Home\",\"item\":\"https:\/\/dev6.erresse-shop.it\/\"},{\"@type\":\"ListItem\",\"position\":2,\"name\":\"Boutique\",\"item\":\"https:\/\/dev6.erresse-shop.it\/shop\/\"},{\"@type\":\"ListItem\",\"position\":3,\"name\":\"BORDALLO PINHEIRO Jeu de 4 Assiettes \u00e0 Fruits Tomate 21 cm\"}]},{\"@type\":\"WebSite\",\"@id\":\"https:\/\/dev6.erresse-shop.it\/#website\",\"url\":\"https:\/\/dev6.erresse-shop.it\/\",\"name\":\"Erresse Shop\",\"description\":\"\",\"publisher\":{\"@id\":\"https:\/\/dev6.erresse-shop.it\/#organization\"},\"potentialAction\":[{\"@type\":\"SearchAction\",\"target\":{\"@type\":\"EntryPoint\",\"urlTemplate\":\"https:\/\/dev6.erresse-shop.it\/?s={search_term_string}\"},\"query-input\":{\"@type\":\"PropertyValueSpecification\",\"valueRequired\":true,\"valueName\":\"search_term_string\"}}],\"inLanguage\":\"fr-FR\"},{\"@type\":\"Organization\",\"@id\":\"https:\/\/dev6.erresse-shop.it\/#organization\",\"name\":\"Erresse Shop\",\"url\":\"https:\/\/dev6.erresse-shop.it\/\",\"logo\":{\"@type\":\"ImageObject\",\"inLanguage\":\"fr-FR\",\"@id\":\"https:\/\/dev6.erresse-shop.it\/#\/schema\/logo\/image\/\",\"url\":\"https:\/\/dev6.erresse-shop.it\/wp-content\/uploads\/2025\/01\/LOGO-ERRESSE-CLASSICO.svg\",\"contentUrl\":\"https:\/\/dev6.erresse-shop.it\/wp-content\/uploads\/2025\/01\/LOGO-ERRESSE-CLASSICO.svg\",\"caption\":\"Erresse Shop\"},\"image\":{\"@id\":\"https:\/\/dev6.erresse-shop.it\/#\/schema\/logo\/image\/\"}}]}<\/script>\n<!-- \/ Yoast SEO plugin. -->","yoast_head_json":{"title":"BORDALLO PINHEIRO Jeu de 4 Assiettes \u00e0 Fruits Tomate 21 cm - dev6 Erresse","description":"Riches en couleurs, ces plats en terre cuite peints \u00e0 la main apportent nature, humour et joie \u00e0 votre table. Tomato est un parfait exemple de la mani\u00e8re","robots":{"index":"noindex","follow":"follow","max-snippet":"max-snippet:-1","max-image-preview":"max-image-preview:large","max-video-preview":"max-video-preview:-1"},"og_locale":"fr_FR","og_type":"article","og_title":"BORDALLO PINHEIRO Jeu de 4 Assiettes \u00e0 Fruits Tomate 21 cm - dev6 Erresse","og_description":"Riches en couleurs, ces plats en terre cuite peints \u00e0 la main apportent nature, humour et joie \u00e0 votre table. Tomato est un parfait exemple de la mani\u00e8re","og_url":"https:\/\/dev6.erresse-shop.it\/fr\/shop\/table-fr-2\/plats\/bordallo-pinheiro-jeu-de-4-assiettes-a-fruits-tomate-21-cm\/","og_site_name":"dev6 Erresse","og_image":[{"url":"https:\/\/interpim.erresse-shop.it\/Import\/Prodotti\/bordallo-pinheiro-piatto-frutta-pomodoro.jpg","type":"","width":"","height":""},{"url":"https:\/\/interpim.erresse-shop.it\/Import\/Prodotti\/bordallo-pinheiro-piatto-frutta-pomodoro.jpg","width":1024,"height":1024,"type":"image\/jpeg"}],"twitter_card":"summary_large_image","twitter_image":"https:\/\/interpim.erresse-shop.it\/Import\/Prodotti\/bordallo-pinheiro-piatto-frutta-pomodoro.jpg","schema":{"@context":"https:\/\/schema.org","@graph":[{"@type":"WebPage","@id":"https:\/\/dev6.erresse-shop.it\/fr\/shop\/table-fr-2\/plats\/bordallo-pinheiro-jeu-de-4-assiettes-a-fruits-tomate-21-cm\/","url":"https:\/\/dev6.erresse-shop.it\/fr\/shop\/table-fr-2\/plats\/bordallo-pinheiro-jeu-de-4-assiettes-a-fruits-tomate-21-cm\/","name":"BORDALLO PINHEIRO Jeu de 4 Assiettes \u00e0 Fruits Tomate 21 cm - dev6 Erresse","isPartOf":{"@id":"https:\/\/dev6.erresse-shop.it\/#website"},"primaryImageOfPage":{"@id":"https:\/\/dev6.erresse-shop.it\/fr\/shop\/table-fr-2\/plats\/bordallo-pinheiro-jeu-de-4-assiettes-a-fruits-tomate-21-cm\/#primaryimage"},"image":{"@id":"https:\/\/dev6.erresse-shop.it\/fr\/shop\/table-fr-2\/plats\/bordallo-pinheiro-jeu-de-4-assiettes-a-fruits-tomate-21-cm\/#primaryimage"},"thumbnailUrl":"https:\/\/i0.wp.com\/interpim.erresse-shop.it\/Import\/Prodotti\/bordallo-pinheiro-piatto-frutta-pomodoro.jpg?ssl=1","datePublished":"2026-04-12T10:57:42+00:00","description":"Riches en couleurs, ces plats en terre cuite peints \u00e0 la main apportent nature, humour et joie \u00e0 votre table. Tomato est un parfait exemple de la mani\u00e8re","breadcrumb":{"@id":"https:\/\/dev6.erresse-shop.it\/fr\/shop\/table-fr-2\/plats\/bordallo-pinheiro-jeu-de-4-assiettes-a-fruits-tomate-21-cm\/#breadcrumb"},"inLanguage":"fr-FR","potentialAction":[{"@type":"ReadAction","target":["https:\/\/dev6.erresse-shop.it\/fr\/shop\/table-fr-2\/plats\/bordallo-pinheiro-jeu-de-4-assiettes-a-fruits-tomate-21-cm\/"]}]},{"@type":"ImageObject","inLanguage":"fr-FR","@id":"https:\/\/dev6.erresse-shop.it\/fr\/shop\/table-fr-2\/plats\/bordallo-pinheiro-jeu-de-4-assiettes-a-fruits-tomate-21-cm\/#primaryimage","url":"https:\/\/i0.wp.com\/interpim.erresse-shop.it\/Import\/Prodotti\/bordallo-pinheiro-piatto-frutta-pomodoro.jpg?ssl=1","contentUrl":"https:\/\/i0.wp.com\/interpim.erresse-shop.it\/Import\/Prodotti\/bordallo-pinheiro-piatto-frutta-pomodoro.jpg?ssl=1"},{"@type":"BreadcrumbList","@id":"https:\/\/dev6.erresse-shop.it\/fr\/shop\/table-fr-2\/plats\/bordallo-pinheiro-jeu-de-4-assiettes-a-fruits-tomate-21-cm\/#breadcrumb","itemListElement":[{"@type":"ListItem","position":1,"name":"Home","item":"https:\/\/dev6.erresse-shop.it\/"},{"@type":"ListItem","position":2,"name":"Boutique","item":"https:\/\/dev6.erresse-shop.it\/shop\/"},{"@type":"ListItem","position":3,"name":"BORDALLO PINHEIRO Jeu de 4 Assiettes \u00e0 Fruits Tomate 21 cm"}]},{"@type":"WebSite","@id":"https:\/\/dev6.erresse-shop.it\/#website","url":"https:\/\/dev6.erresse-shop.it\/","name":"Erresse Shop","description":"","publisher":{"@id":"https:\/\/dev6.erresse-shop.it\/#organization"},"potentialAction":[{"@type":"SearchAction","target":{"@type":"EntryPoint","urlTemplate":"https:\/\/dev6.erresse-shop.it\/?s={search_term_string}"},"query-input":{"@type":"PropertyValueSpecification","valueRequired":true,"valueName":"search_term_string"}}],"inLanguage":"fr-FR"},{"@type":"Organization","@id":"https:\/\/dev6.erresse-shop.it\/#organization","name":"Erresse Shop","url":"https:\/\/dev6.erresse-shop.it\/","logo":{"@type":"ImageObject","inLanguage":"fr-FR","@id":"https:\/\/dev6.erresse-shop.it\/#\/schema\/logo\/image\/","url":"https:\/\/dev6.erresse-shop.it\/wp-content\/uploads\/2025\/01\/LOGO-ERRESSE-CLASSICO.svg","contentUrl":"https:\/\/dev6.erresse-shop.it\/wp-content\/uploads\/2025\/01\/LOGO-ERRESSE-CLASSICO.svg","caption":"Erresse Shop"},"image":{"@id":"https:\/\/dev6.erresse-shop.it\/#\/schema\/logo\/image\/"}}]}},"df_price":69,"df_sale_price":69,"df_regular_price":90,"df_image_link":"https:\/\/i0.wp.com\/interpim.erresse-shop.it\/Import\/Prodotti\/bordallo-pinheiro-piatto-frutta-pomodoro.jpg?resize=300,300&ssl=1","fifu_image_url":"https:\/\/interpim.erresse-shop.it\/Import\/Prodotti\/bordallo-pinheiro-piatto-frutta-pomodoro.jpg","_links":{"self":[{"href":"https:\/\/dev6.erresse-shop.it\/fr\/wp-json\/wp\/v2\/product\/1609561","targetHints":{"allow":["GET"]}}],"collection":[{"href":"https:\/\/dev6.erresse-shop.it\/fr\/wp-json\/wp\/v2\/product"}],"about":[{"href":"https:\/\/dev6.erresse-shop.it\/fr\/wp-json\/wp\/v2\/types\/product"}],"wp:featuredmedia":[{"embeddable":true,"href":"https:\/\/dev6.erresse-shop.it\/fr\/wp-json\/wp\/v2\/media\/6375026"}],"wp:attachment":[{"href":"https:\/\/dev6.erresse-shop.it\/fr\/wp-json\/wp\/v2\/media?parent=1609561"}],"wp:term":[{"taxonomy":"product_cat","embeddable":true,"href":"https:\/\/dev6.erresse-shop.it\/fr\/wp-json\/wp\/v2\/product_cat?post=1609561"},{"taxonomy":"product_tag","embeddable":true,"href":"https:\/\/dev6.erresse-shop.it\/fr\/wp-json\/wp\/v2\/product_tag?post=1609561"}],"curies":[{"name":"wp","href":"https:\/\/api.w.org\/{rel}","templated":true}]}}