{"id":1609547,"date":"2026-04-12T12:57:42","date_gmt":"2026-04-12T10:57:42","guid":{"rendered":"https:\/\/dev6.erresse-shop.it\/shop\/non%20class\u00e9\/bordallo-pinheiro-jeu-de-4-assiettes-chou-beige-19-cm\/"},"modified":"2026-01-09T02:13:14","modified_gmt":"2026-01-09T01:13:14","slug":"bordallo-pinheiro-jeu-de-4-assiettes-chou-beige-19-cm","status":"publish","type":"product","link":"https:\/\/dev6.erresse-shop.it\/fr\/shop\/table-fr-2\/plats\/bordallo-pinheiro-jeu-de-4-assiettes-chou-beige-19-cm\/","title":{"rendered":"BORDALLO PINHEIRO Jeu de 4 Assiettes Chou Beige 19 cm"},"content":{"rendered":"<p>Le chou, dans sa forme brute et plate, pouvait \u00eatre utilis\u00e9 comme une m\u00e9taphore des mani\u00e8res rustiques du Portugal, que Bordallo avait si souvent caricatur\u00e9es. C\u2019est une mani\u00e8re habile de l\u2019honorer, de le mettre sur les tables de la bourgeoisie, o\u00f9 il n\u2019aurait jamais \u00e9t\u00e9 pr\u00e9sent autrement.<\/p>\n<p>Mat\u00e9riau : terre cuite<\/p>\n","protected":false},"excerpt":{"rendered":"<p>Le chou, dans sa forme brute et plate, pouvait \u00eatre utilis\u00e9 comme une m\u00e9taphore des mani\u00e8res rustiques du Portugal, que Bordallo avait si souvent caricatur\u00e9es. C\u2019est une mani\u00e8re habile de l\u2019honorer, de le mettre sur les tables de la bourgeoisie, o\u00f9 il n\u2019aurait jamais \u00e9t\u00e9 pr\u00e9sent autrement. Mat\u00e9riau : terre cuite<\/p>\n","protected":false},"featured_media":6374968,"template":"","meta":{"_acf_changed":false},"product_cat":[12014,11995],"product_tag":[],"class_list":{"0":"post-1609547","1":"product","2":"type-product","3":"status-publish","4":"has-post-thumbnail","6":"product_cat-plats","7":"product_cat-table-fr-2","9":"first","10":"instock","11":"sale","12":"taxable","13":"shipping-taxable","14":"purchasable","15":"product-type-simple","swatches":"rey-swatches","show_selected":"","stretch_labels":"rey-swatches--stretch-labels"},"acf":[],"yoast_head":"<!-- This site is optimized with the Yoast SEO plugin v25.4 - https:\/\/yoast.com\/wordpress\/plugins\/seo\/ -->\n<title>BORDALLO PINHEIRO Jeu de 4 Assiettes Chou Beige 19 cm - dev6 Erresse<\/title>\n<meta name=\"description\" content=\"Le chou, dans sa forme brute et plate, pouvait \u00eatre utilis\u00e9 comme une m\u00e9taphore des mani\u00e8res rustiques du Portugal, que Bordallo avait si souvent\" \/>\n<meta name=\"robots\" content=\"noindex, follow, max-snippet:-1, max-image-preview:large, max-video-preview:-1\" \/>\n<meta property=\"og:locale\" content=\"fr_FR\" \/>\n<meta property=\"og:type\" content=\"article\" \/>\n<meta property=\"og:title\" content=\"BORDALLO PINHEIRO Jeu de 4 Assiettes Chou Beige 19 cm - dev6 Erresse\" \/>\n<meta property=\"og:description\" content=\"Le chou, dans sa forme brute et plate, pouvait \u00eatre utilis\u00e9 comme une m\u00e9taphore des mani\u00e8res rustiques du Portugal, que Bordallo avait si souvent\" \/>\n<meta property=\"og:url\" content=\"https:\/\/dev6.erresse-shop.it\/fr\/shop\/table-fr-2\/plats\/bordallo-pinheiro-jeu-de-4-assiettes-chou-beige-19-cm\/\" \/>\n<meta property=\"og:site_name\" content=\"dev6 Erresse\" \/>\n<meta property=\"og:image\" content=\"https:\/\/interpim.erresse-shop.it\/Import\/Prodotti\/bordallo-pinheiro-piatto-19-cm-cavolo-bianco-2.jpg\" \/><meta property=\"og:image\" content=\"https:\/\/interpim.erresse-shop.it\/Import\/Prodotti\/bordallo-pinheiro-piatto-19-cm-cavolo-bianco-2.jpg\" \/>\n\t<meta property=\"og:image:width\" content=\"1024\" \/>\n\t<meta property=\"og:image:height\" content=\"1024\" \/>\n\t<meta property=\"og:image:type\" content=\"image\/jpeg\" \/>\n<meta name=\"twitter:card\" content=\"summary_large_image\" \/>\n<meta name=\"twitter:image\" content=\"https:\/\/interpim.erresse-shop.it\/Import\/Prodotti\/bordallo-pinheiro-piatto-19-cm-cavolo-bianco-2.jpg\" \/>\n<script type=\"application\/ld+json\" class=\"yoast-schema-graph\">{\"@context\":\"https:\/\/schema.org\",\"@graph\":[{\"@type\":\"WebPage\",\"@id\":\"https:\/\/dev6.erresse-shop.it\/fr\/shop\/table-fr-2\/plats\/bordallo-pinheiro-jeu-de-4-assiettes-chou-beige-19-cm\/\",\"url\":\"https:\/\/dev6.erresse-shop.it\/fr\/shop\/table-fr-2\/plats\/bordallo-pinheiro-jeu-de-4-assiettes-chou-beige-19-cm\/\",\"name\":\"BORDALLO PINHEIRO Jeu de 4 Assiettes Chou Beige 19 cm - dev6 Erresse\",\"isPartOf\":{\"@id\":\"https:\/\/dev6.erresse-shop.it\/#website\"},\"primaryImageOfPage\":{\"@id\":\"https:\/\/dev6.erresse-shop.it\/fr\/shop\/table-fr-2\/plats\/bordallo-pinheiro-jeu-de-4-assiettes-chou-beige-19-cm\/#primaryimage\"},\"image\":{\"@id\":\"https:\/\/dev6.erresse-shop.it\/fr\/shop\/table-fr-2\/plats\/bordallo-pinheiro-jeu-de-4-assiettes-chou-beige-19-cm\/#primaryimage\"},\"thumbnailUrl\":\"https:\/\/i2.wp.com\/interpim.erresse-shop.it\/Import\/Prodotti\/bordallo-pinheiro-piatto-19-cm-cavolo-bianco-2.jpg?ssl=1\",\"datePublished\":\"2026-04-12T10:57:42+00:00\",\"description\":\"Le chou, dans sa forme brute et plate, pouvait \u00eatre utilis\u00e9 comme une m\u00e9taphore des mani\u00e8res rustiques du Portugal, que Bordallo avait si souvent\",\"breadcrumb\":{\"@id\":\"https:\/\/dev6.erresse-shop.it\/fr\/shop\/table-fr-2\/plats\/bordallo-pinheiro-jeu-de-4-assiettes-chou-beige-19-cm\/#breadcrumb\"},\"inLanguage\":\"fr-FR\",\"potentialAction\":[{\"@type\":\"ReadAction\",\"target\":[\"https:\/\/dev6.erresse-shop.it\/fr\/shop\/table-fr-2\/plats\/bordallo-pinheiro-jeu-de-4-assiettes-chou-beige-19-cm\/\"]}]},{\"@type\":\"ImageObject\",\"inLanguage\":\"fr-FR\",\"@id\":\"https:\/\/dev6.erresse-shop.it\/fr\/shop\/table-fr-2\/plats\/bordallo-pinheiro-jeu-de-4-assiettes-chou-beige-19-cm\/#primaryimage\",\"url\":\"https:\/\/i2.wp.com\/interpim.erresse-shop.it\/Import\/Prodotti\/bordallo-pinheiro-piatto-19-cm-cavolo-bianco-2.jpg?ssl=1\",\"contentUrl\":\"https:\/\/i2.wp.com\/interpim.erresse-shop.it\/Import\/Prodotti\/bordallo-pinheiro-piatto-19-cm-cavolo-bianco-2.jpg?ssl=1\"},{\"@type\":\"BreadcrumbList\",\"@id\":\"https:\/\/dev6.erresse-shop.it\/fr\/shop\/table-fr-2\/plats\/bordallo-pinheiro-jeu-de-4-assiettes-chou-beige-19-cm\/#breadcrumb\",\"itemListElement\":[{\"@type\":\"ListItem\",\"position\":1,\"name\":\"Home\",\"item\":\"https:\/\/dev6.erresse-shop.it\/\"},{\"@type\":\"ListItem\",\"position\":2,\"name\":\"Boutique\",\"item\":\"https:\/\/dev6.erresse-shop.it\/shop\/\"},{\"@type\":\"ListItem\",\"position\":3,\"name\":\"BORDALLO PINHEIRO Jeu de 4 Assiettes Chou Beige 19 cm\"}]},{\"@type\":\"WebSite\",\"@id\":\"https:\/\/dev6.erresse-shop.it\/#website\",\"url\":\"https:\/\/dev6.erresse-shop.it\/\",\"name\":\"Erresse Shop\",\"description\":\"\",\"publisher\":{\"@id\":\"https:\/\/dev6.erresse-shop.it\/#organization\"},\"potentialAction\":[{\"@type\":\"SearchAction\",\"target\":{\"@type\":\"EntryPoint\",\"urlTemplate\":\"https:\/\/dev6.erresse-shop.it\/?s={search_term_string}\"},\"query-input\":{\"@type\":\"PropertyValueSpecification\",\"valueRequired\":true,\"valueName\":\"search_term_string\"}}],\"inLanguage\":\"fr-FR\"},{\"@type\":\"Organization\",\"@id\":\"https:\/\/dev6.erresse-shop.it\/#organization\",\"name\":\"Erresse Shop\",\"url\":\"https:\/\/dev6.erresse-shop.it\/\",\"logo\":{\"@type\":\"ImageObject\",\"inLanguage\":\"fr-FR\",\"@id\":\"https:\/\/dev6.erresse-shop.it\/#\/schema\/logo\/image\/\",\"url\":\"https:\/\/dev6.erresse-shop.it\/wp-content\/uploads\/2025\/01\/LOGO-ERRESSE-CLASSICO.svg\",\"contentUrl\":\"https:\/\/dev6.erresse-shop.it\/wp-content\/uploads\/2025\/01\/LOGO-ERRESSE-CLASSICO.svg\",\"caption\":\"Erresse Shop\"},\"image\":{\"@id\":\"https:\/\/dev6.erresse-shop.it\/#\/schema\/logo\/image\/\"}}]}<\/script>\n<!-- \/ Yoast SEO plugin. -->","yoast_head_json":{"title":"BORDALLO PINHEIRO Jeu de 4 Assiettes Chou Beige 19 cm - dev6 Erresse","description":"Le chou, dans sa forme brute et plate, pouvait \u00eatre utilis\u00e9 comme une m\u00e9taphore des mani\u00e8res rustiques du Portugal, que Bordallo avait si souvent","robots":{"index":"noindex","follow":"follow","max-snippet":"max-snippet:-1","max-image-preview":"max-image-preview:large","max-video-preview":"max-video-preview:-1"},"og_locale":"fr_FR","og_type":"article","og_title":"BORDALLO PINHEIRO Jeu de 4 Assiettes Chou Beige 19 cm - dev6 Erresse","og_description":"Le chou, dans sa forme brute et plate, pouvait \u00eatre utilis\u00e9 comme une m\u00e9taphore des mani\u00e8res rustiques du Portugal, que Bordallo avait si souvent","og_url":"https:\/\/dev6.erresse-shop.it\/fr\/shop\/table-fr-2\/plats\/bordallo-pinheiro-jeu-de-4-assiettes-chou-beige-19-cm\/","og_site_name":"dev6 Erresse","og_image":[{"url":"https:\/\/interpim.erresse-shop.it\/Import\/Prodotti\/bordallo-pinheiro-piatto-19-cm-cavolo-bianco-2.jpg","type":"","width":"","height":""},{"url":"https:\/\/interpim.erresse-shop.it\/Import\/Prodotti\/bordallo-pinheiro-piatto-19-cm-cavolo-bianco-2.jpg","width":1024,"height":1024,"type":"image\/jpeg"}],"twitter_card":"summary_large_image","twitter_image":"https:\/\/interpim.erresse-shop.it\/Import\/Prodotti\/bordallo-pinheiro-piatto-19-cm-cavolo-bianco-2.jpg","schema":{"@context":"https:\/\/schema.org","@graph":[{"@type":"WebPage","@id":"https:\/\/dev6.erresse-shop.it\/fr\/shop\/table-fr-2\/plats\/bordallo-pinheiro-jeu-de-4-assiettes-chou-beige-19-cm\/","url":"https:\/\/dev6.erresse-shop.it\/fr\/shop\/table-fr-2\/plats\/bordallo-pinheiro-jeu-de-4-assiettes-chou-beige-19-cm\/","name":"BORDALLO PINHEIRO Jeu de 4 Assiettes Chou Beige 19 cm - dev6 Erresse","isPartOf":{"@id":"https:\/\/dev6.erresse-shop.it\/#website"},"primaryImageOfPage":{"@id":"https:\/\/dev6.erresse-shop.it\/fr\/shop\/table-fr-2\/plats\/bordallo-pinheiro-jeu-de-4-assiettes-chou-beige-19-cm\/#primaryimage"},"image":{"@id":"https:\/\/dev6.erresse-shop.it\/fr\/shop\/table-fr-2\/plats\/bordallo-pinheiro-jeu-de-4-assiettes-chou-beige-19-cm\/#primaryimage"},"thumbnailUrl":"https:\/\/i2.wp.com\/interpim.erresse-shop.it\/Import\/Prodotti\/bordallo-pinheiro-piatto-19-cm-cavolo-bianco-2.jpg?ssl=1","datePublished":"2026-04-12T10:57:42+00:00","description":"Le chou, dans sa forme brute et plate, pouvait \u00eatre utilis\u00e9 comme une m\u00e9taphore des mani\u00e8res rustiques du Portugal, que Bordallo avait si souvent","breadcrumb":{"@id":"https:\/\/dev6.erresse-shop.it\/fr\/shop\/table-fr-2\/plats\/bordallo-pinheiro-jeu-de-4-assiettes-chou-beige-19-cm\/#breadcrumb"},"inLanguage":"fr-FR","potentialAction":[{"@type":"ReadAction","target":["https:\/\/dev6.erresse-shop.it\/fr\/shop\/table-fr-2\/plats\/bordallo-pinheiro-jeu-de-4-assiettes-chou-beige-19-cm\/"]}]},{"@type":"ImageObject","inLanguage":"fr-FR","@id":"https:\/\/dev6.erresse-shop.it\/fr\/shop\/table-fr-2\/plats\/bordallo-pinheiro-jeu-de-4-assiettes-chou-beige-19-cm\/#primaryimage","url":"https:\/\/i2.wp.com\/interpim.erresse-shop.it\/Import\/Prodotti\/bordallo-pinheiro-piatto-19-cm-cavolo-bianco-2.jpg?ssl=1","contentUrl":"https:\/\/i2.wp.com\/interpim.erresse-shop.it\/Import\/Prodotti\/bordallo-pinheiro-piatto-19-cm-cavolo-bianco-2.jpg?ssl=1"},{"@type":"BreadcrumbList","@id":"https:\/\/dev6.erresse-shop.it\/fr\/shop\/table-fr-2\/plats\/bordallo-pinheiro-jeu-de-4-assiettes-chou-beige-19-cm\/#breadcrumb","itemListElement":[{"@type":"ListItem","position":1,"name":"Home","item":"https:\/\/dev6.erresse-shop.it\/"},{"@type":"ListItem","position":2,"name":"Boutique","item":"https:\/\/dev6.erresse-shop.it\/shop\/"},{"@type":"ListItem","position":3,"name":"BORDALLO PINHEIRO Jeu de 4 Assiettes Chou Beige 19 cm"}]},{"@type":"WebSite","@id":"https:\/\/dev6.erresse-shop.it\/#website","url":"https:\/\/dev6.erresse-shop.it\/","name":"Erresse Shop","description":"","publisher":{"@id":"https:\/\/dev6.erresse-shop.it\/#organization"},"potentialAction":[{"@type":"SearchAction","target":{"@type":"EntryPoint","urlTemplate":"https:\/\/dev6.erresse-shop.it\/?s={search_term_string}"},"query-input":{"@type":"PropertyValueSpecification","valueRequired":true,"valueName":"search_term_string"}}],"inLanguage":"fr-FR"},{"@type":"Organization","@id":"https:\/\/dev6.erresse-shop.it\/#organization","name":"Erresse Shop","url":"https:\/\/dev6.erresse-shop.it\/","logo":{"@type":"ImageObject","inLanguage":"fr-FR","@id":"https:\/\/dev6.erresse-shop.it\/#\/schema\/logo\/image\/","url":"https:\/\/dev6.erresse-shop.it\/wp-content\/uploads\/2025\/01\/LOGO-ERRESSE-CLASSICO.svg","contentUrl":"https:\/\/dev6.erresse-shop.it\/wp-content\/uploads\/2025\/01\/LOGO-ERRESSE-CLASSICO.svg","caption":"Erresse Shop"},"image":{"@id":"https:\/\/dev6.erresse-shop.it\/#\/schema\/logo\/image\/"}}]}},"df_price":49.9,"df_sale_price":49.9,"df_regular_price":58,"df_image_link":"https:\/\/i2.wp.com\/interpim.erresse-shop.it\/Import\/Prodotti\/bordallo-pinheiro-piatto-19-cm-cavolo-bianco-2.jpg?resize=300,300&ssl=1","fifu_image_url":"https:\/\/interpim.erresse-shop.it\/Import\/Prodotti\/bordallo-pinheiro-piatto-19-cm-cavolo-bianco-2.jpg","_links":{"self":[{"href":"https:\/\/dev6.erresse-shop.it\/fr\/wp-json\/wp\/v2\/product\/1609547","targetHints":{"allow":["GET"]}}],"collection":[{"href":"https:\/\/dev6.erresse-shop.it\/fr\/wp-json\/wp\/v2\/product"}],"about":[{"href":"https:\/\/dev6.erresse-shop.it\/fr\/wp-json\/wp\/v2\/types\/product"}],"wp:featuredmedia":[{"embeddable":true,"href":"https:\/\/dev6.erresse-shop.it\/fr\/wp-json\/wp\/v2\/media\/6374968"}],"wp:attachment":[{"href":"https:\/\/dev6.erresse-shop.it\/fr\/wp-json\/wp\/v2\/media?parent=1609547"}],"wp:term":[{"taxonomy":"product_cat","embeddable":true,"href":"https:\/\/dev6.erresse-shop.it\/fr\/wp-json\/wp\/v2\/product_cat?post=1609547"},{"taxonomy":"product_tag","embeddable":true,"href":"https:\/\/dev6.erresse-shop.it\/fr\/wp-json\/wp\/v2\/product_tag?post=1609547"}],"curies":[{"name":"wp","href":"https:\/\/api.w.org\/{rel}","templated":true}]}}