{"id":1609529,"date":"2026-04-12T12:55:17","date_gmt":"2026-04-12T10:55:17","guid":{"rendered":"https:\/\/dev6.erresse-shop.it\/shop\/non%20class\u00e9\/alessi-set-de-casseroles-et-pots-7-pcs\/"},"modified":"2025-09-14T06:29:41","modified_gmt":"2025-09-14T04:29:41","slug":"alessi-set-de-casseroles-et-pots-7-pcs","status":"publish","type":"product","link":"https:\/\/dev6.erresse-shop.it\/fr\/shop\/poeles-pots\/batteries-de-cuisine\/alessi-set-de-casseroles-et-pots-7-pcs\/","title":{"rendered":"ALESSI Set de Casseroles et Pots 7 pcs"},"content":{"rendered":"<p>Les pots de la collection Mami, cr\u00e9\u00e9s par le designer Stefano Giovannoni, sont un hymne aux formes douces et arrondies des outils qui composent la tradition italienne et dont les d\u00e9licieuses senteurs du d\u00e9jeuner dominical pour toute la famille se r\u00e9pandent dans toute la maison. Le set de casseroles Mami est en acier inoxydable 18\/10, avec une finition brillante<\/p>\n<p>Batterie de cuisine :<br \/>\n\u2013 Marmite 20 cm (SG100\/20)<br \/>\n\u2013 Casserole \u00e0 deux poign\u00e9es 20 cm (SG101\/20)<br \/>\n\u2013 Cocotte basse \u00e0 deux poign\u00e9es 24 cm (SG102\/24)<br \/>\n\u2013 Casserole 14 cm (SG105\/14)<br \/>\n\u2013 Couvercle 14 cm (SG200\/14)<br \/>\n\u2013 Couvercle 20 cm (SG200\/20)<br \/>\n\u2013 Couvercle 24 cm (SG200\/24)<\/p>\n<p>Convient pour l\u2019int\u00e9gration<br \/>\nLavable au lave-vaisselle<\/p>\n","protected":false},"excerpt":{"rendered":"<p>Les pots de la collection Mami, cr\u00e9\u00e9s par le designer Stefano Giovannoni, sont un hymne aux formes douces et arrondies des outils qui composent la tradition italienne et dont les d\u00e9licieuses senteurs du d\u00e9jeuner dominical pour toute la famille se r\u00e9pandent dans toute la maison. Le set de casseroles Mami est en acier inoxydable 18\/10, [&hellip;]<\/p>\n","protected":false},"featured_media":6374888,"template":"","meta":{"_acf_changed":false},"product_cat":[12024,11991],"product_tag":[],"class_list":{"0":"post-1609529","1":"product","2":"type-product","3":"status-publish","4":"has-post-thumbnail","6":"product_cat-batteries-de-cuisine","7":"product_cat-poeles-pots","9":"first","10":"instock","11":"sale","12":"taxable","13":"shipping-taxable","14":"purchasable","15":"product-type-simple","swatches":"rey-swatches","show_selected":"","stretch_labels":"rey-swatches--stretch-labels"},"acf":[],"yoast_head":"<!-- This site is optimized with the Yoast SEO plugin v25.4 - https:\/\/yoast.com\/wordpress\/plugins\/seo\/ -->\n<title>ALESSI Set de Casseroles et Pots 7 pcs - dev6 Erresse<\/title>\n<meta name=\"description\" content=\"Les pots de la collection Mami, cr\u00e9\u00e9s par le designer Stefano Giovannoni, sont un hymne aux formes douces et arrondies des outils qui composent la\" \/>\n<meta name=\"robots\" content=\"noindex, follow, max-snippet:-1, max-image-preview:large, max-video-preview:-1\" \/>\n<meta property=\"og:locale\" content=\"fr_FR\" \/>\n<meta property=\"og:type\" content=\"article\" \/>\n<meta property=\"og:title\" content=\"ALESSI Set de Casseroles et Pots 7 pcs - dev6 Erresse\" \/>\n<meta property=\"og:description\" content=\"Les pots de la collection Mami, cr\u00e9\u00e9s par le designer Stefano Giovannoni, sont un hymne aux formes douces et arrondies des outils qui composent la\" \/>\n<meta property=\"og:url\" content=\"https:\/\/dev6.erresse-shop.it\/fr\/shop\/poeles-pots\/batteries-de-cuisine\/alessi-set-de-casseroles-et-pots-7-pcs\/\" \/>\n<meta property=\"og:site_name\" content=\"dev6 Erresse\" \/>\n<meta property=\"og:image\" content=\"https:\/\/interpim.erresse-shop.it\/Import\/Prodotti\/alessi-mami-set-di-pentole-7-pz.jpg\" \/><meta property=\"og:image\" content=\"https:\/\/interpim.erresse-shop.it\/Import\/Prodotti\/alessi-mami-set-di-pentole-7-pz.jpg\" \/>\n\t<meta property=\"og:image:width\" content=\"1024\" \/>\n\t<meta property=\"og:image:height\" content=\"1024\" \/>\n\t<meta property=\"og:image:type\" content=\"image\/jpeg\" \/>\n<meta name=\"twitter:card\" content=\"summary_large_image\" \/>\n<meta name=\"twitter:image\" content=\"https:\/\/interpim.erresse-shop.it\/Import\/Prodotti\/alessi-mami-set-di-pentole-7-pz.jpg\" \/>\n<script type=\"application\/ld+json\" class=\"yoast-schema-graph\">{\"@context\":\"https:\/\/schema.org\",\"@graph\":[{\"@type\":\"WebPage\",\"@id\":\"https:\/\/dev6.erresse-shop.it\/fr\/shop\/poeles-pots\/batteries-de-cuisine\/alessi-set-de-casseroles-et-pots-7-pcs\/\",\"url\":\"https:\/\/dev6.erresse-shop.it\/fr\/shop\/poeles-pots\/batteries-de-cuisine\/alessi-set-de-casseroles-et-pots-7-pcs\/\",\"name\":\"ALESSI Set de Casseroles et Pots 7 pcs - dev6 Erresse\",\"isPartOf\":{\"@id\":\"https:\/\/dev6.erresse-shop.it\/#website\"},\"primaryImageOfPage\":{\"@id\":\"https:\/\/dev6.erresse-shop.it\/fr\/shop\/poeles-pots\/batteries-de-cuisine\/alessi-set-de-casseroles-et-pots-7-pcs\/#primaryimage\"},\"image\":{\"@id\":\"https:\/\/dev6.erresse-shop.it\/fr\/shop\/poeles-pots\/batteries-de-cuisine\/alessi-set-de-casseroles-et-pots-7-pcs\/#primaryimage\"},\"thumbnailUrl\":\"https:\/\/i3.wp.com\/interpim.erresse-shop.it\/Import\/Prodotti\/alessi-mami-set-di-pentole-7-pz.jpg?ssl=1\",\"datePublished\":\"2026-04-12T10:55:17+00:00\",\"description\":\"Les pots de la collection Mami, cr\u00e9\u00e9s par le designer Stefano Giovannoni, sont un hymne aux formes douces et arrondies des outils qui composent la\",\"breadcrumb\":{\"@id\":\"https:\/\/dev6.erresse-shop.it\/fr\/shop\/poeles-pots\/batteries-de-cuisine\/alessi-set-de-casseroles-et-pots-7-pcs\/#breadcrumb\"},\"inLanguage\":\"fr-FR\",\"potentialAction\":[{\"@type\":\"ReadAction\",\"target\":[\"https:\/\/dev6.erresse-shop.it\/fr\/shop\/poeles-pots\/batteries-de-cuisine\/alessi-set-de-casseroles-et-pots-7-pcs\/\"]}]},{\"@type\":\"ImageObject\",\"inLanguage\":\"fr-FR\",\"@id\":\"https:\/\/dev6.erresse-shop.it\/fr\/shop\/poeles-pots\/batteries-de-cuisine\/alessi-set-de-casseroles-et-pots-7-pcs\/#primaryimage\",\"url\":\"https:\/\/i3.wp.com\/interpim.erresse-shop.it\/Import\/Prodotti\/alessi-mami-set-di-pentole-7-pz.jpg?ssl=1\",\"contentUrl\":\"https:\/\/i3.wp.com\/interpim.erresse-shop.it\/Import\/Prodotti\/alessi-mami-set-di-pentole-7-pz.jpg?ssl=1\"},{\"@type\":\"BreadcrumbList\",\"@id\":\"https:\/\/dev6.erresse-shop.it\/fr\/shop\/poeles-pots\/batteries-de-cuisine\/alessi-set-de-casseroles-et-pots-7-pcs\/#breadcrumb\",\"itemListElement\":[{\"@type\":\"ListItem\",\"position\":1,\"name\":\"Home\",\"item\":\"https:\/\/dev6.erresse-shop.it\/\"},{\"@type\":\"ListItem\",\"position\":2,\"name\":\"Boutique\",\"item\":\"https:\/\/dev6.erresse-shop.it\/shop\/\"},{\"@type\":\"ListItem\",\"position\":3,\"name\":\"ALESSI Set de Casseroles et Pots 7 pcs\"}]},{\"@type\":\"WebSite\",\"@id\":\"https:\/\/dev6.erresse-shop.it\/#website\",\"url\":\"https:\/\/dev6.erresse-shop.it\/\",\"name\":\"Erresse Shop\",\"description\":\"\",\"publisher\":{\"@id\":\"https:\/\/dev6.erresse-shop.it\/#organization\"},\"potentialAction\":[{\"@type\":\"SearchAction\",\"target\":{\"@type\":\"EntryPoint\",\"urlTemplate\":\"https:\/\/dev6.erresse-shop.it\/?s={search_term_string}\"},\"query-input\":{\"@type\":\"PropertyValueSpecification\",\"valueRequired\":true,\"valueName\":\"search_term_string\"}}],\"inLanguage\":\"fr-FR\"},{\"@type\":\"Organization\",\"@id\":\"https:\/\/dev6.erresse-shop.it\/#organization\",\"name\":\"Erresse Shop\",\"url\":\"https:\/\/dev6.erresse-shop.it\/\",\"logo\":{\"@type\":\"ImageObject\",\"inLanguage\":\"fr-FR\",\"@id\":\"https:\/\/dev6.erresse-shop.it\/#\/schema\/logo\/image\/\",\"url\":\"https:\/\/dev6.erresse-shop.it\/wp-content\/uploads\/2025\/01\/LOGO-ERRESSE-CLASSICO.svg\",\"contentUrl\":\"https:\/\/dev6.erresse-shop.it\/wp-content\/uploads\/2025\/01\/LOGO-ERRESSE-CLASSICO.svg\",\"caption\":\"Erresse Shop\"},\"image\":{\"@id\":\"https:\/\/dev6.erresse-shop.it\/#\/schema\/logo\/image\/\"}}]}<\/script>\n<!-- \/ Yoast SEO plugin. -->","yoast_head_json":{"title":"ALESSI Set de Casseroles et Pots 7 pcs - dev6 Erresse","description":"Les pots de la collection Mami, cr\u00e9\u00e9s par le designer Stefano Giovannoni, sont un hymne aux formes douces et arrondies des outils qui composent la","robots":{"index":"noindex","follow":"follow","max-snippet":"max-snippet:-1","max-image-preview":"max-image-preview:large","max-video-preview":"max-video-preview:-1"},"og_locale":"fr_FR","og_type":"article","og_title":"ALESSI Set de Casseroles et Pots 7 pcs - dev6 Erresse","og_description":"Les pots de la collection Mami, cr\u00e9\u00e9s par le designer Stefano Giovannoni, sont un hymne aux formes douces et arrondies des outils qui composent la","og_url":"https:\/\/dev6.erresse-shop.it\/fr\/shop\/poeles-pots\/batteries-de-cuisine\/alessi-set-de-casseroles-et-pots-7-pcs\/","og_site_name":"dev6 Erresse","og_image":[{"url":"https:\/\/interpim.erresse-shop.it\/Import\/Prodotti\/alessi-mami-set-di-pentole-7-pz.jpg","type":"","width":"","height":""},{"url":"https:\/\/interpim.erresse-shop.it\/Import\/Prodotti\/alessi-mami-set-di-pentole-7-pz.jpg","width":1024,"height":1024,"type":"image\/jpeg"}],"twitter_card":"summary_large_image","twitter_image":"https:\/\/interpim.erresse-shop.it\/Import\/Prodotti\/alessi-mami-set-di-pentole-7-pz.jpg","schema":{"@context":"https:\/\/schema.org","@graph":[{"@type":"WebPage","@id":"https:\/\/dev6.erresse-shop.it\/fr\/shop\/poeles-pots\/batteries-de-cuisine\/alessi-set-de-casseroles-et-pots-7-pcs\/","url":"https:\/\/dev6.erresse-shop.it\/fr\/shop\/poeles-pots\/batteries-de-cuisine\/alessi-set-de-casseroles-et-pots-7-pcs\/","name":"ALESSI Set de Casseroles et Pots 7 pcs - dev6 Erresse","isPartOf":{"@id":"https:\/\/dev6.erresse-shop.it\/#website"},"primaryImageOfPage":{"@id":"https:\/\/dev6.erresse-shop.it\/fr\/shop\/poeles-pots\/batteries-de-cuisine\/alessi-set-de-casseroles-et-pots-7-pcs\/#primaryimage"},"image":{"@id":"https:\/\/dev6.erresse-shop.it\/fr\/shop\/poeles-pots\/batteries-de-cuisine\/alessi-set-de-casseroles-et-pots-7-pcs\/#primaryimage"},"thumbnailUrl":"https:\/\/i3.wp.com\/interpim.erresse-shop.it\/Import\/Prodotti\/alessi-mami-set-di-pentole-7-pz.jpg?ssl=1","datePublished":"2026-04-12T10:55:17+00:00","description":"Les pots de la collection Mami, cr\u00e9\u00e9s par le designer Stefano Giovannoni, sont un hymne aux formes douces et arrondies des outils qui composent la","breadcrumb":{"@id":"https:\/\/dev6.erresse-shop.it\/fr\/shop\/poeles-pots\/batteries-de-cuisine\/alessi-set-de-casseroles-et-pots-7-pcs\/#breadcrumb"},"inLanguage":"fr-FR","potentialAction":[{"@type":"ReadAction","target":["https:\/\/dev6.erresse-shop.it\/fr\/shop\/poeles-pots\/batteries-de-cuisine\/alessi-set-de-casseroles-et-pots-7-pcs\/"]}]},{"@type":"ImageObject","inLanguage":"fr-FR","@id":"https:\/\/dev6.erresse-shop.it\/fr\/shop\/poeles-pots\/batteries-de-cuisine\/alessi-set-de-casseroles-et-pots-7-pcs\/#primaryimage","url":"https:\/\/i3.wp.com\/interpim.erresse-shop.it\/Import\/Prodotti\/alessi-mami-set-di-pentole-7-pz.jpg?ssl=1","contentUrl":"https:\/\/i3.wp.com\/interpim.erresse-shop.it\/Import\/Prodotti\/alessi-mami-set-di-pentole-7-pz.jpg?ssl=1"},{"@type":"BreadcrumbList","@id":"https:\/\/dev6.erresse-shop.it\/fr\/shop\/poeles-pots\/batteries-de-cuisine\/alessi-set-de-casseroles-et-pots-7-pcs\/#breadcrumb","itemListElement":[{"@type":"ListItem","position":1,"name":"Home","item":"https:\/\/dev6.erresse-shop.it\/"},{"@type":"ListItem","position":2,"name":"Boutique","item":"https:\/\/dev6.erresse-shop.it\/shop\/"},{"@type":"ListItem","position":3,"name":"ALESSI Set de Casseroles et Pots 7 pcs"}]},{"@type":"WebSite","@id":"https:\/\/dev6.erresse-shop.it\/#website","url":"https:\/\/dev6.erresse-shop.it\/","name":"Erresse Shop","description":"","publisher":{"@id":"https:\/\/dev6.erresse-shop.it\/#organization"},"potentialAction":[{"@type":"SearchAction","target":{"@type":"EntryPoint","urlTemplate":"https:\/\/dev6.erresse-shop.it\/?s={search_term_string}"},"query-input":{"@type":"PropertyValueSpecification","valueRequired":true,"valueName":"search_term_string"}}],"inLanguage":"fr-FR"},{"@type":"Organization","@id":"https:\/\/dev6.erresse-shop.it\/#organization","name":"Erresse Shop","url":"https:\/\/dev6.erresse-shop.it\/","logo":{"@type":"ImageObject","inLanguage":"fr-FR","@id":"https:\/\/dev6.erresse-shop.it\/#\/schema\/logo\/image\/","url":"https:\/\/dev6.erresse-shop.it\/wp-content\/uploads\/2025\/01\/LOGO-ERRESSE-CLASSICO.svg","contentUrl":"https:\/\/dev6.erresse-shop.it\/wp-content\/uploads\/2025\/01\/LOGO-ERRESSE-CLASSICO.svg","caption":"Erresse Shop"},"image":{"@id":"https:\/\/dev6.erresse-shop.it\/#\/schema\/logo\/image\/"}}]}},"df_price":349,"df_sale_price":349,"df_regular_price":400,"df_image_link":"https:\/\/i3.wp.com\/interpim.erresse-shop.it\/Import\/Prodotti\/alessi-mami-set-di-pentole-7-pz.jpg?resize=300,300&ssl=1","fifu_image_url":"https:\/\/interpim.erresse-shop.it\/Import\/Prodotti\/alessi-mami-set-di-pentole-7-pz.jpg","_links":{"self":[{"href":"https:\/\/dev6.erresse-shop.it\/fr\/wp-json\/wp\/v2\/product\/1609529","targetHints":{"allow":["GET"]}}],"collection":[{"href":"https:\/\/dev6.erresse-shop.it\/fr\/wp-json\/wp\/v2\/product"}],"about":[{"href":"https:\/\/dev6.erresse-shop.it\/fr\/wp-json\/wp\/v2\/types\/product"}],"wp:featuredmedia":[{"embeddable":true,"href":"https:\/\/dev6.erresse-shop.it\/fr\/wp-json\/wp\/v2\/media\/6374888"}],"wp:attachment":[{"href":"https:\/\/dev6.erresse-shop.it\/fr\/wp-json\/wp\/v2\/media?parent=1609529"}],"wp:term":[{"taxonomy":"product_cat","embeddable":true,"href":"https:\/\/dev6.erresse-shop.it\/fr\/wp-json\/wp\/v2\/product_cat?post=1609529"},{"taxonomy":"product_tag","embeddable":true,"href":"https:\/\/dev6.erresse-shop.it\/fr\/wp-json\/wp\/v2\/product_tag?post=1609529"}],"curies":[{"name":"wp","href":"https:\/\/api.w.org\/{rel}","templated":true}]}}