{"id":1609527,"date":"2026-04-12T12:55:17","date_gmt":"2026-04-12T10:55:17","guid":{"rendered":"https:\/\/dev6.erresse-shop.it\/shop\/non%20class\u00e9\/alessi-panier-rond-en-fil-de-fer-24-cm\/"},"modified":"2025-09-14T06:29:36","modified_gmt":"2025-09-14T04:29:36","slug":"alessi-panier-rond-en-fil-de-fer-24-cm","status":"publish","type":"product","link":"https:\/\/dev6.erresse-shop.it\/fr\/shop\/table-fr-2\/recipients-et-bols\/alessi-panier-rond-en-fil-de-fer-24-cm\/","title":{"rendered":"ALESSI Panier rond en fil de fer 24 cm"},"content":{"rendered":"<p>Le panier \u201c826\u201d appartient \u00e0 une cat\u00e9gorie d\u2019objets pr\u00e9sents dans le m\u00e9nage depuis des si\u00e8cles : le panier en fil de m\u00e9tal. Il s\u2019agit du premier objet issu de la recherche technologique sur le fil m\u00e9tallique pli\u00e9 men\u00e9e par le Bureau technique d\u2019Alessi dans la seconde moiti\u00e9 des ann\u00e9es 1940.<\/p>\n<p>Panier en fil m\u00e9tallique rond en acier inoxydable 18\/10<\/p>\n<p>Dimensions<br \/>\n\u2013 Diam\u00e8tre : 24,50 cm<br \/>\n\u2013 Hauteur : 8,50 cm<\/p>\n","protected":false},"excerpt":{"rendered":"<p>Le panier \u201c826\u201d appartient \u00e0 une cat\u00e9gorie d\u2019objets pr\u00e9sents dans le m\u00e9nage depuis des si\u00e8cles : le panier en fil de m\u00e9tal. Il s\u2019agit du premier objet issu de la recherche technologique sur le fil m\u00e9tallique pli\u00e9 men\u00e9e par le Bureau technique d\u2019Alessi dans la seconde moiti\u00e9 des ann\u00e9es 1940. Panier en fil m\u00e9tallique rond [&hellip;]<\/p>\n","protected":false},"featured_media":6374880,"template":"","meta":{"_acf_changed":false},"product_cat":[12015,11995],"product_tag":[],"class_list":{"0":"post-1609527","1":"product","2":"type-product","3":"status-publish","4":"has-post-thumbnail","6":"product_cat-recipients-et-bols","7":"product_cat-table-fr-2","9":"first","10":"instock","11":"sale","12":"taxable","13":"shipping-taxable","14":"purchasable","15":"product-type-simple","swatches":"rey-swatches","show_selected":"","stretch_labels":"rey-swatches--stretch-labels"},"acf":[],"yoast_head":"<!-- This site is optimized with the Yoast SEO plugin v25.4 - https:\/\/yoast.com\/wordpress\/plugins\/seo\/ -->\n<title>ALESSI Panier rond en fil de fer 24 cm - dev6 Erresse<\/title>\n<meta name=\"description\" content=\"Le panier \u201c826\u201d appartient \u00e0 une cat\u00e9gorie d\u2019objets pr\u00e9sents dans le m\u00e9nage depuis des si\u00e8cles : le panier en fil de m\u00e9tal. Il s\u2019agit du premier objet\" \/>\n<meta name=\"robots\" content=\"noindex, follow, max-snippet:-1, max-image-preview:large, max-video-preview:-1\" \/>\n<meta property=\"og:locale\" content=\"fr_FR\" \/>\n<meta property=\"og:type\" content=\"article\" \/>\n<meta property=\"og:title\" content=\"ALESSI Panier rond en fil de fer 24 cm - dev6 Erresse\" \/>\n<meta property=\"og:description\" content=\"Le panier \u201c826\u201d appartient \u00e0 une cat\u00e9gorie d\u2019objets pr\u00e9sents dans le m\u00e9nage depuis des si\u00e8cles : le panier en fil de m\u00e9tal. Il s\u2019agit du premier objet\" \/>\n<meta property=\"og:url\" content=\"https:\/\/dev6.erresse-shop.it\/fr\/shop\/table-fr-2\/recipients-et-bols\/alessi-panier-rond-en-fil-de-fer-24-cm\/\" \/>\n<meta property=\"og:site_name\" content=\"dev6 Erresse\" \/>\n<meta property=\"og:image\" content=\"https:\/\/interpim.erresse-shop.it\/Import\/Prodotti\/alessi-cestino-a-filo-rotondo-24-cm.jpg\" \/><meta property=\"og:image\" content=\"https:\/\/interpim.erresse-shop.it\/Import\/Prodotti\/alessi-cestino-a-filo-rotondo-24-cm.jpg\" \/>\n\t<meta property=\"og:image:width\" content=\"1024\" \/>\n\t<meta property=\"og:image:height\" content=\"1024\" \/>\n\t<meta property=\"og:image:type\" content=\"image\/jpeg\" \/>\n<meta name=\"twitter:card\" content=\"summary_large_image\" \/>\n<meta name=\"twitter:image\" content=\"https:\/\/interpim.erresse-shop.it\/Import\/Prodotti\/alessi-cestino-a-filo-rotondo-24-cm.jpg\" \/>\n<script type=\"application\/ld+json\" class=\"yoast-schema-graph\">{\"@context\":\"https:\/\/schema.org\",\"@graph\":[{\"@type\":\"WebPage\",\"@id\":\"https:\/\/dev6.erresse-shop.it\/fr\/shop\/table-fr-2\/recipients-et-bols\/alessi-panier-rond-en-fil-de-fer-24-cm\/\",\"url\":\"https:\/\/dev6.erresse-shop.it\/fr\/shop\/table-fr-2\/recipients-et-bols\/alessi-panier-rond-en-fil-de-fer-24-cm\/\",\"name\":\"ALESSI Panier rond en fil de fer 24 cm - dev6 Erresse\",\"isPartOf\":{\"@id\":\"https:\/\/dev6.erresse-shop.it\/#website\"},\"primaryImageOfPage\":{\"@id\":\"https:\/\/dev6.erresse-shop.it\/fr\/shop\/table-fr-2\/recipients-et-bols\/alessi-panier-rond-en-fil-de-fer-24-cm\/#primaryimage\"},\"image\":{\"@id\":\"https:\/\/dev6.erresse-shop.it\/fr\/shop\/table-fr-2\/recipients-et-bols\/alessi-panier-rond-en-fil-de-fer-24-cm\/#primaryimage\"},\"thumbnailUrl\":\"https:\/\/i3.wp.com\/interpim.erresse-shop.it\/Import\/Prodotti\/alessi-cestino-a-filo-rotondo-24-cm.jpg?ssl=1\",\"datePublished\":\"2026-04-12T10:55:17+00:00\",\"description\":\"Le panier \u201c826\u201d appartient \u00e0 une cat\u00e9gorie d\u2019objets pr\u00e9sents dans le m\u00e9nage depuis des si\u00e8cles : le panier en fil de m\u00e9tal. Il s\u2019agit du premier objet\",\"breadcrumb\":{\"@id\":\"https:\/\/dev6.erresse-shop.it\/fr\/shop\/table-fr-2\/recipients-et-bols\/alessi-panier-rond-en-fil-de-fer-24-cm\/#breadcrumb\"},\"inLanguage\":\"fr-FR\",\"potentialAction\":[{\"@type\":\"ReadAction\",\"target\":[\"https:\/\/dev6.erresse-shop.it\/fr\/shop\/table-fr-2\/recipients-et-bols\/alessi-panier-rond-en-fil-de-fer-24-cm\/\"]}]},{\"@type\":\"ImageObject\",\"inLanguage\":\"fr-FR\",\"@id\":\"https:\/\/dev6.erresse-shop.it\/fr\/shop\/table-fr-2\/recipients-et-bols\/alessi-panier-rond-en-fil-de-fer-24-cm\/#primaryimage\",\"url\":\"https:\/\/i3.wp.com\/interpim.erresse-shop.it\/Import\/Prodotti\/alessi-cestino-a-filo-rotondo-24-cm.jpg?ssl=1\",\"contentUrl\":\"https:\/\/i3.wp.com\/interpim.erresse-shop.it\/Import\/Prodotti\/alessi-cestino-a-filo-rotondo-24-cm.jpg?ssl=1\"},{\"@type\":\"BreadcrumbList\",\"@id\":\"https:\/\/dev6.erresse-shop.it\/fr\/shop\/table-fr-2\/recipients-et-bols\/alessi-panier-rond-en-fil-de-fer-24-cm\/#breadcrumb\",\"itemListElement\":[{\"@type\":\"ListItem\",\"position\":1,\"name\":\"Home\",\"item\":\"https:\/\/dev6.erresse-shop.it\/\"},{\"@type\":\"ListItem\",\"position\":2,\"name\":\"Boutique\",\"item\":\"https:\/\/dev6.erresse-shop.it\/shop\/\"},{\"@type\":\"ListItem\",\"position\":3,\"name\":\"ALESSI Panier rond en fil de fer 24 cm\"}]},{\"@type\":\"WebSite\",\"@id\":\"https:\/\/dev6.erresse-shop.it\/#website\",\"url\":\"https:\/\/dev6.erresse-shop.it\/\",\"name\":\"Erresse Shop\",\"description\":\"\",\"publisher\":{\"@id\":\"https:\/\/dev6.erresse-shop.it\/#organization\"},\"potentialAction\":[{\"@type\":\"SearchAction\",\"target\":{\"@type\":\"EntryPoint\",\"urlTemplate\":\"https:\/\/dev6.erresse-shop.it\/?s={search_term_string}\"},\"query-input\":{\"@type\":\"PropertyValueSpecification\",\"valueRequired\":true,\"valueName\":\"search_term_string\"}}],\"inLanguage\":\"fr-FR\"},{\"@type\":\"Organization\",\"@id\":\"https:\/\/dev6.erresse-shop.it\/#organization\",\"name\":\"Erresse Shop\",\"url\":\"https:\/\/dev6.erresse-shop.it\/\",\"logo\":{\"@type\":\"ImageObject\",\"inLanguage\":\"fr-FR\",\"@id\":\"https:\/\/dev6.erresse-shop.it\/#\/schema\/logo\/image\/\",\"url\":\"https:\/\/dev6.erresse-shop.it\/wp-content\/uploads\/2025\/01\/LOGO-ERRESSE-CLASSICO.svg\",\"contentUrl\":\"https:\/\/dev6.erresse-shop.it\/wp-content\/uploads\/2025\/01\/LOGO-ERRESSE-CLASSICO.svg\",\"caption\":\"Erresse Shop\"},\"image\":{\"@id\":\"https:\/\/dev6.erresse-shop.it\/#\/schema\/logo\/image\/\"}}]}<\/script>\n<!-- \/ Yoast SEO plugin. -->","yoast_head_json":{"title":"ALESSI Panier rond en fil de fer 24 cm - dev6 Erresse","description":"Le panier \u201c826\u201d appartient \u00e0 une cat\u00e9gorie d\u2019objets pr\u00e9sents dans le m\u00e9nage depuis des si\u00e8cles : le panier en fil de m\u00e9tal. Il s\u2019agit du premier objet","robots":{"index":"noindex","follow":"follow","max-snippet":"max-snippet:-1","max-image-preview":"max-image-preview:large","max-video-preview":"max-video-preview:-1"},"og_locale":"fr_FR","og_type":"article","og_title":"ALESSI Panier rond en fil de fer 24 cm - dev6 Erresse","og_description":"Le panier \u201c826\u201d appartient \u00e0 une cat\u00e9gorie d\u2019objets pr\u00e9sents dans le m\u00e9nage depuis des si\u00e8cles : le panier en fil de m\u00e9tal. Il s\u2019agit du premier objet","og_url":"https:\/\/dev6.erresse-shop.it\/fr\/shop\/table-fr-2\/recipients-et-bols\/alessi-panier-rond-en-fil-de-fer-24-cm\/","og_site_name":"dev6 Erresse","og_image":[{"url":"https:\/\/interpim.erresse-shop.it\/Import\/Prodotti\/alessi-cestino-a-filo-rotondo-24-cm.jpg","type":"","width":"","height":""},{"url":"https:\/\/interpim.erresse-shop.it\/Import\/Prodotti\/alessi-cestino-a-filo-rotondo-24-cm.jpg","width":1024,"height":1024,"type":"image\/jpeg"}],"twitter_card":"summary_large_image","twitter_image":"https:\/\/interpim.erresse-shop.it\/Import\/Prodotti\/alessi-cestino-a-filo-rotondo-24-cm.jpg","schema":{"@context":"https:\/\/schema.org","@graph":[{"@type":"WebPage","@id":"https:\/\/dev6.erresse-shop.it\/fr\/shop\/table-fr-2\/recipients-et-bols\/alessi-panier-rond-en-fil-de-fer-24-cm\/","url":"https:\/\/dev6.erresse-shop.it\/fr\/shop\/table-fr-2\/recipients-et-bols\/alessi-panier-rond-en-fil-de-fer-24-cm\/","name":"ALESSI Panier rond en fil de fer 24 cm - dev6 Erresse","isPartOf":{"@id":"https:\/\/dev6.erresse-shop.it\/#website"},"primaryImageOfPage":{"@id":"https:\/\/dev6.erresse-shop.it\/fr\/shop\/table-fr-2\/recipients-et-bols\/alessi-panier-rond-en-fil-de-fer-24-cm\/#primaryimage"},"image":{"@id":"https:\/\/dev6.erresse-shop.it\/fr\/shop\/table-fr-2\/recipients-et-bols\/alessi-panier-rond-en-fil-de-fer-24-cm\/#primaryimage"},"thumbnailUrl":"https:\/\/i3.wp.com\/interpim.erresse-shop.it\/Import\/Prodotti\/alessi-cestino-a-filo-rotondo-24-cm.jpg?ssl=1","datePublished":"2026-04-12T10:55:17+00:00","description":"Le panier \u201c826\u201d appartient \u00e0 une cat\u00e9gorie d\u2019objets pr\u00e9sents dans le m\u00e9nage depuis des si\u00e8cles : le panier en fil de m\u00e9tal. Il s\u2019agit du premier objet","breadcrumb":{"@id":"https:\/\/dev6.erresse-shop.it\/fr\/shop\/table-fr-2\/recipients-et-bols\/alessi-panier-rond-en-fil-de-fer-24-cm\/#breadcrumb"},"inLanguage":"fr-FR","potentialAction":[{"@type":"ReadAction","target":["https:\/\/dev6.erresse-shop.it\/fr\/shop\/table-fr-2\/recipients-et-bols\/alessi-panier-rond-en-fil-de-fer-24-cm\/"]}]},{"@type":"ImageObject","inLanguage":"fr-FR","@id":"https:\/\/dev6.erresse-shop.it\/fr\/shop\/table-fr-2\/recipients-et-bols\/alessi-panier-rond-en-fil-de-fer-24-cm\/#primaryimage","url":"https:\/\/i3.wp.com\/interpim.erresse-shop.it\/Import\/Prodotti\/alessi-cestino-a-filo-rotondo-24-cm.jpg?ssl=1","contentUrl":"https:\/\/i3.wp.com\/interpim.erresse-shop.it\/Import\/Prodotti\/alessi-cestino-a-filo-rotondo-24-cm.jpg?ssl=1"},{"@type":"BreadcrumbList","@id":"https:\/\/dev6.erresse-shop.it\/fr\/shop\/table-fr-2\/recipients-et-bols\/alessi-panier-rond-en-fil-de-fer-24-cm\/#breadcrumb","itemListElement":[{"@type":"ListItem","position":1,"name":"Home","item":"https:\/\/dev6.erresse-shop.it\/"},{"@type":"ListItem","position":2,"name":"Boutique","item":"https:\/\/dev6.erresse-shop.it\/shop\/"},{"@type":"ListItem","position":3,"name":"ALESSI Panier rond en fil de fer 24 cm"}]},{"@type":"WebSite","@id":"https:\/\/dev6.erresse-shop.it\/#website","url":"https:\/\/dev6.erresse-shop.it\/","name":"Erresse Shop","description":"","publisher":{"@id":"https:\/\/dev6.erresse-shop.it\/#organization"},"potentialAction":[{"@type":"SearchAction","target":{"@type":"EntryPoint","urlTemplate":"https:\/\/dev6.erresse-shop.it\/?s={search_term_string}"},"query-input":{"@type":"PropertyValueSpecification","valueRequired":true,"valueName":"search_term_string"}}],"inLanguage":"fr-FR"},{"@type":"Organization","@id":"https:\/\/dev6.erresse-shop.it\/#organization","name":"Erresse Shop","url":"https:\/\/dev6.erresse-shop.it\/","logo":{"@type":"ImageObject","inLanguage":"fr-FR","@id":"https:\/\/dev6.erresse-shop.it\/#\/schema\/logo\/image\/","url":"https:\/\/dev6.erresse-shop.it\/wp-content\/uploads\/2025\/01\/LOGO-ERRESSE-CLASSICO.svg","contentUrl":"https:\/\/dev6.erresse-shop.it\/wp-content\/uploads\/2025\/01\/LOGO-ERRESSE-CLASSICO.svg","caption":"Erresse Shop"},"image":{"@id":"https:\/\/dev6.erresse-shop.it\/#\/schema\/logo\/image\/"}}]}},"df_price":94.5,"df_sale_price":94.5,"df_regular_price":105,"df_image_link":"https:\/\/i3.wp.com\/interpim.erresse-shop.it\/Import\/Prodotti\/alessi-cestino-a-filo-rotondo-24-cm.jpg?resize=300,300&ssl=1","fifu_image_url":"https:\/\/interpim.erresse-shop.it\/Import\/Prodotti\/alessi-cestino-a-filo-rotondo-24-cm.jpg","_links":{"self":[{"href":"https:\/\/dev6.erresse-shop.it\/fr\/wp-json\/wp\/v2\/product\/1609527","targetHints":{"allow":["GET"]}}],"collection":[{"href":"https:\/\/dev6.erresse-shop.it\/fr\/wp-json\/wp\/v2\/product"}],"about":[{"href":"https:\/\/dev6.erresse-shop.it\/fr\/wp-json\/wp\/v2\/types\/product"}],"wp:featuredmedia":[{"embeddable":true,"href":"https:\/\/dev6.erresse-shop.it\/fr\/wp-json\/wp\/v2\/media\/6374880"}],"wp:attachment":[{"href":"https:\/\/dev6.erresse-shop.it\/fr\/wp-json\/wp\/v2\/media?parent=1609527"}],"wp:term":[{"taxonomy":"product_cat","embeddable":true,"href":"https:\/\/dev6.erresse-shop.it\/fr\/wp-json\/wp\/v2\/product_cat?post=1609527"},{"taxonomy":"product_tag","embeddable":true,"href":"https:\/\/dev6.erresse-shop.it\/fr\/wp-json\/wp\/v2\/product_tag?post=1609527"}],"curies":[{"name":"wp","href":"https:\/\/api.w.org\/{rel}","templated":true}]}}