{"id":1609503,"date":"2026-04-12T12:52:51","date_gmt":"2026-04-12T10:52:51","guid":{"rendered":"https:\/\/dev6.erresse-shop.it\/shop\/non%20class\u00e9\/alessi-potspans-ensemble-9-pieces\/"},"modified":"2025-07-04T19:23:10","modified_gmt":"2025-07-04T17:23:10","slug":"alessi-potspans-ensemble-9-pieces","status":"publish","type":"product","link":"https:\/\/dev6.erresse-shop.it\/fr\/shop\/poeles-pots\/batteries-de-cuisine\/alessi-potspans-ensemble-9-pieces\/","title":{"rendered":"ALESSI Pots&#038;Pans Ensemble 9 pi\u00e8ces"},"content":{"rendered":"<p>Les \u00e9l\u00e9ments de la s\u00e9rie Pots&amp;Pans, r\u00e9alis\u00e9s en acier inoxydable 18\/10, se distinguent par leur style rigoureux et lin\u00e9aire et par l\u2019attention port\u00e9e aux d\u00e9tails fonctionnels, tels que le bord \u00e9vas\u00e9 adapt\u00e9 au versement, l\u2019\u00e9chelle gradu\u00e9e \u00e0 l\u2019int\u00e9rieur des casseroles, le bouton sur les couvercles qui permet de les soulever avec une cuill\u00e8re de cuisine.<\/p>\n<p>L\u2019ensemble comprend :<\/p>\n<p>Pot \u00d8 20 cm \u2013 H 17 cm,<br \/>\nCasserole \u00e0 deux anses \u00d8 16 cm \u2013 H 9 cm,<br \/>\nCasserole \u00e0 deux anses \u00d8 20 cm \u2013 H 11 cm,<br \/>\nCasserole \u00e0 deux anses \u00d8 24 cm \u2013 H 13 cm,<br \/>\nCasserole \u00e0 long manche \u00d8 16 cm \u2013 H 12 cm,<br \/>\nChaudi\u00e8re \u00e0 lait \u00d8 14 cm \u2013 H 13 cm,<br \/>\nCouvercle \u00d816 cm,<br \/>\nCouvercle \u00d8 20 cm,<br \/>\nCouvercle \u00d8 24 cm.<\/p>\n<p>Made In Italy<\/p>\n","protected":false},"excerpt":{"rendered":"<p>Les \u00e9l\u00e9ments de la s\u00e9rie Pots&amp;Pans, r\u00e9alis\u00e9s en acier inoxydable 18\/10, se distinguent par leur style rigoureux et lin\u00e9aire et par l\u2019attention port\u00e9e aux d\u00e9tails fonctionnels, tels que le bord \u00e9vas\u00e9 adapt\u00e9 au versement, l\u2019\u00e9chelle gradu\u00e9e \u00e0 l\u2019int\u00e9rieur des casseroles, le bouton sur les couvercles qui permet de les soulever avec une cuill\u00e8re de cuisine. [&hellip;]<\/p>\n","protected":false},"featured_media":6374788,"template":"","meta":{"_acf_changed":false},"product_cat":[12024,11991],"product_tag":[],"class_list":{"0":"post-1609503","1":"product","2":"type-product","3":"status-publish","4":"has-post-thumbnail","6":"product_cat-batteries-de-cuisine","7":"product_cat-poeles-pots","9":"first","10":"instock","11":"sale","12":"taxable","13":"shipping-taxable","14":"purchasable","15":"product-type-simple","swatches":"rey-swatches","show_selected":"","stretch_labels":"rey-swatches--stretch-labels"},"acf":[],"yoast_head":"<!-- This site is optimized with the Yoast SEO plugin v25.4 - https:\/\/yoast.com\/wordpress\/plugins\/seo\/ -->\n<title>ALESSI Pots&#038;Pans Ensemble 9 pi\u00e8ces - dev6 Erresse<\/title>\n<meta name=\"description\" content=\"Les \u00e9l\u00e9ments de la s\u00e9rie Pots&amp;Pans, r\u00e9alis\u00e9s en acier inoxydable 18\/10, se distinguent par leur style rigoureux et lin\u00e9aire et par l\u2019attention port\u00e9e\" \/>\n<meta name=\"robots\" content=\"noindex, follow, max-snippet:-1, max-image-preview:large, max-video-preview:-1\" \/>\n<meta property=\"og:locale\" content=\"fr_FR\" \/>\n<meta property=\"og:type\" content=\"article\" \/>\n<meta property=\"og:title\" content=\"ALESSI Pots&#038;Pans Ensemble 9 pi\u00e8ces - dev6 Erresse\" \/>\n<meta property=\"og:description\" content=\"Les \u00e9l\u00e9ments de la s\u00e9rie Pots&amp;Pans, r\u00e9alis\u00e9s en acier inoxydable 18\/10, se distinguent par leur style rigoureux et lin\u00e9aire et par l\u2019attention port\u00e9e\" \/>\n<meta property=\"og:url\" content=\"https:\/\/dev6.erresse-shop.it\/fr\/shop\/poeles-pots\/batteries-de-cuisine\/alessi-potspans-ensemble-9-pieces\/\" \/>\n<meta property=\"og:site_name\" content=\"dev6 Erresse\" \/>\n<meta property=\"og:image\" content=\"https:\/\/interpim.erresse-shop.it\/Import\/Prodotti\/alessi-potspans-pentole-set-9-pz.jpg\" \/><meta property=\"og:image\" content=\"https:\/\/interpim.erresse-shop.it\/Import\/Prodotti\/alessi-potspans-pentole-set-9-pz.jpg\" \/>\n\t<meta property=\"og:image:width\" content=\"1024\" \/>\n\t<meta property=\"og:image:height\" content=\"1024\" \/>\n\t<meta property=\"og:image:type\" content=\"image\/jpeg\" \/>\n<meta name=\"twitter:card\" content=\"summary_large_image\" \/>\n<meta name=\"twitter:image\" content=\"https:\/\/interpim.erresse-shop.it\/Import\/Prodotti\/alessi-potspans-pentole-set-9-pz.jpg\" \/>\n<script type=\"application\/ld+json\" class=\"yoast-schema-graph\">{\"@context\":\"https:\/\/schema.org\",\"@graph\":[{\"@type\":\"WebPage\",\"@id\":\"https:\/\/dev6.erresse-shop.it\/fr\/shop\/poeles-pots\/batteries-de-cuisine\/alessi-potspans-ensemble-9-pieces\/\",\"url\":\"https:\/\/dev6.erresse-shop.it\/fr\/shop\/poeles-pots\/batteries-de-cuisine\/alessi-potspans-ensemble-9-pieces\/\",\"name\":\"ALESSI Pots&#038;Pans Ensemble 9 pi\u00e8ces - dev6 Erresse\",\"isPartOf\":{\"@id\":\"https:\/\/dev6.erresse-shop.it\/#website\"},\"primaryImageOfPage\":{\"@id\":\"https:\/\/dev6.erresse-shop.it\/fr\/shop\/poeles-pots\/batteries-de-cuisine\/alessi-potspans-ensemble-9-pieces\/#primaryimage\"},\"image\":{\"@id\":\"https:\/\/dev6.erresse-shop.it\/fr\/shop\/poeles-pots\/batteries-de-cuisine\/alessi-potspans-ensemble-9-pieces\/#primaryimage\"},\"thumbnailUrl\":\"https:\/\/i2.wp.com\/interpim.erresse-shop.it\/Import\/Prodotti\/alessi-potspans-pentole-set-9-pz.jpg?ssl=1\",\"datePublished\":\"2026-04-12T10:52:51+00:00\",\"description\":\"Les \u00e9l\u00e9ments de la s\u00e9rie Pots&amp;Pans, r\u00e9alis\u00e9s en acier inoxydable 18\/10, se distinguent par leur style rigoureux et lin\u00e9aire et par l\u2019attention port\u00e9e\",\"breadcrumb\":{\"@id\":\"https:\/\/dev6.erresse-shop.it\/fr\/shop\/poeles-pots\/batteries-de-cuisine\/alessi-potspans-ensemble-9-pieces\/#breadcrumb\"},\"inLanguage\":\"fr-FR\",\"potentialAction\":[{\"@type\":\"ReadAction\",\"target\":[\"https:\/\/dev6.erresse-shop.it\/fr\/shop\/poeles-pots\/batteries-de-cuisine\/alessi-potspans-ensemble-9-pieces\/\"]}]},{\"@type\":\"ImageObject\",\"inLanguage\":\"fr-FR\",\"@id\":\"https:\/\/dev6.erresse-shop.it\/fr\/shop\/poeles-pots\/batteries-de-cuisine\/alessi-potspans-ensemble-9-pieces\/#primaryimage\",\"url\":\"https:\/\/i2.wp.com\/interpim.erresse-shop.it\/Import\/Prodotti\/alessi-potspans-pentole-set-9-pz.jpg?ssl=1\",\"contentUrl\":\"https:\/\/i2.wp.com\/interpim.erresse-shop.it\/Import\/Prodotti\/alessi-potspans-pentole-set-9-pz.jpg?ssl=1\"},{\"@type\":\"BreadcrumbList\",\"@id\":\"https:\/\/dev6.erresse-shop.it\/fr\/shop\/poeles-pots\/batteries-de-cuisine\/alessi-potspans-ensemble-9-pieces\/#breadcrumb\",\"itemListElement\":[{\"@type\":\"ListItem\",\"position\":1,\"name\":\"Home\",\"item\":\"https:\/\/dev6.erresse-shop.it\/\"},{\"@type\":\"ListItem\",\"position\":2,\"name\":\"Boutique\",\"item\":\"https:\/\/dev6.erresse-shop.it\/shop\/\"},{\"@type\":\"ListItem\",\"position\":3,\"name\":\"ALESSI Pots&#038;Pans Ensemble 9 pi\u00e8ces\"}]},{\"@type\":\"WebSite\",\"@id\":\"https:\/\/dev6.erresse-shop.it\/#website\",\"url\":\"https:\/\/dev6.erresse-shop.it\/\",\"name\":\"Erresse Shop\",\"description\":\"\",\"publisher\":{\"@id\":\"https:\/\/dev6.erresse-shop.it\/#organization\"},\"potentialAction\":[{\"@type\":\"SearchAction\",\"target\":{\"@type\":\"EntryPoint\",\"urlTemplate\":\"https:\/\/dev6.erresse-shop.it\/?s={search_term_string}\"},\"query-input\":{\"@type\":\"PropertyValueSpecification\",\"valueRequired\":true,\"valueName\":\"search_term_string\"}}],\"inLanguage\":\"fr-FR\"},{\"@type\":\"Organization\",\"@id\":\"https:\/\/dev6.erresse-shop.it\/#organization\",\"name\":\"Erresse Shop\",\"url\":\"https:\/\/dev6.erresse-shop.it\/\",\"logo\":{\"@type\":\"ImageObject\",\"inLanguage\":\"fr-FR\",\"@id\":\"https:\/\/dev6.erresse-shop.it\/#\/schema\/logo\/image\/\",\"url\":\"https:\/\/dev6.erresse-shop.it\/wp-content\/uploads\/2025\/01\/LOGO-ERRESSE-CLASSICO.svg\",\"contentUrl\":\"https:\/\/dev6.erresse-shop.it\/wp-content\/uploads\/2025\/01\/LOGO-ERRESSE-CLASSICO.svg\",\"caption\":\"Erresse Shop\"},\"image\":{\"@id\":\"https:\/\/dev6.erresse-shop.it\/#\/schema\/logo\/image\/\"}}]}<\/script>\n<!-- \/ Yoast SEO plugin. -->","yoast_head_json":{"title":"ALESSI Pots&#038;Pans Ensemble 9 pi\u00e8ces - dev6 Erresse","description":"Les \u00e9l\u00e9ments de la s\u00e9rie Pots&amp;Pans, r\u00e9alis\u00e9s en acier inoxydable 18\/10, se distinguent par leur style rigoureux et lin\u00e9aire et par l\u2019attention port\u00e9e","robots":{"index":"noindex","follow":"follow","max-snippet":"max-snippet:-1","max-image-preview":"max-image-preview:large","max-video-preview":"max-video-preview:-1"},"og_locale":"fr_FR","og_type":"article","og_title":"ALESSI Pots&#038;Pans Ensemble 9 pi\u00e8ces - dev6 Erresse","og_description":"Les \u00e9l\u00e9ments de la s\u00e9rie Pots&amp;Pans, r\u00e9alis\u00e9s en acier inoxydable 18\/10, se distinguent par leur style rigoureux et lin\u00e9aire et par l\u2019attention port\u00e9e","og_url":"https:\/\/dev6.erresse-shop.it\/fr\/shop\/poeles-pots\/batteries-de-cuisine\/alessi-potspans-ensemble-9-pieces\/","og_site_name":"dev6 Erresse","og_image":[{"url":"https:\/\/interpim.erresse-shop.it\/Import\/Prodotti\/alessi-potspans-pentole-set-9-pz.jpg","type":"","width":"","height":""},{"url":"https:\/\/interpim.erresse-shop.it\/Import\/Prodotti\/alessi-potspans-pentole-set-9-pz.jpg","width":1024,"height":1024,"type":"image\/jpeg"}],"twitter_card":"summary_large_image","twitter_image":"https:\/\/interpim.erresse-shop.it\/Import\/Prodotti\/alessi-potspans-pentole-set-9-pz.jpg","schema":{"@context":"https:\/\/schema.org","@graph":[{"@type":"WebPage","@id":"https:\/\/dev6.erresse-shop.it\/fr\/shop\/poeles-pots\/batteries-de-cuisine\/alessi-potspans-ensemble-9-pieces\/","url":"https:\/\/dev6.erresse-shop.it\/fr\/shop\/poeles-pots\/batteries-de-cuisine\/alessi-potspans-ensemble-9-pieces\/","name":"ALESSI Pots&#038;Pans Ensemble 9 pi\u00e8ces - dev6 Erresse","isPartOf":{"@id":"https:\/\/dev6.erresse-shop.it\/#website"},"primaryImageOfPage":{"@id":"https:\/\/dev6.erresse-shop.it\/fr\/shop\/poeles-pots\/batteries-de-cuisine\/alessi-potspans-ensemble-9-pieces\/#primaryimage"},"image":{"@id":"https:\/\/dev6.erresse-shop.it\/fr\/shop\/poeles-pots\/batteries-de-cuisine\/alessi-potspans-ensemble-9-pieces\/#primaryimage"},"thumbnailUrl":"https:\/\/i2.wp.com\/interpim.erresse-shop.it\/Import\/Prodotti\/alessi-potspans-pentole-set-9-pz.jpg?ssl=1","datePublished":"2026-04-12T10:52:51+00:00","description":"Les \u00e9l\u00e9ments de la s\u00e9rie Pots&amp;Pans, r\u00e9alis\u00e9s en acier inoxydable 18\/10, se distinguent par leur style rigoureux et lin\u00e9aire et par l\u2019attention port\u00e9e","breadcrumb":{"@id":"https:\/\/dev6.erresse-shop.it\/fr\/shop\/poeles-pots\/batteries-de-cuisine\/alessi-potspans-ensemble-9-pieces\/#breadcrumb"},"inLanguage":"fr-FR","potentialAction":[{"@type":"ReadAction","target":["https:\/\/dev6.erresse-shop.it\/fr\/shop\/poeles-pots\/batteries-de-cuisine\/alessi-potspans-ensemble-9-pieces\/"]}]},{"@type":"ImageObject","inLanguage":"fr-FR","@id":"https:\/\/dev6.erresse-shop.it\/fr\/shop\/poeles-pots\/batteries-de-cuisine\/alessi-potspans-ensemble-9-pieces\/#primaryimage","url":"https:\/\/i2.wp.com\/interpim.erresse-shop.it\/Import\/Prodotti\/alessi-potspans-pentole-set-9-pz.jpg?ssl=1","contentUrl":"https:\/\/i2.wp.com\/interpim.erresse-shop.it\/Import\/Prodotti\/alessi-potspans-pentole-set-9-pz.jpg?ssl=1"},{"@type":"BreadcrumbList","@id":"https:\/\/dev6.erresse-shop.it\/fr\/shop\/poeles-pots\/batteries-de-cuisine\/alessi-potspans-ensemble-9-pieces\/#breadcrumb","itemListElement":[{"@type":"ListItem","position":1,"name":"Home","item":"https:\/\/dev6.erresse-shop.it\/"},{"@type":"ListItem","position":2,"name":"Boutique","item":"https:\/\/dev6.erresse-shop.it\/shop\/"},{"@type":"ListItem","position":3,"name":"ALESSI Pots&#038;Pans Ensemble 9 pi\u00e8ces"}]},{"@type":"WebSite","@id":"https:\/\/dev6.erresse-shop.it\/#website","url":"https:\/\/dev6.erresse-shop.it\/","name":"Erresse Shop","description":"","publisher":{"@id":"https:\/\/dev6.erresse-shop.it\/#organization"},"potentialAction":[{"@type":"SearchAction","target":{"@type":"EntryPoint","urlTemplate":"https:\/\/dev6.erresse-shop.it\/?s={search_term_string}"},"query-input":{"@type":"PropertyValueSpecification","valueRequired":true,"valueName":"search_term_string"}}],"inLanguage":"fr-FR"},{"@type":"Organization","@id":"https:\/\/dev6.erresse-shop.it\/#organization","name":"Erresse Shop","url":"https:\/\/dev6.erresse-shop.it\/","logo":{"@type":"ImageObject","inLanguage":"fr-FR","@id":"https:\/\/dev6.erresse-shop.it\/#\/schema\/logo\/image\/","url":"https:\/\/dev6.erresse-shop.it\/wp-content\/uploads\/2025\/01\/LOGO-ERRESSE-CLASSICO.svg","contentUrl":"https:\/\/dev6.erresse-shop.it\/wp-content\/uploads\/2025\/01\/LOGO-ERRESSE-CLASSICO.svg","caption":"Erresse Shop"},"image":{"@id":"https:\/\/dev6.erresse-shop.it\/#\/schema\/logo\/image\/"}}]}},"df_price":430.2,"df_sale_price":430.2,"df_regular_price":478,"df_image_link":"https:\/\/i2.wp.com\/interpim.erresse-shop.it\/Import\/Prodotti\/alessi-potspans-pentole-set-9-pz.jpg?resize=300,300&ssl=1","fifu_image_url":"https:\/\/interpim.erresse-shop.it\/Import\/Prodotti\/alessi-potspans-pentole-set-9-pz.jpg","_links":{"self":[{"href":"https:\/\/dev6.erresse-shop.it\/fr\/wp-json\/wp\/v2\/product\/1609503","targetHints":{"allow":["GET"]}}],"collection":[{"href":"https:\/\/dev6.erresse-shop.it\/fr\/wp-json\/wp\/v2\/product"}],"about":[{"href":"https:\/\/dev6.erresse-shop.it\/fr\/wp-json\/wp\/v2\/types\/product"}],"wp:featuredmedia":[{"embeddable":true,"href":"https:\/\/dev6.erresse-shop.it\/fr\/wp-json\/wp\/v2\/media\/6374788"}],"wp:attachment":[{"href":"https:\/\/dev6.erresse-shop.it\/fr\/wp-json\/wp\/v2\/media?parent=1609503"}],"wp:term":[{"taxonomy":"product_cat","embeddable":true,"href":"https:\/\/dev6.erresse-shop.it\/fr\/wp-json\/wp\/v2\/product_cat?post=1609503"},{"taxonomy":"product_tag","embeddable":true,"href":"https:\/\/dev6.erresse-shop.it\/fr\/wp-json\/wp\/v2\/product_tag?post=1609503"}],"curies":[{"name":"wp","href":"https:\/\/api.w.org\/{rel}","templated":true}]}}