{"id":1609479,"date":"2026-04-04T12:50:06","date_gmt":"2026-04-04T10:50:06","guid":{"rendered":"https:\/\/dev6.erresse-shop.it\/shop\/non%20class\u00e9\/alessi-pulcina-cafetiere-rouge-1-tasse\/"},"modified":"2025-07-04T19:22:07","modified_gmt":"2025-07-04T17:22:07","slug":"alessi-pulcina-cafetiere-rouge-1-tasse","status":"publish","type":"product","link":"https:\/\/dev6.erresse-shop.it\/fr\/shop\/cuisine\/cafetieres\/alessi-pulcina-cafetiere-rouge-1-tasse\/","title":{"rendered":"ALESSI Pulcina Cafeti\u00e8re Rouge 1 Tasse"},"content":{"rendered":"<p>Une moka r\u00e9volutionnaire qui combine la technologie d\u00e9velopp\u00e9e par illycaff\u00e8 et l\u2019exp\u00e9rience de design d\u2019Alessi. Con\u00e7u par Michele de Lucchi, Pulcina contient une innovation de conception petite mais substantielle qui emp\u00eache la boisson de couler au bon moment, avant que le caf\u00e9 n\u2019acqui\u00e8re un arri\u00e8re-go\u00fbt amer. Cela permet de mettre en valeur l\u2019ar\u00f4me cors\u00e9 et rond de cette boisson. Le bec verseur, qui ressemble \u00e0 un bec de poussin (d\u2019o\u00f9 le nom de la cafeti\u00e8re) permet de couper parfaitement la goutte.<\/p>\n<p>Cafeti\u00e8re expresso en fonte d\u2019aluminium. Poign\u00e9e et bouton en PA.<\/p>\n<p>Caract\u00e9ristiques\u00a0:<\/p>\n<p>Tasses\u00a0:\u00a01<br \/>\nCapacit\u00e9 (cl)\u00a0:\u00a07,00<br \/>\nHauteur (cm)\u00a0:\u00a016,50<br \/>\nLongueur (cm)\u00a0:\u00a012,50<br \/>\nLargeur (cm)\u00a0:\u00a07,20<\/p>\n","protected":false},"excerpt":{"rendered":"<p>Une moka r\u00e9volutionnaire qui combine la technologie d\u00e9velopp\u00e9e par illycaff\u00e8 et l\u2019exp\u00e9rience de design d\u2019Alessi. Con\u00e7u par Michele de Lucchi, Pulcina contient une innovation de conception petite mais substantielle qui emp\u00eache la boisson de couler au bon moment, avant que le caf\u00e9 n\u2019acqui\u00e8re un arri\u00e8re-go\u00fbt amer. Cela permet de mettre en valeur l\u2019ar\u00f4me cors\u00e9 et [&hellip;]<\/p>\n","protected":false},"featured_media":6291437,"template":"","meta":{"_acf_changed":false},"product_cat":[12002,11992,11995],"product_tag":[],"class_list":{"0":"post-1609479","1":"product","2":"type-product","3":"status-publish","4":"has-post-thumbnail","6":"product_cat-cafetieres","7":"product_cat-cuisine","8":"product_cat-table-fr-2","10":"first","11":"instock","12":"sale","13":"taxable","14":"shipping-taxable","15":"purchasable","16":"product-type-simple","swatches":"rey-swatches","show_selected":"","stretch_labels":"rey-swatches--stretch-labels"},"acf":[],"yoast_head":"<!-- This site is optimized with the Yoast SEO plugin v25.4 - https:\/\/yoast.com\/wordpress\/plugins\/seo\/ -->\n<title>ALESSI Pulcina Cafeti\u00e8re Rouge 1 Tasse - dev6 Erresse<\/title>\n<meta name=\"description\" content=\"Une moka r\u00e9volutionnaire qui combine la technologie d\u00e9velopp\u00e9e par illycaff\u00e8 et l\u2019exp\u00e9rience de design d\u2019Alessi. Con\u00e7u par Michele de Lucchi, Pulcina\" \/>\n<meta name=\"robots\" content=\"noindex, follow, max-snippet:-1, max-image-preview:large, max-video-preview:-1\" \/>\n<meta property=\"og:locale\" content=\"fr_FR\" \/>\n<meta property=\"og:type\" content=\"article\" \/>\n<meta property=\"og:title\" content=\"ALESSI Pulcina Cafeti\u00e8re Rouge 1 Tasse - dev6 Erresse\" \/>\n<meta property=\"og:description\" content=\"Une moka r\u00e9volutionnaire qui combine la technologie d\u00e9velopp\u00e9e par illycaff\u00e8 et l\u2019exp\u00e9rience de design d\u2019Alessi. Con\u00e7u par Michele de Lucchi, Pulcina\" \/>\n<meta property=\"og:url\" content=\"https:\/\/dev6.erresse-shop.it\/fr\/shop\/cuisine\/cafetieres\/alessi-pulcina-cafetiere-rouge-1-tasse\/\" \/>\n<meta property=\"og:site_name\" content=\"dev6 Erresse\" \/>\n<meta property=\"og:image\" content=\"https:\/\/interpim.erresse-shop.it\/Import\/Prodotti\/alessi-pulcina-caffettiera-rosso-1-tazza.jpg\" \/><meta property=\"og:image\" content=\"https:\/\/interpim.erresse-shop.it\/Import\/Prodotti\/alessi-pulcina-caffettiera-rosso-1-tazza.jpg\" \/>\n\t<meta property=\"og:image:width\" content=\"1024\" \/>\n\t<meta property=\"og:image:height\" content=\"1024\" \/>\n\t<meta property=\"og:image:type\" content=\"image\/jpeg\" \/>\n<meta name=\"twitter:card\" content=\"summary_large_image\" \/>\n<meta name=\"twitter:image\" content=\"https:\/\/interpim.erresse-shop.it\/Import\/Prodotti\/alessi-pulcina-caffettiera-rosso-1-tazza.jpg\" \/>\n<script type=\"application\/ld+json\" class=\"yoast-schema-graph\">{\"@context\":\"https:\/\/schema.org\",\"@graph\":[{\"@type\":\"WebPage\",\"@id\":\"https:\/\/dev6.erresse-shop.it\/fr\/shop\/cuisine\/cafetieres\/alessi-pulcina-cafetiere-rouge-1-tasse\/\",\"url\":\"https:\/\/dev6.erresse-shop.it\/fr\/shop\/cuisine\/cafetieres\/alessi-pulcina-cafetiere-rouge-1-tasse\/\",\"name\":\"ALESSI Pulcina Cafeti\u00e8re Rouge 1 Tasse - dev6 Erresse\",\"isPartOf\":{\"@id\":\"https:\/\/dev6.erresse-shop.it\/#website\"},\"primaryImageOfPage\":{\"@id\":\"https:\/\/dev6.erresse-shop.it\/fr\/shop\/cuisine\/cafetieres\/alessi-pulcina-cafetiere-rouge-1-tasse\/#primaryimage\"},\"image\":{\"@id\":\"https:\/\/dev6.erresse-shop.it\/fr\/shop\/cuisine\/cafetieres\/alessi-pulcina-cafetiere-rouge-1-tasse\/#primaryimage\"},\"thumbnailUrl\":\"https:\/\/i1.wp.com\/interpim.erresse-shop.it\/Import\/Prodotti\/alessi-pulcina-caffettiera-rosso-1-tazza.jpg?ssl=1\",\"datePublished\":\"2026-04-04T10:50:06+00:00\",\"description\":\"Une moka r\u00e9volutionnaire qui combine la technologie d\u00e9velopp\u00e9e par illycaff\u00e8 et l\u2019exp\u00e9rience de design d\u2019Alessi. Con\u00e7u par Michele de Lucchi, Pulcina\",\"breadcrumb\":{\"@id\":\"https:\/\/dev6.erresse-shop.it\/fr\/shop\/cuisine\/cafetieres\/alessi-pulcina-cafetiere-rouge-1-tasse\/#breadcrumb\"},\"inLanguage\":\"fr-FR\",\"potentialAction\":[{\"@type\":\"ReadAction\",\"target\":[\"https:\/\/dev6.erresse-shop.it\/fr\/shop\/cuisine\/cafetieres\/alessi-pulcina-cafetiere-rouge-1-tasse\/\"]}]},{\"@type\":\"ImageObject\",\"inLanguage\":\"fr-FR\",\"@id\":\"https:\/\/dev6.erresse-shop.it\/fr\/shop\/cuisine\/cafetieres\/alessi-pulcina-cafetiere-rouge-1-tasse\/#primaryimage\",\"url\":\"https:\/\/i1.wp.com\/interpim.erresse-shop.it\/Import\/Prodotti\/alessi-pulcina-caffettiera-rosso-1-tazza.jpg?ssl=1\",\"contentUrl\":\"https:\/\/i1.wp.com\/interpim.erresse-shop.it\/Import\/Prodotti\/alessi-pulcina-caffettiera-rosso-1-tazza.jpg?ssl=1\"},{\"@type\":\"BreadcrumbList\",\"@id\":\"https:\/\/dev6.erresse-shop.it\/fr\/shop\/cuisine\/cafetieres\/alessi-pulcina-cafetiere-rouge-1-tasse\/#breadcrumb\",\"itemListElement\":[{\"@type\":\"ListItem\",\"position\":1,\"name\":\"Home\",\"item\":\"https:\/\/dev6.erresse-shop.it\/\"},{\"@type\":\"ListItem\",\"position\":2,\"name\":\"Boutique\",\"item\":\"https:\/\/dev6.erresse-shop.it\/shop\/\"},{\"@type\":\"ListItem\",\"position\":3,\"name\":\"ALESSI Pulcina Cafeti\u00e8re Rouge 1 Tasse\"}]},{\"@type\":\"WebSite\",\"@id\":\"https:\/\/dev6.erresse-shop.it\/#website\",\"url\":\"https:\/\/dev6.erresse-shop.it\/\",\"name\":\"Erresse Shop\",\"description\":\"\",\"publisher\":{\"@id\":\"https:\/\/dev6.erresse-shop.it\/#organization\"},\"potentialAction\":[{\"@type\":\"SearchAction\",\"target\":{\"@type\":\"EntryPoint\",\"urlTemplate\":\"https:\/\/dev6.erresse-shop.it\/?s={search_term_string}\"},\"query-input\":{\"@type\":\"PropertyValueSpecification\",\"valueRequired\":true,\"valueName\":\"search_term_string\"}}],\"inLanguage\":\"fr-FR\"},{\"@type\":\"Organization\",\"@id\":\"https:\/\/dev6.erresse-shop.it\/#organization\",\"name\":\"Erresse Shop\",\"url\":\"https:\/\/dev6.erresse-shop.it\/\",\"logo\":{\"@type\":\"ImageObject\",\"inLanguage\":\"fr-FR\",\"@id\":\"https:\/\/dev6.erresse-shop.it\/#\/schema\/logo\/image\/\",\"url\":\"https:\/\/dev6.erresse-shop.it\/wp-content\/uploads\/2025\/01\/LOGO-ERRESSE-CLASSICO.svg\",\"contentUrl\":\"https:\/\/dev6.erresse-shop.it\/wp-content\/uploads\/2025\/01\/LOGO-ERRESSE-CLASSICO.svg\",\"caption\":\"Erresse Shop\"},\"image\":{\"@id\":\"https:\/\/dev6.erresse-shop.it\/#\/schema\/logo\/image\/\"}}]}<\/script>\n<!-- \/ Yoast SEO plugin. -->","yoast_head_json":{"title":"ALESSI Pulcina Cafeti\u00e8re Rouge 1 Tasse - dev6 Erresse","description":"Une moka r\u00e9volutionnaire qui combine la technologie d\u00e9velopp\u00e9e par illycaff\u00e8 et l\u2019exp\u00e9rience de design d\u2019Alessi. Con\u00e7u par Michele de Lucchi, Pulcina","robots":{"index":"noindex","follow":"follow","max-snippet":"max-snippet:-1","max-image-preview":"max-image-preview:large","max-video-preview":"max-video-preview:-1"},"og_locale":"fr_FR","og_type":"article","og_title":"ALESSI Pulcina Cafeti\u00e8re Rouge 1 Tasse - dev6 Erresse","og_description":"Une moka r\u00e9volutionnaire qui combine la technologie d\u00e9velopp\u00e9e par illycaff\u00e8 et l\u2019exp\u00e9rience de design d\u2019Alessi. Con\u00e7u par Michele de Lucchi, Pulcina","og_url":"https:\/\/dev6.erresse-shop.it\/fr\/shop\/cuisine\/cafetieres\/alessi-pulcina-cafetiere-rouge-1-tasse\/","og_site_name":"dev6 Erresse","og_image":[{"url":"https:\/\/interpim.erresse-shop.it\/Import\/Prodotti\/alessi-pulcina-caffettiera-rosso-1-tazza.jpg","type":"","width":"","height":""},{"url":"https:\/\/interpim.erresse-shop.it\/Import\/Prodotti\/alessi-pulcina-caffettiera-rosso-1-tazza.jpg","width":1024,"height":1024,"type":"image\/jpeg"}],"twitter_card":"summary_large_image","twitter_image":"https:\/\/interpim.erresse-shop.it\/Import\/Prodotti\/alessi-pulcina-caffettiera-rosso-1-tazza.jpg","schema":{"@context":"https:\/\/schema.org","@graph":[{"@type":"WebPage","@id":"https:\/\/dev6.erresse-shop.it\/fr\/shop\/cuisine\/cafetieres\/alessi-pulcina-cafetiere-rouge-1-tasse\/","url":"https:\/\/dev6.erresse-shop.it\/fr\/shop\/cuisine\/cafetieres\/alessi-pulcina-cafetiere-rouge-1-tasse\/","name":"ALESSI Pulcina Cafeti\u00e8re Rouge 1 Tasse - dev6 Erresse","isPartOf":{"@id":"https:\/\/dev6.erresse-shop.it\/#website"},"primaryImageOfPage":{"@id":"https:\/\/dev6.erresse-shop.it\/fr\/shop\/cuisine\/cafetieres\/alessi-pulcina-cafetiere-rouge-1-tasse\/#primaryimage"},"image":{"@id":"https:\/\/dev6.erresse-shop.it\/fr\/shop\/cuisine\/cafetieres\/alessi-pulcina-cafetiere-rouge-1-tasse\/#primaryimage"},"thumbnailUrl":"https:\/\/i1.wp.com\/interpim.erresse-shop.it\/Import\/Prodotti\/alessi-pulcina-caffettiera-rosso-1-tazza.jpg?ssl=1","datePublished":"2026-04-04T10:50:06+00:00","description":"Une moka r\u00e9volutionnaire qui combine la technologie d\u00e9velopp\u00e9e par illycaff\u00e8 et l\u2019exp\u00e9rience de design d\u2019Alessi. Con\u00e7u par Michele de Lucchi, Pulcina","breadcrumb":{"@id":"https:\/\/dev6.erresse-shop.it\/fr\/shop\/cuisine\/cafetieres\/alessi-pulcina-cafetiere-rouge-1-tasse\/#breadcrumb"},"inLanguage":"fr-FR","potentialAction":[{"@type":"ReadAction","target":["https:\/\/dev6.erresse-shop.it\/fr\/shop\/cuisine\/cafetieres\/alessi-pulcina-cafetiere-rouge-1-tasse\/"]}]},{"@type":"ImageObject","inLanguage":"fr-FR","@id":"https:\/\/dev6.erresse-shop.it\/fr\/shop\/cuisine\/cafetieres\/alessi-pulcina-cafetiere-rouge-1-tasse\/#primaryimage","url":"https:\/\/i1.wp.com\/interpim.erresse-shop.it\/Import\/Prodotti\/alessi-pulcina-caffettiera-rosso-1-tazza.jpg?ssl=1","contentUrl":"https:\/\/i1.wp.com\/interpim.erresse-shop.it\/Import\/Prodotti\/alessi-pulcina-caffettiera-rosso-1-tazza.jpg?ssl=1"},{"@type":"BreadcrumbList","@id":"https:\/\/dev6.erresse-shop.it\/fr\/shop\/cuisine\/cafetieres\/alessi-pulcina-cafetiere-rouge-1-tasse\/#breadcrumb","itemListElement":[{"@type":"ListItem","position":1,"name":"Home","item":"https:\/\/dev6.erresse-shop.it\/"},{"@type":"ListItem","position":2,"name":"Boutique","item":"https:\/\/dev6.erresse-shop.it\/shop\/"},{"@type":"ListItem","position":3,"name":"ALESSI Pulcina Cafeti\u00e8re Rouge 1 Tasse"}]},{"@type":"WebSite","@id":"https:\/\/dev6.erresse-shop.it\/#website","url":"https:\/\/dev6.erresse-shop.it\/","name":"Erresse Shop","description":"","publisher":{"@id":"https:\/\/dev6.erresse-shop.it\/#organization"},"potentialAction":[{"@type":"SearchAction","target":{"@type":"EntryPoint","urlTemplate":"https:\/\/dev6.erresse-shop.it\/?s={search_term_string}"},"query-input":{"@type":"PropertyValueSpecification","valueRequired":true,"valueName":"search_term_string"}}],"inLanguage":"fr-FR"},{"@type":"Organization","@id":"https:\/\/dev6.erresse-shop.it\/#organization","name":"Erresse Shop","url":"https:\/\/dev6.erresse-shop.it\/","logo":{"@type":"ImageObject","inLanguage":"fr-FR","@id":"https:\/\/dev6.erresse-shop.it\/#\/schema\/logo\/image\/","url":"https:\/\/dev6.erresse-shop.it\/wp-content\/uploads\/2025\/01\/LOGO-ERRESSE-CLASSICO.svg","contentUrl":"https:\/\/dev6.erresse-shop.it\/wp-content\/uploads\/2025\/01\/LOGO-ERRESSE-CLASSICO.svg","caption":"Erresse Shop"},"image":{"@id":"https:\/\/dev6.erresse-shop.it\/#\/schema\/logo\/image\/"}}]}},"df_price":58.5,"df_sale_price":58.5,"df_regular_price":65,"df_image_link":"https:\/\/i1.wp.com\/interpim.erresse-shop.it\/Import\/Prodotti\/alessi-pulcina-caffettiera-rosso-1-tazza.jpg?resize=300,300&ssl=1","fifu_image_url":"https:\/\/interpim.erresse-shop.it\/Import\/Prodotti\/alessi-pulcina-caffettiera-rosso-1-tazza.jpg","_links":{"self":[{"href":"https:\/\/dev6.erresse-shop.it\/fr\/wp-json\/wp\/v2\/product\/1609479","targetHints":{"allow":["GET"]}}],"collection":[{"href":"https:\/\/dev6.erresse-shop.it\/fr\/wp-json\/wp\/v2\/product"}],"about":[{"href":"https:\/\/dev6.erresse-shop.it\/fr\/wp-json\/wp\/v2\/types\/product"}],"wp:featuredmedia":[{"embeddable":true,"href":"https:\/\/dev6.erresse-shop.it\/fr\/wp-json\/wp\/v2\/media\/6291437"}],"wp:attachment":[{"href":"https:\/\/dev6.erresse-shop.it\/fr\/wp-json\/wp\/v2\/media?parent=1609479"}],"wp:term":[{"taxonomy":"product_cat","embeddable":true,"href":"https:\/\/dev6.erresse-shop.it\/fr\/wp-json\/wp\/v2\/product_cat?post=1609479"},{"taxonomy":"product_tag","embeddable":true,"href":"https:\/\/dev6.erresse-shop.it\/fr\/wp-json\/wp\/v2\/product_tag?post=1609479"}],"curies":[{"name":"wp","href":"https:\/\/api.w.org\/{rel}","templated":true}]}}