{"id":1609465,"date":"2026-04-12T12:52:51","date_gmt":"2026-04-12T10:52:51","guid":{"rendered":"https:\/\/dev6.erresse-shop.it\/shop\/non%20class\u00e9\/alessi-anna-g-tire-bouchon-zamak-chrome\/"},"modified":"2025-09-14T06:28:28","modified_gmt":"2025-09-14T04:28:28","slug":"alessi-anna-g-tire-bouchon-zamak-chrome","status":"publish","type":"product","link":"https:\/\/dev6.erresse-shop.it\/fr\/shop\/table-fr-2\/vin\/tire-bouchons\/alessi-anna-g-tire-bouchon-zamak-chrome\/","title":{"rendered":"ALESSI Anna G. Tire-bouchon Zamak chrom\u00e9"},"content":{"rendered":"<p>Le tire-bouchon Anna G. con\u00e7u par Alessandro Mendini est un hommage ironique \u00e0 une femme r\u00e9elle, dont le visage souriant est devenu une figure culte au fil des ans, g\u00e9n\u00e9rant une riche famille d\u2019objets pour la table et la cuisine. Depuis 1994, il figure parmi les objets les plus populaires de l\u2019encyclop\u00e9die Alessi.<\/p>\n<p>Caract\u00e9ristiques<br \/>\n\u2013 Mat\u00e9riau : Zamak chrom\u00e9<br \/>\n\u2013 Diam\u00e8tre : 7 cm<br \/>\n\u2013 Hauteur : 24,50 cm<\/p>\n","protected":false},"excerpt":{"rendered":"<p>Le tire-bouchon Anna G. con\u00e7u par Alessandro Mendini est un hommage ironique \u00e0 une femme r\u00e9elle, dont le visage souriant est devenu une figure culte au fil des ans, g\u00e9n\u00e9rant une riche famille d\u2019objets pour la table et la cuisine. Depuis 1994, il figure parmi les objets les plus populaires de l\u2019encyclop\u00e9die Alessi. Caract\u00e9ristiques \u2013 [&hellip;]<\/p>\n","protected":false},"featured_media":6374653,"template":"","meta":{"_acf_changed":false},"product_cat":[11995,12080,12069],"product_tag":[],"class_list":{"0":"post-1609465","1":"product","2":"type-product","3":"status-publish","4":"has-post-thumbnail","6":"product_cat-table-fr-2","7":"product_cat-tire-bouchons","8":"product_cat-vin","10":"first","11":"instock","12":"sale","13":"taxable","14":"shipping-taxable","15":"purchasable","16":"product-type-simple","swatches":"rey-swatches","show_selected":"","stretch_labels":"rey-swatches--stretch-labels"},"acf":[],"yoast_head":"<!-- This site is optimized with the Yoast SEO plugin v25.4 - https:\/\/yoast.com\/wordpress\/plugins\/seo\/ -->\n<title>ALESSI Anna G. Tire-bouchon Zamak chrom\u00e9 - dev6 Erresse<\/title>\n<meta name=\"description\" content=\"Le tire-bouchon Anna G. con\u00e7u par Alessandro Mendini est un hommage ironique \u00e0 une femme r\u00e9elle, dont le visage souriant est devenu une figure culte au\" \/>\n<meta name=\"robots\" content=\"noindex, follow, max-snippet:-1, max-image-preview:large, max-video-preview:-1\" \/>\n<meta property=\"og:locale\" content=\"fr_FR\" \/>\n<meta property=\"og:type\" content=\"article\" \/>\n<meta property=\"og:title\" content=\"ALESSI Anna G. Tire-bouchon Zamak chrom\u00e9 - dev6 Erresse\" \/>\n<meta property=\"og:description\" content=\"Le tire-bouchon Anna G. con\u00e7u par Alessandro Mendini est un hommage ironique \u00e0 une femme r\u00e9elle, dont le visage souriant est devenu une figure culte au\" \/>\n<meta property=\"og:url\" content=\"https:\/\/dev6.erresse-shop.it\/fr\/shop\/table-fr-2\/vin\/tire-bouchons\/alessi-anna-g-tire-bouchon-zamak-chrome\/\" \/>\n<meta property=\"og:site_name\" content=\"dev6 Erresse\" \/>\n<meta property=\"og:image\" content=\"https:\/\/interpim.erresse-shop.it\/Import\/Prodotti\/alessi-anna-g.-cavatappi-zama-cromata.jpg\" \/><meta property=\"og:image\" content=\"https:\/\/interpim.erresse-shop.it\/Import\/Prodotti\/alessi-anna-g.-cavatappi-zama-cromata.jpg\" \/>\n\t<meta property=\"og:image:width\" content=\"1024\" \/>\n\t<meta property=\"og:image:height\" content=\"1024\" \/>\n\t<meta property=\"og:image:type\" content=\"image\/jpeg\" \/>\n<meta name=\"twitter:card\" content=\"summary_large_image\" \/>\n<meta name=\"twitter:image\" content=\"https:\/\/interpim.erresse-shop.it\/Import\/Prodotti\/alessi-anna-g.-cavatappi-zama-cromata.jpg\" \/>\n<script type=\"application\/ld+json\" class=\"yoast-schema-graph\">{\"@context\":\"https:\/\/schema.org\",\"@graph\":[{\"@type\":\"WebPage\",\"@id\":\"https:\/\/dev6.erresse-shop.it\/fr\/shop\/table-fr-2\/vin\/tire-bouchons\/alessi-anna-g-tire-bouchon-zamak-chrome\/\",\"url\":\"https:\/\/dev6.erresse-shop.it\/fr\/shop\/table-fr-2\/vin\/tire-bouchons\/alessi-anna-g-tire-bouchon-zamak-chrome\/\",\"name\":\"ALESSI Anna G. Tire-bouchon Zamak chrom\u00e9 - dev6 Erresse\",\"isPartOf\":{\"@id\":\"https:\/\/dev6.erresse-shop.it\/#website\"},\"primaryImageOfPage\":{\"@id\":\"https:\/\/dev6.erresse-shop.it\/fr\/shop\/table-fr-2\/vin\/tire-bouchons\/alessi-anna-g-tire-bouchon-zamak-chrome\/#primaryimage\"},\"image\":{\"@id\":\"https:\/\/dev6.erresse-shop.it\/fr\/shop\/table-fr-2\/vin\/tire-bouchons\/alessi-anna-g-tire-bouchon-zamak-chrome\/#primaryimage\"},\"thumbnailUrl\":\"https:\/\/i1.wp.com\/interpim.erresse-shop.it\/Import\/Prodotti\/alessi-anna-g.-cavatappi-zama-cromata.jpg?ssl=1\",\"datePublished\":\"2026-04-12T10:52:51+00:00\",\"description\":\"Le tire-bouchon Anna G. con\u00e7u par Alessandro Mendini est un hommage ironique \u00e0 une femme r\u00e9elle, dont le visage souriant est devenu une figure culte au\",\"breadcrumb\":{\"@id\":\"https:\/\/dev6.erresse-shop.it\/fr\/shop\/table-fr-2\/vin\/tire-bouchons\/alessi-anna-g-tire-bouchon-zamak-chrome\/#breadcrumb\"},\"inLanguage\":\"fr-FR\",\"potentialAction\":[{\"@type\":\"ReadAction\",\"target\":[\"https:\/\/dev6.erresse-shop.it\/fr\/shop\/table-fr-2\/vin\/tire-bouchons\/alessi-anna-g-tire-bouchon-zamak-chrome\/\"]}]},{\"@type\":\"ImageObject\",\"inLanguage\":\"fr-FR\",\"@id\":\"https:\/\/dev6.erresse-shop.it\/fr\/shop\/table-fr-2\/vin\/tire-bouchons\/alessi-anna-g-tire-bouchon-zamak-chrome\/#primaryimage\",\"url\":\"https:\/\/i1.wp.com\/interpim.erresse-shop.it\/Import\/Prodotti\/alessi-anna-g.-cavatappi-zama-cromata.jpg?ssl=1\",\"contentUrl\":\"https:\/\/i1.wp.com\/interpim.erresse-shop.it\/Import\/Prodotti\/alessi-anna-g.-cavatappi-zama-cromata.jpg?ssl=1\"},{\"@type\":\"BreadcrumbList\",\"@id\":\"https:\/\/dev6.erresse-shop.it\/fr\/shop\/table-fr-2\/vin\/tire-bouchons\/alessi-anna-g-tire-bouchon-zamak-chrome\/#breadcrumb\",\"itemListElement\":[{\"@type\":\"ListItem\",\"position\":1,\"name\":\"Home\",\"item\":\"https:\/\/dev6.erresse-shop.it\/\"},{\"@type\":\"ListItem\",\"position\":2,\"name\":\"Boutique\",\"item\":\"https:\/\/dev6.erresse-shop.it\/shop\/\"},{\"@type\":\"ListItem\",\"position\":3,\"name\":\"ALESSI Anna G. Tire-bouchon Zamak chrom\u00e9\"}]},{\"@type\":\"WebSite\",\"@id\":\"https:\/\/dev6.erresse-shop.it\/#website\",\"url\":\"https:\/\/dev6.erresse-shop.it\/\",\"name\":\"Erresse Shop\",\"description\":\"\",\"publisher\":{\"@id\":\"https:\/\/dev6.erresse-shop.it\/#organization\"},\"potentialAction\":[{\"@type\":\"SearchAction\",\"target\":{\"@type\":\"EntryPoint\",\"urlTemplate\":\"https:\/\/dev6.erresse-shop.it\/?s={search_term_string}\"},\"query-input\":{\"@type\":\"PropertyValueSpecification\",\"valueRequired\":true,\"valueName\":\"search_term_string\"}}],\"inLanguage\":\"fr-FR\"},{\"@type\":\"Organization\",\"@id\":\"https:\/\/dev6.erresse-shop.it\/#organization\",\"name\":\"Erresse Shop\",\"url\":\"https:\/\/dev6.erresse-shop.it\/\",\"logo\":{\"@type\":\"ImageObject\",\"inLanguage\":\"fr-FR\",\"@id\":\"https:\/\/dev6.erresse-shop.it\/#\/schema\/logo\/image\/\",\"url\":\"https:\/\/dev6.erresse-shop.it\/wp-content\/uploads\/2025\/01\/LOGO-ERRESSE-CLASSICO.svg\",\"contentUrl\":\"https:\/\/dev6.erresse-shop.it\/wp-content\/uploads\/2025\/01\/LOGO-ERRESSE-CLASSICO.svg\",\"caption\":\"Erresse Shop\"},\"image\":{\"@id\":\"https:\/\/dev6.erresse-shop.it\/#\/schema\/logo\/image\/\"}}]}<\/script>\n<!-- \/ Yoast SEO plugin. -->","yoast_head_json":{"title":"ALESSI Anna G. Tire-bouchon Zamak chrom\u00e9 - dev6 Erresse","description":"Le tire-bouchon Anna G. con\u00e7u par Alessandro Mendini est un hommage ironique \u00e0 une femme r\u00e9elle, dont le visage souriant est devenu une figure culte au","robots":{"index":"noindex","follow":"follow","max-snippet":"max-snippet:-1","max-image-preview":"max-image-preview:large","max-video-preview":"max-video-preview:-1"},"og_locale":"fr_FR","og_type":"article","og_title":"ALESSI Anna G. Tire-bouchon Zamak chrom\u00e9 - dev6 Erresse","og_description":"Le tire-bouchon Anna G. con\u00e7u par Alessandro Mendini est un hommage ironique \u00e0 une femme r\u00e9elle, dont le visage souriant est devenu une figure culte au","og_url":"https:\/\/dev6.erresse-shop.it\/fr\/shop\/table-fr-2\/vin\/tire-bouchons\/alessi-anna-g-tire-bouchon-zamak-chrome\/","og_site_name":"dev6 Erresse","og_image":[{"url":"https:\/\/interpim.erresse-shop.it\/Import\/Prodotti\/alessi-anna-g.-cavatappi-zama-cromata.jpg","type":"","width":"","height":""},{"url":"https:\/\/interpim.erresse-shop.it\/Import\/Prodotti\/alessi-anna-g.-cavatappi-zama-cromata.jpg","width":1024,"height":1024,"type":"image\/jpeg"}],"twitter_card":"summary_large_image","twitter_image":"https:\/\/interpim.erresse-shop.it\/Import\/Prodotti\/alessi-anna-g.-cavatappi-zama-cromata.jpg","schema":{"@context":"https:\/\/schema.org","@graph":[{"@type":"WebPage","@id":"https:\/\/dev6.erresse-shop.it\/fr\/shop\/table-fr-2\/vin\/tire-bouchons\/alessi-anna-g-tire-bouchon-zamak-chrome\/","url":"https:\/\/dev6.erresse-shop.it\/fr\/shop\/table-fr-2\/vin\/tire-bouchons\/alessi-anna-g-tire-bouchon-zamak-chrome\/","name":"ALESSI Anna G. Tire-bouchon Zamak chrom\u00e9 - dev6 Erresse","isPartOf":{"@id":"https:\/\/dev6.erresse-shop.it\/#website"},"primaryImageOfPage":{"@id":"https:\/\/dev6.erresse-shop.it\/fr\/shop\/table-fr-2\/vin\/tire-bouchons\/alessi-anna-g-tire-bouchon-zamak-chrome\/#primaryimage"},"image":{"@id":"https:\/\/dev6.erresse-shop.it\/fr\/shop\/table-fr-2\/vin\/tire-bouchons\/alessi-anna-g-tire-bouchon-zamak-chrome\/#primaryimage"},"thumbnailUrl":"https:\/\/i1.wp.com\/interpim.erresse-shop.it\/Import\/Prodotti\/alessi-anna-g.-cavatappi-zama-cromata.jpg?ssl=1","datePublished":"2026-04-12T10:52:51+00:00","description":"Le tire-bouchon Anna G. con\u00e7u par Alessandro Mendini est un hommage ironique \u00e0 une femme r\u00e9elle, dont le visage souriant est devenu une figure culte au","breadcrumb":{"@id":"https:\/\/dev6.erresse-shop.it\/fr\/shop\/table-fr-2\/vin\/tire-bouchons\/alessi-anna-g-tire-bouchon-zamak-chrome\/#breadcrumb"},"inLanguage":"fr-FR","potentialAction":[{"@type":"ReadAction","target":["https:\/\/dev6.erresse-shop.it\/fr\/shop\/table-fr-2\/vin\/tire-bouchons\/alessi-anna-g-tire-bouchon-zamak-chrome\/"]}]},{"@type":"ImageObject","inLanguage":"fr-FR","@id":"https:\/\/dev6.erresse-shop.it\/fr\/shop\/table-fr-2\/vin\/tire-bouchons\/alessi-anna-g-tire-bouchon-zamak-chrome\/#primaryimage","url":"https:\/\/i1.wp.com\/interpim.erresse-shop.it\/Import\/Prodotti\/alessi-anna-g.-cavatappi-zama-cromata.jpg?ssl=1","contentUrl":"https:\/\/i1.wp.com\/interpim.erresse-shop.it\/Import\/Prodotti\/alessi-anna-g.-cavatappi-zama-cromata.jpg?ssl=1"},{"@type":"BreadcrumbList","@id":"https:\/\/dev6.erresse-shop.it\/fr\/shop\/table-fr-2\/vin\/tire-bouchons\/alessi-anna-g-tire-bouchon-zamak-chrome\/#breadcrumb","itemListElement":[{"@type":"ListItem","position":1,"name":"Home","item":"https:\/\/dev6.erresse-shop.it\/"},{"@type":"ListItem","position":2,"name":"Boutique","item":"https:\/\/dev6.erresse-shop.it\/shop\/"},{"@type":"ListItem","position":3,"name":"ALESSI Anna G. Tire-bouchon Zamak chrom\u00e9"}]},{"@type":"WebSite","@id":"https:\/\/dev6.erresse-shop.it\/#website","url":"https:\/\/dev6.erresse-shop.it\/","name":"Erresse Shop","description":"","publisher":{"@id":"https:\/\/dev6.erresse-shop.it\/#organization"},"potentialAction":[{"@type":"SearchAction","target":{"@type":"EntryPoint","urlTemplate":"https:\/\/dev6.erresse-shop.it\/?s={search_term_string}"},"query-input":{"@type":"PropertyValueSpecification","valueRequired":true,"valueName":"search_term_string"}}],"inLanguage":"fr-FR"},{"@type":"Organization","@id":"https:\/\/dev6.erresse-shop.it\/#organization","name":"Erresse Shop","url":"https:\/\/dev6.erresse-shop.it\/","logo":{"@type":"ImageObject","inLanguage":"fr-FR","@id":"https:\/\/dev6.erresse-shop.it\/#\/schema\/logo\/image\/","url":"https:\/\/dev6.erresse-shop.it\/wp-content\/uploads\/2025\/01\/LOGO-ERRESSE-CLASSICO.svg","contentUrl":"https:\/\/dev6.erresse-shop.it\/wp-content\/uploads\/2025\/01\/LOGO-ERRESSE-CLASSICO.svg","caption":"Erresse Shop"},"image":{"@id":"https:\/\/dev6.erresse-shop.it\/#\/schema\/logo\/image\/"}}]}},"df_price":81,"df_sale_price":81,"df_regular_price":90,"df_image_link":"https:\/\/i1.wp.com\/interpim.erresse-shop.it\/Import\/Prodotti\/alessi-anna-g.-cavatappi-zama-cromata.jpg?resize=300,300&ssl=1","fifu_image_url":"https:\/\/interpim.erresse-shop.it\/Import\/Prodotti\/alessi-anna-g.-cavatappi-zama-cromata.jpg","_links":{"self":[{"href":"https:\/\/dev6.erresse-shop.it\/fr\/wp-json\/wp\/v2\/product\/1609465","targetHints":{"allow":["GET"]}}],"collection":[{"href":"https:\/\/dev6.erresse-shop.it\/fr\/wp-json\/wp\/v2\/product"}],"about":[{"href":"https:\/\/dev6.erresse-shop.it\/fr\/wp-json\/wp\/v2\/types\/product"}],"wp:featuredmedia":[{"embeddable":true,"href":"https:\/\/dev6.erresse-shop.it\/fr\/wp-json\/wp\/v2\/media\/6374653"}],"wp:attachment":[{"href":"https:\/\/dev6.erresse-shop.it\/fr\/wp-json\/wp\/v2\/media?parent=1609465"}],"wp:term":[{"taxonomy":"product_cat","embeddable":true,"href":"https:\/\/dev6.erresse-shop.it\/fr\/wp-json\/wp\/v2\/product_cat?post=1609465"},{"taxonomy":"product_tag","embeddable":true,"href":"https:\/\/dev6.erresse-shop.it\/fr\/wp-json\/wp\/v2\/product_tag?post=1609465"}],"curies":[{"name":"wp","href":"https:\/\/api.w.org\/{rel}","templated":true}]}}