{"id":1609439,"date":"2026-04-12T12:50:19","date_gmt":"2026-04-12T10:50:19","guid":{"rendered":"https:\/\/dev6.erresse-shop.it\/shop\/non%20class\u00e9\/alessi-bouilloire-avec-oiseau-noir\/"},"modified":"2025-07-04T19:20:22","modified_gmt":"2025-07-04T17:20:22","slug":"alessi-bouilloire-avec-oiseau-noir","status":"publish","type":"product","link":"https:\/\/dev6.erresse-shop.it\/fr\/shop\/cuisine\/bouilloires\/alessi-bouilloire-avec-oiseau-noir\/","title":{"rendered":"ALESSI Bouilloire avec Oiseau Noir"},"content":{"rendered":"<p>La bouilloire 9093, avec son sifflet en forme d\u2019oiseau, est l\u2019un des objets Alessi les plus vendus au monde. Le design de cette bouilloire, cr\u00e9\u00e9e par Michael Graves en 1985, m\u00e9lange les influences de l\u2019art europ\u00e9en, de la pop am\u00e9ricaine et des citations des cultures pr\u00e9colombiennes. Le langage visuel unique de Graves est \u00e0 l\u2019origine de l\u2019extraordinaire succ\u00e8s que conna\u00eet la bouilloire depuis l\u2019ann\u00e9e de sa production. C\u2019est un objet intelligent, \u00e9l\u00e9gant, mais en m\u00eame temps ludique et amusant : lorsque l\u2019eau commence \u00e0 bouillir, l\u2019oiseau chante, ce qui entra\u00eene un sourire in\u00e9vitable.<\/p>\n<p>Sp\u00e9cifications<br \/>\n\u2013 Capacit\u00e9 : 2 L<br \/>\n\u2013 Diam\u00e8tre : 22 cm<br \/>\n\u2013 Hauteur : 22, 50 cm<\/p>\n<p>Convient pour l\u2019induction<\/p>\n<p>Not for sale outside from Europe<\/p>\n","protected":false},"excerpt":{"rendered":"<p>La bouilloire 9093, avec son sifflet en forme d\u2019oiseau, est l\u2019un des objets Alessi les plus vendus au monde. Le design de cette bouilloire, cr\u00e9\u00e9e par Michael Graves en 1985, m\u00e9lange les influences de l\u2019art europ\u00e9en, de la pop am\u00e9ricaine et des citations des cultures pr\u00e9colombiennes. Le langage visuel unique de Graves est \u00e0 l\u2019origine [&hellip;]<\/p>\n","protected":false},"featured_media":6374559,"template":"","meta":{"_acf_changed":false},"product_cat":[12005,11992],"product_tag":[],"class_list":{"0":"post-1609439","1":"product","2":"type-product","3":"status-publish","4":"has-post-thumbnail","6":"product_cat-bouilloires","7":"product_cat-cuisine","9":"first","10":"instock","11":"sale","12":"taxable","13":"shipping-taxable","14":"purchasable","15":"product-type-simple","swatches":"rey-swatches","show_selected":"","stretch_labels":"rey-swatches--stretch-labels"},"acf":[],"yoast_head":"<!-- This site is optimized with the Yoast SEO plugin v25.4 - https:\/\/yoast.com\/wordpress\/plugins\/seo\/ -->\n<title>ALESSI Bouilloire avec Oiseau Noir - dev6 Erresse<\/title>\n<meta name=\"description\" content=\"La bouilloire 9093, avec son sifflet en forme d\u2019oiseau, est l\u2019un des objets Alessi les plus vendus au monde. Le design de cette bouilloire, cr\u00e9\u00e9e par\" \/>\n<meta name=\"robots\" content=\"noindex, follow, max-snippet:-1, max-image-preview:large, max-video-preview:-1\" \/>\n<meta property=\"og:locale\" content=\"fr_FR\" \/>\n<meta property=\"og:type\" content=\"article\" \/>\n<meta property=\"og:title\" content=\"ALESSI Bouilloire avec Oiseau Noir - dev6 Erresse\" \/>\n<meta property=\"og:description\" content=\"La bouilloire 9093, avec son sifflet en forme d\u2019oiseau, est l\u2019un des objets Alessi les plus vendus au monde. Le design de cette bouilloire, cr\u00e9\u00e9e par\" \/>\n<meta property=\"og:url\" content=\"https:\/\/dev6.erresse-shop.it\/fr\/shop\/cuisine\/bouilloires\/alessi-bouilloire-avec-oiseau-noir\/\" \/>\n<meta property=\"og:site_name\" content=\"dev6 Erresse\" \/>\n<meta property=\"og:image\" content=\"https:\/\/interpim.erresse-shop.it\/Import\/Prodotti\/alessi-bollitore-con-uccellino-nero.jpg\" \/><meta property=\"og:image\" content=\"https:\/\/interpim.erresse-shop.it\/Import\/Prodotti\/alessi-bollitore-con-uccellino-nero.jpg\" \/>\n\t<meta property=\"og:image:width\" content=\"1024\" \/>\n\t<meta property=\"og:image:height\" content=\"1024\" \/>\n\t<meta property=\"og:image:type\" content=\"image\/jpeg\" \/>\n<meta name=\"twitter:card\" content=\"summary_large_image\" \/>\n<meta name=\"twitter:image\" content=\"https:\/\/interpim.erresse-shop.it\/Import\/Prodotti\/alessi-bollitore-con-uccellino-nero.jpg\" \/>\n<script type=\"application\/ld+json\" class=\"yoast-schema-graph\">{\"@context\":\"https:\/\/schema.org\",\"@graph\":[{\"@type\":\"WebPage\",\"@id\":\"https:\/\/dev6.erresse-shop.it\/fr\/shop\/cuisine\/bouilloires\/alessi-bouilloire-avec-oiseau-noir\/\",\"url\":\"https:\/\/dev6.erresse-shop.it\/fr\/shop\/cuisine\/bouilloires\/alessi-bouilloire-avec-oiseau-noir\/\",\"name\":\"ALESSI Bouilloire avec Oiseau Noir - dev6 Erresse\",\"isPartOf\":{\"@id\":\"https:\/\/dev6.erresse-shop.it\/#website\"},\"primaryImageOfPage\":{\"@id\":\"https:\/\/dev6.erresse-shop.it\/fr\/shop\/cuisine\/bouilloires\/alessi-bouilloire-avec-oiseau-noir\/#primaryimage\"},\"image\":{\"@id\":\"https:\/\/dev6.erresse-shop.it\/fr\/shop\/cuisine\/bouilloires\/alessi-bouilloire-avec-oiseau-noir\/#primaryimage\"},\"thumbnailUrl\":\"https:\/\/i2.wp.com\/interpim.erresse-shop.it\/Import\/Prodotti\/alessi-bollitore-con-uccellino-nero.jpg?ssl=1\",\"datePublished\":\"2026-04-12T10:50:19+00:00\",\"description\":\"La bouilloire 9093, avec son sifflet en forme d\u2019oiseau, est l\u2019un des objets Alessi les plus vendus au monde. Le design de cette bouilloire, cr\u00e9\u00e9e par\",\"breadcrumb\":{\"@id\":\"https:\/\/dev6.erresse-shop.it\/fr\/shop\/cuisine\/bouilloires\/alessi-bouilloire-avec-oiseau-noir\/#breadcrumb\"},\"inLanguage\":\"fr-FR\",\"potentialAction\":[{\"@type\":\"ReadAction\",\"target\":[\"https:\/\/dev6.erresse-shop.it\/fr\/shop\/cuisine\/bouilloires\/alessi-bouilloire-avec-oiseau-noir\/\"]}]},{\"@type\":\"ImageObject\",\"inLanguage\":\"fr-FR\",\"@id\":\"https:\/\/dev6.erresse-shop.it\/fr\/shop\/cuisine\/bouilloires\/alessi-bouilloire-avec-oiseau-noir\/#primaryimage\",\"url\":\"https:\/\/i2.wp.com\/interpim.erresse-shop.it\/Import\/Prodotti\/alessi-bollitore-con-uccellino-nero.jpg?ssl=1\",\"contentUrl\":\"https:\/\/i2.wp.com\/interpim.erresse-shop.it\/Import\/Prodotti\/alessi-bollitore-con-uccellino-nero.jpg?ssl=1\"},{\"@type\":\"BreadcrumbList\",\"@id\":\"https:\/\/dev6.erresse-shop.it\/fr\/shop\/cuisine\/bouilloires\/alessi-bouilloire-avec-oiseau-noir\/#breadcrumb\",\"itemListElement\":[{\"@type\":\"ListItem\",\"position\":1,\"name\":\"Home\",\"item\":\"https:\/\/dev6.erresse-shop.it\/\"},{\"@type\":\"ListItem\",\"position\":2,\"name\":\"Boutique\",\"item\":\"https:\/\/dev6.erresse-shop.it\/shop\/\"},{\"@type\":\"ListItem\",\"position\":3,\"name\":\"ALESSI Bouilloire avec Oiseau Noir\"}]},{\"@type\":\"WebSite\",\"@id\":\"https:\/\/dev6.erresse-shop.it\/#website\",\"url\":\"https:\/\/dev6.erresse-shop.it\/\",\"name\":\"Erresse Shop\",\"description\":\"\",\"publisher\":{\"@id\":\"https:\/\/dev6.erresse-shop.it\/#organization\"},\"potentialAction\":[{\"@type\":\"SearchAction\",\"target\":{\"@type\":\"EntryPoint\",\"urlTemplate\":\"https:\/\/dev6.erresse-shop.it\/?s={search_term_string}\"},\"query-input\":{\"@type\":\"PropertyValueSpecification\",\"valueRequired\":true,\"valueName\":\"search_term_string\"}}],\"inLanguage\":\"fr-FR\"},{\"@type\":\"Organization\",\"@id\":\"https:\/\/dev6.erresse-shop.it\/#organization\",\"name\":\"Erresse Shop\",\"url\":\"https:\/\/dev6.erresse-shop.it\/\",\"logo\":{\"@type\":\"ImageObject\",\"inLanguage\":\"fr-FR\",\"@id\":\"https:\/\/dev6.erresse-shop.it\/#\/schema\/logo\/image\/\",\"url\":\"https:\/\/dev6.erresse-shop.it\/wp-content\/uploads\/2025\/01\/LOGO-ERRESSE-CLASSICO.svg\",\"contentUrl\":\"https:\/\/dev6.erresse-shop.it\/wp-content\/uploads\/2025\/01\/LOGO-ERRESSE-CLASSICO.svg\",\"caption\":\"Erresse Shop\"},\"image\":{\"@id\":\"https:\/\/dev6.erresse-shop.it\/#\/schema\/logo\/image\/\"}}]}<\/script>\n<!-- \/ Yoast SEO plugin. -->","yoast_head_json":{"title":"ALESSI Bouilloire avec Oiseau Noir - dev6 Erresse","description":"La bouilloire 9093, avec son sifflet en forme d\u2019oiseau, est l\u2019un des objets Alessi les plus vendus au monde. Le design de cette bouilloire, cr\u00e9\u00e9e par","robots":{"index":"noindex","follow":"follow","max-snippet":"max-snippet:-1","max-image-preview":"max-image-preview:large","max-video-preview":"max-video-preview:-1"},"og_locale":"fr_FR","og_type":"article","og_title":"ALESSI Bouilloire avec Oiseau Noir - dev6 Erresse","og_description":"La bouilloire 9093, avec son sifflet en forme d\u2019oiseau, est l\u2019un des objets Alessi les plus vendus au monde. Le design de cette bouilloire, cr\u00e9\u00e9e par","og_url":"https:\/\/dev6.erresse-shop.it\/fr\/shop\/cuisine\/bouilloires\/alessi-bouilloire-avec-oiseau-noir\/","og_site_name":"dev6 Erresse","og_image":[{"url":"https:\/\/interpim.erresse-shop.it\/Import\/Prodotti\/alessi-bollitore-con-uccellino-nero.jpg","type":"","width":"","height":""},{"url":"https:\/\/interpim.erresse-shop.it\/Import\/Prodotti\/alessi-bollitore-con-uccellino-nero.jpg","width":1024,"height":1024,"type":"image\/jpeg"}],"twitter_card":"summary_large_image","twitter_image":"https:\/\/interpim.erresse-shop.it\/Import\/Prodotti\/alessi-bollitore-con-uccellino-nero.jpg","schema":{"@context":"https:\/\/schema.org","@graph":[{"@type":"WebPage","@id":"https:\/\/dev6.erresse-shop.it\/fr\/shop\/cuisine\/bouilloires\/alessi-bouilloire-avec-oiseau-noir\/","url":"https:\/\/dev6.erresse-shop.it\/fr\/shop\/cuisine\/bouilloires\/alessi-bouilloire-avec-oiseau-noir\/","name":"ALESSI Bouilloire avec Oiseau Noir - dev6 Erresse","isPartOf":{"@id":"https:\/\/dev6.erresse-shop.it\/#website"},"primaryImageOfPage":{"@id":"https:\/\/dev6.erresse-shop.it\/fr\/shop\/cuisine\/bouilloires\/alessi-bouilloire-avec-oiseau-noir\/#primaryimage"},"image":{"@id":"https:\/\/dev6.erresse-shop.it\/fr\/shop\/cuisine\/bouilloires\/alessi-bouilloire-avec-oiseau-noir\/#primaryimage"},"thumbnailUrl":"https:\/\/i2.wp.com\/interpim.erresse-shop.it\/Import\/Prodotti\/alessi-bollitore-con-uccellino-nero.jpg?ssl=1","datePublished":"2026-04-12T10:50:19+00:00","description":"La bouilloire 9093, avec son sifflet en forme d\u2019oiseau, est l\u2019un des objets Alessi les plus vendus au monde. Le design de cette bouilloire, cr\u00e9\u00e9e par","breadcrumb":{"@id":"https:\/\/dev6.erresse-shop.it\/fr\/shop\/cuisine\/bouilloires\/alessi-bouilloire-avec-oiseau-noir\/#breadcrumb"},"inLanguage":"fr-FR","potentialAction":[{"@type":"ReadAction","target":["https:\/\/dev6.erresse-shop.it\/fr\/shop\/cuisine\/bouilloires\/alessi-bouilloire-avec-oiseau-noir\/"]}]},{"@type":"ImageObject","inLanguage":"fr-FR","@id":"https:\/\/dev6.erresse-shop.it\/fr\/shop\/cuisine\/bouilloires\/alessi-bouilloire-avec-oiseau-noir\/#primaryimage","url":"https:\/\/i2.wp.com\/interpim.erresse-shop.it\/Import\/Prodotti\/alessi-bollitore-con-uccellino-nero.jpg?ssl=1","contentUrl":"https:\/\/i2.wp.com\/interpim.erresse-shop.it\/Import\/Prodotti\/alessi-bollitore-con-uccellino-nero.jpg?ssl=1"},{"@type":"BreadcrumbList","@id":"https:\/\/dev6.erresse-shop.it\/fr\/shop\/cuisine\/bouilloires\/alessi-bouilloire-avec-oiseau-noir\/#breadcrumb","itemListElement":[{"@type":"ListItem","position":1,"name":"Home","item":"https:\/\/dev6.erresse-shop.it\/"},{"@type":"ListItem","position":2,"name":"Boutique","item":"https:\/\/dev6.erresse-shop.it\/shop\/"},{"@type":"ListItem","position":3,"name":"ALESSI Bouilloire avec Oiseau Noir"}]},{"@type":"WebSite","@id":"https:\/\/dev6.erresse-shop.it\/#website","url":"https:\/\/dev6.erresse-shop.it\/","name":"Erresse Shop","description":"","publisher":{"@id":"https:\/\/dev6.erresse-shop.it\/#organization"},"potentialAction":[{"@type":"SearchAction","target":{"@type":"EntryPoint","urlTemplate":"https:\/\/dev6.erresse-shop.it\/?s={search_term_string}"},"query-input":{"@type":"PropertyValueSpecification","valueRequired":true,"valueName":"search_term_string"}}],"inLanguage":"fr-FR"},{"@type":"Organization","@id":"https:\/\/dev6.erresse-shop.it\/#organization","name":"Erresse Shop","url":"https:\/\/dev6.erresse-shop.it\/","logo":{"@type":"ImageObject","inLanguage":"fr-FR","@id":"https:\/\/dev6.erresse-shop.it\/#\/schema\/logo\/image\/","url":"https:\/\/dev6.erresse-shop.it\/wp-content\/uploads\/2025\/01\/LOGO-ERRESSE-CLASSICO.svg","contentUrl":"https:\/\/dev6.erresse-shop.it\/wp-content\/uploads\/2025\/01\/LOGO-ERRESSE-CLASSICO.svg","caption":"Erresse Shop"},"image":{"@id":"https:\/\/dev6.erresse-shop.it\/#\/schema\/logo\/image\/"}}]}},"df_price":139.95,"df_sale_price":139.95,"df_regular_price":158,"df_image_link":"https:\/\/i2.wp.com\/interpim.erresse-shop.it\/Import\/Prodotti\/alessi-bollitore-con-uccellino-nero.jpg?resize=300,300&ssl=1","fifu_image_url":"https:\/\/interpim.erresse-shop.it\/Import\/Prodotti\/alessi-bollitore-con-uccellino-nero.jpg","_links":{"self":[{"href":"https:\/\/dev6.erresse-shop.it\/fr\/wp-json\/wp\/v2\/product\/1609439","targetHints":{"allow":["GET"]}}],"collection":[{"href":"https:\/\/dev6.erresse-shop.it\/fr\/wp-json\/wp\/v2\/product"}],"about":[{"href":"https:\/\/dev6.erresse-shop.it\/fr\/wp-json\/wp\/v2\/types\/product"}],"wp:featuredmedia":[{"embeddable":true,"href":"https:\/\/dev6.erresse-shop.it\/fr\/wp-json\/wp\/v2\/media\/6374559"}],"wp:attachment":[{"href":"https:\/\/dev6.erresse-shop.it\/fr\/wp-json\/wp\/v2\/media?parent=1609439"}],"wp:term":[{"taxonomy":"product_cat","embeddable":true,"href":"https:\/\/dev6.erresse-shop.it\/fr\/wp-json\/wp\/v2\/product_cat?post=1609439"},{"taxonomy":"product_tag","embeddable":true,"href":"https:\/\/dev6.erresse-shop.it\/fr\/wp-json\/wp\/v2\/product_tag?post=1609439"}],"curies":[{"name":"wp","href":"https:\/\/api.w.org\/{rel}","templated":true}]}}