{"id":1609435,"date":"2026-04-10T13:28:45","date_gmt":"2026-04-10T11:28:45","guid":{"rendered":"https:\/\/dev6.erresse-shop.it\/shop\/non%20class\u00e9\/le-creuset-cocotte-every-en-fonte-emaillee-16-cm-shell-pink\/"},"modified":"2025-09-14T06:27:55","modified_gmt":"2025-09-14T04:27:55","slug":"le-creuset-cocotte-every-en-fonte-emaillee-16-cm-shell-pink","status":"publish","type":"product","link":"https:\/\/dev6.erresse-shop.it\/fr\/shop\/poeles-pots\/marmites-et-cocottes-poeles-pots\/le-creuset-cocotte-every-en-fonte-emaillee-16-cm-shell-pink\/","title":{"rendered":"LE CREUSET Cocotte Every en Fonte \u00e9maill\u00e9e 16 cm Shell Pink"},"content":{"rendered":"<p>TOUT parfait pour une cuisine saine et \u00e9conome en \u00e9nergie. Tout est id\u00e9al pour cuisiner avec tr\u00e8s peu d\u2019eau et pour la pr\u00e9paration du riz et pour des plats d\u2019inspiration asiatique. Gr\u00e2ce \u00e0 ses caract\u00e9ristiques, cependant, il parvient \u00e0 \u00eatre parfait, m\u00eame pour la cuisson au four, rago\u00fbts, soupes et friture!<br \/>\nCertainement un pot magique pour votre cuisine!<\/p>\n<p>La fonte, \u00e9tant un excellent conducteur de chaleur, est l\u2019un des meilleurs mat\u00e9riaux \u00e0 utiliser dans la cuisine. En outre, le fond, les murs et le couvercle ont la m\u00eame \u00e9paisseur, assurant une absorption et une distribution lisses de la chaleur, sans cr\u00e9er de zones surchauff\u00e9es. Le r\u00e9sultat est que la nourriture ne br\u00fble pas, ni reste crue \u00e0 l\u2019int\u00e9rieur. En outre, ils ne perdent pas leurs liquides pendant la cuisson, ce qui leur permet de pr\u00e9server leurs nutriments et vitamines.<\/p>\n<p>G\u00e9n\u00e9ration apr\u00e8s g\u00e9n\u00e9ration, Le Creuset en fonte d\u2019\u00e9mail est devenu synonyme de bonne nourriture et de grande qualit\u00e9, apportant une cuisine saine aux tables et aux cuisines du monde entier \u00e0 la hauteur des meilleurs restaurants.<\/p>\n<p>Propri\u00e9t\u00e9s des cocoatas vitrifi\u00e9es en fonte :<\/p>\n<p>\u2013 R\u00e9partition uniforme de la chaleur sans zones de surchauffe.<br \/>\nExcellente r\u00e9tention de chaleur.<br \/>\n\u2013 Bouton en acier inoxydable r\u00e9sistant \u00e0 n\u2019importe quelle temp\u00e9rature.<br \/>\n\u2013 Couverture interne en gres r\u00e9sistantjusqu\u2019\u00e0 260 degr\u00e9s.<br \/>\nPoign\u00e9es con\u00e7ues pour une bonne adh\u00e9rence.<br \/>\nSuperficie interna ed esterna vetrificata. Il n\u2019absorbe pas l\u2019humidit\u00e9, le go\u00fbt ou l\u2019odeur des aliments.<br \/>\n\u2013 Compatible avec toutes les sources de chaleur, y compris l\u2019induction.<br \/>\n\u2013 Recommand\u00e9 par les grands chefs et les blogueurs pour faire du pain au four<br \/>\nFacilit\u00e9 de nettoyage.<br \/>\nDur\u00e9e exceptionnelle.<br \/>\nGarantie \u00e0 vie.<\/p>\n<p>Notre c\u00e9l\u00e8bre gamme de vitrifi\u00e9s en fonte est le mat\u00e9riau le plus durable et hygi\u00e9nique sur le march\u00e9. Essayez-le et les r\u00e9sultats vous surprendront.<\/p>\n<p>CONSEILS DE LA CUISINE JAPONAISE POUR UNE CUISINE DE RIZ PARFAITE<br \/>\n\u2013 Ajouter le riz et l\u2019eau en m\u00eame temps<br \/>\n\u2013 Chauffer la cocotte \u00e0 l\u2019aide des deux couvercles<br \/>\n\u2013 Lorsque le riz bout, baisser le feu et poursuivre la cuisson pendant encore 10 minutes<br \/>\n\u2013 Lorsque vous avez termin\u00e9, retirez le pot de la cuisini\u00e8re<br \/>\n\u2013 Laisser reposer le riz pendant 10 minutes, sans enlever les couvercles<\/p>\n<p>Voir le film 1<br \/>\nVoir le film 2<\/p>\n","protected":false},"excerpt":{"rendered":"<p>TOUT parfait pour une cuisine saine et \u00e9conome en \u00e9nergie. Tout est id\u00e9al pour cuisiner avec tr\u00e8s peu d\u2019eau et pour la pr\u00e9paration du riz et pour des plats d\u2019inspiration asiatique. Gr\u00e2ce \u00e0 ses caract\u00e9ristiques, cependant, il parvient \u00e0 \u00eatre parfait, m\u00eame pour la cuisson au four, rago\u00fbts, soupes et friture! Certainement un pot magique [&hellip;]<\/p>\n","protected":false},"featured_media":6332844,"template":"","meta":{"_acf_changed":false},"product_cat":[12000,11991],"product_tag":[],"class_list":{"0":"post-1609435","1":"product","2":"type-product","3":"status-publish","4":"has-post-thumbnail","6":"product_cat-marmites-et-cocottes-poeles-pots","7":"product_cat-poeles-pots","9":"first","10":"instock","11":"sale","12":"taxable","13":"shipping-taxable","14":"purchasable","15":"product-type-simple","swatches":"rey-swatches","show_selected":"","stretch_labels":"rey-swatches--stretch-labels"},"acf":[],"yoast_head":"<!-- This site is optimized with the Yoast SEO plugin v25.4 - https:\/\/yoast.com\/wordpress\/plugins\/seo\/ -->\n<title>LE CREUSET Cocotte Every en Fonte \u00e9maill\u00e9e 16 cm Shell Pink - dev6 Erresse<\/title>\n<meta name=\"description\" content=\"TOUT parfait pour une cuisine saine et \u00e9conome en \u00e9nergie. Tout est id\u00e9al pour cuisiner avec tr\u00e8s peu d\u2019eau et pour la pr\u00e9paration du riz et pour des\" \/>\n<meta name=\"robots\" content=\"noindex, follow, max-snippet:-1, max-image-preview:large, max-video-preview:-1\" \/>\n<meta property=\"og:locale\" content=\"fr_FR\" \/>\n<meta property=\"og:type\" content=\"article\" \/>\n<meta property=\"og:title\" content=\"LE CREUSET Cocotte Every en Fonte \u00e9maill\u00e9e 16 cm Shell Pink - dev6 Erresse\" \/>\n<meta property=\"og:description\" content=\"TOUT parfait pour une cuisine saine et \u00e9conome en \u00e9nergie. Tout est id\u00e9al pour cuisiner avec tr\u00e8s peu d\u2019eau et pour la pr\u00e9paration du riz et pour des\" \/>\n<meta property=\"og:url\" content=\"https:\/\/dev6.erresse-shop.it\/fr\/shop\/poeles-pots\/marmites-et-cocottes-poeles-pots\/le-creuset-cocotte-every-en-fonte-emaillee-16-cm-shell-pink\/\" \/>\n<meta property=\"og:site_name\" content=\"dev6 Erresse\" \/>\n<meta property=\"og:image\" content=\"https:\/\/interpim.erresse-shop.it\/Import\/Prodotti\/le-creuset-cocotte-every-in-ghisa-16-cm-shell-pink.png\" \/><meta property=\"og:image\" content=\"https:\/\/interpim.erresse-shop.it\/Import\/Prodotti\/le-creuset-cocotte-every-in-ghisa-16-cm-shell-pink.png\" \/>\n\t<meta property=\"og:image:width\" content=\"1024\" \/>\n\t<meta property=\"og:image:height\" content=\"1024\" \/>\n\t<meta property=\"og:image:type\" content=\"image\/jpeg\" \/>\n<meta name=\"twitter:card\" content=\"summary_large_image\" \/>\n<meta name=\"twitter:image\" content=\"https:\/\/interpim.erresse-shop.it\/Import\/Prodotti\/le-creuset-cocotte-every-in-ghisa-16-cm-shell-pink.png\" \/>\n<script type=\"application\/ld+json\" class=\"yoast-schema-graph\">{\"@context\":\"https:\/\/schema.org\",\"@graph\":[{\"@type\":\"WebPage\",\"@id\":\"https:\/\/dev6.erresse-shop.it\/fr\/shop\/poeles-pots\/marmites-et-cocottes-poeles-pots\/le-creuset-cocotte-every-en-fonte-emaillee-16-cm-shell-pink\/\",\"url\":\"https:\/\/dev6.erresse-shop.it\/fr\/shop\/poeles-pots\/marmites-et-cocottes-poeles-pots\/le-creuset-cocotte-every-en-fonte-emaillee-16-cm-shell-pink\/\",\"name\":\"LE CREUSET Cocotte Every en Fonte \u00e9maill\u00e9e 16 cm Shell Pink - dev6 Erresse\",\"isPartOf\":{\"@id\":\"https:\/\/dev6.erresse-shop.it\/#website\"},\"primaryImageOfPage\":{\"@id\":\"https:\/\/dev6.erresse-shop.it\/fr\/shop\/poeles-pots\/marmites-et-cocottes-poeles-pots\/le-creuset-cocotte-every-en-fonte-emaillee-16-cm-shell-pink\/#primaryimage\"},\"image\":{\"@id\":\"https:\/\/dev6.erresse-shop.it\/fr\/shop\/poeles-pots\/marmites-et-cocottes-poeles-pots\/le-creuset-cocotte-every-en-fonte-emaillee-16-cm-shell-pink\/#primaryimage\"},\"thumbnailUrl\":\"https:\/\/i1.wp.com\/interpim.erresse-shop.it\/Import\/Prodotti\/le-creuset-cocotte-every-in-ghisa-16-cm-shell-pink.png?ssl=1\",\"datePublished\":\"2026-04-10T11:28:45+00:00\",\"description\":\"TOUT parfait pour une cuisine saine et \u00e9conome en \u00e9nergie. Tout est id\u00e9al pour cuisiner avec tr\u00e8s peu d\u2019eau et pour la pr\u00e9paration du riz et pour des\",\"breadcrumb\":{\"@id\":\"https:\/\/dev6.erresse-shop.it\/fr\/shop\/poeles-pots\/marmites-et-cocottes-poeles-pots\/le-creuset-cocotte-every-en-fonte-emaillee-16-cm-shell-pink\/#breadcrumb\"},\"inLanguage\":\"fr-FR\",\"potentialAction\":[{\"@type\":\"ReadAction\",\"target\":[\"https:\/\/dev6.erresse-shop.it\/fr\/shop\/poeles-pots\/marmites-et-cocottes-poeles-pots\/le-creuset-cocotte-every-en-fonte-emaillee-16-cm-shell-pink\/\"]}]},{\"@type\":\"ImageObject\",\"inLanguage\":\"fr-FR\",\"@id\":\"https:\/\/dev6.erresse-shop.it\/fr\/shop\/poeles-pots\/marmites-et-cocottes-poeles-pots\/le-creuset-cocotte-every-en-fonte-emaillee-16-cm-shell-pink\/#primaryimage\",\"url\":\"https:\/\/i1.wp.com\/interpim.erresse-shop.it\/Import\/Prodotti\/le-creuset-cocotte-every-in-ghisa-16-cm-shell-pink.png?ssl=1\",\"contentUrl\":\"https:\/\/i1.wp.com\/interpim.erresse-shop.it\/Import\/Prodotti\/le-creuset-cocotte-every-in-ghisa-16-cm-shell-pink.png?ssl=1\"},{\"@type\":\"BreadcrumbList\",\"@id\":\"https:\/\/dev6.erresse-shop.it\/fr\/shop\/poeles-pots\/marmites-et-cocottes-poeles-pots\/le-creuset-cocotte-every-en-fonte-emaillee-16-cm-shell-pink\/#breadcrumb\",\"itemListElement\":[{\"@type\":\"ListItem\",\"position\":1,\"name\":\"Home\",\"item\":\"https:\/\/dev6.erresse-shop.it\/\"},{\"@type\":\"ListItem\",\"position\":2,\"name\":\"Boutique\",\"item\":\"https:\/\/dev6.erresse-shop.it\/shop\/\"},{\"@type\":\"ListItem\",\"position\":3,\"name\":\"LE CREUSET Cocotte Every en Fonte \u00e9maill\u00e9e 16 cm Shell Pink\"}]},{\"@type\":\"WebSite\",\"@id\":\"https:\/\/dev6.erresse-shop.it\/#website\",\"url\":\"https:\/\/dev6.erresse-shop.it\/\",\"name\":\"Erresse Shop\",\"description\":\"\",\"publisher\":{\"@id\":\"https:\/\/dev6.erresse-shop.it\/#organization\"},\"potentialAction\":[{\"@type\":\"SearchAction\",\"target\":{\"@type\":\"EntryPoint\",\"urlTemplate\":\"https:\/\/dev6.erresse-shop.it\/?s={search_term_string}\"},\"query-input\":{\"@type\":\"PropertyValueSpecification\",\"valueRequired\":true,\"valueName\":\"search_term_string\"}}],\"inLanguage\":\"fr-FR\"},{\"@type\":\"Organization\",\"@id\":\"https:\/\/dev6.erresse-shop.it\/#organization\",\"name\":\"Erresse Shop\",\"url\":\"https:\/\/dev6.erresse-shop.it\/\",\"logo\":{\"@type\":\"ImageObject\",\"inLanguage\":\"fr-FR\",\"@id\":\"https:\/\/dev6.erresse-shop.it\/#\/schema\/logo\/image\/\",\"url\":\"https:\/\/dev6.erresse-shop.it\/wp-content\/uploads\/2025\/01\/LOGO-ERRESSE-CLASSICO.svg\",\"contentUrl\":\"https:\/\/dev6.erresse-shop.it\/wp-content\/uploads\/2025\/01\/LOGO-ERRESSE-CLASSICO.svg\",\"caption\":\"Erresse Shop\"},\"image\":{\"@id\":\"https:\/\/dev6.erresse-shop.it\/#\/schema\/logo\/image\/\"}}]}<\/script>\n<!-- \/ Yoast SEO plugin. -->","yoast_head_json":{"title":"LE CREUSET Cocotte Every en Fonte \u00e9maill\u00e9e 16 cm Shell Pink - dev6 Erresse","description":"TOUT parfait pour une cuisine saine et \u00e9conome en \u00e9nergie. Tout est id\u00e9al pour cuisiner avec tr\u00e8s peu d\u2019eau et pour la pr\u00e9paration du riz et pour des","robots":{"index":"noindex","follow":"follow","max-snippet":"max-snippet:-1","max-image-preview":"max-image-preview:large","max-video-preview":"max-video-preview:-1"},"og_locale":"fr_FR","og_type":"article","og_title":"LE CREUSET Cocotte Every en Fonte \u00e9maill\u00e9e 16 cm Shell Pink - dev6 Erresse","og_description":"TOUT parfait pour une cuisine saine et \u00e9conome en \u00e9nergie. Tout est id\u00e9al pour cuisiner avec tr\u00e8s peu d\u2019eau et pour la pr\u00e9paration du riz et pour des","og_url":"https:\/\/dev6.erresse-shop.it\/fr\/shop\/poeles-pots\/marmites-et-cocottes-poeles-pots\/le-creuset-cocotte-every-en-fonte-emaillee-16-cm-shell-pink\/","og_site_name":"dev6 Erresse","og_image":[{"url":"https:\/\/interpim.erresse-shop.it\/Import\/Prodotti\/le-creuset-cocotte-every-in-ghisa-16-cm-shell-pink.png","type":"","width":"","height":""},{"url":"https:\/\/interpim.erresse-shop.it\/Import\/Prodotti\/le-creuset-cocotte-every-in-ghisa-16-cm-shell-pink.png","width":1024,"height":1024,"type":"image\/jpeg"}],"twitter_card":"summary_large_image","twitter_image":"https:\/\/interpim.erresse-shop.it\/Import\/Prodotti\/le-creuset-cocotte-every-in-ghisa-16-cm-shell-pink.png","schema":{"@context":"https:\/\/schema.org","@graph":[{"@type":"WebPage","@id":"https:\/\/dev6.erresse-shop.it\/fr\/shop\/poeles-pots\/marmites-et-cocottes-poeles-pots\/le-creuset-cocotte-every-en-fonte-emaillee-16-cm-shell-pink\/","url":"https:\/\/dev6.erresse-shop.it\/fr\/shop\/poeles-pots\/marmites-et-cocottes-poeles-pots\/le-creuset-cocotte-every-en-fonte-emaillee-16-cm-shell-pink\/","name":"LE CREUSET Cocotte Every en Fonte \u00e9maill\u00e9e 16 cm Shell Pink - dev6 Erresse","isPartOf":{"@id":"https:\/\/dev6.erresse-shop.it\/#website"},"primaryImageOfPage":{"@id":"https:\/\/dev6.erresse-shop.it\/fr\/shop\/poeles-pots\/marmites-et-cocottes-poeles-pots\/le-creuset-cocotte-every-en-fonte-emaillee-16-cm-shell-pink\/#primaryimage"},"image":{"@id":"https:\/\/dev6.erresse-shop.it\/fr\/shop\/poeles-pots\/marmites-et-cocottes-poeles-pots\/le-creuset-cocotte-every-en-fonte-emaillee-16-cm-shell-pink\/#primaryimage"},"thumbnailUrl":"https:\/\/i1.wp.com\/interpim.erresse-shop.it\/Import\/Prodotti\/le-creuset-cocotte-every-in-ghisa-16-cm-shell-pink.png?ssl=1","datePublished":"2026-04-10T11:28:45+00:00","description":"TOUT parfait pour une cuisine saine et \u00e9conome en \u00e9nergie. Tout est id\u00e9al pour cuisiner avec tr\u00e8s peu d\u2019eau et pour la pr\u00e9paration du riz et pour des","breadcrumb":{"@id":"https:\/\/dev6.erresse-shop.it\/fr\/shop\/poeles-pots\/marmites-et-cocottes-poeles-pots\/le-creuset-cocotte-every-en-fonte-emaillee-16-cm-shell-pink\/#breadcrumb"},"inLanguage":"fr-FR","potentialAction":[{"@type":"ReadAction","target":["https:\/\/dev6.erresse-shop.it\/fr\/shop\/poeles-pots\/marmites-et-cocottes-poeles-pots\/le-creuset-cocotte-every-en-fonte-emaillee-16-cm-shell-pink\/"]}]},{"@type":"ImageObject","inLanguage":"fr-FR","@id":"https:\/\/dev6.erresse-shop.it\/fr\/shop\/poeles-pots\/marmites-et-cocottes-poeles-pots\/le-creuset-cocotte-every-en-fonte-emaillee-16-cm-shell-pink\/#primaryimage","url":"https:\/\/i1.wp.com\/interpim.erresse-shop.it\/Import\/Prodotti\/le-creuset-cocotte-every-in-ghisa-16-cm-shell-pink.png?ssl=1","contentUrl":"https:\/\/i1.wp.com\/interpim.erresse-shop.it\/Import\/Prodotti\/le-creuset-cocotte-every-in-ghisa-16-cm-shell-pink.png?ssl=1"},{"@type":"BreadcrumbList","@id":"https:\/\/dev6.erresse-shop.it\/fr\/shop\/poeles-pots\/marmites-et-cocottes-poeles-pots\/le-creuset-cocotte-every-en-fonte-emaillee-16-cm-shell-pink\/#breadcrumb","itemListElement":[{"@type":"ListItem","position":1,"name":"Home","item":"https:\/\/dev6.erresse-shop.it\/"},{"@type":"ListItem","position":2,"name":"Boutique","item":"https:\/\/dev6.erresse-shop.it\/shop\/"},{"@type":"ListItem","position":3,"name":"LE CREUSET Cocotte Every en Fonte \u00e9maill\u00e9e 16 cm Shell Pink"}]},{"@type":"WebSite","@id":"https:\/\/dev6.erresse-shop.it\/#website","url":"https:\/\/dev6.erresse-shop.it\/","name":"Erresse Shop","description":"","publisher":{"@id":"https:\/\/dev6.erresse-shop.it\/#organization"},"potentialAction":[{"@type":"SearchAction","target":{"@type":"EntryPoint","urlTemplate":"https:\/\/dev6.erresse-shop.it\/?s={search_term_string}"},"query-input":{"@type":"PropertyValueSpecification","valueRequired":true,"valueName":"search_term_string"}}],"inLanguage":"fr-FR"},{"@type":"Organization","@id":"https:\/\/dev6.erresse-shop.it\/#organization","name":"Erresse Shop","url":"https:\/\/dev6.erresse-shop.it\/","logo":{"@type":"ImageObject","inLanguage":"fr-FR","@id":"https:\/\/dev6.erresse-shop.it\/#\/schema\/logo\/image\/","url":"https:\/\/dev6.erresse-shop.it\/wp-content\/uploads\/2025\/01\/LOGO-ERRESSE-CLASSICO.svg","contentUrl":"https:\/\/dev6.erresse-shop.it\/wp-content\/uploads\/2025\/01\/LOGO-ERRESSE-CLASSICO.svg","caption":"Erresse Shop"},"image":{"@id":"https:\/\/dev6.erresse-shop.it\/#\/schema\/logo\/image\/"}}]}},"df_price":179.95,"df_sale_price":179.95,"df_regular_price":245,"df_image_link":"https:\/\/i1.wp.com\/interpim.erresse-shop.it\/Import\/Prodotti\/le-creuset-cocotte-every-in-ghisa-16-cm-shell-pink.png?resize=300,300&ssl=1","fifu_image_url":"https:\/\/interpim.erresse-shop.it\/Import\/Prodotti\/le-creuset-cocotte-every-in-ghisa-16-cm-shell-pink.png","_links":{"self":[{"href":"https:\/\/dev6.erresse-shop.it\/fr\/wp-json\/wp\/v2\/product\/1609435","targetHints":{"allow":["GET"]}}],"collection":[{"href":"https:\/\/dev6.erresse-shop.it\/fr\/wp-json\/wp\/v2\/product"}],"about":[{"href":"https:\/\/dev6.erresse-shop.it\/fr\/wp-json\/wp\/v2\/types\/product"}],"wp:featuredmedia":[{"embeddable":true,"href":"https:\/\/dev6.erresse-shop.it\/fr\/wp-json\/wp\/v2\/media\/6332844"}],"wp:attachment":[{"href":"https:\/\/dev6.erresse-shop.it\/fr\/wp-json\/wp\/v2\/media?parent=1609435"}],"wp:term":[{"taxonomy":"product_cat","embeddable":true,"href":"https:\/\/dev6.erresse-shop.it\/fr\/wp-json\/wp\/v2\/product_cat?post=1609435"},{"taxonomy":"product_tag","embeddable":true,"href":"https:\/\/dev6.erresse-shop.it\/fr\/wp-json\/wp\/v2\/product_tag?post=1609435"}],"curies":[{"name":"wp","href":"https:\/\/api.w.org\/{rel}","templated":true}]}}