{"id":1609433,"date":"2026-04-12T12:50:19","date_gmt":"2026-04-12T10:50:19","guid":{"rendered":"https:\/\/dev6.erresse-shop.it\/shop\/non%20class\u00e9\/magimix-cuiseur-a-vapeur-xxl-pour-cook-expert\/"},"modified":"2025-07-19T04:06:37","modified_gmt":"2025-07-19T02:06:37","slug":"magimix-cuiseur-a-vapeur-xxl-pour-cook-expert","status":"publish","type":"product","link":"https:\/\/dev6.erresse-shop.it\/fr\/shop\/petits-electromenagers\/robots-de-cuisine\/magimix-cuiseur-a-vapeur-xxl-pour-cook-expert\/","title":{"rendered":"MAGIMIX Cuiseur \u00e0 vapeur XXL pour COOK EXPERT"},"content":{"rendered":"<p>Le panier vapeur XXL pour Cook Expert Magimix est un accessoire indispensable pour ceux qui pr\u00e9f\u00e8rent un mode de cuisson qui pr\u00e9serve le go\u00fbt, les saveurs et le moelleux naturel des aliments.<\/p>\n<p>Fabriqu\u00e9 en acier inoxydable, ce panier suppl\u00e9mentaire a une capacit\u00e9 de 5,5 L et peut atteindre 8 L lorsqu\u2019il est utilis\u00e9 conjointement avec le panier vapeur fourni avec le Cook Expert. Il est ainsi possible de cuire plus d\u2019aliments en m\u00eame temps, de pr\u00e9parer de plus grandes quantit\u00e9s ou de cuire des aliments plus volumineux tels que de gros morceaux de poisson ou de viande.<\/p>\n<p>Le cuiseur vapeur XXL pour Cook Expert Magimix est id\u00e9al pour enrichir votre menu de tous les jours, tout en conservant un style sain et sans graisse. Il permet de pr\u00e9parer diff\u00e9rents plats de l\u2019entr\u00e9e au dessert, comme la salade de fruits \u00e0 la vapeur et d\u2019autres d\u00e9lices sugg\u00e9r\u00e9s dans le livre de recettes et l\u2019appli officielle Magimix.<\/p>\n<p>Le panier vapeur XXL pour Cook Expert Magimix est facilement lavable au lave-vaisselle.<\/p>\n","protected":false},"excerpt":{"rendered":"<p>Le panier vapeur XXL pour Cook Expert Magimix est un accessoire indispensable pour ceux qui pr\u00e9f\u00e8rent un mode de cuisson qui pr\u00e9serve le go\u00fbt, les saveurs et le moelleux naturel des aliments. Fabriqu\u00e9 en acier inoxydable, ce panier suppl\u00e9mentaire a une capacit\u00e9 de 5,5 L et peut atteindre 8 L lorsqu\u2019il est utilis\u00e9 conjointement avec [&hellip;]<\/p>\n","protected":false},"featured_media":6374439,"template":"","meta":{"_acf_changed":false},"product_cat":[12055,12066],"product_tag":[],"class_list":{"0":"post-1609433","1":"product","2":"type-product","3":"status-publish","4":"has-post-thumbnail","6":"product_cat-petits-electromenagers","7":"product_cat-robots-de-cuisine","9":"first","10":"instock","11":"sale","12":"taxable","13":"shipping-taxable","14":"purchasable","15":"product-type-simple","swatches":"rey-swatches","show_selected":"","stretch_labels":"rey-swatches--stretch-labels"},"acf":[],"yoast_head":"<!-- This site is optimized with the Yoast SEO plugin v25.4 - https:\/\/yoast.com\/wordpress\/plugins\/seo\/ -->\n<title>MAGIMIX Cuiseur \u00e0 vapeur XXL pour COOK EXPERT - dev6 Erresse<\/title>\n<meta name=\"description\" content=\"Le panier vapeur XXL pour Cook Expert Magimix est un accessoire indispensable pour ceux qui pr\u00e9f\u00e8rent un mode de cuisson qui pr\u00e9serve le go\u00fbt, les saveurs\" \/>\n<meta name=\"robots\" content=\"noindex, follow, max-snippet:-1, max-image-preview:large, max-video-preview:-1\" \/>\n<meta property=\"og:locale\" content=\"fr_FR\" \/>\n<meta property=\"og:type\" content=\"article\" \/>\n<meta property=\"og:title\" content=\"MAGIMIX Cuiseur \u00e0 vapeur XXL pour COOK EXPERT - dev6 Erresse\" \/>\n<meta property=\"og:description\" content=\"Le panier vapeur XXL pour Cook Expert Magimix est un accessoire indispensable pour ceux qui pr\u00e9f\u00e8rent un mode de cuisson qui pr\u00e9serve le go\u00fbt, les saveurs\" \/>\n<meta property=\"og:url\" content=\"https:\/\/dev6.erresse-shop.it\/fr\/shop\/petits-electromenagers\/robots-de-cuisine\/magimix-cuiseur-a-vapeur-xxl-pour-cook-expert\/\" \/>\n<meta property=\"og:site_name\" content=\"dev6 Erresse\" \/>\n<meta property=\"og:image\" content=\"https:\/\/interpim.erresse-shop.it\/wp-content\/uploads\/2019\/10\/17277_1.jpg\/17277_1.jpg\" \/><meta property=\"og:image\" content=\"https:\/\/interpim.erresse-shop.it\/wp-content\/uploads\/2019\/10\/17277_1.jpg\/17277_1.jpg\" \/>\n\t<meta property=\"og:image:width\" content=\"1024\" \/>\n\t<meta property=\"og:image:height\" content=\"1024\" \/>\n\t<meta property=\"og:image:type\" content=\"image\/jpeg\" \/>\n<meta name=\"twitter:card\" content=\"summary_large_image\" \/>\n<meta name=\"twitter:image\" content=\"https:\/\/interpim.erresse-shop.it\/wp-content\/uploads\/2019\/10\/17277_1.jpg\/17277_1.jpg\" \/>\n<script type=\"application\/ld+json\" class=\"yoast-schema-graph\">{\"@context\":\"https:\/\/schema.org\",\"@graph\":[{\"@type\":\"WebPage\",\"@id\":\"https:\/\/dev6.erresse-shop.it\/fr\/shop\/petits-electromenagers\/robots-de-cuisine\/magimix-cuiseur-a-vapeur-xxl-pour-cook-expert\/\",\"url\":\"https:\/\/dev6.erresse-shop.it\/fr\/shop\/petits-electromenagers\/robots-de-cuisine\/magimix-cuiseur-a-vapeur-xxl-pour-cook-expert\/\",\"name\":\"MAGIMIX Cuiseur \u00e0 vapeur XXL pour COOK EXPERT - dev6 Erresse\",\"isPartOf\":{\"@id\":\"https:\/\/dev6.erresse-shop.it\/#website\"},\"primaryImageOfPage\":{\"@id\":\"https:\/\/dev6.erresse-shop.it\/fr\/shop\/petits-electromenagers\/robots-de-cuisine\/magimix-cuiseur-a-vapeur-xxl-pour-cook-expert\/#primaryimage\"},\"image\":{\"@id\":\"https:\/\/dev6.erresse-shop.it\/fr\/shop\/petits-electromenagers\/robots-de-cuisine\/magimix-cuiseur-a-vapeur-xxl-pour-cook-expert\/#primaryimage\"},\"thumbnailUrl\":\"https:\/\/i3.wp.com\/interpim.erresse-shop.it\/wp-content\/uploads\/2019\/10\/17277_1.jpg\/17277_1.jpg?ssl=1\",\"datePublished\":\"2026-04-12T10:50:19+00:00\",\"description\":\"Le panier vapeur XXL pour Cook Expert Magimix est un accessoire indispensable pour ceux qui pr\u00e9f\u00e8rent un mode de cuisson qui pr\u00e9serve le go\u00fbt, les saveurs\",\"breadcrumb\":{\"@id\":\"https:\/\/dev6.erresse-shop.it\/fr\/shop\/petits-electromenagers\/robots-de-cuisine\/magimix-cuiseur-a-vapeur-xxl-pour-cook-expert\/#breadcrumb\"},\"inLanguage\":\"fr-FR\",\"potentialAction\":[{\"@type\":\"ReadAction\",\"target\":[\"https:\/\/dev6.erresse-shop.it\/fr\/shop\/petits-electromenagers\/robots-de-cuisine\/magimix-cuiseur-a-vapeur-xxl-pour-cook-expert\/\"]}]},{\"@type\":\"ImageObject\",\"inLanguage\":\"fr-FR\",\"@id\":\"https:\/\/dev6.erresse-shop.it\/fr\/shop\/petits-electromenagers\/robots-de-cuisine\/magimix-cuiseur-a-vapeur-xxl-pour-cook-expert\/#primaryimage\",\"url\":\"https:\/\/i3.wp.com\/interpim.erresse-shop.it\/wp-content\/uploads\/2019\/10\/17277_1.jpg\/17277_1.jpg?ssl=1\",\"contentUrl\":\"https:\/\/i3.wp.com\/interpim.erresse-shop.it\/wp-content\/uploads\/2019\/10\/17277_1.jpg\/17277_1.jpg?ssl=1\"},{\"@type\":\"BreadcrumbList\",\"@id\":\"https:\/\/dev6.erresse-shop.it\/fr\/shop\/petits-electromenagers\/robots-de-cuisine\/magimix-cuiseur-a-vapeur-xxl-pour-cook-expert\/#breadcrumb\",\"itemListElement\":[{\"@type\":\"ListItem\",\"position\":1,\"name\":\"Home\",\"item\":\"https:\/\/dev6.erresse-shop.it\/\"},{\"@type\":\"ListItem\",\"position\":2,\"name\":\"Boutique\",\"item\":\"https:\/\/dev6.erresse-shop.it\/shop\/\"},{\"@type\":\"ListItem\",\"position\":3,\"name\":\"MAGIMIX Cuiseur \u00e0 vapeur XXL pour COOK EXPERT\"}]},{\"@type\":\"WebSite\",\"@id\":\"https:\/\/dev6.erresse-shop.it\/#website\",\"url\":\"https:\/\/dev6.erresse-shop.it\/\",\"name\":\"Erresse Shop\",\"description\":\"\",\"publisher\":{\"@id\":\"https:\/\/dev6.erresse-shop.it\/#organization\"},\"potentialAction\":[{\"@type\":\"SearchAction\",\"target\":{\"@type\":\"EntryPoint\",\"urlTemplate\":\"https:\/\/dev6.erresse-shop.it\/?s={search_term_string}\"},\"query-input\":{\"@type\":\"PropertyValueSpecification\",\"valueRequired\":true,\"valueName\":\"search_term_string\"}}],\"inLanguage\":\"fr-FR\"},{\"@type\":\"Organization\",\"@id\":\"https:\/\/dev6.erresse-shop.it\/#organization\",\"name\":\"Erresse Shop\",\"url\":\"https:\/\/dev6.erresse-shop.it\/\",\"logo\":{\"@type\":\"ImageObject\",\"inLanguage\":\"fr-FR\",\"@id\":\"https:\/\/dev6.erresse-shop.it\/#\/schema\/logo\/image\/\",\"url\":\"https:\/\/dev6.erresse-shop.it\/wp-content\/uploads\/2025\/01\/LOGO-ERRESSE-CLASSICO.svg\",\"contentUrl\":\"https:\/\/dev6.erresse-shop.it\/wp-content\/uploads\/2025\/01\/LOGO-ERRESSE-CLASSICO.svg\",\"caption\":\"Erresse Shop\"},\"image\":{\"@id\":\"https:\/\/dev6.erresse-shop.it\/#\/schema\/logo\/image\/\"}}]}<\/script>\n<!-- \/ Yoast SEO plugin. -->","yoast_head_json":{"title":"MAGIMIX Cuiseur \u00e0 vapeur XXL pour COOK EXPERT - dev6 Erresse","description":"Le panier vapeur XXL pour Cook Expert Magimix est un accessoire indispensable pour ceux qui pr\u00e9f\u00e8rent un mode de cuisson qui pr\u00e9serve le go\u00fbt, les saveurs","robots":{"index":"noindex","follow":"follow","max-snippet":"max-snippet:-1","max-image-preview":"max-image-preview:large","max-video-preview":"max-video-preview:-1"},"og_locale":"fr_FR","og_type":"article","og_title":"MAGIMIX Cuiseur \u00e0 vapeur XXL pour COOK EXPERT - dev6 Erresse","og_description":"Le panier vapeur XXL pour Cook Expert Magimix est un accessoire indispensable pour ceux qui pr\u00e9f\u00e8rent un mode de cuisson qui pr\u00e9serve le go\u00fbt, les saveurs","og_url":"https:\/\/dev6.erresse-shop.it\/fr\/shop\/petits-electromenagers\/robots-de-cuisine\/magimix-cuiseur-a-vapeur-xxl-pour-cook-expert\/","og_site_name":"dev6 Erresse","og_image":[{"url":"https:\/\/interpim.erresse-shop.it\/wp-content\/uploads\/2019\/10\/17277_1.jpg\/17277_1.jpg","type":"","width":"","height":""},{"url":"https:\/\/interpim.erresse-shop.it\/wp-content\/uploads\/2019\/10\/17277_1.jpg\/17277_1.jpg","width":1024,"height":1024,"type":"image\/jpeg"}],"twitter_card":"summary_large_image","twitter_image":"https:\/\/interpim.erresse-shop.it\/wp-content\/uploads\/2019\/10\/17277_1.jpg\/17277_1.jpg","schema":{"@context":"https:\/\/schema.org","@graph":[{"@type":"WebPage","@id":"https:\/\/dev6.erresse-shop.it\/fr\/shop\/petits-electromenagers\/robots-de-cuisine\/magimix-cuiseur-a-vapeur-xxl-pour-cook-expert\/","url":"https:\/\/dev6.erresse-shop.it\/fr\/shop\/petits-electromenagers\/robots-de-cuisine\/magimix-cuiseur-a-vapeur-xxl-pour-cook-expert\/","name":"MAGIMIX Cuiseur \u00e0 vapeur XXL pour COOK EXPERT - dev6 Erresse","isPartOf":{"@id":"https:\/\/dev6.erresse-shop.it\/#website"},"primaryImageOfPage":{"@id":"https:\/\/dev6.erresse-shop.it\/fr\/shop\/petits-electromenagers\/robots-de-cuisine\/magimix-cuiseur-a-vapeur-xxl-pour-cook-expert\/#primaryimage"},"image":{"@id":"https:\/\/dev6.erresse-shop.it\/fr\/shop\/petits-electromenagers\/robots-de-cuisine\/magimix-cuiseur-a-vapeur-xxl-pour-cook-expert\/#primaryimage"},"thumbnailUrl":"https:\/\/i3.wp.com\/interpim.erresse-shop.it\/wp-content\/uploads\/2019\/10\/17277_1.jpg\/17277_1.jpg?ssl=1","datePublished":"2026-04-12T10:50:19+00:00","description":"Le panier vapeur XXL pour Cook Expert Magimix est un accessoire indispensable pour ceux qui pr\u00e9f\u00e8rent un mode de cuisson qui pr\u00e9serve le go\u00fbt, les saveurs","breadcrumb":{"@id":"https:\/\/dev6.erresse-shop.it\/fr\/shop\/petits-electromenagers\/robots-de-cuisine\/magimix-cuiseur-a-vapeur-xxl-pour-cook-expert\/#breadcrumb"},"inLanguage":"fr-FR","potentialAction":[{"@type":"ReadAction","target":["https:\/\/dev6.erresse-shop.it\/fr\/shop\/petits-electromenagers\/robots-de-cuisine\/magimix-cuiseur-a-vapeur-xxl-pour-cook-expert\/"]}]},{"@type":"ImageObject","inLanguage":"fr-FR","@id":"https:\/\/dev6.erresse-shop.it\/fr\/shop\/petits-electromenagers\/robots-de-cuisine\/magimix-cuiseur-a-vapeur-xxl-pour-cook-expert\/#primaryimage","url":"https:\/\/i3.wp.com\/interpim.erresse-shop.it\/wp-content\/uploads\/2019\/10\/17277_1.jpg\/17277_1.jpg?ssl=1","contentUrl":"https:\/\/i3.wp.com\/interpim.erresse-shop.it\/wp-content\/uploads\/2019\/10\/17277_1.jpg\/17277_1.jpg?ssl=1"},{"@type":"BreadcrumbList","@id":"https:\/\/dev6.erresse-shop.it\/fr\/shop\/petits-electromenagers\/robots-de-cuisine\/magimix-cuiseur-a-vapeur-xxl-pour-cook-expert\/#breadcrumb","itemListElement":[{"@type":"ListItem","position":1,"name":"Home","item":"https:\/\/dev6.erresse-shop.it\/"},{"@type":"ListItem","position":2,"name":"Boutique","item":"https:\/\/dev6.erresse-shop.it\/shop\/"},{"@type":"ListItem","position":3,"name":"MAGIMIX Cuiseur \u00e0 vapeur XXL pour COOK EXPERT"}]},{"@type":"WebSite","@id":"https:\/\/dev6.erresse-shop.it\/#website","url":"https:\/\/dev6.erresse-shop.it\/","name":"Erresse Shop","description":"","publisher":{"@id":"https:\/\/dev6.erresse-shop.it\/#organization"},"potentialAction":[{"@type":"SearchAction","target":{"@type":"EntryPoint","urlTemplate":"https:\/\/dev6.erresse-shop.it\/?s={search_term_string}"},"query-input":{"@type":"PropertyValueSpecification","valueRequired":true,"valueName":"search_term_string"}}],"inLanguage":"fr-FR"},{"@type":"Organization","@id":"https:\/\/dev6.erresse-shop.it\/#organization","name":"Erresse Shop","url":"https:\/\/dev6.erresse-shop.it\/","logo":{"@type":"ImageObject","inLanguage":"fr-FR","@id":"https:\/\/dev6.erresse-shop.it\/#\/schema\/logo\/image\/","url":"https:\/\/dev6.erresse-shop.it\/wp-content\/uploads\/2025\/01\/LOGO-ERRESSE-CLASSICO.svg","contentUrl":"https:\/\/dev6.erresse-shop.it\/wp-content\/uploads\/2025\/01\/LOGO-ERRESSE-CLASSICO.svg","caption":"Erresse Shop"},"image":{"@id":"https:\/\/dev6.erresse-shop.it\/#\/schema\/logo\/image\/"}}]}},"df_price":199.95,"df_sale_price":199.95,"df_regular_price":225,"df_image_link":"https:\/\/i3.wp.com\/interpim.erresse-shop.it\/wp-content\/uploads\/2019\/10\/17277_1.jpg\/17277_1.jpg?resize=300,300&ssl=1","fifu_image_url":"https:\/\/interpim.erresse-shop.it\/wp-content\/uploads\/2019\/10\/17277_1.jpg\/17277_1.jpg","_links":{"self":[{"href":"https:\/\/dev6.erresse-shop.it\/fr\/wp-json\/wp\/v2\/product\/1609433","targetHints":{"allow":["GET"]}}],"collection":[{"href":"https:\/\/dev6.erresse-shop.it\/fr\/wp-json\/wp\/v2\/product"}],"about":[{"href":"https:\/\/dev6.erresse-shop.it\/fr\/wp-json\/wp\/v2\/types\/product"}],"wp:featuredmedia":[{"embeddable":true,"href":"https:\/\/dev6.erresse-shop.it\/fr\/wp-json\/wp\/v2\/media\/6374439"}],"wp:attachment":[{"href":"https:\/\/dev6.erresse-shop.it\/fr\/wp-json\/wp\/v2\/media?parent=1609433"}],"wp:term":[{"taxonomy":"product_cat","embeddable":true,"href":"https:\/\/dev6.erresse-shop.it\/fr\/wp-json\/wp\/v2\/product_cat?post=1609433"},{"taxonomy":"product_tag","embeddable":true,"href":"https:\/\/dev6.erresse-shop.it\/fr\/wp-json\/wp\/v2\/product_tag?post=1609433"}],"curies":[{"name":"wp","href":"https:\/\/api.w.org\/{rel}","templated":true}]}}