{"id":1609367,"date":"2026-04-12T12:45:12","date_gmt":"2026-04-12T10:45:12","guid":{"rendered":"https:\/\/dev6.erresse-shop.it\/shop\/non%20class\u00e9\/mario-luca-giusti-broc-pallina-jaune-2\/"},"modified":"2025-09-14T06:25:36","modified_gmt":"2025-09-14T04:25:36","slug":"mario-luca-giusti-broc-pallina-jaune","status":"publish","type":"product","link":"https:\/\/dev6.erresse-shop.it\/fr\/shop\/table-fr-2\/carafes-bouteilles\/mario-luca-giusti-broc-pallina-jaune\/","title":{"rendered":"MARIO LUCA GIUSTI Broc Pallina Jaune"},"content":{"rendered":"<p>Des objets beaux, propres, simples et \u00e9l\u00e9gants, orient\u00e9s vers le design, color\u00e9s : con\u00e7us et r\u00e9alis\u00e9s par le designer Mario Luca Giusti, bas\u00e9 \u00e0 Florence.<\/p>\n<p>Une fa\u00e7on nouvelle et moderne de penser les verres, les carafes, les rehausseurs et les accessoires de table en mat\u00e9riaux plastiques : acrylique et polycarbonate.<\/p>\n<p>Les collections, dessin\u00e9es et con\u00e7ues par Giusti lui-m\u00eame, s\u2019enrichissent chaque ann\u00e9e de nouveaux mod\u00e8les qui ajoutent des objets aux formes imaginatives et aux couleurs allant du blanc au noir, du transparent au plus brillant. L\u2019inspiration vient de la nature, du paysage, de l\u2019art italien ; pour fabriquer un verre, on regarde une colline ou les facettes d\u2019un diamant, pour un service de table, on vole un dessin du XIXe si\u00e8cle, les plantes de la jungle \u00e9quatoriale, les fleurs d\u2019un jardin anglais, le manteau des animaux de la savane. Pour les couleurs, on emprunte celles de l\u2019arc-en-ciel et plus encore.<\/p>\n<p>Le pichet Palla rappelle le style des anciennes cruches italiennes, confortables et l\u00e9g\u00e8res. Il peut contenir plus de trois litres d\u2019eau. R\u00e9alis\u00e9 en acrylique, il a une forme classique et ronde, id\u00e9ale pour d\u00e9corer la table avec style et essentialit\u00e9. Lavage \u00e0 la main, \u00e0 froid.<\/p>\n","protected":false},"excerpt":{"rendered":"<p>Des objets beaux, propres, simples et \u00e9l\u00e9gants, orient\u00e9s vers le design, color\u00e9s : con\u00e7us et r\u00e9alis\u00e9s par le designer Mario Luca Giusti, bas\u00e9 \u00e0 Florence. Une fa\u00e7on nouvelle et moderne de penser les verres, les carafes, les rehausseurs et les accessoires de table en mat\u00e9riaux plastiques : acrylique et polycarbonate. Les collections, dessin\u00e9es et con\u00e7ues [&hellip;]<\/p>\n","protected":false},"featured_media":6374232,"template":"","meta":{"_acf_changed":false},"product_cat":[12007,11995,11671],"product_tag":[],"class_list":{"0":"post-1609367","1":"product","2":"type-product","3":"status-publish","4":"has-post-thumbnail","6":"product_cat-carafes-bouteilles","7":"product_cat-table-fr-2","8":"product_cat-tavola","10":"first","11":"instock","12":"sale","13":"taxable","14":"shipping-taxable","15":"purchasable","16":"product-type-simple","swatches":"rey-swatches","show_selected":"","stretch_labels":"rey-swatches--stretch-labels"},"acf":[],"yoast_head":"<!-- This site is optimized with the Yoast SEO plugin v25.4 - https:\/\/yoast.com\/wordpress\/plugins\/seo\/ -->\n<title>MARIO LUCA GIUSTI Broc Pallina Jaune - dev6 Erresse<\/title>\n<meta name=\"description\" content=\"Des objets beaux, propres, simples et \u00e9l\u00e9gants, orient\u00e9s vers le design, color\u00e9s : con\u00e7us et r\u00e9alis\u00e9s par le designer Mario Luca Giusti, bas\u00e9 \u00e0 Florence.\" \/>\n<meta name=\"robots\" content=\"noindex, follow, max-snippet:-1, max-image-preview:large, max-video-preview:-1\" \/>\n<meta property=\"og:locale\" content=\"fr_FR\" \/>\n<meta property=\"og:type\" content=\"article\" \/>\n<meta property=\"og:title\" content=\"MARIO LUCA GIUSTI Broc Pallina Jaune - dev6 Erresse\" \/>\n<meta property=\"og:description\" content=\"Des objets beaux, propres, simples et \u00e9l\u00e9gants, orient\u00e9s vers le design, color\u00e9s : con\u00e7us et r\u00e9alis\u00e9s par le designer Mario Luca Giusti, bas\u00e9 \u00e0 Florence.\" \/>\n<meta property=\"og:url\" content=\"https:\/\/dev6.erresse-shop.it\/fr\/shop\/table-fr-2\/carafes-bouteilles\/mario-luca-giusti-broc-pallina-jaune\/\" \/>\n<meta property=\"og:site_name\" content=\"dev6 Erresse\" \/>\n<meta property=\"og:image\" content=\"https:\/\/interpim.erresse-shop.it\/Import\/Prodotti\/mario-luca-giusti-brocca-pallina-giallo-1.jpg\" \/><meta property=\"og:image\" content=\"https:\/\/interpim.erresse-shop.it\/Import\/Prodotti\/mario-luca-giusti-brocca-pallina-giallo-1.jpg\" \/>\n\t<meta property=\"og:image:width\" content=\"1024\" \/>\n\t<meta property=\"og:image:height\" content=\"1024\" \/>\n\t<meta property=\"og:image:type\" content=\"image\/jpeg\" \/>\n<meta name=\"twitter:card\" content=\"summary_large_image\" \/>\n<meta name=\"twitter:image\" content=\"https:\/\/interpim.erresse-shop.it\/Import\/Prodotti\/mario-luca-giusti-brocca-pallina-giallo-1.jpg\" \/>\n<script type=\"application\/ld+json\" class=\"yoast-schema-graph\">{\"@context\":\"https:\/\/schema.org\",\"@graph\":[{\"@type\":\"WebPage\",\"@id\":\"https:\/\/dev6.erresse-shop.it\/fr\/shop\/table-fr-2\/carafes-bouteilles\/mario-luca-giusti-broc-pallina-jaune\/\",\"url\":\"https:\/\/dev6.erresse-shop.it\/fr\/shop\/table-fr-2\/carafes-bouteilles\/mario-luca-giusti-broc-pallina-jaune\/\",\"name\":\"MARIO LUCA GIUSTI Broc Pallina Jaune - dev6 Erresse\",\"isPartOf\":{\"@id\":\"https:\/\/dev6.erresse-shop.it\/#website\"},\"primaryImageOfPage\":{\"@id\":\"https:\/\/dev6.erresse-shop.it\/fr\/shop\/table-fr-2\/carafes-bouteilles\/mario-luca-giusti-broc-pallina-jaune\/#primaryimage\"},\"image\":{\"@id\":\"https:\/\/dev6.erresse-shop.it\/fr\/shop\/table-fr-2\/carafes-bouteilles\/mario-luca-giusti-broc-pallina-jaune\/#primaryimage\"},\"thumbnailUrl\":\"https:\/\/i1.wp.com\/interpim.erresse-shop.it\/Import\/Prodotti\/mario-luca-giusti-brocca-pallina-giallo-1.jpg?ssl=1\",\"datePublished\":\"2026-04-12T10:45:12+00:00\",\"description\":\"Des objets beaux, propres, simples et \u00e9l\u00e9gants, orient\u00e9s vers le design, color\u00e9s : con\u00e7us et r\u00e9alis\u00e9s par le designer Mario Luca Giusti, bas\u00e9 \u00e0 Florence.\",\"breadcrumb\":{\"@id\":\"https:\/\/dev6.erresse-shop.it\/fr\/shop\/table-fr-2\/carafes-bouteilles\/mario-luca-giusti-broc-pallina-jaune\/#breadcrumb\"},\"inLanguage\":\"fr-FR\",\"potentialAction\":[{\"@type\":\"ReadAction\",\"target\":[\"https:\/\/dev6.erresse-shop.it\/fr\/shop\/table-fr-2\/carafes-bouteilles\/mario-luca-giusti-broc-pallina-jaune\/\"]}]},{\"@type\":\"ImageObject\",\"inLanguage\":\"fr-FR\",\"@id\":\"https:\/\/dev6.erresse-shop.it\/fr\/shop\/table-fr-2\/carafes-bouteilles\/mario-luca-giusti-broc-pallina-jaune\/#primaryimage\",\"url\":\"https:\/\/i1.wp.com\/interpim.erresse-shop.it\/Import\/Prodotti\/mario-luca-giusti-brocca-pallina-giallo-1.jpg?ssl=1\",\"contentUrl\":\"https:\/\/i1.wp.com\/interpim.erresse-shop.it\/Import\/Prodotti\/mario-luca-giusti-brocca-pallina-giallo-1.jpg?ssl=1\"},{\"@type\":\"BreadcrumbList\",\"@id\":\"https:\/\/dev6.erresse-shop.it\/fr\/shop\/table-fr-2\/carafes-bouteilles\/mario-luca-giusti-broc-pallina-jaune\/#breadcrumb\",\"itemListElement\":[{\"@type\":\"ListItem\",\"position\":1,\"name\":\"Home\",\"item\":\"https:\/\/dev6.erresse-shop.it\/\"},{\"@type\":\"ListItem\",\"position\":2,\"name\":\"Boutique\",\"item\":\"https:\/\/dev6.erresse-shop.it\/shop\/\"},{\"@type\":\"ListItem\",\"position\":3,\"name\":\"MARIO LUCA GIUSTI Broc Pallina Jaune\"}]},{\"@type\":\"WebSite\",\"@id\":\"https:\/\/dev6.erresse-shop.it\/#website\",\"url\":\"https:\/\/dev6.erresse-shop.it\/\",\"name\":\"Erresse Shop\",\"description\":\"\",\"publisher\":{\"@id\":\"https:\/\/dev6.erresse-shop.it\/#organization\"},\"potentialAction\":[{\"@type\":\"SearchAction\",\"target\":{\"@type\":\"EntryPoint\",\"urlTemplate\":\"https:\/\/dev6.erresse-shop.it\/?s={search_term_string}\"},\"query-input\":{\"@type\":\"PropertyValueSpecification\",\"valueRequired\":true,\"valueName\":\"search_term_string\"}}],\"inLanguage\":\"fr-FR\"},{\"@type\":\"Organization\",\"@id\":\"https:\/\/dev6.erresse-shop.it\/#organization\",\"name\":\"Erresse Shop\",\"url\":\"https:\/\/dev6.erresse-shop.it\/\",\"logo\":{\"@type\":\"ImageObject\",\"inLanguage\":\"fr-FR\",\"@id\":\"https:\/\/dev6.erresse-shop.it\/#\/schema\/logo\/image\/\",\"url\":\"https:\/\/dev6.erresse-shop.it\/wp-content\/uploads\/2025\/01\/LOGO-ERRESSE-CLASSICO.svg\",\"contentUrl\":\"https:\/\/dev6.erresse-shop.it\/wp-content\/uploads\/2025\/01\/LOGO-ERRESSE-CLASSICO.svg\",\"caption\":\"Erresse Shop\"},\"image\":{\"@id\":\"https:\/\/dev6.erresse-shop.it\/#\/schema\/logo\/image\/\"}}]}<\/script>\n<!-- \/ Yoast SEO plugin. -->","yoast_head_json":{"title":"MARIO LUCA GIUSTI Broc Pallina Jaune - dev6 Erresse","description":"Des objets beaux, propres, simples et \u00e9l\u00e9gants, orient\u00e9s vers le design, color\u00e9s : con\u00e7us et r\u00e9alis\u00e9s par le designer Mario Luca Giusti, bas\u00e9 \u00e0 Florence.","robots":{"index":"noindex","follow":"follow","max-snippet":"max-snippet:-1","max-image-preview":"max-image-preview:large","max-video-preview":"max-video-preview:-1"},"og_locale":"fr_FR","og_type":"article","og_title":"MARIO LUCA GIUSTI Broc Pallina Jaune - dev6 Erresse","og_description":"Des objets beaux, propres, simples et \u00e9l\u00e9gants, orient\u00e9s vers le design, color\u00e9s : con\u00e7us et r\u00e9alis\u00e9s par le designer Mario Luca Giusti, bas\u00e9 \u00e0 Florence.","og_url":"https:\/\/dev6.erresse-shop.it\/fr\/shop\/table-fr-2\/carafes-bouteilles\/mario-luca-giusti-broc-pallina-jaune\/","og_site_name":"dev6 Erresse","og_image":[{"url":"https:\/\/interpim.erresse-shop.it\/Import\/Prodotti\/mario-luca-giusti-brocca-pallina-giallo-1.jpg","type":"","width":"","height":""},{"url":"https:\/\/interpim.erresse-shop.it\/Import\/Prodotti\/mario-luca-giusti-brocca-pallina-giallo-1.jpg","width":1024,"height":1024,"type":"image\/jpeg"}],"twitter_card":"summary_large_image","twitter_image":"https:\/\/interpim.erresse-shop.it\/Import\/Prodotti\/mario-luca-giusti-brocca-pallina-giallo-1.jpg","schema":{"@context":"https:\/\/schema.org","@graph":[{"@type":"WebPage","@id":"https:\/\/dev6.erresse-shop.it\/fr\/shop\/table-fr-2\/carafes-bouteilles\/mario-luca-giusti-broc-pallina-jaune\/","url":"https:\/\/dev6.erresse-shop.it\/fr\/shop\/table-fr-2\/carafes-bouteilles\/mario-luca-giusti-broc-pallina-jaune\/","name":"MARIO LUCA GIUSTI Broc Pallina Jaune - dev6 Erresse","isPartOf":{"@id":"https:\/\/dev6.erresse-shop.it\/#website"},"primaryImageOfPage":{"@id":"https:\/\/dev6.erresse-shop.it\/fr\/shop\/table-fr-2\/carafes-bouteilles\/mario-luca-giusti-broc-pallina-jaune\/#primaryimage"},"image":{"@id":"https:\/\/dev6.erresse-shop.it\/fr\/shop\/table-fr-2\/carafes-bouteilles\/mario-luca-giusti-broc-pallina-jaune\/#primaryimage"},"thumbnailUrl":"https:\/\/i1.wp.com\/interpim.erresse-shop.it\/Import\/Prodotti\/mario-luca-giusti-brocca-pallina-giallo-1.jpg?ssl=1","datePublished":"2026-04-12T10:45:12+00:00","description":"Des objets beaux, propres, simples et \u00e9l\u00e9gants, orient\u00e9s vers le design, color\u00e9s : con\u00e7us et r\u00e9alis\u00e9s par le designer Mario Luca Giusti, bas\u00e9 \u00e0 Florence.","breadcrumb":{"@id":"https:\/\/dev6.erresse-shop.it\/fr\/shop\/table-fr-2\/carafes-bouteilles\/mario-luca-giusti-broc-pallina-jaune\/#breadcrumb"},"inLanguage":"fr-FR","potentialAction":[{"@type":"ReadAction","target":["https:\/\/dev6.erresse-shop.it\/fr\/shop\/table-fr-2\/carafes-bouteilles\/mario-luca-giusti-broc-pallina-jaune\/"]}]},{"@type":"ImageObject","inLanguage":"fr-FR","@id":"https:\/\/dev6.erresse-shop.it\/fr\/shop\/table-fr-2\/carafes-bouteilles\/mario-luca-giusti-broc-pallina-jaune\/#primaryimage","url":"https:\/\/i1.wp.com\/interpim.erresse-shop.it\/Import\/Prodotti\/mario-luca-giusti-brocca-pallina-giallo-1.jpg?ssl=1","contentUrl":"https:\/\/i1.wp.com\/interpim.erresse-shop.it\/Import\/Prodotti\/mario-luca-giusti-brocca-pallina-giallo-1.jpg?ssl=1"},{"@type":"BreadcrumbList","@id":"https:\/\/dev6.erresse-shop.it\/fr\/shop\/table-fr-2\/carafes-bouteilles\/mario-luca-giusti-broc-pallina-jaune\/#breadcrumb","itemListElement":[{"@type":"ListItem","position":1,"name":"Home","item":"https:\/\/dev6.erresse-shop.it\/"},{"@type":"ListItem","position":2,"name":"Boutique","item":"https:\/\/dev6.erresse-shop.it\/shop\/"},{"@type":"ListItem","position":3,"name":"MARIO LUCA GIUSTI Broc Pallina Jaune"}]},{"@type":"WebSite","@id":"https:\/\/dev6.erresse-shop.it\/#website","url":"https:\/\/dev6.erresse-shop.it\/","name":"Erresse Shop","description":"","publisher":{"@id":"https:\/\/dev6.erresse-shop.it\/#organization"},"potentialAction":[{"@type":"SearchAction","target":{"@type":"EntryPoint","urlTemplate":"https:\/\/dev6.erresse-shop.it\/?s={search_term_string}"},"query-input":{"@type":"PropertyValueSpecification","valueRequired":true,"valueName":"search_term_string"}}],"inLanguage":"fr-FR"},{"@type":"Organization","@id":"https:\/\/dev6.erresse-shop.it\/#organization","name":"Erresse Shop","url":"https:\/\/dev6.erresse-shop.it\/","logo":{"@type":"ImageObject","inLanguage":"fr-FR","@id":"https:\/\/dev6.erresse-shop.it\/#\/schema\/logo\/image\/","url":"https:\/\/dev6.erresse-shop.it\/wp-content\/uploads\/2025\/01\/LOGO-ERRESSE-CLASSICO.svg","contentUrl":"https:\/\/dev6.erresse-shop.it\/wp-content\/uploads\/2025\/01\/LOGO-ERRESSE-CLASSICO.svg","caption":"Erresse Shop"},"image":{"@id":"https:\/\/dev6.erresse-shop.it\/#\/schema\/logo\/image\/"}}]}},"df_price":67,"df_sale_price":67,"df_regular_price":75,"df_image_link":"https:\/\/i1.wp.com\/interpim.erresse-shop.it\/Import\/Prodotti\/mario-luca-giusti-brocca-pallina-giallo-1.jpg?resize=300,300&ssl=1","fifu_image_url":"https:\/\/interpim.erresse-shop.it\/Import\/Prodotti\/mario-luca-giusti-brocca-pallina-giallo-1.jpg","_links":{"self":[{"href":"https:\/\/dev6.erresse-shop.it\/fr\/wp-json\/wp\/v2\/product\/1609367","targetHints":{"allow":["GET"]}}],"collection":[{"href":"https:\/\/dev6.erresse-shop.it\/fr\/wp-json\/wp\/v2\/product"}],"about":[{"href":"https:\/\/dev6.erresse-shop.it\/fr\/wp-json\/wp\/v2\/types\/product"}],"wp:featuredmedia":[{"embeddable":true,"href":"https:\/\/dev6.erresse-shop.it\/fr\/wp-json\/wp\/v2\/media\/6374232"}],"wp:attachment":[{"href":"https:\/\/dev6.erresse-shop.it\/fr\/wp-json\/wp\/v2\/media?parent=1609367"}],"wp:term":[{"taxonomy":"product_cat","embeddable":true,"href":"https:\/\/dev6.erresse-shop.it\/fr\/wp-json\/wp\/v2\/product_cat?post=1609367"},{"taxonomy":"product_tag","embeddable":true,"href":"https:\/\/dev6.erresse-shop.it\/fr\/wp-json\/wp\/v2\/product_tag?post=1609367"}],"curies":[{"name":"wp","href":"https:\/\/api.w.org\/{rel}","templated":true}]}}