{"id":1609349,"date":"2026-04-04T12:42:27","date_gmt":"2026-04-04T10:42:27","guid":{"rendered":"https:\/\/dev6.erresse-shop.it\/shop\/non%20class\u00e9\/mario-luca-giusti-federica-broc-transparent-2\/"},"modified":"2026-01-09T02:12:55","modified_gmt":"2026-01-09T01:12:55","slug":"mario-luca-giusti-federica-broc-transparent","status":"publish","type":"product","link":"https:\/\/dev6.erresse-shop.it\/fr\/shop\/table-fr-2\/carafes-bouteilles\/mario-luca-giusti-federica-broc-transparent\/","title":{"rendered":"MARIO LUCA GIUSTI Federica Broc Transparent"},"content":{"rendered":"<p>Des objets beaux, propres, simples et \u00e9l\u00e9gants, design, color\u00e9s : con\u00e7us et r\u00e9alis\u00e9s par le designer florentin Mario Luca Giusti.<\/p>\n<p>Une fa\u00e7on nouvelle et moderne de penser les verres, les pichets, les rehausses et les accessoires de table en mati\u00e8re plastique : acrylique et polycarbonate.<\/p>\n<p>Les verres vendus sont sans bo\u00eete.<\/p>\n<p>Les collections, dessin\u00e9es et con\u00e7ues par Giusti lui-m\u00eame, s\u2019enrichissent chaque ann\u00e9e de nouveaux mod\u00e8les, ajoutant des objets aux formes imaginatives et aux couleurs allant du blanc au noir, du transparent au plus vif. L\u2019inspiration vient de la nature, du paysage, de l\u2019art italien ; pour faire un verre, on regarde une colline ou les facettes d\u2019un diamant, pour un jeu d\u2019assiettes, on vole un dessin du XIXe si\u00e8cle, les plantes de la jungle \u00e9quatoriale, les fleurs d\u2019un jardin anglais, le manteau des animaux de la savane. Les couleurs sont emprunt\u00e9es \u00e0 l\u2019arc-en-ciel et plus encore.<\/p>\n","protected":false},"excerpt":{"rendered":"<p>Des objets beaux, propres, simples et \u00e9l\u00e9gants, design, color\u00e9s : con\u00e7us et r\u00e9alis\u00e9s par le designer florentin Mario Luca Giusti. Une fa\u00e7on nouvelle et moderne de penser les verres, les pichets, les rehausses et les accessoires de table en mati\u00e8re plastique : acrylique et polycarbonate. Les verres vendus sont sans bo\u00eete. Les collections, dessin\u00e9es et [&hellip;]<\/p>\n","protected":false},"featured_media":6290854,"template":"","meta":{"_acf_changed":false},"product_cat":[12007,11995,11671],"product_tag":[],"class_list":{"0":"post-1609349","1":"product","2":"type-product","3":"status-publish","4":"has-post-thumbnail","6":"product_cat-carafes-bouteilles","7":"product_cat-table-fr-2","8":"product_cat-tavola","10":"first","11":"instock","12":"sale","13":"taxable","14":"shipping-taxable","15":"purchasable","16":"product-type-simple","swatches":"rey-swatches","show_selected":"","stretch_labels":"rey-swatches--stretch-labels"},"acf":[],"yoast_head":"<!-- This site is optimized with the Yoast SEO plugin v25.4 - https:\/\/yoast.com\/wordpress\/plugins\/seo\/ -->\n<title>MARIO LUCA GIUSTI Federica Broc Transparent - dev6 Erresse<\/title>\n<meta name=\"description\" content=\"Des objets beaux, propres, simples et \u00e9l\u00e9gants, design, color\u00e9s : con\u00e7us et r\u00e9alis\u00e9s par le designer florentin Mario Luca Giusti. Une fa\u00e7on nouvelle et\" \/>\n<meta name=\"robots\" content=\"noindex, follow, max-snippet:-1, max-image-preview:large, max-video-preview:-1\" \/>\n<meta property=\"og:locale\" content=\"fr_FR\" \/>\n<meta property=\"og:type\" content=\"article\" \/>\n<meta property=\"og:title\" content=\"MARIO LUCA GIUSTI Federica Broc Transparent - dev6 Erresse\" \/>\n<meta property=\"og:description\" content=\"Des objets beaux, propres, simples et \u00e9l\u00e9gants, design, color\u00e9s : con\u00e7us et r\u00e9alis\u00e9s par le designer florentin Mario Luca Giusti. Une fa\u00e7on nouvelle et\" \/>\n<meta property=\"og:url\" content=\"https:\/\/dev6.erresse-shop.it\/fr\/shop\/table-fr-2\/carafes-bouteilles\/mario-luca-giusti-federica-broc-transparent\/\" \/>\n<meta property=\"og:site_name\" content=\"dev6 Erresse\" \/>\n<meta property=\"og:image\" content=\"https:\/\/interpim.erresse-shop.it\/Import\/Prodotti\/mario-luca-giusti-brocca-federica-trasparente-1.jpg\" \/><meta property=\"og:image\" content=\"https:\/\/interpim.erresse-shop.it\/Import\/Prodotti\/mario-luca-giusti-brocca-federica-trasparente-1.jpg\" \/>\n\t<meta property=\"og:image:width\" content=\"1024\" \/>\n\t<meta property=\"og:image:height\" content=\"1024\" \/>\n\t<meta property=\"og:image:type\" content=\"image\/jpeg\" \/>\n<meta name=\"twitter:card\" content=\"summary_large_image\" \/>\n<meta name=\"twitter:image\" content=\"https:\/\/interpim.erresse-shop.it\/Import\/Prodotti\/mario-luca-giusti-brocca-federica-trasparente-1.jpg\" \/>\n<script type=\"application\/ld+json\" class=\"yoast-schema-graph\">{\"@context\":\"https:\/\/schema.org\",\"@graph\":[{\"@type\":\"WebPage\",\"@id\":\"https:\/\/dev6.erresse-shop.it\/fr\/shop\/table-fr-2\/carafes-bouteilles\/mario-luca-giusti-federica-broc-transparent\/\",\"url\":\"https:\/\/dev6.erresse-shop.it\/fr\/shop\/table-fr-2\/carafes-bouteilles\/mario-luca-giusti-federica-broc-transparent\/\",\"name\":\"MARIO LUCA GIUSTI Federica Broc Transparent - dev6 Erresse\",\"isPartOf\":{\"@id\":\"https:\/\/dev6.erresse-shop.it\/#website\"},\"primaryImageOfPage\":{\"@id\":\"https:\/\/dev6.erresse-shop.it\/fr\/shop\/table-fr-2\/carafes-bouteilles\/mario-luca-giusti-federica-broc-transparent\/#primaryimage\"},\"image\":{\"@id\":\"https:\/\/dev6.erresse-shop.it\/fr\/shop\/table-fr-2\/carafes-bouteilles\/mario-luca-giusti-federica-broc-transparent\/#primaryimage\"},\"thumbnailUrl\":\"https:\/\/i1.wp.com\/interpim.erresse-shop.it\/Import\/Prodotti\/mario-luca-giusti-brocca-federica-trasparente-1.jpg?ssl=1\",\"datePublished\":\"2026-04-04T10:42:27+00:00\",\"description\":\"Des objets beaux, propres, simples et \u00e9l\u00e9gants, design, color\u00e9s : con\u00e7us et r\u00e9alis\u00e9s par le designer florentin Mario Luca Giusti. Une fa\u00e7on nouvelle et\",\"breadcrumb\":{\"@id\":\"https:\/\/dev6.erresse-shop.it\/fr\/shop\/table-fr-2\/carafes-bouteilles\/mario-luca-giusti-federica-broc-transparent\/#breadcrumb\"},\"inLanguage\":\"fr-FR\",\"potentialAction\":[{\"@type\":\"ReadAction\",\"target\":[\"https:\/\/dev6.erresse-shop.it\/fr\/shop\/table-fr-2\/carafes-bouteilles\/mario-luca-giusti-federica-broc-transparent\/\"]}]},{\"@type\":\"ImageObject\",\"inLanguage\":\"fr-FR\",\"@id\":\"https:\/\/dev6.erresse-shop.it\/fr\/shop\/table-fr-2\/carafes-bouteilles\/mario-luca-giusti-federica-broc-transparent\/#primaryimage\",\"url\":\"https:\/\/i1.wp.com\/interpim.erresse-shop.it\/Import\/Prodotti\/mario-luca-giusti-brocca-federica-trasparente-1.jpg?ssl=1\",\"contentUrl\":\"https:\/\/i1.wp.com\/interpim.erresse-shop.it\/Import\/Prodotti\/mario-luca-giusti-brocca-federica-trasparente-1.jpg?ssl=1\"},{\"@type\":\"BreadcrumbList\",\"@id\":\"https:\/\/dev6.erresse-shop.it\/fr\/shop\/table-fr-2\/carafes-bouteilles\/mario-luca-giusti-federica-broc-transparent\/#breadcrumb\",\"itemListElement\":[{\"@type\":\"ListItem\",\"position\":1,\"name\":\"Home\",\"item\":\"https:\/\/dev6.erresse-shop.it\/\"},{\"@type\":\"ListItem\",\"position\":2,\"name\":\"Boutique\",\"item\":\"https:\/\/dev6.erresse-shop.it\/shop\/\"},{\"@type\":\"ListItem\",\"position\":3,\"name\":\"MARIO LUCA GIUSTI Federica Broc Transparent\"}]},{\"@type\":\"WebSite\",\"@id\":\"https:\/\/dev6.erresse-shop.it\/#website\",\"url\":\"https:\/\/dev6.erresse-shop.it\/\",\"name\":\"Erresse Shop\",\"description\":\"\",\"publisher\":{\"@id\":\"https:\/\/dev6.erresse-shop.it\/#organization\"},\"potentialAction\":[{\"@type\":\"SearchAction\",\"target\":{\"@type\":\"EntryPoint\",\"urlTemplate\":\"https:\/\/dev6.erresse-shop.it\/?s={search_term_string}\"},\"query-input\":{\"@type\":\"PropertyValueSpecification\",\"valueRequired\":true,\"valueName\":\"search_term_string\"}}],\"inLanguage\":\"fr-FR\"},{\"@type\":\"Organization\",\"@id\":\"https:\/\/dev6.erresse-shop.it\/#organization\",\"name\":\"Erresse Shop\",\"url\":\"https:\/\/dev6.erresse-shop.it\/\",\"logo\":{\"@type\":\"ImageObject\",\"inLanguage\":\"fr-FR\",\"@id\":\"https:\/\/dev6.erresse-shop.it\/#\/schema\/logo\/image\/\",\"url\":\"https:\/\/dev6.erresse-shop.it\/wp-content\/uploads\/2025\/01\/LOGO-ERRESSE-CLASSICO.svg\",\"contentUrl\":\"https:\/\/dev6.erresse-shop.it\/wp-content\/uploads\/2025\/01\/LOGO-ERRESSE-CLASSICO.svg\",\"caption\":\"Erresse Shop\"},\"image\":{\"@id\":\"https:\/\/dev6.erresse-shop.it\/#\/schema\/logo\/image\/\"}}]}<\/script>\n<!-- \/ Yoast SEO plugin. -->","yoast_head_json":{"title":"MARIO LUCA GIUSTI Federica Broc Transparent - dev6 Erresse","description":"Des objets beaux, propres, simples et \u00e9l\u00e9gants, design, color\u00e9s : con\u00e7us et r\u00e9alis\u00e9s par le designer florentin Mario Luca Giusti. Une fa\u00e7on nouvelle et","robots":{"index":"noindex","follow":"follow","max-snippet":"max-snippet:-1","max-image-preview":"max-image-preview:large","max-video-preview":"max-video-preview:-1"},"og_locale":"fr_FR","og_type":"article","og_title":"MARIO LUCA GIUSTI Federica Broc Transparent - dev6 Erresse","og_description":"Des objets beaux, propres, simples et \u00e9l\u00e9gants, design, color\u00e9s : con\u00e7us et r\u00e9alis\u00e9s par le designer florentin Mario Luca Giusti. Une fa\u00e7on nouvelle et","og_url":"https:\/\/dev6.erresse-shop.it\/fr\/shop\/table-fr-2\/carafes-bouteilles\/mario-luca-giusti-federica-broc-transparent\/","og_site_name":"dev6 Erresse","og_image":[{"url":"https:\/\/interpim.erresse-shop.it\/Import\/Prodotti\/mario-luca-giusti-brocca-federica-trasparente-1.jpg","type":"","width":"","height":""},{"url":"https:\/\/interpim.erresse-shop.it\/Import\/Prodotti\/mario-luca-giusti-brocca-federica-trasparente-1.jpg","width":1024,"height":1024,"type":"image\/jpeg"}],"twitter_card":"summary_large_image","twitter_image":"https:\/\/interpim.erresse-shop.it\/Import\/Prodotti\/mario-luca-giusti-brocca-federica-trasparente-1.jpg","schema":{"@context":"https:\/\/schema.org","@graph":[{"@type":"WebPage","@id":"https:\/\/dev6.erresse-shop.it\/fr\/shop\/table-fr-2\/carafes-bouteilles\/mario-luca-giusti-federica-broc-transparent\/","url":"https:\/\/dev6.erresse-shop.it\/fr\/shop\/table-fr-2\/carafes-bouteilles\/mario-luca-giusti-federica-broc-transparent\/","name":"MARIO LUCA GIUSTI Federica Broc Transparent - dev6 Erresse","isPartOf":{"@id":"https:\/\/dev6.erresse-shop.it\/#website"},"primaryImageOfPage":{"@id":"https:\/\/dev6.erresse-shop.it\/fr\/shop\/table-fr-2\/carafes-bouteilles\/mario-luca-giusti-federica-broc-transparent\/#primaryimage"},"image":{"@id":"https:\/\/dev6.erresse-shop.it\/fr\/shop\/table-fr-2\/carafes-bouteilles\/mario-luca-giusti-federica-broc-transparent\/#primaryimage"},"thumbnailUrl":"https:\/\/i1.wp.com\/interpim.erresse-shop.it\/Import\/Prodotti\/mario-luca-giusti-brocca-federica-trasparente-1.jpg?ssl=1","datePublished":"2026-04-04T10:42:27+00:00","description":"Des objets beaux, propres, simples et \u00e9l\u00e9gants, design, color\u00e9s : con\u00e7us et r\u00e9alis\u00e9s par le designer florentin Mario Luca Giusti. Une fa\u00e7on nouvelle et","breadcrumb":{"@id":"https:\/\/dev6.erresse-shop.it\/fr\/shop\/table-fr-2\/carafes-bouteilles\/mario-luca-giusti-federica-broc-transparent\/#breadcrumb"},"inLanguage":"fr-FR","potentialAction":[{"@type":"ReadAction","target":["https:\/\/dev6.erresse-shop.it\/fr\/shop\/table-fr-2\/carafes-bouteilles\/mario-luca-giusti-federica-broc-transparent\/"]}]},{"@type":"ImageObject","inLanguage":"fr-FR","@id":"https:\/\/dev6.erresse-shop.it\/fr\/shop\/table-fr-2\/carafes-bouteilles\/mario-luca-giusti-federica-broc-transparent\/#primaryimage","url":"https:\/\/i1.wp.com\/interpim.erresse-shop.it\/Import\/Prodotti\/mario-luca-giusti-brocca-federica-trasparente-1.jpg?ssl=1","contentUrl":"https:\/\/i1.wp.com\/interpim.erresse-shop.it\/Import\/Prodotti\/mario-luca-giusti-brocca-federica-trasparente-1.jpg?ssl=1"},{"@type":"BreadcrumbList","@id":"https:\/\/dev6.erresse-shop.it\/fr\/shop\/table-fr-2\/carafes-bouteilles\/mario-luca-giusti-federica-broc-transparent\/#breadcrumb","itemListElement":[{"@type":"ListItem","position":1,"name":"Home","item":"https:\/\/dev6.erresse-shop.it\/"},{"@type":"ListItem","position":2,"name":"Boutique","item":"https:\/\/dev6.erresse-shop.it\/shop\/"},{"@type":"ListItem","position":3,"name":"MARIO LUCA GIUSTI Federica Broc Transparent"}]},{"@type":"WebSite","@id":"https:\/\/dev6.erresse-shop.it\/#website","url":"https:\/\/dev6.erresse-shop.it\/","name":"Erresse Shop","description":"","publisher":{"@id":"https:\/\/dev6.erresse-shop.it\/#organization"},"potentialAction":[{"@type":"SearchAction","target":{"@type":"EntryPoint","urlTemplate":"https:\/\/dev6.erresse-shop.it\/?s={search_term_string}"},"query-input":{"@type":"PropertyValueSpecification","valueRequired":true,"valueName":"search_term_string"}}],"inLanguage":"fr-FR"},{"@type":"Organization","@id":"https:\/\/dev6.erresse-shop.it\/#organization","name":"Erresse Shop","url":"https:\/\/dev6.erresse-shop.it\/","logo":{"@type":"ImageObject","inLanguage":"fr-FR","@id":"https:\/\/dev6.erresse-shop.it\/#\/schema\/logo\/image\/","url":"https:\/\/dev6.erresse-shop.it\/wp-content\/uploads\/2025\/01\/LOGO-ERRESSE-CLASSICO.svg","contentUrl":"https:\/\/dev6.erresse-shop.it\/wp-content\/uploads\/2025\/01\/LOGO-ERRESSE-CLASSICO.svg","caption":"Erresse Shop"},"image":{"@id":"https:\/\/dev6.erresse-shop.it\/#\/schema\/logo\/image\/"}}]}},"df_price":72,"df_sale_price":72,"df_regular_price":80,"df_image_link":"https:\/\/i1.wp.com\/interpim.erresse-shop.it\/Import\/Prodotti\/mario-luca-giusti-brocca-federica-trasparente-1.jpg?resize=300,300&ssl=1","fifu_image_url":"https:\/\/interpim.erresse-shop.it\/Import\/Prodotti\/mario-luca-giusti-brocca-federica-trasparente-1.jpg","_links":{"self":[{"href":"https:\/\/dev6.erresse-shop.it\/fr\/wp-json\/wp\/v2\/product\/1609349","targetHints":{"allow":["GET"]}}],"collection":[{"href":"https:\/\/dev6.erresse-shop.it\/fr\/wp-json\/wp\/v2\/product"}],"about":[{"href":"https:\/\/dev6.erresse-shop.it\/fr\/wp-json\/wp\/v2\/types\/product"}],"wp:featuredmedia":[{"embeddable":true,"href":"https:\/\/dev6.erresse-shop.it\/fr\/wp-json\/wp\/v2\/media\/6290854"}],"wp:attachment":[{"href":"https:\/\/dev6.erresse-shop.it\/fr\/wp-json\/wp\/v2\/media?parent=1609349"}],"wp:term":[{"taxonomy":"product_cat","embeddable":true,"href":"https:\/\/dev6.erresse-shop.it\/fr\/wp-json\/wp\/v2\/product_cat?post=1609349"},{"taxonomy":"product_tag","embeddable":true,"href":"https:\/\/dev6.erresse-shop.it\/fr\/wp-json\/wp\/v2\/product_tag?post=1609349"}],"curies":[{"name":"wp","href":"https:\/\/api.w.org\/{rel}","templated":true}]}}