{"id":1609337,"date":"2026-04-12T12:42:40","date_gmt":"2026-04-12T10:42:40","guid":{"rendered":"https:\/\/dev6.erresse-shop.it\/shop\/non%20class\u00e9\/staub-cocotte-ronde-en-fonte-22-cm-gris-graphite\/"},"modified":"2025-09-14T06:24:26","modified_gmt":"2025-09-14T04:24:26","slug":"staub-cocotte-ronde-en-fonte-22-cm-gris-graphite","status":"publish","type":"product","link":"https:\/\/dev6.erresse-shop.it\/fr\/shop\/poeles-pots\/marmites-et-cocottes-poeles-pots\/staub-cocotte-ronde-en-fonte-22-cm-gris-graphite\/","title":{"rendered":"STAUB Cocotte ronde en fonte 22 cm Gris Graphite"},"content":{"rendered":"<p>La cuisson lente revient \u00e0 la mode, et les jeunes cuisiniers en sont tout aussi enthousiastes que les chefs exp\u00e9riment\u00e9s. Les saveurs particuli\u00e8res des viandes et l\u00e9gumes mijot\u00e9s se d\u00e9veloppent magnifiquement dans un plat \u00e0 gratin, comme cette cocotte ronde gris graphite. Il est fabriqu\u00e9 par Staub avec un design simple et attrayant et avec des mat\u00e9riaux de qualit\u00e9 exceptionnelle. Avec un diam\u00e8tre de 22 cm, cette casserole de la s\u00e9rie La Cocotte est la po\u00eale id\u00e9ale pour les petites familles ou pour les pr\u00e9parations individuelles. D\u2019une capacit\u00e9 de 2,6 litres, il vous permettra de pr\u00e9parer des l\u00e9gumes, du poisson ou de la viande en petites quantit\u00e9s. La cocotte est recouverte int\u00e9rieurement d\u2019\u00e9mail noir mat pour obtenir un effet de braisage parfait, qui rehausse la saveur naturelle des ingr\u00e9dients. Les propri\u00e9t\u00e9s du produit s\u2019am\u00e9liorent progressivement \u00e0 chaque utilisation. Bien entendu, vous pouvez utiliser la cocotte Staub sur tout type de plaque de cuisson. Gr\u00e2ce \u00e0 l\u2019association de la fonte et de l\u2019\u00e9mail, la chaleur est parfaitement r\u00e9partie \u00e0 l\u2019int\u00e9rieur de la cocotte. La fonte est rapide et facile \u00e0 nettoyer et est \u00e0 la fois durable et r\u00e9sistante. Essayez la cocotte pratique Staub et pr\u00e9parez facilement de merveilleux rago\u00fbts dans votre propre cuisine.<\/p>\n<p>Id\u00e9al pour sceller et cuire lentement de la viande, du poisson ou des l\u00e9gumes<br \/>\nPour une cuisson juteuse et tendre gr\u00e2ce au couvercle<br \/>\nL\u2019\u00e9mail int\u00e9rieur noir mat est id\u00e9al pour un brunissement particuli\u00e8rement croustillant et est tr\u00e8s r\u00e9sistant<br \/>\nConvient \u00e0 tous les types de plaques de cuisson, y compris \u00e0 induction, peut \u00e9galement \u00eatre plac\u00e9 au four\/grill<\/p>\n<p>Caract\u00e9ristiques du produit\u00a0:<\/p>\n<p>R\u00e9sistance \u00e0 la chaleur : 260 \u00baC<br \/>\nR\u00e9sistance au froid : -20 \u00baC<br \/>\nMat\u00e9riau : fonte<br \/>\nRev\u00eatement int\u00e9rieur : \u00e9mail<br \/>\nCouvercle existant\u00a0: oui<br \/>\nInduction\u00a0: Oui<br \/>\nPasse au four\u00a0: Oui<br \/>\nPasse au cong\u00e9lateur\u00a0: Oui<br \/>\nPasse au four\u00a0: Oui<br \/>\nLave-vaisselle : Oui<\/p>\n<p>Dimensions\u00a0:<\/p>\n<p>Poids net : 3,95 kg<br \/>\nCapacit\u00e9 : 2,60 l<br \/>\nLongueur du produit\u00a0: 28,40 cm<br \/>\nLargeur du produit\u00a0: 22,00 cm<br \/>\nHauteur du produit\u00a0: 14,70 cm<br \/>\nHauteur sans couvercle : 9,90 cm<br \/>\nDiam\u00e8tre sup\u00e9rieur : 22,00 cm<br \/>\nDiam\u00e8tre du fond : 17,10 cm<br \/>\nLongueur du manche : 3,00 cm<\/p>\n","protected":false},"excerpt":{"rendered":"<p>La cuisson lente revient \u00e0 la mode, et les jeunes cuisiniers en sont tout aussi enthousiastes que les chefs exp\u00e9riment\u00e9s. Les saveurs particuli\u00e8res des viandes et l\u00e9gumes mijot\u00e9s se d\u00e9veloppent magnifiquement dans un plat \u00e0 gratin, comme cette cocotte ronde gris graphite. Il est fabriqu\u00e9 par Staub avec un design simple et attrayant et avec [&hellip;]<\/p>\n","protected":false},"featured_media":6374039,"template":"","meta":{"_acf_changed":false},"product_cat":[11668,11992,12000,11991],"product_tag":[],"class_list":{"0":"post-1609337","1":"product","2":"type-product","3":"status-publish","4":"has-post-thumbnail","6":"product_cat-cucina","7":"product_cat-cuisine","8":"product_cat-marmites-et-cocottes-poeles-pots","9":"product_cat-poeles-pots","11":"first","12":"instock","13":"sale","14":"taxable","15":"shipping-taxable","16":"purchasable","17":"product-type-simple","swatches":"rey-swatches","show_selected":"","stretch_labels":"rey-swatches--stretch-labels"},"acf":[],"yoast_head":"<!-- This site is optimized with the Yoast SEO plugin v25.4 - https:\/\/yoast.com\/wordpress\/plugins\/seo\/ -->\n<title>STAUB Cocotte ronde en fonte 22 cm Gris Graphite - dev6 Erresse<\/title>\n<meta name=\"description\" content=\"La cuisson lente revient \u00e0 la mode, et les jeunes cuisiniers en sont tout aussi enthousiastes que les chefs exp\u00e9riment\u00e9s. Les saveurs particuli\u00e8res des\" \/>\n<meta name=\"robots\" content=\"noindex, follow, max-snippet:-1, max-image-preview:large, max-video-preview:-1\" \/>\n<meta property=\"og:locale\" content=\"fr_FR\" \/>\n<meta property=\"og:type\" content=\"article\" \/>\n<meta property=\"og:title\" content=\"STAUB Cocotte ronde en fonte 22 cm Gris Graphite - dev6 Erresse\" \/>\n<meta property=\"og:description\" content=\"La cuisson lente revient \u00e0 la mode, et les jeunes cuisiniers en sont tout aussi enthousiastes que les chefs exp\u00e9riment\u00e9s. Les saveurs particuli\u00e8res des\" \/>\n<meta property=\"og:url\" content=\"https:\/\/dev6.erresse-shop.it\/fr\/shop\/poeles-pots\/marmites-et-cocottes-poeles-pots\/staub-cocotte-ronde-en-fonte-22-cm-gris-graphite\/\" \/>\n<meta property=\"og:site_name\" content=\"dev6 Erresse\" \/>\n<meta property=\"og:image\" content=\"https:\/\/interpim.erresse-shop.it\/Import\/Prodotti\/staub-cocotte-tonda-ghisa-22-cm-grigio-grafite.jpg\" \/><meta property=\"og:image\" content=\"https:\/\/interpim.erresse-shop.it\/Import\/Prodotti\/staub-cocotte-tonda-ghisa-22-cm-grigio-grafite.jpg\" \/>\n\t<meta property=\"og:image:width\" content=\"1024\" \/>\n\t<meta property=\"og:image:height\" content=\"1024\" \/>\n\t<meta property=\"og:image:type\" content=\"image\/jpeg\" \/>\n<meta name=\"twitter:card\" content=\"summary_large_image\" \/>\n<meta name=\"twitter:image\" content=\"https:\/\/interpim.erresse-shop.it\/Import\/Prodotti\/staub-cocotte-tonda-ghisa-22-cm-grigio-grafite.jpg\" \/>\n<script type=\"application\/ld+json\" class=\"yoast-schema-graph\">{\"@context\":\"https:\/\/schema.org\",\"@graph\":[{\"@type\":\"WebPage\",\"@id\":\"https:\/\/dev6.erresse-shop.it\/fr\/shop\/poeles-pots\/marmites-et-cocottes-poeles-pots\/staub-cocotte-ronde-en-fonte-22-cm-gris-graphite\/\",\"url\":\"https:\/\/dev6.erresse-shop.it\/fr\/shop\/poeles-pots\/marmites-et-cocottes-poeles-pots\/staub-cocotte-ronde-en-fonte-22-cm-gris-graphite\/\",\"name\":\"STAUB Cocotte ronde en fonte 22 cm Gris Graphite - dev6 Erresse\",\"isPartOf\":{\"@id\":\"https:\/\/dev6.erresse-shop.it\/#website\"},\"primaryImageOfPage\":{\"@id\":\"https:\/\/dev6.erresse-shop.it\/fr\/shop\/poeles-pots\/marmites-et-cocottes-poeles-pots\/staub-cocotte-ronde-en-fonte-22-cm-gris-graphite\/#primaryimage\"},\"image\":{\"@id\":\"https:\/\/dev6.erresse-shop.it\/fr\/shop\/poeles-pots\/marmites-et-cocottes-poeles-pots\/staub-cocotte-ronde-en-fonte-22-cm-gris-graphite\/#primaryimage\"},\"thumbnailUrl\":\"https:\/\/i3.wp.com\/interpim.erresse-shop.it\/Import\/Prodotti\/staub-cocotte-tonda-ghisa-22-cm-grigio-grafite.jpg?ssl=1\",\"datePublished\":\"2026-04-12T10:42:40+00:00\",\"description\":\"La cuisson lente revient \u00e0 la mode, et les jeunes cuisiniers en sont tout aussi enthousiastes que les chefs exp\u00e9riment\u00e9s. Les saveurs particuli\u00e8res des\",\"breadcrumb\":{\"@id\":\"https:\/\/dev6.erresse-shop.it\/fr\/shop\/poeles-pots\/marmites-et-cocottes-poeles-pots\/staub-cocotte-ronde-en-fonte-22-cm-gris-graphite\/#breadcrumb\"},\"inLanguage\":\"fr-FR\",\"potentialAction\":[{\"@type\":\"ReadAction\",\"target\":[\"https:\/\/dev6.erresse-shop.it\/fr\/shop\/poeles-pots\/marmites-et-cocottes-poeles-pots\/staub-cocotte-ronde-en-fonte-22-cm-gris-graphite\/\"]}]},{\"@type\":\"ImageObject\",\"inLanguage\":\"fr-FR\",\"@id\":\"https:\/\/dev6.erresse-shop.it\/fr\/shop\/poeles-pots\/marmites-et-cocottes-poeles-pots\/staub-cocotte-ronde-en-fonte-22-cm-gris-graphite\/#primaryimage\",\"url\":\"https:\/\/i3.wp.com\/interpim.erresse-shop.it\/Import\/Prodotti\/staub-cocotte-tonda-ghisa-22-cm-grigio-grafite.jpg?ssl=1\",\"contentUrl\":\"https:\/\/i3.wp.com\/interpim.erresse-shop.it\/Import\/Prodotti\/staub-cocotte-tonda-ghisa-22-cm-grigio-grafite.jpg?ssl=1\"},{\"@type\":\"BreadcrumbList\",\"@id\":\"https:\/\/dev6.erresse-shop.it\/fr\/shop\/poeles-pots\/marmites-et-cocottes-poeles-pots\/staub-cocotte-ronde-en-fonte-22-cm-gris-graphite\/#breadcrumb\",\"itemListElement\":[{\"@type\":\"ListItem\",\"position\":1,\"name\":\"Home\",\"item\":\"https:\/\/dev6.erresse-shop.it\/\"},{\"@type\":\"ListItem\",\"position\":2,\"name\":\"Boutique\",\"item\":\"https:\/\/dev6.erresse-shop.it\/shop\/\"},{\"@type\":\"ListItem\",\"position\":3,\"name\":\"STAUB Cocotte ronde en fonte 22 cm Gris Graphite\"}]},{\"@type\":\"WebSite\",\"@id\":\"https:\/\/dev6.erresse-shop.it\/#website\",\"url\":\"https:\/\/dev6.erresse-shop.it\/\",\"name\":\"Erresse Shop\",\"description\":\"\",\"publisher\":{\"@id\":\"https:\/\/dev6.erresse-shop.it\/#organization\"},\"potentialAction\":[{\"@type\":\"SearchAction\",\"target\":{\"@type\":\"EntryPoint\",\"urlTemplate\":\"https:\/\/dev6.erresse-shop.it\/?s={search_term_string}\"},\"query-input\":{\"@type\":\"PropertyValueSpecification\",\"valueRequired\":true,\"valueName\":\"search_term_string\"}}],\"inLanguage\":\"fr-FR\"},{\"@type\":\"Organization\",\"@id\":\"https:\/\/dev6.erresse-shop.it\/#organization\",\"name\":\"Erresse Shop\",\"url\":\"https:\/\/dev6.erresse-shop.it\/\",\"logo\":{\"@type\":\"ImageObject\",\"inLanguage\":\"fr-FR\",\"@id\":\"https:\/\/dev6.erresse-shop.it\/#\/schema\/logo\/image\/\",\"url\":\"https:\/\/dev6.erresse-shop.it\/wp-content\/uploads\/2025\/01\/LOGO-ERRESSE-CLASSICO.svg\",\"contentUrl\":\"https:\/\/dev6.erresse-shop.it\/wp-content\/uploads\/2025\/01\/LOGO-ERRESSE-CLASSICO.svg\",\"caption\":\"Erresse Shop\"},\"image\":{\"@id\":\"https:\/\/dev6.erresse-shop.it\/#\/schema\/logo\/image\/\"}}]}<\/script>\n<!-- \/ Yoast SEO plugin. -->","yoast_head_json":{"title":"STAUB Cocotte ronde en fonte 22 cm Gris Graphite - dev6 Erresse","description":"La cuisson lente revient \u00e0 la mode, et les jeunes cuisiniers en sont tout aussi enthousiastes que les chefs exp\u00e9riment\u00e9s. Les saveurs particuli\u00e8res des","robots":{"index":"noindex","follow":"follow","max-snippet":"max-snippet:-1","max-image-preview":"max-image-preview:large","max-video-preview":"max-video-preview:-1"},"og_locale":"fr_FR","og_type":"article","og_title":"STAUB Cocotte ronde en fonte 22 cm Gris Graphite - dev6 Erresse","og_description":"La cuisson lente revient \u00e0 la mode, et les jeunes cuisiniers en sont tout aussi enthousiastes que les chefs exp\u00e9riment\u00e9s. Les saveurs particuli\u00e8res des","og_url":"https:\/\/dev6.erresse-shop.it\/fr\/shop\/poeles-pots\/marmites-et-cocottes-poeles-pots\/staub-cocotte-ronde-en-fonte-22-cm-gris-graphite\/","og_site_name":"dev6 Erresse","og_image":[{"url":"https:\/\/interpim.erresse-shop.it\/Import\/Prodotti\/staub-cocotte-tonda-ghisa-22-cm-grigio-grafite.jpg","type":"","width":"","height":""},{"url":"https:\/\/interpim.erresse-shop.it\/Import\/Prodotti\/staub-cocotte-tonda-ghisa-22-cm-grigio-grafite.jpg","width":1024,"height":1024,"type":"image\/jpeg"}],"twitter_card":"summary_large_image","twitter_image":"https:\/\/interpim.erresse-shop.it\/Import\/Prodotti\/staub-cocotte-tonda-ghisa-22-cm-grigio-grafite.jpg","schema":{"@context":"https:\/\/schema.org","@graph":[{"@type":"WebPage","@id":"https:\/\/dev6.erresse-shop.it\/fr\/shop\/poeles-pots\/marmites-et-cocottes-poeles-pots\/staub-cocotte-ronde-en-fonte-22-cm-gris-graphite\/","url":"https:\/\/dev6.erresse-shop.it\/fr\/shop\/poeles-pots\/marmites-et-cocottes-poeles-pots\/staub-cocotte-ronde-en-fonte-22-cm-gris-graphite\/","name":"STAUB Cocotte ronde en fonte 22 cm Gris Graphite - dev6 Erresse","isPartOf":{"@id":"https:\/\/dev6.erresse-shop.it\/#website"},"primaryImageOfPage":{"@id":"https:\/\/dev6.erresse-shop.it\/fr\/shop\/poeles-pots\/marmites-et-cocottes-poeles-pots\/staub-cocotte-ronde-en-fonte-22-cm-gris-graphite\/#primaryimage"},"image":{"@id":"https:\/\/dev6.erresse-shop.it\/fr\/shop\/poeles-pots\/marmites-et-cocottes-poeles-pots\/staub-cocotte-ronde-en-fonte-22-cm-gris-graphite\/#primaryimage"},"thumbnailUrl":"https:\/\/i3.wp.com\/interpim.erresse-shop.it\/Import\/Prodotti\/staub-cocotte-tonda-ghisa-22-cm-grigio-grafite.jpg?ssl=1","datePublished":"2026-04-12T10:42:40+00:00","description":"La cuisson lente revient \u00e0 la mode, et les jeunes cuisiniers en sont tout aussi enthousiastes que les chefs exp\u00e9riment\u00e9s. Les saveurs particuli\u00e8res des","breadcrumb":{"@id":"https:\/\/dev6.erresse-shop.it\/fr\/shop\/poeles-pots\/marmites-et-cocottes-poeles-pots\/staub-cocotte-ronde-en-fonte-22-cm-gris-graphite\/#breadcrumb"},"inLanguage":"fr-FR","potentialAction":[{"@type":"ReadAction","target":["https:\/\/dev6.erresse-shop.it\/fr\/shop\/poeles-pots\/marmites-et-cocottes-poeles-pots\/staub-cocotte-ronde-en-fonte-22-cm-gris-graphite\/"]}]},{"@type":"ImageObject","inLanguage":"fr-FR","@id":"https:\/\/dev6.erresse-shop.it\/fr\/shop\/poeles-pots\/marmites-et-cocottes-poeles-pots\/staub-cocotte-ronde-en-fonte-22-cm-gris-graphite\/#primaryimage","url":"https:\/\/i3.wp.com\/interpim.erresse-shop.it\/Import\/Prodotti\/staub-cocotte-tonda-ghisa-22-cm-grigio-grafite.jpg?ssl=1","contentUrl":"https:\/\/i3.wp.com\/interpim.erresse-shop.it\/Import\/Prodotti\/staub-cocotte-tonda-ghisa-22-cm-grigio-grafite.jpg?ssl=1"},{"@type":"BreadcrumbList","@id":"https:\/\/dev6.erresse-shop.it\/fr\/shop\/poeles-pots\/marmites-et-cocottes-poeles-pots\/staub-cocotte-ronde-en-fonte-22-cm-gris-graphite\/#breadcrumb","itemListElement":[{"@type":"ListItem","position":1,"name":"Home","item":"https:\/\/dev6.erresse-shop.it\/"},{"@type":"ListItem","position":2,"name":"Boutique","item":"https:\/\/dev6.erresse-shop.it\/shop\/"},{"@type":"ListItem","position":3,"name":"STAUB Cocotte ronde en fonte 22 cm Gris Graphite"}]},{"@type":"WebSite","@id":"https:\/\/dev6.erresse-shop.it\/#website","url":"https:\/\/dev6.erresse-shop.it\/","name":"Erresse Shop","description":"","publisher":{"@id":"https:\/\/dev6.erresse-shop.it\/#organization"},"potentialAction":[{"@type":"SearchAction","target":{"@type":"EntryPoint","urlTemplate":"https:\/\/dev6.erresse-shop.it\/?s={search_term_string}"},"query-input":{"@type":"PropertyValueSpecification","valueRequired":true,"valueName":"search_term_string"}}],"inLanguage":"fr-FR"},{"@type":"Organization","@id":"https:\/\/dev6.erresse-shop.it\/#organization","name":"Erresse Shop","url":"https:\/\/dev6.erresse-shop.it\/","logo":{"@type":"ImageObject","inLanguage":"fr-FR","@id":"https:\/\/dev6.erresse-shop.it\/#\/schema\/logo\/image\/","url":"https:\/\/dev6.erresse-shop.it\/wp-content\/uploads\/2025\/01\/LOGO-ERRESSE-CLASSICO.svg","contentUrl":"https:\/\/dev6.erresse-shop.it\/wp-content\/uploads\/2025\/01\/LOGO-ERRESSE-CLASSICO.svg","caption":"Erresse Shop"},"image":{"@id":"https:\/\/dev6.erresse-shop.it\/#\/schema\/logo\/image\/"}}]}},"df_price":159.9,"df_sale_price":159.9,"df_regular_price":249,"df_image_link":"https:\/\/i3.wp.com\/interpim.erresse-shop.it\/Import\/Prodotti\/staub-cocotte-tonda-ghisa-22-cm-grigio-grafite.jpg?resize=300,300&ssl=1","fifu_image_url":"https:\/\/interpim.erresse-shop.it\/Import\/Prodotti\/staub-cocotte-tonda-ghisa-22-cm-grigio-grafite.jpg","_links":{"self":[{"href":"https:\/\/dev6.erresse-shop.it\/fr\/wp-json\/wp\/v2\/product\/1609337","targetHints":{"allow":["GET"]}}],"collection":[{"href":"https:\/\/dev6.erresse-shop.it\/fr\/wp-json\/wp\/v2\/product"}],"about":[{"href":"https:\/\/dev6.erresse-shop.it\/fr\/wp-json\/wp\/v2\/types\/product"}],"wp:featuredmedia":[{"embeddable":true,"href":"https:\/\/dev6.erresse-shop.it\/fr\/wp-json\/wp\/v2\/media\/6374039"}],"wp:attachment":[{"href":"https:\/\/dev6.erresse-shop.it\/fr\/wp-json\/wp\/v2\/media?parent=1609337"}],"wp:term":[{"taxonomy":"product_cat","embeddable":true,"href":"https:\/\/dev6.erresse-shop.it\/fr\/wp-json\/wp\/v2\/product_cat?post=1609337"},{"taxonomy":"product_tag","embeddable":true,"href":"https:\/\/dev6.erresse-shop.it\/fr\/wp-json\/wp\/v2\/product_tag?post=1609337"}],"curies":[{"name":"wp","href":"https:\/\/api.w.org\/{rel}","templated":true}]}}