{"id":1609271,"date":"2026-04-12T12:40:07","date_gmt":"2026-04-12T10:40:07","guid":{"rendered":"https:\/\/dev6.erresse-shop.it\/shop\/non%20class\u00e9\/staub-cocotte-ronde-en-fonte-22-cm-noir\/"},"modified":"2025-09-14T06:21:55","modified_gmt":"2025-09-14T04:21:55","slug":"staub-cocotte-ronde-en-fonte-22-cm-noir","status":"publish","type":"product","link":"https:\/\/dev6.erresse-shop.it\/fr\/shop\/poeles-pots\/marmites-et-cocottes-poeles-pots\/staub-cocotte-ronde-en-fonte-22-cm-noir\/","title":{"rendered":"STAUB Cocotte ronde en fonte 22 cm Noir"},"content":{"rendered":"<p>Cette cocotte fait partie de la s\u00e9rie La Cocotte et est parfaite pour cuisiner des plats brais\u00e9s et des rago\u00fbts, que vous soyez un d\u00e9butant, un cuisinier amateur exp\u00e9riment\u00e9 ou un grand chef prim\u00e9. Le mat\u00e9riau en fonte facilite une cuisson saine et douce, car il conserve longtemps la chaleur absorb\u00e9e et la r\u00e9partit uniform\u00e9ment plus longtemps. Le rev\u00eatement \u00e9maill\u00e9 noir mat \u00e0 l\u2019int\u00e9rieur de la cocotte accentue cet effet et rehausse la saveur naturelle des plats pr\u00e9par\u00e9s. La particularit\u00e9 de la fonte \u00e9maill\u00e9e est que ses propri\u00e9t\u00e9s s\u2019am\u00e9liorent progressivement avec l\u2019usage. Rien ne vous emp\u00eachera de vivre des sensations gustatives intenses avec cette cocotte noire. Le plat \u00e0 r\u00f4tir rond a un diam\u00e8tre de 22 cm et peut contenir jusqu\u2019\u00e0 2,6 litres, ce qui le rend id\u00e9al pour les portions plus grandes lorsque vous avez des invit\u00e9s, des amis ou de la famille. Comme la fonte met un certain temps \u00e0 se r\u00e9chauffer apr\u00e8s refroidissement, m\u00eame les aliments partiellement congel\u00e9s restent froids. De plus, la fonte est facile \u00e0 nettoyer et tr\u00e8s durable. Il convient \u00e0 une utilisation sur tous types de plaques de cuisson, y compris l\u2019induction. Avec cette cocotte de Staub, vous pourrez pr\u00e9parer de d\u00e9licieux plats brais\u00e9s et rago\u00fbts en un rien de temps.<\/p>\n<p>Id\u00e9al pour sceller et cuire lentement de la viande, du poisson ou des l\u00e9gumes<br \/>\nPour une cuisson juteuse et tendre gr\u00e2ce au couvercle<br \/>\nL\u2019\u00e9mail int\u00e9rieur noir mat est id\u00e9al pour un brunissement particuli\u00e8rement croustillant et est tr\u00e8s r\u00e9sistant<br \/>\nConvient \u00e0 tous les types de plaques de cuisson, y compris \u00e0 induction, peut \u00e9galement \u00eatre plac\u00e9 au four\/grill<\/p>\n<p>Caract\u00e9ristiques du produit\u00a0:<\/p>\n<p>R\u00e9sistance \u00e0 la chaleur : 260 \u00baC<br \/>\nMat\u00e9riau : fonte<br \/>\nRev\u00eatement int\u00e9rieur : \u00e9mail<br \/>\nCouvercle existant\u00a0: oui<br \/>\nInduction\u00a0: Oui<br \/>\nPasse au four\u00a0: Oui<br \/>\nPasse au cong\u00e9lateur\u00a0: Oui<br \/>\nPasse au four\u00a0: Oui<br \/>\nLave-vaisselle : Oui<\/p>\n<p>Dimensions\u00a0:<\/p>\n<p>Poids net : 3,81 kg<br \/>\nCapacit\u00e9 : 2,60 l<br \/>\nLongueur du produit\u00a0: 28,40 cm<br \/>\nLargeur du produit\u00a0: 22,00 cm<br \/>\nHauteur du produit\u00a0: 14,70 cm<br \/>\nHauteur sans couvercle : 9,90 cm<br \/>\nDiam\u00e8tre sup\u00e9rieur : 22,00 cm<br \/>\nDiam\u00e8tre du fond : 17,10 cm<br \/>\nLongueur du manche : 3,00 cm<\/p>\n","protected":false},"excerpt":{"rendered":"<p>Cette cocotte fait partie de la s\u00e9rie La Cocotte et est parfaite pour cuisiner des plats brais\u00e9s et des rago\u00fbts, que vous soyez un d\u00e9butant, un cuisinier amateur exp\u00e9riment\u00e9 ou un grand chef prim\u00e9. Le mat\u00e9riau en fonte facilite une cuisson saine et douce, car il conserve longtemps la chaleur absorb\u00e9e et la r\u00e9partit uniform\u00e9ment [&hellip;]<\/p>\n","protected":false},"featured_media":6373773,"template":"","meta":{"_acf_changed":false},"product_cat":[11668,11992,12000,11991],"product_tag":[],"class_list":{"0":"post-1609271","1":"product","2":"type-product","3":"status-publish","4":"has-post-thumbnail","6":"product_cat-cucina","7":"product_cat-cuisine","8":"product_cat-marmites-et-cocottes-poeles-pots","9":"product_cat-poeles-pots","11":"first","12":"instock","13":"sale","14":"taxable","15":"shipping-taxable","16":"purchasable","17":"product-type-simple","swatches":"rey-swatches","show_selected":"","stretch_labels":"rey-swatches--stretch-labels"},"acf":[],"yoast_head":"<!-- This site is optimized with the Yoast SEO plugin v25.4 - https:\/\/yoast.com\/wordpress\/plugins\/seo\/ -->\n<title>STAUB Cocotte ronde en fonte 22 cm Noir - dev6 Erresse<\/title>\n<meta name=\"description\" content=\"Cette cocotte fait partie de la s\u00e9rie La Cocotte et est parfaite pour cuisiner des plats brais\u00e9s et des rago\u00fbts, que vous soyez un d\u00e9butant, un cuisinier\" \/>\n<meta name=\"robots\" content=\"noindex, follow, max-snippet:-1, max-image-preview:large, max-video-preview:-1\" \/>\n<meta property=\"og:locale\" content=\"fr_FR\" \/>\n<meta property=\"og:type\" content=\"article\" \/>\n<meta property=\"og:title\" content=\"STAUB Cocotte ronde en fonte 22 cm Noir - dev6 Erresse\" \/>\n<meta property=\"og:description\" content=\"Cette cocotte fait partie de la s\u00e9rie La Cocotte et est parfaite pour cuisiner des plats brais\u00e9s et des rago\u00fbts, que vous soyez un d\u00e9butant, un cuisinier\" \/>\n<meta property=\"og:url\" content=\"https:\/\/dev6.erresse-shop.it\/fr\/shop\/poeles-pots\/marmites-et-cocottes-poeles-pots\/staub-cocotte-ronde-en-fonte-22-cm-noir\/\" \/>\n<meta property=\"og:site_name\" content=\"dev6 Erresse\" \/>\n<meta property=\"og:image\" content=\"https:\/\/interpim.erresse-shop.it\/Import\/Prodotti\/staub-cocotte-tonda-ghisa-22cm-nero.jpg\" \/><meta property=\"og:image\" content=\"https:\/\/interpim.erresse-shop.it\/Import\/Prodotti\/staub-cocotte-tonda-ghisa-22cm-nero.jpg\" \/>\n\t<meta property=\"og:image:width\" content=\"1024\" \/>\n\t<meta property=\"og:image:height\" content=\"1024\" \/>\n\t<meta property=\"og:image:type\" content=\"image\/jpeg\" \/>\n<meta name=\"twitter:card\" content=\"summary_large_image\" \/>\n<meta name=\"twitter:image\" content=\"https:\/\/interpim.erresse-shop.it\/Import\/Prodotti\/staub-cocotte-tonda-ghisa-22cm-nero.jpg\" \/>\n<script type=\"application\/ld+json\" class=\"yoast-schema-graph\">{\"@context\":\"https:\/\/schema.org\",\"@graph\":[{\"@type\":\"WebPage\",\"@id\":\"https:\/\/dev6.erresse-shop.it\/fr\/shop\/poeles-pots\/marmites-et-cocottes-poeles-pots\/staub-cocotte-ronde-en-fonte-22-cm-noir\/\",\"url\":\"https:\/\/dev6.erresse-shop.it\/fr\/shop\/poeles-pots\/marmites-et-cocottes-poeles-pots\/staub-cocotte-ronde-en-fonte-22-cm-noir\/\",\"name\":\"STAUB Cocotte ronde en fonte 22 cm Noir - dev6 Erresse\",\"isPartOf\":{\"@id\":\"https:\/\/dev6.erresse-shop.it\/#website\"},\"primaryImageOfPage\":{\"@id\":\"https:\/\/dev6.erresse-shop.it\/fr\/shop\/poeles-pots\/marmites-et-cocottes-poeles-pots\/staub-cocotte-ronde-en-fonte-22-cm-noir\/#primaryimage\"},\"image\":{\"@id\":\"https:\/\/dev6.erresse-shop.it\/fr\/shop\/poeles-pots\/marmites-et-cocottes-poeles-pots\/staub-cocotte-ronde-en-fonte-22-cm-noir\/#primaryimage\"},\"thumbnailUrl\":\"https:\/\/i1.wp.com\/interpim.erresse-shop.it\/Import\/Prodotti\/staub-cocotte-tonda-ghisa-22cm-nero.jpg?ssl=1\",\"datePublished\":\"2026-04-12T10:40:07+00:00\",\"description\":\"Cette cocotte fait partie de la s\u00e9rie La Cocotte et est parfaite pour cuisiner des plats brais\u00e9s et des rago\u00fbts, que vous soyez un d\u00e9butant, un cuisinier\",\"breadcrumb\":{\"@id\":\"https:\/\/dev6.erresse-shop.it\/fr\/shop\/poeles-pots\/marmites-et-cocottes-poeles-pots\/staub-cocotte-ronde-en-fonte-22-cm-noir\/#breadcrumb\"},\"inLanguage\":\"fr-FR\",\"potentialAction\":[{\"@type\":\"ReadAction\",\"target\":[\"https:\/\/dev6.erresse-shop.it\/fr\/shop\/poeles-pots\/marmites-et-cocottes-poeles-pots\/staub-cocotte-ronde-en-fonte-22-cm-noir\/\"]}]},{\"@type\":\"ImageObject\",\"inLanguage\":\"fr-FR\",\"@id\":\"https:\/\/dev6.erresse-shop.it\/fr\/shop\/poeles-pots\/marmites-et-cocottes-poeles-pots\/staub-cocotte-ronde-en-fonte-22-cm-noir\/#primaryimage\",\"url\":\"https:\/\/i1.wp.com\/interpim.erresse-shop.it\/Import\/Prodotti\/staub-cocotte-tonda-ghisa-22cm-nero.jpg?ssl=1\",\"contentUrl\":\"https:\/\/i1.wp.com\/interpim.erresse-shop.it\/Import\/Prodotti\/staub-cocotte-tonda-ghisa-22cm-nero.jpg?ssl=1\"},{\"@type\":\"BreadcrumbList\",\"@id\":\"https:\/\/dev6.erresse-shop.it\/fr\/shop\/poeles-pots\/marmites-et-cocottes-poeles-pots\/staub-cocotte-ronde-en-fonte-22-cm-noir\/#breadcrumb\",\"itemListElement\":[{\"@type\":\"ListItem\",\"position\":1,\"name\":\"Home\",\"item\":\"https:\/\/dev6.erresse-shop.it\/\"},{\"@type\":\"ListItem\",\"position\":2,\"name\":\"Boutique\",\"item\":\"https:\/\/dev6.erresse-shop.it\/shop\/\"},{\"@type\":\"ListItem\",\"position\":3,\"name\":\"STAUB Cocotte ronde en fonte 22 cm Noir\"}]},{\"@type\":\"WebSite\",\"@id\":\"https:\/\/dev6.erresse-shop.it\/#website\",\"url\":\"https:\/\/dev6.erresse-shop.it\/\",\"name\":\"Erresse Shop\",\"description\":\"\",\"publisher\":{\"@id\":\"https:\/\/dev6.erresse-shop.it\/#organization\"},\"potentialAction\":[{\"@type\":\"SearchAction\",\"target\":{\"@type\":\"EntryPoint\",\"urlTemplate\":\"https:\/\/dev6.erresse-shop.it\/?s={search_term_string}\"},\"query-input\":{\"@type\":\"PropertyValueSpecification\",\"valueRequired\":true,\"valueName\":\"search_term_string\"}}],\"inLanguage\":\"fr-FR\"},{\"@type\":\"Organization\",\"@id\":\"https:\/\/dev6.erresse-shop.it\/#organization\",\"name\":\"Erresse Shop\",\"url\":\"https:\/\/dev6.erresse-shop.it\/\",\"logo\":{\"@type\":\"ImageObject\",\"inLanguage\":\"fr-FR\",\"@id\":\"https:\/\/dev6.erresse-shop.it\/#\/schema\/logo\/image\/\",\"url\":\"https:\/\/dev6.erresse-shop.it\/wp-content\/uploads\/2025\/01\/LOGO-ERRESSE-CLASSICO.svg\",\"contentUrl\":\"https:\/\/dev6.erresse-shop.it\/wp-content\/uploads\/2025\/01\/LOGO-ERRESSE-CLASSICO.svg\",\"caption\":\"Erresse Shop\"},\"image\":{\"@id\":\"https:\/\/dev6.erresse-shop.it\/#\/schema\/logo\/image\/\"}}]}<\/script>\n<!-- \/ Yoast SEO plugin. -->","yoast_head_json":{"title":"STAUB Cocotte ronde en fonte 22 cm Noir - dev6 Erresse","description":"Cette cocotte fait partie de la s\u00e9rie La Cocotte et est parfaite pour cuisiner des plats brais\u00e9s et des rago\u00fbts, que vous soyez un d\u00e9butant, un cuisinier","robots":{"index":"noindex","follow":"follow","max-snippet":"max-snippet:-1","max-image-preview":"max-image-preview:large","max-video-preview":"max-video-preview:-1"},"og_locale":"fr_FR","og_type":"article","og_title":"STAUB Cocotte ronde en fonte 22 cm Noir - dev6 Erresse","og_description":"Cette cocotte fait partie de la s\u00e9rie La Cocotte et est parfaite pour cuisiner des plats brais\u00e9s et des rago\u00fbts, que vous soyez un d\u00e9butant, un cuisinier","og_url":"https:\/\/dev6.erresse-shop.it\/fr\/shop\/poeles-pots\/marmites-et-cocottes-poeles-pots\/staub-cocotte-ronde-en-fonte-22-cm-noir\/","og_site_name":"dev6 Erresse","og_image":[{"url":"https:\/\/interpim.erresse-shop.it\/Import\/Prodotti\/staub-cocotte-tonda-ghisa-22cm-nero.jpg","type":"","width":"","height":""},{"url":"https:\/\/interpim.erresse-shop.it\/Import\/Prodotti\/staub-cocotte-tonda-ghisa-22cm-nero.jpg","width":1024,"height":1024,"type":"image\/jpeg"}],"twitter_card":"summary_large_image","twitter_image":"https:\/\/interpim.erresse-shop.it\/Import\/Prodotti\/staub-cocotte-tonda-ghisa-22cm-nero.jpg","schema":{"@context":"https:\/\/schema.org","@graph":[{"@type":"WebPage","@id":"https:\/\/dev6.erresse-shop.it\/fr\/shop\/poeles-pots\/marmites-et-cocottes-poeles-pots\/staub-cocotte-ronde-en-fonte-22-cm-noir\/","url":"https:\/\/dev6.erresse-shop.it\/fr\/shop\/poeles-pots\/marmites-et-cocottes-poeles-pots\/staub-cocotte-ronde-en-fonte-22-cm-noir\/","name":"STAUB Cocotte ronde en fonte 22 cm Noir - dev6 Erresse","isPartOf":{"@id":"https:\/\/dev6.erresse-shop.it\/#website"},"primaryImageOfPage":{"@id":"https:\/\/dev6.erresse-shop.it\/fr\/shop\/poeles-pots\/marmites-et-cocottes-poeles-pots\/staub-cocotte-ronde-en-fonte-22-cm-noir\/#primaryimage"},"image":{"@id":"https:\/\/dev6.erresse-shop.it\/fr\/shop\/poeles-pots\/marmites-et-cocottes-poeles-pots\/staub-cocotte-ronde-en-fonte-22-cm-noir\/#primaryimage"},"thumbnailUrl":"https:\/\/i1.wp.com\/interpim.erresse-shop.it\/Import\/Prodotti\/staub-cocotte-tonda-ghisa-22cm-nero.jpg?ssl=1","datePublished":"2026-04-12T10:40:07+00:00","description":"Cette cocotte fait partie de la s\u00e9rie La Cocotte et est parfaite pour cuisiner des plats brais\u00e9s et des rago\u00fbts, que vous soyez un d\u00e9butant, un cuisinier","breadcrumb":{"@id":"https:\/\/dev6.erresse-shop.it\/fr\/shop\/poeles-pots\/marmites-et-cocottes-poeles-pots\/staub-cocotte-ronde-en-fonte-22-cm-noir\/#breadcrumb"},"inLanguage":"fr-FR","potentialAction":[{"@type":"ReadAction","target":["https:\/\/dev6.erresse-shop.it\/fr\/shop\/poeles-pots\/marmites-et-cocottes-poeles-pots\/staub-cocotte-ronde-en-fonte-22-cm-noir\/"]}]},{"@type":"ImageObject","inLanguage":"fr-FR","@id":"https:\/\/dev6.erresse-shop.it\/fr\/shop\/poeles-pots\/marmites-et-cocottes-poeles-pots\/staub-cocotte-ronde-en-fonte-22-cm-noir\/#primaryimage","url":"https:\/\/i1.wp.com\/interpim.erresse-shop.it\/Import\/Prodotti\/staub-cocotte-tonda-ghisa-22cm-nero.jpg?ssl=1","contentUrl":"https:\/\/i1.wp.com\/interpim.erresse-shop.it\/Import\/Prodotti\/staub-cocotte-tonda-ghisa-22cm-nero.jpg?ssl=1"},{"@type":"BreadcrumbList","@id":"https:\/\/dev6.erresse-shop.it\/fr\/shop\/poeles-pots\/marmites-et-cocottes-poeles-pots\/staub-cocotte-ronde-en-fonte-22-cm-noir\/#breadcrumb","itemListElement":[{"@type":"ListItem","position":1,"name":"Home","item":"https:\/\/dev6.erresse-shop.it\/"},{"@type":"ListItem","position":2,"name":"Boutique","item":"https:\/\/dev6.erresse-shop.it\/shop\/"},{"@type":"ListItem","position":3,"name":"STAUB Cocotte ronde en fonte 22 cm Noir"}]},{"@type":"WebSite","@id":"https:\/\/dev6.erresse-shop.it\/#website","url":"https:\/\/dev6.erresse-shop.it\/","name":"Erresse Shop","description":"","publisher":{"@id":"https:\/\/dev6.erresse-shop.it\/#organization"},"potentialAction":[{"@type":"SearchAction","target":{"@type":"EntryPoint","urlTemplate":"https:\/\/dev6.erresse-shop.it\/?s={search_term_string}"},"query-input":{"@type":"PropertyValueSpecification","valueRequired":true,"valueName":"search_term_string"}}],"inLanguage":"fr-FR"},{"@type":"Organization","@id":"https:\/\/dev6.erresse-shop.it\/#organization","name":"Erresse Shop","url":"https:\/\/dev6.erresse-shop.it\/","logo":{"@type":"ImageObject","inLanguage":"fr-FR","@id":"https:\/\/dev6.erresse-shop.it\/#\/schema\/logo\/image\/","url":"https:\/\/dev6.erresse-shop.it\/wp-content\/uploads\/2025\/01\/LOGO-ERRESSE-CLASSICO.svg","contentUrl":"https:\/\/dev6.erresse-shop.it\/wp-content\/uploads\/2025\/01\/LOGO-ERRESSE-CLASSICO.svg","caption":"Erresse Shop"},"image":{"@id":"https:\/\/dev6.erresse-shop.it\/#\/schema\/logo\/image\/"}}]}},"df_price":159.95,"df_sale_price":159.95,"df_regular_price":249,"df_image_link":"https:\/\/i1.wp.com\/interpim.erresse-shop.it\/Import\/Prodotti\/staub-cocotte-tonda-ghisa-22cm-nero.jpg?resize=300,300&ssl=1","fifu_image_url":"https:\/\/interpim.erresse-shop.it\/Import\/Prodotti\/staub-cocotte-tonda-ghisa-22cm-nero.jpg","_links":{"self":[{"href":"https:\/\/dev6.erresse-shop.it\/fr\/wp-json\/wp\/v2\/product\/1609271","targetHints":{"allow":["GET"]}}],"collection":[{"href":"https:\/\/dev6.erresse-shop.it\/fr\/wp-json\/wp\/v2\/product"}],"about":[{"href":"https:\/\/dev6.erresse-shop.it\/fr\/wp-json\/wp\/v2\/types\/product"}],"wp:featuredmedia":[{"embeddable":true,"href":"https:\/\/dev6.erresse-shop.it\/fr\/wp-json\/wp\/v2\/media\/6373773"}],"wp:attachment":[{"href":"https:\/\/dev6.erresse-shop.it\/fr\/wp-json\/wp\/v2\/media?parent=1609271"}],"wp:term":[{"taxonomy":"product_cat","embeddable":true,"href":"https:\/\/dev6.erresse-shop.it\/fr\/wp-json\/wp\/v2\/product_cat?post=1609271"},{"taxonomy":"product_tag","embeddable":true,"href":"https:\/\/dev6.erresse-shop.it\/fr\/wp-json\/wp\/v2\/product_tag?post=1609271"}],"curies":[{"name":"wp","href":"https:\/\/api.w.org\/{rel}","templated":true}]}}