{"id":1609269,"date":"2026-04-10T13:18:40","date_gmt":"2026-04-10T11:18:40","guid":{"rendered":"https:\/\/dev6.erresse-shop.it\/shop\/non%20class\u00e9\/staub-poele-a-moules-ovale-avec-couvercle-25-cm-noir\/"},"modified":"2025-09-14T06:21:50","modified_gmt":"2025-09-14T04:21:50","slug":"staub-poele-a-moules-ovale-avec-couvercle-25-cm-noir","status":"publish","type":"product","link":"https:\/\/dev6.erresse-shop.it\/fr\/shop\/poeles-pots\/casseroles\/staub-poele-a-moules-ovale-avec-couvercle-25-cm-noir\/","title":{"rendered":"STAUB Po\u00eale \u00e0 moules ovale avec couvercle 25 cm Noir"},"content":{"rendered":"<p>Les plats de moules peuvent \u00eatre d\u00e9gust\u00e9s non seulement en vacances, peut-\u00eatre sur la v\u00e9randa d\u2019un restaurant dans un port breton \u2013 vous pouvez \u00e9galement les pr\u00e9parer facilement \u00e0 la maison. Le plat \u00e0 moules ovale noir Staub est sp\u00e9cialement con\u00e7u pour la pr\u00e9paration de plats \u00e0 base de moules et constitue \u00e9galement un r\u00e9cipient de service attrayant dans lequel pr\u00e9senter deux \u00e0 trois portions de moules. Cette marmite \u00e0 fruits de mer Staub est fabriqu\u00e9e en fonte, un mat\u00e9riau qui garde vos plats de fruits de mer au chaud m\u00eame \u00e0 table. La chaleur est r\u00e9partie uniform\u00e9ment pendant la cuisson. Le pot a un diam\u00e8tre de 25 cm, une largeur de 17,8 cm, une hauteur de 16,9 cm, couvercle compris, et a une capacit\u00e9 de 2 litres. Une grille divise l\u2019espace int\u00e9rieur en deux parties, dont l\u2019une est destin\u00e9e \u00e0 l\u2019ajout d\u2019\u00e9pices et de liquides. La grille en acier inoxydable maintient les moules en place pendant que vous versez le bouillon. Vous pouvez utiliser le couvercle de la marmite pour r\u00e9cup\u00e9rer les coquilles des fruits de mer \u00e0 table. Le moule \u00e0 moules en fonte a la forme typique des moules. Servez \u00e0 vos invit\u00e9s de d\u00e9licieux plats dans une marmite en fonte au style unique con\u00e7ue pour la cuisson des moules.<\/p>\n<p>Un pot id\u00e9al pour les amateurs de moules<br \/>\nPassoire amovible pour verser la sauce<br \/>\nR\u00e9tention prolong\u00e9e de la chaleur<\/p>\n<p>Caract\u00e9ristiques du produit\u00a0:<\/p>\n<p>R\u00e9sistance \u00e0 la chaleur :260 \u00baC<br \/>\nMat\u00e9riau : fonte<br \/>\nRev\u00eatement int\u00e9rieur : \u00e9mail<br \/>\nInduction\u00a0: Oui<br \/>\nPasse au four\u00a0: Oui<br \/>\nPasse au four\u00a0: Oui<br \/>\nLave-vaisselle : Oui<\/p>\n<p>Dimensions\u00a0:<\/p>\n<p>Poids net : 3,25 kg<br \/>\nCapacit\u00e9 : 2,00 l<br \/>\nLongueur du produit\u00a0: 27,70 cm<br \/>\nLargeur du produit\u00a0: 18,00 cm<br \/>\nHauteur du produit\u00a0: 16,90 cm<br \/>\nHauteur sans couvercle : 9,20 cm<br \/>\nDiam\u00e8tre sup\u00e9rieur : 25,00 cm<br \/>\nDiam\u00e8tre du fond : 9,00 cm<\/p>\n","protected":false},"excerpt":{"rendered":"<p>Les plats de moules peuvent \u00eatre d\u00e9gust\u00e9s non seulement en vacances, peut-\u00eatre sur la v\u00e9randa d\u2019un restaurant dans un port breton \u2013 vous pouvez \u00e9galement les pr\u00e9parer facilement \u00e0 la maison. Le plat \u00e0 moules ovale noir Staub est sp\u00e9cialement con\u00e7u pour la pr\u00e9paration de plats \u00e0 base de moules et constitue \u00e9galement un r\u00e9cipient [&hellip;]<\/p>\n","protected":false},"featured_media":6332129,"template":"","meta":{"_acf_changed":false},"product_cat":[12001,11668,11992,11991],"product_tag":[],"class_list":{"0":"post-1609269","1":"product","2":"type-product","3":"status-publish","4":"has-post-thumbnail","6":"product_cat-casseroles","7":"product_cat-cucina","8":"product_cat-cuisine","9":"product_cat-poeles-pots","11":"first","12":"instock","13":"sale","14":"taxable","15":"shipping-taxable","16":"purchasable","17":"product-type-simple","swatches":"rey-swatches","show_selected":"","stretch_labels":"rey-swatches--stretch-labels"},"acf":[],"yoast_head":"<!-- This site is optimized with the Yoast SEO plugin v25.4 - https:\/\/yoast.com\/wordpress\/plugins\/seo\/ -->\n<title>STAUB Po\u00eale \u00e0 moules ovale avec couvercle 25 cm Noir - dev6 Erresse<\/title>\n<meta name=\"description\" content=\"Les plats de moules peuvent \u00eatre d\u00e9gust\u00e9s non seulement en vacances, peut-\u00eatre sur la v\u00e9randa d\u2019un restaurant dans un port breton \u2013 vous pouvez \u00e9galement\" \/>\n<meta name=\"robots\" content=\"noindex, follow, max-snippet:-1, max-image-preview:large, max-video-preview:-1\" \/>\n<meta property=\"og:locale\" content=\"fr_FR\" \/>\n<meta property=\"og:type\" content=\"article\" \/>\n<meta property=\"og:title\" content=\"STAUB Po\u00eale \u00e0 moules ovale avec couvercle 25 cm Noir - dev6 Erresse\" \/>\n<meta property=\"og:description\" content=\"Les plats de moules peuvent \u00eatre d\u00e9gust\u00e9s non seulement en vacances, peut-\u00eatre sur la v\u00e9randa d\u2019un restaurant dans un port breton \u2013 vous pouvez \u00e9galement\" \/>\n<meta property=\"og:url\" content=\"https:\/\/dev6.erresse-shop.it\/fr\/shop\/poeles-pots\/casseroles\/staub-poele-a-moules-ovale-avec-couvercle-25-cm-noir\/\" \/>\n<meta property=\"og:site_name\" content=\"dev6 Erresse\" \/>\n<meta property=\"og:image\" content=\"https:\/\/interpim.erresse-shop.it\/Import\/Prodotti\/staub-cozziera-ovale-con-coperchio-25-cm-nero.jpg\" \/><meta property=\"og:image\" content=\"https:\/\/interpim.erresse-shop.it\/Import\/Prodotti\/staub-cozziera-ovale-con-coperchio-25-cm-nero.jpg\" \/>\n\t<meta property=\"og:image:width\" content=\"1024\" \/>\n\t<meta property=\"og:image:height\" content=\"1024\" \/>\n\t<meta property=\"og:image:type\" content=\"image\/jpeg\" \/>\n<meta name=\"twitter:card\" content=\"summary_large_image\" \/>\n<meta name=\"twitter:image\" content=\"https:\/\/interpim.erresse-shop.it\/Import\/Prodotti\/staub-cozziera-ovale-con-coperchio-25-cm-nero.jpg\" \/>\n<script type=\"application\/ld+json\" class=\"yoast-schema-graph\">{\"@context\":\"https:\/\/schema.org\",\"@graph\":[{\"@type\":\"WebPage\",\"@id\":\"https:\/\/dev6.erresse-shop.it\/fr\/shop\/poeles-pots\/casseroles\/staub-poele-a-moules-ovale-avec-couvercle-25-cm-noir\/\",\"url\":\"https:\/\/dev6.erresse-shop.it\/fr\/shop\/poeles-pots\/casseroles\/staub-poele-a-moules-ovale-avec-couvercle-25-cm-noir\/\",\"name\":\"STAUB Po\u00eale \u00e0 moules ovale avec couvercle 25 cm Noir - dev6 Erresse\",\"isPartOf\":{\"@id\":\"https:\/\/dev6.erresse-shop.it\/#website\"},\"primaryImageOfPage\":{\"@id\":\"https:\/\/dev6.erresse-shop.it\/fr\/shop\/poeles-pots\/casseroles\/staub-poele-a-moules-ovale-avec-couvercle-25-cm-noir\/#primaryimage\"},\"image\":{\"@id\":\"https:\/\/dev6.erresse-shop.it\/fr\/shop\/poeles-pots\/casseroles\/staub-poele-a-moules-ovale-avec-couvercle-25-cm-noir\/#primaryimage\"},\"thumbnailUrl\":\"https:\/\/i0.wp.com\/interpim.erresse-shop.it\/Import\/Prodotti\/staub-cozziera-ovale-con-coperchio-25-cm-nero.jpg?ssl=1\",\"datePublished\":\"2026-04-10T11:18:40+00:00\",\"description\":\"Les plats de moules peuvent \u00eatre d\u00e9gust\u00e9s non seulement en vacances, peut-\u00eatre sur la v\u00e9randa d\u2019un restaurant dans un port breton \u2013 vous pouvez \u00e9galement\",\"breadcrumb\":{\"@id\":\"https:\/\/dev6.erresse-shop.it\/fr\/shop\/poeles-pots\/casseroles\/staub-poele-a-moules-ovale-avec-couvercle-25-cm-noir\/#breadcrumb\"},\"inLanguage\":\"fr-FR\",\"potentialAction\":[{\"@type\":\"ReadAction\",\"target\":[\"https:\/\/dev6.erresse-shop.it\/fr\/shop\/poeles-pots\/casseroles\/staub-poele-a-moules-ovale-avec-couvercle-25-cm-noir\/\"]}]},{\"@type\":\"ImageObject\",\"inLanguage\":\"fr-FR\",\"@id\":\"https:\/\/dev6.erresse-shop.it\/fr\/shop\/poeles-pots\/casseroles\/staub-poele-a-moules-ovale-avec-couvercle-25-cm-noir\/#primaryimage\",\"url\":\"https:\/\/i0.wp.com\/interpim.erresse-shop.it\/Import\/Prodotti\/staub-cozziera-ovale-con-coperchio-25-cm-nero.jpg?ssl=1\",\"contentUrl\":\"https:\/\/i0.wp.com\/interpim.erresse-shop.it\/Import\/Prodotti\/staub-cozziera-ovale-con-coperchio-25-cm-nero.jpg?ssl=1\"},{\"@type\":\"BreadcrumbList\",\"@id\":\"https:\/\/dev6.erresse-shop.it\/fr\/shop\/poeles-pots\/casseroles\/staub-poele-a-moules-ovale-avec-couvercle-25-cm-noir\/#breadcrumb\",\"itemListElement\":[{\"@type\":\"ListItem\",\"position\":1,\"name\":\"Home\",\"item\":\"https:\/\/dev6.erresse-shop.it\/\"},{\"@type\":\"ListItem\",\"position\":2,\"name\":\"Boutique\",\"item\":\"https:\/\/dev6.erresse-shop.it\/shop\/\"},{\"@type\":\"ListItem\",\"position\":3,\"name\":\"STAUB Po\u00eale \u00e0 moules ovale avec couvercle 25 cm Noir\"}]},{\"@type\":\"WebSite\",\"@id\":\"https:\/\/dev6.erresse-shop.it\/#website\",\"url\":\"https:\/\/dev6.erresse-shop.it\/\",\"name\":\"Erresse Shop\",\"description\":\"\",\"publisher\":{\"@id\":\"https:\/\/dev6.erresse-shop.it\/#organization\"},\"potentialAction\":[{\"@type\":\"SearchAction\",\"target\":{\"@type\":\"EntryPoint\",\"urlTemplate\":\"https:\/\/dev6.erresse-shop.it\/?s={search_term_string}\"},\"query-input\":{\"@type\":\"PropertyValueSpecification\",\"valueRequired\":true,\"valueName\":\"search_term_string\"}}],\"inLanguage\":\"fr-FR\"},{\"@type\":\"Organization\",\"@id\":\"https:\/\/dev6.erresse-shop.it\/#organization\",\"name\":\"Erresse Shop\",\"url\":\"https:\/\/dev6.erresse-shop.it\/\",\"logo\":{\"@type\":\"ImageObject\",\"inLanguage\":\"fr-FR\",\"@id\":\"https:\/\/dev6.erresse-shop.it\/#\/schema\/logo\/image\/\",\"url\":\"https:\/\/dev6.erresse-shop.it\/wp-content\/uploads\/2025\/01\/LOGO-ERRESSE-CLASSICO.svg\",\"contentUrl\":\"https:\/\/dev6.erresse-shop.it\/wp-content\/uploads\/2025\/01\/LOGO-ERRESSE-CLASSICO.svg\",\"caption\":\"Erresse Shop\"},\"image\":{\"@id\":\"https:\/\/dev6.erresse-shop.it\/#\/schema\/logo\/image\/\"}}]}<\/script>\n<!-- \/ Yoast SEO plugin. -->","yoast_head_json":{"title":"STAUB Po\u00eale \u00e0 moules ovale avec couvercle 25 cm Noir - dev6 Erresse","description":"Les plats de moules peuvent \u00eatre d\u00e9gust\u00e9s non seulement en vacances, peut-\u00eatre sur la v\u00e9randa d\u2019un restaurant dans un port breton \u2013 vous pouvez \u00e9galement","robots":{"index":"noindex","follow":"follow","max-snippet":"max-snippet:-1","max-image-preview":"max-image-preview:large","max-video-preview":"max-video-preview:-1"},"og_locale":"fr_FR","og_type":"article","og_title":"STAUB Po\u00eale \u00e0 moules ovale avec couvercle 25 cm Noir - dev6 Erresse","og_description":"Les plats de moules peuvent \u00eatre d\u00e9gust\u00e9s non seulement en vacances, peut-\u00eatre sur la v\u00e9randa d\u2019un restaurant dans un port breton \u2013 vous pouvez \u00e9galement","og_url":"https:\/\/dev6.erresse-shop.it\/fr\/shop\/poeles-pots\/casseroles\/staub-poele-a-moules-ovale-avec-couvercle-25-cm-noir\/","og_site_name":"dev6 Erresse","og_image":[{"url":"https:\/\/interpim.erresse-shop.it\/Import\/Prodotti\/staub-cozziera-ovale-con-coperchio-25-cm-nero.jpg","type":"","width":"","height":""},{"url":"https:\/\/interpim.erresse-shop.it\/Import\/Prodotti\/staub-cozziera-ovale-con-coperchio-25-cm-nero.jpg","width":1024,"height":1024,"type":"image\/jpeg"}],"twitter_card":"summary_large_image","twitter_image":"https:\/\/interpim.erresse-shop.it\/Import\/Prodotti\/staub-cozziera-ovale-con-coperchio-25-cm-nero.jpg","schema":{"@context":"https:\/\/schema.org","@graph":[{"@type":"WebPage","@id":"https:\/\/dev6.erresse-shop.it\/fr\/shop\/poeles-pots\/casseroles\/staub-poele-a-moules-ovale-avec-couvercle-25-cm-noir\/","url":"https:\/\/dev6.erresse-shop.it\/fr\/shop\/poeles-pots\/casseroles\/staub-poele-a-moules-ovale-avec-couvercle-25-cm-noir\/","name":"STAUB Po\u00eale \u00e0 moules ovale avec couvercle 25 cm Noir - dev6 Erresse","isPartOf":{"@id":"https:\/\/dev6.erresse-shop.it\/#website"},"primaryImageOfPage":{"@id":"https:\/\/dev6.erresse-shop.it\/fr\/shop\/poeles-pots\/casseroles\/staub-poele-a-moules-ovale-avec-couvercle-25-cm-noir\/#primaryimage"},"image":{"@id":"https:\/\/dev6.erresse-shop.it\/fr\/shop\/poeles-pots\/casseroles\/staub-poele-a-moules-ovale-avec-couvercle-25-cm-noir\/#primaryimage"},"thumbnailUrl":"https:\/\/i0.wp.com\/interpim.erresse-shop.it\/Import\/Prodotti\/staub-cozziera-ovale-con-coperchio-25-cm-nero.jpg?ssl=1","datePublished":"2026-04-10T11:18:40+00:00","description":"Les plats de moules peuvent \u00eatre d\u00e9gust\u00e9s non seulement en vacances, peut-\u00eatre sur la v\u00e9randa d\u2019un restaurant dans un port breton \u2013 vous pouvez \u00e9galement","breadcrumb":{"@id":"https:\/\/dev6.erresse-shop.it\/fr\/shop\/poeles-pots\/casseroles\/staub-poele-a-moules-ovale-avec-couvercle-25-cm-noir\/#breadcrumb"},"inLanguage":"fr-FR","potentialAction":[{"@type":"ReadAction","target":["https:\/\/dev6.erresse-shop.it\/fr\/shop\/poeles-pots\/casseroles\/staub-poele-a-moules-ovale-avec-couvercle-25-cm-noir\/"]}]},{"@type":"ImageObject","inLanguage":"fr-FR","@id":"https:\/\/dev6.erresse-shop.it\/fr\/shop\/poeles-pots\/casseroles\/staub-poele-a-moules-ovale-avec-couvercle-25-cm-noir\/#primaryimage","url":"https:\/\/i0.wp.com\/interpim.erresse-shop.it\/Import\/Prodotti\/staub-cozziera-ovale-con-coperchio-25-cm-nero.jpg?ssl=1","contentUrl":"https:\/\/i0.wp.com\/interpim.erresse-shop.it\/Import\/Prodotti\/staub-cozziera-ovale-con-coperchio-25-cm-nero.jpg?ssl=1"},{"@type":"BreadcrumbList","@id":"https:\/\/dev6.erresse-shop.it\/fr\/shop\/poeles-pots\/casseroles\/staub-poele-a-moules-ovale-avec-couvercle-25-cm-noir\/#breadcrumb","itemListElement":[{"@type":"ListItem","position":1,"name":"Home","item":"https:\/\/dev6.erresse-shop.it\/"},{"@type":"ListItem","position":2,"name":"Boutique","item":"https:\/\/dev6.erresse-shop.it\/shop\/"},{"@type":"ListItem","position":3,"name":"STAUB Po\u00eale \u00e0 moules ovale avec couvercle 25 cm Noir"}]},{"@type":"WebSite","@id":"https:\/\/dev6.erresse-shop.it\/#website","url":"https:\/\/dev6.erresse-shop.it\/","name":"Erresse Shop","description":"","publisher":{"@id":"https:\/\/dev6.erresse-shop.it\/#organization"},"potentialAction":[{"@type":"SearchAction","target":{"@type":"EntryPoint","urlTemplate":"https:\/\/dev6.erresse-shop.it\/?s={search_term_string}"},"query-input":{"@type":"PropertyValueSpecification","valueRequired":true,"valueName":"search_term_string"}}],"inLanguage":"fr-FR"},{"@type":"Organization","@id":"https:\/\/dev6.erresse-shop.it\/#organization","name":"Erresse Shop","url":"https:\/\/dev6.erresse-shop.it\/","logo":{"@type":"ImageObject","inLanguage":"fr-FR","@id":"https:\/\/dev6.erresse-shop.it\/#\/schema\/logo\/image\/","url":"https:\/\/dev6.erresse-shop.it\/wp-content\/uploads\/2025\/01\/LOGO-ERRESSE-CLASSICO.svg","contentUrl":"https:\/\/dev6.erresse-shop.it\/wp-content\/uploads\/2025\/01\/LOGO-ERRESSE-CLASSICO.svg","caption":"Erresse Shop"},"image":{"@id":"https:\/\/dev6.erresse-shop.it\/#\/schema\/logo\/image\/"}}]}},"df_price":119.95,"df_sale_price":119.95,"df_regular_price":179,"df_image_link":"https:\/\/i0.wp.com\/interpim.erresse-shop.it\/Import\/Prodotti\/staub-cozziera-ovale-con-coperchio-25-cm-nero.jpg?resize=300,300&ssl=1","fifu_image_url":"https:\/\/interpim.erresse-shop.it\/Import\/Prodotti\/staub-cozziera-ovale-con-coperchio-25-cm-nero.jpg","_links":{"self":[{"href":"https:\/\/dev6.erresse-shop.it\/fr\/wp-json\/wp\/v2\/product\/1609269","targetHints":{"allow":["GET"]}}],"collection":[{"href":"https:\/\/dev6.erresse-shop.it\/fr\/wp-json\/wp\/v2\/product"}],"about":[{"href":"https:\/\/dev6.erresse-shop.it\/fr\/wp-json\/wp\/v2\/types\/product"}],"wp:featuredmedia":[{"embeddable":true,"href":"https:\/\/dev6.erresse-shop.it\/fr\/wp-json\/wp\/v2\/media\/6332129"}],"wp:attachment":[{"href":"https:\/\/dev6.erresse-shop.it\/fr\/wp-json\/wp\/v2\/media?parent=1609269"}],"wp:term":[{"taxonomy":"product_cat","embeddable":true,"href":"https:\/\/dev6.erresse-shop.it\/fr\/wp-json\/wp\/v2\/product_cat?post=1609269"},{"taxonomy":"product_tag","embeddable":true,"href":"https:\/\/dev6.erresse-shop.it\/fr\/wp-json\/wp\/v2\/product_tag?post=1609269"}],"curies":[{"name":"wp","href":"https:\/\/api.w.org\/{rel}","templated":true}]}}