{"id":1609265,"date":"2026-04-04T12:37:24","date_gmt":"2026-04-04T10:37:24","guid":{"rendered":"https:\/\/dev6.erresse-shop.it\/shop\/non%20class\u00e9\/outdoorchef-chelsea-barbecue-a-gaz-420-g-black\/"},"modified":"2025-12-08T17:51:56","modified_gmt":"2025-12-08T16:51:56","slug":"outdoorchef-chelsea-barbecue-a-gaz-420-g-black","status":"publish","type":"product","link":"https:\/\/dev6.erresse-shop.it\/fr\/shop\/petits-electromenagers\/grilles-et-barbecues\/outdoorchef-chelsea-barbecue-a-gaz-420-g-black\/","title":{"rendered":"Outdoorchef Chelsea Barbecue \u00e0 gaz 420 G Black"},"content":{"rendered":"<p>Compact, puissant, portable<br \/>\nLe barbecue \u00e0 gaz Outdoorchef Chelsea 420G Black est le choix parfait pour ceux qui recherchent un appareil compact sans compromettre la qualit\u00e9 de la cuisson. Gr\u00e2ce \u00e0 son design sph\u00e9rique et \u00e0 sa temp\u00e9rature r\u00e9glable entre 180\u00b0C et 340\u00b0C, il permet de cuire parfaitement des steaks, des hamburgers, du poisson, des l\u00e9gumes et m\u00eame des desserts, du pain et des pizzas.<\/p>\n<p>Montage et d\u00e9montage simples et intuitifs<br \/>\nCe mod\u00e8le est \u00e9quip\u00e9 d\u2019un syst\u00e8me de montage pratique pour le tr\u00e9pied, permettant un montage et un d\u00e9montage rapides et sans tracas. Parfait pour ceux qui aiment la praticit\u00e9, il peut \u00eatre facilement transport\u00e9 et rang\u00e9, ce qui le rend id\u00e9al pour les balcons, terrasses et petits jardins.<\/p>\n<p>Mat\u00e9riaux de haute qualit\u00e9 pour une longue dur\u00e9e de vie<br \/>\nFabriqu\u00e9 en porcelaine r\u00e9sistante, le Chelsea 420G Black est con\u00e7u pour durer dans le temps. La qualit\u00e9 des mat\u00e9riaux et la robustesse de la fabrication garantissent une exp\u00e9rience de cuisson toujours excellente, avec un br\u00fbleur de 4,3 kW assurant une r\u00e9partition uniforme de la chaleur.<\/p>\n<p>Nettoyage facile avec le syst\u00e8me \u00e0 entonnoir<br \/>\nGr\u00e2ce au syst\u00e8me pratique \u00e0 entonnoir, le nettoyage devient une op\u00e9ration simple et rapide. Ce syst\u00e8me innovant \u00e9vite l\u2019accumulation de graisse et facilite l\u2019entretien, vous permettant de vous concentrer uniquement sur le plaisir de la cuisson.<\/p>\n<p>Design compact et fonctionnel<br \/>\nAvec un diam\u00e8tre de grille de 39,5 cm et un poids de seulement 9,5 kg, le Chelsea 420G Black est facile \u00e0 transporter et parfait pour ceux qui recherchent un barbecue pratique et performant. Ses dimensions compactes le rendent id\u00e9al pour ceux qui souhaitent une exp\u00e9rience de cuisson professionnelle, m\u00eame dans des espaces r\u00e9duits.<\/p>\n<p>Caract\u00e9ristiques techniques<\/p>\n<p>180-340 \u00b0C pour des steaks tendres, des hamburgers juteux, du poisson d\u00e9licat, des l\u00e9gumes savoureux et m\u00eame des desserts, du pain et des pizzas<br \/>\nMontage et d\u00e9montage rapides gr\u00e2ce au syst\u00e8me pratique de montage du tr\u00e9pied<br \/>\nNettoyage facile et rapide gr\u00e2ce au syst\u00e8me pratique \u00e0 entonnoir<br \/>\nMat\u00e9riaux de haute qualit\u00e9, fabrication robuste<\/p>\n<p>Dimensions :<\/p>\n<p>Largeur : 63 cm<br \/>\nHauteur : 94 cm<br \/>\nProfondeur : 67 cm<\/p>\n","protected":false},"excerpt":{"rendered":"<p>Compact, puissant, portable Le barbecue \u00e0 gaz Outdoorchef Chelsea 420G Black est le choix parfait pour ceux qui recherchent un appareil compact sans compromettre la qualit\u00e9 de la cuisson. Gr\u00e2ce \u00e0 son design sph\u00e9rique et \u00e0 sa temp\u00e9rature r\u00e9glable entre 180\u00b0C et 340\u00b0C, il permet de cuire parfaitement des steaks, des hamburgers, du poisson, des [&hellip;]<\/p>\n","protected":false},"featured_media":6290480,"template":"","meta":{"_acf_changed":false},"product_cat":[12087,12055],"product_tag":[],"class_list":{"0":"post-1609265","1":"product","2":"type-product","3":"status-publish","4":"has-post-thumbnail","6":"product_cat-grilles-et-barbecues","7":"product_cat-petits-electromenagers","9":"first","10":"instock","11":"sale","12":"taxable","13":"shipping-taxable","14":"purchasable","15":"product-type-simple","swatches":"rey-swatches","show_selected":"","stretch_labels":"rey-swatches--stretch-labels"},"acf":[],"yoast_head":"<!-- This site is optimized with the Yoast SEO plugin v25.4 - https:\/\/yoast.com\/wordpress\/plugins\/seo\/ -->\n<title>Outdoorchef Chelsea Barbecue \u00e0 gaz 420 G Black - dev6 Erresse<\/title>\n<meta name=\"description\" content=\"Compact, puissant, portable Le barbecue \u00e0 gaz Outdoorchef Chelsea 420G Black est le choix parfait pour ceux qui recherchent un appareil compact sans\" \/>\n<meta name=\"robots\" content=\"noindex, follow, max-snippet:-1, max-image-preview:large, max-video-preview:-1\" \/>\n<meta property=\"og:locale\" content=\"fr_FR\" \/>\n<meta property=\"og:type\" content=\"article\" \/>\n<meta property=\"og:title\" content=\"Outdoorchef Chelsea Barbecue \u00e0 gaz 420 G Black - dev6 Erresse\" \/>\n<meta property=\"og:description\" content=\"Compact, puissant, portable Le barbecue \u00e0 gaz Outdoorchef Chelsea 420G Black est le choix parfait pour ceux qui recherchent un appareil compact sans\" \/>\n<meta property=\"og:url\" content=\"https:\/\/dev6.erresse-shop.it\/fr\/shop\/petits-electromenagers\/grilles-et-barbecues\/outdoorchef-chelsea-barbecue-a-gaz-420-g-black\/\" \/>\n<meta property=\"og:site_name\" content=\"dev6 Erresse\" \/>\n<meta property=\"og:image\" content=\"https:\/\/interpim.erresse-shop.it\/Import\/Prodotti\/outdoorchef-chelsea-barbecue-a-gas-420-g-black.jpg\" \/><meta property=\"og:image\" content=\"https:\/\/interpim.erresse-shop.it\/Import\/Prodotti\/outdoorchef-chelsea-barbecue-a-gas-420-g-black.jpg\" \/>\n\t<meta property=\"og:image:width\" content=\"1024\" \/>\n\t<meta property=\"og:image:height\" content=\"1024\" \/>\n\t<meta property=\"og:image:type\" content=\"image\/jpeg\" \/>\n<meta name=\"twitter:card\" content=\"summary_large_image\" \/>\n<meta name=\"twitter:image\" content=\"https:\/\/interpim.erresse-shop.it\/Import\/Prodotti\/outdoorchef-chelsea-barbecue-a-gas-420-g-black.jpg\" \/>\n<script type=\"application\/ld+json\" class=\"yoast-schema-graph\">{\"@context\":\"https:\/\/schema.org\",\"@graph\":[{\"@type\":\"WebPage\",\"@id\":\"https:\/\/dev6.erresse-shop.it\/fr\/shop\/petits-electromenagers\/grilles-et-barbecues\/outdoorchef-chelsea-barbecue-a-gaz-420-g-black\/\",\"url\":\"https:\/\/dev6.erresse-shop.it\/fr\/shop\/petits-electromenagers\/grilles-et-barbecues\/outdoorchef-chelsea-barbecue-a-gaz-420-g-black\/\",\"name\":\"Outdoorchef Chelsea Barbecue \u00e0 gaz 420 G Black - dev6 Erresse\",\"isPartOf\":{\"@id\":\"https:\/\/dev6.erresse-shop.it\/#website\"},\"primaryImageOfPage\":{\"@id\":\"https:\/\/dev6.erresse-shop.it\/fr\/shop\/petits-electromenagers\/grilles-et-barbecues\/outdoorchef-chelsea-barbecue-a-gaz-420-g-black\/#primaryimage\"},\"image\":{\"@id\":\"https:\/\/dev6.erresse-shop.it\/fr\/shop\/petits-electromenagers\/grilles-et-barbecues\/outdoorchef-chelsea-barbecue-a-gaz-420-g-black\/#primaryimage\"},\"thumbnailUrl\":\"https:\/\/i3.wp.com\/interpim.erresse-shop.it\/Import\/Prodotti\/outdoorchef-chelsea-barbecue-a-gas-420-g-black.jpg?ssl=1\",\"datePublished\":\"2026-04-04T10:37:24+00:00\",\"description\":\"Compact, puissant, portable Le barbecue \u00e0 gaz Outdoorchef Chelsea 420G Black est le choix parfait pour ceux qui recherchent un appareil compact sans\",\"breadcrumb\":{\"@id\":\"https:\/\/dev6.erresse-shop.it\/fr\/shop\/petits-electromenagers\/grilles-et-barbecues\/outdoorchef-chelsea-barbecue-a-gaz-420-g-black\/#breadcrumb\"},\"inLanguage\":\"fr-FR\",\"potentialAction\":[{\"@type\":\"ReadAction\",\"target\":[\"https:\/\/dev6.erresse-shop.it\/fr\/shop\/petits-electromenagers\/grilles-et-barbecues\/outdoorchef-chelsea-barbecue-a-gaz-420-g-black\/\"]}]},{\"@type\":\"ImageObject\",\"inLanguage\":\"fr-FR\",\"@id\":\"https:\/\/dev6.erresse-shop.it\/fr\/shop\/petits-electromenagers\/grilles-et-barbecues\/outdoorchef-chelsea-barbecue-a-gaz-420-g-black\/#primaryimage\",\"url\":\"https:\/\/i3.wp.com\/interpim.erresse-shop.it\/Import\/Prodotti\/outdoorchef-chelsea-barbecue-a-gas-420-g-black.jpg?ssl=1\",\"contentUrl\":\"https:\/\/i3.wp.com\/interpim.erresse-shop.it\/Import\/Prodotti\/outdoorchef-chelsea-barbecue-a-gas-420-g-black.jpg?ssl=1\"},{\"@type\":\"BreadcrumbList\",\"@id\":\"https:\/\/dev6.erresse-shop.it\/fr\/shop\/petits-electromenagers\/grilles-et-barbecues\/outdoorchef-chelsea-barbecue-a-gaz-420-g-black\/#breadcrumb\",\"itemListElement\":[{\"@type\":\"ListItem\",\"position\":1,\"name\":\"Home\",\"item\":\"https:\/\/dev6.erresse-shop.it\/\"},{\"@type\":\"ListItem\",\"position\":2,\"name\":\"Boutique\",\"item\":\"https:\/\/dev6.erresse-shop.it\/shop\/\"},{\"@type\":\"ListItem\",\"position\":3,\"name\":\"Outdoorchef Chelsea Barbecue \u00e0 gaz 420 G Black\"}]},{\"@type\":\"WebSite\",\"@id\":\"https:\/\/dev6.erresse-shop.it\/#website\",\"url\":\"https:\/\/dev6.erresse-shop.it\/\",\"name\":\"Erresse Shop\",\"description\":\"\",\"publisher\":{\"@id\":\"https:\/\/dev6.erresse-shop.it\/#organization\"},\"potentialAction\":[{\"@type\":\"SearchAction\",\"target\":{\"@type\":\"EntryPoint\",\"urlTemplate\":\"https:\/\/dev6.erresse-shop.it\/?s={search_term_string}\"},\"query-input\":{\"@type\":\"PropertyValueSpecification\",\"valueRequired\":true,\"valueName\":\"search_term_string\"}}],\"inLanguage\":\"fr-FR\"},{\"@type\":\"Organization\",\"@id\":\"https:\/\/dev6.erresse-shop.it\/#organization\",\"name\":\"Erresse Shop\",\"url\":\"https:\/\/dev6.erresse-shop.it\/\",\"logo\":{\"@type\":\"ImageObject\",\"inLanguage\":\"fr-FR\",\"@id\":\"https:\/\/dev6.erresse-shop.it\/#\/schema\/logo\/image\/\",\"url\":\"https:\/\/dev6.erresse-shop.it\/wp-content\/uploads\/2025\/01\/LOGO-ERRESSE-CLASSICO.svg\",\"contentUrl\":\"https:\/\/dev6.erresse-shop.it\/wp-content\/uploads\/2025\/01\/LOGO-ERRESSE-CLASSICO.svg\",\"caption\":\"Erresse Shop\"},\"image\":{\"@id\":\"https:\/\/dev6.erresse-shop.it\/#\/schema\/logo\/image\/\"}}]}<\/script>\n<!-- \/ Yoast SEO plugin. -->","yoast_head_json":{"title":"Outdoorchef Chelsea Barbecue \u00e0 gaz 420 G Black - dev6 Erresse","description":"Compact, puissant, portable Le barbecue \u00e0 gaz Outdoorchef Chelsea 420G Black est le choix parfait pour ceux qui recherchent un appareil compact sans","robots":{"index":"noindex","follow":"follow","max-snippet":"max-snippet:-1","max-image-preview":"max-image-preview:large","max-video-preview":"max-video-preview:-1"},"og_locale":"fr_FR","og_type":"article","og_title":"Outdoorchef Chelsea Barbecue \u00e0 gaz 420 G Black - dev6 Erresse","og_description":"Compact, puissant, portable Le barbecue \u00e0 gaz Outdoorchef Chelsea 420G Black est le choix parfait pour ceux qui recherchent un appareil compact sans","og_url":"https:\/\/dev6.erresse-shop.it\/fr\/shop\/petits-electromenagers\/grilles-et-barbecues\/outdoorchef-chelsea-barbecue-a-gaz-420-g-black\/","og_site_name":"dev6 Erresse","og_image":[{"url":"https:\/\/interpim.erresse-shop.it\/Import\/Prodotti\/outdoorchef-chelsea-barbecue-a-gas-420-g-black.jpg","type":"","width":"","height":""},{"url":"https:\/\/interpim.erresse-shop.it\/Import\/Prodotti\/outdoorchef-chelsea-barbecue-a-gas-420-g-black.jpg","width":1024,"height":1024,"type":"image\/jpeg"}],"twitter_card":"summary_large_image","twitter_image":"https:\/\/interpim.erresse-shop.it\/Import\/Prodotti\/outdoorchef-chelsea-barbecue-a-gas-420-g-black.jpg","schema":{"@context":"https:\/\/schema.org","@graph":[{"@type":"WebPage","@id":"https:\/\/dev6.erresse-shop.it\/fr\/shop\/petits-electromenagers\/grilles-et-barbecues\/outdoorchef-chelsea-barbecue-a-gaz-420-g-black\/","url":"https:\/\/dev6.erresse-shop.it\/fr\/shop\/petits-electromenagers\/grilles-et-barbecues\/outdoorchef-chelsea-barbecue-a-gaz-420-g-black\/","name":"Outdoorchef Chelsea Barbecue \u00e0 gaz 420 G Black - dev6 Erresse","isPartOf":{"@id":"https:\/\/dev6.erresse-shop.it\/#website"},"primaryImageOfPage":{"@id":"https:\/\/dev6.erresse-shop.it\/fr\/shop\/petits-electromenagers\/grilles-et-barbecues\/outdoorchef-chelsea-barbecue-a-gaz-420-g-black\/#primaryimage"},"image":{"@id":"https:\/\/dev6.erresse-shop.it\/fr\/shop\/petits-electromenagers\/grilles-et-barbecues\/outdoorchef-chelsea-barbecue-a-gaz-420-g-black\/#primaryimage"},"thumbnailUrl":"https:\/\/i3.wp.com\/interpim.erresse-shop.it\/Import\/Prodotti\/outdoorchef-chelsea-barbecue-a-gas-420-g-black.jpg?ssl=1","datePublished":"2026-04-04T10:37:24+00:00","description":"Compact, puissant, portable Le barbecue \u00e0 gaz Outdoorchef Chelsea 420G Black est le choix parfait pour ceux qui recherchent un appareil compact sans","breadcrumb":{"@id":"https:\/\/dev6.erresse-shop.it\/fr\/shop\/petits-electromenagers\/grilles-et-barbecues\/outdoorchef-chelsea-barbecue-a-gaz-420-g-black\/#breadcrumb"},"inLanguage":"fr-FR","potentialAction":[{"@type":"ReadAction","target":["https:\/\/dev6.erresse-shop.it\/fr\/shop\/petits-electromenagers\/grilles-et-barbecues\/outdoorchef-chelsea-barbecue-a-gaz-420-g-black\/"]}]},{"@type":"ImageObject","inLanguage":"fr-FR","@id":"https:\/\/dev6.erresse-shop.it\/fr\/shop\/petits-electromenagers\/grilles-et-barbecues\/outdoorchef-chelsea-barbecue-a-gaz-420-g-black\/#primaryimage","url":"https:\/\/i3.wp.com\/interpim.erresse-shop.it\/Import\/Prodotti\/outdoorchef-chelsea-barbecue-a-gas-420-g-black.jpg?ssl=1","contentUrl":"https:\/\/i3.wp.com\/interpim.erresse-shop.it\/Import\/Prodotti\/outdoorchef-chelsea-barbecue-a-gas-420-g-black.jpg?ssl=1"},{"@type":"BreadcrumbList","@id":"https:\/\/dev6.erresse-shop.it\/fr\/shop\/petits-electromenagers\/grilles-et-barbecues\/outdoorchef-chelsea-barbecue-a-gaz-420-g-black\/#breadcrumb","itemListElement":[{"@type":"ListItem","position":1,"name":"Home","item":"https:\/\/dev6.erresse-shop.it\/"},{"@type":"ListItem","position":2,"name":"Boutique","item":"https:\/\/dev6.erresse-shop.it\/shop\/"},{"@type":"ListItem","position":3,"name":"Outdoorchef Chelsea Barbecue \u00e0 gaz 420 G Black"}]},{"@type":"WebSite","@id":"https:\/\/dev6.erresse-shop.it\/#website","url":"https:\/\/dev6.erresse-shop.it\/","name":"Erresse Shop","description":"","publisher":{"@id":"https:\/\/dev6.erresse-shop.it\/#organization"},"potentialAction":[{"@type":"SearchAction","target":{"@type":"EntryPoint","urlTemplate":"https:\/\/dev6.erresse-shop.it\/?s={search_term_string}"},"query-input":{"@type":"PropertyValueSpecification","valueRequired":true,"valueName":"search_term_string"}}],"inLanguage":"fr-FR"},{"@type":"Organization","@id":"https:\/\/dev6.erresse-shop.it\/#organization","name":"Erresse Shop","url":"https:\/\/dev6.erresse-shop.it\/","logo":{"@type":"ImageObject","inLanguage":"fr-FR","@id":"https:\/\/dev6.erresse-shop.it\/#\/schema\/logo\/image\/","url":"https:\/\/dev6.erresse-shop.it\/wp-content\/uploads\/2025\/01\/LOGO-ERRESSE-CLASSICO.svg","contentUrl":"https:\/\/dev6.erresse-shop.it\/wp-content\/uploads\/2025\/01\/LOGO-ERRESSE-CLASSICO.svg","caption":"Erresse Shop"},"image":{"@id":"https:\/\/dev6.erresse-shop.it\/#\/schema\/logo\/image\/"}}]}},"df_price":299.95,"df_sale_price":299.95,"df_regular_price":349,"df_image_link":"https:\/\/i3.wp.com\/interpim.erresse-shop.it\/Import\/Prodotti\/outdoorchef-chelsea-barbecue-a-gas-420-g-black.jpg?resize=300,300&ssl=1","fifu_image_url":"https:\/\/interpim.erresse-shop.it\/Import\/Prodotti\/outdoorchef-chelsea-barbecue-a-gas-420-g-black.jpg","_links":{"self":[{"href":"https:\/\/dev6.erresse-shop.it\/fr\/wp-json\/wp\/v2\/product\/1609265","targetHints":{"allow":["GET"]}}],"collection":[{"href":"https:\/\/dev6.erresse-shop.it\/fr\/wp-json\/wp\/v2\/product"}],"about":[{"href":"https:\/\/dev6.erresse-shop.it\/fr\/wp-json\/wp\/v2\/types\/product"}],"wp:featuredmedia":[{"embeddable":true,"href":"https:\/\/dev6.erresse-shop.it\/fr\/wp-json\/wp\/v2\/media\/6290480"}],"wp:attachment":[{"href":"https:\/\/dev6.erresse-shop.it\/fr\/wp-json\/wp\/v2\/media?parent=1609265"}],"wp:term":[{"taxonomy":"product_cat","embeddable":true,"href":"https:\/\/dev6.erresse-shop.it\/fr\/wp-json\/wp\/v2\/product_cat?post=1609265"},{"taxonomy":"product_tag","embeddable":true,"href":"https:\/\/dev6.erresse-shop.it\/fr\/wp-json\/wp\/v2\/product_tag?post=1609265"}],"curies":[{"name":"wp","href":"https:\/\/api.w.org\/{rel}","templated":true}]}}