{"id":1609263,"date":"2026-04-04T12:37:24","date_gmt":"2026-04-04T10:37:24","guid":{"rendered":"https:\/\/dev6.erresse-shop.it\/shop\/non%20class\u00e9\/outdoorchef-ambri-barbecue-a-gaz-480-g-evo\/"},"modified":"2025-12-08T17:51:54","modified_gmt":"2025-12-08T16:51:54","slug":"outdoorchef-ambri-barbecue-a-gaz-480-g-evo","status":"publish","type":"product","link":"https:\/\/dev6.erresse-shop.it\/fr\/shop\/petits-electromenagers\/grilles-et-barbecues\/outdoorchef-ambri-barbecue-a-gaz-480-g-evo\/","title":{"rendered":"Outdoorchef Ambri Barbecue \u00e0 gaz 480 G Evo"},"content":{"rendered":"<p>Le design iconique et r\u00e9volutionnaire sph\u00e9rique revisit\u00e9<\/p>\n<p>Le barbecue \u00e0 gaz Outdoorchef Ambri 480 G Evo est la solution parfaite pour ceux qui recherchent un appareil puissant et pratique. Avec une temp\u00e9rature r\u00e9glable entre 180\u00b0C et 340\u00b0C, il permet de cuire facilement des steaks juteux, des hamburgers, du poisson, des l\u00e9gumes et m\u00eame des desserts, du pain et des pizzas.<\/p>\n<p>Design intelligent avec espace suppl\u00e9mentaire<\/p>\n<p>Gr\u00e2ce \u00e0 sa grande surface de travail, l\u2019Ambri 480 G Evo offre suffisamment d\u2019espace pour deux plats, rendant la pr\u00e9paration des aliments plus pratique. De plus, il peut \u00eatre \u00e9tendu avec un kit de support pratique pour ranger la pierre \u00e0 pizza, la grille et la bouteille de gaz, gardant tout en ordre.<\/p>\n<p>Mat\u00e9riaux de haute qualit\u00e9 pour une longue dur\u00e9e de vie<\/p>\n<p>Fabriqu\u00e9 avec une combinaison d\u2019acier inoxydable et de porcelaine, ce barbecue garantit r\u00e9sistance et durabilit\u00e9 au fil du temps. Sa fabrication robuste assure une excellente stabilit\u00e9 et une r\u00e9partition uniforme de la chaleur gr\u00e2ce \u00e0 son puissant br\u00fbleur de 5,8 kW.<\/p>\n<p>Syst\u00e8me \u00e0 entonnoir pour un nettoyage sans tracas<\/p>\n<p>Le syst\u00e8me \u00e0 entonnoir pratique facilite le nettoyage et pr\u00e9vient la formation de graisses, \u00e9vitant ainsi la fum\u00e9e et les flammes ind\u00e9sirables. Ce m\u00e9canisme innovant garantit un entretien facile et une cuisson toujours optimale.<\/p>\n<p>Compact mais spacieux<\/p>\n<p>Avec une grille de 54 cm de diam\u00e8tre et un poids de seulement 19,2 kg, l\u2019Ambri 480 G Evo est facile \u00e0 positionner et \u00e0 d\u00e9placer. Parfait pour les jardins, les terrasses et les balcons, il offre tout le n\u00e9cessaire pour un barbecue parfait avec une grande praticit\u00e9.<\/p>\n<p>Caract\u00e9ristiques techniques<\/p>\n<p>180-340 \u00b0C pour des steaks tendres, des hamburgers juteux, du poisson d\u00e9licat, des l\u00e9gumes savoureux et m\u00eame des desserts, du pain et des pizzas<br \/>\nExtensible au choix avec un kit de support pour ranger facilement la pierre \u00e0 pizza, la grille et la bouteille de gaz<br \/>\nNettoyage facile et rapide gr\u00e2ce au syst\u00e8me \u00e0 entonnoir pratique<br \/>\nHaute qualit\u00e9 des mat\u00e9riaux, fabrication robuste<br \/>\nGrande surface de travail avec espace pour deux plats<\/p>\n<p>Dimensions :<\/p>\n<p>Largeur : 57 cm<br \/>\nHauteur : 100 cm<br \/>\nProfondeur : 83 cm<\/p>\n","protected":false},"excerpt":{"rendered":"<p>Le design iconique et r\u00e9volutionnaire sph\u00e9rique revisit\u00e9 Le barbecue \u00e0 gaz Outdoorchef Ambri 480 G Evo est la solution parfaite pour ceux qui recherchent un appareil puissant et pratique. Avec une temp\u00e9rature r\u00e9glable entre 180\u00b0C et 340\u00b0C, il permet de cuire facilement des steaks juteux, des hamburgers, du poisson, des l\u00e9gumes et m\u00eame des desserts, [&hellip;]<\/p>\n","protected":false},"featured_media":6290471,"template":"","meta":{"_acf_changed":false},"product_cat":[12087,12055],"product_tag":[],"class_list":{"0":"post-1609263","1":"product","2":"type-product","3":"status-publish","4":"has-post-thumbnail","6":"product_cat-grilles-et-barbecues","7":"product_cat-petits-electromenagers","9":"first","10":"instock","11":"sale","12":"taxable","13":"shipping-taxable","14":"purchasable","15":"product-type-simple","swatches":"rey-swatches","show_selected":"","stretch_labels":"rey-swatches--stretch-labels"},"acf":[],"yoast_head":"<!-- This site is optimized with the Yoast SEO plugin v25.4 - https:\/\/yoast.com\/wordpress\/plugins\/seo\/ -->\n<title>Outdoorchef Ambri Barbecue \u00e0 gaz 480 G Evo - dev6 Erresse<\/title>\n<meta name=\"description\" content=\"Le design iconique et r\u00e9volutionnaire sph\u00e9rique revisit\u00e9 Le barbecue \u00e0 gaz Outdoorchef Ambri 480 G Evo est la solution parfaite pour ceux qui recherchent\" \/>\n<meta name=\"robots\" content=\"noindex, follow, max-snippet:-1, max-image-preview:large, max-video-preview:-1\" \/>\n<meta property=\"og:locale\" content=\"fr_FR\" \/>\n<meta property=\"og:type\" content=\"article\" \/>\n<meta property=\"og:title\" content=\"Outdoorchef Ambri Barbecue \u00e0 gaz 480 G Evo - dev6 Erresse\" \/>\n<meta property=\"og:description\" content=\"Le design iconique et r\u00e9volutionnaire sph\u00e9rique revisit\u00e9 Le barbecue \u00e0 gaz Outdoorchef Ambri 480 G Evo est la solution parfaite pour ceux qui recherchent\" \/>\n<meta property=\"og:url\" content=\"https:\/\/dev6.erresse-shop.it\/fr\/shop\/petits-electromenagers\/grilles-et-barbecues\/outdoorchef-ambri-barbecue-a-gaz-480-g-evo\/\" \/>\n<meta property=\"og:site_name\" content=\"dev6 Erresse\" \/>\n<meta property=\"og:image\" content=\"https:\/\/interpim.erresse-shop.it\/Import\/Prodotti\/outdoorchef-ambri-barbecue-a-gas-480-g-evo.jpg\" \/><meta property=\"og:image\" content=\"https:\/\/interpim.erresse-shop.it\/Import\/Prodotti\/outdoorchef-ambri-barbecue-a-gas-480-g-evo.jpg\" \/>\n\t<meta property=\"og:image:width\" content=\"1024\" \/>\n\t<meta property=\"og:image:height\" content=\"1024\" \/>\n\t<meta property=\"og:image:type\" content=\"image\/jpeg\" \/>\n<meta name=\"twitter:card\" content=\"summary_large_image\" \/>\n<meta name=\"twitter:image\" content=\"https:\/\/interpim.erresse-shop.it\/Import\/Prodotti\/outdoorchef-ambri-barbecue-a-gas-480-g-evo.jpg\" \/>\n<script type=\"application\/ld+json\" class=\"yoast-schema-graph\">{\"@context\":\"https:\/\/schema.org\",\"@graph\":[{\"@type\":\"WebPage\",\"@id\":\"https:\/\/dev6.erresse-shop.it\/fr\/shop\/petits-electromenagers\/grilles-et-barbecues\/outdoorchef-ambri-barbecue-a-gaz-480-g-evo\/\",\"url\":\"https:\/\/dev6.erresse-shop.it\/fr\/shop\/petits-electromenagers\/grilles-et-barbecues\/outdoorchef-ambri-barbecue-a-gaz-480-g-evo\/\",\"name\":\"Outdoorchef Ambri Barbecue \u00e0 gaz 480 G Evo - dev6 Erresse\",\"isPartOf\":{\"@id\":\"https:\/\/dev6.erresse-shop.it\/#website\"},\"primaryImageOfPage\":{\"@id\":\"https:\/\/dev6.erresse-shop.it\/fr\/shop\/petits-electromenagers\/grilles-et-barbecues\/outdoorchef-ambri-barbecue-a-gaz-480-g-evo\/#primaryimage\"},\"image\":{\"@id\":\"https:\/\/dev6.erresse-shop.it\/fr\/shop\/petits-electromenagers\/grilles-et-barbecues\/outdoorchef-ambri-barbecue-a-gaz-480-g-evo\/#primaryimage\"},\"thumbnailUrl\":\"https:\/\/i3.wp.com\/interpim.erresse-shop.it\/Import\/Prodotti\/outdoorchef-ambri-barbecue-a-gas-480-g-evo.jpg?ssl=1\",\"datePublished\":\"2026-04-04T10:37:24+00:00\",\"description\":\"Le design iconique et r\u00e9volutionnaire sph\u00e9rique revisit\u00e9 Le barbecue \u00e0 gaz Outdoorchef Ambri 480 G Evo est la solution parfaite pour ceux qui recherchent\",\"breadcrumb\":{\"@id\":\"https:\/\/dev6.erresse-shop.it\/fr\/shop\/petits-electromenagers\/grilles-et-barbecues\/outdoorchef-ambri-barbecue-a-gaz-480-g-evo\/#breadcrumb\"},\"inLanguage\":\"fr-FR\",\"potentialAction\":[{\"@type\":\"ReadAction\",\"target\":[\"https:\/\/dev6.erresse-shop.it\/fr\/shop\/petits-electromenagers\/grilles-et-barbecues\/outdoorchef-ambri-barbecue-a-gaz-480-g-evo\/\"]}]},{\"@type\":\"ImageObject\",\"inLanguage\":\"fr-FR\",\"@id\":\"https:\/\/dev6.erresse-shop.it\/fr\/shop\/petits-electromenagers\/grilles-et-barbecues\/outdoorchef-ambri-barbecue-a-gaz-480-g-evo\/#primaryimage\",\"url\":\"https:\/\/i3.wp.com\/interpim.erresse-shop.it\/Import\/Prodotti\/outdoorchef-ambri-barbecue-a-gas-480-g-evo.jpg?ssl=1\",\"contentUrl\":\"https:\/\/i3.wp.com\/interpim.erresse-shop.it\/Import\/Prodotti\/outdoorchef-ambri-barbecue-a-gas-480-g-evo.jpg?ssl=1\"},{\"@type\":\"BreadcrumbList\",\"@id\":\"https:\/\/dev6.erresse-shop.it\/fr\/shop\/petits-electromenagers\/grilles-et-barbecues\/outdoorchef-ambri-barbecue-a-gaz-480-g-evo\/#breadcrumb\",\"itemListElement\":[{\"@type\":\"ListItem\",\"position\":1,\"name\":\"Home\",\"item\":\"https:\/\/dev6.erresse-shop.it\/\"},{\"@type\":\"ListItem\",\"position\":2,\"name\":\"Boutique\",\"item\":\"https:\/\/dev6.erresse-shop.it\/shop\/\"},{\"@type\":\"ListItem\",\"position\":3,\"name\":\"Outdoorchef Ambri Barbecue \u00e0 gaz 480 G Evo\"}]},{\"@type\":\"WebSite\",\"@id\":\"https:\/\/dev6.erresse-shop.it\/#website\",\"url\":\"https:\/\/dev6.erresse-shop.it\/\",\"name\":\"Erresse Shop\",\"description\":\"\",\"publisher\":{\"@id\":\"https:\/\/dev6.erresse-shop.it\/#organization\"},\"potentialAction\":[{\"@type\":\"SearchAction\",\"target\":{\"@type\":\"EntryPoint\",\"urlTemplate\":\"https:\/\/dev6.erresse-shop.it\/?s={search_term_string}\"},\"query-input\":{\"@type\":\"PropertyValueSpecification\",\"valueRequired\":true,\"valueName\":\"search_term_string\"}}],\"inLanguage\":\"fr-FR\"},{\"@type\":\"Organization\",\"@id\":\"https:\/\/dev6.erresse-shop.it\/#organization\",\"name\":\"Erresse Shop\",\"url\":\"https:\/\/dev6.erresse-shop.it\/\",\"logo\":{\"@type\":\"ImageObject\",\"inLanguage\":\"fr-FR\",\"@id\":\"https:\/\/dev6.erresse-shop.it\/#\/schema\/logo\/image\/\",\"url\":\"https:\/\/dev6.erresse-shop.it\/wp-content\/uploads\/2025\/01\/LOGO-ERRESSE-CLASSICO.svg\",\"contentUrl\":\"https:\/\/dev6.erresse-shop.it\/wp-content\/uploads\/2025\/01\/LOGO-ERRESSE-CLASSICO.svg\",\"caption\":\"Erresse Shop\"},\"image\":{\"@id\":\"https:\/\/dev6.erresse-shop.it\/#\/schema\/logo\/image\/\"}}]}<\/script>\n<!-- \/ Yoast SEO plugin. -->","yoast_head_json":{"title":"Outdoorchef Ambri Barbecue \u00e0 gaz 480 G Evo - dev6 Erresse","description":"Le design iconique et r\u00e9volutionnaire sph\u00e9rique revisit\u00e9 Le barbecue \u00e0 gaz Outdoorchef Ambri 480 G Evo est la solution parfaite pour ceux qui recherchent","robots":{"index":"noindex","follow":"follow","max-snippet":"max-snippet:-1","max-image-preview":"max-image-preview:large","max-video-preview":"max-video-preview:-1"},"og_locale":"fr_FR","og_type":"article","og_title":"Outdoorchef Ambri Barbecue \u00e0 gaz 480 G Evo - dev6 Erresse","og_description":"Le design iconique et r\u00e9volutionnaire sph\u00e9rique revisit\u00e9 Le barbecue \u00e0 gaz Outdoorchef Ambri 480 G Evo est la solution parfaite pour ceux qui recherchent","og_url":"https:\/\/dev6.erresse-shop.it\/fr\/shop\/petits-electromenagers\/grilles-et-barbecues\/outdoorchef-ambri-barbecue-a-gaz-480-g-evo\/","og_site_name":"dev6 Erresse","og_image":[{"url":"https:\/\/interpim.erresse-shop.it\/Import\/Prodotti\/outdoorchef-ambri-barbecue-a-gas-480-g-evo.jpg","type":"","width":"","height":""},{"url":"https:\/\/interpim.erresse-shop.it\/Import\/Prodotti\/outdoorchef-ambri-barbecue-a-gas-480-g-evo.jpg","width":1024,"height":1024,"type":"image\/jpeg"}],"twitter_card":"summary_large_image","twitter_image":"https:\/\/interpim.erresse-shop.it\/Import\/Prodotti\/outdoorchef-ambri-barbecue-a-gas-480-g-evo.jpg","schema":{"@context":"https:\/\/schema.org","@graph":[{"@type":"WebPage","@id":"https:\/\/dev6.erresse-shop.it\/fr\/shop\/petits-electromenagers\/grilles-et-barbecues\/outdoorchef-ambri-barbecue-a-gaz-480-g-evo\/","url":"https:\/\/dev6.erresse-shop.it\/fr\/shop\/petits-electromenagers\/grilles-et-barbecues\/outdoorchef-ambri-barbecue-a-gaz-480-g-evo\/","name":"Outdoorchef Ambri Barbecue \u00e0 gaz 480 G Evo - dev6 Erresse","isPartOf":{"@id":"https:\/\/dev6.erresse-shop.it\/#website"},"primaryImageOfPage":{"@id":"https:\/\/dev6.erresse-shop.it\/fr\/shop\/petits-electromenagers\/grilles-et-barbecues\/outdoorchef-ambri-barbecue-a-gaz-480-g-evo\/#primaryimage"},"image":{"@id":"https:\/\/dev6.erresse-shop.it\/fr\/shop\/petits-electromenagers\/grilles-et-barbecues\/outdoorchef-ambri-barbecue-a-gaz-480-g-evo\/#primaryimage"},"thumbnailUrl":"https:\/\/i3.wp.com\/interpim.erresse-shop.it\/Import\/Prodotti\/outdoorchef-ambri-barbecue-a-gas-480-g-evo.jpg?ssl=1","datePublished":"2026-04-04T10:37:24+00:00","description":"Le design iconique et r\u00e9volutionnaire sph\u00e9rique revisit\u00e9 Le barbecue \u00e0 gaz Outdoorchef Ambri 480 G Evo est la solution parfaite pour ceux qui recherchent","breadcrumb":{"@id":"https:\/\/dev6.erresse-shop.it\/fr\/shop\/petits-electromenagers\/grilles-et-barbecues\/outdoorchef-ambri-barbecue-a-gaz-480-g-evo\/#breadcrumb"},"inLanguage":"fr-FR","potentialAction":[{"@type":"ReadAction","target":["https:\/\/dev6.erresse-shop.it\/fr\/shop\/petits-electromenagers\/grilles-et-barbecues\/outdoorchef-ambri-barbecue-a-gaz-480-g-evo\/"]}]},{"@type":"ImageObject","inLanguage":"fr-FR","@id":"https:\/\/dev6.erresse-shop.it\/fr\/shop\/petits-electromenagers\/grilles-et-barbecues\/outdoorchef-ambri-barbecue-a-gaz-480-g-evo\/#primaryimage","url":"https:\/\/i3.wp.com\/interpim.erresse-shop.it\/Import\/Prodotti\/outdoorchef-ambri-barbecue-a-gas-480-g-evo.jpg?ssl=1","contentUrl":"https:\/\/i3.wp.com\/interpim.erresse-shop.it\/Import\/Prodotti\/outdoorchef-ambri-barbecue-a-gas-480-g-evo.jpg?ssl=1"},{"@type":"BreadcrumbList","@id":"https:\/\/dev6.erresse-shop.it\/fr\/shop\/petits-electromenagers\/grilles-et-barbecues\/outdoorchef-ambri-barbecue-a-gaz-480-g-evo\/#breadcrumb","itemListElement":[{"@type":"ListItem","position":1,"name":"Home","item":"https:\/\/dev6.erresse-shop.it\/"},{"@type":"ListItem","position":2,"name":"Boutique","item":"https:\/\/dev6.erresse-shop.it\/shop\/"},{"@type":"ListItem","position":3,"name":"Outdoorchef Ambri Barbecue \u00e0 gaz 480 G Evo"}]},{"@type":"WebSite","@id":"https:\/\/dev6.erresse-shop.it\/#website","url":"https:\/\/dev6.erresse-shop.it\/","name":"Erresse Shop","description":"","publisher":{"@id":"https:\/\/dev6.erresse-shop.it\/#organization"},"potentialAction":[{"@type":"SearchAction","target":{"@type":"EntryPoint","urlTemplate":"https:\/\/dev6.erresse-shop.it\/?s={search_term_string}"},"query-input":{"@type":"PropertyValueSpecification","valueRequired":true,"valueName":"search_term_string"}}],"inLanguage":"fr-FR"},{"@type":"Organization","@id":"https:\/\/dev6.erresse-shop.it\/#organization","name":"Erresse Shop","url":"https:\/\/dev6.erresse-shop.it\/","logo":{"@type":"ImageObject","inLanguage":"fr-FR","@id":"https:\/\/dev6.erresse-shop.it\/#\/schema\/logo\/image\/","url":"https:\/\/dev6.erresse-shop.it\/wp-content\/uploads\/2025\/01\/LOGO-ERRESSE-CLASSICO.svg","contentUrl":"https:\/\/dev6.erresse-shop.it\/wp-content\/uploads\/2025\/01\/LOGO-ERRESSE-CLASSICO.svg","caption":"Erresse Shop"},"image":{"@id":"https:\/\/dev6.erresse-shop.it\/#\/schema\/logo\/image\/"}}]}},"df_price":479.95,"df_sale_price":479.95,"df_regular_price":549,"df_image_link":"https:\/\/i3.wp.com\/interpim.erresse-shop.it\/Import\/Prodotti\/outdoorchef-ambri-barbecue-a-gas-480-g-evo.jpg?resize=300,300&ssl=1","fifu_image_url":"https:\/\/interpim.erresse-shop.it\/Import\/Prodotti\/outdoorchef-ambri-barbecue-a-gas-480-g-evo.jpg","_links":{"self":[{"href":"https:\/\/dev6.erresse-shop.it\/fr\/wp-json\/wp\/v2\/product\/1609263","targetHints":{"allow":["GET"]}}],"collection":[{"href":"https:\/\/dev6.erresse-shop.it\/fr\/wp-json\/wp\/v2\/product"}],"about":[{"href":"https:\/\/dev6.erresse-shop.it\/fr\/wp-json\/wp\/v2\/types\/product"}],"wp:featuredmedia":[{"embeddable":true,"href":"https:\/\/dev6.erresse-shop.it\/fr\/wp-json\/wp\/v2\/media\/6290471"}],"wp:attachment":[{"href":"https:\/\/dev6.erresse-shop.it\/fr\/wp-json\/wp\/v2\/media?parent=1609263"}],"wp:term":[{"taxonomy":"product_cat","embeddable":true,"href":"https:\/\/dev6.erresse-shop.it\/fr\/wp-json\/wp\/v2\/product_cat?post=1609263"},{"taxonomy":"product_tag","embeddable":true,"href":"https:\/\/dev6.erresse-shop.it\/fr\/wp-json\/wp\/v2\/product_tag?post=1609263"}],"curies":[{"name":"wp","href":"https:\/\/api.w.org\/{rel}","templated":true}]}}