{"id":1609261,"date":"2026-04-12T12:37:37","date_gmt":"2026-04-12T10:37:37","guid":{"rendered":"https:\/\/dev6.erresse-shop.it\/shop\/non%20class\u00e9\/outdoorchef-minichef-barbecue-electrique-420-e\/"},"modified":"2026-01-16T22:16:39","modified_gmt":"2026-01-16T21:16:39","slug":"outdoorchef-minichef-barbecue-electrique-420-e","status":"publish","type":"product","link":"https:\/\/dev6.erresse-shop.it\/fr\/shop\/petits-electromenagers\/grilles-et-barbecues\/outdoorchef-minichef-barbecue-electrique-420-e\/","title":{"rendered":"Outdoorchef Minichef Barbecue \u00c9lectrique 420 E"},"content":{"rendered":"<p>Pr\u00eat \u00e0 relever tous les d\u00e9fis<br \/>\nLe barbecue \u00e9lectrique Outdoorchef Minichef 420 E est la solution id\u00e9ale pour ceux qui souhaitent une exp\u00e9rience de cuisson sans gaz ni charbon. Avec une temp\u00e9rature r\u00e9glable de 120\u00b0C \u00e0 300\u00b0C et 7 niveaux de chaleur, il permet de cuire viandes, poissons, l\u00e9gumes, et m\u00eame du pain et des pizzas avec des r\u00e9sultats exceptionnels.<\/p>\n<p>Innovation technologique pour une cuisson parfaite<\/p>\n<p>Gr\u00e2ce \u00e0 sa protection en aluminium innovante, ce barbecue atteint des temp\u00e9ratures sup\u00e9rieures \u00e0 la moyenne, garantissant une r\u00e9partition uniforme de la chaleur. La spirale chauffante de 2 kW assure une cuisson rapide et efficace, id\u00e9ale pour ceux qui aiment griller sans attendre.<\/p>\n<p>Design compact et polyvalent<\/p>\n<p>Le Minichef 420 E est compact et facile \u00e0 positionner, parfait pour les balcons, terrasses et petits espaces. Il peut \u00eatre \u00e9tendu avec la Minichef Station, une base stable qui offre plus de confort pendant la cuisson et un espace suppl\u00e9mentaire pour les accessoires.<\/p>\n<p>Nettoyage facile gr\u00e2ce au syst\u00e8me \u00e0 entonnoir<\/p>\n<p>Dites adieu aux tracas du nettoyage ! Le syst\u00e8me \u00e0 entonnoir emp\u00eache les gouttes de graisse et r\u00e9duit la formation de fum\u00e9e, rendant l\u2019entretien rapide et sans effort. Ce m\u00e9canisme innovant garantit une cuisson plus propre et plus s\u00fbre.<\/p>\n<p>Qualit\u00e9 et durabilit\u00e9 pour chaque session de grillade<\/p>\n<p>Fabriqu\u00e9 en porcelaine \u00e9maill\u00e9e et avec une fabrication robuste, le Minichef 420 E est con\u00e7u pour durer. Avec un diam\u00e8tre de grille de 39,5 cm et un poids de 13,7 kg, il est le choix id\u00e9al pour ceux qui recherchent un barbecue \u00e9lectrique pratique et performant.<\/p>\n<p>Caract\u00e9ristiques techniques<\/p>\n<p>120-300 \u00b0C pour des steaks, poissons et l\u00e9gumes exceptionnels, m\u00eame du pain ou de la pizza croquante<br \/>\nTemp\u00e9rature sup\u00e9rieure \u00e0 la moyenne gr\u00e2ce \u00e0 la protection en aluminium innovante, 7 niveaux de chaleur<br \/>\nExtensible \u00e0 volont\u00e9 avec la Minichef Station (base stable)<br \/>\nNettoyage facile et rapide gr\u00e2ce au syst\u00e8me pratique \u00e0 entonnoir<br \/>\nMat\u00e9riaux de haute qualit\u00e9 et fabrication robuste<\/p>\n<p>D\u00e9tails de la grille :<\/p>\n<p>Diam\u00e8tre de la surface de la grille : 39,5 cm<br \/>\nSurface de la grille : 1225 cm\u00b2<br \/>\nMat\u00e9riau de la grille : acier \u00e9maill\u00e9 en porcelaine<\/p>\n<p>Dimensions :<\/p>\n<p>Largeur : 78 cm<br \/>\nHauteur : 94 cm<br \/>\nProfondeur : 52 cm<br \/>\nLargeur de la grille avec les \u00e9tag\u00e8res lat\u00e9rales abaiss\u00e9es : 43 cm<br \/>\nHauteur de travail : 30 cm<br \/>\nPoids du produit : 13,7 kg<\/p>\n<p>Mat\u00e9riaux :<\/p>\n<p>Mat\u00e9riau de la chambre du br\u00fbleur : acier \u00e9maill\u00e9 en porcelaine<br \/>\nMat\u00e9riau du couvercle : acier \u00e9maill\u00e9 en porcelaine<br \/>\nMat\u00e9riau du cadre de la base : plastique<\/p>\n","protected":false},"excerpt":{"rendered":"<p>Pr\u00eat \u00e0 relever tous les d\u00e9fis Le barbecue \u00e9lectrique Outdoorchef Minichef 420 E est la solution id\u00e9ale pour ceux qui souhaitent une exp\u00e9rience de cuisson sans gaz ni charbon. Avec une temp\u00e9rature r\u00e9glable de 120\u00b0C \u00e0 300\u00b0C et 7 niveaux de chaleur, il permet de cuire viandes, poissons, l\u00e9gumes, et m\u00eame du pain et des [&hellip;]<\/p>\n","protected":false},"featured_media":6373733,"template":"","meta":{"_acf_changed":false},"product_cat":[12087,12055],"product_tag":[],"class_list":{"0":"post-1609261","1":"product","2":"type-product","3":"status-publish","4":"has-post-thumbnail","6":"product_cat-grilles-et-barbecues","7":"product_cat-petits-electromenagers","9":"first","10":"instock","11":"sale","12":"taxable","13":"shipping-taxable","14":"purchasable","15":"product-type-simple","swatches":"rey-swatches","show_selected":"","stretch_labels":"rey-swatches--stretch-labels"},"acf":[],"yoast_head":"<!-- This site is optimized with the Yoast SEO plugin v25.4 - https:\/\/yoast.com\/wordpress\/plugins\/seo\/ -->\n<title>Outdoorchef Minichef Barbecue \u00c9lectrique 420 E - dev6 Erresse<\/title>\n<meta name=\"description\" content=\"Pr\u00eat \u00e0 relever tous les d\u00e9fis Le barbecue \u00e9lectrique Outdoorchef Minichef 420 E est la solution id\u00e9ale pour ceux qui souhaitent une exp\u00e9rience de cuisson\" \/>\n<meta name=\"robots\" content=\"noindex, follow, max-snippet:-1, max-image-preview:large, max-video-preview:-1\" \/>\n<meta property=\"og:locale\" content=\"fr_FR\" \/>\n<meta property=\"og:type\" content=\"article\" \/>\n<meta property=\"og:title\" content=\"Outdoorchef Minichef Barbecue \u00c9lectrique 420 E - dev6 Erresse\" \/>\n<meta property=\"og:description\" content=\"Pr\u00eat \u00e0 relever tous les d\u00e9fis Le barbecue \u00e9lectrique Outdoorchef Minichef 420 E est la solution id\u00e9ale pour ceux qui souhaitent une exp\u00e9rience de cuisson\" \/>\n<meta property=\"og:url\" content=\"https:\/\/dev6.erresse-shop.it\/fr\/shop\/petits-electromenagers\/grilles-et-barbecues\/outdoorchef-minichef-barbecue-electrique-420-e\/\" \/>\n<meta property=\"og:site_name\" content=\"dev6 Erresse\" \/>\n<meta property=\"og:image\" content=\"https:\/\/interpim.erresse-shop.it\/Import\/Prodotti\/outdoorchef-minichef-barbecue-elettrico-420-e.jpg\" \/><meta property=\"og:image\" content=\"https:\/\/interpim.erresse-shop.it\/Import\/Prodotti\/outdoorchef-minichef-barbecue-elettrico-420-e.jpg\" \/>\n\t<meta property=\"og:image:width\" content=\"1024\" \/>\n\t<meta property=\"og:image:height\" content=\"1024\" \/>\n\t<meta property=\"og:image:type\" content=\"image\/jpeg\" \/>\n<meta name=\"twitter:card\" content=\"summary_large_image\" \/>\n<meta name=\"twitter:image\" content=\"https:\/\/interpim.erresse-shop.it\/Import\/Prodotti\/outdoorchef-minichef-barbecue-elettrico-420-e.jpg\" \/>\n<script type=\"application\/ld+json\" class=\"yoast-schema-graph\">{\"@context\":\"https:\/\/schema.org\",\"@graph\":[{\"@type\":\"WebPage\",\"@id\":\"https:\/\/dev6.erresse-shop.it\/fr\/shop\/petits-electromenagers\/grilles-et-barbecues\/outdoorchef-minichef-barbecue-electrique-420-e\/\",\"url\":\"https:\/\/dev6.erresse-shop.it\/fr\/shop\/petits-electromenagers\/grilles-et-barbecues\/outdoorchef-minichef-barbecue-electrique-420-e\/\",\"name\":\"Outdoorchef Minichef Barbecue \u00c9lectrique 420 E - dev6 Erresse\",\"isPartOf\":{\"@id\":\"https:\/\/dev6.erresse-shop.it\/#website\"},\"primaryImageOfPage\":{\"@id\":\"https:\/\/dev6.erresse-shop.it\/fr\/shop\/petits-electromenagers\/grilles-et-barbecues\/outdoorchef-minichef-barbecue-electrique-420-e\/#primaryimage\"},\"image\":{\"@id\":\"https:\/\/dev6.erresse-shop.it\/fr\/shop\/petits-electromenagers\/grilles-et-barbecues\/outdoorchef-minichef-barbecue-electrique-420-e\/#primaryimage\"},\"thumbnailUrl\":\"https:\/\/i3.wp.com\/interpim.erresse-shop.it\/Import\/Prodotti\/outdoorchef-minichef-barbecue-elettrico-420-e.jpg?ssl=1\",\"datePublished\":\"2026-04-12T10:37:37+00:00\",\"description\":\"Pr\u00eat \u00e0 relever tous les d\u00e9fis Le barbecue \u00e9lectrique Outdoorchef Minichef 420 E est la solution id\u00e9ale pour ceux qui souhaitent une exp\u00e9rience de cuisson\",\"breadcrumb\":{\"@id\":\"https:\/\/dev6.erresse-shop.it\/fr\/shop\/petits-electromenagers\/grilles-et-barbecues\/outdoorchef-minichef-barbecue-electrique-420-e\/#breadcrumb\"},\"inLanguage\":\"fr-FR\",\"potentialAction\":[{\"@type\":\"ReadAction\",\"target\":[\"https:\/\/dev6.erresse-shop.it\/fr\/shop\/petits-electromenagers\/grilles-et-barbecues\/outdoorchef-minichef-barbecue-electrique-420-e\/\"]}]},{\"@type\":\"ImageObject\",\"inLanguage\":\"fr-FR\",\"@id\":\"https:\/\/dev6.erresse-shop.it\/fr\/shop\/petits-electromenagers\/grilles-et-barbecues\/outdoorchef-minichef-barbecue-electrique-420-e\/#primaryimage\",\"url\":\"https:\/\/i3.wp.com\/interpim.erresse-shop.it\/Import\/Prodotti\/outdoorchef-minichef-barbecue-elettrico-420-e.jpg?ssl=1\",\"contentUrl\":\"https:\/\/i3.wp.com\/interpim.erresse-shop.it\/Import\/Prodotti\/outdoorchef-minichef-barbecue-elettrico-420-e.jpg?ssl=1\"},{\"@type\":\"BreadcrumbList\",\"@id\":\"https:\/\/dev6.erresse-shop.it\/fr\/shop\/petits-electromenagers\/grilles-et-barbecues\/outdoorchef-minichef-barbecue-electrique-420-e\/#breadcrumb\",\"itemListElement\":[{\"@type\":\"ListItem\",\"position\":1,\"name\":\"Home\",\"item\":\"https:\/\/dev6.erresse-shop.it\/\"},{\"@type\":\"ListItem\",\"position\":2,\"name\":\"Boutique\",\"item\":\"https:\/\/dev6.erresse-shop.it\/shop\/\"},{\"@type\":\"ListItem\",\"position\":3,\"name\":\"Outdoorchef Minichef Barbecue \u00c9lectrique 420 E\"}]},{\"@type\":\"WebSite\",\"@id\":\"https:\/\/dev6.erresse-shop.it\/#website\",\"url\":\"https:\/\/dev6.erresse-shop.it\/\",\"name\":\"Erresse Shop\",\"description\":\"\",\"publisher\":{\"@id\":\"https:\/\/dev6.erresse-shop.it\/#organization\"},\"potentialAction\":[{\"@type\":\"SearchAction\",\"target\":{\"@type\":\"EntryPoint\",\"urlTemplate\":\"https:\/\/dev6.erresse-shop.it\/?s={search_term_string}\"},\"query-input\":{\"@type\":\"PropertyValueSpecification\",\"valueRequired\":true,\"valueName\":\"search_term_string\"}}],\"inLanguage\":\"fr-FR\"},{\"@type\":\"Organization\",\"@id\":\"https:\/\/dev6.erresse-shop.it\/#organization\",\"name\":\"Erresse Shop\",\"url\":\"https:\/\/dev6.erresse-shop.it\/\",\"logo\":{\"@type\":\"ImageObject\",\"inLanguage\":\"fr-FR\",\"@id\":\"https:\/\/dev6.erresse-shop.it\/#\/schema\/logo\/image\/\",\"url\":\"https:\/\/dev6.erresse-shop.it\/wp-content\/uploads\/2025\/01\/LOGO-ERRESSE-CLASSICO.svg\",\"contentUrl\":\"https:\/\/dev6.erresse-shop.it\/wp-content\/uploads\/2025\/01\/LOGO-ERRESSE-CLASSICO.svg\",\"caption\":\"Erresse Shop\"},\"image\":{\"@id\":\"https:\/\/dev6.erresse-shop.it\/#\/schema\/logo\/image\/\"}}]}<\/script>\n<!-- \/ Yoast SEO plugin. -->","yoast_head_json":{"title":"Outdoorchef Minichef Barbecue \u00c9lectrique 420 E - dev6 Erresse","description":"Pr\u00eat \u00e0 relever tous les d\u00e9fis Le barbecue \u00e9lectrique Outdoorchef Minichef 420 E est la solution id\u00e9ale pour ceux qui souhaitent une exp\u00e9rience de cuisson","robots":{"index":"noindex","follow":"follow","max-snippet":"max-snippet:-1","max-image-preview":"max-image-preview:large","max-video-preview":"max-video-preview:-1"},"og_locale":"fr_FR","og_type":"article","og_title":"Outdoorchef Minichef Barbecue \u00c9lectrique 420 E - dev6 Erresse","og_description":"Pr\u00eat \u00e0 relever tous les d\u00e9fis Le barbecue \u00e9lectrique Outdoorchef Minichef 420 E est la solution id\u00e9ale pour ceux qui souhaitent une exp\u00e9rience de cuisson","og_url":"https:\/\/dev6.erresse-shop.it\/fr\/shop\/petits-electromenagers\/grilles-et-barbecues\/outdoorchef-minichef-barbecue-electrique-420-e\/","og_site_name":"dev6 Erresse","og_image":[{"url":"https:\/\/interpim.erresse-shop.it\/Import\/Prodotti\/outdoorchef-minichef-barbecue-elettrico-420-e.jpg","type":"","width":"","height":""},{"url":"https:\/\/interpim.erresse-shop.it\/Import\/Prodotti\/outdoorchef-minichef-barbecue-elettrico-420-e.jpg","width":1024,"height":1024,"type":"image\/jpeg"}],"twitter_card":"summary_large_image","twitter_image":"https:\/\/interpim.erresse-shop.it\/Import\/Prodotti\/outdoorchef-minichef-barbecue-elettrico-420-e.jpg","schema":{"@context":"https:\/\/schema.org","@graph":[{"@type":"WebPage","@id":"https:\/\/dev6.erresse-shop.it\/fr\/shop\/petits-electromenagers\/grilles-et-barbecues\/outdoorchef-minichef-barbecue-electrique-420-e\/","url":"https:\/\/dev6.erresse-shop.it\/fr\/shop\/petits-electromenagers\/grilles-et-barbecues\/outdoorchef-minichef-barbecue-electrique-420-e\/","name":"Outdoorchef Minichef Barbecue \u00c9lectrique 420 E - dev6 Erresse","isPartOf":{"@id":"https:\/\/dev6.erresse-shop.it\/#website"},"primaryImageOfPage":{"@id":"https:\/\/dev6.erresse-shop.it\/fr\/shop\/petits-electromenagers\/grilles-et-barbecues\/outdoorchef-minichef-barbecue-electrique-420-e\/#primaryimage"},"image":{"@id":"https:\/\/dev6.erresse-shop.it\/fr\/shop\/petits-electromenagers\/grilles-et-barbecues\/outdoorchef-minichef-barbecue-electrique-420-e\/#primaryimage"},"thumbnailUrl":"https:\/\/i3.wp.com\/interpim.erresse-shop.it\/Import\/Prodotti\/outdoorchef-minichef-barbecue-elettrico-420-e.jpg?ssl=1","datePublished":"2026-04-12T10:37:37+00:00","description":"Pr\u00eat \u00e0 relever tous les d\u00e9fis Le barbecue \u00e9lectrique Outdoorchef Minichef 420 E est la solution id\u00e9ale pour ceux qui souhaitent une exp\u00e9rience de cuisson","breadcrumb":{"@id":"https:\/\/dev6.erresse-shop.it\/fr\/shop\/petits-electromenagers\/grilles-et-barbecues\/outdoorchef-minichef-barbecue-electrique-420-e\/#breadcrumb"},"inLanguage":"fr-FR","potentialAction":[{"@type":"ReadAction","target":["https:\/\/dev6.erresse-shop.it\/fr\/shop\/petits-electromenagers\/grilles-et-barbecues\/outdoorchef-minichef-barbecue-electrique-420-e\/"]}]},{"@type":"ImageObject","inLanguage":"fr-FR","@id":"https:\/\/dev6.erresse-shop.it\/fr\/shop\/petits-electromenagers\/grilles-et-barbecues\/outdoorchef-minichef-barbecue-electrique-420-e\/#primaryimage","url":"https:\/\/i3.wp.com\/interpim.erresse-shop.it\/Import\/Prodotti\/outdoorchef-minichef-barbecue-elettrico-420-e.jpg?ssl=1","contentUrl":"https:\/\/i3.wp.com\/interpim.erresse-shop.it\/Import\/Prodotti\/outdoorchef-minichef-barbecue-elettrico-420-e.jpg?ssl=1"},{"@type":"BreadcrumbList","@id":"https:\/\/dev6.erresse-shop.it\/fr\/shop\/petits-electromenagers\/grilles-et-barbecues\/outdoorchef-minichef-barbecue-electrique-420-e\/#breadcrumb","itemListElement":[{"@type":"ListItem","position":1,"name":"Home","item":"https:\/\/dev6.erresse-shop.it\/"},{"@type":"ListItem","position":2,"name":"Boutique","item":"https:\/\/dev6.erresse-shop.it\/shop\/"},{"@type":"ListItem","position":3,"name":"Outdoorchef Minichef Barbecue \u00c9lectrique 420 E"}]},{"@type":"WebSite","@id":"https:\/\/dev6.erresse-shop.it\/#website","url":"https:\/\/dev6.erresse-shop.it\/","name":"Erresse Shop","description":"","publisher":{"@id":"https:\/\/dev6.erresse-shop.it\/#organization"},"potentialAction":[{"@type":"SearchAction","target":{"@type":"EntryPoint","urlTemplate":"https:\/\/dev6.erresse-shop.it\/?s={search_term_string}"},"query-input":{"@type":"PropertyValueSpecification","valueRequired":true,"valueName":"search_term_string"}}],"inLanguage":"fr-FR"},{"@type":"Organization","@id":"https:\/\/dev6.erresse-shop.it\/#organization","name":"Erresse Shop","url":"https:\/\/dev6.erresse-shop.it\/","logo":{"@type":"ImageObject","inLanguage":"fr-FR","@id":"https:\/\/dev6.erresse-shop.it\/#\/schema\/logo\/image\/","url":"https:\/\/dev6.erresse-shop.it\/wp-content\/uploads\/2025\/01\/LOGO-ERRESSE-CLASSICO.svg","contentUrl":"https:\/\/dev6.erresse-shop.it\/wp-content\/uploads\/2025\/01\/LOGO-ERRESSE-CLASSICO.svg","caption":"Erresse Shop"},"image":{"@id":"https:\/\/dev6.erresse-shop.it\/#\/schema\/logo\/image\/"}}]}},"df_price":319,"df_sale_price":319,"df_regular_price":399,"df_image_link":"https:\/\/i3.wp.com\/interpim.erresse-shop.it\/Import\/Prodotti\/outdoorchef-minichef-barbecue-elettrico-420-e.jpg?resize=300,300&ssl=1","fifu_image_url":"https:\/\/interpim.erresse-shop.it\/Import\/Prodotti\/outdoorchef-minichef-barbecue-elettrico-420-e.jpg","_links":{"self":[{"href":"https:\/\/dev6.erresse-shop.it\/fr\/wp-json\/wp\/v2\/product\/1609261","targetHints":{"allow":["GET"]}}],"collection":[{"href":"https:\/\/dev6.erresse-shop.it\/fr\/wp-json\/wp\/v2\/product"}],"about":[{"href":"https:\/\/dev6.erresse-shop.it\/fr\/wp-json\/wp\/v2\/types\/product"}],"wp:featuredmedia":[{"embeddable":true,"href":"https:\/\/dev6.erresse-shop.it\/fr\/wp-json\/wp\/v2\/media\/6373733"}],"wp:attachment":[{"href":"https:\/\/dev6.erresse-shop.it\/fr\/wp-json\/wp\/v2\/media?parent=1609261"}],"wp:term":[{"taxonomy":"product_cat","embeddable":true,"href":"https:\/\/dev6.erresse-shop.it\/fr\/wp-json\/wp\/v2\/product_cat?post=1609261"},{"taxonomy":"product_tag","embeddable":true,"href":"https:\/\/dev6.erresse-shop.it\/fr\/wp-json\/wp\/v2\/product_tag?post=1609261"}],"curies":[{"name":"wp","href":"https:\/\/api.w.org\/{rel}","templated":true}]}}