{"id":1609257,"date":"2026-04-10T13:16:09","date_gmt":"2026-04-10T11:16:09","guid":{"rendered":"https:\/\/dev6.erresse-shop.it\/shop\/non%20class\u00e9\/instant-pot-multicooker-xl-rio-71-l-noir\/"},"modified":"2025-09-14T06:21:23","modified_gmt":"2025-09-14T04:21:23","slug":"instant-pot-multicooker-xl-rio-71-l-noir","status":"publish","type":"product","link":"https:\/\/dev6.erresse-shop.it\/fr\/shop\/petits-electromenagers\/robots-de-cuisine\/instant-pot-multicooker-xl-rio-71-l-noir\/","title":{"rendered":"INSTANT POT Multicooker XL Rio 7,1 L Noir"},"content":{"rendered":"<p>Instant Pot RIO, le compagnon polyvalent de la cuisine moderne<\/p>\n<p>Le multicuiseur Instant Pot\u00ae RIO\u2122 combine sept appareils en une seule solution compacte et fonctionnelle. Rempla\u00e7ant l\u2019autocuiseur, la po\u00eale, le cuiseur vapeur, la mijoteuse, le cuiseur \u00e0 riz, le chauffe-plats et la yaourti\u00e8re, il offre une large gamme de fonctions qui le rendent indispensable en cuisine, permettant de gagner de la place et de simplifier la pr\u00e9paration des repas.<\/p>\n<p>Design \u00e9l\u00e9gant et fonctionnalit\u00e9s am\u00e9lior\u00e9es<br \/>\nCette version RIO\u2122, am\u00e9lior\u00e9e par rapport au mod\u00e8le Duo\u2122 de 5,7 litres, se distingue par son profil \u00e9l\u00e9gant et peu encombrant, ce qui la rend adapt\u00e9e \u00e0 tout type de cuisine. Avec une surface de cuisson 35 % plus grande, il est con\u00e7u pour cuire plus d\u2019aliments, plus rapidement, id\u00e9al pour les familles nombreuses ou pour organiser des d\u00eeners entre amis.<\/p>\n<p>Facilit\u00e9 d\u2019utilisation avec une interface mise \u00e0 jour<br \/>\nRIO\u2122 dispose d\u2019une interface utilisateur simplifi\u00e9e qui comprend quatre pr\u00e9r\u00e9glages pour vos recettes pr\u00e9f\u00e9r\u00e9es et un bouton de d\u00e9marrage pratique. La nouvelle soupape de d\u00e9charge de vapeur permet un contr\u00f4le pr\u00e9cis de la pression, am\u00e9liorant ainsi la s\u00e9curit\u00e9 et r\u00e9duisant le risque de fuites.<\/p>\n<p>7 programmes intelligents One-Touch<br \/>\nGr\u00e2ce \u00e0 ses 7 programmes pr\u00e9d\u00e9finis, le multicuiseur RIO\u2122 vous permet de cuisiner des soupes, des rago\u00fbts, du riz, des plats multigrains, des l\u00e9gumineuses et bien plus encore, le tout en appuyant simplement sur un bouton. Ces programmes incluent des options polyvalentes comme la cuisson lente, la cuisson saut\u00e9e, la cuisson \u00e0 la vapeur et le yaourt, vous donnant la libert\u00e9 d\u2019exp\u00e9rimenter de nouvelles recettes et techniques de cuisson.<\/p>\n<p>Des mat\u00e9riaux de qualit\u00e9 pour des pr\u00e9parations toujours impeccables<br \/>\nLa construction en acier inoxydable du couvercle et du pot int\u00e9rieur assure une r\u00e9partition uniforme de la chaleur et une excellente durabilit\u00e9. Facile \u00e0 nettoyer et durable, l\u2019Instant Pot\u00ae Multicooker RIO\u2122 est con\u00e7u pour r\u00e9sister \u00e0 une utilisation quotidienne, offrant des plats savoureux et bien cuits \u00e0 chaque fois.<\/p>\n<p>Sp\u00e9cifications techniques\u00a0:<\/p>\n<p>Capacit\u00e9 : 7,1 l<br \/>\nMat\u00e9riau du couvercle et du pot int\u00e9rieur : acier inoxydable. pot ext\u00e9rieur en acier inoxydable bross\u00e9 avec finition noire<br \/>\nGarantie de 2 ans<br \/>\nDimensions\u00a0: 30,9 x 41,5 x 29,8 cm<br \/>\nPoids\u00a0: 8,1 kg<br \/>\nNombre de fonctions\u00a0: 13\u00a0\u2013 programmes \u00e0 une touche<\/p>\n<p>Not for sale outside Europe<\/p>\n","protected":false},"excerpt":{"rendered":"<p>Instant Pot RIO, le compagnon polyvalent de la cuisine moderne Le multicuiseur Instant Pot\u00ae RIO\u2122 combine sept appareils en une seule solution compacte et fonctionnelle. Rempla\u00e7ant l\u2019autocuiseur, la po\u00eale, le cuiseur vapeur, la mijoteuse, le cuiseur \u00e0 riz, le chauffe-plats et la yaourti\u00e8re, il offre une large gamme de fonctions qui le rendent indispensable en [&hellip;]<\/p>\n","protected":false},"featured_media":6332079,"template":"","meta":{"_acf_changed":false},"product_cat":[12055,12066],"product_tag":[],"class_list":{"0":"post-1609257","1":"product","2":"type-product","3":"status-publish","4":"has-post-thumbnail","6":"product_cat-petits-electromenagers","7":"product_cat-robots-de-cuisine","9":"first","10":"instock","11":"sale","12":"taxable","13":"shipping-taxable","14":"purchasable","15":"product-type-simple","swatches":"rey-swatches","show_selected":"","stretch_labels":"rey-swatches--stretch-labels"},"acf":[],"yoast_head":"<!-- This site is optimized with the Yoast SEO plugin v25.4 - https:\/\/yoast.com\/wordpress\/plugins\/seo\/ -->\n<title>INSTANT POT Multicooker XL Rio 7,1 L Noir - dev6 Erresse<\/title>\n<meta name=\"description\" content=\"Instant Pot RIO, le compagnon polyvalent de la cuisine moderne Le multicuiseur Instant Pot\u00ae RIO\u2122 combine sept appareils en une seule solution compacte et\" \/>\n<meta name=\"robots\" content=\"noindex, follow, max-snippet:-1, max-image-preview:large, max-video-preview:-1\" \/>\n<meta property=\"og:locale\" content=\"fr_FR\" \/>\n<meta property=\"og:type\" content=\"article\" \/>\n<meta property=\"og:title\" content=\"INSTANT POT Multicooker XL Rio 7,1 L Noir - dev6 Erresse\" \/>\n<meta property=\"og:description\" content=\"Instant Pot RIO, le compagnon polyvalent de la cuisine moderne Le multicuiseur Instant Pot\u00ae RIO\u2122 combine sept appareils en une seule solution compacte et\" \/>\n<meta property=\"og:url\" content=\"https:\/\/dev6.erresse-shop.it\/fr\/shop\/petits-electromenagers\/robots-de-cuisine\/instant-pot-multicooker-xl-rio-71-l-noir\/\" \/>\n<meta property=\"og:site_name\" content=\"dev6 Erresse\" \/>\n<meta property=\"og:image\" content=\"https:\/\/interpim.erresse-shop.it\/Import\/Prodotti\/instant-pot-multicooker-xl-rio-71-l-nero.jpg\" \/><meta property=\"og:image\" content=\"https:\/\/interpim.erresse-shop.it\/Import\/Prodotti\/instant-pot-multicooker-xl-rio-71-l-nero.jpg\" \/>\n\t<meta property=\"og:image:width\" content=\"1024\" \/>\n\t<meta property=\"og:image:height\" content=\"1024\" \/>\n\t<meta property=\"og:image:type\" content=\"image\/jpeg\" \/>\n<meta name=\"twitter:card\" content=\"summary_large_image\" \/>\n<meta name=\"twitter:image\" content=\"https:\/\/interpim.erresse-shop.it\/Import\/Prodotti\/instant-pot-multicooker-xl-rio-71-l-nero.jpg\" \/>\n<script type=\"application\/ld+json\" class=\"yoast-schema-graph\">{\"@context\":\"https:\/\/schema.org\",\"@graph\":[{\"@type\":\"WebPage\",\"@id\":\"https:\/\/dev6.erresse-shop.it\/fr\/shop\/petits-electromenagers\/robots-de-cuisine\/instant-pot-multicooker-xl-rio-71-l-noir\/\",\"url\":\"https:\/\/dev6.erresse-shop.it\/fr\/shop\/petits-electromenagers\/robots-de-cuisine\/instant-pot-multicooker-xl-rio-71-l-noir\/\",\"name\":\"INSTANT POT Multicooker XL Rio 7,1 L Noir - dev6 Erresse\",\"isPartOf\":{\"@id\":\"https:\/\/dev6.erresse-shop.it\/#website\"},\"primaryImageOfPage\":{\"@id\":\"https:\/\/dev6.erresse-shop.it\/fr\/shop\/petits-electromenagers\/robots-de-cuisine\/instant-pot-multicooker-xl-rio-71-l-noir\/#primaryimage\"},\"image\":{\"@id\":\"https:\/\/dev6.erresse-shop.it\/fr\/shop\/petits-electromenagers\/robots-de-cuisine\/instant-pot-multicooker-xl-rio-71-l-noir\/#primaryimage\"},\"thumbnailUrl\":\"https:\/\/i2.wp.com\/interpim.erresse-shop.it\/Import\/Prodotti\/instant-pot-multicooker-xl-rio-71-l-nero.jpg?ssl=1\",\"datePublished\":\"2026-04-10T11:16:09+00:00\",\"description\":\"Instant Pot RIO, le compagnon polyvalent de la cuisine moderne Le multicuiseur Instant Pot\u00ae RIO\u2122 combine sept appareils en une seule solution compacte et\",\"breadcrumb\":{\"@id\":\"https:\/\/dev6.erresse-shop.it\/fr\/shop\/petits-electromenagers\/robots-de-cuisine\/instant-pot-multicooker-xl-rio-71-l-noir\/#breadcrumb\"},\"inLanguage\":\"fr-FR\",\"potentialAction\":[{\"@type\":\"ReadAction\",\"target\":[\"https:\/\/dev6.erresse-shop.it\/fr\/shop\/petits-electromenagers\/robots-de-cuisine\/instant-pot-multicooker-xl-rio-71-l-noir\/\"]}]},{\"@type\":\"ImageObject\",\"inLanguage\":\"fr-FR\",\"@id\":\"https:\/\/dev6.erresse-shop.it\/fr\/shop\/petits-electromenagers\/robots-de-cuisine\/instant-pot-multicooker-xl-rio-71-l-noir\/#primaryimage\",\"url\":\"https:\/\/i2.wp.com\/interpim.erresse-shop.it\/Import\/Prodotti\/instant-pot-multicooker-xl-rio-71-l-nero.jpg?ssl=1\",\"contentUrl\":\"https:\/\/i2.wp.com\/interpim.erresse-shop.it\/Import\/Prodotti\/instant-pot-multicooker-xl-rio-71-l-nero.jpg?ssl=1\"},{\"@type\":\"BreadcrumbList\",\"@id\":\"https:\/\/dev6.erresse-shop.it\/fr\/shop\/petits-electromenagers\/robots-de-cuisine\/instant-pot-multicooker-xl-rio-71-l-noir\/#breadcrumb\",\"itemListElement\":[{\"@type\":\"ListItem\",\"position\":1,\"name\":\"Home\",\"item\":\"https:\/\/dev6.erresse-shop.it\/\"},{\"@type\":\"ListItem\",\"position\":2,\"name\":\"Boutique\",\"item\":\"https:\/\/dev6.erresse-shop.it\/shop\/\"},{\"@type\":\"ListItem\",\"position\":3,\"name\":\"INSTANT POT Multicooker XL Rio 7,1 L Noir\"}]},{\"@type\":\"WebSite\",\"@id\":\"https:\/\/dev6.erresse-shop.it\/#website\",\"url\":\"https:\/\/dev6.erresse-shop.it\/\",\"name\":\"Erresse Shop\",\"description\":\"\",\"publisher\":{\"@id\":\"https:\/\/dev6.erresse-shop.it\/#organization\"},\"potentialAction\":[{\"@type\":\"SearchAction\",\"target\":{\"@type\":\"EntryPoint\",\"urlTemplate\":\"https:\/\/dev6.erresse-shop.it\/?s={search_term_string}\"},\"query-input\":{\"@type\":\"PropertyValueSpecification\",\"valueRequired\":true,\"valueName\":\"search_term_string\"}}],\"inLanguage\":\"fr-FR\"},{\"@type\":\"Organization\",\"@id\":\"https:\/\/dev6.erresse-shop.it\/#organization\",\"name\":\"Erresse Shop\",\"url\":\"https:\/\/dev6.erresse-shop.it\/\",\"logo\":{\"@type\":\"ImageObject\",\"inLanguage\":\"fr-FR\",\"@id\":\"https:\/\/dev6.erresse-shop.it\/#\/schema\/logo\/image\/\",\"url\":\"https:\/\/dev6.erresse-shop.it\/wp-content\/uploads\/2025\/01\/LOGO-ERRESSE-CLASSICO.svg\",\"contentUrl\":\"https:\/\/dev6.erresse-shop.it\/wp-content\/uploads\/2025\/01\/LOGO-ERRESSE-CLASSICO.svg\",\"caption\":\"Erresse Shop\"},\"image\":{\"@id\":\"https:\/\/dev6.erresse-shop.it\/#\/schema\/logo\/image\/\"}}]}<\/script>\n<!-- \/ Yoast SEO plugin. -->","yoast_head_json":{"title":"INSTANT POT Multicooker XL Rio 7,1 L Noir - dev6 Erresse","description":"Instant Pot RIO, le compagnon polyvalent de la cuisine moderne Le multicuiseur Instant Pot\u00ae RIO\u2122 combine sept appareils en une seule solution compacte et","robots":{"index":"noindex","follow":"follow","max-snippet":"max-snippet:-1","max-image-preview":"max-image-preview:large","max-video-preview":"max-video-preview:-1"},"og_locale":"fr_FR","og_type":"article","og_title":"INSTANT POT Multicooker XL Rio 7,1 L Noir - dev6 Erresse","og_description":"Instant Pot RIO, le compagnon polyvalent de la cuisine moderne Le multicuiseur Instant Pot\u00ae RIO\u2122 combine sept appareils en une seule solution compacte et","og_url":"https:\/\/dev6.erresse-shop.it\/fr\/shop\/petits-electromenagers\/robots-de-cuisine\/instant-pot-multicooker-xl-rio-71-l-noir\/","og_site_name":"dev6 Erresse","og_image":[{"url":"https:\/\/interpim.erresse-shop.it\/Import\/Prodotti\/instant-pot-multicooker-xl-rio-71-l-nero.jpg","type":"","width":"","height":""},{"url":"https:\/\/interpim.erresse-shop.it\/Import\/Prodotti\/instant-pot-multicooker-xl-rio-71-l-nero.jpg","width":1024,"height":1024,"type":"image\/jpeg"}],"twitter_card":"summary_large_image","twitter_image":"https:\/\/interpim.erresse-shop.it\/Import\/Prodotti\/instant-pot-multicooker-xl-rio-71-l-nero.jpg","schema":{"@context":"https:\/\/schema.org","@graph":[{"@type":"WebPage","@id":"https:\/\/dev6.erresse-shop.it\/fr\/shop\/petits-electromenagers\/robots-de-cuisine\/instant-pot-multicooker-xl-rio-71-l-noir\/","url":"https:\/\/dev6.erresse-shop.it\/fr\/shop\/petits-electromenagers\/robots-de-cuisine\/instant-pot-multicooker-xl-rio-71-l-noir\/","name":"INSTANT POT Multicooker XL Rio 7,1 L Noir - dev6 Erresse","isPartOf":{"@id":"https:\/\/dev6.erresse-shop.it\/#website"},"primaryImageOfPage":{"@id":"https:\/\/dev6.erresse-shop.it\/fr\/shop\/petits-electromenagers\/robots-de-cuisine\/instant-pot-multicooker-xl-rio-71-l-noir\/#primaryimage"},"image":{"@id":"https:\/\/dev6.erresse-shop.it\/fr\/shop\/petits-electromenagers\/robots-de-cuisine\/instant-pot-multicooker-xl-rio-71-l-noir\/#primaryimage"},"thumbnailUrl":"https:\/\/i2.wp.com\/interpim.erresse-shop.it\/Import\/Prodotti\/instant-pot-multicooker-xl-rio-71-l-nero.jpg?ssl=1","datePublished":"2026-04-10T11:16:09+00:00","description":"Instant Pot RIO, le compagnon polyvalent de la cuisine moderne Le multicuiseur Instant Pot\u00ae RIO\u2122 combine sept appareils en une seule solution compacte et","breadcrumb":{"@id":"https:\/\/dev6.erresse-shop.it\/fr\/shop\/petits-electromenagers\/robots-de-cuisine\/instant-pot-multicooker-xl-rio-71-l-noir\/#breadcrumb"},"inLanguage":"fr-FR","potentialAction":[{"@type":"ReadAction","target":["https:\/\/dev6.erresse-shop.it\/fr\/shop\/petits-electromenagers\/robots-de-cuisine\/instant-pot-multicooker-xl-rio-71-l-noir\/"]}]},{"@type":"ImageObject","inLanguage":"fr-FR","@id":"https:\/\/dev6.erresse-shop.it\/fr\/shop\/petits-electromenagers\/robots-de-cuisine\/instant-pot-multicooker-xl-rio-71-l-noir\/#primaryimage","url":"https:\/\/i2.wp.com\/interpim.erresse-shop.it\/Import\/Prodotti\/instant-pot-multicooker-xl-rio-71-l-nero.jpg?ssl=1","contentUrl":"https:\/\/i2.wp.com\/interpim.erresse-shop.it\/Import\/Prodotti\/instant-pot-multicooker-xl-rio-71-l-nero.jpg?ssl=1"},{"@type":"BreadcrumbList","@id":"https:\/\/dev6.erresse-shop.it\/fr\/shop\/petits-electromenagers\/robots-de-cuisine\/instant-pot-multicooker-xl-rio-71-l-noir\/#breadcrumb","itemListElement":[{"@type":"ListItem","position":1,"name":"Home","item":"https:\/\/dev6.erresse-shop.it\/"},{"@type":"ListItem","position":2,"name":"Boutique","item":"https:\/\/dev6.erresse-shop.it\/shop\/"},{"@type":"ListItem","position":3,"name":"INSTANT POT Multicooker XL Rio 7,1 L Noir"}]},{"@type":"WebSite","@id":"https:\/\/dev6.erresse-shop.it\/#website","url":"https:\/\/dev6.erresse-shop.it\/","name":"Erresse Shop","description":"","publisher":{"@id":"https:\/\/dev6.erresse-shop.it\/#organization"},"potentialAction":[{"@type":"SearchAction","target":{"@type":"EntryPoint","urlTemplate":"https:\/\/dev6.erresse-shop.it\/?s={search_term_string}"},"query-input":{"@type":"PropertyValueSpecification","valueRequired":true,"valueName":"search_term_string"}}],"inLanguage":"fr-FR"},{"@type":"Organization","@id":"https:\/\/dev6.erresse-shop.it\/#organization","name":"Erresse Shop","url":"https:\/\/dev6.erresse-shop.it\/","logo":{"@type":"ImageObject","inLanguage":"fr-FR","@id":"https:\/\/dev6.erresse-shop.it\/#\/schema\/logo\/image\/","url":"https:\/\/dev6.erresse-shop.it\/wp-content\/uploads\/2025\/01\/LOGO-ERRESSE-CLASSICO.svg","contentUrl":"https:\/\/dev6.erresse-shop.it\/wp-content\/uploads\/2025\/01\/LOGO-ERRESSE-CLASSICO.svg","caption":"Erresse Shop"},"image":{"@id":"https:\/\/dev6.erresse-shop.it\/#\/schema\/logo\/image\/"}}]}},"df_price":122.95,"df_sale_price":122.95,"df_regular_price":169,"df_image_link":"https:\/\/i2.wp.com\/interpim.erresse-shop.it\/Import\/Prodotti\/instant-pot-multicooker-xl-rio-71-l-nero.jpg?resize=300,300&ssl=1","fifu_image_url":"https:\/\/interpim.erresse-shop.it\/Import\/Prodotti\/instant-pot-multicooker-xl-rio-71-l-nero.jpg","_links":{"self":[{"href":"https:\/\/dev6.erresse-shop.it\/fr\/wp-json\/wp\/v2\/product\/1609257","targetHints":{"allow":["GET"]}}],"collection":[{"href":"https:\/\/dev6.erresse-shop.it\/fr\/wp-json\/wp\/v2\/product"}],"about":[{"href":"https:\/\/dev6.erresse-shop.it\/fr\/wp-json\/wp\/v2\/types\/product"}],"wp:featuredmedia":[{"embeddable":true,"href":"https:\/\/dev6.erresse-shop.it\/fr\/wp-json\/wp\/v2\/media\/6332079"}],"wp:attachment":[{"href":"https:\/\/dev6.erresse-shop.it\/fr\/wp-json\/wp\/v2\/media?parent=1609257"}],"wp:term":[{"taxonomy":"product_cat","embeddable":true,"href":"https:\/\/dev6.erresse-shop.it\/fr\/wp-json\/wp\/v2\/product_cat?post=1609257"},{"taxonomy":"product_tag","embeddable":true,"href":"https:\/\/dev6.erresse-shop.it\/fr\/wp-json\/wp\/v2\/product_tag?post=1609257"}],"curies":[{"name":"wp","href":"https:\/\/api.w.org\/{rel}","templated":true}]}}