{"id":1609229,"date":"2026-04-04T12:34:53","date_gmt":"2026-04-04T10:34:53","guid":{"rendered":"https:\/\/dev6.erresse-shop.it\/shop\/non%20class\u00e9\/stockli-set-pizzagrill-four4\/"},"modified":"2025-09-14T06:20:22","modified_gmt":"2025-09-14T04:20:22","slug":"stockli-set-pizzagrill-four4","status":"publish","type":"product","link":"https:\/\/dev6.erresse-shop.it\/fr\/shop\/petits-electromenagers\/grilles-et-barbecues\/stockli-set-pizzagrill-four4\/","title":{"rendered":"STOCKLI Set PizzaGrill four4"},"content":{"rendered":"<p>Appareil multifonctionnel pour pizza, grill, raclette et bien plus encore. Unit\u00e9 de base et terminal connect\u00e9s ensemble pour jusqu\u2019\u00e0 huit personnes. Avec chaleur de fond commutable, chaleur de vo\u00fbte r\u00e9glable en continu, plaque de gril de haute qualit\u00e9, rev\u00eatement antiadh\u00e9sif double couche, scell\u00e9e, avec plateau de support, huit po\u00eales et spatules, coupe-p\u00e2te, c\u00e2bles d\u2019alimentation et de connexion inclus<\/p>\n<p>Sp\u00e9cifications techniques<\/p>\n<p>Hauteur : 13 cm<br \/>\nLongueur : 33 cm<br \/>\nLargeur : 24 cm<br \/>\nMax. personnes 8<br \/>\nR\u00e9gulation de la temp\u00e9rature Chaleur sup\u00e9rieure r\u00e9glable en continu<br \/>\nTension standard et prise 230 V Schuko<br \/>\nPlaque de cuisson en aluminium moul\u00e9 sous pression avec PTFE scell\u00e9<br \/>\nPlateau repose-casserole Oui<br \/>\nPuissance 2 x 870 W<\/p>\n<p>Not for sale outside Europe<\/p>\n","protected":false},"excerpt":{"rendered":"<p>Appareil multifonctionnel pour pizza, grill, raclette et bien plus encore. Unit\u00e9 de base et terminal connect\u00e9s ensemble pour jusqu\u2019\u00e0 huit personnes. Avec chaleur de fond commutable, chaleur de vo\u00fbte r\u00e9glable en continu, plaque de gril de haute qualit\u00e9, rev\u00eatement antiadh\u00e9sif double couche, scell\u00e9e, avec plateau de support, huit po\u00eales et spatules, coupe-p\u00e2te, c\u00e2bles d\u2019alimentation et [&hellip;]<\/p>\n","protected":false},"featured_media":6290330,"template":"","meta":{"_acf_changed":false},"product_cat":[12087,12055],"product_tag":[],"class_list":{"0":"post-1609229","1":"product","2":"type-product","3":"status-publish","4":"has-post-thumbnail","6":"product_cat-grilles-et-barbecues","7":"product_cat-petits-electromenagers","9":"first","10":"instock","11":"sale","12":"taxable","13":"shipping-taxable","14":"purchasable","15":"product-type-simple","swatches":"rey-swatches","show_selected":"","stretch_labels":"rey-swatches--stretch-labels"},"acf":[],"yoast_head":"<!-- This site is optimized with the Yoast SEO plugin v25.4 - https:\/\/yoast.com\/wordpress\/plugins\/seo\/ -->\n<title>STOCKLI Set PizzaGrill four4 - dev6 Erresse<\/title>\n<meta name=\"description\" content=\"Appareil multifonctionnel pour pizza, grill, raclette et bien plus encore. Unit\u00e9 de base et terminal connect\u00e9s ensemble pour jusqu\u2019\u00e0 huit personnes. Avec\" \/>\n<meta name=\"robots\" content=\"noindex, follow, max-snippet:-1, max-image-preview:large, max-video-preview:-1\" \/>\n<meta property=\"og:locale\" content=\"fr_FR\" \/>\n<meta property=\"og:type\" content=\"article\" \/>\n<meta property=\"og:title\" content=\"STOCKLI Set PizzaGrill four4 - dev6 Erresse\" \/>\n<meta property=\"og:description\" content=\"Appareil multifonctionnel pour pizza, grill, raclette et bien plus encore. Unit\u00e9 de base et terminal connect\u00e9s ensemble pour jusqu\u2019\u00e0 huit personnes. Avec\" \/>\n<meta property=\"og:url\" content=\"https:\/\/dev6.erresse-shop.it\/fr\/shop\/petits-electromenagers\/grilles-et-barbecues\/stockli-set-pizzagrill-four4\/\" \/>\n<meta property=\"og:site_name\" content=\"dev6 Erresse\" \/>\n<meta property=\"og:image\" content=\"https:\/\/interpim.erresse-shop.it\/Import\/Prodotti\/stockli-set-pizzagrill-four4.jpg\" \/><meta property=\"og:image\" content=\"https:\/\/interpim.erresse-shop.it\/Import\/Prodotti\/stockli-set-pizzagrill-four4.jpg\" \/>\n\t<meta property=\"og:image:width\" content=\"1024\" \/>\n\t<meta property=\"og:image:height\" content=\"1024\" \/>\n\t<meta property=\"og:image:type\" content=\"image\/jpeg\" \/>\n<meta name=\"twitter:card\" content=\"summary_large_image\" \/>\n<meta name=\"twitter:image\" content=\"https:\/\/interpim.erresse-shop.it\/Import\/Prodotti\/stockli-set-pizzagrill-four4.jpg\" \/>\n<script type=\"application\/ld+json\" class=\"yoast-schema-graph\">{\"@context\":\"https:\/\/schema.org\",\"@graph\":[{\"@type\":\"WebPage\",\"@id\":\"https:\/\/dev6.erresse-shop.it\/fr\/shop\/petits-electromenagers\/grilles-et-barbecues\/stockli-set-pizzagrill-four4\/\",\"url\":\"https:\/\/dev6.erresse-shop.it\/fr\/shop\/petits-electromenagers\/grilles-et-barbecues\/stockli-set-pizzagrill-four4\/\",\"name\":\"STOCKLI Set PizzaGrill four4 - dev6 Erresse\",\"isPartOf\":{\"@id\":\"https:\/\/dev6.erresse-shop.it\/#website\"},\"primaryImageOfPage\":{\"@id\":\"https:\/\/dev6.erresse-shop.it\/fr\/shop\/petits-electromenagers\/grilles-et-barbecues\/stockli-set-pizzagrill-four4\/#primaryimage\"},\"image\":{\"@id\":\"https:\/\/dev6.erresse-shop.it\/fr\/shop\/petits-electromenagers\/grilles-et-barbecues\/stockli-set-pizzagrill-four4\/#primaryimage\"},\"thumbnailUrl\":\"https:\/\/i2.wp.com\/interpim.erresse-shop.it\/Import\/Prodotti\/stockli-set-pizzagrill-four4.jpg?ssl=1\",\"datePublished\":\"2026-04-04T10:34:53+00:00\",\"description\":\"Appareil multifonctionnel pour pizza, grill, raclette et bien plus encore. Unit\u00e9 de base et terminal connect\u00e9s ensemble pour jusqu\u2019\u00e0 huit personnes. Avec\",\"breadcrumb\":{\"@id\":\"https:\/\/dev6.erresse-shop.it\/fr\/shop\/petits-electromenagers\/grilles-et-barbecues\/stockli-set-pizzagrill-four4\/#breadcrumb\"},\"inLanguage\":\"fr-FR\",\"potentialAction\":[{\"@type\":\"ReadAction\",\"target\":[\"https:\/\/dev6.erresse-shop.it\/fr\/shop\/petits-electromenagers\/grilles-et-barbecues\/stockli-set-pizzagrill-four4\/\"]}]},{\"@type\":\"ImageObject\",\"inLanguage\":\"fr-FR\",\"@id\":\"https:\/\/dev6.erresse-shop.it\/fr\/shop\/petits-electromenagers\/grilles-et-barbecues\/stockli-set-pizzagrill-four4\/#primaryimage\",\"url\":\"https:\/\/i2.wp.com\/interpim.erresse-shop.it\/Import\/Prodotti\/stockli-set-pizzagrill-four4.jpg?ssl=1\",\"contentUrl\":\"https:\/\/i2.wp.com\/interpim.erresse-shop.it\/Import\/Prodotti\/stockli-set-pizzagrill-four4.jpg?ssl=1\"},{\"@type\":\"BreadcrumbList\",\"@id\":\"https:\/\/dev6.erresse-shop.it\/fr\/shop\/petits-electromenagers\/grilles-et-barbecues\/stockli-set-pizzagrill-four4\/#breadcrumb\",\"itemListElement\":[{\"@type\":\"ListItem\",\"position\":1,\"name\":\"Home\",\"item\":\"https:\/\/dev6.erresse-shop.it\/\"},{\"@type\":\"ListItem\",\"position\":2,\"name\":\"Boutique\",\"item\":\"https:\/\/dev6.erresse-shop.it\/shop\/\"},{\"@type\":\"ListItem\",\"position\":3,\"name\":\"STOCKLI Set PizzaGrill four4\"}]},{\"@type\":\"WebSite\",\"@id\":\"https:\/\/dev6.erresse-shop.it\/#website\",\"url\":\"https:\/\/dev6.erresse-shop.it\/\",\"name\":\"Erresse Shop\",\"description\":\"\",\"publisher\":{\"@id\":\"https:\/\/dev6.erresse-shop.it\/#organization\"},\"potentialAction\":[{\"@type\":\"SearchAction\",\"target\":{\"@type\":\"EntryPoint\",\"urlTemplate\":\"https:\/\/dev6.erresse-shop.it\/?s={search_term_string}\"},\"query-input\":{\"@type\":\"PropertyValueSpecification\",\"valueRequired\":true,\"valueName\":\"search_term_string\"}}],\"inLanguage\":\"fr-FR\"},{\"@type\":\"Organization\",\"@id\":\"https:\/\/dev6.erresse-shop.it\/#organization\",\"name\":\"Erresse Shop\",\"url\":\"https:\/\/dev6.erresse-shop.it\/\",\"logo\":{\"@type\":\"ImageObject\",\"inLanguage\":\"fr-FR\",\"@id\":\"https:\/\/dev6.erresse-shop.it\/#\/schema\/logo\/image\/\",\"url\":\"https:\/\/dev6.erresse-shop.it\/wp-content\/uploads\/2025\/01\/LOGO-ERRESSE-CLASSICO.svg\",\"contentUrl\":\"https:\/\/dev6.erresse-shop.it\/wp-content\/uploads\/2025\/01\/LOGO-ERRESSE-CLASSICO.svg\",\"caption\":\"Erresse Shop\"},\"image\":{\"@id\":\"https:\/\/dev6.erresse-shop.it\/#\/schema\/logo\/image\/\"}}]}<\/script>\n<!-- \/ Yoast SEO plugin. -->","yoast_head_json":{"title":"STOCKLI Set PizzaGrill four4 - dev6 Erresse","description":"Appareil multifonctionnel pour pizza, grill, raclette et bien plus encore. Unit\u00e9 de base et terminal connect\u00e9s ensemble pour jusqu\u2019\u00e0 huit personnes. Avec","robots":{"index":"noindex","follow":"follow","max-snippet":"max-snippet:-1","max-image-preview":"max-image-preview:large","max-video-preview":"max-video-preview:-1"},"og_locale":"fr_FR","og_type":"article","og_title":"STOCKLI Set PizzaGrill four4 - dev6 Erresse","og_description":"Appareil multifonctionnel pour pizza, grill, raclette et bien plus encore. Unit\u00e9 de base et terminal connect\u00e9s ensemble pour jusqu\u2019\u00e0 huit personnes. Avec","og_url":"https:\/\/dev6.erresse-shop.it\/fr\/shop\/petits-electromenagers\/grilles-et-barbecues\/stockli-set-pizzagrill-four4\/","og_site_name":"dev6 Erresse","og_image":[{"url":"https:\/\/interpim.erresse-shop.it\/Import\/Prodotti\/stockli-set-pizzagrill-four4.jpg","type":"","width":"","height":""},{"url":"https:\/\/interpim.erresse-shop.it\/Import\/Prodotti\/stockli-set-pizzagrill-four4.jpg","width":1024,"height":1024,"type":"image\/jpeg"}],"twitter_card":"summary_large_image","twitter_image":"https:\/\/interpim.erresse-shop.it\/Import\/Prodotti\/stockli-set-pizzagrill-four4.jpg","schema":{"@context":"https:\/\/schema.org","@graph":[{"@type":"WebPage","@id":"https:\/\/dev6.erresse-shop.it\/fr\/shop\/petits-electromenagers\/grilles-et-barbecues\/stockli-set-pizzagrill-four4\/","url":"https:\/\/dev6.erresse-shop.it\/fr\/shop\/petits-electromenagers\/grilles-et-barbecues\/stockli-set-pizzagrill-four4\/","name":"STOCKLI Set PizzaGrill four4 - dev6 Erresse","isPartOf":{"@id":"https:\/\/dev6.erresse-shop.it\/#website"},"primaryImageOfPage":{"@id":"https:\/\/dev6.erresse-shop.it\/fr\/shop\/petits-electromenagers\/grilles-et-barbecues\/stockli-set-pizzagrill-four4\/#primaryimage"},"image":{"@id":"https:\/\/dev6.erresse-shop.it\/fr\/shop\/petits-electromenagers\/grilles-et-barbecues\/stockli-set-pizzagrill-four4\/#primaryimage"},"thumbnailUrl":"https:\/\/i2.wp.com\/interpim.erresse-shop.it\/Import\/Prodotti\/stockli-set-pizzagrill-four4.jpg?ssl=1","datePublished":"2026-04-04T10:34:53+00:00","description":"Appareil multifonctionnel pour pizza, grill, raclette et bien plus encore. Unit\u00e9 de base et terminal connect\u00e9s ensemble pour jusqu\u2019\u00e0 huit personnes. Avec","breadcrumb":{"@id":"https:\/\/dev6.erresse-shop.it\/fr\/shop\/petits-electromenagers\/grilles-et-barbecues\/stockli-set-pizzagrill-four4\/#breadcrumb"},"inLanguage":"fr-FR","potentialAction":[{"@type":"ReadAction","target":["https:\/\/dev6.erresse-shop.it\/fr\/shop\/petits-electromenagers\/grilles-et-barbecues\/stockli-set-pizzagrill-four4\/"]}]},{"@type":"ImageObject","inLanguage":"fr-FR","@id":"https:\/\/dev6.erresse-shop.it\/fr\/shop\/petits-electromenagers\/grilles-et-barbecues\/stockli-set-pizzagrill-four4\/#primaryimage","url":"https:\/\/i2.wp.com\/interpim.erresse-shop.it\/Import\/Prodotti\/stockli-set-pizzagrill-four4.jpg?ssl=1","contentUrl":"https:\/\/i2.wp.com\/interpim.erresse-shop.it\/Import\/Prodotti\/stockli-set-pizzagrill-four4.jpg?ssl=1"},{"@type":"BreadcrumbList","@id":"https:\/\/dev6.erresse-shop.it\/fr\/shop\/petits-electromenagers\/grilles-et-barbecues\/stockli-set-pizzagrill-four4\/#breadcrumb","itemListElement":[{"@type":"ListItem","position":1,"name":"Home","item":"https:\/\/dev6.erresse-shop.it\/"},{"@type":"ListItem","position":2,"name":"Boutique","item":"https:\/\/dev6.erresse-shop.it\/shop\/"},{"@type":"ListItem","position":3,"name":"STOCKLI Set PizzaGrill four4"}]},{"@type":"WebSite","@id":"https:\/\/dev6.erresse-shop.it\/#website","url":"https:\/\/dev6.erresse-shop.it\/","name":"Erresse Shop","description":"","publisher":{"@id":"https:\/\/dev6.erresse-shop.it\/#organization"},"potentialAction":[{"@type":"SearchAction","target":{"@type":"EntryPoint","urlTemplate":"https:\/\/dev6.erresse-shop.it\/?s={search_term_string}"},"query-input":{"@type":"PropertyValueSpecification","valueRequired":true,"valueName":"search_term_string"}}],"inLanguage":"fr-FR"},{"@type":"Organization","@id":"https:\/\/dev6.erresse-shop.it\/#organization","name":"Erresse Shop","url":"https:\/\/dev6.erresse-shop.it\/","logo":{"@type":"ImageObject","inLanguage":"fr-FR","@id":"https:\/\/dev6.erresse-shop.it\/#\/schema\/logo\/image\/","url":"https:\/\/dev6.erresse-shop.it\/wp-content\/uploads\/2025\/01\/LOGO-ERRESSE-CLASSICO.svg","contentUrl":"https:\/\/dev6.erresse-shop.it\/wp-content\/uploads\/2025\/01\/LOGO-ERRESSE-CLASSICO.svg","caption":"Erresse Shop"},"image":{"@id":"https:\/\/dev6.erresse-shop.it\/#\/schema\/logo\/image\/"}}]}},"df_price":269,"df_sale_price":269,"df_regular_price":349,"df_image_link":"https:\/\/i2.wp.com\/interpim.erresse-shop.it\/Import\/Prodotti\/stockli-set-pizzagrill-four4.jpg?resize=300,300&ssl=1","fifu_image_url":"https:\/\/interpim.erresse-shop.it\/Import\/Prodotti\/stockli-set-pizzagrill-four4.jpg","_links":{"self":[{"href":"https:\/\/dev6.erresse-shop.it\/fr\/wp-json\/wp\/v2\/product\/1609229","targetHints":{"allow":["GET"]}}],"collection":[{"href":"https:\/\/dev6.erresse-shop.it\/fr\/wp-json\/wp\/v2\/product"}],"about":[{"href":"https:\/\/dev6.erresse-shop.it\/fr\/wp-json\/wp\/v2\/types\/product"}],"wp:featuredmedia":[{"embeddable":true,"href":"https:\/\/dev6.erresse-shop.it\/fr\/wp-json\/wp\/v2\/media\/6290330"}],"wp:attachment":[{"href":"https:\/\/dev6.erresse-shop.it\/fr\/wp-json\/wp\/v2\/media?parent=1609229"}],"wp:term":[{"taxonomy":"product_cat","embeddable":true,"href":"https:\/\/dev6.erresse-shop.it\/fr\/wp-json\/wp\/v2\/product_cat?post=1609229"},{"taxonomy":"product_tag","embeddable":true,"href":"https:\/\/dev6.erresse-shop.it\/fr\/wp-json\/wp\/v2\/product_tag?post=1609229"}],"curies":[{"name":"wp","href":"https:\/\/api.w.org\/{rel}","templated":true}]}}